

{"id":96566,"date":"2024-04-16T15:29:49","date_gmt":"2024-04-16T18:29:49","guid":{"rendered":"https:\/\/goias.gov.br\/educacao\/?page_id=96566"},"modified":"2026-01-30T10:35:41","modified_gmt":"2026-01-30T13:35:41","slug":"decretos-para-avaliacao-do-estagio-probatorio","status":"publish","type":"page","link":"https:\/\/goias.gov.br\/educacao\/decretos-para-avaliacao-do-estagio-probatorio\/","title":{"rendered":"Decretos para Avalia\u00e7\u00e3o do Estagio Probat\u00f3rio"},"content":{"rendered":"\t\t<div data-elementor-type=\"wp-page\" data-elementor-id=\"96566\" class=\"elementor elementor-96566\">\n\t\t\t\t<div class=\"elementor-element elementor-element-5dfc03d e-flex e-con-boxed e-con e-parent\" data-id=\"5dfc03d\" data-element_type=\"container\" data-e-type=\"container\">\n\t\t\t\t\t<div class=\"e-con-inner\">\n\t\t\t\t<div class=\"elementor-element elementor-element-c0c426a elementor-widget elementor-widget-image\" data-id=\"c0c426a\" data-element_type=\"widget\" data-e-type=\"widget\" data-widget_type=\"image.default\">\n\t\t\t\t\t\t\t\t\t\t\t\t\t\t\t<img decoding=\"async\" src=\"https:\/\/goias.gov.br\/educacao\/wp-content\/uploads\/sites\/40\/2024\/04\/banner-pag.-decreto.png\" title=\"\" alt=\"\" loading=\"lazy\" \/>\t\t\t\t\t\t\t\t\t\t\t\t\t\t\t<\/div>\n\t\t\t\t<div class=\"elementor-element elementor-element-fd327ed elementor-widget elementor-widget-text-editor\" data-id=\"fd327ed\" data-element_type=\"widget\" data-e-type=\"widget\" data-widget_type=\"text-editor.default\">\n\t\t\t\t\t\t\t\t\t<h2>Decretos<\/h2>\n<p><a href=\"https:\/\/goias.gov.br\/educacao\/wp-content\/uploads\/sites\/40\/2024\/EstagioProbatorio\/Decretos\/DECRETON9.563AlteraDecreton9396ff3.pdf\">DECRETO N\u00ba 9.563 &#8211; Altera Decreto n\u00ba 9396<\/a><\/p>\n<p><a href=\"https:\/\/goias.gov.br\/educacao\/wp-content\/uploads\/sites\/40\/2024\/EstagioProbatorio\/Decretos\/DECRETON9.396.pdf\">DECRETO N\u00ba 9.396<\/a><\/p>\t\t\t\t\t\t\t\t<\/div>\n\t\t\t\t\t<\/div>\n\t\t\t\t<\/div>\n\t\t\t\t<\/div>\n\t\t","protected":false},"excerpt":{"rendered":"<p>Decretos DECRETO N\u00ba 9.563 &#8211; Altera Decreto n\u00ba 9396 DECRETO N\u00ba 9.396<\/p>\n","protected":false},"author":1,"featured_media":0,"parent":0,"menu_order":0,"comment_status":"closed","ping_status":"closed","template":"","meta":{"footnotes":""},"class_list":["post-96566","page","type-page","status-publish","hentry"],"rttpg_featured_image_url":null,"rttpg_author":{"display_name":"wagner.viana","author_link":"https:\/\/goias.gov.br\/educacao\/author\/wagner-viana\/"},"rttpg_comment":0,"rttpg_category":null,"rttpg_excerpt":"Decretos DECRETO N\u00ba 9.563 &#8211; Altera Decreto n\u00ba 9396 DECRETO N\u00ba 9.396","_links":{"self":[{"href":"https:\/\/goias.gov.br\/educacao\/wp-json\/wp\/v2\/pages\/96566","targetHints":{"allow":["GET"]}}],"collection":[{"href":"https:\/\/goias.gov.br\/educacao\/wp-json\/wp\/v2\/pages"}],"about":[{"href":"https:\/\/goias.gov.br\/educacao\/wp-json\/wp\/v2\/types\/page"}],"author":[{"embeddable":true,"href":"https:\/\/goias.gov.br\/educacao\/wp-json\/wp\/v2\/users\/1"}],"replies":[{"embeddable":true,"href":"https:\/\/goias.gov.br\/educacao\/wp-json\/wp\/v2\/comments?post=96566"}],"version-history":[{"count":2,"href":"https:\/\/goias.gov.br\/educacao\/wp-json\/wp\/v2\/pages\/96566\/revisions"}],"predecessor-version":[{"id":677021,"href":"https:\/\/goias.gov.br\/educacao\/wp-json\/wp\/v2\/pages\/96566\/revisions\/677021"}],"wp:attachment":[{"href":"https:\/\/goias.gov.br\/educacao\/wp-json\/wp\/v2\/media?parent=96566"}],"curies":[{"name":"wp","href":"https:\/\/api.w.org\/{rel}","templated":true}]}}