

{"id":96078,"date":"2024-03-25T10:32:08","date_gmt":"2024-03-25T13:32:08","guid":{"rendered":"https:\/\/siteshom.goias.gov.br\/educacao\/?page_id=96078"},"modified":"2026-01-29T11:38:35","modified_gmt":"2026-01-29T14:38:35","slug":"maratona-revisa-material-de-novembro","status":"publish","type":"page","link":"https:\/\/goias.gov.br\/educacao\/maratona-revisa-material-de-novembro\/","title":{"rendered":"Maratona Revisa Material de Novembro"},"content":{"rendered":"\t\t<div data-elementor-type=\"wp-page\" data-elementor-id=\"96078\" class=\"elementor elementor-96078\">\n\t\t\t\t<div class=\"elementor-element elementor-element-640940c e-flex e-con-boxed e-con e-parent\" data-id=\"640940c\" data-element_type=\"container\" data-e-type=\"container\">\n\t\t\t\t\t<div class=\"e-con-inner\">\n\t\t\t\t<div class=\"elementor-element elementor-element-67df6cc elementor-widget elementor-widget-text-editor\" data-id=\"67df6cc\" data-element_type=\"widget\" data-e-type=\"widget\" data-widget_type=\"text-editor.default\">\n\t\t\t\t\t\t\t\t\t<section id=\"section-id-1698863950890\" class=\"sppb-section \"><div class=\"sppb-row-container\"><div class=\"sppb-row\"><div class=\"sppb-col-md-12\"><div id=\"column-id-1698863950889\" class=\"sppb-column\"><div class=\"sppb-column-addons\"><div id=\"sppb-addon-1698863950893\" class=\"clearfix\"><div class=\"sppb-addon sppb-addon-text-block 0 \"><div class=\"sppb-addon-content\"><h1>Material de Novembro<\/h1><\/div><\/div><\/div><\/div><\/div><\/div><\/div><\/div><\/section><section id=\"section-id-1698863950876\" class=\"sppb-section \"><div class=\"sppb-row-container\"><div class=\"sppb-row\"><div class=\"sppb-col-md-12\"><div id=\"column-id-1698863950875\" class=\"sppb-column\"><div class=\"sppb-column-addons\"><div id=\"sppb-addon-1698863950879\" class=\"clearfix\"><div class=\"sppb-addon sppb-addon-text-block 0 \"><h3 class=\"sppb-addon-title\">3\u00aa s\u00e9rie &#8211; L\u00edngua Portuguesa<\/h3><div class=\"sppb-addon-content\"><strong><a href=\"https:\/\/goias.gov.br\/educacao\/wp-content\/uploads\/sites\/40\/files\/MaterialDidatico\/MaratonaRevisa\/Novembro\/3serie\/Portugues\/MARATONAREVISA3SERIELPNOVEMBRO.pptx\" target=\"_blank\" rel=\"noopener noreferrer\">Maratona Revisa, 3\u00aa s\u00e9rie, L\u00edngua Portuguesa (Apresenta\u00e7\u00e3o PPTx)<\/a><\/strong><\/div><div>\u00a0<\/div><\/div><\/div><\/div><\/div><\/div><\/div><\/div><\/section><section id=\"section-id-1698863950881\" class=\"sppb-section \"><div class=\"sppb-row-container\"><div class=\"sppb-row\"><div class=\"sppb-col-md-12\"><div id=\"column-id-1698863950880\" class=\"sppb-column\"><div class=\"sppb-column-addons\"><div id=\"sppb-addon-1698863950884\" class=\"clearfix\"><div class=\"sppb-addon sppb-addon-text-block 0 \"><h4 class=\"sppb-addon-title\">3\u00aa s\u00e9rie &#8211; Matem\u00e1tica<\/h4><div class=\"sppb-addon-content\"><strong><a href=\"https:\/\/goias.gov.br\/educacao\/wp-content\/uploads\/sites\/40\/files\/MaterialDidatico\/MaratonaRevisa\/Novembro\/3serie\/Matematica\/MARATONAREVISA3SERIEMATNOVEMBRO.pptx\" target=\"_blank\" rel=\"noopener noreferrer\">Maratona Revisa, 3\u00aa s\u00e9rie, Matem\u00e1tica (Apresenta\u00e7\u00e3o PPTx)<\/a><\/strong><\/div><div>\u00a0<\/div><\/div><\/div><\/div><\/div><\/div><\/div><\/div><\/section><section id=\"section-id-1698863950895\" class=\"sppb-section \"><div class=\"sppb-row-container\"><div class=\"sppb-row\"><div class=\"sppb-col-md-12\"><div id=\"column-id-1698863950894\" class=\"sppb-column\"><div class=\"sppb-column-addons\"><div id=\"sppb-addon-1698863950898\" class=\"clearfix\"><div class=\"sppb-addon sppb-addon-text-block 0 \"><h4 class=\"sppb-addon-title\">3\u00aa S\u00e9rie &#8211; L\u00edgua Portuguesa e Matem\u00e1tica<\/h4><div class=\"sppb-addon-content\"><p><strong><a href=\"https:\/\/goias.gov.br\/educacao\/wp-content\/uploads\/sites\/40\/files\/MaterialDidatico\/MaratonaRevisa\/Novembro\/3serie\/PortuguesMatematica\/MARATONAREVISA3SERIENOVEMBROESTUDANTE.pdf\" target=\"_blank\" rel=\"noopener noreferrer\">L\u00edgua Portuguesa e Matem\u00e1tica, 3\u00aa s\u00e9rie &#8211; Caderno do Estudante<\/a><\/strong><\/p><p><strong><a href=\"https:\/\/goias.gov.br\/educacao\/wp-content\/uploads\/sites\/40\/files\/MaterialDidatico\/MaratonaRevisa\/Novembro\/3serie\/PortuguesMatematica\/MARATONAREVISA3SERIENOVEMBROPROFESSOR.pdf\" target=\"_blank\" rel=\"noopener noreferrer\">L\u00edgua Portuguesa e Matem\u00e1tica, 3\u00aa s\u00e9rie &#8211; Caderno do Professor<\/a><\/strong><\/p><\/div><\/div><\/div><\/div><\/div><\/div><\/div><\/div><\/section>\t\t\t\t\t\t\t\t<\/div>\n\t\t\t\t\t<\/div>\n\t\t\t\t<\/div>\n\t\t\t\t<\/div>\n\t\t","protected":false},"excerpt":{"rendered":"<p>Material de Novembro 3\u00aa s\u00e9rie &#8211; L\u00edngua Portuguesa Maratona Revisa, 3\u00aa s\u00e9rie, L\u00edngua Portuguesa (Apresenta\u00e7\u00e3o PPTx)\u00a0 3\u00aa s\u00e9rie &#8211; Matem\u00e1tica Maratona Revisa, 3\u00aa s\u00e9rie, Matem\u00e1tica (Apresenta\u00e7\u00e3o PPTx)\u00a0 3\u00aa S\u00e9rie &#8211; L\u00edgua Portuguesa e Matem\u00e1tica L\u00edgua Portuguesa e Matem\u00e1tica, 3\u00aa s\u00e9rie &#8211; Caderno do Estudante L\u00edgua Portuguesa e Matem\u00e1tica, 3\u00aa s\u00e9rie &#8211; Caderno do Professor<\/p>\n","protected":false},"author":222,"featured_media":0,"parent":0,"menu_order":0,"comment_status":"closed","ping_status":"closed","template":"wppb_theme_template","meta":{"footnotes":""},"class_list":["post-96078","page","type-page","status-publish","hentry"],"rttpg_featured_image_url":null,"rttpg_author":{"display_name":"diegomsilva","author_link":"https:\/\/goias.gov.br\/educacao\/author\/diegomsilva\/"},"rttpg_comment":0,"rttpg_category":null,"rttpg_excerpt":"Material de Novembro 3\u00aa s\u00e9rie &#8211; L\u00edngua Portuguesa Maratona Revisa, 3\u00aa s\u00e9rie, L\u00edngua Portuguesa (Apresenta\u00e7\u00e3o PPTx)\u00a0 3\u00aa s\u00e9rie &#8211; Matem\u00e1tica Maratona Revisa, 3\u00aa s\u00e9rie, Matem\u00e1tica (Apresenta\u00e7\u00e3o PPTx)\u00a0 3\u00aa S\u00e9rie &#8211; L\u00edgua Portuguesa e Matem\u00e1tica L\u00edgua Portuguesa e Matem\u00e1tica, 3\u00aa s\u00e9rie &#8211; Caderno do Estudante L\u00edgua Portuguesa e Matem\u00e1tica, 3\u00aa s\u00e9rie &#8211; Caderno do Professor","_links":{"self":[{"href":"https:\/\/goias.gov.br\/educacao\/wp-json\/wp\/v2\/pages\/96078","targetHints":{"allow":["GET"]}}],"collection":[{"href":"https:\/\/goias.gov.br\/educacao\/wp-json\/wp\/v2\/pages"}],"about":[{"href":"https:\/\/goias.gov.br\/educacao\/wp-json\/wp\/v2\/types\/page"}],"author":[{"embeddable":true,"href":"https:\/\/goias.gov.br\/educacao\/wp-json\/wp\/v2\/users\/222"}],"replies":[{"embeddable":true,"href":"https:\/\/goias.gov.br\/educacao\/wp-json\/wp\/v2\/comments?post=96078"}],"version-history":[{"count":3,"href":"https:\/\/goias.gov.br\/educacao\/wp-json\/wp\/v2\/pages\/96078\/revisions"}],"predecessor-version":[{"id":672165,"href":"https:\/\/goias.gov.br\/educacao\/wp-json\/wp\/v2\/pages\/96078\/revisions\/672165"}],"wp:attachment":[{"href":"https:\/\/goias.gov.br\/educacao\/wp-json\/wp\/v2\/media?parent=96078"}],"curies":[{"name":"wp","href":"https:\/\/api.w.org\/{rel}","templated":true}]}}