

{"id":96014,"date":"2024-03-22T10:01:57","date_gmt":"2024-03-22T13:01:57","guid":{"rendered":"https:\/\/siteshom.goias.gov.br\/educacao\/?page_id=96014"},"modified":"2026-01-29T09:44:26","modified_gmt":"2026-01-29T12:44:26","slug":"pra-goias-projeto-de-recuperacao-da-aprendizagem","status":"publish","type":"page","link":"https:\/\/goias.gov.br\/educacao\/pra-goias-projeto-de-recuperacao-da-aprendizagem\/","title":{"rendered":"PRA Goi\u00e1s \u2013 Projeto de Recupera\u00e7\u00e3o da Aprendizagem"},"content":{"rendered":"\t\t<div data-elementor-type=\"wp-page\" data-elementor-id=\"96014\" class=\"elementor elementor-96014\">\n\t\t\t\t<div class=\"elementor-element elementor-element-1bc6dbd e-flex e-con-boxed e-con e-parent\" data-id=\"1bc6dbd\" data-element_type=\"container\" data-e-type=\"container\">\n\t\t\t\t\t<div class=\"e-con-inner\">\n\t\t\t\t<div class=\"elementor-element elementor-element-4fce559 elementor-widget elementor-widget-image\" data-id=\"4fce559\" data-element_type=\"widget\" data-e-type=\"widget\" data-widget_type=\"image.default\">\n\t\t\t\t\t\t\t\t\t\t\t\t\t\t\t<img decoding=\"async\" src=\"https:\/\/goias.gov.br\/educacao\/wp-content\/uploads\/sites\/40\/2024\/03\/programa-reformar-7.png\" title=\"\" alt=\"\" loading=\"lazy\" \/>\t\t\t\t\t\t\t\t\t\t\t\t\t\t\t<\/div>\n\t\t\t\t<div class=\"elementor-element elementor-element-9ad3f39 elementor-widget elementor-widget-text-editor\" data-id=\"9ad3f39\" data-element_type=\"widget\" data-e-type=\"widget\" data-widget_type=\"text-editor.default\">\n\t\t\t\t\t\t\t\t\t<div>\u00a0<\/div><div><p>O\u00a0<strong>PRA Goi\u00e1s \u2013 Projeto de Recupera\u00e7\u00e3o da Aprendizagem<\/strong>\u00a0\u00e9 um material did\u00e1tico elaborado a partir de habilidades essenciais previstas at\u00e9 o final dos anos iniciais. Em 2022, foi elaborado o PRA Goi\u00e1s de L\u00edngua Portuguesa e, para este ano, encaminhamos o material de Matem\u00e1tica.<\/p><\/div><div><p>De acordo com dados da plataforma de avalia\u00e7\u00e3o do MEC, no ano de 2022, 36% dos estudantes de 6\u00ba ano da rede estadual, foram situados nos n\u00edveis baixo e muito baixo, em rela\u00e7\u00e3o ao desenvolvimento de habilidades matem\u00e1ticas previstas nos anos iniciais. Diante desse cen\u00e1rio, percebeu-se a necessidade de implementar na rede o PRA Goi\u00e1s, uma ferramenta que possibilita ao professor identificar e mitigar poss\u00edveis lacunas relacionadas ao desenvolvimento de tais habilidades, garantindo assim, a consolida\u00e7\u00e3o de conhecimentos matem\u00e1ticos basilares por parte dos estudantes e a equidade da aprendizagem matem\u00e1tica nos anos finais.<\/p><\/div><div><p>Desta forma, o material did\u00e1tico PRA Goi\u00e1s \u00e9 direcionado aos estudantes do 6\u00b0 ano que ainda n\u00e3o desenvolveram ou que desenvolveram parcialmente habilidades previstas nos anos iniciais que s\u00e3o essenciais para a garantia da efic\u00e1cia na aprendizagem matem\u00e1tica nos anos finais.<\/p><\/div><div><p>Nessa dire\u00e7\u00e3o, o material \u00e9 composto por dez unidades, correlacionadas, que orientam a formula\u00e7\u00e3o das habilidades a serem desenvolvidas. Cada uma dessas unidades pode receber \u00eanfase diferente, a depender dos n\u00edveis de aprendizagem de cada estudante ou turma. Elas podem ser organizadas para um trabalho semanal, em momentos dentro do pr\u00f3prio turno ou no contraturno, utilizando monitoria entre os estudantes.<\/p><\/div><div>A utiliza\u00e7\u00e3o de materiais manipul\u00e1veis, sugerida em diversas atividades, \u00e9 fundamental para a aprendizagem de conceitos, procedimentos e ferramentas, pois permite a materializa\u00e7\u00e3o de conhecimentos matem\u00e1ticos abstratos, al\u00e9m de estimular a investiga\u00e7\u00e3o e o desenvolvimento do racioc\u00ednio l\u00f3gico e cr\u00edtico.<\/div>\t\t\t\t\t\t\t\t<\/div>\n\t\t\t\t\t<\/div>\n\t\t\t\t<\/div>\n\t\t<div class=\"elementor-element elementor-element-3e1474f e-flex e-con-boxed e-con e-parent\" data-id=\"3e1474f\" data-element_type=\"container\" data-e-type=\"container\">\n\t\t\t\t\t<div class=\"e-con-inner\">\n\t\t<div class=\"elementor-element elementor-element-4cbc955 e-con-full e-flex e-con e-child\" data-id=\"4cbc955\" data-element_type=\"container\" data-e-type=\"container\">\n\t\t\t\t<div class=\"elementor-element elementor-element-6b39c43 elementor-widget elementor-widget-image\" data-id=\"6b39c43\" data-element_type=\"widget\" data-e-type=\"widget\" data-widget_type=\"image.default\">\n\t\t\t\t\t\t\t\t\t\t\t\t\t\t\t\t<a href=\"\/educacao\/pra-goias-6o-ano-do-ensino-fundamental-caderno-do-estudante\/\" target=\"_blank\">\n\t\t\t\t\t\t\t<img decoding=\"async\" src=\"https:\/\/goias.gov.br\/educacao\/wp-content\/uploads\/sites\/40\/2024\/03\/vdeos-62.png\" title=\"\" alt=\"\" loading=\"lazy\" \/>\t\t\t\t\t\t\t\t<\/a>\n\t\t\t\t\t\t\t\t\t\t\t\t\t\t\t<\/div>\n\t\t\t\t<\/div>\n\t\t<div class=\"elementor-element elementor-element-cdd169d e-con-full e-flex e-con e-child\" data-id=\"cdd169d\" data-element_type=\"container\" data-e-type=\"container\">\n\t\t\t\t<div class=\"elementor-element elementor-element-a1224c0 elementor-widget elementor-widget-image\" data-id=\"a1224c0\" data-element_type=\"widget\" data-e-type=\"widget\" data-widget_type=\"image.default\">\n\t\t\t\t\t\t\t\t\t\t\t\t\t\t\t\t<a href=\"\/educacao\/pra-goias-6o-ano-do-ensino-fundamental-caderno-do-professor\/\" target=\"_blank\">\n\t\t\t\t\t\t\t<img decoding=\"async\" src=\"https:\/\/goias.gov.br\/educacao\/wp-content\/uploads\/sites\/40\/2024\/03\/vdeos-63.png\" title=\"\" alt=\"\" loading=\"lazy\" \/>\t\t\t\t\t\t\t\t<\/a>\n\t\t\t\t\t\t\t\t\t\t\t\t\t\t\t<\/div>\n\t\t\t\t<\/div>\n\t\t\t\t\t<\/div>\n\t\t\t\t<\/div>\n\t\t\t\t<\/div>\n\t\t","protected":false},"excerpt":{"rendered":"<p>\u00a0 O\u00a0PRA Goi\u00e1s \u2013 Projeto de Recupera\u00e7\u00e3o da Aprendizagem\u00a0\u00e9 um material did\u00e1tico elaborado a partir de habilidades essenciais previstas at\u00e9 o final dos anos iniciais. Em 2022, foi elaborado o PRA Goi\u00e1s de L\u00edngua Portuguesa e, para este ano, encaminhamos o material de Matem\u00e1tica. De acordo com dados da plataforma de avalia\u00e7\u00e3o do MEC, no [&hellip;]<\/p>\n","protected":false},"author":222,"featured_media":0,"parent":0,"menu_order":0,"comment_status":"closed","ping_status":"closed","template":"wppb_theme_template","meta":{"footnotes":""},"class_list":["post-96014","page","type-page","status-publish","hentry"],"rttpg_featured_image_url":null,"rttpg_author":{"display_name":"diegomsilva","author_link":"https:\/\/goias.gov.br\/educacao\/author\/diegomsilva\/"},"rttpg_comment":0,"rttpg_category":null,"rttpg_excerpt":"\u00a0 O\u00a0PRA Goi\u00e1s \u2013 Projeto de Recupera\u00e7\u00e3o da Aprendizagem\u00a0\u00e9 um material did\u00e1tico elaborado a partir de habilidades essenciais previstas at\u00e9 o final dos anos iniciais. Em 2022, foi elaborado o PRA Goi\u00e1s de L\u00edngua Portuguesa e, para este ano, encaminhamos o material de Matem\u00e1tica. De acordo com dados da plataforma de avalia\u00e7\u00e3o do MEC, no&hellip;","_links":{"self":[{"href":"https:\/\/goias.gov.br\/educacao\/wp-json\/wp\/v2\/pages\/96014","targetHints":{"allow":["GET"]}}],"collection":[{"href":"https:\/\/goias.gov.br\/educacao\/wp-json\/wp\/v2\/pages"}],"about":[{"href":"https:\/\/goias.gov.br\/educacao\/wp-json\/wp\/v2\/types\/page"}],"author":[{"embeddable":true,"href":"https:\/\/goias.gov.br\/educacao\/wp-json\/wp\/v2\/users\/222"}],"replies":[{"embeddable":true,"href":"https:\/\/goias.gov.br\/educacao\/wp-json\/wp\/v2\/comments?post=96014"}],"version-history":[{"count":2,"href":"https:\/\/goias.gov.br\/educacao\/wp-json\/wp\/v2\/pages\/96014\/revisions"}],"predecessor-version":[{"id":670285,"href":"https:\/\/goias.gov.br\/educacao\/wp-json\/wp\/v2\/pages\/96014\/revisions\/670285"}],"wp:attachment":[{"href":"https:\/\/goias.gov.br\/educacao\/wp-json\/wp\/v2\/media?parent=96014"}],"curies":[{"name":"wp","href":"https:\/\/api.w.org\/{rel}","templated":true}]}}