

{"id":95970,"date":"2024-03-21T15:04:10","date_gmt":"2024-03-21T18:04:10","guid":{"rendered":"https:\/\/siteshom.goias.gov.br\/educacao\/?page_id=95970"},"modified":"2026-01-29T11:30:42","modified_gmt":"2026-01-29T14:30:42","slug":"material-de-agosto","status":"publish","type":"page","link":"https:\/\/goias.gov.br\/educacao\/material-de-agosto\/","title":{"rendered":"Material de Agosto"},"content":{"rendered":"\t\t<div data-elementor-type=\"wp-page\" data-elementor-id=\"95970\" class=\"elementor elementor-95970\">\n\t\t\t\t<div class=\"elementor-element elementor-element-0bc1bf3 e-flex e-con-boxed e-con e-parent\" data-id=\"0bc1bf3\" data-element_type=\"container\" data-e-type=\"container\">\n\t\t\t\t\t<div class=\"e-con-inner\">\n\t\t\t\t<div class=\"elementor-element elementor-element-acc6496 elementor-widget elementor-widget-text-editor\" data-id=\"acc6496\" data-element_type=\"widget\" data-e-type=\"widget\" data-widget_type=\"text-editor.default\">\n\t\t\t\t\t\t\t\t\t<section id=\"section-id-1692013545287\" class=\"sppb-section \"><div class=\"sppb-row-container\"><div class=\"sppb-row\"><div class=\"sppb-col-md-12\"><div id=\"column-id-1692013545286\" class=\"sppb-column\"><div class=\"sppb-column-addons\"><div id=\"sppb-addon-1692013545290\" class=\"clearfix\"><div class=\"sppb-addon sppb-addon-text-block 0 \"><div class=\"sppb-addon-content\"><h1><strong>Material de Agosto<\/strong><\/h1><\/div><\/div><\/div><\/div><\/div><\/div><\/div><\/div><\/section><section id=\"section-id-1692013545292\" class=\"sppb-section \"><div class=\"sppb-row-container\"><div class=\"sppb-row\"><div class=\"sppb-col-md-12\"><div id=\"column-id-1692013545291\" class=\"sppb-column\"><div class=\"sppb-column-addons\"><div id=\"sppb-addon-1692013545295\" class=\"clearfix\"><div class=\"sppb-addon sppb-addon-text-block 0 \"><h3 class=\"sppb-addon-title\">5\u00ba e 6\u00ba Ano &#8211; Portugu\u00eas<\/h3><div class=\"sppb-addon-content\"><p><a href=\"https:\/\/goias.gov.br\/educacao\/wp-content\/uploads\/sites\/40\/files\/MaterialDidatico\/RevisaGoias\/Agosto\/5ano\/Portugues\/REVISAGOIAS5PORTUGUES.pdf\" target=\"_blank\" rel=\"noopener noreferrer\">L\u00edngua Portuguesa, 5\u00ba e 6\u00ba ano &#8211; Agosto de 2023<\/a><\/p><p><a href=\"https:\/\/goias.gov.br\/educacao\/wp-content\/uploads\/sites\/40\/files\/MaterialDidatico\/RevisaGoias\/Agosto\/5ano\/Portugues\/REVISAGOIAS5LPAGOSTOESTUDANTE.pdf\" target=\"_blank\" rel=\"noopener noreferrer\">L\u00edngua Portuguesa, 5\u00ba e 6\u00ba ano &#8211; Caderno do Estudante<\/a><\/p><p><a href=\"https:\/\/goias.gov.br\/educacao\/wp-content\/uploads\/sites\/40\/files\/MaterialDidatico\/RevisaGoias\/Agosto\/5ano\/Portugues\/REVISAGOIAS5LPAGOSTOPROFESSOR.pdf\" target=\"_blank\" rel=\"noopener noreferrer\">L\u00edngua Portuguesa, 5\u00ba e 6\u00ba ano &#8211; Cadernodo Professor<\/a><\/p><p><a href=\"https:\/\/goias.gov.br\/educacao\/wp-content\/uploads\/sites\/40\/files\/MaterialDidatico\/RevisaGoias\/Agosto\/5ano\/Portugues\/REVISA5PORTUGUES.pptx\" target=\"_blank\" rel=\"noopener noreferrer\">Revisa Goi\u00e1s, 5\u00ba e 6\u00ba ano, L\u00edngua Portuguesa (Apresenta\u00e7\u00e3o PPTx)<\/a><\/p><\/div><\/div><\/div><\/div><\/div><\/div><\/div><\/div><\/section><section id=\"section-id-1692013545303\" class=\"sppb-section \"><div class=\"sppb-row-container\"><div class=\"sppb-row\"><div class=\"sppb-col-md-12\"><div id=\"column-id-1692013545302\" class=\"sppb-column\"><div class=\"sppb-column-addons\"><div id=\"sppb-addon-1692013545306\" class=\"clearfix\"><div class=\"sppb-addon sppb-addon-text-block 0 \"><h3 class=\"sppb-addon-title\">5\u00ba e 6\u00ba Ano &#8211; Matem\u00e1tica<\/h3><div class=\"sppb-addon-content\"><p><a href=\"https:\/\/goias.gov.br\/educacao\/wp-content\/uploads\/sites\/40\/files\/MaterialDidatico\/RevisaGoias\/Agosto\/5ano\/Matematica\/REVISAGOIAS5MATAGOSTO.pdf\" target=\"_blank\" rel=\"noopener noreferrer\">Matem\u00e1tica, 5\u00ba e 6\u00ba ano &#8211; Agosto de 2023<\/a><\/p><p><a href=\"https:\/\/goias.gov.br\/educacao\/wp-content\/uploads\/sites\/40\/files\/MaterialDidatico\/RevisaGoias\/Agosto\/5ano\/Matematica\/REVISAGOIaS5MATAGOSTOESTUDANTE.pdf\" target=\"_blank\" rel=\"noopener noreferrer\">Matem\u00e1tica Caderno do Estudante, 5\u00ba e 6\u00ba ano &#8211; Caderno do Estudante<\/a><\/p><p><a href=\"https:\/\/goias.gov.br\/educacao\/wp-content\/uploads\/sites\/40\/files\/MaterialDidatico\/RevisaGoias\/Agosto\/5ano\/Matematica\/REVISAGOIAS5MATAGOSTOPROFESSOR.pdf\" target=\"_blank\" rel=\"noopener noreferrer\">Matem\u00e1tica Caderno do Estudante, 5\u00ba e 6\u00ba ano &#8211; Caderno do Professor<\/a><\/p><p><a href=\"https:\/\/goias.gov.br\/educacao\/wp-content\/uploads\/sites\/40\/files\/MaterialDidatico\/RevisaGoias\/Agosto\/5ano\/Matematica\/REVISA5MATAGOSTO.pptx\" target=\"_blank\" rel=\"noopener noreferrer\">Revisa Goi\u00e1s, 5\u00ba e 6\u00ba ano, Matem\u00e1tica (Apresenta\u00e7\u00e3o PPTx)<\/a><\/p><\/div><\/div><\/div><\/div><\/div><\/div><\/div><\/div><\/section><section id=\"section-id-1692013545313\" class=\"sppb-section \"><div class=\"sppb-row-container\"><div class=\"sppb-row\"><div class=\"sppb-col-md-12\"><div id=\"column-id-1692013545312\" class=\"sppb-column\"><div class=\"sppb-column-addons\"><div id=\"sppb-addon-1692013545340\" class=\"clearfix\"><div class=\"sppb-addon sppb-addon-text-block 0 \"><h3 class=\"sppb-addon-title\">9\u00ba ano &#8211; L\u00edgua Portuguesa<\/h3><div class=\"sppb-addon-content\"><p><a href=\"https:\/\/goias.gov.br\/educacao\/wp-content\/uploads\/sites\/40\/files\/MaterialDidatico\/RevisaGoias\/Agosto\/9ano\/Portugues\/REVISAGOIAS9PORTUGUES.pdf\">L\u00edgua Portugu\u00eas , 9\u00ba ano &#8211; Caderno do Estudante<\/a><\/p><p><a href=\"https:\/\/goias.gov.br\/educacao\/wp-content\/uploads\/sites\/40\/files\/MaterialDidatico\/RevisaGoias\/Agosto\/9ano\/Portugues\/REVISA9PORTUGUES.pptx\" target=\"_blank\" rel=\"noopener noreferrer\">Revisa Goi\u00e1s, 9\u00ba ano, L\u00edngua Portuguesa (Apresenta\u00e7\u00e3o PPTx)<\/a><\/p><\/div><\/div><\/div><\/div><\/div><\/div><\/div><\/div><\/section><section id=\"section-id-1692013545337\" class=\"sppb-section \"><div class=\"sppb-row-container\"><div class=\"sppb-row\"><div class=\"sppb-col-md-12\"><div id=\"column-id-1692013545336\" class=\"sppb-column\"><div class=\"sppb-column-addons\"><div id=\"sppb-addon-1692013545316\" class=\"clearfix\"><div class=\"sppb-addon sppb-addon-text-block 0 \"><h3 class=\"sppb-addon-title\">9\u00ba ano &#8211; L\u00edgua Portuguesa e Matem\u00e1tica<\/h3><div class=\"sppb-addon-content\"><p><a href=\"https:\/\/goias.gov.br\/educacao\/wp-content\/uploads\/sites\/40\/files\/MaterialDidatico\/RevisaGoias\/Agosto\/9ano\/CienciasdaNaturezaMatematica\/REVISAGOIAS9ANOAGOSTOESTUDANTE.pdf\" target=\"_blank\" rel=\"noopener noreferrer\">L\u00edgua Portuguesa e Matem\u00e1tica, 9\u00ba ano &#8211; Caderno do Estudante<\/a><\/p><p><a href=\"https:\/\/goias.gov.br\/educacao\/wp-content\/uploads\/sites\/40\/files\/MaterialDidatico\/RevisaGoias\/Agosto\/9ano\/CienciasdaNaturezaMatematica\/REVISAGOIAS9ANOAGOSTOPROFESSOR.pdf\" target=\"_blank\" rel=\"noopener noreferrer\">L\u00edgua Portuguesa e Matem\u00e1tica, 9\u00ba ano &#8211; Caderno do Professor<\/a><\/p><\/div><\/div><\/div><\/div><\/div><\/div><\/div><\/div><\/section><section id=\"section-id-1692013545320\" class=\"sppb-section \"><div class=\"sppb-row-container\"><div class=\"sppb-row\"><div class=\"sppb-col-md-12\"><div id=\"column-id-1692013545319\" class=\"sppb-column\"><div class=\"sppb-column-addons\"><div id=\"sppb-addon-1692013545323\" class=\"clearfix\"><div class=\"sppb-addon sppb-addon-text-block 0 \"><h3 class=\"sppb-addon-title\">9\u00ba ano &#8211; Matem\u00e1tica<\/h3><div class=\"sppb-addon-content\"><p><a href=\"https:\/\/goias.gov.br\/educacao\/wp-content\/uploads\/sites\/40\/files\/MaterialDidatico\/RevisaGoias\/Agosto\/9ano\/Matematica\/REVISAGOIAS9MATEMATICA.pdf\" target=\"_blank\" rel=\"noopener noreferrer\">Matem\u00e1tica, 9\u00ba ano &#8211; Caderno do Estudante<\/a><\/p><p><a href=\"https:\/\/goias.gov.br\/educacao\/wp-content\/uploads\/sites\/40\/files\/MaterialDidatico\/RevisaGoias\/Agosto\/9ano\/Matematica\/REVISAGOIAS9MATEMATICA.pptx\" target=\"_blank\" rel=\"noopener noreferrer\">Revisa Goi\u00e1s, 9\u00ba ano, Matem\u00e1ica (Apresenta\u00e7\u00e3o PPTx)<\/a><\/p><\/div><\/div><\/div><\/div><\/div><\/div><\/div><\/div><\/section><section id=\"section-id-1692013545344\" class=\"sppb-section \"><div class=\"sppb-row-container\"><div class=\"sppb-row\"><div class=\"sppb-col-md-12\"><div id=\"column-id-1692013545343\" class=\"sppb-column\"><div class=\"sppb-column-addons\"><div id=\"sppb-addon-1692013545347\" class=\"clearfix\"><div class=\"sppb-addon sppb-addon-text-block 0 \"><h3 class=\"sppb-addon-title\">9\u00ba Ano &#8211; Ci\u00eancias da Natureza<\/h3><div class=\"sppb-addon-content\"><p><a href=\"https:\/\/goias.gov.br\/educacao\/wp-content\/uploads\/sites\/40\/files\/MaterialDidatico\/RevisaGoias\/Agosto\/9ano\/CienciasdaNatureza\/REVISAGOIAS9CNAGOSTOPROFESSOR.pdf\" target=\"_blank\" rel=\"noopener noreferrer\">Ci\u00eancias da Natureza, 9\u00ba ano &#8211; Agosto de 2023<\/a><\/p><p><a href=\"https:\/\/goias.gov.br\/educacao\/wp-content\/uploads\/sites\/40\/files\/MaterialDidatico\/RevisaGoias\/Agosto\/9ano\/CienciasdaNatureza\/REVISAGOIAS9CNAGOSTOESTUDANTE.pdf\" target=\"_blank\" rel=\"noopener noreferrer\">Ci\u00eancias da Natureza, 9\u00ba ano &#8211; Caderno do Estudante<\/a><\/p><p><a href=\"https:\/\/goias.gov.br\/educacao\/wp-content\/uploads\/sites\/40\/files\/MaterialDidatico\/RevisaGoias\/Agosto\/9ano\/CienciasdaNatureza\/REVISAGOIAS9CNAGOSTOPROFESSOR.pdf\" target=\"_blank\" rel=\"noopener noreferrer\">Ci\u00eancias da Natureza, 9\u00ba ano &#8211; Caderno do Professor<\/a><\/p><p><a href=\"https:\/\/goias.gov.br\/educacao\/wp-content\/uploads\/sites\/40\/files\/MaterialDidatico\/RevisaGoias\/Agosto\/9ano\/CienciasdaNatureza\/REVISA9CN.pptx\">Revisa Goi\u00e1s, 9\u00ba ano, Ci\u00eancias da Natureza (Apresenta\u00e7\u00e3o PPTx)<\/a><a href=\"https:\/\/goias.gov.br\/educacao\/wp-content\/uploads\/sites\/40\/files\/MaterialDidatico\/RevisaGoias\/Agosto\/9ano\/CienciasdaNatureza\/REVISAGOIAS9CNAGOSTOPROFESSOR.pdf\" target=\"_blank\" rel=\"noopener noreferrer\"><br \/><\/a><\/p><\/div><\/div><\/div><\/div><\/div><\/div><\/div><\/div><\/section><section id=\"section-id-1692013545351\" class=\"sppb-section \"><div class=\"sppb-row-container\"><div class=\"sppb-row\"><div class=\"sppb-col-md-12\"><div id=\"column-id-1692013545350\" class=\"sppb-column\"><div class=\"sppb-column-addons\"><div id=\"sppb-addon-1692013545354\" class=\"clearfix\"><div class=\"sppb-divider sppb-divider-border \">\u00a0<\/div><\/div><\/div><\/div><\/div><\/div><\/div><\/section><section id=\"section-id-1692013545356\" class=\"sppb-section \"><div class=\"sppb-row-container\"><div class=\"sppb-row\"><div class=\"sppb-col-md-12\"><div id=\"column-id-1692013545355\" class=\"sppb-column\"><div class=\"sppb-column-addons\"><div id=\"sppb-addon-1692013545359\" class=\"clearfix\"><div class=\"sppb-addon sppb-addon-text-block 0 \"><h3 class=\"sppb-addon-title\">3\u00aa s\u00e9rie &#8211; L\u00edgua Portuguesa<\/h3><div class=\"sppb-addon-content\"><p><a href=\"https:\/\/goias.gov.br\/educacao\/wp-content\/uploads\/sites\/40\/files\/MaterialDidatico\/RevisaGoias\/Agosto\/3serie\/Portugues\/REVISAGOIAS3LPAGOSTO.pdf\" target=\"_blank\" rel=\"noopener noreferrer\">L\u00edgua Portuguesa,3\u00aa s\u00e9rie &#8211; Agosto de 2023<\/a><\/p><p><a href=\"https:\/\/goias.gov.br\/educacao\/wp-content\/uploads\/sites\/40\/files\/MaterialDidatico\/RevisaGoias\/Agosto\/3serie\/Portugues\/REVISAGOIAS3SERIELPAGOSTOESTUDANTE.pdf\" target=\"_blank\" rel=\"noopener noreferrer\">L\u00edgua Portuguesa,3\u00aa s\u00e9rie &#8211; Caderno do Estudante<\/a><\/p><p><a href=\"https:\/\/goias.gov.br\/educacao\/wp-content\/uploads\/sites\/40\/files\/MaterialDidatico\/RevisaGoias\/Agosto\/3serie\/Portugues\/REVISAGOIAS3SeRIELPAGOSTOPROFESSOR.pdf\" target=\"_blank\" rel=\"noopener noreferrer\">L\u00edgua Portuguesa,3\u00aa s\u00e9rie &#8211; Caderno do Professor<\/a><\/p><p><a href=\"https:\/\/goias.gov.br\/educacao\/wp-content\/uploads\/sites\/40\/files\/MaterialDidatico\/RevisaGoias\/Agosto\/3serie\/Portugues\/REVISAGOIAS3LPAGOSTO.pptx\" target=\"_blank\" rel=\"noopener noreferrer\">Revisa Goi\u00e1s, 3\u00aa s\u00e9rie, L\u00edngua Portuguesa (Apresenta\u00e7\u00e3o PPTx)<\/a><a href=\"https:\/\/goias.gov.br\/educacao\/wp-content\/uploads\/sites\/40\/files\/MaterialDidatico\/RevisaGoias\/Agosto\/3serie\/Portugues\/REVISAGOIAS3SeRIELPAGOSTOPROFESSOR.pdf\" target=\"_blank\" rel=\"noopener noreferrer\"><br \/><\/a><\/p><\/div><\/div><\/div><\/div><\/div><\/div><\/div><\/div><\/section><section id=\"section-id-1692013545365\" class=\"sppb-section \"><div class=\"sppb-row-container\"><div class=\"sppb-row\"><div class=\"sppb-col-md-12\"><div id=\"column-id-1692013545364\" class=\"sppb-column\"><div class=\"sppb-column-addons\"><div id=\"sppb-addon-1692013545368\" class=\"clearfix\"><div class=\"sppb-addon sppb-addon-text-block 0 \"><h3 class=\"sppb-addon-title\">3\u00aa s\u00e9rie &#8211; Matem\u00e1tica<\/h3><div class=\"sppb-addon-content\"><p><a href=\"https:\/\/goias.gov.br\/educacao\/wp-content\/uploads\/sites\/40\/files\/MaterialDidatico\/RevisaGoias\/Agosto\/3serie\/Matematica\/REVISAGOIAS3MATAGOSTO.pdf\" target=\"_blank\" rel=\"noopener noreferrer\">Matem\u00e1tica,3\u00aa s\u00e9rie &#8211; Agosto de 2023<\/a><\/p><p><a href=\"https:\/\/goias.gov.br\/educacao\/wp-content\/uploads\/sites\/40\/files\/MaterialDidatico\/RevisaGoias\/Agosto\/3serie\/Matematica\/REVISAGOIAS3MATAGOSTOESTUDANTE.pdf\" target=\"_blank\" rel=\"noopener noreferrer\">Matem\u00e1tica,3\u00aa s\u00e9rie &#8211; Caderno do Estudante<\/a><\/p><p><a href=\"https:\/\/goias.gov.br\/educacao\/wp-content\/uploads\/sites\/40\/files\/MaterialDidatico\/RevisaGoias\/Agosto\/3serie\/Matematica\/REVISAGOIAS3MATAGOSTOPROFESSOR.pdf\" target=\"_blank\" rel=\"noopener noreferrer\">Matem\u00e1tica,3\u00aa s\u00e9rie &#8211; Caderno do Professor<\/a><\/p><p><a href=\"https:\/\/goias.gov.br\/educacao\/wp-content\/uploads\/sites\/40\/files\/MaterialDidatico\/RevisaGoias\/Agosto\/3serie\/Matematica\/REVISA3MATAGOSTO.pptx\" target=\"_blank\" rel=\"noopener noreferrer\">Revisa Goi\u00e1s, 3\u00aa s\u00e9rie, Matem\u00e1tica (Apresenta\u00e7\u00e3o PPTx)<\/a><a href=\"https:\/\/goias.gov.br\/educacao\/wp-content\/uploads\/sites\/40\/files\/MaterialDidatico\/RevisaGoias\/Agosto\/3serie\/Matematica\/REVISAGOIAS3MATAGOSTOPROFESSOR.pdf\" target=\"_blank\" rel=\"noopener noreferrer\"><br \/><\/a><\/p><\/div><\/div><\/div><\/div><\/div><\/div><\/div><\/div><\/section><section id=\"section-id-1692018852461\" class=\"sppb-section \"><div class=\"sppb-row-container\"><div class=\"sppb-row\"><div class=\"sppb-col-md-12\"><div id=\"column-id-1692018852460\" class=\"sppb-column\"><div class=\"sppb-column-addons\"><div id=\"sppb-addon-1692018852464\" class=\"clearfix\"><div class=\"sppb-addon sppb-addon-text-block 0 \"><h3 class=\"sppb-addon-title\">3\u00aa s\u00e9rie &#8211; Ci\u00eancias da Natureza<\/h3><div class=\"sppb-addon-content\"><p><a href=\"https:\/\/goias.gov.br\/educacao\/wp-content\/uploads\/sites\/40\/files\/MaterialDidatico\/RevisaGoias\/Agosto\/3serie\/CienciasdaNatureza\/REVISAGOIAS3CNT.pdf\" target=\"_blank\" rel=\"noopener noreferrer\">Ci\u00eancias da Natureza,3\u00aa s\u00e9rie &#8211; Agosto de 2023<\/a><\/p><p><a href=\"https:\/\/goias.gov.br\/educacao\/wp-content\/uploads\/sites\/40\/files\/MaterialDidatico\/RevisaGoias\/Agosto\/3serie\/CienciasdaNatureza\/REVISAGOIAS3CNTAGOSTOESTUDANTE.pdf\" target=\"_blank\" rel=\"noopener noreferrer\">Ci\u00eancias da Natureza,3\u00aa s\u00e9rie &#8211; Caderno do Estudante<\/a><\/p><p><a href=\"https:\/\/goias.gov.br\/educacao\/wp-content\/uploads\/sites\/40\/files\/MaterialDidatico\/RevisaGoias\/Agosto\/3serie\/CienciasdaNatureza\/REVISAGOIAS3CNTAGOSTOPROFESSOR.pdf\" target=\"_blank\" rel=\"noopener noreferrer\">Ci\u00eancias da Natureza,3\u00aa s\u00e9rie &#8211; Caderno do Professor<\/a><\/p><p><a href=\"https:\/\/goias.gov.br\/educacao\/wp-content\/uploads\/sites\/40\/files\/MaterialDidatico\/RevisaGoias\/Agosto\/3serie\/CienciasdaNatureza\/REVISA3CNT.pptx\" target=\"_blank\" rel=\"noopener noreferrer\">Revisa Goi\u00e1s, 3\u00aa s\u00e9rie, Ci\u00eancias da Natureza (Apresenta\u00e7\u00e3o PPTx)<\/a><\/p><\/div><\/div><\/div><\/div><\/div><\/div><\/div><\/div><\/section>\t\t\t\t\t\t\t\t<\/div>\n\t\t\t\t\t<\/div>\n\t\t\t\t<\/div>\n\t\t\t\t<\/div>\n\t\t","protected":false},"excerpt":{"rendered":"<p>Material de Agosto 5\u00ba e 6\u00ba Ano &#8211; Portugu\u00eas L\u00edngua Portuguesa, 5\u00ba e 6\u00ba ano &#8211; Agosto de 2023 L\u00edngua Portuguesa, 5\u00ba e 6\u00ba ano &#8211; Caderno do Estudante L\u00edngua Portuguesa, 5\u00ba e 6\u00ba ano &#8211; Cadernodo Professor Revisa Goi\u00e1s, 5\u00ba e 6\u00ba ano, L\u00edngua Portuguesa (Apresenta\u00e7\u00e3o PPTx) 5\u00ba e 6\u00ba Ano &#8211; Matem\u00e1tica Matem\u00e1tica, [&hellip;]<\/p>\n","protected":false},"author":222,"featured_media":0,"parent":0,"menu_order":0,"comment_status":"closed","ping_status":"closed","template":"wppb_theme_template","meta":{"footnotes":""},"class_list":["post-95970","page","type-page","status-publish","hentry"],"rttpg_featured_image_url":null,"rttpg_author":{"display_name":"diegomsilva","author_link":"https:\/\/goias.gov.br\/educacao\/author\/diegomsilva\/"},"rttpg_comment":0,"rttpg_category":null,"rttpg_excerpt":"Material de Agosto 5\u00ba e 6\u00ba Ano &#8211; Portugu\u00eas L\u00edngua Portuguesa, 5\u00ba e 6\u00ba ano &#8211; Agosto de 2023 L\u00edngua Portuguesa, 5\u00ba e 6\u00ba ano &#8211; Caderno do Estudante L\u00edngua Portuguesa, 5\u00ba e 6\u00ba ano &#8211; Cadernodo Professor Revisa Goi\u00e1s, 5\u00ba e 6\u00ba ano, L\u00edngua Portuguesa (Apresenta\u00e7\u00e3o PPTx) 5\u00ba e 6\u00ba Ano &#8211; Matem\u00e1tica Matem\u00e1tica,&hellip;","_links":{"self":[{"href":"https:\/\/goias.gov.br\/educacao\/wp-json\/wp\/v2\/pages\/95970","targetHints":{"allow":["GET"]}}],"collection":[{"href":"https:\/\/goias.gov.br\/educacao\/wp-json\/wp\/v2\/pages"}],"about":[{"href":"https:\/\/goias.gov.br\/educacao\/wp-json\/wp\/v2\/types\/page"}],"author":[{"embeddable":true,"href":"https:\/\/goias.gov.br\/educacao\/wp-json\/wp\/v2\/users\/222"}],"replies":[{"embeddable":true,"href":"https:\/\/goias.gov.br\/educacao\/wp-json\/wp\/v2\/comments?post=95970"}],"version-history":[{"count":3,"href":"https:\/\/goias.gov.br\/educacao\/wp-json\/wp\/v2\/pages\/95970\/revisions"}],"predecessor-version":[{"id":671992,"href":"https:\/\/goias.gov.br\/educacao\/wp-json\/wp\/v2\/pages\/95970\/revisions\/671992"}],"wp:attachment":[{"href":"https:\/\/goias.gov.br\/educacao\/wp-json\/wp\/v2\/media?parent=95970"}],"curies":[{"name":"wp","href":"https:\/\/api.w.org\/{rel}","templated":true}]}}