

{"id":95968,"date":"2024-03-21T14:59:03","date_gmt":"2024-03-21T17:59:03","guid":{"rendered":"https:\/\/siteshom.goias.gov.br\/educacao\/?page_id=95968"},"modified":"2026-01-29T11:17:09","modified_gmt":"2026-01-29T14:17:09","slug":"material-de-junho","status":"publish","type":"page","link":"https:\/\/goias.gov.br\/educacao\/material-de-junho\/","title":{"rendered":"Material de Junho"},"content":{"rendered":"\t\t<div data-elementor-type=\"wp-page\" data-elementor-id=\"95968\" class=\"elementor elementor-95968\">\n\t\t\t\t<div class=\"elementor-element elementor-element-50ba7d5 e-flex e-con-boxed e-con e-parent\" data-id=\"50ba7d5\" data-element_type=\"container\" data-e-type=\"container\">\n\t\t\t\t\t<div class=\"e-con-inner\">\n\t\t\t\t<div class=\"elementor-element elementor-element-a3b107b elementor-widget elementor-widget-text-editor\" data-id=\"a3b107b\" data-element_type=\"widget\" data-e-type=\"widget\" data-widget_type=\"text-editor.default\">\n\t\t\t\t\t\t\t\t\t<section id=\"section-id-1691775015852\" class=\"sppb-section \"><div class=\"sppb-row-container\"><div class=\"sppb-row\"><div class=\"sppb-col-md-12\"><div id=\"column-id-1691775015851\" class=\"sppb-column\"><div class=\"sppb-column-addons\"><div id=\"sppb-addon-1691775015860\" class=\"clearfix\"><div class=\"sppb-addon sppb-addon-text-block 0 \"><div class=\"sppb-addon-content\"><h1><strong>Material de Junho<\/strong><\/h1><\/div><\/div><\/div><\/div><\/div><\/div><\/div><\/div><\/section><section id=\"section-id-1691775015857\" class=\"sppb-section \"><div class=\"sppb-row-container\"><div class=\"sppb-row\"><div class=\"sppb-col-md-12\"><div id=\"column-id-1691775015856\" class=\"sppb-column\"><div class=\"sppb-column-addons\"><div id=\"sppb-addon-1691775015855\" class=\"clearfix\"><div class=\"sppb-addon sppb-addon-text-block 0 \"><h3 class=\"sppb-addon-title\">5\u00ba e 6\u00ba ano &#8211; L\u00edngua Portuguesa<\/h3><div class=\"sppb-addon-content\"><p><a href=\"https:\/\/goias.gov.br\/educacao\/wp-content\/uploads\/sites\/40\/files\/MaterialDidatico\/RevisaGoias\/Junho\/5ano\/Portugues\/REVISAGOIAS56LPJUNHO.pdf\" target=\"_blank\" rel=\"noopener noreferrer\">L\u00edngua Portuguesa, 5\u00ba e 6\u00ba ano &#8211; Junho de 2023<\/a><\/p><p><a href=\"https:\/\/goias.gov.br\/educacao\/wp-content\/uploads\/sites\/40\/files\/MaterialDidatico\/RevisaGoias\/Junho\/5ano\/Portugues\/LinguaPortuguesaCadernodoEstudante5Junho.pdf\" target=\"_blank\" rel=\"noopener noreferrer\">L\u00edngua Portuguesa, 5\u00ba e 6\u00ba ano &#8211; Caderno do Estudante<\/a><\/p><p><a href=\"https:\/\/goias.gov.br\/educacao\/wp-content\/uploads\/sites\/40\/files\/MaterialDidatico\/RevisaGoias\/Junho\/5ano\/Portugues\/LinguaPortuguesaCadernodoProfessor5Junho.pdf\" target=\"_blank\" rel=\"noopener noreferrer\">L\u00edngua Portuguesa, 5\u00ba e 6\u00ba ano &#8211; Cadernodo Professor<\/a><\/p><p><a href=\"https:\/\/goias.gov.br\/educacao\/wp-content\/uploads\/sites\/40\/files\/MaterialDidatico\/RevisaGoias\/Junho\/5ano\/Portugues\/REVISA56LPJUNHO.pptx\" target=\"_blank\" rel=\"noopener noreferrer\">Revisa Goi\u00e1s, 5\u00ba e 6\u00ba ano, L\u00edngua Portuguesa (Apresenta\u00e7\u00e3o PPTx)<\/a><a href=\"https:\/\/goias.gov.br\/educacao\/wp-content\/uploads\/sites\/40\/files\/MaterialDidatico\/RevisaGoias\/Junho\/5ano\/Portugues\/LinguaPortuguesaCadernodoProfessor5Junho.pdf\" target=\"_blank\" rel=\"noopener noreferrer\"><br \/><\/a><\/p><\/div><\/div><\/div><\/div><\/div><\/div><\/div><\/div><\/section><section id=\"section-id-1691775015864\" class=\"sppb-section \"><div class=\"sppb-row-container\"><div class=\"sppb-row\"><div class=\"sppb-col-md-12\"><div id=\"column-id-1691775015863\" class=\"sppb-column\"><div class=\"sppb-column-addons\"><div id=\"sppb-addon-1691775015867\" class=\"clearfix\"><div class=\"sppb-addon sppb-addon-text-block 0 \"><h3 class=\"sppb-addon-title\">5\u00ba e 6\u00ba Ano &#8211; Matem\u00e1tica<\/h3><div class=\"sppb-addon-content\"><p><a href=\"https:\/\/goias.gov.br\/educacao\/wp-content\/uploads\/sites\/40\/files\/MaterialDidatico\/RevisaGoias\/Junho\/5ano\/Matematica\/REVISAGOIAS5MATJunho.pdf\" target=\"_blank\" rel=\"noopener noreferrer\">Matem\u00e1tica, 5\u00ba e 6\u00ba ano &#8211; Junho de 2023<\/a><\/p><p><a href=\"https:\/\/goias.gov.br\/educacao\/wp-content\/uploads\/sites\/40\/files\/MaterialDidatico\/RevisaGoias\/Junho\/5ano\/Matematica\/MatematicaCadernodoEstudante5Junho.pdf\" target=\"_blank\" rel=\"noopener noreferrer\">Matem\u00e1tica Caderno do Estudante, 5\u00ba e 6\u00ba ano &#8211; Caderno do Estudante<\/a><\/p><p><a href=\"https:\/\/goias.gov.br\/educacao\/wp-content\/uploads\/sites\/40\/files\/MaterialDidatico\/RevisaGoias\/Junho\/5ano\/Matematica\/MatmaticaCadernodoProfessor5Junho.pdf\" target=\"_blank\" rel=\"noopener noreferrer\">Matem\u00e1tica Caderno do Estudante, 5\u00ba e 6\u00ba ano &#8211; Caderno do Professor<\/a><\/p><p><a href=\"https:\/\/goias.gov.br\/educacao\/wp-content\/uploads\/sites\/40\/files\/MaterialDidatico\/RevisaGoias\/Junho\/5ano\/Portugues\/REVISA5MATJunho.pptx\" target=\"_blank\" rel=\"noopener noreferrer\">Revisa Goi\u00e1s, 5\u00ba e 6\u00ba ano, Matem\u00e1tica (Apresenta\u00e7\u00e3o PPTx)<\/a><\/p><\/div><\/div><\/div><\/div><\/div><\/div><\/div><\/div><\/section><section id=\"section-id-1691775015878\" class=\"sppb-section \"><div class=\"sppb-row-container\"><div class=\"sppb-row\"><div class=\"sppb-col-md-12\"><div id=\"column-id-1691775015877\" class=\"sppb-column\"><div class=\"sppb-column-addons\"><div id=\"sppb-addon-1691775015881\" class=\"clearfix\"><div class=\"sppb-addon sppb-addon-text-block 0 \"><h3 class=\"sppb-addon-title\">9\u00ba ano &#8211; L\u00edgua Portuguesa e Matem\u00e1tica<\/h3><div class=\"sppb-addon-content\"><p><a href=\"https:\/\/goias.gov.br\/educacao\/wp-content\/uploads\/sites\/40\/files\/MaterialDidatico\/RevisaGoias\/Junho\/9ano\/PortuguesMatematica\/REVISAGOIAS9ANOJUNHOESTUDANTE.pdf\" target=\"_blank\" rel=\"noopener noreferrer\">L\u00edgua Portuguesa e Matem\u00e1tica, 9\u00ba ano &#8211; Caderno do Estudante<\/a><\/p><p><a href=\"https:\/\/goias.gov.br\/educacao\/wp-content\/uploads\/sites\/40\/files\/MaterialDidatico\/RevisaGoias\/Junho\/9ano\/PortuguesMatematica\/REVISAGOIAS9JUNHOPROFESSOR.pdf\" target=\"_blank\" rel=\"noopener noreferrer\">L\u00edgua Portuguesa e Matem\u00e1tica, 9\u00ba ano &#8211; Caderno do Professor<br \/><\/a><\/p><\/div><\/div><\/div><\/div><\/div><\/div><\/div><\/div><\/section><section id=\"section-id-1691775015885\" class=\"sppb-section \"><div class=\"sppb-row-container\"><div class=\"sppb-row\"><div class=\"sppb-col-md-12\"><div id=\"column-id-1691775015884\" class=\"sppb-column\"><div class=\"sppb-column-addons\"><div id=\"sppb-addon-1691775015899\" class=\"clearfix\"><div class=\"sppb-addon sppb-addon-text-block 0 \"><h3 class=\"sppb-addon-title\">9\u00ba ano e &#8211; L\u00edgua Portuguesa<\/h3><div class=\"sppb-addon-content\"><p><a href=\"https:\/\/goias.gov.br\/educacao\/wp-content\/uploads\/sites\/40\/files\/MaterialDidatico\/RevisaGoias\/Junho\/9ano\/Portugues\/REVISAGOIAS9junho.pdf\" target=\"_blank\" rel=\"noopener noreferrer\">L\u00edgua Portuguesa, 9\u00ba ano &#8211; Junho de 2023<\/a><\/p><p><a href=\"https:\/\/goias.gov.br\/educacao\/wp-content\/uploads\/sites\/40\/files\/MaterialDidatico\/RevisaGoias\/Junho\/9ano\/Portugues\/REVISAGOIAS9LPProfessor.pdf\" target=\"_blank\" rel=\"noopener noreferrer\">L\u00edgua Portuguesa, 9\u00ba ano &#8211; Caderno do Professor<\/a><\/p><p><a href=\"https:\/\/goias.gov.br\/educacao\/wp-content\/uploads\/sites\/40\/files\/MaterialDidatico\/RevisaGoias\/Junho\/9ano\/Portugues\/REVISA9LPjunho.pptx\" target=\"_blank\" rel=\"noopener noreferrer\">Revisa Goi\u00e1s, 9\u00ba ano, L\u00edngua Portuguesa (Apresenta\u00e7\u00e3o PPTx)<\/a><a href=\"https:\/\/goias.gov.br\/educacao\/wp-content\/uploads\/sites\/40\/files\/MaterialDidatico\/RevisaGoias\/Junho\/9ano\/Portugues\/REVISAGOIAS9junho.pdf\" target=\"_blank\" rel=\"noopener noreferrer\"><br \/><\/a><\/p><\/div><\/div><\/div><\/div><\/div><\/div><\/div><\/div><\/section><section id=\"section-id-1691775015896\" class=\"sppb-section \"><div class=\"sppb-row-container\"><div class=\"sppb-row\"><div class=\"sppb-col-md-12\"><div id=\"column-id-1691775015895\" class=\"sppb-column\"><div class=\"sppb-column-addons\"><div id=\"sppb-addon-1691775015888\" class=\"clearfix\"><div class=\"sppb-addon sppb-addon-text-block 0 \"><h3 class=\"sppb-addon-title\">9\u00ba ano &#8211; Matem\u00e1tica<\/h3><div class=\"sppb-addon-content\"><p><a href=\"https:\/\/goias.gov.br\/educacao\/wp-content\/uploads\/sites\/40\/files\/MaterialDidatico\/RevisaGoias\/Junho\/9ano\/Matematica\/REVISAGOIAS9MATJunho.pdf\" target=\"_blank\" rel=\"noopener noreferrer\">Matem\u00e1tica , 9\u00ba ano &#8211; Caderno do Estudante<\/a><\/p><p><a href=\"https:\/\/goias.gov.br\/educacao\/wp-content\/uploads\/sites\/40\/files\/MaterialDidatico\/RevisaGoias\/Junho\/9ano\/Matematica\/REVISAGOIAS9MATProfessor.pdf\" target=\"_blank\" rel=\"noopener noreferrer\">Matem\u00e1tica , 9\u00ba ano &#8211; Caderno do Professor<\/a><\/p><p><a href=\"https:\/\/goias.gov.br\/educacao\/wp-content\/uploads\/sites\/40\/files\/MaterialDidatico\/RevisaGoias\/Junho\/9ano\/Matematica\/REVISA9MATJunho.pptx\" target=\"_blank\" rel=\"noopener noreferrer\">Revisa Goi\u00e1s, 9\u00ba ano, Matem\u00e1tica (Apresenta\u00e7\u00e3o PPTx)<\/a><a href=\"https:\/\/goias.gov.br\/educacao\/wp-content\/uploads\/sites\/40\/files\/MaterialDidatico\/RevisaGoias\/Junho\/9ano\/Matematica\/REVISAGOIAS9MATProfessor.pdf\" target=\"_blank\" rel=\"noopener noreferrer\"><br \/><\/a><\/p><\/div><\/div><\/div><\/div><\/div><\/div><\/div><\/div><\/section><section id=\"section-id-1691775015917\" class=\"sppb-section \"><div class=\"sppb-row-container\"><div class=\"sppb-row\"><div class=\"sppb-col-md-12\"><div id=\"column-id-1691775015918\" class=\"sppb-column\"><div class=\"sppb-column-addons\"><div id=\"sppb-addon-1691775015919\" class=\"clearfix\"><div class=\"sppb-addon sppb-addon-text-block 0 \"><h3 class=\"sppb-addon-title\">9\u00ba Ano &#8211; Ci\u00eancias da Natureza<\/h3><div class=\"sppb-addon-content\"><p><a href=\"https:\/\/goias.gov.br\/educacao\/wp-content\/uploads\/sites\/40\/files\/MaterialDidatico\/RevisaGoias\/Junho\/9ano\/CienciasdaNatureza\/REVISAGOIAS9CNJUNHO.pdf\" target=\"_blank\" rel=\"noopener noreferrer\">Ci\u00eancias da Natureza, 9\u00ba ano &#8211; Junho de 2023<\/a><\/p><p><a href=\"https:\/\/goias.gov.br\/educacao\/wp-content\/uploads\/sites\/40\/files\/MaterialDidatico\/RevisaGoias\/Junho\/9ano\/CienciasdaNatureza\/REVISAGOIAS9CNJunhoEstudante.pdf\" target=\"_blank\" rel=\"noopener noreferrer\">Ci\u00eancias da Natureza, 9\u00ba ano &#8211; Caderno do Estudante<\/a><\/p><p><a href=\"https:\/\/goias.gov.br\/educacao\/wp-content\/uploads\/sites\/40\/files\/MaterialDidatico\/RevisaGoias\/Junho\/9ano\/CienciasdaNatureza\/REVISAGOIAS9CNJunhoProfessor.pdf\" target=\"_blank\" rel=\"noopener noreferrer\">Ci\u00eancias da Natureza, 9\u00ba ano &#8211; Caderno do Professor<\/a><\/p><p><a href=\"https:\/\/goias.gov.br\/educacao\/wp-content\/uploads\/sites\/40\/files\/MaterialDidatico\/RevisaGoias\/Junho\/9ano\/CienciasdaNatureza\/REVISA9CNJUNHO.pptx\" target=\"_blank\" rel=\"noopener noreferrer\">Revisa Goi\u00e1s, 9\u00ba ano, Ci\u00eancias da Natureza (Apresenta\u00e7\u00e3o PPTx)<\/a><\/p><\/div><\/div><\/div><\/div><\/div><\/div><\/div><\/div><\/section>\t\t\t\t\t\t\t\t<\/div>\n\t\t\t\t\t<\/div>\n\t\t\t\t<\/div>\n\t\t\t\t<\/div>\n\t\t","protected":false},"excerpt":{"rendered":"<p>Material de Junho 5\u00ba e 6\u00ba ano &#8211; L\u00edngua Portuguesa L\u00edngua Portuguesa, 5\u00ba e 6\u00ba ano &#8211; Junho de 2023 L\u00edngua Portuguesa, 5\u00ba e 6\u00ba ano &#8211; Caderno do Estudante L\u00edngua Portuguesa, 5\u00ba e 6\u00ba ano &#8211; Cadernodo Professor Revisa Goi\u00e1s, 5\u00ba e 6\u00ba ano, L\u00edngua Portuguesa (Apresenta\u00e7\u00e3o PPTx) 5\u00ba e 6\u00ba Ano &#8211; Matem\u00e1tica [&hellip;]<\/p>\n","protected":false},"author":222,"featured_media":0,"parent":0,"menu_order":0,"comment_status":"closed","ping_status":"closed","template":"wppb_theme_template","meta":{"footnotes":""},"class_list":["post-95968","page","type-page","status-publish","hentry"],"rttpg_featured_image_url":null,"rttpg_author":{"display_name":"diegomsilva","author_link":"https:\/\/goias.gov.br\/educacao\/author\/diegomsilva\/"},"rttpg_comment":0,"rttpg_category":null,"rttpg_excerpt":"Material de Junho 5\u00ba e 6\u00ba ano &#8211; L\u00edngua Portuguesa L\u00edngua Portuguesa, 5\u00ba e 6\u00ba ano &#8211; Junho de 2023 L\u00edngua Portuguesa, 5\u00ba e 6\u00ba ano &#8211; Caderno do Estudante L\u00edngua Portuguesa, 5\u00ba e 6\u00ba ano &#8211; Cadernodo Professor Revisa Goi\u00e1s, 5\u00ba e 6\u00ba ano, L\u00edngua Portuguesa (Apresenta\u00e7\u00e3o PPTx) 5\u00ba e 6\u00ba Ano &#8211; Matem\u00e1tica&hellip;","_links":{"self":[{"href":"https:\/\/goias.gov.br\/educacao\/wp-json\/wp\/v2\/pages\/95968","targetHints":{"allow":["GET"]}}],"collection":[{"href":"https:\/\/goias.gov.br\/educacao\/wp-json\/wp\/v2\/pages"}],"about":[{"href":"https:\/\/goias.gov.br\/educacao\/wp-json\/wp\/v2\/types\/page"}],"author":[{"embeddable":true,"href":"https:\/\/goias.gov.br\/educacao\/wp-json\/wp\/v2\/users\/222"}],"replies":[{"embeddable":true,"href":"https:\/\/goias.gov.br\/educacao\/wp-json\/wp\/v2\/comments?post=95968"}],"version-history":[{"count":2,"href":"https:\/\/goias.gov.br\/educacao\/wp-json\/wp\/v2\/pages\/95968\/revisions"}],"predecessor-version":[{"id":671776,"href":"https:\/\/goias.gov.br\/educacao\/wp-json\/wp\/v2\/pages\/95968\/revisions\/671776"}],"wp:attachment":[{"href":"https:\/\/goias.gov.br\/educacao\/wp-json\/wp\/v2\/media?parent=95968"}],"curies":[{"name":"wp","href":"https:\/\/api.w.org\/{rel}","templated":true}]}}