

{"id":95964,"date":"2024-03-21T14:51:20","date_gmt":"2024-03-21T17:51:20","guid":{"rendered":"https:\/\/siteshom.goias.gov.br\/educacao\/?page_id=95964"},"modified":"2026-01-29T11:08:36","modified_gmt":"2026-01-29T14:08:36","slug":"material-de-marco","status":"publish","type":"page","link":"https:\/\/goias.gov.br\/educacao\/material-de-marco\/","title":{"rendered":"Material de Mar\u00e7o"},"content":{"rendered":"\t\t<div data-elementor-type=\"wp-page\" data-elementor-id=\"95964\" class=\"elementor elementor-95964\">\n\t\t\t\t<div class=\"elementor-element elementor-element-4e0c872 e-flex e-con-boxed e-con e-parent\" data-id=\"4e0c872\" data-element_type=\"container\" data-e-type=\"container\">\n\t\t\t\t\t<div class=\"e-con-inner\">\n\t\t\t\t<div class=\"elementor-element elementor-element-ab87925 elementor-widget elementor-widget-text-editor\" data-id=\"ab87925\" data-element_type=\"widget\" data-e-type=\"widget\" data-widget_type=\"text-editor.default\">\n\t\t\t\t\t\t\t\t\t<section id=\"section-id-1691693593470\" class=\"sppb-section \"><div class=\"sppb-row-container\"><div class=\"sppb-row\"><div class=\"sppb-col-md-12\"><div id=\"column-id-1691693593469\" class=\"sppb-column\"><div class=\"sppb-column-addons\"><div id=\"sppb-addon-1691693593473\" class=\"clearfix\"><div class=\"sppb-addon sppb-addon-text-block 0 \"><div class=\"sppb-addon-content\"><h1>Material de Mar\u00e7o<\/h1><\/div><\/div><\/div><\/div><\/div><\/div><\/div><\/div><\/section><section id=\"section-id-1691693593475\" class=\"sppb-section \"><div class=\"sppb-row-container\"><div class=\"sppb-row\"><div class=\"sppb-col-md-12\"><div id=\"column-id-1691693593474\" class=\"sppb-column\"><div class=\"sppb-column-addons\"><div id=\"sppb-addon-1691693593478\" class=\"clearfix\"><div class=\"sppb-addon sppb-addon-text-block 0 \"><h3 class=\"sppb-addon-title\">5\u00ba e 6\u00ba Ano &#8211; L\u00edngua Portuguesa<\/h3><div class=\"sppb-addon-content\"><p><a href=\"https:\/\/goias.gov.br\/educacao\/wp-content\/uploads\/sites\/40\/files\/MaterialDidatico\/RevisaGoias\/Marco\/5ano\/Portugues\/REVISAGOIAS56MARCO.pdf\" target=\"_blank\" rel=\"noopener noreferrer\">L\u00edngua Portuguesa, 5\u00ba e 6\u00ba ano &#8211; Mar\u00e7o de 2023<br \/><\/a><br \/><a href=\"https:\/\/goias.gov.br\/educacao\/wp-content\/uploads\/sites\/40\/files\/MaterialDidatico\/RevisaGoias\/Marco\/5ano\/Portugues\/LinguaPortuguesaCadernodoEstudante5e6Marc.pdf\" target=\"_blank\" rel=\"noopener noreferrer\">L\u00edngua Portuguesa, 5\u00ba e 6\u00ba ano &#8211; Caderno do Estudante<\/a><\/p><p><a href=\"https:\/\/goias.gov.br\/educacao\/wp-content\/uploads\/sites\/40\/files\/MaterialDidatico\/RevisaGoias\/Marco\/5ano\/Portugues\/LinguaPortuguesaCadernodoProfessor5e6Marc.pdf\" target=\"_blank\" rel=\"noopener noreferrer\">L\u00edngua Portuguesa, 5\u00ba e 6\u00ba ano &#8211; Cadernodo Professor<\/a><\/p><p><a href=\"https:\/\/goias.gov.br\/educacao\/wp-content\/uploads\/sites\/40\/files\/MaterialDidatico\/RevisaGoias\/Marco\/5ano\/Portugues\/REVISA56LPMARCO.pptx\" target=\"_blank\" rel=\"noopener noreferrer\">Revisa Goi\u00e1s, 5\u00ba e 6\u00ba ano, L\u00edngua Portuguesa (Apresenta\u00e7\u00e3o PPTx)<\/a><a href=\"https:\/\/goias.gov.br\/educacao\/wp-content\/uploads\/sites\/40\/files\/MaterialDidatico\/RevisaGoias\/Marco\/5ano\/Portugues\/LinguaPortuguesaCadernodoProfessor5e6Marc.pdf\" target=\"_blank\" rel=\"noopener noreferrer\"><br \/><\/a><\/p><\/div><\/div><\/div><\/div><\/div><\/div><\/div><\/div><\/section><section id=\"section-id-1691693593515\" class=\"sppb-section \"><div class=\"sppb-row-container\"><div class=\"sppb-row\"><div class=\"sppb-col-md-12\"><div id=\"column-id-1691693593516\" class=\"sppb-column\"><div class=\"sppb-column-addons\"><div id=\"sppb-addon-1691693593517\" class=\"clearfix\"><div class=\"sppb-addon sppb-addon-text-block 0 \"><h3 class=\"sppb-addon-title\">5\u00ba e 6\u00ba Ano &#8211; Matem\u00e1tica<\/h3><div class=\"sppb-addon-content\"><p><a href=\"https:\/\/goias.gov.br\/educacao\/wp-content\/uploads\/sites\/40\/files\/MaterialDidatico\/RevisaGoias\/Marco\/5ano\/Matematica\/REVISAGOIAS%2056MATMARCO.pdf\">Matem\u00e1tica, 5\u00ba e 6\u00ba ano &#8211; Mar\u00e7o de 2023<\/a><\/p><p><a href=\"https:\/\/goias.gov.br\/educacao\/wp-content\/uploads\/sites\/40\/files\/MaterialDidatico\/RevisaGoias\/Marco\/5ano\/Matematica\/MatematicaCadernodoEstudante5e6Marc.pdf\" target=\"_blank\" rel=\"noopener noreferrer\">Matem\u00e1tica, 5\u00ba e 6\u00ba ano &#8211; Caderno do Estudante<\/a><\/p><p><a href=\"https:\/\/goias.gov.br\/educacao\/wp-content\/uploads\/sites\/40\/files\/MaterialDidatico\/RevisaGoias\/Marco\/5ano\/Matematica\/MatematicaCadernodoProfessor5e6Marc.pdf\" target=\"_blank\" rel=\"noopener noreferrer\">Matem\u00e1tica, 5\u00ba e 6\u00ba ano &#8211; Cadernodo Professor<\/a><\/p><p><a href=\"https:\/\/goias.gov.br\/educacao\/wp-content\/uploads\/sites\/40\/files\/MaterialDidatico\/RevisaGoias\/Marco\/5ano\/Matematica\/REVISA56MATMARCO.pptx\" target=\"_blank\" rel=\"noopener noreferrer\">Revisa Goi\u00e1s, 5\u00ba e 6\u00ba ano, Matem\u00e1tica (Apresenta\u00e7\u00e3o PPTx)<\/a><a href=\"https:\/\/goias.gov.br\/educacao\/wp-content\/uploads\/sites\/40\/files\/MaterialDidatico\/RevisaGoias\/Marco\/5ano\/Matematica\/MatematicaCadernodoProfessor5e6Marc.pdf\" target=\"_blank\" rel=\"noopener noreferrer\"><br \/><\/a><\/p><\/div><\/div><\/div><\/div><\/div><\/div><\/div><\/div><\/section><section id=\"section-id-1691693593495\" class=\"sppb-section \"><div class=\"sppb-row-container\"><div class=\"sppb-row\"><div class=\"sppb-col-md-12\"><div id=\"column-id-1691693593494\" class=\"sppb-column\"><div class=\"sppb-column-addons\"><div id=\"sppb-addon-1691693593498\" class=\"clearfix\"><div class=\"sppb-divider sppb-divider-border \">\u00a0<\/div><\/div><\/div><\/div><\/div><\/div><\/div><\/section><section id=\"section-id-1691693593486\" class=\"sppb-section \"><div class=\"sppb-row-container\"><div class=\"sppb-row\"><div class=\"sppb-col-md-12\"><div id=\"column-id-1691693593485\" class=\"sppb-column\"><div class=\"sppb-column-addons\"><div id=\"sppb-addon-1691693593489\" class=\"clearfix\"><div class=\"sppb-addon sppb-addon-text-block 0 \"><h3 class=\"sppb-addon-title\">9\u00ba Ano 1\u00aa s\u00e9rie &#8211; L\u00edngua Portuguesa<\/h3><div class=\"sppb-addon-content\"><p><a href=\"https:\/\/goias.gov.br\/educacao\/wp-content\/uploads\/sites\/40\/files\/MaterialDidatico\/RevisaGoias\/Marco\/9ano\/Portugues\/REVISAGOIAS91MARCO.pdf\" target=\"_blank\" rel=\"noopener noreferrer\">L\u00edngua Portuguesa, 9\u00ba ano e 1\u00aa s\u00e9rie &#8211; Mar\u00e7o de 2023<\/a><\/p><p><a href=\"https:\/\/goias.gov.br\/educacao\/wp-content\/uploads\/sites\/40\/files\/MaterialDidatico\/RevisaGoias\/Marco\/9ano\/Portugues\/LinguaPortuguesaCadernodoEstudante9e1Marc.pdf\" target=\"_blank\" rel=\"noopener noreferrer\">L\u00edngua Portuguesa, 9\u00ba ano e 1\u00aa s\u00e9rie &#8211; Caderno do Estudante<\/a><\/p><p><a href=\"https:\/\/goias.gov.br\/educacao\/wp-content\/uploads\/sites\/40\/files\/MaterialDidatico\/RevisaGoias\/Marco\/9ano\/Portugues\/LinguaPortuguesaCadernodoProfessor9e1Marc.pdf\" target=\"_blank\" rel=\"noopener noreferrer\">L\u00edngua Portuguesa, 9\u00ba ano e 1\u00aa s\u00e9rie &#8211; Caderno do Professor<\/a><\/p><p><a href=\"https:\/\/goias.gov.br\/educacao\/wp-content\/uploads\/sites\/40\/files\/MaterialDidatico\/RevisaGoias\/Marco\/9ano\/Portugues\/REVISA91MATMARCO.pptx\" target=\"_blank\" rel=\"noopener noreferrer\">Revisa Goi\u00e1s, 9\u00ba ano e 1\u00aa s\u00e9rie, L\u00edngua Portuguesa (Apresenta\u00e7\u00e3o PPTx)<\/a><a href=\"https:\/\/goias.gov.br\/educacao\/wp-content\/uploads\/sites\/40\/files\/MaterialDidatico\/RevisaGoias\/Marco\/9ano\/Portugues\/LinguaPortuguesaCadernodoProfessor9e1Marc.pdf\" target=\"_blank\" rel=\"noopener noreferrer\"><br \/><\/a><\/p><\/div><\/div><\/div><\/div><\/div><\/div><\/div><\/div><\/section><section id=\"section-id-1691693593520\" class=\"sppb-section \"><div class=\"sppb-row-container\"><div class=\"sppb-row\"><div class=\"sppb-col-md-12\"><div id=\"column-id-1691693593521\" class=\"sppb-column\"><div class=\"sppb-column-addons\"><div id=\"sppb-addon-1691693593522\" class=\"clearfix\"><div class=\"sppb-addon sppb-addon-text-block 0 \"><h3 class=\"sppb-addon-title\">9\u00ba Ano 1\u00aa s\u00e9rie &#8211; Matem\u00e1tica<\/h3><div class=\"sppb-addon-content\"><p><a href=\"https:\/\/goias.gov.br\/educacao\/wp-content\/uploads\/sites\/40\/files\/MaterialDidatico\/RevisaGoias\/Marco\/9ano\/Matematica\/REVISAGOIAS91MATEMATICAMARC.pdf\" target=\"_blank\" rel=\"noopener noreferrer\">Matem\u00e1tica, 9\u00ba ano e 1\u00aa s\u00e9rie &#8211; Mar\u00e7o de 2023<\/a><\/p><p><a href=\"https:\/\/goias.gov.br\/educacao\/wp-content\/uploads\/sites\/40\/files\/MaterialDidatico\/RevisaGoias\/Marco\/9ano\/Matematica\/MatematicaCadernodoEstudante9e1Marc.pdf\" target=\"_blank\" rel=\"noopener noreferrer\">Matem\u00e1tica, 9\u00ba ano e 1\u00aa s\u00e9rie &#8211; Caderno do Estudante<\/a><\/p><p><a href=\"https:\/\/goias.gov.br\/educacao\/wp-content\/uploads\/sites\/40\/files\/MaterialDidatico\/RevisaGoias\/Marco\/9ano\/Matematica\/MatematicaCadernodoProfessor9e1Marc.pdf\" target=\"_blank\" rel=\"noopener noreferrer\">Matem\u00e1tica, 9\u00ba ano e 1\u00aa s\u00e9rie &#8211; Caderno do Professor<\/a><\/p><p><a href=\"https:\/\/goias.gov.br\/educacao\/wp-content\/uploads\/sites\/40\/files\/MaterialDidatico\/RevisaGoias\/Marco\/9ano\/Matematica\/REVISA91MATMARCO.pptx\" target=\"_blank\" rel=\"noopener noreferrer\">Revisa Goi\u00e1s, 9\u00ba ano e 1\u00aa s\u00e9rie, Matem\u00e1tica (Apresenta\u00e7\u00e3o PPTx)<\/a><a href=\"https:\/\/goias.gov.br\/educacao\/wp-content\/uploads\/sites\/40\/files\/MaterialDidatico\/RevisaGoias\/Marco\/9ano\/Matematica\/MatematicaCadernodoProfessor9e1Marc.pdf\" target=\"_blank\" rel=\"noopener noreferrer\"><br \/><\/a><\/p><\/div><\/div><\/div><\/div><\/div><\/div><\/div><\/div><\/section><section id=\"section-id-1691693593532\" class=\"sppb-section \"><div class=\"sppb-row-container\"><div class=\"sppb-row\"><div class=\"sppb-col-md-12\"><div id=\"column-id-1691693593533\" class=\"sppb-column\"><div class=\"sppb-column-addons\"><div id=\"sppb-addon-1691693593534\" class=\"clearfix\"><div class=\"sppb-addon sppb-addon-text-block 0 \"><h3 class=\"sppb-addon-title\">9\u00ba Ano 1\u00aa s\u00e9rie &#8211; Ci\u00eancias da Natureza, Ci\u00eancias da Natureza e suas Tecnologia<\/h3><div class=\"sppb-addon-content\"><p><a href=\"https:\/\/goias.gov.br\/educacao\/wp-content\/uploads\/sites\/40\/files\/MaterialDidatico\/RevisaGoias\/Marco\/9ano\/CienciasdaNatureza\/REVISAGOIAS9CN1CNTMAR.pdf\" target=\"_blank\" rel=\"noopener noreferrer\">Ci\u00eancias da Natureza, Ci\u00eancias da Natureza e suas Tecnologia, 9\u00ba ano e 1\u00aa s\u00e9rie &#8211; Mar\u00e7o de 2023<\/a><\/p><p><a href=\"https:\/\/goias.gov.br\/educacao\/wp-content\/uploads\/sites\/40\/files\/MaterialDidatico\/RevisaGoias\/Marco\/9ano\/CienciasdaNatureza\/CienciasdaNaturezaesuasTecnologiasCadernodoEstudante9e1Marc.pdf\" target=\"_blank\" rel=\"noopener noreferrer\">Ci\u00eancias da Natureza, Ci\u00eancias da Natureza e suas Tecnologia, 9\u00ba ano e 1\u00aa s\u00e9rie &#8211; Caderno do Estudante<\/a><\/p><p><a href=\"https:\/\/goias.gov.br\/educacao\/wp-content\/uploads\/sites\/40\/files\/MaterialDidatico\/RevisaGoias\/Marco\/9ano\/CienciasdaNatureza\/CienciasdaNaturezaesuasTecnologias9e1Marc.pdf\" target=\"_blank\" rel=\"noopener noreferrer\">Ci\u00eancias da Natureza, Ci\u00eancias da Natureza e suas Tecnologia, 9\u00ba ano e 1\u00aa s\u00e9rie &#8211; Caderno do Professor<\/a><\/p><p><a href=\"https:\/\/goias.gov.br\/educacao\/wp-content\/uploads\/sites\/40\/files\/MaterialDidatico\/RevisaGoias\/Marco\/9ano\/CienciasdaNatureza\/REVISA9CN1CNTMARCO.pptx\" target=\"_blank\" rel=\"noopener noreferrer\">Revisa Goi\u00e1s, 9\u00ba ano e 1\u00aa s\u00e9rie, Ci\u00eancias da Natureza (Apresenta\u00e7\u00e3o PPTx)<\/a><a href=\"https:\/\/goias.gov.br\/educacao\/wp-content\/uploads\/sites\/40\/files\/MaterialDidatico\/RevisaGoias\/Marco\/9ano\/CienciasdaNatureza\/CienciasdaNaturezaesuasTecnologias9e1Marc.pdf\" target=\"_blank\" rel=\"noopener noreferrer\"><br \/><\/a><\/p><\/div><\/div><\/div><\/div><\/div><\/div><\/div><\/div><\/section><section id=\"section-id-1691693593504\" class=\"sppb-section \"><div class=\"sppb-row-container\"><div class=\"sppb-row\"><div class=\"sppb-col-md-12\"><div id=\"column-id-1691693593503\" class=\"sppb-column\"><div class=\"sppb-column-addons\"><div id=\"sppb-addon-1691693593507\" class=\"clearfix\"><div class=\"sppb-divider sppb-divider-border \">\u00a0<\/div><\/div><\/div><\/div><\/div><\/div><\/div><\/section><section id=\"section-id-1691693593509\" class=\"sppb-section \"><div class=\"sppb-row-container\"><div class=\"sppb-row\"><div class=\"sppb-col-md-12\"><div id=\"column-id-1691693593508\" class=\"sppb-column\"><div class=\"sppb-column-addons\"><div id=\"sppb-addon-1691693593512\" class=\"clearfix\"><div class=\"sppb-addon sppb-addon-text-block 0 \"><h3 class=\"sppb-addon-title\">2\u00aa e 3\u00aa s\u00e9rie &#8211; L\u00edgua Portuguesa<\/h3><div class=\"sppb-addon-content\"><p><a href=\"https:\/\/goias.gov.br\/educacao\/wp-content\/uploads\/sites\/40\/files\/MaterialDidatico\/RevisaGoias\/Marco\/3serie\/Portugues\/REVISAGOIAS23MARCO.pdf\" target=\"_blank\" rel=\"noopener noreferrer\">L\u00edgua Portuguesa, 2\u00aa e 3\u00aa s\u00e9rie &#8211; Mar\u00e7o de 2023<\/a><\/p><p><a href=\"https:\/\/goias.gov.br\/educacao\/wp-content\/uploads\/sites\/40\/files\/MaterialDidatico\/RevisaGoias\/Marco\/3serie\/Portugues\/LinguaPortuguesaCadernodoEstudante2e3Marc.pdf\" target=\"_blank\" rel=\"noopener noreferrer\">L\u00edgua Portuguesa, 2\u00aa e 3\u00aa s\u00e9rie &#8211; Caderno do Estudante<\/a><\/p><p><a href=\"https:\/\/goias.gov.br\/educacao\/wp-content\/uploads\/sites\/40\/files\/MaterialDidatico\/RevisaGoias\/Marco\/3serie\/Portugues\/LinguaProtuguesaCadernodoProfessor2e3Marc.pdf\" target=\"_blank\" rel=\"noopener noreferrer\">L\u00edgua Portuguesa, 2\u00aa e 3\u00aa s\u00e9rie &#8211; Caderno do Professor<\/a><\/p><p><a href=\"https:\/\/goias.gov.br\/educacao\/wp-content\/uploads\/sites\/40\/files\/MaterialDidatico\/RevisaGoias\/Marco\/3serie\/Portugues\/REVISA23LPMARCO.pptx\" target=\"_blank\" rel=\"noopener noreferrer\">Revisa Goi\u00e1s, 2\u00aa e 3\u00aa s\u00e9rie, L\u00edngua Portuguesa (Apresenta\u00e7\u00e3o PPTx)<\/a><a href=\"https:\/\/goias.gov.br\/educacao\/wp-content\/uploads\/sites\/40\/files\/MaterialDidatico\/RevisaGoias\/Marco\/3serie\/Portugues\/LinguaProtuguesaCadernodoProfessor2e3Marc.pdf\" target=\"_blank\" rel=\"noopener noreferrer\"><br \/><\/a><\/p><\/div><\/div><\/div><\/div><\/div><\/div><\/div><\/div><\/section><section id=\"section-id-1691693593525\" class=\"sppb-section \"><div class=\"sppb-row-container\"><div class=\"sppb-row\"><div class=\"sppb-col-md-12\"><div id=\"column-id-1691693593526\" class=\"sppb-column\"><div class=\"sppb-column-addons\"><div id=\"sppb-addon-1691693593527\" class=\"clearfix\"><div class=\"sppb-addon sppb-addon-text-block 0 \"><h3 class=\"sppb-addon-title\">2\u00aa e 3\u00aa s\u00e9rie &#8211; Matem\u00e1tica<\/h3><div class=\"sppb-addon-content\"><p><a href=\"https:\/\/goias.gov.br\/educacao\/wp-content\/uploads\/sites\/40\/files\/MaterialDidatico\/RevisaGoias\/Marco\/3serie\/Matematica\/REVISAGOIAS23MATMARC.pdf\" target=\"_blank\" rel=\"noopener noreferrer\">Matem\u00e1tica, 2\u00aa e 3\u00aa s\u00e9rie &#8211; Mar\u00e7o de 2023<\/a><\/p><p><a href=\"https:\/\/goias.gov.br\/educacao\/wp-content\/uploads\/sites\/40\/files\/MaterialDidatico\/RevisaGoias\/Marco\/3serie\/Matematica\/MatematicaCadernodoEstudante2e3Marc.pdf\" target=\"_blank\" rel=\"noopener noreferrer\">Matem\u00e1tica, 2\u00aa e 3\u00aa s\u00e9rie &#8211; Caderno do Estudante<\/a><\/p><p><a href=\"https:\/\/goias.gov.br\/educacao\/wp-content\/uploads\/sites\/40\/files\/MaterialDidatico\/RevisaGoias\/Marco\/3serie\/Matematica\/MatematicaCadernodoProfessor2e3Marc.pdf\" target=\"_blank\" rel=\"noopener noreferrer\">Matem\u00e1tica, 2\u00aa e 3\u00aa s\u00e9rie &#8211; Caderno do Professor<\/a><\/p><p><a href=\"https:\/\/goias.gov.br\/educacao\/wp-content\/uploads\/sites\/40\/files\/MaterialDidatico\/RevisaGoias\/Marco\/3serie\/Matematica\/REVISA23MATMARCO.pptx\" target=\"_blank\" rel=\"noopener noreferrer\">Revisa Goi\u00e1s, 2\u00aa e 3\u00aa s\u00e9rie, Matem\u00e1tica (Apresenta\u00e7\u00e3o PPTx)<\/a><a href=\"https:\/\/goias.gov.br\/educacao\/MatematicaCadernodoProfessor2e3Marc.pdf\" target=\"_blank\" rel=\"noopener noreferrer\"><br \/><\/a><\/p><\/div><\/div><\/div><\/div><\/div><\/div><\/div><\/div><\/section><section id=\"section-id-1691693593539\" class=\"sppb-section \"><div class=\"sppb-row-container\"><div class=\"sppb-row\"><div class=\"sppb-col-md-12\"><div id=\"column-id-1691693593540\" class=\"sppb-column\"><div class=\"sppb-column-addons\"><div id=\"sppb-addon-1691693593541\" class=\"clearfix\"><div class=\"sppb-addon sppb-addon-text-block 0 \"><h3 class=\"sppb-addon-title\">2\u00aa e 3\u00aa s\u00e9rie &#8211; Ci\u00eancias da Natureza e suas Tecnologia<\/h3><div class=\"sppb-addon-content\"><p><a href=\"https:\/\/goias.gov.br\/educacao\/wp-content\/uploads\/sites\/40\/files\/MaterialDidatico\/RevisaGoias\/Marco\/3serie\/CienciasdaNatureza\/REVISAGOIAS3CNTMARC.pdf\" target=\"_blank\" rel=\"noopener noreferrer\">Ci\u00eancias da Natureza e suas Tecnologia, 2\u00aa e 3\u00aa s\u00e9rie &#8211; Mar\u00e7o de 2023<\/a><\/p><p><a href=\"https:\/\/goias.gov.br\/educacao\/wp-content\/uploads\/sites\/40\/files\/MaterialDidatico\/RevisaGoias\/Marco\/3serie\/CienciasdaNatureza\/CienciasdaNaturezaesuasTecnologiasCadernodoEstudante2e3Marc.pdf\" target=\"_blank\" rel=\"noopener noreferrer\">Ci\u00eancias da Natureza e suas Tecnologia, 2\u00aa e 3\u00aa s\u00e9rie &#8211; Caderno do Estudante<\/a><\/p><p><a href=\"https:\/\/goias.gov.br\/educacao\/wp-content\/uploads\/sites\/40\/files\/MaterialDidatico\/RevisaGoias\/Marco\/3serie\/CienciasdaNatureza\/CienciasdaNaturezaesuasTecnologiaCadernodoProfessor2e3Marc.pdf\" target=\"_blank\" rel=\"noopener noreferrer\">Ci\u00eancias da Natureza e suas Tecnologia, 2\u00aa e 3\u00aa s\u00e9rie &#8211; Caderno do Professor<\/a><\/p><p><a href=\"https:\/\/goias.gov.br\/educacao\/wp-content\/uploads\/sites\/40\/files\/MaterialDidatico\/RevisaGoias\/Marco\/3serie\/CienciasdaNatureza\/REVISA3CNTMARCO.pptx\" target=\"_blank\" rel=\"noopener noreferrer\">Revisa Goi\u00e1s, 2\u00aa e 3\u00aa s\u00e9rie, Ci\u00eancias da Natureza (Apresenta\u00e7\u00e3o PPTx)<\/a><\/p><\/div><\/div><\/div><\/div><\/div><\/div><\/div><\/div><\/section>\t\t\t\t\t\t\t\t<\/div>\n\t\t\t\t\t<\/div>\n\t\t\t\t<\/div>\n\t\t\t\t<\/div>\n\t\t","protected":false},"excerpt":{"rendered":"<p>Material de Mar\u00e7o 5\u00ba e 6\u00ba Ano &#8211; L\u00edngua Portuguesa L\u00edngua Portuguesa, 5\u00ba e 6\u00ba ano &#8211; Mar\u00e7o de 2023L\u00edngua Portuguesa, 5\u00ba e 6\u00ba ano &#8211; Caderno do Estudante L\u00edngua Portuguesa, 5\u00ba e 6\u00ba ano &#8211; Cadernodo Professor Revisa Goi\u00e1s, 5\u00ba e 6\u00ba ano, L\u00edngua Portuguesa (Apresenta\u00e7\u00e3o PPTx) 5\u00ba e 6\u00ba Ano &#8211; Matem\u00e1tica Matem\u00e1tica, [&hellip;]<\/p>\n","protected":false},"author":222,"featured_media":0,"parent":0,"menu_order":0,"comment_status":"closed","ping_status":"closed","template":"wppb_theme_template","meta":{"footnotes":""},"class_list":["post-95964","page","type-page","status-publish","hentry"],"rttpg_featured_image_url":null,"rttpg_author":{"display_name":"diegomsilva","author_link":"https:\/\/goias.gov.br\/educacao\/author\/diegomsilva\/"},"rttpg_comment":0,"rttpg_category":null,"rttpg_excerpt":"Material de Mar\u00e7o 5\u00ba e 6\u00ba Ano &#8211; L\u00edngua Portuguesa L\u00edngua Portuguesa, 5\u00ba e 6\u00ba ano &#8211; Mar\u00e7o de 2023L\u00edngua Portuguesa, 5\u00ba e 6\u00ba ano &#8211; Caderno do Estudante L\u00edngua Portuguesa, 5\u00ba e 6\u00ba ano &#8211; Cadernodo Professor Revisa Goi\u00e1s, 5\u00ba e 6\u00ba ano, L\u00edngua Portuguesa (Apresenta\u00e7\u00e3o PPTx) 5\u00ba e 6\u00ba Ano &#8211; Matem\u00e1tica Matem\u00e1tica,&hellip;","_links":{"self":[{"href":"https:\/\/goias.gov.br\/educacao\/wp-json\/wp\/v2\/pages\/95964","targetHints":{"allow":["GET"]}}],"collection":[{"href":"https:\/\/goias.gov.br\/educacao\/wp-json\/wp\/v2\/pages"}],"about":[{"href":"https:\/\/goias.gov.br\/educacao\/wp-json\/wp\/v2\/types\/page"}],"author":[{"embeddable":true,"href":"https:\/\/goias.gov.br\/educacao\/wp-json\/wp\/v2\/users\/222"}],"replies":[{"embeddable":true,"href":"https:\/\/goias.gov.br\/educacao\/wp-json\/wp\/v2\/comments?post=95964"}],"version-history":[{"count":3,"href":"https:\/\/goias.gov.br\/educacao\/wp-json\/wp\/v2\/pages\/95964\/revisions"}],"predecessor-version":[{"id":671665,"href":"https:\/\/goias.gov.br\/educacao\/wp-json\/wp\/v2\/pages\/95964\/revisions\/671665"}],"wp:attachment":[{"href":"https:\/\/goias.gov.br\/educacao\/wp-json\/wp\/v2\/media?parent=95964"}],"curies":[{"name":"wp","href":"https:\/\/api.w.org\/{rel}","templated":true}]}}