

{"id":95951,"date":"2024-03-21T14:41:42","date_gmt":"2024-03-21T17:41:42","guid":{"rendered":"https:\/\/siteshom.goias.gov.br\/educacao\/?page_id=95951"},"modified":"2026-01-29T11:22:26","modified_gmt":"2026-01-29T14:22:26","slug":"material-de-fevereiro","status":"publish","type":"page","link":"https:\/\/goias.gov.br\/educacao\/material-de-fevereiro\/","title":{"rendered":"Material de Fevereiro"},"content":{"rendered":"\t\t<div data-elementor-type=\"wp-page\" data-elementor-id=\"95951\" class=\"elementor elementor-95951\">\n\t\t\t\t<div class=\"elementor-element elementor-element-f42e45f e-flex e-con-boxed e-con e-parent\" data-id=\"f42e45f\" data-element_type=\"container\" data-e-type=\"container\">\n\t\t\t\t\t<div class=\"e-con-inner\">\n\t\t\t\t<div class=\"elementor-element elementor-element-a898ea1 elementor-widget elementor-widget-text-editor\" data-id=\"a898ea1\" data-element_type=\"widget\" data-e-type=\"widget\" data-widget_type=\"text-editor.default\">\n\t\t\t\t\t\t\t\t\t<section id=\"section-id-1691677987220\" class=\"sppb-section \"><div class=\"sppb-row-container\"><div class=\"sppb-row\"><div class=\"sppb-col-md-12\"><div id=\"column-id-1691677987219\" class=\"sppb-column\"><div class=\"sppb-column-addons\"><div id=\"sppb-addon-1691677987232\" class=\"clearfix\"><div class=\"sppb-addon sppb-addon-text-block 0 \"><div class=\"sppb-addon-content\"><h1>Material de Fevereiro<\/h1><\/div><\/div><\/div><\/div><\/div><\/div><\/div><\/div><\/section><section id=\"section-id-1691677987229\" class=\"sppb-section \"><div class=\"sppb-row-container\"><div class=\"sppb-row\"><div class=\"sppb-col-md-12\"><div id=\"column-id-1691677987228\" class=\"sppb-column\"><div class=\"sppb-column-addons\"><div id=\"sppb-addon-1691677987223\" class=\"clearfix\"><div class=\"sppb-addon sppb-addon-text-block 0 \"><h3 class=\"sppb-addon-title\">5\u00ba e 6\u00ba Ano &#8211; Portugu\u00eas<\/h3><div class=\"sppb-addon-content\"><p><a href=\"https:\/\/goias.gov.br\/educacao\/wp-content\/uploads\/sites\/40\/files\/MaterialDidatico\/RevisaGoias\/Fevereiro\/5ano\/Portugues\/REVISAGOIAS56PortuguesFevereiro.pdf\" target=\"_blank\" rel=\"noopener noreferrer\">L\u00edngua Portuguesa, 5\u00ba e 6\u00ba ano &#8211; Fevereiro de 2023<\/a><\/p><p><a href=\"https:\/\/goias.gov.br\/educacao\/wp-content\/uploads\/sites\/40\/files\/MaterialDidatico\/RevisaGoias\/Fevereiro\/5ano\/Portugues\/LinguaPortuguesaCadernodoEstudante5e6anoFev.pdf\" target=\"_blank\" rel=\"noopener noreferrer\">L\u00edngua Portuguesa, 5\u00ba e 6\u00ba ano &#8211; Caderno do Estudante<\/a><\/p><p><a href=\"https:\/\/goias.gov.br\/educacao\/wp-content\/uploads\/sites\/40\/files\/MaterialDidatico\/RevisaGoias\/Fevereiro\/5ano\/Portugues\/LinguaPortuguesaCadernodoProfessor526anoFev.pdf\" target=\"_blank\" rel=\"noopener noreferrer\">L\u00edngua Portuguesa, 5\u00ba e 6\u00ba ano &#8211; Cadernodo Professor<\/a><\/p><p><a href=\"https:\/\/goias.gov.br\/educacao\/wp-content\/uploads\/sites\/40\/files\/MaterialDidatico\/RevisaGoias\/Fevereiro\/5ano\/Portugues\/REVISA56PortuguesFevereiro.pptx\" target=\"_blank\" rel=\"noopener noreferrer\">Revisa Goi\u00e1s, 5\u00ba e 6\u00ba ano, L\u00edngua Portuguesa (Apresenta\u00e7\u00e3o PPTx)<\/a><a href=\"https:\/\/goias.gov.br\/educacao\/wp-content\/uploads\/sites\/40\/files\/MaterialDidatico\/RevisaGoias\/Fevereiro\/5ano\/Portugues\/LinguaPortuguesaCadernodoProfessor526anoFev.pdf\" target=\"_blank\" rel=\"noopener noreferrer\"><br \/><\/a><\/p><\/div><\/div><\/div><\/div><\/div><\/div><\/div><\/div><\/section><section id=\"section-id-1691677987236\" class=\"sppb-section \"><div class=\"sppb-row-container\"><div class=\"sppb-row\"><div class=\"sppb-col-md-12\"><div id=\"column-id-1691677987235\" class=\"sppb-column\"><div class=\"sppb-column-addons\"><div id=\"sppb-addon-1691677987239\" class=\"clearfix\"><div class=\"sppb-addon sppb-addon-text-block 0 \"><h3 class=\"sppb-addon-title\">5\u00ba e 6\u00ba Ano &#8211; Matem\u00e1tica<\/h3><div class=\"sppb-addon-content\"><p><a href=\"https:\/\/goias.gov.br\/educacao\/wp-content\/uploads\/sites\/40\/files\/MaterialDidatico\/RevisaGoias\/Fevereiro\/5ano\/Matematica\/REVISAGOIAS56MatematicaFevereiro.pdf\" target=\"_blank\" rel=\"noopener noreferrer\">Matem\u00e1tica, 5\u00ba e 6\u00ba ano &#8211; Fevereiro de 2023<\/a><\/p><p><a href=\"https:\/\/goias.gov.br\/educacao\/wp-content\/uploads\/sites\/40\/files\/MaterialDidatico\/RevisaGoias\/Fevereiro\/5ano\/Matematica\/REVISA56MatematicaFevereiro.pptx\" target=\"_blank\" rel=\"noopener noreferrer\">Revisa Goi\u00e1s, 5\u00ba e 6\u00ba ano, Matem\u00e1tica (Apresenta\u00e7\u00e3o PPTx)<\/a><\/p><\/div><\/div><\/div><\/div><\/div><\/div><\/div><\/div><\/section><section id=\"section-id-1691677987250\" class=\"sppb-section \"><div class=\"sppb-row-container\"><div class=\"sppb-row\"><div class=\"sppb-col-md-12\"><div id=\"column-id-1691677987249\" class=\"sppb-column\"><div class=\"sppb-column-addons\"><div id=\"sppb-addon-1691677987253\" class=\"clearfix\"><div class=\"sppb-addon sppb-addon-text-block 0 \"><h3 class=\"sppb-addon-title\">9\u00ba ano e 1\u00aa s\u00e9rie &#8211; L\u00edgua Portuguesa<\/h3><div class=\"sppb-addon-content\"><p><a href=\"https:\/\/goias.gov.br\/educacao\/wp-content\/uploads\/sites\/40\/files\/MaterialDidatico\/RevisaGoias\/Fevereiro\/9ano\/Portugues\/REVISAGOIAS91PortuguesFevereiro.pdf\" target=\"_blank\" rel=\"noopener noreferrer\">L\u00edngua Portuguesa, 9\u00ba e 1\u00aa s\u00e9rie ano &#8211; Feveiro de 2023<\/a><\/p><p><a href=\"https:\/\/goias.gov.br\/educacao\/wp-content\/uploads\/sites\/40\/files\/MaterialDidatico\/RevisaGoias\/Fevereiro\/9ano\/Portugues\/LinguaPortuguesaCadernodoEstudante9e1Fev.pdf\" target=\"_blank\" rel=\"noopener noreferrer\">L\u00edngua Portuguesa, 9\u00ba ano e 1\u00aa s\u00e9rie &#8211; Caderno do Estudante<\/a><\/p><p><a href=\"https:\/\/goias.gov.br\/educacao\/wp-content\/uploads\/sites\/40\/files\/MaterialDidatico\/RevisaGoias\/Fevereiro\/9ano\/Portugues\/LinguaPortuguesaCadernodoProfessor9e1Fev.pdf\" target=\"_blank\" rel=\"noopener noreferrer\">L\u00edngua Portuguesa, 9\u00ba ano e 1\u00aa s\u00e9rie &#8211; Cadernodo Professor<\/a><\/p><p><a href=\"https:\/\/goias.gov.br\/educacao\/wp-content\/uploads\/sites\/40\/files\/MaterialDidatico\/RevisaGoias\/Fevereiro\/9ano\/Portugues\/REVISA91PortuguesFevereiro.pptx\" target=\"_blank\" rel=\"noopener noreferrer\">Revisa Goi\u00e1s, 9\u00ba ano e 1\u00aa s\u00e9rie, L\u00edngua Portuguesa (Apresenta\u00e7\u00e3o PPTx)<\/a><a href=\"https:\/\/goias.gov.br\/educacao\/wp-content\/uploads\/sites\/40\/files\/MaterialDidatico\/RevisaGoias\/Fevereiro\/9ano\/Portugues\/LinguaPortuguesaCadernodoProfessor9e1Fev.pdf\" target=\"_blank\" rel=\"noopener noreferrer\"><br \/><\/a><\/p><\/div><\/div><\/div><\/div><\/div><\/div><\/div><\/div><\/section><section id=\"section-id-1691677987261\" class=\"sppb-section \"><div class=\"sppb-row-container\"><div class=\"sppb-row\"><div class=\"sppb-col-md-12\"><div id=\"column-id-1691677987260\" class=\"sppb-column\"><div class=\"sppb-column-addons\"><div id=\"sppb-addon-1691677987264\" class=\"clearfix\"><div class=\"sppb-addon sppb-addon-text-block 0 \"><h3 class=\"sppb-addon-title\">9\u00ba ano e 1\u00aa s\u00e9rie &#8211; Matem\u00e1tica<\/h3><div class=\"sppb-addon-content\"><p><a href=\"https:\/\/goias.gov.br\/educacao\/wp-content\/uploads\/sites\/40\/files\/MaterialDidatico\/RevisaGoias\/Fevereiro\/9ano\/Matematica\/REVISAGOIAS91MatematicaFevereiro.pdf\" target=\"_blank\" rel=\"noopener noreferrer\">Matem\u00e1tica, 9\u00ba ano e 1\u00aa s\u00e9rie &#8211; Fevereiro de 2023<\/a><\/p><p><a href=\"https:\/\/goias.gov.br\/educacao\/wp-content\/uploads\/sites\/40\/files\/MaterialDidatico\/RevisaGoias\/Fevereiro\/9ano\/Matematica\/REVISA91MatematicaFevereiro.pptx\" target=\"_blank\" rel=\"noopener noreferrer\">Revisa Goi\u00e1s, 9\u00ba ano 1\u00aa s\u00e9rie, Matem\u00e1tica (Apresenta\u00e7\u00e3o PPTx)<\/a><\/p><\/div><\/div><\/div><\/div><\/div><\/div><\/div><\/div><\/section><section id=\"section-id-1691677987275\" class=\"sppb-section \"><div class=\"sppb-row-container\"><div class=\"sppb-row\"><div class=\"sppb-col-md-12\"><div id=\"column-id-1691677987274\" class=\"sppb-column\"><div class=\"sppb-column-addons\"><div id=\"sppb-addon-1691677987278\" class=\"clearfix\"><div class=\"sppb-addon sppb-addon-text-block 0 \"><h3 class=\"sppb-addon-title\">9\u00ba ano e 1\u00aa s\u00e9rie &#8211; Ci\u00eancias da Natureza<\/h3><div class=\"sppb-addon-content\"><p><a href=\"https:\/\/goias.gov.br\/educacao\/wp-content\/uploads\/sites\/40\/files\/MaterialDidatico\/RevisaGoias\/Fevereiro\/9ano\/CienciasdaNatureza\/REVISAGOIAS91CienciasFevereiro.pdf\" target=\"_blank\" rel=\"noopener noreferrer\">Ci\u00eancias da Natureza, 9\u00ba ano e 1\u00aa s\u00e9rie &#8211; Fevereiro de 2023<\/a><\/p><p><a href=\"https:\/\/goias.gov.br\/educacao\/wp-content\/uploads\/sites\/40\/files\/MaterialDidatico\/RevisaGoias\/Fevereiro\/9ano\/CienciasdaNatureza\/REVISA91CienciasFevereiro.pptx\" target=\"_blank\" rel=\"noopener noreferrer\">Revisa Goi\u00e1s, 9\u00ba ano e 1\u00aa s\u00e9rie, Ci\u00eancias da Natureza (Apresenta\u00e7\u00e3o PPTx)<\/a><\/p><\/div><\/div><\/div><\/div><\/div><\/div><\/div><\/div><\/section><section id=\"section-id-1691677987287\" class=\"sppb-section \"><div class=\"sppb-row-container\"><div class=\"sppb-row\"><div class=\"sppb-col-md-12\"><div id=\"column-id-1691677987286\" class=\"sppb-column\"><div class=\"sppb-column-addons\"><div id=\"sppb-addon-1691677987290\" class=\"clearfix\"><div class=\"sppb-addon sppb-addon-text-block 0 \"><h3 class=\"sppb-addon-title\">2\u00aa e 3\u00aa s\u00e9rie &#8211; L\u00edngua Portuguesa<\/h3><div class=\"sppb-addon-content\"><p><a href=\"https:\/\/goias.gov.br\/educacao\/wp-content\/uploads\/sites\/40\/files\/MaterialDidatico\/RevisaGoias\/Fevereiro\/3serie\/Portugues\/REVISAGOIAS23PortuguesFevereiro.pdf\" target=\"_blank\" rel=\"noopener noreferrer\">L\u00edgua Portuguesa, 2\u00aa e 3\u00aa s\u00e9rie &#8211; Fevereiro de 2023<\/a><\/p><p><a href=\"https:\/\/goias.gov.br\/educacao\/wp-content\/uploads\/sites\/40\/files\/MaterialDidatico\/RevisaGoias\/Fevereiro\/3serie\/Portugues\/LinguaPortuguesaCadernodoEstudante2e3Fev.pdf\" target=\"_blank\" rel=\"noopener noreferrer\">L\u00edgua Portuguesa, 2\u00aa e 3\u00aa s\u00e9rie &#8211; Caderno do Estudante<\/a><\/p><p><a href=\"https:\/\/goias.gov.br\/educacao\/wp-content\/uploads\/sites\/40\/files\/MaterialDidatico\/RevisaGoias\/Fevereiro\/3serie\/Portugues\/LinguaPortuguesaCadernodoProfessor2e3Fev.pdf\" target=\"_blank\" rel=\"noopener noreferrer\">L\u00edgua Portuguesa, 2\u00aa e 3\u00aa s\u00e9rie &#8211; Caderno do Professor<\/a><\/p><p><a href=\"https:\/\/goias.gov.br\/educacao\/wp-content\/uploads\/sites\/40\/files\/MaterialDidatico\/RevisaGoias\/Fevereiro\/3serie\/Portugues\/REVISA23PortuguesFevereiro.pptx\" target=\"_blank\" rel=\"noopener noreferrer\">Revisa Goi\u00e1s, 2\u00aa e 3\u00aa s\u00e9rie, L\u00edngua Portuguesa (Apresenta\u00e7\u00e3o PPTx)<\/a><a href=\"https:\/\/goias.gov.br\/educacao\/wp-content\/uploads\/sites\/40\/files\/MaterialDidatico\/RevisaGoias\/Fevereiro\/3serie\/Portugues\/LinguaPortuguesaCadernodoProfessor2e3Fev.pdf\" target=\"_blank\" rel=\"noopener noreferrer\"><br \/><\/a><\/p><\/div><\/div><\/div><\/div><\/div><\/div><\/div><\/div><\/section><section id=\"section-id-1691677987296\" class=\"sppb-section \"><div class=\"sppb-row-container\"><div class=\"sppb-row\"><div class=\"sppb-col-md-12\"><div id=\"column-id-1691677987295\" class=\"sppb-column\"><div class=\"sppb-column-addons\"><div id=\"sppb-addon-1691677987299\" class=\"clearfix\"><div class=\"sppb-addon sppb-addon-text-block 0 \"><h3 class=\"sppb-addon-title\">2\u00aa e 3\u00aa s\u00e9rie &#8211; Matem\u00e1tica<\/h3><div class=\"sppb-addon-content\"><p><a href=\"https:\/\/goias.gov.br\/educacao\/wp-content\/uploads\/sites\/40\/files\/MaterialDidatico\/RevisaGoias\/Fevereiro\/3serie\/Matematica\/REVISAGOIAS23MatematicaFevereiro.pdf\" target=\"_blank\" rel=\"noopener noreferrer\">Matem\u00e1tica, 2\u00aa e 3\u00aa s\u00e9rie &#8211; Fevereiro de 2023<\/a><\/p><p><a href=\"https:\/\/goias.gov.br\/educacao\/wp-content\/uploads\/sites\/40\/files\/MaterialDidatico\/RevisaGoias\/Fevereiro\/3serie\/Matematica\/MatematicaCadernodoEstudante2e3Fev.pdf\" target=\"_blank\" rel=\"noopener noreferrer\">Matem\u00e1tica, 2\u00aa e 3\u00aa s\u00e9rie &#8211; Caderno do Estudante<\/a><\/p><p><a href=\"https:\/\/goias.gov.br\/educacao\/wp-content\/uploads\/sites\/40\/files\/MaterialDidatico\/RevisaGoias\/Fevereiro\/3serie\/Matematica\/MatematicaCadernodoProfessor2e3Fev.pdf\" target=\"_blank\" rel=\"noopener noreferrer\">Matem\u00e1tica, 2\u00aa e 3\u00aa s\u00e9rie &#8211; Caderno do Professor<\/a><\/p><p><a href=\"https:\/\/goias.gov.br\/educacao\/wp-content\/uploads\/sites\/40\/files\/MaterialDidatico\/RevisaGoias\/Fevereiro\/3serie\/Matematica\/REVISA23MatematicaFevereiro.pptx\" target=\"_blank\" rel=\"noopener noreferrer\">Revisa Goi\u00e1s, 2\u00aa e 3\u00aa s\u00e9rie, Matem\u00e1tica (Apresenta\u00e7\u00e3o PPTx)<\/a><a href=\"https:\/\/goias.gov.br\/educacao\/wp-content\/uploads\/sites\/40\/files\/MaterialDidatico\/RevisaGoias\/Fevereiro\/3serie\/Matematica\/MatematicaCadernodoProfessor2e3Fev.pdf\" target=\"_blank\" rel=\"noopener noreferrer\"><br \/><\/a><\/p><\/div><\/div><\/div><\/div><\/div><\/div><\/div><\/div><\/section><section id=\"section-id-1691677987313\" class=\"sppb-section \"><div class=\"sppb-row-container\"><div class=\"sppb-row\"><div class=\"sppb-col-md-12\"><div id=\"column-id-1691677987312\" class=\"sppb-column\"><div class=\"sppb-column-addons\"><div id=\"sppb-addon-1691677987316\" class=\"clearfix\"><div class=\"sppb-addon sppb-addon-text-block 0 \"><h3 class=\"sppb-addon-title\">2\u00aa e 3\u00aa s\u00e9rie &#8211; Ci\u00eancias da Natureza<\/h3><div class=\"sppb-addon-content\"><p><a href=\"https:\/\/goias.gov.br\/educacao\/wp-content\/uploads\/sites\/40\/files\/MaterialDidatico\/RevisaGoias\/Fevereiro\/3serie\/CienciasdaNatureza\/REVISAGOIAS23CienciasFevereiro.pdf\" target=\"_blank\" rel=\"noopener noreferrer\">Ci\u00eancias da Natureza, 2\u00aa e 3\u00aa s\u00e9rie &#8211; Fevereiro 2023<\/a><\/p><p><a href=\"https:\/\/goias.gov.br\/educacao\/wp-content\/uploads\/sites\/40\/files\/MaterialDidatico\/RevisaGoias\/Fevereiro\/3serie\/CienciasdaNatureza\/CienciasdaNaturezaCadernodoEstudante2e3fev.pdf\" target=\"_blank\" rel=\"noopener noreferrer\">Ci\u00eancias da Natureza, 2\u00aa e 3\u00aa s\u00e9rie &#8211; Caderno do Estudante<\/a><\/p><p><a href=\"https:\/\/goias.gov.br\/educacao\/wp-content\/uploads\/sites\/40\/files\/MaterialDidatico\/RevisaGoias\/Fevereiro\/3serie\/CienciasdaNatureza\/CienciasdaNaturezaCadernodoProfessor2e3Fev.pdf\" target=\"_blank\" rel=\"noopener noreferrer\">Ci\u00eancias da Natureza, 2\u00aa e 3\u00aa s\u00e9rie &#8211; Caderno do Professor<\/a><\/p><p><a href=\"https:\/\/goias.gov.br\/educacao\/wp-content\/uploads\/sites\/40\/files\/MaterialDidatico\/RevisaGoias\/Fevereiro\/3serie\/CienciasdaNatureza\/REVISA23CienciasFevereiro.pptx\" target=\"_blank\" rel=\"noopener noreferrer\">Revisa Goi\u00e1s, 2\u00aa e 3\u00aa s\u00e9rie, Ci\u00eancias da Natureza (Apresenta\u00e7\u00e3o PPTx)<\/a><\/p><\/div><\/div><\/div><\/div><\/div><\/div><\/div><\/div><\/section>\t\t\t\t\t\t\t\t<\/div>\n\t\t\t\t\t<\/div>\n\t\t\t\t<\/div>\n\t\t\t\t<\/div>\n\t\t","protected":false},"excerpt":{"rendered":"<p>Material de Fevereiro 5\u00ba e 6\u00ba Ano &#8211; Portugu\u00eas L\u00edngua Portuguesa, 5\u00ba e 6\u00ba ano &#8211; Fevereiro de 2023 L\u00edngua Portuguesa, 5\u00ba e 6\u00ba ano &#8211; Caderno do Estudante L\u00edngua Portuguesa, 5\u00ba e 6\u00ba ano &#8211; Cadernodo Professor Revisa Goi\u00e1s, 5\u00ba e 6\u00ba ano, L\u00edngua Portuguesa (Apresenta\u00e7\u00e3o PPTx) 5\u00ba e 6\u00ba Ano &#8211; Matem\u00e1tica Matem\u00e1tica, [&hellip;]<\/p>\n","protected":false},"author":222,"featured_media":0,"parent":0,"menu_order":0,"comment_status":"closed","ping_status":"closed","template":"wppb_theme_template","meta":{"footnotes":""},"class_list":["post-95951","page","type-page","status-publish","hentry"],"rttpg_featured_image_url":null,"rttpg_author":{"display_name":"diegomsilva","author_link":"https:\/\/goias.gov.br\/educacao\/author\/diegomsilva\/"},"rttpg_comment":0,"rttpg_category":null,"rttpg_excerpt":"Material de Fevereiro 5\u00ba e 6\u00ba Ano &#8211; Portugu\u00eas L\u00edngua Portuguesa, 5\u00ba e 6\u00ba ano &#8211; Fevereiro de 2023 L\u00edngua Portuguesa, 5\u00ba e 6\u00ba ano &#8211; Caderno do Estudante L\u00edngua Portuguesa, 5\u00ba e 6\u00ba ano &#8211; Cadernodo Professor Revisa Goi\u00e1s, 5\u00ba e 6\u00ba ano, L\u00edngua Portuguesa (Apresenta\u00e7\u00e3o PPTx) 5\u00ba e 6\u00ba Ano &#8211; Matem\u00e1tica Matem\u00e1tica,&hellip;","_links":{"self":[{"href":"https:\/\/goias.gov.br\/educacao\/wp-json\/wp\/v2\/pages\/95951","targetHints":{"allow":["GET"]}}],"collection":[{"href":"https:\/\/goias.gov.br\/educacao\/wp-json\/wp\/v2\/pages"}],"about":[{"href":"https:\/\/goias.gov.br\/educacao\/wp-json\/wp\/v2\/types\/page"}],"author":[{"embeddable":true,"href":"https:\/\/goias.gov.br\/educacao\/wp-json\/wp\/v2\/users\/222"}],"replies":[{"embeddable":true,"href":"https:\/\/goias.gov.br\/educacao\/wp-json\/wp\/v2\/comments?post=95951"}],"version-history":[{"count":2,"href":"https:\/\/goias.gov.br\/educacao\/wp-json\/wp\/v2\/pages\/95951\/revisions"}],"predecessor-version":[{"id":671871,"href":"https:\/\/goias.gov.br\/educacao\/wp-json\/wp\/v2\/pages\/95951\/revisions\/671871"}],"wp:attachment":[{"href":"https:\/\/goias.gov.br\/educacao\/wp-json\/wp\/v2\/media?parent=95951"}],"curies":[{"name":"wp","href":"https:\/\/api.w.org\/{rel}","templated":true}]}}