

{"id":95944,"date":"2024-03-21T09:37:29","date_gmt":"2024-03-21T12:37:29","guid":{"rendered":"https:\/\/siteshom.goias.gov.br\/educacao\/?page_id=95944"},"modified":"2026-01-29T11:19:42","modified_gmt":"2026-01-29T14:19:42","slug":"material-de-janeiro","status":"publish","type":"page","link":"https:\/\/goias.gov.br\/educacao\/material-de-janeiro\/","title":{"rendered":"Material de Janeiro"},"content":{"rendered":"\t\t<div data-elementor-type=\"wp-page\" data-elementor-id=\"95944\" class=\"elementor elementor-95944\">\n\t\t\t\t<div class=\"elementor-element elementor-element-0331d69 e-flex e-con-boxed e-con e-parent\" data-id=\"0331d69\" data-element_type=\"container\" data-e-type=\"container\">\n\t\t\t\t\t<div class=\"e-con-inner\">\n\t\t\t\t<div class=\"elementor-element elementor-element-d2b1c72 elementor-widget elementor-widget-text-editor\" data-id=\"d2b1c72\" data-element_type=\"widget\" data-e-type=\"widget\" data-widget_type=\"text-editor.default\">\n\t\t\t\t\t\t\t\t\t<section id=\"section-id-1691672802906\" class=\"sppb-section \"><div class=\"sppb-row-container\"><div class=\"sppb-row\"><div class=\"sppb-col-md-12\"><div id=\"column-id-1691672802905\" class=\"sppb-column\"><div class=\"sppb-column-addons\"><div id=\"sppb-addon-1691672802916\" class=\"clearfix\"><div class=\"sppb-addon sppb-addon-text-block 0 \"><div class=\"sppb-addon-content\"><h1>Material de Janeiro<\/h1><\/div><\/div><\/div><\/div><\/div><\/div><\/div><\/div><\/section><section id=\"section-id-1691672802913\" class=\"sppb-section \"><div class=\"sppb-row-container\"><div class=\"sppb-row\"><div class=\"sppb-col-md-12\"><div id=\"column-id-1691672802912\" class=\"sppb-column\"><div class=\"sppb-column-addons\"><div id=\"sppb-addon-1691672802909\" class=\"clearfix\"><div class=\"sppb-addon sppb-addon-text-block 0 \"><h3 class=\"sppb-addon-title\">5\u00ba e 6\u00ba Ano &#8211; Portugu\u00eas<\/h3><div class=\"sppb-addon-content\"><p><a href=\"https:\/\/goias.gov.br\/educacao\/wp-content\/uploads\/sites\/40\/files\/MaterialDidatico\/RevisaGoias\/Janeiro\/5ano\/Portugues\/REVISA56PORTUGUESJAN.pdf\" target=\"_blank\" rel=\"noopener noreferrer\">L\u00edngua Portuguesa, 5\u00ba e 6\u00ba ano &#8211; Janeiro de 2023<\/a><\/p><p><a href=\"https:\/\/goias.gov.br\/educacao\/wp-content\/uploads\/sites\/40\/files\/MaterialDidatico\/RevisaGoias\/Janeiro\/5ano\/Portugues\/LinguaPortuguesaCadernodoEstudante.pdf\" target=\"_blank\" rel=\"noopener noreferrer\">L\u00edngua Portuguesa, 5\u00ba e 6\u00ba ano &#8211; Caderno do Estudante <\/a><\/p><p><a href=\"https:\/\/goias.gov.br\/educacao\/wp-content\/uploads\/sites\/40\/files\/MaterialDidatico\/RevisaGoias\/Janeiro\/5ano\/Portugues\/LinguaPortuguesaCadernodoProfessor.pdf\" target=\"_blank\" rel=\"noopener noreferrer\">L\u00edngua Portuguesa, 5\u00ba e 6\u00ba ano &#8211; Caderno do Professor<\/a><\/p><p><a href=\"https:\/\/goias.gov.br\/educacao\/wp-content\/uploads\/sites\/40\/files\/MaterialDidatico\/RevisaGoias\/Janeiro\/5ano\/Portugues\/REVISA56PORTJAN.pptx\" target=\"_blank\" rel=\"noopener noreferrer\">Revisa Goi\u00e1s, 5\u00ba e 6\u00ba ano, L\u00edngua Portuguesa (Apresenta\u00e7\u00e3o PPTx)<\/a><\/p><\/div><\/div><\/div><\/div><\/div><\/div><\/div><\/div><\/section><section id=\"section-id-1691672802972\" class=\"sppb-section \"><div class=\"sppb-row-container\"><div class=\"sppb-row\"><div class=\"sppb-col-md-12\"><div id=\"column-id-1691672802971\" class=\"sppb-column\"><div class=\"sppb-column-addons\"><div id=\"sppb-addon-1691672802929\" class=\"clearfix\"><div class=\"sppb-addon sppb-addon-text-block 0 \"><h3 class=\"sppb-addon-title\">5\u00ba e 6\u00ba Ano &#8211; Matem\u00e1tica<\/h3><div class=\"sppb-addon-content\"><p><a href=\"https:\/\/goias.gov.br\/educacao\/wp-content\/uploads\/sites\/40\/files\/MaterialDidatico\/RevisaGoias\/Janeiro\/5ano\/Matematica\/Matematica56ano.pdf\" target=\"_blank\" rel=\"noopener noreferrer\">Matem\u00e1tica, 5\u00ba e 6\u00ba ano &#8211; Janeiro de 2023<\/a><\/p><p><a href=\"https:\/\/goias.gov.br\/educacao\/wp-content\/uploads\/sites\/40\/files\/MaterialDidatico\/RevisaGoias\/Janeiro\/5ano\/Matematica\/MatematicaCadernodoEstudante.pdf\" target=\"_blank\" rel=\"noopener noreferrer\">Matem\u00e1tica Caderno do Estudante, 5\u00ba e 6\u00ba ano &#8211; Caderno do Estudante<\/a><\/p><p><a href=\"https:\/\/goias.gov.br\/educacao\/wp-content\/uploads\/sites\/40\/files\/MaterialDidatico\/RevisaGoias\/Janeiro\/5ano\/Matematica\/MatematicaCadernodoProfessor.pdf\" target=\"_blank\" rel=\"noopener noreferrer\">Matem\u00e1tica Caderno do Estudante, 5\u00ba e 6\u00ba ano &#8211; Caderno do Professor<\/a><\/p><p><a href=\"https:\/\/goias.gov.br\/educacao\/wp-content\/uploads\/sites\/40\/files\/MaterialDidatico\/RevisaGoias\/Janeiro\/5ano\/Matematica\/REVISA56MATJAN.pptx\" target=\"_blank\" rel=\"noopener noreferrer\">Revisa Goi\u00e1s, 5\u00ba e 6\u00ba ano, Matem\u00e1tica (Apresenta\u00e7\u00e3o PPTx)<\/a><\/p><\/div><\/div><\/div><\/div><\/div><\/div><\/div><\/div><\/section><section id=\"section-id-1691672802942\" class=\"sppb-section \"><div class=\"sppb-row-container\"><div class=\"sppb-row\"><div class=\"sppb-col-md-12\"><div id=\"column-id-1691672802941\" class=\"sppb-column\"><div class=\"sppb-column-addons\"><div id=\"sppb-addon-1691672802945\" class=\"clearfix\"><div class=\"sppb-addon sppb-addon-text-block 0 \"><h3 class=\"sppb-addon-title\">9\u00ba ano e 1\u00aa s\u00e9rie &#8211; L\u00edngua Portuguesa<\/h3><div class=\"sppb-addon-content\"><p><a href=\"https:\/\/goias.gov.br\/educacao\/wp-content\/uploads\/sites\/40\/files\/MaterialDidatico\/RevisaGoias\/Janeiro\/9ano\/Portugues\/REVISA91%C2%AAPORTUGUESAJAN.pdf\" target=\"_blank\" rel=\"noopener noreferrer\">L\u00edngua Portuguesa, 9\u00ba ano e 1\u00aa s\u00e9rie &#8211; Janeiro de 2023<\/a><\/p><p><a href=\"https:\/\/goias.gov.br\/educacao\/wp-content\/uploads\/sites\/40\/files\/MaterialDidatico\/RevisaGoias\/Janeiro\/9ano\/Portugues\/LinguaPortuguesaCadernodoEstudante9e1.pdf\" target=\"_blank\" rel=\"noopener noreferrer\">L\u00edngua Portuguesa, 9\u00ba ano e 1\u00aa s\u00e9rie &#8211; Caderno do Estudante<\/a><\/p><p><a href=\"https:\/\/goias.gov.br\/educacao\/wp-content\/uploads\/sites\/40\/files\/MaterialDidatico\/RevisaGoias\/Janeiro\/9ano\/Portugues\/LinguaPortuguesaCadernodoprofessor9e1.pdf\" target=\"_blank\" rel=\"noopener noreferrer\">L\u00edngua Portuguesa, 9\u00ba ano e 1\u00aa s\u00e9rie &#8211; Caderno do Professor<\/a><\/p><p><a href=\"https:\/\/goias.gov.br\/educacao\/wp-content\/uploads\/sites\/40\/files\/MaterialDidatico\/RevisaGoias\/Janeiro\/9ano\/Portugues\/REVISA91PORTJAN.pptx\" target=\"_blank\" rel=\"noopener noreferrer\">Revisa Goi\u00e1s, 9\u00ba ano 1\u00aa s\u00e9rie, L\u00edngua Portuguesa (Apresenta\u00e7\u00e3o PPTx)<\/a><\/p><\/div><\/div><\/div><\/div><\/div><\/div><\/div><\/div><\/section><section id=\"section-id-1691672802951\" class=\"sppb-section \"><div class=\"sppb-row-container\"><div class=\"sppb-row\"><div class=\"sppb-col-md-12\"><div id=\"column-id-1691672802950\" class=\"sppb-column\"><div class=\"sppb-column-addons\"><div id=\"sppb-addon-1691672802954\" class=\"clearfix\"><div class=\"sppb-addon sppb-addon-text-block 0 \"><h3 class=\"sppb-addon-title\">9\u00ba ano e 1\u00aa s\u00e9rie &#8211; Matem\u00e1tica<\/h3><div class=\"sppb-addon-content\"><p><a href=\"https:\/\/goias.gov.br\/educacao\/wp-content\/uploads\/sites\/40\/files\/MaterialDidatico\/RevisaGoias\/Janeiro\/9ano\/Matematica\/REVISA91%C2%AAMATEMATICAJAN.pdf\" target=\"_blank\" rel=\"noopener noreferrer\">Matem\u00e1tica, 9\u00ba ano e 1\u00aa s\u00e9rie &#8211; Janeiro de 2023<\/a><\/p><p><a href=\"https:\/\/goias.gov.br\/educacao\/wp-content\/uploads\/sites\/40\/files\/MaterialDidatico\/RevisaGoias\/Janeiro\/9ano\/Matematica\/MatematicaCadernodoEstudante9e1.pdf\" target=\"_blank\" rel=\"noopener noreferrer\">Matem\u00e1tica Caderno do Estudante, 9\u00ba ano e 1\u00aa s\u00e9rie &#8211; Caderno do Estudante<\/a><\/p><p><a href=\"https:\/\/goias.gov.br\/educacao\/wp-content\/uploads\/sites\/40\/files\/MaterialDidatico\/RevisaGoias\/Janeiro\/9ano\/Matematica\/MatematicaCadernodoProfessor9e1.pdf\" target=\"_blank\" rel=\"noopener noreferrer\">Matem\u00e1tica Caderno do Estudante, 9\u00ba ano e 1\u00aa s\u00e9rie &#8211; Caderno do Professor<\/a><\/p><p><a href=\"https:\/\/goias.gov.br\/educacao\/wp-content\/uploads\/sites\/40\/files\/MaterialDidatico\/RevisaGoias\/Janeiro\/9ano\/Matematica\/REVISA91MATJAN.pptx\" target=\"_blank\" rel=\"noopener noreferrer\">Revisa Goi\u00e1s, 9\u00ba ano e 1\u00aa s\u00e9rie, Matem\u00e1tica (Apresenta\u00e7\u00e3o PPTx)<\/a><\/p><\/div><\/div><\/div><\/div><\/div><\/div><\/div><\/div><\/section><section id=\"section-id-1691672802967\" class=\"sppb-section \"><div class=\"sppb-row-container\"><div class=\"sppb-row\"><div class=\"sppb-col-md-12\"><div id=\"column-id-1691672802966\" class=\"sppb-column\"><div class=\"sppb-column-addons\"><div id=\"sppb-addon-1691672802970\" class=\"clearfix\"><div class=\"sppb-addon sppb-addon-text-block 0 \"><h3 class=\"sppb-addon-title\">2\u00aa e 3\u00aa s\u00e9rie &#8211; L\u00edngua Portuguesa<\/h3><div class=\"sppb-addon-content\"><p><a href=\"https:\/\/goias.gov.br\/educacao\/wp-content\/uploads\/sites\/40\/files\/MaterialDidatico\/RevisaGoias\/Janeiro\/3serie\/Portugues\/REVISA23PORTUGUESJAN.pdf\" target=\"_blank\" rel=\"noopener noreferrer\">L\u00edgua Portuguesa, 2\u00aa e 3\u00aa s\u00e9rie &#8211; Janeiro de 2023<\/a><\/p><p><a href=\"https:\/\/goias.gov.br\/educacao\/wp-content\/uploads\/sites\/40\/files\/MaterialDidatico\/RevisaGoias\/Janeiro\/3serie\/Portugues\/LinguaPortuguesaCadernodoEstudante2e3serie.pdf\" target=\"_blank\" rel=\"noopener noreferrer\">L\u00edgua Portuguesa, 2\u00aa e 3\u00aa s\u00e9rie &#8211; Caderno do Estudante<\/a><\/p><p><a href=\"https:\/\/goias.gov.br\/educacao\/wp-content\/uploads\/sites\/40\/files\/MaterialDidatico\/RevisaGoias\/Janeiro\/3serie\/Portugues\/LinguaPortuguesaCadernodoProfessor2e3serie.pdf\" target=\"_blank\" rel=\"noopener noreferrer\">L\u00edgua Portuguesa, 2\u00aa e 3\u00aa s\u00e9rie &#8211; Caderno do Professor<\/a><\/p><p><a href=\"https:\/\/goias.gov.br\/educacao\/wp-content\/uploads\/sites\/40\/files\/MaterialDidatico\/RevisaGoias\/Janeiro\/3serie\/Portugues\/REVISA23PORTJAN.pptx\" target=\"_blank\" rel=\"noopener noreferrer\">Revisa Goi\u00e1s, 2\u00aa e 3\u00aa s\u00e9rie, L\u00edngua Portuguesa (Apresenta\u00e7\u00e3o PPTx)<\/a><a href=\"https:\/\/goias.gov.br\/educacao\/wp-content\/uploads\/sites\/40\/files\/MaterialDidatico\/RevisaGoias\/Janeiro\/3serie\/Portugues\/LinguaPortuguesaCadernodoProfessor2e3serie.pdf\" target=\"_blank\" rel=\"noopener noreferrer\"><br \/><\/a><\/p><\/div><\/div><\/div><\/div><\/div><\/div><\/div><\/div><\/section><section id=\"section-id-1691672802978\" class=\"sppb-section \"><div class=\"sppb-row-container\"><div class=\"sppb-row\"><div class=\"sppb-col-md-12\"><div id=\"column-id-1691672802977\" class=\"sppb-column\"><div class=\"sppb-column-addons\"><div id=\"sppb-addon-1691672802981\" class=\"clearfix\"><div class=\"sppb-addon sppb-addon-text-block 0 \"><h3 class=\"sppb-addon-title\">2\u00aa e 3\u00aa s\u00e9rie &#8211; Matem\u00e1tica<\/h3><div class=\"sppb-addon-content\"><p><a href=\"https:\/\/goias.gov.br\/educacao\/wp-content\/uploads\/sites\/40\/files\/MaterialDidatico\/RevisaGoias\/Janeiro\/3serie\/Matematica\/REVISA23MATEMATICAJAN.pdf\" target=\"_blank\" rel=\"noopener noreferrer\">Matem\u00e1tica, 2\u00aa e 3\u00aa s\u00e9rie &#8211; Janeiro de 2023<\/a><\/p><p><a href=\"https:\/\/goias.gov.br\/educacao\/wp-content\/uploads\/sites\/40\/files\/MaterialDidatico\/RevisaGoias\/Janeiro\/3serie\/Matematica\/MatematicaCadernodoEstudadente2e3serie.pdf\" target=\"_blank\" rel=\"noopener noreferrer\">Matem\u00e1tica Caderno do Estudante, 2\u00aa e 3\u00aa s\u00e9rie &#8211; Caderno do Estudante<\/a><\/p><p><a href=\"https:\/\/goias.gov.br\/educacao\/wp-content\/uploads\/sites\/40\/files\/MaterialDidatico\/RevisaGoias\/Janeiro\/3serie\/Matematica\/MatematicaCadernodoProfessor2e3serie.pdf\" target=\"_blank\" rel=\"noopener noreferrer\">Matem\u00e1tica Caderno do Estudante, 2\u00aa e 3\u00aa s\u00e9rie &#8211; Caderno do Professor<\/a><\/p><p><a href=\"https:\/\/goias.gov.br\/educacao\/wp-content\/uploads\/sites\/40\/files\/MaterialDidatico\/RevisaGoias\/Janeiro\/3serie\/Matematica\/REVISA23MATJAN.pptx\" target=\"_blank\" rel=\"noopener noreferrer\">Revisa Goi\u00e1s, 2\u00aa e 3\u00aa s\u00e9rie, L\u00edngua Portuguesa (Apresenta\u00e7\u00e3o PPTx)<\/a><\/p><\/div><\/div><\/div><\/div><\/div><\/div><\/div><\/div><\/section>\t\t\t\t\t\t\t\t<\/div>\n\t\t\t\t\t<\/div>\n\t\t\t\t<\/div>\n\t\t\t\t<\/div>\n\t\t","protected":false},"excerpt":{"rendered":"<p>Material de Janeiro 5\u00ba e 6\u00ba Ano &#8211; Portugu\u00eas L\u00edngua Portuguesa, 5\u00ba e 6\u00ba ano &#8211; Janeiro de 2023 L\u00edngua Portuguesa, 5\u00ba e 6\u00ba ano &#8211; Caderno do Estudante L\u00edngua Portuguesa, 5\u00ba e 6\u00ba ano &#8211; Caderno do Professor Revisa Goi\u00e1s, 5\u00ba e 6\u00ba ano, L\u00edngua Portuguesa (Apresenta\u00e7\u00e3o PPTx) 5\u00ba e 6\u00ba Ano &#8211; Matem\u00e1tica [&hellip;]<\/p>\n","protected":false},"author":222,"featured_media":0,"parent":0,"menu_order":0,"comment_status":"closed","ping_status":"closed","template":"wppb_theme_template","meta":{"footnotes":""},"class_list":["post-95944","page","type-page","status-publish","hentry"],"rttpg_featured_image_url":null,"rttpg_author":{"display_name":"diegomsilva","author_link":"https:\/\/goias.gov.br\/educacao\/author\/diegomsilva\/"},"rttpg_comment":0,"rttpg_category":null,"rttpg_excerpt":"Material de Janeiro 5\u00ba e 6\u00ba Ano &#8211; Portugu\u00eas L\u00edngua Portuguesa, 5\u00ba e 6\u00ba ano &#8211; Janeiro de 2023 L\u00edngua Portuguesa, 5\u00ba e 6\u00ba ano &#8211; Caderno do Estudante L\u00edngua Portuguesa, 5\u00ba e 6\u00ba ano &#8211; Caderno do Professor Revisa Goi\u00e1s, 5\u00ba e 6\u00ba ano, L\u00edngua Portuguesa (Apresenta\u00e7\u00e3o PPTx) 5\u00ba e 6\u00ba Ano &#8211; Matem\u00e1tica&hellip;","_links":{"self":[{"href":"https:\/\/goias.gov.br\/educacao\/wp-json\/wp\/v2\/pages\/95944","targetHints":{"allow":["GET"]}}],"collection":[{"href":"https:\/\/goias.gov.br\/educacao\/wp-json\/wp\/v2\/pages"}],"about":[{"href":"https:\/\/goias.gov.br\/educacao\/wp-json\/wp\/v2\/types\/page"}],"author":[{"embeddable":true,"href":"https:\/\/goias.gov.br\/educacao\/wp-json\/wp\/v2\/users\/222"}],"replies":[{"embeddable":true,"href":"https:\/\/goias.gov.br\/educacao\/wp-json\/wp\/v2\/comments?post=95944"}],"version-history":[{"count":2,"href":"https:\/\/goias.gov.br\/educacao\/wp-json\/wp\/v2\/pages\/95944\/revisions"}],"predecessor-version":[{"id":671830,"href":"https:\/\/goias.gov.br\/educacao\/wp-json\/wp\/v2\/pages\/95944\/revisions\/671830"}],"wp:attachment":[{"href":"https:\/\/goias.gov.br\/educacao\/wp-json\/wp\/v2\/media?parent=95944"}],"curies":[{"name":"wp","href":"https:\/\/api.w.org\/{rel}","templated":true}]}}