

{"id":95932,"date":"2024-03-21T09:22:15","date_gmt":"2024-03-21T12:22:15","guid":{"rendered":"https:\/\/siteshom.goias.gov.br\/educacao\/?page_id=95932"},"modified":"2026-01-29T10:54:34","modified_gmt":"2026-01-29T13:54:34","slug":"mestrado","status":"publish","type":"page","link":"https:\/\/goias.gov.br\/educacao\/mestrado\/","title":{"rendered":"Mestrado"},"content":{"rendered":"\t\t<div data-elementor-type=\"wp-page\" data-elementor-id=\"95932\" class=\"elementor elementor-95932\">\n\t\t\t\t<div class=\"elementor-element elementor-element-1eb9e98 e-flex e-con-boxed e-con e-parent\" data-id=\"1eb9e98\" data-element_type=\"container\" data-e-type=\"container\">\n\t\t\t\t\t<div class=\"e-con-inner\">\n\t\t\t\t<div class=\"elementor-element elementor-element-1b7aaa7 elementor-widget elementor-widget-image\" data-id=\"1b7aaa7\" data-element_type=\"widget\" data-e-type=\"widget\" data-widget_type=\"image.default\">\n\t\t\t\t\t\t\t\t\t\t\t\t\t\t\t<img decoding=\"async\" src=\"https:\/\/goias.gov.br\/educacao\/wp-content\/uploads\/sites\/40\/2024\/03\/banner-mestrado-ueg-1.png\" title=\"\" alt=\"\" loading=\"lazy\" \/>\t\t\t\t\t\t\t\t\t\t\t\t\t\t\t<\/div>\n\t\t\t\t<div class=\"elementor-element elementor-element-f3eb0be elementor-widget elementor-widget-n-accordion\" data-id=\"f3eb0be\" data-element_type=\"widget\" data-e-type=\"widget\" data-settings=\"{&quot;default_state&quot;:&quot;expanded&quot;,&quot;max_items_expended&quot;:&quot;one&quot;,&quot;n_accordion_animation_duration&quot;:{&quot;unit&quot;:&quot;ms&quot;,&quot;size&quot;:400,&quot;sizes&quot;:[]}}\" data-widget_type=\"nested-accordion.default\">\n\t\t\t\t\t\t\t<div class=\"e-n-accordion\" aria-label=\"Accordion. Open links with Enter or Space, close with Escape, and navigate with Arrow Keys\">\n\t\t\t\t\t\t<details id=\"e-n-accordion-item-2550\" class=\"e-n-accordion-item\" open>\n\t\t\t\t<summary class=\"e-n-accordion-item-title\" data-accordion-index=\"1\" tabindex=\"0\" aria-expanded=\"true\" aria-controls=\"e-n-accordion-item-2550\" >\n\t\t\t\t\t<span class='e-n-accordion-item-title-header'><div class=\"e-n-accordion-item-title-text\"> Programa de P\u00f3s Gradua\u00e7\u00e3o 2025\/2 <\/div><\/span>\n\t\t\t\t\t\t\t<span class='e-n-accordion-item-title-icon'>\n\t\t\t<span class='e-opened' ><svg aria-hidden=\"true\" class=\"e-font-icon-svg e-fas-chevron-down\" viewBox=\"0 0 448 512\" xmlns=\"http:\/\/www.w3.org\/2000\/svg\"><path d=\"M207.029 381.476L12.686 187.132c-9.373-9.373-9.373-24.569 0-33.941l22.667-22.667c9.357-9.357 24.522-9.375 33.901-.04L224 284.505l154.745-154.021c9.379-9.335 24.544-9.317 33.901.04l22.667 22.667c9.373 9.373 9.373 24.569 0 33.941L240.971 381.476c-9.373 9.372-24.569 9.372-33.942 0z\"><\/path><\/svg><\/span>\n\t\t\t<span class='e-closed'><svg aria-hidden=\"true\" class=\"e-font-icon-svg e-fas-chevron-right\" viewBox=\"0 0 320 512\" xmlns=\"http:\/\/www.w3.org\/2000\/svg\"><path d=\"M285.476 272.971L91.132 467.314c-9.373 9.373-24.569 9.373-33.941 0l-22.667-22.667c-9.357-9.357-9.375-24.522-.04-33.901L188.505 256 34.484 101.255c-9.335-9.379-9.317-24.544.04-33.901l22.667-22.667c9.373-9.373 24.569-9.373 33.941 0L285.475 239.03c9.373 9.372 9.373 24.568.001 33.941z\"><\/path><\/svg><\/span>\n\t\t<\/span>\n\n\t\t\t\t\t\t<\/summary>\n\t\t\t\t<div role=\"region\" aria-labelledby=\"e-n-accordion-item-2550\" class=\"elementor-element elementor-element-904d0cf e-con-full e-flex e-con e-child\" data-id=\"904d0cf\" data-element_type=\"container\" data-e-type=\"container\">\n\t\t\t\t<div class=\"elementor-element elementor-element-7423fe2 elementor-widget elementor-widget-text-editor\" data-id=\"7423fe2\" data-element_type=\"widget\" data-e-type=\"widget\" data-widget_type=\"text-editor.default\">\n\t\t\t\t\t\t\t\t\t<p><em>Podem participar professores efetivos, com licenciatura em qualquer \u00e1rea do conhecimento e em reg\u00eancia de sala de aula na rede p\u00fablica estadual.<\/em><\/p><p>O Governo de Goi\u00e1s, por meio da Secretaria de Estado da Educa\u00e7\u00e3o (Seduc\/GO), abre, nesta sexta-feira, 19 de setembro de 2025, o per\u00edodo de inscri\u00e7\u00f5es para a pr\u00e9-sele\u00e7\u00e3o de candidatos \u00e0s vagas do programa de P\u00f3s-Gradua\u00e7\u00e3o Stricto Sensu Mestrado Profissional em Ensino de Ci\u00eancias (PPEC) da Universidade Estadual de Goi\u00e1s (UEG).<\/p><p>O programa oferece duas linhas de pesquisa:<\/p><ul><li>Forma\u00e7\u00e3o de Professores em Ensino de Ci\u00eancias;<\/li><li>Metodologias e Recursos Educacionais para o Ensino de Ci\u00eancias.<\/li><\/ul><p>Podem se inscrever professores efetivos da rede estadual de educa\u00e7\u00e3o de Goi\u00e1s, com licenciatura em qualquer \u00e1rea do conhecimento e que estejam em reg\u00eancia de sala de aula.<\/p><p>Ser\u00e3o pr\u00e9-selecionados 36 professores, que receber\u00e3o a Declara\u00e7\u00e3o de Pr\u00e9-selecionado(a), documento obrigat\u00f3rio para a inscri\u00e7\u00e3o no processo seletivo do PPEC, conforme o Edital PRP\/UEG N\u00ba 17\/2025.<\/p><p>Esses 36 professores concorrer\u00e3o entre si por 06 (seis) vagas destinadas ao conv\u00eanio Seduc\/GO e UEG. Os aprovados nessas vagas receber\u00e3o bolsa mensal de R$ 2.100,00 durante os 12 primeiros meses do curso.<\/p><p>O curso de mestrado \u00e9 gratuito e ser\u00e1 ofertado no C\u00e2mpus Central da UEG, em An\u00e1polis (GO). O professor aprovado nas vagas do conv\u00eanio dever\u00e1 permanecer em reg\u00eancia de sala de aula durante todo o per\u00edodo de realiza\u00e7\u00e3o do mestrado.<\/p><p>As inscri\u00e7\u00f5es para a pr\u00e9-sele\u00e7\u00e3o estar\u00e3o abertas de 19 a 29 de setembro de 2025, por meio do formul\u00e1rio eletr\u00f4nico: <a href=\"https:\/\/forms.gle\/DxfEoa6zU1kP21CC9\">https:\/\/forms.gle\/DxfEoa6zU1kP21CC9<\/a><\/p><p>Mais informa\u00e7\u00f5es sobre o Programa PPEC est\u00e3o dispon\u00edveis no site: <a href=\"https:\/\/www.ueg.br\/iael\/ppec\/\">http:\/\/www.ppec.ueg.br<\/a><\/p><p><a href=\"https:\/\/goias.gov.br\/educacao\/wp-content\/uploads\/sites\/40\/2025\/09\/1-Chamada-Publica-no-02-2025-Processo-Seletivo-Interno-Mestrado-em-Ensino-de-Ciencias-UEG2026-1.pdf\">Chamada P\u00fablica N.\u00ba 02\/2025<\/a><\/p><p><a href=\"https:\/\/goias.gov.br\/educacao\/wp-content\/uploads\/sites\/40\/2025\/09\/Mestrado-Inscricoes-homologadas-2.pdf\">Inscri\u00e7\u00f5es homologadas\u00a0<\/a><\/p><p><a href=\"https:\/\/goias.gov.br\/educacao\/wp-content\/uploads\/sites\/40\/2025\/09\/Mestrado-Inscricoes-NAO-homologadas-.pdf\">Inscri\u00e7\u00f5es N\u00c3O homologadas<\/a><\/p><p><a href=\"https:\/\/goias.gov.br\/educacao\/wp-content\/uploads\/sites\/40\/2025\/10\/Mestrado-Resultado-Preliminar-3.pdf\">Resultado Preliminar<\/a><\/p><p><a href=\"https:\/\/goias.gov.br\/educacao\/wp-content\/uploads\/sites\/40\/2025\/10\/Mestrado-Resultado-Final-2026-1.pdf\">Mestrado &#8211; Resultado Final<\/a><\/p>\t\t\t\t\t\t\t\t<\/div>\n\t\t\t\t<\/div>\n\t\t\t\t\t<\/details>\n\t\t\t\t\t\t<details id=\"e-n-accordion-item-2551\" class=\"e-n-accordion-item\" >\n\t\t\t\t<summary class=\"e-n-accordion-item-title\" data-accordion-index=\"2\" tabindex=\"-1\" aria-expanded=\"false\" aria-controls=\"e-n-accordion-item-2551\" >\n\t\t\t\t\t<span class='e-n-accordion-item-title-header'><div class=\"e-n-accordion-item-title-text\"> Programa de P\u00f3s Gradua\u00e7\u00e3o 2025\/1 <\/div><\/span>\n\t\t\t\t\t\t\t<span class='e-n-accordion-item-title-icon'>\n\t\t\t<span class='e-opened' ><svg aria-hidden=\"true\" class=\"e-font-icon-svg e-fas-chevron-down\" viewBox=\"0 0 448 512\" xmlns=\"http:\/\/www.w3.org\/2000\/svg\"><path d=\"M207.029 381.476L12.686 187.132c-9.373-9.373-9.373-24.569 0-33.941l22.667-22.667c9.357-9.357 24.522-9.375 33.901-.04L224 284.505l154.745-154.021c9.379-9.335 24.544-9.317 33.901.04l22.667 22.667c9.373 9.373 9.373 24.569 0 33.941L240.971 381.476c-9.373 9.372-24.569 9.372-33.942 0z\"><\/path><\/svg><\/span>\n\t\t\t<span class='e-closed'><svg aria-hidden=\"true\" class=\"e-font-icon-svg e-fas-chevron-right\" viewBox=\"0 0 320 512\" xmlns=\"http:\/\/www.w3.org\/2000\/svg\"><path d=\"M285.476 272.971L91.132 467.314c-9.373 9.373-24.569 9.373-33.941 0l-22.667-22.667c-9.357-9.357-9.375-24.522-.04-33.901L188.505 256 34.484 101.255c-9.335-9.379-9.317-24.544.04-33.901l22.667-22.667c9.373-9.373 24.569-9.373 33.941 0L285.475 239.03c9.373 9.372 9.373 24.568.001 33.941z\"><\/path><\/svg><\/span>\n\t\t<\/span>\n\n\t\t\t\t\t\t<\/summary>\n\t\t\t\t<div role=\"region\" aria-labelledby=\"e-n-accordion-item-2551\" class=\"elementor-element elementor-element-092fd3d e-con-full e-flex e-con e-child\" data-id=\"092fd3d\" data-element_type=\"container\" data-e-type=\"container\">\n\t\t\t\t<div class=\"elementor-element elementor-element-34e7ae9 elementor-widget elementor-widget-text-editor\" data-id=\"34e7ae9\" data-element_type=\"widget\" data-e-type=\"widget\" data-widget_type=\"text-editor.default\">\n\t\t\t\t\t\t\t\t\t<p><em>Podem participar professores efetivos, com licenciatura em qualquer \u00e1rea do conhecimento e em reg\u00eancia de sala de aula na rede p\u00fablica estadual.<\/em><\/p><p>O Governo de Goi\u00e1s, por meio da Secretaria de Estado da Educa\u00e7\u00e3o (Seduc\/GO), abre, nesta segunda-feira, 10 de junho de 2025, o per\u00edodo de inscri\u00e7\u00f5es para a pr\u00e9-sele\u00e7\u00e3o de candidatos \u00e0s vagas do programa de P\u00f3s-Gradua\u00e7\u00e3o Stricto Sensu Mestrado Profissional em Ensino de Ci\u00eancias (PPEC) da Universidade Estadual de Goi\u00e1s (UEG).<\/p><p>O programa oferece duas linhas de pesquisa:<\/p><ul><li>Forma\u00e7\u00e3o de Professores em Ensino de Ci\u00eancias;<\/li><li>Metodologias e Recursos Educacionais para o Ensino de Ci\u00eancias.<\/li><\/ul><p>Podem se inscrever professores efetivos da rede estadual de educa\u00e7\u00e3o de Goi\u00e1s, com licenciatura em qualquer \u00e1rea do conhecimento e que estejam em reg\u00eancia de sala de aula.<\/p><p>Ser\u00e3o pr\u00e9-selecionados 36 professores, que receber\u00e3o a Declara\u00e7\u00e3o de Pr\u00e9-selecionado(a), documento obrigat\u00f3rio para a inscri\u00e7\u00e3o no processo seletivo do PPEC, conforme o Edital PRP\/UEG N\u00ba 17\/2025.<\/p><p>Esses 36 professores concorrer\u00e3o entre si por 06 (seis) vagas destinadas ao conv\u00eanio Seduc\/GO e UEG. Os aprovados nessas vagas receber\u00e3o bolsa mensal de R$ 2.100,00 durante os 12 primeiros meses do curso.<\/p><p>O curso de mestrado \u00e9 gratuito e ser\u00e1 ofertado no C\u00e2mpus Central da UEG, em An\u00e1polis (GO). O professor aprovado nas vagas do conv\u00eanio dever\u00e1 permanecer em reg\u00eancia de sala de aula durante todo o per\u00edodo de realiza\u00e7\u00e3o do mestrado.<\/p><p>As inscri\u00e7\u00f5es para a pr\u00e9-sele\u00e7\u00e3o estar\u00e3o abertas de 10 a 23 de junho de 2025, por meio do formul\u00e1rio eletr\u00f4nico: <a href=\"https:\/\/docs.google.com\/forms\/d\/e\/1FAIpQLSfo2AfdPyaH_lWQ7FeZYXfjMhsny6chfX3ZczV5KHf4EWt8eg\/viewform\">https:\/\/forms.gle\/xE9JQP8EryzDQkz36<\/a><\/p><p>Mais informa\u00e7\u00f5es sobre o Programa PPEC est\u00e3o dispon\u00edveis no site: <a href=\"https:\/\/www.ueg.br\/iael\/ppec\/\">http:\/\/www.ppec.ueg.br<\/a><\/p><p><a href=\"https:\/\/goias.gov.br\/educacao\/wp-content\/uploads\/sites\/40\/2025\/06\/Chamada-Publica-2025.pdf\">Chamada P\u00fablica 2025<\/a><\/p><p><a href=\"https:\/\/goias.gov.br\/educacao\/wp-content\/uploads\/sites\/40\/2025\/06\/Mestrado-Inscricoes-homologadas-1.pdf\">Inscri\u00e7\u00f5es Homologadas<\/a><\/p><p><a href=\"https:\/\/goias.gov.br\/educacao\/wp-content\/uploads\/sites\/40\/2025\/07\/Mestrado-Resultado-preliminar-1.pdf\">Resultado Preliminar<\/a><\/p><p><a href=\"https:\/\/goias.gov.br\/educacao\/wp-content\/uploads\/sites\/40\/2025\/07\/Mestrado-Resultado-Final-1.pdf\">Resultado Final\u00a0<\/a><\/p><p><a href=\"https:\/\/goias.gov.br\/educacao\/wp-content\/uploads\/sites\/40\/2025\/09\/RESULTADO_FINAL_Edital_17_2025_Seduc_turma_2025_2_PPEC_26_08_2025_.docx.pdf\">Resultado Final &#8211; Aprovados<\/a><\/p>\t\t\t\t\t\t\t\t<\/div>\n\t\t\t\t<\/div>\n\t\t\t\t\t<\/details>\n\t\t\t\t\t\t<details id=\"e-n-accordion-item-2552\" class=\"e-n-accordion-item\" >\n\t\t\t\t<summary class=\"e-n-accordion-item-title\" data-accordion-index=\"3\" tabindex=\"-1\" aria-expanded=\"false\" aria-controls=\"e-n-accordion-item-2552\" >\n\t\t\t\t\t<span class='e-n-accordion-item-title-header'><div class=\"e-n-accordion-item-title-text\"> Programa de P\u00f3s Gradua\u00e7\u00e3o 2023 <\/div><\/span>\n\t\t\t\t\t\t\t<span class='e-n-accordion-item-title-icon'>\n\t\t\t<span class='e-opened' ><svg aria-hidden=\"true\" class=\"e-font-icon-svg e-fas-chevron-down\" viewBox=\"0 0 448 512\" xmlns=\"http:\/\/www.w3.org\/2000\/svg\"><path d=\"M207.029 381.476L12.686 187.132c-9.373-9.373-9.373-24.569 0-33.941l22.667-22.667c9.357-9.357 24.522-9.375 33.901-.04L224 284.505l154.745-154.021c9.379-9.335 24.544-9.317 33.901.04l22.667 22.667c9.373 9.373 9.373 24.569 0 33.941L240.971 381.476c-9.373 9.372-24.569 9.372-33.942 0z\"><\/path><\/svg><\/span>\n\t\t\t<span class='e-closed'><svg aria-hidden=\"true\" class=\"e-font-icon-svg e-fas-chevron-right\" viewBox=\"0 0 320 512\" xmlns=\"http:\/\/www.w3.org\/2000\/svg\"><path d=\"M285.476 272.971L91.132 467.314c-9.373 9.373-24.569 9.373-33.941 0l-22.667-22.667c-9.357-9.357-9.375-24.522-.04-33.901L188.505 256 34.484 101.255c-9.335-9.379-9.317-24.544.04-33.901l22.667-22.667c9.373-9.373 24.569-9.373 33.941 0L285.475 239.03c9.373 9.372 9.373 24.568.001 33.941z\"><\/path><\/svg><\/span>\n\t\t<\/span>\n\n\t\t\t\t\t\t<\/summary>\n\t\t\t\t<div role=\"region\" aria-labelledby=\"e-n-accordion-item-2552\" class=\"elementor-element elementor-element-695510a e-con-full e-flex e-con e-child\" data-id=\"695510a\" data-element_type=\"container\" data-e-type=\"container\">\n\t\t\t\t<div class=\"elementor-element elementor-element-6070427 elementor-widget elementor-widget-text-editor\" data-id=\"6070427\" data-element_type=\"widget\" data-e-type=\"widget\" data-widget_type=\"text-editor.default\">\n\t\t\t\t\t\t\t\t\t<section id=\"section-id-1696968488932\" class=\"sppb-section \"><div class=\"sppb-row-container\"><div class=\"sppb-row\"><div class=\"sppb-col-md-12\"><div id=\"column-id-1696968488931\" class=\"sppb-column\"><div class=\"sppb-column-addons\"><div id=\"sppb-addon-1696938276225\" class=\"clearfix\"><div class=\"sppb-addon sppb-addon-text-block 0 \"><div class=\"sppb-addon-content\"><p><em>Podem participar professores efetivos, com licenciatura em qualquer \u00e1rea do conhecimento e em reg\u00eancia de classe na rede p\u00fablica estadual.\u00a0\u00a0<\/em><\/p><\/div><\/div><\/div><\/div><\/div><\/div><\/div><\/div><\/section><section id=\"section-id-1696938276227\" class=\"sppb-section \"><div class=\"sppb-row-container\"><div class=\"sppb-row\"><div class=\"sppb-col-md-12\"><div id=\"column-id-1696938276226\" class=\"sppb-column\"><div class=\"sppb-column-addons\"><div id=\"sppb-addon-1696938276230\" class=\"clearfix\"><div class=\"sppb-addon sppb-addon-text-block 0 \"><div class=\"sppb-addon-content\"><div>O Governo de Goi\u00e1s, por meio da Secretaria de Estado da Educa\u00e7\u00e3o (Seduc\/GO), abre, nesta sexta-feira, 15\/09, o per\u00edodo de inscri\u00e7\u00f5es para a pr\u00e9-sele\u00e7\u00e3o de candidatos \u00e0s vagas do programa de P\u00f3s-Gradua\u00e7\u00e3o\u00a0<em>Stricto Sensu<\/em>\u00a0Mestrado Profissional em Ensino de Ci\u00eancias (PPEC) da Universidade Estadual de Goi\u00e1s (UEG).<\/div><div><em>\u00a0<\/em><\/div><div>S\u00e3o duas linhas de pesquisa: \u2018Forma\u00e7\u00e3o de Professores em Ensino de Ci\u00eancias\u2019 e \u2018Metodologias e Recursos Educacionais para o Ensino de Ci\u00eancias\u2019. Podem se inscrever professores efetivos da rede p\u00fablica estadual de ensino, com forma\u00e7\u00e3o superior em Licenciatura em qualquer \u00e1rea do conhecimento e que estejam em reg\u00eancia de sala de aula nas escolas p\u00fablicas estaduais.<\/div><div><em>\u00a0<\/em><\/div><div><p>Por meio desta chamada p\u00fablica ser\u00e3o selecionados 36 professores que receber\u00e3o a \u2018declara\u00e7\u00e3o de pr\u00e9-selecionado\u2019 necess\u00e1ria para a inscri\u00e7\u00e3o ao PPEC. Esses 36 professores pr\u00e9-selecionados concorrer\u00e3o, entre si, por seis vagas que, provenientes do conv\u00eanio entre a Seduc\/GO e a UEG, asseguram uma bolsa de estudo, no valor de R$ 1,5 mil mensais, durante os 12 primeiros meses do mestrado.<\/p><p>O mestrado profissional em ensino de Ci\u00eancias \u00e9 gratuito e ser\u00e1 oferecido no Campus Central da UEG, em An\u00e1polis. Durante o per\u00edodo da realiza\u00e7\u00e3o do mestrado, at\u00e9 a sua finaliza\u00e7\u00e3o, o professor aprovado nestas vagas do conv\u00eanio dever\u00e1 continuar em reg\u00eancia de sala de aula na rede estadual.<\/p><p>As inscri\u00e7\u00f5es devem ser realizadas no per\u00edodo de 15 de setembro a 06 de outubro de 2023, mediante o preenchimento de formul\u00e1rio eletr\u00f4nico dispon\u00edvel no\u00a0<em>site<\/em>\u00a0da Seduc\/GO.\u00a0Mais informa\u00e7\u00f5es sobre o PPEC podem ser obtidas no endere\u00e7o\u00a0<a href=\"https:\/\/www.ppec.ueg.br\/\"><strong>https:\/\/www.ppec.ueg.br<\/strong><\/a>\u00a0.<\/p><p><a href=\"\/educacao\/wp-content\/uploads\/sites\/40\/files\/Mestrado\/ChamadaPublica01-2023.pdf\" target=\"_blank\" rel=\"noopener\">Edital<\/a><br \/><a href=\"\/educacao\/wp-content\/uploads\/sites\/40\/files\/Mestrado\/CronogramaProrrogacao.pdf\" target=\"_blank\" rel=\"noopener\">Prorroga\u00e7\u00e3o das Inscri\u00e7\u00f5es<\/a><br \/><a href=\"\/educacao\/wp-content\/uploads\/sites\/40\/files\/Mestrado\/InscricoesHomologadas.pdf\" target=\"_blank\" rel=\"noopener\">Inscri\u00e7\u00f5es homologadas<\/a><br \/><a href=\"\/educacao\/wp-content\/uploads\/sites\/40\/files\/Mestrado\/InscricoesnaoHomologadas.pdf\" target=\"_blank\" rel=\"noopener\">Inscri\u00e7\u00f5es n\u00e3o homologadas<br \/><\/a><a href=\"\/educacao\/wp-content\/uploads\/sites\/40\/files\/Mestrado\/PLANILHACONSOLIDADA-finalpreliminar.pdf\" target=\"_blank\" rel=\"noopener\">Planilha Consolidada &#8211; final preliminar<br \/><\/a><a href=\"\/educacao\/wp-content\/uploads\/sites\/40\/files\/Mestrado\/PLANILHACONSOLIDADAFINAL.pdf\" target=\"_blank\" rel=\"noopener\">Planilha Consolidada &#8211; Final<br \/><\/a><a href=\"\/educacao\/wp-content\/uploads\/sites\/40\/files\/Mestrado\/PLANILHACONSOLIDADAPRESELECIONADOS.pdf\" target=\"_blank\" rel=\"noopener\">Planilha Consolidada Pr\u00e9-Selecionados<\/a><\/p><\/div><\/div><\/div><\/div><\/div><\/div><\/div><\/div><\/div><\/section>\t\t\t\t\t\t\t\t<\/div>\n\t\t\t\t<\/div>\n\t\t\t\t\t<\/details>\n\t\t\t\t\t<\/div>\n\t\t\t\t\t\t<\/div>\n\t\t\t\t\t<\/div>\n\t\t\t\t<\/div>\n\t\t\t\t<\/div>\n\t\t","protected":false},"excerpt":{"rendered":"<p>Programa de P\u00f3s Gradua\u00e7\u00e3o 2025\/2 Podem participar professores efetivos, com licenciatura em qualquer \u00e1rea do conhecimento e em reg\u00eancia de sala de aula na rede p\u00fablica estadual. O Governo de Goi\u00e1s, por meio da Secretaria de Estado da Educa\u00e7\u00e3o (Seduc\/GO), abre, nesta sexta-feira, 19 de setembro de 2025, o per\u00edodo de inscri\u00e7\u00f5es para a pr\u00e9-sele\u00e7\u00e3o [&hellip;]<\/p>\n","protected":false},"author":7,"featured_media":0,"parent":0,"menu_order":0,"comment_status":"closed","ping_status":"closed","template":"wppb_theme_template","meta":{"footnotes":""},"class_list":["post-95932","page","type-page","status-publish","hentry"],"rttpg_featured_image_url":null,"rttpg_author":{"display_name":"gustavogoncalves","author_link":"https:\/\/goias.gov.br\/educacao\/author\/gustavogoncalves\/"},"rttpg_comment":0,"rttpg_category":null,"rttpg_excerpt":"Programa de P\u00f3s Gradua\u00e7\u00e3o 2025\/2 Podem participar professores efetivos, com licenciatura em qualquer \u00e1rea do conhecimento e em reg\u00eancia de sala de aula na rede p\u00fablica estadual. O Governo de Goi\u00e1s, por meio da Secretaria de Estado da Educa\u00e7\u00e3o (Seduc\/GO), abre, nesta sexta-feira, 19 de setembro de 2025, o per\u00edodo de inscri\u00e7\u00f5es para a pr\u00e9-sele\u00e7\u00e3o&hellip;","_links":{"self":[{"href":"https:\/\/goias.gov.br\/educacao\/wp-json\/wp\/v2\/pages\/95932","targetHints":{"allow":["GET"]}}],"collection":[{"href":"https:\/\/goias.gov.br\/educacao\/wp-json\/wp\/v2\/pages"}],"about":[{"href":"https:\/\/goias.gov.br\/educacao\/wp-json\/wp\/v2\/types\/page"}],"author":[{"embeddable":true,"href":"https:\/\/goias.gov.br\/educacao\/wp-json\/wp\/v2\/users\/7"}],"replies":[{"embeddable":true,"href":"https:\/\/goias.gov.br\/educacao\/wp-json\/wp\/v2\/comments?post=95932"}],"version-history":[{"count":2,"href":"https:\/\/goias.gov.br\/educacao\/wp-json\/wp\/v2\/pages\/95932\/revisions"}],"predecessor-version":[{"id":671401,"href":"https:\/\/goias.gov.br\/educacao\/wp-json\/wp\/v2\/pages\/95932\/revisions\/671401"}],"wp:attachment":[{"href":"https:\/\/goias.gov.br\/educacao\/wp-json\/wp\/v2\/media?parent=95932"}],"curies":[{"name":"wp","href":"https:\/\/api.w.org\/{rel}","templated":true}]}}