

{"id":95843,"date":"2024-03-18T15:51:50","date_gmt":"2024-03-18T18:51:50","guid":{"rendered":"https:\/\/siteshom.goias.gov.br\/educacao\/?page_id=95843"},"modified":"2026-01-30T08:52:55","modified_gmt":"2026-01-30T11:52:55","slug":"educacao-de-jovens-e-adultos","status":"publish","type":"page","link":"https:\/\/goias.gov.br\/educacao\/educacao-de-jovens-e-adultos\/","title":{"rendered":"Educa\u00e7\u00e3o de Jovens e Adultos"},"content":{"rendered":"\t\t<div data-elementor-type=\"wp-page\" data-elementor-id=\"95843\" class=\"elementor elementor-95843\">\n\t\t\t\t<div class=\"elementor-element elementor-element-f9d3ae5 e-flex e-con-boxed e-con e-parent\" data-id=\"f9d3ae5\" data-element_type=\"container\" data-e-type=\"container\">\n\t\t\t\t\t<div class=\"e-con-inner\">\n\t\t\t\t<div class=\"elementor-element elementor-element-321090e elementor-widget elementor-widget-image\" data-id=\"321090e\" data-element_type=\"widget\" data-e-type=\"widget\" data-widget_type=\"image.default\">\n\t\t\t\t\t\t\t\t\t\t\t\t\t\t\t<img decoding=\"async\" src=\"https:\/\/goias.gov.br\/educacao\/wp-content\/uploads\/sites\/40\/2024\/03\/banner-pag.-eja-modelo-1-1-scaled.jpg\" title=\"\" alt=\"\" loading=\"lazy\" \/>\t\t\t\t\t\t\t\t\t\t\t\t\t\t\t<\/div>\n\t\t\t\t<div class=\"elementor-element elementor-element-4b8a23e elementor-widget elementor-widget-text-editor\" data-id=\"4b8a23e\" data-element_type=\"widget\" data-e-type=\"widget\" data-widget_type=\"text-editor.default\">\n\t\t\t\t\t\t\t\t\t<p class=\"p-texto\"><strong>Sobre a EJA<\/strong><\/p><p class=\"p-texto\">A rede estadual de Educa\u00e7\u00e3o disponibiliza turmas da Educa\u00e7\u00e3o de Jovens e Adultos (EJA) para que as pessoas a partir de 15 anos de idade possam concluir a Educa\u00e7\u00e3o B\u00e1sica. As turmas s\u00e3o ofertadas de forma presencial ou \u00e0 dist\u00e2ncia (EJATec). A oferta \u00e9 feita em etapas, sendo a 1\u00aa etapa correspondente aos anos iniciais do Ensino Fundamental (1\u00ba ao 5\u00ba ano); a 2\u00aa etapa equivalente aos anos finais do Ensino Fundamental (6\u00ba ao 9\u00ba ano); e a 3\u00aa etapa ao Ensino M\u00e9dio (1\u00aa a 3\u00aa s\u00e9rie). Podem se matricular no Ensino Fundamental jovens e adultos a partir dos 15 anos de idade. J\u00e1 os interessados em concluir o Ensino M\u00e9dio precisam ter, no m\u00ednimo, 18 anos de idade.<\/p>\t\t\t\t\t\t\t\t<\/div>\n\t\t\t\t\t<\/div>\n\t\t\t\t<\/div>\n\t\t<div class=\"elementor-element elementor-element-86df0ce e-flex e-con-boxed e-con e-parent\" data-id=\"86df0ce\" data-element_type=\"container\" data-e-type=\"container\">\n\t\t\t\t\t<div class=\"e-con-inner\">\n\t\t<div class=\"elementor-element elementor-element-edd8f0a e-con-full e-flex e-con e-child\" data-id=\"edd8f0a\" data-element_type=\"container\" data-e-type=\"container\">\n\t\t\t\t<div class=\"elementor-element elementor-element-696e420 elementor-widget elementor-widget-image\" data-id=\"696e420\" data-element_type=\"widget\" data-e-type=\"widget\" data-widget_type=\"image.default\">\n\t\t\t\t\t\t\t\t\t\t\t\t\t\t\t<img decoding=\"async\" src=\"https:\/\/goias.gov.br\/educacao\/wp-content\/uploads\/sites\/40\/2024\/03\/logo-eja-tec-ead-01-scaled-diminuido.jpg\" title=\"\" alt=\"\" loading=\"lazy\" \/>\t\t\t\t\t\t\t\t\t\t\t\t\t\t\t<\/div>\n\t\t\t\t<\/div>\n\t\t<div class=\"elementor-element elementor-element-b8bbae8 e-con-full e-flex e-con e-child\" data-id=\"b8bbae8\" data-element_type=\"container\" data-e-type=\"container\">\n\t\t\t\t<div class=\"elementor-element elementor-element-79f465a elementor-widget elementor-widget-text-editor\" data-id=\"79f465a\" data-element_type=\"widget\" data-e-type=\"widget\" data-widget_type=\"text-editor.default\">\n\t\t\t\t\t\t\t\t\t<p class=\"p-texto\"><strong>Sobre a EJATec<\/strong><\/p><p class=\"p-texto\">O programa EJATec funciona na modalidade semipresencial, sendo 80% das aulas na plataforma Moodle on-line e 20% presenciais para a realiza\u00e7\u00e3o de avalia\u00e7\u00f5es e plant\u00e3o de d\u00favidas. Na plataforma do curso o estudante tem \u00e0 sua disposi\u00e7\u00e3o todo o material did\u00e1tico com a media\u00e7\u00e3o pedag\u00f3gica dos professores. Atualmente, o programa \u00e9 ofertado em 42 polos, localizados em Goi\u00e2nia e em mais de 35 munic\u00edpios goianos.<\/p>\t\t\t\t\t\t\t\t<\/div>\n\t\t\t\t<\/div>\n\t\t\t\t\t<\/div>\n\t\t\t\t<\/div>\n\t\t<div class=\"elementor-element elementor-element-3a7fbe3 e-flex e-con-boxed e-con e-parent\" data-id=\"3a7fbe3\" data-element_type=\"container\" data-e-type=\"container\">\n\t\t\t\t\t<div class=\"e-con-inner\">\n\t\t\t\t<div class=\"elementor-element elementor-element-a7a9fe9 elementor-widget elementor-widget-text-editor\" data-id=\"a7a9fe9\" data-element_type=\"widget\" data-e-type=\"widget\" data-widget_type=\"text-editor.default\">\n\t\t\t\t\t\t\t\t\t<p>Clique aqui para saber quais escolas ofertam a Educa\u00e7\u00e3o de Jovens e Adultos nos formatos presencial e on-line. Para esclarecimento de d\u00favidas, entre em contato com geeja@seduc.go.gov.br ou (62) 3243-6763.<br \/><br \/><a href=\"https:\/\/goias.gov.br\/educacao\/wp-content\/uploads\/sites\/40\/files\/documentos\/Eja\/EJATec.pdf\">EJATec\u00a0<\/a><br \/><a href=\"https:\/\/goias.gov.br\/educacao\/wp-content\/uploads\/sites\/40\/files\/documentos\/Eja\/EJAPresencial.pdf\">EJA Presencial<\/a><\/p>\t\t\t\t\t\t\t\t<\/div>\n\t\t\t\t\t<\/div>\n\t\t\t\t<\/div>\n\t\t\t\t<\/div>\n\t\t","protected":false},"excerpt":{"rendered":"<p>Sobre a EJA A rede estadual de Educa\u00e7\u00e3o disponibiliza turmas da Educa\u00e7\u00e3o de Jovens e Adultos (EJA) para que as pessoas a partir de 15 anos de idade possam concluir a Educa\u00e7\u00e3o B\u00e1sica. As turmas s\u00e3o ofertadas de forma presencial ou \u00e0 dist\u00e2ncia (EJATec). A oferta \u00e9 feita em etapas, sendo a 1\u00aa etapa correspondente [&hellip;]<\/p>\n","protected":false},"author":222,"featured_media":0,"parent":0,"menu_order":0,"comment_status":"closed","ping_status":"closed","template":"wppb_theme_template","meta":{"footnotes":""},"class_list":["post-95843","page","type-page","status-publish","hentry"],"rttpg_featured_image_url":null,"rttpg_author":{"display_name":"diegomsilva","author_link":"https:\/\/goias.gov.br\/educacao\/author\/diegomsilva\/"},"rttpg_comment":0,"rttpg_category":null,"rttpg_excerpt":"Sobre a EJA A rede estadual de Educa\u00e7\u00e3o disponibiliza turmas da Educa\u00e7\u00e3o de Jovens e Adultos (EJA) para que as pessoas a partir de 15 anos de idade possam concluir a Educa\u00e7\u00e3o B\u00e1sica. As turmas s\u00e3o ofertadas de forma presencial ou \u00e0 dist\u00e2ncia (EJATec). A oferta \u00e9 feita em etapas, sendo a 1\u00aa etapa correspondente&hellip;","_links":{"self":[{"href":"https:\/\/goias.gov.br\/educacao\/wp-json\/wp\/v2\/pages\/95843","targetHints":{"allow":["GET"]}}],"collection":[{"href":"https:\/\/goias.gov.br\/educacao\/wp-json\/wp\/v2\/pages"}],"about":[{"href":"https:\/\/goias.gov.br\/educacao\/wp-json\/wp\/v2\/types\/page"}],"author":[{"embeddable":true,"href":"https:\/\/goias.gov.br\/educacao\/wp-json\/wp\/v2\/users\/222"}],"replies":[{"embeddable":true,"href":"https:\/\/goias.gov.br\/educacao\/wp-json\/wp\/v2\/comments?post=95843"}],"version-history":[{"count":2,"href":"https:\/\/goias.gov.br\/educacao\/wp-json\/wp\/v2\/pages\/95843\/revisions"}],"predecessor-version":[{"id":676048,"href":"https:\/\/goias.gov.br\/educacao\/wp-json\/wp\/v2\/pages\/95843\/revisions\/676048"}],"wp:attachment":[{"href":"https:\/\/goias.gov.br\/educacao\/wp-json\/wp\/v2\/media?parent=95843"}],"curies":[{"name":"wp","href":"https:\/\/api.w.org\/{rel}","templated":true}]}}