

{"id":618776,"date":"2025-11-06T14:36:28","date_gmt":"2025-11-06T17:36:28","guid":{"rendered":"https:\/\/goias.gov.br\/educacao\/?page_id=618776"},"modified":"2026-03-25T14:33:27","modified_gmt":"2026-03-25T17:33:27","slug":"jogos-interculturais-2025","status":"publish","type":"page","link":"https:\/\/goias.gov.br\/educacao\/jogos-interculturais-2025\/","title":{"rendered":"JOGOS INTERCULTURAIS 2025"},"content":{"rendered":"\t\t<div data-elementor-type=\"wp-page\" data-elementor-id=\"618776\" class=\"elementor elementor-618776\">\n\t\t\t\t<div class=\"elementor-element elementor-element-3652456 e-flex e-con-boxed e-con e-parent\" data-id=\"3652456\" data-element_type=\"container\" data-e-type=\"container\">\n\t\t\t\t\t<div class=\"e-con-inner\">\n\t\t\t\t<div class=\"elementor-element elementor-element-4961216 elementor-widget elementor-widget-image\" data-id=\"4961216\" data-element_type=\"widget\" data-e-type=\"widget\" data-widget_type=\"image.default\">\n\t\t\t\t\t\t\t\t\t\t\t\t\t\t\t<img decoding=\"async\" src=\"\/wp-content\/uploads\/sites\/40\/2025\/11\/interculturais-faixa-site-100.jpg\" title=\"\" alt=\"\" loading=\"lazy\" \/>\t\t\t\t\t\t\t\t\t\t\t\t\t\t\t<\/div>\n\t\t\t\t\t<\/div>\n\t\t\t\t<\/div>\n\t\t<div class=\"elementor-element elementor-element-ed4c4b8 e-flex e-con-boxed e-con e-parent\" data-id=\"ed4c4b8\" data-element_type=\"container\" data-e-type=\"container\">\n\t\t\t\t\t<div class=\"e-con-inner\">\n\t\t\t\t<div class=\"elementor-element elementor-element-00ced37 elementor-widget elementor-widget-text-editor\" data-id=\"00ced37\" data-element_type=\"widget\" data-e-type=\"widget\" data-widget_type=\"text-editor.default\">\n\t\t\t\t\t\t\t\t\t<p>A Secretaria de Estado da Educa\u00e7\u00e3o, por meio da Superintend\u00eancia de Aten\u00e7\u00e3o Especializada, da Ger\u00eancia de Educa\u00e7\u00e3o do Campo, Ind\u00edgena e Quilombola e da Ger\u00eancia de Desporto Educacional, realiza os Jogos Estudantis Interculturais 2025, que acontecer\u00e3o entre os dias 25 e 27 de novembro, em Goi\u00e2nia (GO).<\/p><p>O evento re\u00fane estudantes quilombolas, ind\u00edgenas e do campo de diversas regi\u00f5es do estado, promovendo um verdadeiro encontro de saberes, identidades e tradi\u00e7\u00f5es. Mais do que uma competi\u00e7\u00e3o esportiva, os Jogos Interculturais representam um espa\u00e7o de celebra\u00e7\u00e3o da diversidade \u00e9tnico-racial, reafirmando o compromisso da SEDUC\/GO com uma educa\u00e7\u00e3o plural, inclusiva e de valoriza\u00e7\u00e3o dos povos e comunidades tradicionais.<\/p>\t\t\t\t\t\t\t\t<\/div>\n\t\t\t\t\t<\/div>\n\t\t\t\t<\/div>\n\t\t<div class=\"elementor-element elementor-element-4415d9a e-flex e-con-boxed e-con e-parent\" data-id=\"4415d9a\" data-element_type=\"container\" data-e-type=\"container\" data-settings=\"{&quot;background_background&quot;:&quot;classic&quot;}\">\n\t\t\t\t\t<div class=\"e-con-inner\">\n\t\t\t\t<div class=\"elementor-element elementor-element-cf0867d elementor-widget elementor-widget-heading\" data-id=\"cf0867d\" data-element_type=\"widget\" data-e-type=\"widget\" data-widget_type=\"heading.default\">\n\t\t\t\t\t<h2 class=\"elementor-heading-title elementor-size-default\">Modalidades<\/h2>\t\t\t\t<\/div>\n\t\t\t\t\t<\/div>\n\t\t\t\t<\/div>\n\t\t<div class=\"elementor-element elementor-element-7790c90 e-flex e-con-boxed e-con e-parent\" data-id=\"7790c90\" data-element_type=\"container\" data-e-type=\"container\">\n\t\t\t\t\t<div class=\"e-con-inner\">\n\t\t\t\t<div class=\"elementor-element elementor-element-7d17445 elementor-widget__width-initial elementor-widget elementor-widget-text-editor\" data-id=\"7d17445\" data-element_type=\"widget\" data-e-type=\"widget\" data-widget_type=\"text-editor.default\">\n\t\t\t\t\t\t\t\t\t<ul><li data-start=\"1132\" data-end=\"1151\"><p data-start=\"1134\" data-end=\"1151\">Corrida de tora<\/p><\/li><li data-start=\"1152\" data-end=\"1169\"><p data-start=\"1154\" data-end=\"1169\">Arco e flecha<\/p><\/li><li data-start=\"1170\" data-end=\"1187\"><p data-start=\"1172\" data-end=\"1187\">Luta corporal<\/p><\/li><\/ul>\t\t\t\t\t\t\t\t<\/div>\n\t\t\t\t<div class=\"elementor-element elementor-element-0b1b03f elementor-widget__width-initial elementor-widget elementor-widget-text-editor\" data-id=\"0b1b03f\" data-element_type=\"widget\" data-e-type=\"widget\" data-widget_type=\"text-editor.default\">\n\t\t\t\t\t\t\t\t\t<ul><li data-start=\"1190\" data-end=\"1200\">Capoeira<\/li><li data-start=\"1201\" data-end=\"1219\"><p data-start=\"1203\" data-end=\"1219\">Cabo de guerra<\/p><\/li><li data-start=\"1220\" data-end=\"1231\"><p data-start=\"1222\" data-end=\"1231\">Futebol<\/p><\/li><\/ul>\t\t\t\t\t\t\t\t<\/div>\n\t\t\t\t\t<\/div>\n\t\t\t\t<\/div>\n\t\t<div class=\"elementor-element elementor-element-7a66f01 e-flex e-con-boxed e-con e-parent\" data-id=\"7a66f01\" data-element_type=\"container\" data-e-type=\"container\" data-settings=\"{&quot;background_background&quot;:&quot;classic&quot;}\">\n\t\t\t\t\t<div class=\"e-con-inner\">\n\t\t\t\t<div class=\"elementor-element elementor-element-d1f8dce elementor-widget elementor-widget-heading\" data-id=\"d1f8dce\" data-element_type=\"widget\" data-e-type=\"widget\" data-widget_type=\"heading.default\">\n\t\t\t\t\t<h2 class=\"elementor-heading-title elementor-size-default\">Modalidades<\/h2>\t\t\t\t<\/div>\n\t\t\t\t\t<\/div>\n\t\t\t\t<\/div>\n\t\t<div class=\"elementor-element elementor-element-2f8f513 e-flex e-con-boxed e-con e-parent\" data-id=\"2f8f513\" data-element_type=\"container\" data-e-type=\"container\">\n\t\t\t\t\t<div class=\"e-con-inner\">\n\t\t\t\t<div class=\"elementor-element elementor-element-eb1c152 elementor-widget elementor-widget-text-editor\" data-id=\"eb1c152\" data-element_type=\"widget\" data-e-type=\"widget\" data-widget_type=\"text-editor.default\">\n\t\t\t\t\t\t\t\t\t<p>As inscri\u00e7\u00f5es est\u00e3o abertas de 30 de outubro a 7 de novembro de 2025, at\u00e9 \u00e0s 18h. As unidades escolares e Coordena\u00e7\u00f5es Regionais de Educa\u00e7\u00e3o (CREs) devem observar atentamente as orienta\u00e7\u00f5es e documentos dispon\u00edveis, que incluem:<\/p><ul><li data-start=\"1700\" data-end=\"1745\"><p data-start=\"1702\" data-end=\"1745\"><a href=\"https:\/\/wwwdesenv.joomlamultidesenv.go.gov.br\/educacao\/wp-content\/uploads\/sites\/40\/2025\/11\/Regulamento-Jogos-Interculturais-1.pdf\">Regulamento dos Jogos Interculturais 2025<\/a><\/p><\/li><li data-start=\"1746\" data-end=\"1768\"><p data-start=\"1748\" data-end=\"1768\"><a href=\"https:\/\/wwwdesenv.joomlamultidesenv.go.gov.br\/educacao\/wp-content\/uploads\/sites\/40\/2025\/11\/FICHA-DE-INSCRICAO-1.pdf\">Ficha de inscri\u00e7\u00e3o<\/a><\/p><\/li><li data-start=\"1769\" data-end=\"1794\"><p data-start=\"1771\" data-end=\"1794\"><a href=\"https:\/\/wwwdesenv.joomlamultidesenv.go.gov.br\/educacao\/wp-content\/uploads\/sites\/40\/2025\/11\/AUTORIZACAO-DE-VIAGEM-E-HOSPEDAGEM-1.pdf\">Autoriza\u00e7\u00e3o de viagem<\/a><\/p><\/li><\/ul><p>A consolida\u00e7\u00e3o das informa\u00e7\u00f5es deve ser realizada pelas CREs at\u00e9 o dia 10 de novembro de 2025, conforme instru\u00e7\u00f5es da Ger\u00eancia de Educa\u00e7\u00e3o do Campo, Ind\u00edgena e Quilombola.<\/p>\t\t\t\t\t\t\t\t<\/div>\n\t\t\t\t\t<\/div>\n\t\t\t\t<\/div>\n\t\t\t\t<\/div>\n\t\t","protected":false},"excerpt":{"rendered":"<p>A Secretaria de Estado da Educa\u00e7\u00e3o, por meio da Superintend\u00eancia de Aten\u00e7\u00e3o Especializada, da Ger\u00eancia de Educa\u00e7\u00e3o do Campo, Ind\u00edgena e Quilombola e da Ger\u00eancia de Desporto Educacional, realiza os Jogos Estudantis Interculturais 2025, que acontecer\u00e3o entre os dias 25 e 27 de novembro, em Goi\u00e2nia (GO). O evento re\u00fane estudantes quilombolas, ind\u00edgenas e do [&hellip;]<\/p>\n","protected":false},"author":458,"featured_media":0,"parent":0,"menu_order":0,"comment_status":"closed","ping_status":"closed","template":"","meta":{"footnotes":""},"class_list":["post-618776","page","type-page","status-publish","hentry"],"rttpg_featured_image_url":null,"rttpg_author":{"display_name":"marcleymatos","author_link":"https:\/\/goias.gov.br\/educacao\/author\/marcleymatos\/"},"rttpg_comment":0,"rttpg_category":null,"rttpg_excerpt":"A Secretaria de Estado da Educa\u00e7\u00e3o, por meio da Superintend\u00eancia de Aten\u00e7\u00e3o Especializada, da Ger\u00eancia de Educa\u00e7\u00e3o do Campo, Ind\u00edgena e Quilombola e da Ger\u00eancia de Desporto Educacional, realiza os Jogos Estudantis Interculturais 2025, que acontecer\u00e3o entre os dias 25 e 27 de novembro, em Goi\u00e2nia (GO). O evento re\u00fane estudantes quilombolas, ind\u00edgenas e do&hellip;","_links":{"self":[{"href":"https:\/\/goias.gov.br\/educacao\/wp-json\/wp\/v2\/pages\/618776","targetHints":{"allow":["GET"]}}],"collection":[{"href":"https:\/\/goias.gov.br\/educacao\/wp-json\/wp\/v2\/pages"}],"about":[{"href":"https:\/\/goias.gov.br\/educacao\/wp-json\/wp\/v2\/types\/page"}],"author":[{"embeddable":true,"href":"https:\/\/goias.gov.br\/educacao\/wp-json\/wp\/v2\/users\/458"}],"replies":[{"embeddable":true,"href":"https:\/\/goias.gov.br\/educacao\/wp-json\/wp\/v2\/comments?post=618776"}],"version-history":[{"count":2,"href":"https:\/\/goias.gov.br\/educacao\/wp-json\/wp\/v2\/pages\/618776\/revisions"}],"predecessor-version":[{"id":713163,"href":"https:\/\/goias.gov.br\/educacao\/wp-json\/wp\/v2\/pages\/618776\/revisions\/713163"}],"wp:attachment":[{"href":"https:\/\/goias.gov.br\/educacao\/wp-json\/wp\/v2\/media?parent=618776"}],"curies":[{"name":"wp","href":"https:\/\/api.w.org\/{rel}","templated":true}]}}