

{"id":550363,"date":"2025-10-03T10:44:33","date_gmt":"2025-10-03T13:44:33","guid":{"rendered":"https:\/\/goias.gov.br\/educacao\/?page_id=550363"},"modified":"2026-01-29T14:01:02","modified_gmt":"2026-01-29T17:01:02","slug":"livros-de-receitas","status":"publish","type":"page","link":"https:\/\/goias.gov.br\/educacao\/livros-de-receitas\/","title":{"rendered":"Livros de Receitas"},"content":{"rendered":"\t\t<div data-elementor-type=\"wp-page\" data-elementor-id=\"550363\" class=\"elementor elementor-550363\">\n\t\t\t\t<div class=\"elementor-element elementor-element-32e1c1f e-flex e-con-boxed e-con e-parent\" data-id=\"32e1c1f\" data-element_type=\"container\" data-e-type=\"container\">\n\t\t\t\t\t<div class=\"e-con-inner\">\n\t\t\t\t<div class=\"elementor-element elementor-element-3eda34f elementor-widget elementor-widget-image\" data-id=\"3eda34f\" data-element_type=\"widget\" data-e-type=\"widget\" data-widget_type=\"image.default\">\n\t\t\t\t\t\t\t\t\t\t\t\t\t\t\t<img decoding=\"async\" src=\"https:\/\/goias.gov.br\/educacao\/wp-content\/uploads\/sites\/40\/2025\/10\/Prancheta-14.png\" title=\"\" alt=\"\" loading=\"lazy\" \/>\t\t\t\t\t\t\t\t\t\t\t\t\t\t\t<\/div>\n\t\t\t\t<div class=\"elementor-element elementor-element-765de0f elementor-widget elementor-widget-text-editor\" data-id=\"765de0f\" data-element_type=\"widget\" data-e-type=\"widget\" data-widget_type=\"text-editor.default\">\n\t\t\t\t\t\t\t\t\t<p data-start=\"135\" data-end=\"327\">A Secretaria de Estado da Educa\u00e7\u00e3o de Goi\u00e1s, por meio da Ger\u00eancia de Alimenta\u00e7\u00e3o Escolar, reuniu em uma cole\u00e7\u00e3o especial os saberes e sabores que fazem parte do dia a dia das nossas escolas.<\/p><p data-start=\"329\" data-end=\"571\">Esses livros trazem n\u00e3o apenas receitas nutritivas e acess\u00edveis, mas tamb\u00e9m o modo de preparo e as hist\u00f3rias que acompanham cada prato, compartilhadas com carinho pelas merendeiras respons\u00e1veis por levar sa\u00fade e sabor \u00e0 mesa dos estudantes.<\/p><p data-start=\"573\" data-end=\"792\">Os Livros de Receitas representam um registro da dedica\u00e7\u00e3o das profissionais da alimenta\u00e7\u00e3o escolar, que transformam ingredientes em cuidado e refor\u00e7am a import\u00e2ncia da boa nutri\u00e7\u00e3o como parte fundamental da educa\u00e7\u00e3o.<\/p>\t\t\t\t\t\t\t\t<\/div>\n\t\t\t\t<div class=\"elementor-element elementor-element-c97c250 elementor-widget elementor-widget-n-accordion\" data-id=\"c97c250\" data-element_type=\"widget\" data-e-type=\"widget\" data-settings=\"{&quot;default_state&quot;:&quot;expanded&quot;,&quot;max_items_expended&quot;:&quot;one&quot;,&quot;n_accordion_animation_duration&quot;:{&quot;unit&quot;:&quot;ms&quot;,&quot;size&quot;:400,&quot;sizes&quot;:[]}}\" data-widget_type=\"nested-accordion.default\">\n\t\t\t\t\t\t\t<div class=\"e-n-accordion\" aria-label=\"Accordion. Open links with Enter or Space, close with Escape, and navigate with Arrow Keys\">\n\t\t\t\t\t\t<details id=\"e-n-accordion-item-2110\" class=\"e-n-accordion-item\" open>\n\t\t\t\t<summary class=\"e-n-accordion-item-title\" data-accordion-index=\"1\" tabindex=\"0\" aria-expanded=\"true\" aria-controls=\"e-n-accordion-item-2110\" >\n\t\t\t\t\t<span class='e-n-accordion-item-title-header'><div class=\"e-n-accordion-item-title-text\"> Livro de Receitas 2025 <\/div><\/span>\n\t\t\t\t\t\t\t<span class='e-n-accordion-item-title-icon'>\n\t\t\t<span class='e-opened' ><svg aria-hidden=\"true\" class=\"e-font-icon-svg e-fas-chevron-down\" viewBox=\"0 0 448 512\" xmlns=\"http:\/\/www.w3.org\/2000\/svg\"><path d=\"M207.029 381.476L12.686 187.132c-9.373-9.373-9.373-24.569 0-33.941l22.667-22.667c9.357-9.357 24.522-9.375 33.901-.04L224 284.505l154.745-154.021c9.379-9.335 24.544-9.317 33.901.04l22.667 22.667c9.373 9.373 9.373 24.569 0 33.941L240.971 381.476c-9.373 9.372-24.569 9.372-33.942 0z\"><\/path><\/svg><\/span>\n\t\t\t<span class='e-closed'><svg aria-hidden=\"true\" class=\"e-font-icon-svg e-fas-chevron-right\" viewBox=\"0 0 320 512\" xmlns=\"http:\/\/www.w3.org\/2000\/svg\"><path d=\"M285.476 272.971L91.132 467.314c-9.373 9.373-24.569 9.373-33.941 0l-22.667-22.667c-9.357-9.357-9.375-24.522-.04-33.901L188.505 256 34.484 101.255c-9.335-9.379-9.317-24.544.04-33.901l22.667-22.667c9.373-9.373 24.569-9.373 33.941 0L285.475 239.03c9.373 9.372 9.373 24.568.001 33.941z\"><\/path><\/svg><\/span>\n\t\t<\/span>\n\n\t\t\t\t\t\t<\/summary>\n\t\t\t\t<div role=\"region\" aria-labelledby=\"e-n-accordion-item-2110\" class=\"elementor-element elementor-element-2d97cd2 e-con-full e-flex e-con e-child\" data-id=\"2d97cd2\" data-element_type=\"container\" data-e-type=\"container\">\n\t\t\t\t<\/div>\n\t\t\t\t\t<\/details>\n\t\t\t\t\t\t<details id=\"e-n-accordion-item-2111\" class=\"e-n-accordion-item\" >\n\t\t\t\t<summary class=\"e-n-accordion-item-title\" data-accordion-index=\"2\" tabindex=\"-1\" aria-expanded=\"false\" aria-controls=\"e-n-accordion-item-2111\" >\n\t\t\t\t\t<span class='e-n-accordion-item-title-header'><div class=\"e-n-accordion-item-title-text\"> Livro de Receitas 2024 <\/div><\/span>\n\t\t\t\t\t\t\t<span class='e-n-accordion-item-title-icon'>\n\t\t\t<span class='e-opened' ><svg aria-hidden=\"true\" class=\"e-font-icon-svg e-fas-chevron-down\" viewBox=\"0 0 448 512\" xmlns=\"http:\/\/www.w3.org\/2000\/svg\"><path d=\"M207.029 381.476L12.686 187.132c-9.373-9.373-9.373-24.569 0-33.941l22.667-22.667c9.357-9.357 24.522-9.375 33.901-.04L224 284.505l154.745-154.021c9.379-9.335 24.544-9.317 33.901.04l22.667 22.667c9.373 9.373 9.373 24.569 0 33.941L240.971 381.476c-9.373 9.372-24.569 9.372-33.942 0z\"><\/path><\/svg><\/span>\n\t\t\t<span class='e-closed'><svg aria-hidden=\"true\" class=\"e-font-icon-svg e-fas-chevron-right\" viewBox=\"0 0 320 512\" xmlns=\"http:\/\/www.w3.org\/2000\/svg\"><path d=\"M285.476 272.971L91.132 467.314c-9.373 9.373-24.569 9.373-33.941 0l-22.667-22.667c-9.357-9.357-9.375-24.522-.04-33.901L188.505 256 34.484 101.255c-9.335-9.379-9.317-24.544.04-33.901l22.667-22.667c9.373-9.373 24.569-9.373 33.941 0L285.475 239.03c9.373 9.372 9.373 24.568.001 33.941z\"><\/path><\/svg><\/span>\n\t\t<\/span>\n\n\t\t\t\t\t\t<\/summary>\n\t\t\t\t<div role=\"region\" aria-labelledby=\"e-n-accordion-item-2111\" class=\"elementor-element elementor-element-a82de71 e-con-full e-flex e-con e-child\" data-id=\"a82de71\" data-element_type=\"container\" data-e-type=\"container\">\n\t\t\t\t<div class=\"elementor-element elementor-element-0c4aaf5 elementor-widget elementor-widget-text-editor\" data-id=\"0c4aaf5\" data-element_type=\"widget\" data-e-type=\"widget\" data-widget_type=\"text-editor.default\">\n\t\t\t\t\t\t\t\t\t<p><a href=\"https:\/\/goias.gov.br\/educacao\/wp-content\/uploads\/sites\/40\/2025\/10\/Livro-de-Receitas-Pronto.pdf\">Livro de Receitas 2024<\/a><\/p>\t\t\t\t\t\t\t\t<\/div>\n\t\t\t\t<\/div>\n\t\t\t\t\t<\/details>\n\t\t\t\t\t<\/div>\n\t\t\t\t\t\t<\/div>\n\t\t\t\t\t<\/div>\n\t\t\t\t<\/div>\n\t\t\t\t<\/div>\n\t\t","protected":false},"excerpt":{"rendered":"<p>A Secretaria de Estado da Educa\u00e7\u00e3o de Goi\u00e1s, por meio da Ger\u00eancia de Alimenta\u00e7\u00e3o Escolar, reuniu em uma cole\u00e7\u00e3o especial os saberes e sabores que fazem parte do dia a dia das nossas escolas. Esses livros trazem n\u00e3o apenas receitas nutritivas e acess\u00edveis, mas tamb\u00e9m o modo de preparo e as hist\u00f3rias que acompanham cada [&hellip;]<\/p>\n","protected":false},"author":460,"featured_media":0,"parent":0,"menu_order":0,"comment_status":"closed","ping_status":"closed","template":"","meta":{"footnotes":""},"class_list":["post-550363","page","type-page","status-publish","hentry"],"rttpg_featured_image_url":null,"rttpg_author":{"display_name":"marianamfernandes","author_link":"https:\/\/goias.gov.br\/educacao\/author\/marianamfernandes\/"},"rttpg_comment":0,"rttpg_category":null,"rttpg_excerpt":"A Secretaria de Estado da Educa\u00e7\u00e3o de Goi\u00e1s, por meio da Ger\u00eancia de Alimenta\u00e7\u00e3o Escolar, reuniu em uma cole\u00e7\u00e3o especial os saberes e sabores que fazem parte do dia a dia das nossas escolas. Esses livros trazem n\u00e3o apenas receitas nutritivas e acess\u00edveis, mas tamb\u00e9m o modo de preparo e as hist\u00f3rias que acompanham cada&hellip;","_links":{"self":[{"href":"https:\/\/goias.gov.br\/educacao\/wp-json\/wp\/v2\/pages\/550363","targetHints":{"allow":["GET"]}}],"collection":[{"href":"https:\/\/goias.gov.br\/educacao\/wp-json\/wp\/v2\/pages"}],"about":[{"href":"https:\/\/goias.gov.br\/educacao\/wp-json\/wp\/v2\/types\/page"}],"author":[{"embeddable":true,"href":"https:\/\/goias.gov.br\/educacao\/wp-json\/wp\/v2\/users\/460"}],"replies":[{"embeddable":true,"href":"https:\/\/goias.gov.br\/educacao\/wp-json\/wp\/v2\/comments?post=550363"}],"version-history":[{"count":2,"href":"https:\/\/goias.gov.br\/educacao\/wp-json\/wp\/v2\/pages\/550363\/revisions"}],"predecessor-version":[{"id":672757,"href":"https:\/\/goias.gov.br\/educacao\/wp-json\/wp\/v2\/pages\/550363\/revisions\/672757"}],"wp:attachment":[{"href":"https:\/\/goias.gov.br\/educacao\/wp-json\/wp\/v2\/media?parent=550363"}],"curies":[{"name":"wp","href":"https:\/\/api.w.org\/{rel}","templated":true}]}}