

{"id":527794,"date":"2025-09-17T10:12:17","date_gmt":"2025-09-17T13:12:17","guid":{"rendered":"https:\/\/goias.gov.br\/educacao\/?page_id=527794"},"modified":"2025-12-01T11:19:00","modified_gmt":"2025-12-01T14:19:00","slug":"processo-seletivo-interno-projeto-go-english","status":"publish","type":"page","link":"https:\/\/goias.gov.br\/educacao\/processo-seletivo-interno-projeto-go-english\/","title":{"rendered":"PROCESSO SELETIVO INTERNO &#8211; PROJETO GOI\u00c1S ENGLISH"},"content":{"rendered":"<p>Inscri\u00e7\u00f5es abertas para interc\u00e2mbio de professores de Ingl\u00eas em Londres<\/p>\n<p>EDITAL N\u00ba 02<\/p>\n<p>A Secretaria de Estado da Educa\u00e7\u00e3o de Goi\u00e1s (Seduc\/GO) abriu as inscri\u00e7\u00f5es para a primeira edi\u00e7\u00e3o do Programa de Interc\u00e2mbio GO English Global. O programa vai levar professores de L\u00edngua Inglesa da rede estadual para uma imers\u00e3o pedag\u00f3gica de sete dias em Londres, no Reino Unido. As inscri\u00e7\u00f5es podem ser feitas entre os dias 11 e 22 de agosto.<\/p>\n<p>O objetivo da iniciativa \u00e9 fortalecer o ensino da l\u00edngua inglesa nas escolas p\u00fablicas por meio de uma forma\u00e7\u00e3o internacional. Durante o interc\u00e2mbio, os professores participar\u00e3o de oficinas pr\u00e1ticas, ter\u00e3o contato com metodologias modernas de ensino e poder\u00e3o aprimorar a profici\u00eancia em ingl\u00eas. A experi\u00eancia ser\u00e1 realizada em parceria com a institui\u00e7\u00e3o internacional EF Education First.<\/p>\n<p><a href=\"https:\/\/goias.gov.br\/educacao\/wp-content\/uploads\/sites\/40\/2025\/08\/SEI_77934727_Edital.pdf\">EDITAL N.\u00ba 02\/2025<\/a><\/p>\n<p><a href=\"https:\/\/goias.gov.br\/educacao\/wp-content\/uploads\/sites\/40\/2025\/08\/SEI_78019456_Retificacao.pdf\">RETIFICA\u00c7\u00c3O N.\u00ba 001<\/a><\/p>\n<p><a href=\"https:\/\/goias.gov.br\/educacao\/wp-content\/uploads\/sites\/40\/2024\/12\/Resultado-da-Analise-dos-Indices-de-desempenho-e-classificados-para-a-III-Etapa-Conforme-item-612-do-Edital.pdf\">Resultado da An\u00e1lise dos \u00cdndices de desempenho na Plataforma GO English<\/a><\/p>\n<p><a href=\"https:\/\/goias.gov.br\/educacao\/wp-content\/uploads\/sites\/40\/2025\/09\/Intercambio-GO-English-Convocacao-1.pdf\">Convoca\u00e7\u00e3o \u2013 Prova Online Supervisionada<\/a><\/p>\n<p><a href=\"https:\/\/goias.gov.br\/educacao\/wp-content\/uploads\/sites\/40\/2025\/09\/Retificacao-2-1.pdf\">RETIFICA\u00c7\u00c3O N.\u00ba 002<\/a><\/p>\n<p><a href=\"https:\/\/goias.gov.br\/educacao\/wp-content\/uploads\/sites\/40\/2025\/09\/Resultado-Preliminar-2.pdf\">Resultado Preliminar<\/a><\/p>\n<p><a href=\"https:\/\/goias.gov.br\/educacao\/wp-content\/uploads\/sites\/40\/2025\/09\/COMUNICADO-CANCELAMENTO-DE-EDITAL.pdf\">Comunicado \u2013 CANCELAMENTO DE EDITAL<\/a><\/p>\n<hr class=\"wp-block-separator has-alpha-channel-opacity\" \/>\n<p>As inscri\u00e7\u00f5es podem ser feitas entre os dias 16 de Setembro a 21 de Setembro.<\/p>\n<p><a href=\"https:\/\/goias.gov.br\/educacao\/wp-content\/uploads\/sites\/40\/2025\/09\/SEI_79647396_Edital.pdf\">EDITAL N.\u00ba 003\/2025 <\/a><\/p>\n<p><a href=\"https:\/\/goias.gov.br\/educacao\/wp-content\/uploads\/sites\/40\/2025\/09\/Retificacao-N.o-001.pdf\">Retifica\u00e7\u00e3o N.\u00ba 001 \u2013 EDITAL N.\u00ba 003<\/a><\/p>\n","protected":false},"excerpt":{"rendered":"<p>Inscri\u00e7\u00f5es abertas para interc\u00e2mbio de professores de Ingl\u00eas em Londres EDITAL N\u00ba 02 A Secretaria de Estado da Educa\u00e7\u00e3o de Goi\u00e1s (Seduc\/GO) abriu as inscri\u00e7\u00f5es para a primeira edi\u00e7\u00e3o do Programa de Interc\u00e2mbio GO English Global. O programa vai levar professores de L\u00edngua Inglesa da rede estadual para uma imers\u00e3o pedag\u00f3gica de sete dias em [&hellip;]<\/p>\n","protected":false},"author":718,"featured_media":0,"parent":0,"menu_order":0,"comment_status":"closed","ping_status":"closed","template":"","meta":{"footnotes":""},"class_list":["post-527794","page","type-page","status-publish","hentry"],"rttpg_featured_image_url":null,"rttpg_author":{"display_name":"vicentepaulo","author_link":"https:\/\/goias.gov.br\/educacao\/author\/vicentepaulo\/"},"rttpg_comment":0,"rttpg_category":null,"rttpg_excerpt":"Inscri\u00e7\u00f5es abertas para interc\u00e2mbio de professores de Ingl\u00eas em Londres EDITAL N\u00ba 02 A Secretaria de Estado da Educa\u00e7\u00e3o de Goi\u00e1s (Seduc\/GO) abriu as inscri\u00e7\u00f5es para a primeira edi\u00e7\u00e3o do Programa de Interc\u00e2mbio GO English Global. O programa vai levar professores de L\u00edngua Inglesa da rede estadual para uma imers\u00e3o pedag\u00f3gica de sete dias em&hellip;","_links":{"self":[{"href":"https:\/\/goias.gov.br\/educacao\/wp-json\/wp\/v2\/pages\/527794","targetHints":{"allow":["GET"]}}],"collection":[{"href":"https:\/\/goias.gov.br\/educacao\/wp-json\/wp\/v2\/pages"}],"about":[{"href":"https:\/\/goias.gov.br\/educacao\/wp-json\/wp\/v2\/types\/page"}],"author":[{"embeddable":true,"href":"https:\/\/goias.gov.br\/educacao\/wp-json\/wp\/v2\/users\/718"}],"replies":[{"embeddable":true,"href":"https:\/\/goias.gov.br\/educacao\/wp-json\/wp\/v2\/comments?post=527794"}],"version-history":[{"count":2,"href":"https:\/\/goias.gov.br\/educacao\/wp-json\/wp\/v2\/pages\/527794\/revisions"}],"predecessor-version":[{"id":636518,"href":"https:\/\/goias.gov.br\/educacao\/wp-json\/wp\/v2\/pages\/527794\/revisions\/636518"}],"wp:attachment":[{"href":"https:\/\/goias.gov.br\/educacao\/wp-json\/wp\/v2\/media?parent=527794"}],"curies":[{"name":"wp","href":"https:\/\/api.w.org\/{rel}","templated":true}]}}