

{"id":504082,"date":"2025-07-29T15:19:29","date_gmt":"2025-07-29T18:19:29","guid":{"rendered":"https:\/\/goias.gov.br\/educacao\/?page_id=504082"},"modified":"2026-01-28T15:23:47","modified_gmt":"2026-01-28T18:23:47","slug":"regulamento-de-compras","status":"publish","type":"page","link":"https:\/\/goias.gov.br\/educacao\/regulamento-de-compras\/","title":{"rendered":"Regulamento de Compras"},"content":{"rendered":"\t\t<div data-elementor-type=\"wp-page\" data-elementor-id=\"504082\" class=\"elementor elementor-504082\">\n\t\t\t\t<div class=\"elementor-element elementor-element-c7e35da e-flex e-con-boxed e-con e-parent\" data-id=\"c7e35da\" data-element_type=\"container\" data-e-type=\"container\" data-settings=\"{&quot;background_background&quot;:&quot;gradient&quot;}\">\n\t\t\t\t\t<div class=\"e-con-inner\">\n\t\t\t\t<div class=\"elementor-element elementor-element-925311d elementor-widget__width-initial elementor-widget elementor-widget-image\" data-id=\"925311d\" data-element_type=\"widget\" data-e-type=\"widget\" data-widget_type=\"image.default\">\n\t\t\t\t\t\t\t\t\t\t\t\t\t\t\t<img decoding=\"async\" src=\"https:\/\/goias.gov.br\/educacao\/wp-content\/uploads\/sites\/40\/2025\/02\/Convenios-12.png\" title=\"\" alt=\"\" loading=\"lazy\" \/>\t\t\t\t\t\t\t\t\t\t\t\t\t\t\t<\/div>\n\t\t\t\t<div class=\"elementor-element elementor-element-295aecf elementor-widget__width-initial elementor-widget elementor-widget-heading\" data-id=\"295aecf\" data-element_type=\"widget\" data-e-type=\"widget\" data-widget_type=\"heading.default\">\n\t\t\t\t\t<h2 class=\"elementor-heading-title elementor-size-default\">REGULAMENTO DE COMPRAS<\/h2>\t\t\t\t<\/div>\n\t\t\t\t<div class=\"elementor-element elementor-element-58f83fc elementor-widget__width-initial elementor-widget elementor-widget-image\" data-id=\"58f83fc\" data-element_type=\"widget\" data-e-type=\"widget\" data-widget_type=\"image.default\">\n\t\t\t\t\t\t\t\t\t\t\t\t\t\t\t<img decoding=\"async\" src=\"https:\/\/goias.gov.br\/educacao\/wp-content\/uploads\/sites\/40\/2025\/07\/Logo-Abreviada-Seduc-branco-1.png\" title=\"\" alt=\"\" loading=\"lazy\" \/>\t\t\t\t\t\t\t\t\t\t\t\t\t\t\t<\/div>\n\t\t\t\t\t<\/div>\n\t\t\t\t<\/div>\n\t\t<div class=\"elementor-element elementor-element-5bffa9a e-con-full e-flex e-con e-parent\" data-id=\"5bffa9a\" data-element_type=\"container\" data-e-type=\"container\">\n\t\t<div class=\"elementor-element elementor-element-5ffa61a e-con-full e-flex e-con e-child\" data-id=\"5ffa61a\" data-element_type=\"container\" data-e-type=\"container\">\n\t\t<div class=\"elementor-element elementor-element-95ab1f2 e-con-full e-flex e-con e-child\" data-id=\"95ab1f2\" data-element_type=\"container\" data-e-type=\"container\">\n\t\t\t\t<div class=\"elementor-element elementor-element-e30fc65 elementor-align-justify elementor-widget__width-initial elementor-widget elementor-widget-button\" data-id=\"e30fc65\" data-element_type=\"widget\" data-e-type=\"widget\" data-widget_type=\"button.default\">\n\t\t\t\t\t\t\t\t\t\t<a class=\"elementor-button elementor-button-link elementor-size-sm\" href=\"https:\/\/goias.gov.br\/educacao\/wp-content\/uploads\/sites\/40\/2025\/PlanejamentoFinancas\/RegulamentoCompras\/PORTARIA_3531.pdf\" target=\"_blank\">\n\t\t\t\t\t\t<span class=\"elementor-button-content-wrapper\">\n\t\t\t\t\t\t\t\t\t<span class=\"elementor-button-text\">PORTARIA N\u00ba 3531<\/span>\n\t\t\t\t\t<\/span>\n\t\t\t\t\t<\/a>\n\t\t\t\t\t\t\t\t<\/div>\n\t\t\t\t<div class=\"elementor-element elementor-element-007614e elementor-widget elementor-widget-text-editor\" data-id=\"007614e\" data-element_type=\"widget\" data-e-type=\"widget\" data-widget_type=\"text-editor.default\">\n\t\t\t\t\t\t\t\t\t<p>Este regulamento disp\u00f5e sobre os procedimentos para compras e\/ou servi\u00e7os, inclusive os de engenharia, a serem adotados pelos Conselhos das Coordena\u00e7\u00f5es Regionais de Educa\u00e7\u00e3o e pelos Conselhos das unidades escolares da rede estadual de Educa\u00e7\u00e3o de Goi\u00e1s, com observ\u00e2ncia dos princ\u00edpios da Administra\u00e7\u00e3o e da Lei n.\u00ba 13.666, de 27 de julho de 2000, que institui o Programa Estadual Dinheiro Direto na Escola &#8211; Proescola.<\/p>\t\t\t\t\t\t\t\t<\/div>\n\t\t\t\t<\/div>\n\t\t<div class=\"elementor-element elementor-element-c5948a4 e-con-full e-flex e-con e-child\" data-id=\"c5948a4\" data-element_type=\"container\" data-e-type=\"container\">\n\t\t\t\t<div class=\"elementor-element elementor-element-81e42a8 elementor-align-justify elementor-widget__width-initial elementor-widget elementor-widget-button\" data-id=\"81e42a8\" data-element_type=\"widget\" data-e-type=\"widget\" data-widget_type=\"button.default\">\n\t\t\t\t\t\t\t\t\t\t<a class=\"elementor-button elementor-button-link elementor-size-sm\" href=\"https:\/\/goias.gov.br\/educacao\/wp-content\/uploads\/sites\/40\/2025\/11\/Portaria_4383-de-11.09.2025-Autoriza-Utilizacao-de-Rendimento-e-Saldos-Remanescentes-1.pdf\" target=\"_blank\">\n\t\t\t\t\t\t<span class=\"elementor-button-content-wrapper\">\n\t\t\t\t\t\t\t\t\t<span class=\"elementor-button-text\">PORTARIA N\u00ba 4383<\/span>\n\t\t\t\t\t<\/span>\n\t\t\t\t\t<\/a>\n\t\t\t\t\t\t\t\t<\/div>\n\t\t\t\t<div class=\"elementor-element elementor-element-ecc74f5 elementor-widget elementor-widget-text-editor\" data-id=\"ecc74f5\" data-element_type=\"widget\" data-e-type=\"widget\" data-widget_type=\"text-editor.default\">\n\t\t\t\t\t\t\t\t\t<p>Estabelece novas diretrizes para a execu\u00e7\u00e3o e presta\u00e7\u00e3o de contas de recursos financeiros provenientes de rendimentos de aplica\u00e7\u00e3o financeira e saldos remanescentes a serem adotadas pelos Conselhos das Coordena\u00e7\u00f5es Regionais de Educa\u00e7\u00e3o e pelos Conselhos Escolares<\/p>\t\t\t\t\t\t\t\t<\/div>\n\t\t\t\t<\/div>\n\t\t<div class=\"elementor-element elementor-element-ecf7bd0 e-con-full e-flex e-con e-child\" data-id=\"ecf7bd0\" data-element_type=\"container\" data-e-type=\"container\">\n\t\t\t\t<div class=\"elementor-element elementor-element-26f0fa4 elementor-align-justify elementor-widget__width-initial elementor-widget elementor-widget-button\" data-id=\"26f0fa4\" data-element_type=\"widget\" data-e-type=\"widget\" data-widget_type=\"button.default\">\n\t\t\t\t\t\t\t\t\t\t<a class=\"elementor-button elementor-button-link elementor-size-sm\" href=\"https:\/\/goias.gov.br\/educacao\/wp-content\/uploads\/sites\/40\/2025\/PlanejamentoFinancas\/RegulamentoCompras\/PORTARIA_3531.pdf\" target=\"_blank\">\n\t\t\t\t\t\t<span class=\"elementor-button-content-wrapper\">\n\t\t\t\t\t\t\t\t\t<span class=\"elementor-button-text\">REGULAMENTO<\/span>\n\t\t\t\t\t<\/span>\n\t\t\t\t\t<\/a>\n\t\t\t\t\t\t\t\t<\/div>\n\t\t\t\t<\/div>\n\t\t\t\t<\/div>\n\t\t<div class=\"elementor-element elementor-element-ea6fca4 e-con-full e-flex e-con e-child\" data-id=\"ea6fca4\" data-element_type=\"container\" data-e-type=\"container\">\n\t\t<div class=\"elementor-element elementor-element-44e8d11 e-con-full e-flex e-con e-child\" data-id=\"44e8d11\" data-element_type=\"container\" data-e-type=\"container\" data-settings=\"{&quot;background_background&quot;:&quot;gradient&quot;}\">\n\t\t\t\t<div class=\"elementor-element elementor-element-5ca839e elementor-widget elementor-widget-heading\" data-id=\"5ca839e\" data-element_type=\"widget\" data-e-type=\"widget\" data-widget_type=\"heading.default\">\n\t\t\t\t\t<h2 class=\"elementor-heading-title elementor-size-default\">CONTRATOS<\/h2>\t\t\t\t<\/div>\n\t\t\t\t<\/div>\n\t\t\t\t<\/div>\n\t\t\t\t<div class=\"elementor-element elementor-element-ddf9a18 elementor-widget elementor-widget-n-accordion\" data-id=\"ddf9a18\" data-element_type=\"widget\" data-e-type=\"widget\" data-settings=\"{&quot;default_state&quot;:&quot;expanded&quot;,&quot;max_items_expended&quot;:&quot;one&quot;,&quot;n_accordion_animation_duration&quot;:{&quot;unit&quot;:&quot;ms&quot;,&quot;size&quot;:400,&quot;sizes&quot;:[]}}\" data-widget_type=\"nested-accordion.default\">\n\t\t\t\t\t\t\t<div class=\"e-n-accordion\" aria-label=\"Accordion. Open links with Enter or Space, close with Escape, and navigate with Arrow Keys\">\n\t\t\t\t\t\t<details id=\"e-n-accordion-item-2320\" class=\"e-n-accordion-item\" open>\n\t\t\t\t<summary class=\"e-n-accordion-item-title\" data-accordion-index=\"1\" tabindex=\"0\" aria-expanded=\"true\" aria-controls=\"e-n-accordion-item-2320\" >\n\t\t\t\t\t<span class='e-n-accordion-item-title-header'><div class=\"e-n-accordion-item-title-text\"> MODELO PRADR\u00c3O  <\/div><\/span>\n\t\t\t\t\t\t\t<span class='e-n-accordion-item-title-icon'>\n\t\t\t<span class='e-opened' ><svg aria-hidden=\"true\" class=\"e-font-icon-svg e-fas-chevron-down\" viewBox=\"0 0 448 512\" xmlns=\"http:\/\/www.w3.org\/2000\/svg\"><path d=\"M207.029 381.476L12.686 187.132c-9.373-9.373-9.373-24.569 0-33.941l22.667-22.667c9.357-9.357 24.522-9.375 33.901-.04L224 284.505l154.745-154.021c9.379-9.335 24.544-9.317 33.901.04l22.667 22.667c9.373 9.373 9.373 24.569 0 33.941L240.971 381.476c-9.373 9.372-24.569 9.372-33.942 0z\"><\/path><\/svg><\/span>\n\t\t\t<span class='e-closed'><svg aria-hidden=\"true\" class=\"e-font-icon-svg e-fas-chevron-right\" viewBox=\"0 0 320 512\" xmlns=\"http:\/\/www.w3.org\/2000\/svg\"><path d=\"M285.476 272.971L91.132 467.314c-9.373 9.373-24.569 9.373-33.941 0l-22.667-22.667c-9.357-9.357-9.375-24.522-.04-33.901L188.505 256 34.484 101.255c-9.335-9.379-9.317-24.544.04-33.901l22.667-22.667c9.373-9.373 24.569-9.373 33.941 0L285.475 239.03c9.373 9.372 9.373 24.568.001 33.941z\"><\/path><\/svg><\/span>\n\t\t<\/span>\n\n\t\t\t\t\t\t<\/summary>\n\t\t\t\t<div role=\"region\" aria-labelledby=\"e-n-accordion-item-2320\" class=\"elementor-element elementor-element-a144604 e-con-full e-flex e-con e-child\" data-id=\"a144604\" data-element_type=\"container\" data-e-type=\"container\">\n\t\t\t\t<div class=\"elementor-element elementor-element-e4a4613 elementor-widget elementor-widget-text-editor\" data-id=\"e4a4613\" data-element_type=\"widget\" data-e-type=\"widget\" data-widget_type=\"text-editor.default\">\n\t\t\t\t\t\t\t\t\t<p><a href=\"https:\/\/goias.gov.br\/educacao\/wp-content\/uploads\/sites\/40\/2025\/PlanejamentoFinancas\/Contratos\/Contrato_MODELO_PRADRAO_AQUISICOES.pdf\">Contrato &#8211; MODELO PRADR\u00c3O AQUISI\u00c7\u00d5ES<\/a><\/p><p><a href=\"https:\/\/goias.gov.br\/educacao\/wp-content\/uploads\/sites\/40\/2025\/PlanejamentoFinancas\/Contratos\/Contrato_MODELO_PRADRAO_LOCACAO.pdf\">Contrato &#8211; MODELO PRADR\u00c3O LOCA\u00c7\u00c3O\u00a0<\/a><\/p><p><a href=\"https:\/\/goias.gov.br\/educacao\/wp-content\/uploads\/sites\/40\/2025\/PlanejamentoFinancas\/Contratos\/Contrato_MODELO_PRADRAO_OBRAS.pdf\">Contrato &#8211; MODELO PRADR\u00c3O OBRAS<\/a><\/p>\t\t\t\t\t\t\t\t<\/div>\n\t\t\t\t<\/div>\n\t\t\t\t\t<\/details>\n\t\t\t\t\t<\/div>\n\t\t\t\t\t\t<\/div>\n\t\t\t\t<\/div>\n\t\t<div class=\"elementor-element elementor-element-2d0a952 e-flex e-con-boxed e-con e-parent\" data-id=\"2d0a952\" data-element_type=\"container\" data-e-type=\"container\" data-settings=\"{&quot;background_background&quot;:&quot;gradient&quot;}\">\n\t\t\t\t\t<div class=\"e-con-inner\">\n\t\t\t\t<div class=\"elementor-element elementor-element-4cc95fb elementor-widget__width-initial elementor-widget elementor-widget-image\" data-id=\"4cc95fb\" data-element_type=\"widget\" data-e-type=\"widget\" data-widget_type=\"image.default\">\n\t\t\t\t\t\t\t\t\t\t\t\t\t\t\t<img decoding=\"async\" src=\"https:\/\/goias.gov.br\/educacao\/wp-content\/uploads\/sites\/40\/2025\/02\/Convenios-12.png\" title=\"\" alt=\"\" loading=\"lazy\" \/>\t\t\t\t\t\t\t\t\t\t\t\t\t\t\t<\/div>\n\t\t\t\t<div class=\"elementor-element elementor-element-1d7d18f elementor-widget__width-initial elementor-widget elementor-widget-heading\" data-id=\"1d7d18f\" data-element_type=\"widget\" data-e-type=\"widget\" data-widget_type=\"heading.default\">\n\t\t\t\t\t<h2 class=\"elementor-heading-title elementor-size-default\">REGULAMENTO DE COMPRAS<\/h2>\t\t\t\t<\/div>\n\t\t\t\t<div class=\"elementor-element elementor-element-a8f985f elementor-widget__width-initial elementor-widget elementor-widget-image\" data-id=\"a8f985f\" data-element_type=\"widget\" data-e-type=\"widget\" data-widget_type=\"image.default\">\n\t\t\t\t\t\t\t\t\t\t\t\t\t\t\t<img decoding=\"async\" src=\"https:\/\/goias.gov.br\/educacao\/wp-content\/uploads\/sites\/40\/2025\/07\/Logo-Abreviada-Seduc-branco-1.png\" title=\"\" alt=\"\" loading=\"lazy\" \/>\t\t\t\t\t\t\t\t\t\t\t\t\t\t\t<\/div>\n\t\t\t\t\t<\/div>\n\t\t\t\t<\/div>\n\t\t<div class=\"elementor-element elementor-element-ccfea2e e-con-full e-flex e-con e-parent\" data-id=\"ccfea2e\" data-element_type=\"container\" data-e-type=\"container\">\n\t\t<div class=\"elementor-element elementor-element-b2a3c6d e-con-full e-flex e-con e-child\" data-id=\"b2a3c6d\" data-element_type=\"container\" data-e-type=\"container\">\n\t\t<div class=\"elementor-element elementor-element-d5449f5 e-con-full e-flex e-con e-child\" data-id=\"d5449f5\" data-element_type=\"container\" data-e-type=\"container\">\n\t\t\t\t<div class=\"elementor-element elementor-element-90b2a3e elementor-align-justify elementor-widget__width-initial elementor-widget elementor-widget-button\" data-id=\"90b2a3e\" data-element_type=\"widget\" data-e-type=\"widget\" data-widget_type=\"button.default\">\n\t\t\t\t\t\t\t\t\t\t<a class=\"elementor-button elementor-button-link elementor-size-sm\" href=\"https:\/\/goias.gov.br\/educacao\/wp-content\/uploads\/sites\/40\/2025\/PlanejamentoFinancas\/RegulamentoCompras\/PORTARIA_3531.pdf\" target=\"_blank\">\n\t\t\t\t\t\t<span class=\"elementor-button-content-wrapper\">\n\t\t\t\t\t\t\t\t\t<span class=\"elementor-button-text\">PORTARIA N\u00ba 3531<\/span>\n\t\t\t\t\t<\/span>\n\t\t\t\t\t<\/a>\n\t\t\t\t\t\t\t\t<\/div>\n\t\t\t\t<div class=\"elementor-element elementor-element-58629e3 elementor-widget elementor-widget-text-editor\" data-id=\"58629e3\" data-element_type=\"widget\" data-e-type=\"widget\" data-widget_type=\"text-editor.default\">\n\t\t\t\t\t\t\t\t\t<p>Este regulamento disp\u00f5e sobre os procedimentos para compras e\/ou servi\u00e7os, inclusive os de engenharia, a serem adotados pelos Conselhos das Coordena\u00e7\u00f5es Regionais de Educa\u00e7\u00e3o e pelos Conselhos das unidades escolares da rede estadual de Educa\u00e7\u00e3o de Goi\u00e1s, com observ\u00e2ncia dos princ\u00edpios da Administra\u00e7\u00e3o e da Lei n.\u00ba 13.666, de 27 de julho de 2000, que institui o Programa Estadual Dinheiro Direto na Escola &#8211; Proescola.<\/p>\t\t\t\t\t\t\t\t<\/div>\n\t\t\t\t<\/div>\n\t\t<div class=\"elementor-element elementor-element-71be297 e-con-full e-flex e-con e-child\" data-id=\"71be297\" data-element_type=\"container\" data-e-type=\"container\">\n\t\t\t\t<div class=\"elementor-element elementor-element-589e38e elementor-align-justify elementor-widget__width-initial elementor-widget elementor-widget-button\" data-id=\"589e38e\" data-element_type=\"widget\" data-e-type=\"widget\" data-widget_type=\"button.default\">\n\t\t\t\t\t\t\t\t\t\t<a class=\"elementor-button elementor-button-link elementor-size-sm\" href=\"https:\/\/goias.gov.br\/educacao\/wp-content\/uploads\/sites\/40\/2025\/11\/Portaria_4383-de-11.09.2025-Autoriza-Utilizacao-de-Rendimento-e-Saldos-Remanescentes-1.pdf\" target=\"_blank\">\n\t\t\t\t\t\t<span class=\"elementor-button-content-wrapper\">\n\t\t\t\t\t\t\t\t\t<span class=\"elementor-button-text\">PORTARIA N\u00ba 4383<\/span>\n\t\t\t\t\t<\/span>\n\t\t\t\t\t<\/a>\n\t\t\t\t\t\t\t\t<\/div>\n\t\t\t\t<div class=\"elementor-element elementor-element-23be2c1 elementor-widget elementor-widget-text-editor\" data-id=\"23be2c1\" data-element_type=\"widget\" data-e-type=\"widget\" data-widget_type=\"text-editor.default\">\n\t\t\t\t\t\t\t\t\t<p>Estabelece novas diretrizes para a execu\u00e7\u00e3o e presta\u00e7\u00e3o de contas de recursos financeiros provenientes de rendimentos de aplica\u00e7\u00e3o financeira e saldos remanescentes a serem adotadas pelos Conselhos das Coordena\u00e7\u00f5es Regionais de Educa\u00e7\u00e3o e pelos Conselhos Escolares<\/p>\t\t\t\t\t\t\t\t<\/div>\n\t\t\t\t<\/div>\n\t\t<div class=\"elementor-element elementor-element-c89ec56 e-con-full e-flex e-con e-child\" data-id=\"c89ec56\" data-element_type=\"container\" data-e-type=\"container\">\n\t\t\t\t<div class=\"elementor-element elementor-element-55f6b57 elementor-align-justify elementor-widget__width-initial elementor-widget elementor-widget-button\" data-id=\"55f6b57\" data-element_type=\"widget\" data-e-type=\"widget\" data-widget_type=\"button.default\">\n\t\t\t\t\t\t\t\t\t\t<a class=\"elementor-button elementor-button-link elementor-size-sm\" href=\"https:\/\/goias.gov.br\/educacao\/wp-content\/uploads\/sites\/40\/2025\/PlanejamentoFinancas\/RegulamentoCompras\/PORTARIA_3531.pdf\" target=\"_blank\">\n\t\t\t\t\t\t<span class=\"elementor-button-content-wrapper\">\n\t\t\t\t\t\t\t\t\t<span class=\"elementor-button-text\">REGULAMENTO<\/span>\n\t\t\t\t\t<\/span>\n\t\t\t\t\t<\/a>\n\t\t\t\t\t\t\t\t<\/div>\n\t\t\t\t<\/div>\n\t\t\t\t<\/div>\n\t\t<div class=\"elementor-element elementor-element-33d9c35 e-con-full e-flex e-con e-child\" data-id=\"33d9c35\" data-element_type=\"container\" data-e-type=\"container\">\n\t\t<div class=\"elementor-element elementor-element-98f627f e-con-full e-flex e-con e-child\" data-id=\"98f627f\" data-element_type=\"container\" data-e-type=\"container\" data-settings=\"{&quot;background_background&quot;:&quot;gradient&quot;}\">\n\t\t\t\t<div class=\"elementor-element elementor-element-ea95ee8 elementor-widget elementor-widget-heading\" data-id=\"ea95ee8\" data-element_type=\"widget\" data-e-type=\"widget\" data-widget_type=\"heading.default\">\n\t\t\t\t\t<h2 class=\"elementor-heading-title elementor-size-default\">CONTRATOS<\/h2>\t\t\t\t<\/div>\n\t\t\t\t<\/div>\n\t\t\t\t<\/div>\n\t\t\t\t<div class=\"elementor-element elementor-element-b9caed9 elementor-widget elementor-widget-n-accordion\" data-id=\"b9caed9\" data-element_type=\"widget\" data-e-type=\"widget\" data-settings=\"{&quot;default_state&quot;:&quot;expanded&quot;,&quot;max_items_expended&quot;:&quot;one&quot;,&quot;n_accordion_animation_duration&quot;:{&quot;unit&quot;:&quot;ms&quot;,&quot;size&quot;:400,&quot;sizes&quot;:[]}}\" data-widget_type=\"nested-accordion.default\">\n\t\t\t\t\t\t\t<div class=\"e-n-accordion\" aria-label=\"Accordion. Open links with Enter or Space, close with Escape, and navigate with Arrow Keys\">\n\t\t\t\t\t\t<details id=\"e-n-accordion-item-1940\" class=\"e-n-accordion-item\" open>\n\t\t\t\t<summary class=\"e-n-accordion-item-title\" data-accordion-index=\"1\" tabindex=\"0\" aria-expanded=\"true\" aria-controls=\"e-n-accordion-item-1940\" >\n\t\t\t\t\t<span class='e-n-accordion-item-title-header'><div class=\"e-n-accordion-item-title-text\"> MODELO PRADR\u00c3O  <\/div><\/span>\n\t\t\t\t\t\t\t<span class='e-n-accordion-item-title-icon'>\n\t\t\t<span class='e-opened' ><svg aria-hidden=\"true\" class=\"e-font-icon-svg e-fas-chevron-down\" viewBox=\"0 0 448 512\" xmlns=\"http:\/\/www.w3.org\/2000\/svg\"><path d=\"M207.029 381.476L12.686 187.132c-9.373-9.373-9.373-24.569 0-33.941l22.667-22.667c9.357-9.357 24.522-9.375 33.901-.04L224 284.505l154.745-154.021c9.379-9.335 24.544-9.317 33.901.04l22.667 22.667c9.373 9.373 9.373 24.569 0 33.941L240.971 381.476c-9.373 9.372-24.569 9.372-33.942 0z\"><\/path><\/svg><\/span>\n\t\t\t<span class='e-closed'><svg aria-hidden=\"true\" class=\"e-font-icon-svg e-fas-chevron-right\" viewBox=\"0 0 320 512\" xmlns=\"http:\/\/www.w3.org\/2000\/svg\"><path d=\"M285.476 272.971L91.132 467.314c-9.373 9.373-24.569 9.373-33.941 0l-22.667-22.667c-9.357-9.357-9.375-24.522-.04-33.901L188.505 256 34.484 101.255c-9.335-9.379-9.317-24.544.04-33.901l22.667-22.667c9.373-9.373 24.569-9.373 33.941 0L285.475 239.03c9.373 9.372 9.373 24.568.001 33.941z\"><\/path><\/svg><\/span>\n\t\t<\/span>\n\n\t\t\t\t\t\t<\/summary>\n\t\t\t\t<div role=\"region\" aria-labelledby=\"e-n-accordion-item-1940\" class=\"elementor-element elementor-element-40a0d02 e-con-full e-flex e-con e-child\" data-id=\"40a0d02\" data-element_type=\"container\" data-e-type=\"container\">\n\t\t\t\t<div class=\"elementor-element elementor-element-6d12f92 elementor-widget elementor-widget-text-editor\" data-id=\"6d12f92\" data-element_type=\"widget\" data-e-type=\"widget\" data-widget_type=\"text-editor.default\">\n\t\t\t\t\t\t\t\t\t<p><a href=\"https:\/\/goias.gov.br\/educacao\/wp-content\/uploads\/sites\/40\/2025\/PlanejamentoFinancas\/Contratos\/Contrato_MODELO_PRADRAO_AQUISICOES.pdf\">Contrato &#8211; MODELO PRADR\u00c3O AQUISI\u00c7\u00d5ES<\/a><\/p><p><a href=\"https:\/\/goias.gov.br\/educacao\/wp-content\/uploads\/sites\/40\/2025\/PlanejamentoFinancas\/Contratos\/Contrato_MODELO_PRADRAO_LOCACAO.pdf\">Contrato &#8211; MODELO PRADR\u00c3O LOCA\u00c7\u00c3O\u00a0<\/a><\/p><p><a href=\"https:\/\/goias.gov.br\/educacao\/wp-content\/uploads\/sites\/40\/2025\/PlanejamentoFinancas\/Contratos\/Contrato_MODELO_PRADRAO_OBRAS.pdf\">Contrato &#8211; MODELO PRADR\u00c3O OBRAS<\/a><\/p>\t\t\t\t\t\t\t\t<\/div>\n\t\t\t\t<\/div>\n\t\t\t\t\t<\/details>\n\t\t\t\t\t<\/div>\n\t\t\t\t\t\t<\/div>\n\t\t\t\t<\/div>\n\t\t\t\t<\/div>\n\t\t","protected":false},"excerpt":{"rendered":"<p>REGULAMENTO DE COMPRAS PORTARIA N\u00ba 3531 Este regulamento disp\u00f5e sobre os procedimentos para compras e\/ou servi\u00e7os, inclusive os de engenharia, a serem adotados pelos Conselhos das Coordena\u00e7\u00f5es Regionais de Educa\u00e7\u00e3o e pelos Conselhos das unidades escolares da rede estadual de Educa\u00e7\u00e3o de Goi\u00e1s, com observ\u00e2ncia dos princ\u00edpios da Administra\u00e7\u00e3o e da Lei n.\u00ba 13.666, de [&hellip;]<\/p>\n","protected":false},"author":465,"featured_media":0,"parent":0,"menu_order":0,"comment_status":"closed","ping_status":"closed","template":"","meta":{"footnotes":""},"class_list":["post-504082","page","type-page","status-publish","hentry"],"rttpg_featured_image_url":null,"rttpg_author":{"display_name":"laysmendes","author_link":"https:\/\/goias.gov.br\/educacao\/author\/laysmendes\/"},"rttpg_comment":0,"rttpg_category":null,"rttpg_excerpt":"REGULAMENTO DE COMPRAS PORTARIA N\u00ba 3531 Este regulamento disp\u00f5e sobre os procedimentos para compras e\/ou servi\u00e7os, inclusive os de engenharia, a serem adotados pelos Conselhos das Coordena\u00e7\u00f5es Regionais de Educa\u00e7\u00e3o e pelos Conselhos das unidades escolares da rede estadual de Educa\u00e7\u00e3o de Goi\u00e1s, com observ\u00e2ncia dos princ\u00edpios da Administra\u00e7\u00e3o e da Lei n.\u00ba 13.666, de&hellip;","_links":{"self":[{"href":"https:\/\/goias.gov.br\/educacao\/wp-json\/wp\/v2\/pages\/504082","targetHints":{"allow":["GET"]}}],"collection":[{"href":"https:\/\/goias.gov.br\/educacao\/wp-json\/wp\/v2\/pages"}],"about":[{"href":"https:\/\/goias.gov.br\/educacao\/wp-json\/wp\/v2\/types\/page"}],"author":[{"embeddable":true,"href":"https:\/\/goias.gov.br\/educacao\/wp-json\/wp\/v2\/users\/465"}],"replies":[{"embeddable":true,"href":"https:\/\/goias.gov.br\/educacao\/wp-json\/wp\/v2\/comments?post=504082"}],"version-history":[{"count":3,"href":"https:\/\/goias.gov.br\/educacao\/wp-json\/wp\/v2\/pages\/504082\/revisions"}],"predecessor-version":[{"id":667617,"href":"https:\/\/goias.gov.br\/educacao\/wp-json\/wp\/v2\/pages\/504082\/revisions\/667617"}],"wp:attachment":[{"href":"https:\/\/goias.gov.br\/educacao\/wp-json\/wp\/v2\/media?parent=504082"}],"curies":[{"name":"wp","href":"https:\/\/api.w.org\/{rel}","templated":true}]}}