

{"id":496235,"date":"2025-06-30T10:56:34","date_gmt":"2025-06-30T13:56:34","guid":{"rendered":"https:\/\/goias.gov.br\/educacao\/?page_id=496235"},"modified":"2026-01-30T10:03:03","modified_gmt":"2026-01-30T13:03:03","slug":"disque-bullying","status":"publish","type":"page","link":"https:\/\/goias.gov.br\/educacao\/disque-bullying\/","title":{"rendered":"Disque-Bullying"},"content":{"rendered":"\t\t<div data-elementor-type=\"wp-page\" data-elementor-id=\"496235\" class=\"elementor elementor-496235\">\n\t\t\t\t<div class=\"elementor-element elementor-element-9f9753b e-flex e-con-boxed e-con e-parent\" data-id=\"9f9753b\" data-element_type=\"container\" data-e-type=\"container\">\n\t\t\t\t\t<div class=\"e-con-inner\">\n\t\t<div class=\"elementor-element elementor-element-5f494dd e-con-full e-flex e-con e-child\" data-id=\"5f494dd\" data-element_type=\"container\" data-e-type=\"container\">\n\t\t\t\t<div class=\"elementor-element elementor-element-13164ad elementor-widget elementor-widget-image\" data-id=\"13164ad\" data-element_type=\"widget\" data-e-type=\"widget\" data-widget_type=\"image.default\">\n\t\t\t\t\t\t\t\t\t\t\t\t\t\t\t<img decoding=\"async\" src=\"https:\/\/goias.gov.br\/educacao\/wp-content\/uploads\/sites\/40\/2025\/06\/Prancheta-1-1.png\" title=\"\" alt=\"\" loading=\"lazy\" \/>\t\t\t\t\t\t\t\t\t\t\t\t\t\t\t<\/div>\n\t\t\t\t<\/div>\n\t\t<div class=\"elementor-element elementor-element-65efd51 e-con-full e-flex e-con e-child\" data-id=\"65efd51\" data-element_type=\"container\" data-e-type=\"container\">\n\t\t\t\t<div class=\"elementor-element elementor-element-5620ab0 elementor-widget elementor-widget-heading\" data-id=\"5620ab0\" data-element_type=\"widget\" data-e-type=\"widget\" data-widget_type=\"heading.default\">\n\t\t\t\t\t<h2 class=\"elementor-heading-title elementor-size-default\">Disque-Bullying <\/h2>\t\t\t\t<\/div>\n\t\t\t\t<div class=\"elementor-element elementor-element-f42f23c elementor-widget elementor-widget-heading\" data-id=\"f42f23c\" data-element_type=\"widget\" data-e-type=\"widget\" data-widget_type=\"heading.default\">\n\t\t\t\t\t<h2 class=\"elementor-heading-title elementor-size-default\">0800 031 0035<\/h2>\t\t\t\t<\/div>\n\t\t\t\t<div class=\"elementor-element elementor-element-98a6d5e elementor-widget elementor-widget-heading\" data-id=\"98a6d5e\" data-element_type=\"widget\" data-e-type=\"widget\" data-widget_type=\"heading.default\">\n\t\t\t\t\t<h2 class=\"elementor-heading-title elementor-size-default\">Secretaria de Estado da Educa\u00e7\u00e3o<\/h2>\t\t\t\t<\/div>\n\t\t\t\t<\/div>\n\t\t<div class=\"elementor-element elementor-element-67484bd e-con-full e-flex e-con e-child\" data-id=\"67484bd\" data-element_type=\"container\" data-e-type=\"container\">\n\t\t\t\t<div class=\"elementor-element elementor-element-46a792f elementor-widget elementor-widget-image\" data-id=\"46a792f\" data-element_type=\"widget\" data-e-type=\"widget\" data-widget_type=\"image.default\">\n\t\t\t\t\t\t\t\t\t\t\t\t\t\t\t<img decoding=\"async\" src=\"https:\/\/goias.gov.br\/educacao\/wp-content\/uploads\/sites\/40\/2025\/06\/Logo-Abreviada-Seduc-colorida-4k.png\" title=\"\" alt=\"\" loading=\"lazy\" \/>\t\t\t\t\t\t\t\t\t\t\t\t\t\t\t<\/div>\n\t\t\t\t<\/div>\n\t\t\t\t\t<\/div>\n\t\t\t\t<\/div>\n\t\t<div class=\"elementor-element elementor-element-433f8b6 e-flex e-con-boxed e-con e-parent\" data-id=\"433f8b6\" data-element_type=\"container\" data-e-type=\"container\">\n\t\t\t\t\t<div class=\"e-con-inner\">\n\t\t\t\t<div class=\"elementor-element elementor-element-7a5a42e elementor-widget elementor-widget-text-editor\" data-id=\"7a5a42e\" data-element_type=\"widget\" data-e-type=\"widget\" data-widget_type=\"text-editor.default\">\n\t\t\t\t\t\t\t\t\t<p>Os estudantes e a comunidade escolar podem denunciar casos de Bullying atrav\u00e9s do site da Secretaria de Estado da Educa\u00e7\u00e3o. Atendendo o que determinar a Lei n\u00ba 17.651\/2012, o processo agora fica mais r\u00e1pido, transparente e menos burocr\u00e1tico.<\/p><p>A lei que estava sendo cumprida pelo Governo de Goi\u00e1s estabelece um servi\u00e7o de atendimento para receber den\u00fancias de viol\u00eancia f\u00edsica ou psicol\u00f3gica contra pessoas no ambiente escolar. O objetivo \u00e9 oferecer um canal para que v\u00edtimas e testemunhas relatem casos de bullying, permitindo que as autoridades tomem as medidas cab\u00edveis.<\/p>\t\t\t\t\t\t\t\t<\/div>\n\t\t\t\t\t<\/div>\n\t\t\t\t<\/div>\n\t\t<div class=\"elementor-element elementor-element-0d9b974 e-flex e-con-boxed e-con e-parent\" data-id=\"0d9b974\" data-element_type=\"container\" data-e-type=\"container\">\n\t\t\t\t\t<div class=\"e-con-inner\">\n\t\t<div class=\"elementor-element elementor-element-3dec4bc e-con-full e-flex e-con e-child\" data-id=\"3dec4bc\" data-element_type=\"container\" data-e-type=\"container\">\n\t\t\t\t<div class=\"elementor-element elementor-element-86c7104 elementor-widget elementor-widget-image\" data-id=\"86c7104\" data-element_type=\"widget\" data-e-type=\"widget\" data-widget_type=\"image.default\">\n\t\t\t\t\t\t\t\t\t\t\t\t\t\t\t<img decoding=\"async\" src=\"https:\/\/goias.gov.br\/educacao\/wp-content\/uploads\/sites\/40\/2025\/06\/Prancheta-4_1.png\" title=\"\" alt=\"\" loading=\"lazy\" \/>\t\t\t\t\t\t\t\t\t\t\t\t\t\t\t<\/div>\n\t\t\t\t<\/div>\n\t\t<div class=\"elementor-element elementor-element-38e18dd e-con-full e-flex e-con e-child\" data-id=\"38e18dd\" data-element_type=\"container\" data-e-type=\"container\">\n\t\t\t\t<div class=\"elementor-element elementor-element-1492e03 elementor-widget elementor-widget-heading\" data-id=\"1492e03\" data-element_type=\"widget\" data-e-type=\"widget\" data-widget_type=\"heading.default\">\n\t\t\t\t\t<h2 class=\"elementor-heading-title elementor-size-default\">O que \u00e9 o Disque-Bullying?<\/h2>\t\t\t\t<\/div>\n\t\t\t\t<div class=\"elementor-element elementor-element-7ab08ab elementor-widget elementor-widget-text-editor\" data-id=\"7ab08ab\" data-element_type=\"widget\" data-e-type=\"widget\" data-widget_type=\"text-editor.default\">\n\t\t\t\t\t\t\t\t\t<ul><li>\u00c9 um servi\u00e7o de atendimento, destinado a receber den\u00fancias de viol\u00eancia f\u00edsica ou psicol\u00f3gica contra pessoas no ambiente escolar.<\/li><\/ul>\t\t\t\t\t\t\t\t<\/div>\n\t\t\t\t<div class=\"elementor-element elementor-element-1985c75 elementor-widget elementor-widget-heading\" data-id=\"1985c75\" data-element_type=\"widget\" data-e-type=\"widget\" data-widget_type=\"heading.default\">\n\t\t\t\t\t<h2 class=\"elementor-heading-title elementor-size-default\">Como funciona?<\/h2>\t\t\t\t<\/div>\n\t\t\t\t<div class=\"elementor-element elementor-element-ce8131e elementor-widget elementor-widget-text-editor\" data-id=\"ce8131e\" data-element_type=\"widget\" data-e-type=\"widget\" data-widget_type=\"text-editor.default\">\n\t\t\t\t\t\t\t\t\t<ul><li>O servi\u00e7o implementado em \u00e2mbito estadual cria mecanismos para que qualquer pessoa possa acompanhar o processo de apura\u00e7\u00e3o das den\u00fancias.<\/li><\/ul>\t\t\t\t\t\t\t\t<\/div>\n\t\t\t\t<div class=\"elementor-element elementor-element-c4cbfa2 elementor-widget elementor-widget-button\" data-id=\"c4cbfa2\" data-element_type=\"widget\" data-e-type=\"widget\" data-widget_type=\"button.default\">\n\t\t\t\t\t\t\t\t\t\t<a class=\"elementor-button elementor-button-link elementor-size-sm\" href=\"https:\/\/portalnetescola.educacao.go.gov.br\/\" target=\"_blank\">\n\t\t\t\t\t\t<span class=\"elementor-button-content-wrapper\">\n\t\t\t\t\t\t\t\t\t<span class=\"elementor-button-text\">Clique aqui para fazer uma den\u00fancia<\/span>\n\t\t\t\t\t<\/span>\n\t\t\t\t\t<\/a>\n\t\t\t\t\t\t\t\t<\/div>\n\t\t\t\t<\/div>\n\t\t\t\t\t<\/div>\n\t\t\t\t<\/div>\n\t\t<div class=\"elementor-element elementor-element-b5dfb29 e-flex e-con-boxed e-con e-parent\" data-id=\"b5dfb29\" data-element_type=\"container\" data-e-type=\"container\">\n\t\t\t\t\t<div class=\"e-con-inner\">\n\t\t<div class=\"elementor-element elementor-element-b81a68b e-con-full e-flex e-con e-child\" data-id=\"b81a68b\" data-element_type=\"container\" data-e-type=\"container\">\n\t\t\t\t<div class=\"elementor-element elementor-element-ebebf00 elementor-widget elementor-widget-heading\" data-id=\"ebebf00\" data-element_type=\"widget\" data-e-type=\"widget\" data-widget_type=\"heading.default\">\n\t\t\t\t\t<h2 class=\"elementor-heading-title elementor-size-default\">Como fazer as den\u00fancias?<\/h2>\t\t\t\t<\/div>\n\t\t\t\t<div class=\"elementor-element elementor-element-42ca542 elementor-widget elementor-widget-video\" data-id=\"42ca542\" data-element_type=\"widget\" data-e-type=\"widget\" data-settings=\"{&quot;youtube_url&quot;:&quot;https:\\\/\\\/www.youtube.com\\\/watch?v=IkXnLaZSjXo&quot;,&quot;video_type&quot;:&quot;youtube&quot;,&quot;controls&quot;:&quot;yes&quot;}\" data-widget_type=\"video.default\">\n\t\t\t\t\t\t\t<div class=\"elementor-wrapper elementor-open-inline\">\n\t\t\t<div class=\"elementor-video\"><\/div>\t\t<\/div>\n\t\t\t\t\t\t<\/div>\n\t\t\t\t<\/div>\n\t\t<div class=\"elementor-element elementor-element-16a6458 e-con-full e-flex e-con e-child\" data-id=\"16a6458\" data-element_type=\"container\" data-e-type=\"container\">\n\t\t\t\t<div class=\"elementor-element elementor-element-e803119 elementor-widget elementor-widget-image\" data-id=\"e803119\" data-element_type=\"widget\" data-e-type=\"widget\" data-widget_type=\"image.default\">\n\t\t\t\t\t\t\t\t\t\t\t\t\t\t\t<img decoding=\"async\" src=\"https:\/\/goias.gov.br\/educacao\/wp-content\/uploads\/sites\/40\/2025\/06\/Prancheta-4-2.png\" title=\"\" alt=\"\" loading=\"lazy\" \/>\t\t\t\t\t\t\t\t\t\t\t\t\t\t\t<\/div>\n\t\t\t\t<\/div>\n\t\t\t\t\t<\/div>\n\t\t\t\t<\/div>\n\t\t\t\t<\/div>\n\t\t","protected":false},"excerpt":{"rendered":"<p>Disque-Bullying 0800 031 0035 Secretaria de Estado da Educa\u00e7\u00e3o Os estudantes e a comunidade escolar podem denunciar casos de Bullying atrav\u00e9s do site da Secretaria de Estado da Educa\u00e7\u00e3o. Atendendo o que determinar a Lei n\u00ba 17.651\/2012, o processo agora fica mais r\u00e1pido, transparente e menos burocr\u00e1tico. A lei que estava sendo cumprida pelo Governo [&hellip;]<\/p>\n","protected":false},"author":465,"featured_media":0,"parent":0,"menu_order":0,"comment_status":"closed","ping_status":"closed","template":"","meta":{"footnotes":""},"class_list":["post-496235","page","type-page","status-publish","hentry"],"rttpg_featured_image_url":null,"rttpg_author":{"display_name":"laysmendes","author_link":"https:\/\/goias.gov.br\/educacao\/author\/laysmendes\/"},"rttpg_comment":0,"rttpg_category":null,"rttpg_excerpt":"Disque-Bullying 0800 031 0035 Secretaria de Estado da Educa\u00e7\u00e3o Os estudantes e a comunidade escolar podem denunciar casos de Bullying atrav\u00e9s do site da Secretaria de Estado da Educa\u00e7\u00e3o. Atendendo o que determinar a Lei n\u00ba 17.651\/2012, o processo agora fica mais r\u00e1pido, transparente e menos burocr\u00e1tico. A lei que estava sendo cumprida pelo Governo&hellip;","_links":{"self":[{"href":"https:\/\/goias.gov.br\/educacao\/wp-json\/wp\/v2\/pages\/496235","targetHints":{"allow":["GET"]}}],"collection":[{"href":"https:\/\/goias.gov.br\/educacao\/wp-json\/wp\/v2\/pages"}],"about":[{"href":"https:\/\/goias.gov.br\/educacao\/wp-json\/wp\/v2\/types\/page"}],"author":[{"embeddable":true,"href":"https:\/\/goias.gov.br\/educacao\/wp-json\/wp\/v2\/users\/465"}],"replies":[{"embeddable":true,"href":"https:\/\/goias.gov.br\/educacao\/wp-json\/wp\/v2\/comments?post=496235"}],"version-history":[{"count":2,"href":"https:\/\/goias.gov.br\/educacao\/wp-json\/wp\/v2\/pages\/496235\/revisions"}],"predecessor-version":[{"id":676550,"href":"https:\/\/goias.gov.br\/educacao\/wp-json\/wp\/v2\/pages\/496235\/revisions\/676550"}],"wp:attachment":[{"href":"https:\/\/goias.gov.br\/educacao\/wp-json\/wp\/v2\/media?parent=496235"}],"curies":[{"name":"wp","href":"https:\/\/api.w.org\/{rel}","templated":true}]}}