

{"id":493598,"date":"2025-06-25T10:00:32","date_gmt":"2025-06-25T13:00:32","guid":{"rendered":"https:\/\/goias.gov.br\/educacao\/?page_id=493598"},"modified":"2026-01-28T16:26:11","modified_gmt":"2026-01-28T19:26:11","slug":"programa-pe-de-meia","status":"publish","type":"page","link":"https:\/\/goias.gov.br\/educacao\/programa-pe-de-meia\/","title":{"rendered":"Programa P\u00e9 de Meia"},"content":{"rendered":"\t\t<div data-elementor-type=\"wp-page\" data-elementor-id=\"493598\" class=\"elementor elementor-493598\">\n\t\t\t\t<div class=\"elementor-element elementor-element-5a50969 e-flex e-con-boxed e-con e-parent\" data-id=\"5a50969\" data-element_type=\"container\" data-e-type=\"container\">\n\t\t\t\t\t<div class=\"e-con-inner\">\n\t\t\t\t<div class=\"elementor-element elementor-element-aa1a450 elementor-widget elementor-widget-image\" data-id=\"aa1a450\" data-element_type=\"widget\" data-e-type=\"widget\" data-widget_type=\"image.default\">\n\t\t\t\t\t\t\t\t\t\t\t\t\t\t\t<img decoding=\"async\" src=\"https:\/\/goias.gov.br\/educacao\/wp-content\/uploads\/sites\/40\/2025\/06\/Prancheta-1.png\" title=\"\" alt=\"\" loading=\"lazy\" \/>\t\t\t\t\t\t\t\t\t\t\t\t\t\t\t<\/div>\n\t\t\t\t\t<\/div>\n\t\t\t\t<\/div>\n\t\t<div class=\"elementor-element elementor-element-7924224 e-con-full e-flex e-con e-parent\" data-id=\"7924224\" data-element_type=\"container\" data-e-type=\"container\">\n\t\t\t\t<div class=\"elementor-element elementor-element-f0b6a8f elementor-widget elementor-widget-text-editor\" data-id=\"f0b6a8f\" data-element_type=\"widget\" data-e-type=\"widget\" data-widget_type=\"text-editor.default\">\n\t\t\t\t\t\t\t\t\t<p>O P\u00e9-de-Meia \u00e9 um programa de incentivo financeiro-educacional voltado a estudantes matriculados no ensino m\u00e9dio p\u00fablico benefici\u00e1rios do Cadastro \u00danico para Programas Sociais do Governo Federal (Cad\u00danico). O programa funciona como uma poupan\u00e7a para promover a perman\u00eancia e a conclus\u00e3o escolar de estudantes nessa etapa de ensino. Seu objetivo \u00e9 democratizar o acesso e reduzir a desigualdade social entre os jovens, al\u00e9m de fomentar a inclus\u00e3o educacional e estimular a mobilidade social.<\/p><p>Ao comprovar matr\u00edcula e frequ\u00eancia, o estudante do ensino regular recebe o pagamento de incentivos mensais no valor de R$ 200, que podem ser sacados em qualquer momento. No caso da educa\u00e7\u00e3o de jovens e adultos, ao comprovar matr\u00edcula, o estudante recebe um incentivo de R$ 200, al\u00e9m de incentivos de R$ 225 pela frequ\u00eancia, ambos dispon\u00edveis para saque. O benefici\u00e1rio do P\u00e9-de-Meia ainda recebe R$ 1.000 ao final de cada ano conclu\u00eddo, que s\u00f3 podem ser retirados da poupan\u00e7a ap\u00f3s a formatura no ensino m\u00e9dio. Considerando as parcelas de incentivo, os dep\u00f3sitos anuais e o adicional de R$ 200 pela participa\u00e7\u00e3o no Exame Nacional do Ensino M\u00e9dio (Enem), os valores chegam a R$ 9.200 por aluno.<\/p><p>As redes ofertantes do ensino m\u00e9dio (federais, estaduais, distrital ou municipais) s\u00e3o respons\u00e1veis por captar e informar os dados dos estudantes ao Minist\u00e9rio da Educa\u00e7\u00e3o (MEC), por meio de sistema informatizado. Com base nessas informa\u00e7\u00f5es, o MEC define o p\u00fablico contemplado, al\u00e9m de acompanhar e verificar o cumprimento dos requisitos para fins de pagamento dos incentivos. As folhas de pagamento s\u00e3o enviadas \u00e0 Caixa Econ\u00f4mica Federal, respons\u00e1vel pela abertura das contas e pelos pagamentos, que s\u00e3o consultados pelos benefici\u00e1rios por meio do aplicativo Jornada do Estudante.<\/p>\t\t\t\t\t\t\t\t<\/div>\n\t\t\t\t<\/div>\n\t\t<div class=\"elementor-element elementor-element-c27ab26 e-flex e-con-boxed e-con e-parent\" data-id=\"c27ab26\" data-element_type=\"container\" data-e-type=\"container\">\n\t\t\t\t\t<div class=\"e-con-inner\">\n\t\t\t\t<div class=\"elementor-element elementor-element-23e1a9c elementor-widget elementor-widget-heading\" data-id=\"23e1a9c\" data-element_type=\"widget\" data-e-type=\"widget\" data-widget_type=\"heading.default\">\n\t\t\t\t\t<h2 class=\"elementor-heading-title elementor-size-default\">P\u00fablico<\/h2>\t\t\t\t<\/div>\n\t\t\t\t\t<\/div>\n\t\t\t\t<\/div>\n\t\t<div class=\"elementor-element elementor-element-774189a e-con-full e-flex e-con e-parent\" data-id=\"774189a\" data-element_type=\"container\" data-e-type=\"container\">\n\t\t\t\t<div class=\"elementor-element elementor-element-e262aa2 elementor-widget elementor-widget-text-editor\" data-id=\"e262aa2\" data-element_type=\"widget\" data-e-type=\"widget\" data-widget_type=\"text-editor.default\">\n\t\t\t\t\t\t\t\t\t<p>Para ter direito \u00e0 poupan\u00e7a do ensino m\u00e9dio, \u00e9 preciso atender aos seguintes crit\u00e9rios:<\/p>\t\t\t\t\t\t\t\t<\/div>\n\t\t\t\t<\/div>\n\t\t<div class=\"elementor-element elementor-element-066d418 e-flex e-con-boxed e-con e-parent\" data-id=\"066d418\" data-element_type=\"container\" data-e-type=\"container\">\n\t\t\t\t\t<div class=\"e-con-inner\">\n\t\t<div class=\"elementor-element elementor-element-c4858bc e-con-full e-flex e-con e-child\" data-id=\"c4858bc\" data-element_type=\"container\" data-e-type=\"container\">\n\t\t\t\t<div class=\"elementor-element elementor-element-1a40cbb elementor-widget elementor-widget-image\" data-id=\"1a40cbb\" data-element_type=\"widget\" data-e-type=\"widget\" data-widget_type=\"image.default\">\n\t\t\t\t\t\t\t\t\t\t\t\t\t\t\t<img decoding=\"async\" src=\"https:\/\/goias.gov.br\/educacao\/wp-content\/uploads\/sites\/40\/2025\/06\/Black-White-Minimalist-Letter-MC-Logo-1.png\" title=\"\" alt=\"\" loading=\"lazy\" \/>\t\t\t\t\t\t\t\t\t\t\t\t\t\t\t<\/div>\n\t\t\t\t<\/div>\n\t\t<div class=\"elementor-element elementor-element-a9e254e e-con-full e-flex e-con e-child\" data-id=\"a9e254e\" data-element_type=\"container\" data-e-type=\"container\">\n\t\t\t\t<div class=\"elementor-element elementor-element-8fadbe7 elementor-widget elementor-widget-text-editor\" data-id=\"8fadbe7\" data-element_type=\"widget\" data-e-type=\"widget\" data-widget_type=\"text-editor.default\">\n\t\t\t\t\t\t\t\t\t<p>Ser estudante do ensino m\u00e9dio das redes p\u00fablicas e ter entre 14 e 24 anos; ou ser estudante da educa\u00e7\u00e3o de jovens e adultos (EJA) das redes p\u00fablicas e ter entre 19 e 24 anos;<\/p>\t\t\t\t\t\t\t\t<\/div>\n\t\t\t\t<\/div>\n\t\t\t\t\t<\/div>\n\t\t\t\t<\/div>\n\t\t<div class=\"elementor-element elementor-element-1396969 e-flex e-con-boxed e-con e-parent\" data-id=\"1396969\" data-element_type=\"container\" data-e-type=\"container\">\n\t\t\t\t\t<div class=\"e-con-inner\">\n\t\t<div class=\"elementor-element elementor-element-b7accae e-con-full e-flex e-con e-child\" data-id=\"b7accae\" data-element_type=\"container\" data-e-type=\"container\">\n\t\t\t\t<div class=\"elementor-element elementor-element-6b2efd9 elementor-widget elementor-widget-image\" data-id=\"6b2efd9\" data-element_type=\"widget\" data-e-type=\"widget\" data-widget_type=\"image.default\">\n\t\t\t\t\t\t\t\t\t\t\t\t\t\t\t<img decoding=\"async\" src=\"https:\/\/goias.gov.br\/educacao\/wp-content\/uploads\/sites\/40\/2025\/06\/Black-White-Minimalist-Letter-MC-Logo-1.png\" title=\"\" alt=\"\" loading=\"lazy\" \/>\t\t\t\t\t\t\t\t\t\t\t\t\t\t\t<\/div>\n\t\t\t\t<\/div>\n\t\t<div class=\"elementor-element elementor-element-e2096a7 e-con-full e-flex e-con e-child\" data-id=\"e2096a7\" data-element_type=\"container\" data-e-type=\"container\">\n\t\t\t\t<div class=\"elementor-element elementor-element-c5d0ac9 elementor-widget elementor-widget-text-editor\" data-id=\"c5d0ac9\" data-element_type=\"widget\" data-e-type=\"widget\" data-widget_type=\"text-editor.default\">\n\t\t\t\t\t\t\t\t\t<p>Ser integrante de uma fam\u00edlia inscrita no Cadastro \u00danico at\u00e9 a data refer\u00eancia 7 de fevereiro de 2025 pra Programas Sociais do Governo Federal (Cad\u00danico) e que tenha renda, por pessoa, de at\u00e9 meio sal\u00e1rio-m\u00ednimo;<\/p>\t\t\t\t\t\t\t\t<\/div>\n\t\t\t\t<\/div>\n\t\t\t\t\t<\/div>\n\t\t\t\t<\/div>\n\t\t<div class=\"elementor-element elementor-element-5e60bb0 e-flex e-con-boxed e-con e-parent\" data-id=\"5e60bb0\" data-element_type=\"container\" data-e-type=\"container\">\n\t\t\t\t\t<div class=\"e-con-inner\">\n\t\t<div class=\"elementor-element elementor-element-d5ba772 e-con-full e-flex e-con e-child\" data-id=\"d5ba772\" data-element_type=\"container\" data-e-type=\"container\">\n\t\t\t\t<div class=\"elementor-element elementor-element-25cc6f5 elementor-widget elementor-widget-image\" data-id=\"25cc6f5\" data-element_type=\"widget\" data-e-type=\"widget\" data-widget_type=\"image.default\">\n\t\t\t\t\t\t\t\t\t\t\t\t\t\t\t<img decoding=\"async\" src=\"https:\/\/goias.gov.br\/educacao\/wp-content\/uploads\/sites\/40\/2025\/06\/Black-White-Minimalist-Letter-MC-Logo-1.png\" title=\"\" alt=\"\" loading=\"lazy\" \/>\t\t\t\t\t\t\t\t\t\t\t\t\t\t\t<\/div>\n\t\t\t\t<\/div>\n\t\t<div class=\"elementor-element elementor-element-f40c340 e-con-full e-flex e-con e-child\" data-id=\"f40c340\" data-element_type=\"container\" data-e-type=\"container\">\n\t\t\t\t<div class=\"elementor-element elementor-element-1b29259 elementor-widget elementor-widget-text-editor\" data-id=\"1b29259\" data-element_type=\"widget\" data-e-type=\"widget\" data-widget_type=\"text-editor.default\">\n\t\t\t\t\t\t\t\t\t<p>Ser integrante de uma fam\u00edlia inscrita no Cadastro \u00danico at\u00e9 a data refer\u00eancia 7 de fevereiro de 2025 pra Programas Sociais do Governo Federal (Cad\u00danico) e que tenha renda, por pessoa, de at\u00e9 meio sal\u00e1rio-m\u00ednimo;<\/p>\t\t\t\t\t\t\t\t<\/div>\n\t\t\t\t<\/div>\n\t\t\t\t\t<\/div>\n\t\t\t\t<\/div>\n\t\t<div class=\"elementor-element elementor-element-36a2333 e-flex e-con-boxed e-con e-parent\" data-id=\"36a2333\" data-element_type=\"container\" data-e-type=\"container\">\n\t\t\t\t\t<div class=\"e-con-inner\">\n\t\t<div class=\"elementor-element elementor-element-bfcc107 e-con-full e-flex e-con e-child\" data-id=\"bfcc107\" data-element_type=\"container\" data-e-type=\"container\">\n\t\t\t\t<div class=\"elementor-element elementor-element-c5bdb29 elementor-widget elementor-widget-image\" data-id=\"c5bdb29\" data-element_type=\"widget\" data-e-type=\"widget\" data-widget_type=\"image.default\">\n\t\t\t\t\t\t\t\t\t\t\t\t\t\t\t<img decoding=\"async\" src=\"https:\/\/goias.gov.br\/educacao\/wp-content\/uploads\/sites\/40\/2025\/06\/Black-White-Minimalist-Letter-MC-Logo-1.png\" title=\"\" alt=\"\" loading=\"lazy\" \/>\t\t\t\t\t\t\t\t\t\t\t\t\t\t\t<\/div>\n\t\t\t\t<\/div>\n\t\t<div class=\"elementor-element elementor-element-082626e e-con-full e-flex e-con e-child\" data-id=\"082626e\" data-element_type=\"container\" data-e-type=\"container\">\n\t\t\t\t<div class=\"elementor-element elementor-element-817df69 elementor-widget elementor-widget-text-editor\" data-id=\"817df69\" data-element_type=\"widget\" data-e-type=\"widget\" data-widget_type=\"text-editor.default\">\n\t\t\t\t\t\t\t\t\t<p>Possuir Cadastro de Pessoa F\u00edsica (CPF) regular; e<\/p>\t\t\t\t\t\t\t\t<\/div>\n\t\t\t\t<\/div>\n\t\t\t\t\t<\/div>\n\t\t\t\t<\/div>\n\t\t<div class=\"elementor-element elementor-element-9c099a1 e-flex e-con-boxed e-con e-parent\" data-id=\"9c099a1\" data-element_type=\"container\" data-e-type=\"container\">\n\t\t\t\t\t<div class=\"e-con-inner\">\n\t\t<div class=\"elementor-element elementor-element-b44827e e-con-full e-flex e-con e-child\" data-id=\"b44827e\" data-element_type=\"container\" data-e-type=\"container\">\n\t\t\t\t<div class=\"elementor-element elementor-element-fe1b5eb elementor-widget elementor-widget-image\" data-id=\"fe1b5eb\" data-element_type=\"widget\" data-e-type=\"widget\" data-widget_type=\"image.default\">\n\t\t\t\t\t\t\t\t\t\t\t\t\t\t\t<img decoding=\"async\" src=\"https:\/\/goias.gov.br\/educacao\/wp-content\/uploads\/sites\/40\/2025\/06\/Black-White-Minimalist-Letter-MC-Logo-1.png\" title=\"\" alt=\"\" loading=\"lazy\" \/>\t\t\t\t\t\t\t\t\t\t\t\t\t\t\t<\/div>\n\t\t\t\t<\/div>\n\t\t<div class=\"elementor-element elementor-element-8455bb9 e-con-full e-flex e-con e-child\" data-id=\"8455bb9\" data-element_type=\"container\" data-e-type=\"container\">\n\t\t\t\t<div class=\"elementor-element elementor-element-de7f0b4 elementor-widget elementor-widget-text-editor\" data-id=\"de7f0b4\" data-element_type=\"widget\" data-e-type=\"widget\" data-widget_type=\"text-editor.default\">\n\t\t\t\t\t\t\t\t\t<p>Ter frequ\u00eancia nas aulas de no m\u00ednimo 80% no m\u00eas.<\/p>\t\t\t\t\t\t\t\t<\/div>\n\t\t\t\t<\/div>\n\t\t\t\t\t<\/div>\n\t\t\t\t<\/div>\n\t\t<div class=\"elementor-element elementor-element-d78f032 e-flex e-con-boxed e-con e-parent\" data-id=\"d78f032\" data-element_type=\"container\" data-e-type=\"container\">\n\t\t\t\t\t<div class=\"e-con-inner\">\n\t\t\t\t<div class=\"elementor-element elementor-element-3eca64e elementor-widget elementor-widget-heading\" data-id=\"3eca64e\" data-element_type=\"widget\" data-e-type=\"widget\" data-widget_type=\"heading.default\">\n\t\t\t\t\t<h2 class=\"elementor-heading-title elementor-size-default\">Canais de Atendimento<\/h2>\t\t\t\t<\/div>\n\t\t\t\t\t<\/div>\n\t\t\t\t<\/div>\n\t\t<div class=\"elementor-element elementor-element-f111e7e e-flex e-con-boxed e-con e-parent\" data-id=\"f111e7e\" data-element_type=\"container\" data-e-type=\"container\">\n\t\t\t\t\t<div class=\"e-con-inner\">\n\t\t<div class=\"elementor-element elementor-element-aa5e34c e-con-full e-flex e-con e-child\" data-id=\"aa5e34c\" data-element_type=\"container\" data-e-type=\"container\">\n\t\t\t\t<div class=\"elementor-element elementor-element-333da6d elementor-widget elementor-widget-text-editor\" data-id=\"333da6d\" data-element_type=\"widget\" data-e-type=\"widget\" data-widget_type=\"text-editor.default\">\n\t\t\t\t\t\t\t\t\t<h4><strong>Canais de atendimento do MEC:<\/strong><\/h4><ul><li>Fale Conosco:\u202f0800\u202f616161<\/li><li><a href=\"https:\/\/mecsp.metasix.solutions\/portal\">Portal de Atendimento<\/a>,\u00a0<a href=\"https:\/\/mecsp.metasix.solutions\/portal\">op\u00e7\u00e3o 7 <\/a><\/li><li><a href=\"https:\/\/www.gov.br\/mec\/pt-br\/acesso-a-informacao\/perguntas-frequentes\/pe-de-meia\">Perguntas Frequentes<\/a>\u00a0<\/li><li><a href=\"https:\/\/www.gov.br\/mec\/pt-br\/jornadadoestudante\">Aplicativo Jornada do Estudante\u00a0<\/a><\/li><\/ul>\t\t\t\t\t\t\t\t<\/div>\n\t\t\t\t<\/div>\n\t\t<div class=\"elementor-element elementor-element-ef7d80e e-con-full e-flex e-con e-child\" data-id=\"ef7d80e\" data-element_type=\"container\" data-e-type=\"container\">\n\t\t\t\t<div class=\"elementor-element elementor-element-3ed177c elementor-widget elementor-widget-text-editor\" data-id=\"3ed177c\" data-element_type=\"widget\" data-e-type=\"widget\" data-widget_type=\"text-editor.default\">\n\t\t\t\t\t\t\t\t\t<h4><strong>Canais de Atendimento Caixa Econ\u00f4mica Federal: <\/strong><\/h4><ul><li>Al\u00f4 Caixa (capitais e regi\u00f5es metropolitanas)\u00a04004 0 104<\/li><li>Al\u00f4 Caixa (demais regi\u00f5es)\u00a00800 104 0 104<\/li><li>\u00a0Atendimento Caixa Cidad\u00e3o\u00a00800 726 0207<\/li><li>\u00a0SAC (sugest\u00e3o, reclama\u00e7\u00f5es e elogios)\u00a00800 726 0101<\/li><li>\u00a0Ouvidoria\u00a00800 725 7474<\/li><\/ul>\t\t\t\t\t\t\t\t<\/div>\n\t\t\t\t<\/div>\n\t\t\t\t\t<\/div>\n\t\t\t\t<\/div>\n\t\t<div class=\"elementor-element elementor-element-df8064f e-con-full e-flex e-con e-parent\" data-id=\"df8064f\" data-element_type=\"container\" data-e-type=\"container\">\n\t\t\t\t<div class=\"elementor-element elementor-element-2e8ee6d elementor-widget elementor-widget-text-editor\" data-id=\"2e8ee6d\" data-element_type=\"widget\" data-e-type=\"widget\" data-widget_type=\"text-editor.default\">\n\t\t\t\t\t\t\t\t\t<h4><strong>Contato para Informa\u00e7\u00f5es sobre o Programa P\u00e9-de-Meia<\/strong><\/h4><p>Em caso de d\u00favidas ou para mais informa\u00e7\u00f5es sobre o Programa P\u00e9-de-Meia no \u00e2mbito da Secretaria de Estado da Educa\u00e7\u00e3o de Goi\u00e1s, entre em contato pelos canais oficiais:<\/p><p>Telefones: (62) 3220-9721 \/ 3220-9723<\/p><p>E-mail: pedemeiagoias@seduc.go.gov.br<\/p><p>Endere\u00e7o: 5\u00aa Avenida, Quadra 71, n\u00ba 212, Leste Vila Nova, Goi\u00e2nia &#8211; GO, CEP 74643-030 &#8211; Bloco N, Sala 70.<\/p><p>Nosso atendimento est\u00e1 dispon\u00edvel para esclarecer suas d\u00favidas e oferecer o suporte necess\u00e1rio sobre o programa.<\/p><p>Para informa\u00e7\u00f5es completas e atualiza\u00e7\u00f5es oficiais, acesse o site do Programa <a href=\"https:\/\/www.gov.br\/mec\/pt-br\/pe-de-meia\">P\u00e9-de-Meia<\/a> no Minist\u00e9rio da Educa\u00e7\u00e3o.\u00a0<\/p>\t\t\t\t\t\t\t\t<\/div>\n\t\t\t\t<\/div>\n\t\t\t\t<\/div>\n\t\t","protected":false},"excerpt":{"rendered":"<p>O P\u00e9-de-Meia \u00e9 um programa de incentivo financeiro-educacional voltado a estudantes matriculados no ensino m\u00e9dio p\u00fablico benefici\u00e1rios do Cadastro \u00danico para Programas Sociais do Governo Federal (Cad\u00danico). O programa funciona como uma poupan\u00e7a para promover a perman\u00eancia e a conclus\u00e3o escolar de estudantes nessa etapa de ensino. Seu objetivo \u00e9 democratizar o acesso e reduzir [&hellip;]<\/p>\n","protected":false},"author":465,"featured_media":0,"parent":0,"menu_order":0,"comment_status":"closed","ping_status":"closed","template":"","meta":{"footnotes":""},"class_list":["post-493598","page","type-page","status-publish","hentry"],"rttpg_featured_image_url":null,"rttpg_author":{"display_name":"laysmendes","author_link":"https:\/\/goias.gov.br\/educacao\/author\/laysmendes\/"},"rttpg_comment":0,"rttpg_category":null,"rttpg_excerpt":"O P\u00e9-de-Meia \u00e9 um programa de incentivo financeiro-educacional voltado a estudantes matriculados no ensino m\u00e9dio p\u00fablico benefici\u00e1rios do Cadastro \u00danico para Programas Sociais do Governo Federal (Cad\u00danico). O programa funciona como uma poupan\u00e7a para promover a perman\u00eancia e a conclus\u00e3o escolar de estudantes nessa etapa de ensino. Seu objetivo \u00e9 democratizar o acesso e reduzir&hellip;","_links":{"self":[{"href":"https:\/\/goias.gov.br\/educacao\/wp-json\/wp\/v2\/pages\/493598","targetHints":{"allow":["GET"]}}],"collection":[{"href":"https:\/\/goias.gov.br\/educacao\/wp-json\/wp\/v2\/pages"}],"about":[{"href":"https:\/\/goias.gov.br\/educacao\/wp-json\/wp\/v2\/types\/page"}],"author":[{"embeddable":true,"href":"https:\/\/goias.gov.br\/educacao\/wp-json\/wp\/v2\/users\/465"}],"replies":[{"embeddable":true,"href":"https:\/\/goias.gov.br\/educacao\/wp-json\/wp\/v2\/comments?post=493598"}],"version-history":[{"count":2,"href":"https:\/\/goias.gov.br\/educacao\/wp-json\/wp\/v2\/pages\/493598\/revisions"}],"predecessor-version":[{"id":668341,"href":"https:\/\/goias.gov.br\/educacao\/wp-json\/wp\/v2\/pages\/493598\/revisions\/668341"}],"wp:attachment":[{"href":"https:\/\/goias.gov.br\/educacao\/wp-json\/wp\/v2\/media?parent=493598"}],"curies":[{"name":"wp","href":"https:\/\/api.w.org\/{rel}","templated":true}]}}