

{"id":48067,"date":"2024-03-14T15:03:35","date_gmt":"2024-03-14T18:03:35","guid":{"rendered":"https:\/\/siteshom.goias.gov.br\/educacao\/?page_id=48067"},"modified":"2026-01-30T13:40:15","modified_gmt":"2026-01-30T16:40:15","slug":"conectividade-movel-ativar-o-chip","status":"publish","type":"page","link":"https:\/\/goias.gov.br\/educacao\/conectividade-movel-ativar-o-chip\/","title":{"rendered":"Conectividade M\u00f3vel &#8211; Ativar o Chip"},"content":{"rendered":"\t\t<div data-elementor-type=\"wp-page\" data-elementor-id=\"48067\" class=\"elementor elementor-48067\">\n\t\t\t\t<div class=\"elementor-element elementor-element-bb4dce4 e-flex e-con-boxed e-con e-parent\" data-id=\"bb4dce4\" data-element_type=\"container\" data-e-type=\"container\">\n\t\t\t\t\t<div class=\"e-con-inner\">\n\t\t\t\t<div class=\"elementor-element elementor-element-eb7a792 elementor-widget elementor-widget-image\" data-id=\"eb7a792\" data-element_type=\"widget\" data-e-type=\"widget\" data-widget_type=\"image.default\">\n\t\t\t\t\t\t\t\t\t\t\t\t\t\t\t<img decoding=\"async\" src=\"https:\/\/goias.gov.br\/educacao\/wp-content\/uploads\/sites\/40\/2024\/03\/titulo.png\" title=\"\" alt=\"\" loading=\"lazy\" \/>\t\t\t\t\t\t\t\t\t\t\t\t\t\t\t<\/div>\n\t\t\t\t\t<\/div>\n\t\t\t\t<\/div>\n\t\t<div class=\"elementor-element elementor-element-25a7bd7 e-flex e-con-boxed e-con e-parent\" data-id=\"25a7bd7\" data-element_type=\"container\" data-e-type=\"container\">\n\t\t\t\t\t<div class=\"e-con-inner\">\n\t\t\t\t<div class=\"elementor-element elementor-element-d534112 elementor-widget elementor-widget-text-editor\" data-id=\"d534112\" data-element_type=\"widget\" data-e-type=\"widget\" data-widget_type=\"text-editor.default\">\n\t\t\t\t\t\t\t\t\t<p>Para utiliza\u00e7\u00e3o do chip, antes \u00e9 necess\u00e1rio realizar uma configura\u00e7\u00e3o para a ativa\u00e7\u00e3o dos Chips das operadoras Claro e Vivo, conforme manual de ativa\u00e7\u00e3o dos Chips. Aos que possuem os Chips da operadora TIM ativa\u00e7\u00e3o \u00e9 autom\u00e1tica, n\u00e3o precisa de configura\u00e7\u00e3o.<\/p><p style=\"text-align: center;\">S\u00e3o disponibilizados 60GB para cada CHIP, exclusivo para uso de dados m\u00f3veis, a serem utilizados por 12 meses a partir da ativa\u00e7\u00e3o, n\u00e3o sendo poss\u00edvel realizar liga\u00e7\u00f5es, aplicativos de redes sociais e sites com conte\u00fado duvidosos, pois existe um bloqueio para acesso a aplicativos e sites n\u00e3o permitidos, liberado somente acesso \u00e0 sites com conte\u00fado educacionais.<\/p>\t\t\t\t\t\t\t\t<\/div>\n\t\t\t\t<div class=\"elementor-element elementor-element-d4e98f4 elementor-widget elementor-widget-image\" data-id=\"d4e98f4\" data-element_type=\"widget\" data-e-type=\"widget\" data-widget_type=\"image.default\">\n\t\t\t\t\t\t\t\t\t\t\t\t\t\t\t<img decoding=\"async\" src=\"https:\/\/goias.gov.br\/educacao\/wp-content\/uploads\/sites\/40\/2024\/04\/Quadro-lista-de-sites.png\" title=\"\" alt=\"\" loading=\"lazy\" \/>\t\t\t\t\t\t\t\t\t\t\t\t\t\t\t<\/div>\n\t\t\t\t<div class=\"elementor-element elementor-element-9ec57c4 elementor-widget elementor-widget-image\" data-id=\"9ec57c4\" data-element_type=\"widget\" data-e-type=\"widget\" data-widget_type=\"image.default\">\n\t\t\t\t\t\t\t\t\t\t\t\t\t\t\t<img decoding=\"async\" src=\"https:\/\/goias.gov.br\/educacao\/wp-content\/uploads\/sites\/40\/2024\/03\/configurao-de-apn-para-ativar-o-chip.png\" title=\"\" alt=\"\" loading=\"lazy\" \/>\t\t\t\t\t\t\t\t\t\t\t\t\t\t\t<\/div>\n\t\t\t\t\t<\/div>\n\t\t\t\t<\/div>\n\t\t<div class=\"elementor-element elementor-element-01afd50 e-flex e-con-boxed e-con e-parent\" data-id=\"01afd50\" data-element_type=\"container\" data-e-type=\"container\">\n\t\t\t\t\t<div class=\"e-con-inner\">\n\t\t<div class=\"elementor-element elementor-element-47c86d5 e-con-full e-flex e-con e-child\" data-id=\"47c86d5\" data-element_type=\"container\" data-e-type=\"container\">\n\t\t\t\t<div class=\"elementor-element elementor-element-6fcd760 elementor-widget elementor-widget-image\" data-id=\"6fcd760\" data-element_type=\"widget\" data-e-type=\"widget\" data-widget_type=\"image.default\">\n\t\t\t\t\t\t\t\t\t\t\t\t\t\t\t<img decoding=\"async\" src=\"https:\/\/goias.gov.br\/educacao\/wp-content\/uploads\/sites\/40\/2024\/03\/grupo-4038.png\" title=\"\" alt=\"\" loading=\"lazy\" \/>\t\t\t\t\t\t\t\t\t\t\t\t\t\t\t<\/div>\n\t\t\t\t<div class=\"elementor-element elementor-element-6c93485 elementor-widget elementor-widget-image\" data-id=\"6c93485\" data-element_type=\"widget\" data-e-type=\"widget\" data-widget_type=\"image.default\">\n\t\t\t\t\t\t\t\t\t\t\t\t\t\t\t\t<a href=\"\/educacao\/conectividade-movel-ativar-o-chip-claro\/\" target=\"_blank\">\n\t\t\t\t\t\t\t<img decoding=\"async\" src=\"https:\/\/goias.gov.br\/educacao\/wp-content\/uploads\/sites\/40\/2024\/03\/boto-claro.png\" title=\"\" alt=\"\" loading=\"lazy\" \/>\t\t\t\t\t\t\t\t<\/a>\n\t\t\t\t\t\t\t\t\t\t\t\t\t\t\t<\/div>\n\t\t\t\t<div class=\"elementor-element elementor-element-b69c6e4 elementor-widget elementor-widget-image\" data-id=\"b69c6e4\" data-element_type=\"widget\" data-e-type=\"widget\" data-widget_type=\"image.default\">\n\t\t\t\t\t\t\t\t\t\t\t\t\t\t\t\t<a href=\"\/educacao\/conectividade-movel-ativar-o-chip-vivo\/\" target=\"_blank\">\n\t\t\t\t\t\t\t<img decoding=\"async\" src=\"https:\/\/goias.gov.br\/educacao\/wp-content\/uploads\/sites\/40\/2024\/03\/boto-vivo.png\" title=\"\" alt=\"\" loading=\"lazy\" \/>\t\t\t\t\t\t\t\t<\/a>\n\t\t\t\t\t\t\t\t\t\t\t\t\t\t\t<\/div>\n\t\t\t\t<\/div>\n\t\t<div class=\"elementor-element elementor-element-0ca4ed7 e-con-full e-flex e-con e-child\" data-id=\"0ca4ed7\" data-element_type=\"container\" data-e-type=\"container\">\n\t\t\t\t<div class=\"elementor-element elementor-element-12a2887 elementor-widget elementor-widget-image\" data-id=\"12a2887\" data-element_type=\"widget\" data-e-type=\"widget\" data-widget_type=\"image.default\">\n\t\t\t\t\t\t\t\t\t\t\t\t\t\t\t<img decoding=\"async\" src=\"https:\/\/goias.gov.br\/educacao\/wp-content\/uploads\/sites\/40\/2024\/03\/imagem-configurao.png\" title=\"\" alt=\"\" loading=\"lazy\" \/>\t\t\t\t\t\t\t\t\t\t\t\t\t\t\t<\/div>\n\t\t\t\t<\/div>\n\t\t\t\t\t<\/div>\n\t\t\t\t<\/div>\n\t\t\t\t<\/div>\n\t\t","protected":false},"excerpt":{"rendered":"<p>Para utiliza\u00e7\u00e3o do chip, antes \u00e9 necess\u00e1rio realizar uma configura\u00e7\u00e3o para a ativa\u00e7\u00e3o dos Chips das operadoras Claro e Vivo, conforme manual de ativa\u00e7\u00e3o dos Chips. Aos que possuem os Chips da operadora TIM ativa\u00e7\u00e3o \u00e9 autom\u00e1tica, n\u00e3o precisa de configura\u00e7\u00e3o. S\u00e3o disponibilizados 60GB para cada CHIP, exclusivo para uso de dados m\u00f3veis, a serem [&hellip;]<\/p>\n","protected":false},"author":222,"featured_media":0,"parent":0,"menu_order":0,"comment_status":"closed","ping_status":"closed","template":"wppb_theme_template","meta":{"footnotes":""},"class_list":["post-48067","page","type-page","status-publish","hentry"],"rttpg_featured_image_url":null,"rttpg_author":{"display_name":"diegomsilva","author_link":"https:\/\/goias.gov.br\/educacao\/author\/diegomsilva\/"},"rttpg_comment":0,"rttpg_category":null,"rttpg_excerpt":"Para utiliza\u00e7\u00e3o do chip, antes \u00e9 necess\u00e1rio realizar uma configura\u00e7\u00e3o para a ativa\u00e7\u00e3o dos Chips das operadoras Claro e Vivo, conforme manual de ativa\u00e7\u00e3o dos Chips. Aos que possuem os Chips da operadora TIM ativa\u00e7\u00e3o \u00e9 autom\u00e1tica, n\u00e3o precisa de configura\u00e7\u00e3o. S\u00e3o disponibilizados 60GB para cada CHIP, exclusivo para uso de dados m\u00f3veis, a serem&hellip;","_links":{"self":[{"href":"https:\/\/goias.gov.br\/educacao\/wp-json\/wp\/v2\/pages\/48067","targetHints":{"allow":["GET"]}}],"collection":[{"href":"https:\/\/goias.gov.br\/educacao\/wp-json\/wp\/v2\/pages"}],"about":[{"href":"https:\/\/goias.gov.br\/educacao\/wp-json\/wp\/v2\/types\/page"}],"author":[{"embeddable":true,"href":"https:\/\/goias.gov.br\/educacao\/wp-json\/wp\/v2\/users\/222"}],"replies":[{"embeddable":true,"href":"https:\/\/goias.gov.br\/educacao\/wp-json\/wp\/v2\/comments?post=48067"}],"version-history":[{"count":2,"href":"https:\/\/goias.gov.br\/educacao\/wp-json\/wp\/v2\/pages\/48067\/revisions"}],"predecessor-version":[{"id":678524,"href":"https:\/\/goias.gov.br\/educacao\/wp-json\/wp\/v2\/pages\/48067\/revisions\/678524"}],"wp:attachment":[{"href":"https:\/\/goias.gov.br\/educacao\/wp-json\/wp\/v2\/media?parent=48067"}],"curies":[{"name":"wp","href":"https:\/\/api.w.org\/{rel}","templated":true}]}}