

{"id":47999,"date":"2024-03-14T09:05:17","date_gmt":"2024-03-14T12:05:17","guid":{"rendered":"https:\/\/siteshom.goias.gov.br\/educacao\/?page_id=47999"},"modified":"2026-01-30T14:45:22","modified_gmt":"2026-01-30T17:45:22","slug":"balanco-de-gestao-2019-2022","status":"publish","type":"page","link":"https:\/\/goias.gov.br\/educacao\/balanco-de-gestao-2019-2022\/","title":{"rendered":"Balan\u00e7o de Gest\u00e3o 2019\/2022"},"content":{"rendered":"\t\t<div data-elementor-type=\"wp-page\" data-elementor-id=\"47999\" class=\"elementor elementor-47999\">\n\t\t\t\t<div class=\"elementor-element elementor-element-e6af90b e-flex e-con-boxed e-con e-parent\" data-id=\"e6af90b\" data-element_type=\"container\" data-e-type=\"container\">\n\t\t\t\t\t<div class=\"e-con-inner\">\n\t\t\t\t<div class=\"elementor-element elementor-element-bdf510c elementor-widget elementor-widget-image\" data-id=\"bdf510c\" data-element_type=\"widget\" data-e-type=\"widget\" data-widget_type=\"image.default\">\n\t\t\t\t\t\t\t\t\t\t\t\t\t\t\t<img decoding=\"async\" src=\"https:\/\/goias.gov.br\/educacao\/wp-content\/uploads\/sites\/40\/2024\/03\/banner-de-topo-pag.balanco-de-gestao-scaled.jpg\" title=\"\" alt=\"\" loading=\"lazy\" \/>\t\t\t\t\t\t\t\t\t\t\t\t\t\t\t<\/div>\n\t\t\t\t<div class=\"elementor-element elementor-element-b025005 elementor-widget elementor-widget-heading\" data-id=\"b025005\" data-element_type=\"widget\" data-e-type=\"widget\" data-widget_type=\"heading.default\">\n\t\t\t\t\t<h2 class=\"elementor-heading-title elementor-size-default\">Confira os investimentos do Governo de Goi\u00e1s na \u00e1rea da educa\u00e7\u00e3o no quadri\u00eanio 2019\/2022<\/h2>\t\t\t\t<\/div>\n\t\t\t\t<div class=\"elementor-element elementor-element-c209f79 elementor-widget elementor-widget-image\" data-id=\"c209f79\" data-element_type=\"widget\" data-e-type=\"widget\" data-widget_type=\"image.default\">\n\t\t\t\t\t\t\t\t\t\t\t\t\t\t\t\t<a href=\"\/wp-content\/uploads\/sites\/40\/arquivos\/20192022.pdf\" target=\"_blank\">\n\t\t\t\t\t\t\t<img decoding=\"async\" src=\"https:\/\/goias.gov.br\/educacao\/wp-content\/uploads\/sites\/40\/2024\/03\/card.-para-o-link-do-pdf-balanco-de-gestao.png\" title=\"\" alt=\"\" loading=\"lazy\" \/>\t\t\t\t\t\t\t\t<\/a>\n\t\t\t\t\t\t\t\t\t\t\t\t\t\t\t<\/div>\n\t\t\t\t<div class=\"elementor-element elementor-element-fde4bd2 elementor-widget elementor-widget-text-editor\" data-id=\"fde4bd2\" data-element_type=\"widget\" data-e-type=\"widget\" data-widget_type=\"text-editor.default\">\n\t\t\t\t\t\t\t\t\t<p><iframe src=\"https:\/\/player.flipsnack.com?hash=N0ZGREU4QUE5RjcrN25sb3NlOGNqbA==\" width=\"1120\" height=\"480\" frameborder=\"0\" scrolling=\"no\" seamless=\"seamless\" allowfullscreen=\"allowfullscreen\"><\/iframe><\/p>\t\t\t\t\t\t\t\t<\/div>\n\t\t\t\t\t<\/div>\n\t\t\t\t<\/div>\n\t\t\t\t<\/div>\n\t\t","protected":false},"excerpt":{"rendered":"<p>Confira os investimentos do Governo de Goi\u00e1s na \u00e1rea da educa\u00e7\u00e3o no quadri\u00eanio 2019\/2022<\/p>\n","protected":false},"author":222,"featured_media":0,"parent":0,"menu_order":0,"comment_status":"closed","ping_status":"closed","template":"wppb_theme_template","meta":{"footnotes":""},"class_list":["post-47999","page","type-page","status-publish","hentry"],"rttpg_featured_image_url":null,"rttpg_author":{"display_name":"diegomsilva","author_link":"https:\/\/goias.gov.br\/educacao\/author\/diegomsilva\/"},"rttpg_comment":0,"rttpg_category":null,"rttpg_excerpt":"Confira os investimentos do Governo de Goi\u00e1s na \u00e1rea da educa\u00e7\u00e3o no quadri\u00eanio 2019\/2022","_links":{"self":[{"href":"https:\/\/goias.gov.br\/educacao\/wp-json\/wp\/v2\/pages\/47999","targetHints":{"allow":["GET"]}}],"collection":[{"href":"https:\/\/goias.gov.br\/educacao\/wp-json\/wp\/v2\/pages"}],"about":[{"href":"https:\/\/goias.gov.br\/educacao\/wp-json\/wp\/v2\/types\/page"}],"author":[{"embeddable":true,"href":"https:\/\/goias.gov.br\/educacao\/wp-json\/wp\/v2\/users\/222"}],"replies":[{"embeddable":true,"href":"https:\/\/goias.gov.br\/educacao\/wp-json\/wp\/v2\/comments?post=47999"}],"version-history":[{"count":2,"href":"https:\/\/goias.gov.br\/educacao\/wp-json\/wp\/v2\/pages\/47999\/revisions"}],"predecessor-version":[{"id":679548,"href":"https:\/\/goias.gov.br\/educacao\/wp-json\/wp\/v2\/pages\/47999\/revisions\/679548"}],"wp:attachment":[{"href":"https:\/\/goias.gov.br\/educacao\/wp-json\/wp\/v2\/media?parent=47999"}],"curies":[{"name":"wp","href":"https:\/\/api.w.org\/{rel}","templated":true}]}}