

{"id":47989,"date":"2024-03-14T08:59:48","date_gmt":"2024-03-14T11:59:48","guid":{"rendered":"https:\/\/siteshom.goias.gov.br\/educacao\/?page_id=47989"},"modified":"2026-01-29T16:34:46","modified_gmt":"2026-01-29T19:34:46","slug":"fundeb","status":"publish","type":"page","link":"https:\/\/goias.gov.br\/educacao\/fundeb\/","title":{"rendered":"Fundeb"},"content":{"rendered":"\t\t<div data-elementor-type=\"wp-page\" data-elementor-id=\"47989\" class=\"elementor elementor-47989\">\n\t\t\t\t<div class=\"elementor-element elementor-element-7876cf1 e-flex e-con-boxed e-con e-parent\" data-id=\"7876cf1\" data-element_type=\"container\" data-e-type=\"container\">\n\t\t\t\t\t<div class=\"e-con-inner\">\n\t\t\t\t<div class=\"elementor-element elementor-element-0fc7d78 elementor-widget elementor-widget-image\" data-id=\"0fc7d78\" data-element_type=\"widget\" data-e-type=\"widget\" data-widget_type=\"image.default\">\n\t\t\t\t\t\t\t\t\t\t\t\t\t\t\t<img decoding=\"async\" src=\"https:\/\/goias.gov.br\/educacao\/wp-content\/uploads\/sites\/40\/2024\/03\/banner-pag-fundeb-prestao-de-contas-scaled.jpg\" title=\"\" alt=\"\" loading=\"lazy\" \/>\t\t\t\t\t\t\t\t\t\t\t\t\t\t\t<\/div>\n\t\t\t\t<div class=\"elementor-element elementor-element-6d0e0e3 elementor-widget elementor-widget-text-editor\" data-id=\"6d0e0e3\" data-element_type=\"widget\" data-e-type=\"widget\" data-widget_type=\"text-editor.default\">\n\t\t\t\t\t\t\t\t\t<h3>Presta\u00e7\u00e3o de contas<\/h3><h4>Presta\u00e7\u00f5es de conta 2018 (Resumo geral)<\/h4><p><a href=\"https:\/\/goias.gov.br\/educacao\/wp-content\/uploads\/sites\/40\/files\/Janeiro-2018-fundeb.pdf\" target=\"_blank\" rel=\"noopener\">Janeiro<\/a>\u00a0 |<a href=\"https:\/\/goias.gov.br\/educacao\/wp-content\/uploads\/sites\/40\/files\/Fevereiro-2018.pdf\" target=\"_blank\" rel=\"noopener\">\u00a0Fevereiro<\/a>\u00a0|\u00a0<a class=\"\" href=\"https:\/\/goias.gov.br\/educacao\/wp-content\/uploads\/sites\/40\/files\/Marco-2018.pdf\" target=\"_blank\" rel=\"noopener\">Mar\u00e7o<\/a>\u00a0|\u00a0\u00a0<a href=\"https:\/\/goias.gov.br\/educacao\/wp-content\/uploads\/sites\/40\/files\/Abril-2018.pdf\" target=\"_blank\" rel=\"noopener\">Abril\u00a0<\/a>\u00a0|\u00a0\u00a0<a href=\"https:\/\/goias.gov.br\/educacao\/wp-content\/uploads\/sites\/40\/files\/Maio-2018.pdf\" target=\"_blank\" rel=\"noopener\">Maio<\/a>\u00a0|\u00a0\u00a0<a href=\"https:\/\/goias.gov.br\/educacao\/wp-content\/uploads\/sites\/40\/files\/Junho-2018.pdf\" target=\"_blank\" rel=\"noopener\">Junho<\/a>\u00a0 |\u00a0\u00a0<a href=\"https:\/\/goias.gov.br\/educacao\/wp-content\/uploads\/sites\/40\/files\/Julho-2018.pdf\" target=\"_blank\" rel=\"noopener\">Julho<\/a>\u00a0 |\u00a0<a href=\"https:\/\/goias.gov.br\/educacao\/wp-content\/uploads\/sites\/40\/files\/Agosto-2018.pdf\" target=\"_blank\" rel=\"noopener\">Agosto<\/a>\u00a0 |\u00a0<a class=\"\" href=\"https:\/\/goias.gov.br\/educacao\/wp-content\/uploads\/sites\/40\/files\/Setembro-2018.pdf\" target=\"_blank\" rel=\"noopener\">Setembro<\/a>\u00a0 |\u00a0\u00a0<a href=\"https:\/\/goias.gov.br\/educacao\/wp-content\/uploads\/sites\/40\/files\/Outubro-2018.pdf\" target=\"_blank\" rel=\"noopener\">Outubro<\/a>\u00a0 |\u00a0\u00a0<a href=\"https:\/\/goias.gov.br\/educacao\/wp-content\/uploads\/sites\/40\/files\/Novembro-2018.pdf\" target=\"_blank\" rel=\"noopener\">Novembro<\/a>\u00a0 |\u00a0\u00a0<a href=\"https:\/\/goias.gov.br\/educacao\/wp-content\/uploads\/sites\/40\/files\/Dezembro-2018.pdf\" target=\"_blank\" rel=\"noopener\">Dezembro<\/a>\u00a0<\/p><hr \/><h3>Documentos Importantes<\/h3><p><a href=\"https:\/\/goias.gov.br\/educacao\/wp-content\/uploads\/sites\/40\/files\/LeiEstadualn.20.426de19demarcode2019.pdf\" target=\"_blank\" rel=\"noopener\">Lei Estadual n. 20.426 de 19 de marco de 2019<\/a><\/p><p><a href=\"https:\/\/goias.gov.br\/educacao\/wp-content\/uploads\/sites\/40\/files\/LeiEstadualn.-20.424de15demarcode2019.pdf\" target=\"_blank\" rel=\"noopener\">Lei Estadual n. 20.424 de 15 de marco de 2019<\/a><\/p><p><a href=\"https:\/\/goias.gov.br\/educacao\/wp-content\/uploads\/sites\/40\/files\/Lei-Estadual-n.-16.138-de-02-de-outubro-de-2019.pdf\" target=\"_blank\" rel=\"noopener\">Lei Estadual n. 16.138 de 02 de outubro de 2019<\/a><\/p><p><a href=\"https:\/\/goias.gov.br\/educacao\/wp-content\/uploads\/sites\/40\/files\/Lei-Estadual-n.-16.071-de-10-de-julho-de-2007.pdf\" target=\"_blank\" rel=\"noopener\">Lei Estadual n. 16.071 de 10 de julho de 2007<\/a><\/p><p><a href=\"https:\/\/goias.gov.br\/educacao\/wp-content\/uploads\/sites\/40\/files\/Decreto-do-CACSFUNDEB-de-11-de-setembro-de-2019.pdf\" target=\"_blank\" rel=\"noopener\">Decreto do CACSFUNDEB de 11 de setembro de 2019<\/a><\/p><p><a href=\"https:\/\/goias.gov.br\/educacao\/wp-content\/uploads\/sites\/40\/files\/Ata-de-posse-do-CACSFundeb.pdf\" target=\"_blank\" rel=\"noopener\">Ata de posse do CACSFundeb<\/a><\/p><h3>Lei Federal N\u00b0 11.494 de 20 de Junho de 2007 &#8211; FUNDEB<\/h3><p><a href=\"https:\/\/goias.gov.br\/educacao\/wp-content\/uploads\/sites\/40\/files\/diario-oficial-fundeb.pdf\" target=\"_blank\" rel=\"noopener\">Decreto de Nomea\u00e7\u00e3o do Conselheiros do CONFUNDEB<\/a><\/p><p><a href=\"https:\/\/goias.gov.br\/educacao\/wp-content\/uploads\/sites\/40\/files\/Escolas\/ESTATUTO_DO_CONFUNDEB-2007-fundeb.pdf\" target=\"_blank\" rel=\"noopener\">ESTATUTO_DO_CONFUNDEB 2007<\/a><\/p><h3>Atas de Reuni\u00f5es do COFUNDEB<\/h3><p><a href=\"https:\/\/goias.gov.br\/educacao\/wp-content\/uploads\/sites\/40\/files\/CONFUNDEB___ATA-DE-INSTALACAO_2016.pdf\" target=\"_blank\" rel=\"noopener\">CONFUNDEB ATA DE INSTALA\u00c7\u00c3O &#8211; 2016<\/a><\/p><p><a href=\"https:\/\/goias.gov.br\/educacao\/wp-content\/uploads\/sites\/40\/files\/CONFUNDEB___REUNIAO_2016.pdf\" target=\"_blank\" rel=\"noopener\">CONFUNDEB REUNIAO &#8211; 2016<\/a><\/p><p><a href=\"https:\/\/goias.gov.br\/educacao\/wp-content\/uploads\/sites\/40\/files\/CONFUNDEB___REUNIAO_2017.pdf\" target=\"_blank\" rel=\"noopener\">CONFUNDEB REUNIAO &#8211; 2017<\/a><\/p>\t\t\t\t\t\t\t\t<\/div>\n\t\t\t\t\t<\/div>\n\t\t\t\t<\/div>\n\t\t\t\t<\/div>\n\t\t","protected":false},"excerpt":{"rendered":"<p>Presta\u00e7\u00e3o de contas Presta\u00e7\u00f5es de conta 2018 (Resumo geral) Janeiro\u00a0 |\u00a0Fevereiro\u00a0|\u00a0Mar\u00e7o\u00a0|\u00a0\u00a0Abril\u00a0\u00a0|\u00a0\u00a0Maio\u00a0|\u00a0\u00a0Junho\u00a0 |\u00a0\u00a0Julho\u00a0 |\u00a0Agosto\u00a0 |\u00a0Setembro\u00a0 |\u00a0\u00a0Outubro\u00a0 |\u00a0\u00a0Novembro\u00a0 |\u00a0\u00a0Dezembro\u00a0 Documentos Importantes Lei Estadual n. 20.426 de 19 de marco de 2019 Lei Estadual n. 20.424 de 15 de marco de 2019 Lei Estadual n. 16.138 de 02 de outubro de 2019 Lei Estadual n. 16.071 de 10 [&hellip;]<\/p>\n","protected":false},"author":222,"featured_media":0,"parent":0,"menu_order":0,"comment_status":"closed","ping_status":"closed","template":"wppb_theme_template","meta":{"footnotes":""},"class_list":["post-47989","page","type-page","status-publish","hentry"],"rttpg_featured_image_url":null,"rttpg_author":{"display_name":"diegomsilva","author_link":"https:\/\/goias.gov.br\/educacao\/author\/diegomsilva\/"},"rttpg_comment":0,"rttpg_category":null,"rttpg_excerpt":"Presta\u00e7\u00e3o de contas Presta\u00e7\u00f5es de conta 2018 (Resumo geral) Janeiro\u00a0 |\u00a0Fevereiro\u00a0|\u00a0Mar\u00e7o\u00a0|\u00a0\u00a0Abril\u00a0\u00a0|\u00a0\u00a0Maio\u00a0|\u00a0\u00a0Junho\u00a0 |\u00a0\u00a0Julho\u00a0 |\u00a0Agosto\u00a0 |\u00a0Setembro\u00a0 |\u00a0\u00a0Outubro\u00a0 |\u00a0\u00a0Novembro\u00a0 |\u00a0\u00a0Dezembro\u00a0 Documentos Importantes Lei Estadual n. 20.426 de 19 de marco de 2019 Lei Estadual n. 20.424 de 15 de marco de 2019 Lei Estadual n. 16.138 de 02 de outubro de 2019 Lei Estadual n. 16.071 de 10&hellip;","_links":{"self":[{"href":"https:\/\/goias.gov.br\/educacao\/wp-json\/wp\/v2\/pages\/47989","targetHints":{"allow":["GET"]}}],"collection":[{"href":"https:\/\/goias.gov.br\/educacao\/wp-json\/wp\/v2\/pages"}],"about":[{"href":"https:\/\/goias.gov.br\/educacao\/wp-json\/wp\/v2\/types\/page"}],"author":[{"embeddable":true,"href":"https:\/\/goias.gov.br\/educacao\/wp-json\/wp\/v2\/users\/222"}],"replies":[{"embeddable":true,"href":"https:\/\/goias.gov.br\/educacao\/wp-json\/wp\/v2\/comments?post=47989"}],"version-history":[{"count":2,"href":"https:\/\/goias.gov.br\/educacao\/wp-json\/wp\/v2\/pages\/47989\/revisions"}],"predecessor-version":[{"id":674478,"href":"https:\/\/goias.gov.br\/educacao\/wp-json\/wp\/v2\/pages\/47989\/revisions\/674478"}],"wp:attachment":[{"href":"https:\/\/goias.gov.br\/educacao\/wp-json\/wp\/v2\/media?parent=47989"}],"curies":[{"name":"wp","href":"https:\/\/api.w.org\/{rel}","templated":true}]}}