

{"id":47955,"date":"2024-03-13T16:58:30","date_gmt":"2024-03-13T19:58:30","guid":{"rendered":"https:\/\/siteshom.goias.gov.br\/educacao\/?page_id=47955"},"modified":"2026-01-30T13:43:25","modified_gmt":"2026-01-30T16:43:25","slug":"conectar-goias","status":"publish","type":"page","link":"https:\/\/goias.gov.br\/educacao\/conectar-goias\/","title":{"rendered":"Conectar Goi\u00e1s"},"content":{"rendered":"\t\t<div data-elementor-type=\"wp-page\" data-elementor-id=\"47955\" class=\"elementor elementor-47955\">\n\t\t\t\t<div class=\"elementor-element elementor-element-ec41206 e-flex e-con-boxed e-con e-parent\" data-id=\"ec41206\" data-element_type=\"container\" data-e-type=\"container\">\n\t\t\t\t\t<div class=\"e-con-inner\">\n\t\t\t\t<div class=\"elementor-element elementor-element-2610781 elementor-widget elementor-widget-image\" data-id=\"2610781\" data-element_type=\"widget\" data-e-type=\"widget\" data-widget_type=\"image.default\">\n\t\t\t\t\t\t\t\t\t\t\t\t\t\t\t<img decoding=\"async\" src=\"https:\/\/goias.gov.br\/educacao\/wp-content\/uploads\/sites\/40\/2024\/09\/Programa-Reformar-1150-%C3%97-200-px-8.png\" title=\"\" alt=\"\" loading=\"lazy\" \/>\t\t\t\t\t\t\t\t\t\t\t\t\t\t\t<\/div>\n\t\t\t\t<div class=\"elementor-element elementor-element-d3026fb elementor-widget elementor-widget-text-editor\" data-id=\"d3026fb\" data-element_type=\"widget\" data-e-type=\"widget\" data-widget_type=\"text-editor.default\">\n\t\t\t\t\t\t\t\t\t<div><p>Criado em 2021, o Conectar Goi\u00e1s soma duas edi\u00e7\u00f5es e investimentos da ordem de R$ 8,2 milh\u00f5es. A terceira edi\u00e7\u00e3o tem previs\u00e3o de lan\u00e7amento para outubro de 2023.<\/p><\/div><div><p>O programa surgiu com o objetivo de garantir o acesso \u00e0 internet de alta velocidade para alunos e professores da rede estadual de ensino. Por meio dessa iniciativa, o Governo de Goi\u00e1s destinou recursos para que as pr\u00f3prias institui\u00e7\u00f5es de ensino pudessem contratar Links de internet.<\/p><\/div><div><p>A verba para cada unidade escolar \u00e9 proporcional ao n\u00famero de alunos matriculados. Os valores mensais variam entre R$233,00 para escolas com menos de 210 alunos e R$300,00 para escolas com mais de 1.700 estudantes.<\/p><\/div><div>O Conectar Goi\u00e1s tamb\u00e9m busca estimular o uso das tecnologias digitais como ferramentas pedag\u00f3gicas, ampliando as oportunidades de aprendizagem e dinamizando as aulas.<\/div>\t\t\t\t\t\t\t\t<\/div>\n\t\t\t\t<div class=\"elementor-element elementor-element-cc4c764 elementor-widget-divider--view-line elementor-widget elementor-widget-divider\" data-id=\"cc4c764\" data-element_type=\"widget\" data-e-type=\"widget\" data-widget_type=\"divider.default\">\n\t\t\t\t\t\t\t<div class=\"elementor-divider\">\n\t\t\t<span class=\"elementor-divider-separator\">\n\t\t\t\t\t\t<\/span>\n\t\t<\/div>\n\t\t\t\t\t\t<\/div>\n\t\t\t\t\t<\/div>\n\t\t\t\t<\/div>\n\t\t<div class=\"elementor-element elementor-element-963367c e-flex e-con-boxed e-con e-parent\" data-id=\"963367c\" data-element_type=\"container\" data-e-type=\"container\">\n\t\t\t\t\t<div class=\"e-con-inner\">\n\t\t<div class=\"elementor-element elementor-element-ff0c3d2 e-con-full e-flex e-con e-child\" data-id=\"ff0c3d2\" data-element_type=\"container\" data-e-type=\"container\">\n\t\t\t\t<div class=\"elementor-element elementor-element-3987fee elementor-widget elementor-widget-image\" data-id=\"3987fee\" data-element_type=\"widget\" data-e-type=\"widget\" data-widget_type=\"image.default\">\n\t\t\t\t\t\t\t\t\t\t\t\t\t\t\t\t<a href=\"\/wp-content\/uploads\/sites\/40\/arquivos\/conectar1.pdf\" target=\"_blank\">\n\t\t\t\t\t\t\t<img decoding=\"async\" src=\"https:\/\/goias.gov.br\/educacao\/wp-content\/uploads\/sites\/40\/2024\/03\/vdeos-72.png\" title=\"\" alt=\"\" loading=\"lazy\" \/>\t\t\t\t\t\t\t\t<\/a>\n\t\t\t\t\t\t\t\t\t\t\t\t\t\t\t<\/div>\n\t\t\t\t<\/div>\n\t\t<div class=\"elementor-element elementor-element-159d1d5 e-con-full e-flex e-con e-child\" data-id=\"159d1d5\" data-element_type=\"container\" data-e-type=\"container\">\n\t\t\t\t<div class=\"elementor-element elementor-element-c8c09dd elementor-widget elementor-widget-text-editor\" data-id=\"c8c09dd\" data-element_type=\"widget\" data-e-type=\"widget\" data-widget_type=\"text-editor.default\">\n\t\t\t\t\t\t\t\t\t<h3><span style=\"color: #333333;\">Conectar 1<\/span><\/h3><p>A primeira edi\u00e7\u00e3o do programa foi lan\u00e7ada em maio de 2021 com o intuito principal de proporcionar um ambiente favor\u00e1vel ao retorno seguro de alunos e professores \u00e0s salas de aula, ao final do per\u00edodo de pandemia da Covid-19.<\/p><p>Neste ano, foram investidos R$ 4,8 milh\u00f5es para a execu\u00e7\u00e3o do programa.<\/p>\t\t\t\t\t\t\t\t<\/div>\n\t\t\t\t<\/div>\n\t\t\t\t\t<\/div>\n\t\t\t\t<\/div>\n\t\t<div class=\"elementor-element elementor-element-487804e e-flex e-con-boxed e-con e-parent\" data-id=\"487804e\" data-element_type=\"container\" data-e-type=\"container\">\n\t\t\t\t\t<div class=\"e-con-inner\">\n\t\t\t\t<div class=\"elementor-element elementor-element-21ed671 elementor-widget-divider--view-line elementor-widget elementor-widget-divider\" data-id=\"21ed671\" data-element_type=\"widget\" data-e-type=\"widget\" data-widget_type=\"divider.default\">\n\t\t\t\t\t\t\t<div class=\"elementor-divider\">\n\t\t\t<span class=\"elementor-divider-separator\">\n\t\t\t\t\t\t<\/span>\n\t\t<\/div>\n\t\t\t\t\t\t<\/div>\n\t\t\t\t\t<\/div>\n\t\t\t\t<\/div>\n\t\t<div class=\"elementor-element elementor-element-ed28178 e-flex e-con-boxed e-con e-parent\" data-id=\"ed28178\" data-element_type=\"container\" data-e-type=\"container\">\n\t\t\t\t\t<div class=\"e-con-inner\">\n\t\t<div class=\"elementor-element elementor-element-53d4fe6 e-con-full e-flex e-con e-child\" data-id=\"53d4fe6\" data-element_type=\"container\" data-e-type=\"container\">\n\t\t\t\t<div class=\"elementor-element elementor-element-0201635 elementor-widget elementor-widget-text-editor\" data-id=\"0201635\" data-element_type=\"widget\" data-e-type=\"widget\" data-widget_type=\"text-editor.default\">\n\t\t\t\t\t\t\t\t\t<h3><span style=\"color: #333333;\">Conectar 2<\/span><\/h3><p>J\u00e1 em sua segunda edi\u00e7\u00e3o, lan\u00e7ada em 2022, foram destinados mais R$ 3,4 milh\u00f5es para melhorar a acessibilidade digital em todas as escolas e col\u00e9gios da rede estadual.<\/p>\t\t\t\t\t\t\t\t<\/div>\n\t\t\t\t<\/div>\n\t\t<div class=\"elementor-element elementor-element-1ddf152 e-con-full e-flex e-con e-child\" data-id=\"1ddf152\" data-element_type=\"container\" data-e-type=\"container\">\n\t\t\t\t<div class=\"elementor-element elementor-element-12be241 elementor-widget elementor-widget-image\" data-id=\"12be241\" data-element_type=\"widget\" data-e-type=\"widget\" data-widget_type=\"image.default\">\n\t\t\t\t\t\t\t\t\t\t\t\t\t\t\t\t<a href=\"\/wp-content\/uploads\/sites\/40\/arquivos\/conectar2.pdf\" target=\"_blank\">\n\t\t\t\t\t\t\t<img decoding=\"async\" src=\"https:\/\/goias.gov.br\/educacao\/wp-content\/uploads\/sites\/40\/2024\/03\/vdeos-74.png\" title=\"\" alt=\"\" loading=\"lazy\" \/>\t\t\t\t\t\t\t\t<\/a>\n\t\t\t\t\t\t\t\t\t\t\t\t\t\t\t<\/div>\n\t\t\t\t<\/div>\n\t\t\t\t\t<\/div>\n\t\t\t\t<\/div>\n\t\t\t\t<\/div>\n\t\t","protected":false},"excerpt":{"rendered":"<p>Criado em 2021, o Conectar Goi\u00e1s soma duas edi\u00e7\u00f5es e investimentos da ordem de R$ 8,2 milh\u00f5es. A terceira edi\u00e7\u00e3o tem previs\u00e3o de lan\u00e7amento para outubro de 2023. O programa surgiu com o objetivo de garantir o acesso \u00e0 internet de alta velocidade para alunos e professores da rede estadual de ensino. Por meio dessa [&hellip;]<\/p>\n","protected":false},"author":222,"featured_media":0,"parent":0,"menu_order":0,"comment_status":"closed","ping_status":"closed","template":"wppb_theme_template","meta":{"footnotes":""},"class_list":["post-47955","page","type-page","status-publish","hentry"],"rttpg_featured_image_url":null,"rttpg_author":{"display_name":"diegomsilva","author_link":"https:\/\/goias.gov.br\/educacao\/author\/diegomsilva\/"},"rttpg_comment":0,"rttpg_category":null,"rttpg_excerpt":"Criado em 2021, o Conectar Goi\u00e1s soma duas edi\u00e7\u00f5es e investimentos da ordem de R$ 8,2 milh\u00f5es. A terceira edi\u00e7\u00e3o tem previs\u00e3o de lan\u00e7amento para outubro de 2023. O programa surgiu com o objetivo de garantir o acesso \u00e0 internet de alta velocidade para alunos e professores da rede estadual de ensino. Por meio dessa&hellip;","_links":{"self":[{"href":"https:\/\/goias.gov.br\/educacao\/wp-json\/wp\/v2\/pages\/47955","targetHints":{"allow":["GET"]}}],"collection":[{"href":"https:\/\/goias.gov.br\/educacao\/wp-json\/wp\/v2\/pages"}],"about":[{"href":"https:\/\/goias.gov.br\/educacao\/wp-json\/wp\/v2\/types\/page"}],"author":[{"embeddable":true,"href":"https:\/\/goias.gov.br\/educacao\/wp-json\/wp\/v2\/users\/222"}],"replies":[{"embeddable":true,"href":"https:\/\/goias.gov.br\/educacao\/wp-json\/wp\/v2\/comments?post=47955"}],"version-history":[{"count":2,"href":"https:\/\/goias.gov.br\/educacao\/wp-json\/wp\/v2\/pages\/47955\/revisions"}],"predecessor-version":[{"id":678583,"href":"https:\/\/goias.gov.br\/educacao\/wp-json\/wp\/v2\/pages\/47955\/revisions\/678583"}],"wp:attachment":[{"href":"https:\/\/goias.gov.br\/educacao\/wp-json\/wp\/v2\/media?parent=47955"}],"curies":[{"name":"wp","href":"https:\/\/api.w.org\/{rel}","templated":true}]}}