

{"id":47926,"date":"2024-03-11T10:28:36","date_gmt":"2024-03-11T13:28:36","guid":{"rendered":"https:\/\/siteshom.goias.gov.br\/educacao\/?page_id=47926"},"modified":"2026-01-30T11:54:01","modified_gmt":"2026-01-30T14:54:01","slug":"conectividade-movel-sobre-o-programa","status":"publish","type":"page","link":"https:\/\/goias.gov.br\/educacao\/conectividade-movel-sobre-o-programa\/","title":{"rendered":"Conectividade M\u00f3vel &#8211; Sobre o Programa"},"content":{"rendered":"\t\t<div data-elementor-type=\"wp-page\" data-elementor-id=\"47926\" class=\"elementor elementor-47926\">\n\t\t\t\t<div class=\"elementor-element elementor-element-cdec5fa e-flex e-con-boxed e-con e-parent\" data-id=\"cdec5fa\" data-element_type=\"container\" data-e-type=\"container\">\n\t\t\t\t\t<div class=\"e-con-inner\">\n\t\t\t\t<div class=\"elementor-element elementor-element-901e1e1 elementor-widget elementor-widget-image\" data-id=\"901e1e1\" data-element_type=\"widget\" data-e-type=\"widget\" data-widget_type=\"image.default\">\n\t\t\t\t\t\t\t\t\t\t\t\t\t\t\t\t<a href=\"https:\/\/goias.gov.br\/educacao\/conectividade-movel-ativar-o-chip\/\">\n\t\t\t\t\t\t\t<img decoding=\"async\" src=\"https:\/\/goias.gov.br\/educacao\/wp-content\/uploads\/sites\/40\/2024\/03\/banner-1.png\" title=\"\" alt=\"\" loading=\"lazy\" \/>\t\t\t\t\t\t\t\t<\/a>\n\t\t\t\t\t\t\t\t\t\t\t\t\t\t\t<\/div>\n\t\t\t\t<div class=\"elementor-element elementor-element-a36f043 elementor-widget elementor-widget-image\" data-id=\"a36f043\" data-element_type=\"widget\" data-e-type=\"widget\" data-widget_type=\"image.default\">\n\t\t\t\t\t\t\t\t\t\t\t\t\t\t\t<img decoding=\"async\" src=\"https:\/\/goias.gov.br\/educacao\/wp-content\/uploads\/sites\/40\/2024\/03\/ttulo-1.png\" title=\"\" alt=\"\" loading=\"lazy\" \/>\t\t\t\t\t\t\t\t\t\t\t\t\t\t\t<\/div>\n\t\t\t\t\t<\/div>\n\t\t\t\t<\/div>\n\t\t<div class=\"elementor-element elementor-element-23e1b50 e-flex e-con-boxed e-con e-parent\" data-id=\"23e1b50\" data-element_type=\"container\" data-e-type=\"container\">\n\t\t\t\t\t<div class=\"e-con-inner\">\n\t\t<div class=\"elementor-element elementor-element-0db56a9 e-con-full e-flex e-con e-child\" data-id=\"0db56a9\" data-element_type=\"container\" data-e-type=\"container\">\n\t\t\t\t<div class=\"elementor-element elementor-element-fe092e0 elementor-widget elementor-widget-text-editor\" data-id=\"fe092e0\" data-element_type=\"widget\" data-e-type=\"widget\" data-widget_type=\"text-editor.default\">\n\t\t\t\t\t\t\t\t\t<div><p>O Governo Federal, em parceria com o Governo do Estado de Goi\u00e1s, atrav\u00e9s da Secretaria de Estado da Educa\u00e7\u00e3o \u2013 SEDUC adquiriu por meio do Projeto Conectividade Chips e Tablets aos alunos de Goi\u00e1s, 410 mil chips e 28 mil tablets, que est\u00e3o sendo doados aos alunos e professores da Rede Estadual e Municipal de Educa\u00e7\u00e3o. O projeto \u00e9 voltado para fins educacionais na realiza\u00e7\u00e3o e acompanhamento de atividades pedag\u00f3gicas.<\/p><p>Desse modo, forneceremos dados m\u00f3veis de conectividade atrav\u00e9s de 410.000 \u201cchips\u201d para acesso \u00e0 internet m\u00f3vel 4G, com 60GB a serem utilizados por 12 meses a partir da ativa\u00e7\u00e3o, com licen\u00e7as de uso, controle de acesso a conte\u00fado web, transmiss\u00e3o e prote\u00e7\u00e3o de dados. Desse p\u00fablico cerca 7% ser\u00e3o contemplados com os 28.000 Tablets.<\/p><\/div>\t\t\t\t\t\t\t\t<\/div>\n\t\t\t\t<\/div>\n\t\t<div class=\"elementor-element elementor-element-704c3d0 e-con-full e-flex e-con e-child\" data-id=\"704c3d0\" data-element_type=\"container\" data-e-type=\"container\">\n\t\t\t\t<div class=\"elementor-element elementor-element-6a1c0c0 elementor-widget elementor-widget-video\" data-id=\"6a1c0c0\" data-element_type=\"widget\" data-e-type=\"widget\" data-settings=\"{&quot;youtube_url&quot;:&quot;https:\\\/\\\/www.youtube.com\\\/watch?v=jG7RxhD7XlM&quot;,&quot;video_type&quot;:&quot;youtube&quot;,&quot;controls&quot;:&quot;yes&quot;}\" data-widget_type=\"video.default\">\n\t\t\t\t\t\t\t<div class=\"elementor-wrapper elementor-open-inline\">\n\t\t\t<div class=\"elementor-video\"><\/div>\t\t<\/div>\n\t\t\t\t\t\t<\/div>\n\t\t\t\t<\/div>\n\t\t\t\t\t<\/div>\n\t\t\t\t<\/div>\n\t\t<div class=\"elementor-element elementor-element-5fff2a5 e-flex e-con-boxed e-con e-parent\" data-id=\"5fff2a5\" data-element_type=\"container\" data-e-type=\"container\">\n\t\t\t\t\t<div class=\"e-con-inner\">\n\t\t\t\t<div class=\"elementor-element elementor-element-fd2f415 elementor-widget elementor-widget-text-editor\" data-id=\"fd2f415\" data-element_type=\"widget\" data-e-type=\"widget\" data-widget_type=\"text-editor.default\">\n\t\t\t\t\t\t\t\t\t<p>Tendo em vista a publica\u00e7\u00e3o da Lei n\u00b014.172\/2021 do Governo Federal, que disp\u00f5e sobre a garantia de acesso \u00e0 internet, com fins educacionais, a alunos e a professores da educa\u00e7\u00e3o b\u00e1sica p\u00fablica, o programa traz em seu escopo a assist\u00eancia da Uni\u00e3o aos Estados e ao Distrito Federal, nos termos do inciso III do caput do art. 9\u00ba da Lei n\u00ba 9.394, de 20 de dezembro de 1996 (Lei de Diretrizes e Bases da Educa\u00e7\u00e3o Nacional).<\/p>\t\t\t\t\t\t\t\t<\/div>\n\t\t\t\t<div class=\"elementor-element elementor-element-119cd91 elementor-widget elementor-widget-image\" data-id=\"119cd91\" data-element_type=\"widget\" data-e-type=\"widget\" data-widget_type=\"image.default\">\n\t\t\t\t\t\t\t\t\t\t\t\t\t\t\t<img decoding=\"async\" src=\"https:\/\/goias.gov.br\/educacao\/wp-content\/uploads\/sites\/40\/2024\/03\/banner-2-1.png\" title=\"\" alt=\"\" loading=\"lazy\" \/>\t\t\t\t\t\t\t\t\t\t\t\t\t\t\t<\/div>\n\t\t\t\t\t<\/div>\n\t\t\t\t<\/div>\n\t\t<div class=\"elementor-element elementor-element-b622e1e e-flex e-con-boxed e-con e-parent\" data-id=\"b622e1e\" data-element_type=\"container\" data-e-type=\"container\">\n\t\t\t\t\t<div class=\"e-con-inner\">\n\t\t\t\t<div class=\"elementor-element elementor-element-c1eee34 elementor-widget elementor-widget-image\" data-id=\"c1eee34\" data-element_type=\"widget\" data-e-type=\"widget\" data-widget_type=\"image.default\">\n\t\t\t\t\t\t\t\t\t\t\t\t\t\t\t<img decoding=\"async\" src=\"https:\/\/goias.gov.br\/educacao\/wp-content\/uploads\/sites\/40\/2024\/03\/grupo-4032.png\" title=\"\" alt=\"\" loading=\"lazy\" \/>\t\t\t\t\t\t\t\t\t\t\t\t\t\t\t<\/div>\n\t\t\t\t<div class=\"elementor-element elementor-element-daf1776 elementor-widget elementor-widget-image\" data-id=\"daf1776\" data-element_type=\"widget\" data-e-type=\"widget\" data-widget_type=\"image.default\">\n\t\t\t\t\t\t\t\t\t\t\t\t\t\t\t<img decoding=\"async\" src=\"https:\/\/goias.gov.br\/educacao\/wp-content\/uploads\/sites\/40\/2024\/03\/grupo-4033.png\" title=\"\" alt=\"\" loading=\"lazy\" \/>\t\t\t\t\t\t\t\t\t\t\t\t\t\t\t<\/div>\n\t\t\t\t\t<\/div>\n\t\t\t\t<\/div>\n\t\t<div class=\"elementor-element elementor-element-0c7f559 e-flex e-con-boxed e-con e-parent\" data-id=\"0c7f559\" data-element_type=\"container\" data-e-type=\"container\">\n\t\t\t\t\t<div class=\"e-con-inner\">\n\t\t\t\t<div class=\"elementor-element elementor-element-2087169 elementor-widget elementor-widget-image\" data-id=\"2087169\" data-element_type=\"widget\" data-e-type=\"widget\" data-widget_type=\"image.default\">\n\t\t\t\t\t\t\t\t\t\t\t\t\t\t\t<img decoding=\"async\" src=\"https:\/\/goias.gov.br\/educacao\/wp-content\/uploads\/sites\/40\/2024\/03\/ttulo-2.png\" title=\"\" alt=\"\" loading=\"lazy\" \/>\t\t\t\t\t\t\t\t\t\t\t\t\t\t\t<\/div>\n\t\t\t\t\t<\/div>\n\t\t\t\t<\/div>\n\t\t<div class=\"elementor-element elementor-element-7ae4c9c e-flex e-con-boxed e-con e-parent\" data-id=\"7ae4c9c\" data-element_type=\"container\" data-e-type=\"container\">\n\t\t\t\t\t<div class=\"e-con-inner\">\n\t\t<div class=\"elementor-element elementor-element-7bdb5d0 e-con-full e-flex e-con e-child\" data-id=\"7bdb5d0\" data-element_type=\"container\" data-e-type=\"container\">\n\t\t\t\t<div class=\"elementor-element elementor-element-f178a01 elementor-widget elementor-widget-text-editor\" data-id=\"f178a01\" data-element_type=\"widget\" data-e-type=\"widget\" data-widget_type=\"text-editor.default\">\n\t\t\t\t\t\t\t\t\t<div><p>\u00a0<\/p><p>Para 2024 ser\u00e1 realizado levantamento dos alunos com cadastro atualizado no Cad\u00danico, ind\u00edgenas e quilombolas, baseado nos resultados alcan\u00e7ados em 2023 e no novo cen\u00e1rio de 2024, faremos uma reprograma\u00e7\u00e3o, buscando atender um maior n\u00famero de alunos e professores a serem contemplados com os chips pelo Projeto em 2024.<\/p><p>\u00a0<\/p><\/div>\t\t\t\t\t\t\t\t<\/div>\n\t\t\t\t<div class=\"elementor-element elementor-element-e384e2e elementor-widget elementor-widget-image\" data-id=\"e384e2e\" data-element_type=\"widget\" data-e-type=\"widget\" data-widget_type=\"image.default\">\n\t\t\t\t\t\t\t\t\t\t\t\t\t\t\t\t<a href=\"https:\/\/portaleduca.educacao.go.gov.br\/suporte_ti\/sobre-os-tablets\/\" target=\"_blank\">\n\t\t\t\t\t\t\t<img decoding=\"async\" src=\"https:\/\/goias.gov.br\/educacao\/wp-content\/uploads\/sites\/40\/2024\/03\/banner-3.png\" title=\"\" alt=\"\" loading=\"lazy\" \/>\t\t\t\t\t\t\t\t<\/a>\n\t\t\t\t\t\t\t\t\t\t\t\t\t\t\t<\/div>\n\t\t\t\t<\/div>\n\t\t<div class=\"elementor-element elementor-element-d14be3b e-con-full e-flex e-con e-child\" data-id=\"d14be3b\" data-element_type=\"container\" data-e-type=\"container\">\n\t\t\t\t<div class=\"elementor-element elementor-element-f25235f elementor-widget elementor-widget-image\" data-id=\"f25235f\" data-element_type=\"widget\" data-e-type=\"widget\" data-widget_type=\"image.default\">\n\t\t\t\t\t\t\t\t\t\t\t\t\t\t\t<img decoding=\"async\" src=\"https:\/\/goias.gov.br\/educacao\/wp-content\/uploads\/sites\/40\/2024\/03\/imagem-homem-ok.png\" title=\"\" alt=\"\" loading=\"lazy\" \/>\t\t\t\t\t\t\t\t\t\t\t\t\t\t\t<\/div>\n\t\t\t\t<\/div>\n\t\t\t\t\t<\/div>\n\t\t\t\t<\/div>\n\t\t\t\t<\/div>\n\t\t","protected":false},"excerpt":{"rendered":"<p>O Governo Federal, em parceria com o Governo do Estado de Goi\u00e1s, atrav\u00e9s da Secretaria de Estado da Educa\u00e7\u00e3o \u2013 SEDUC adquiriu por meio do Projeto Conectividade Chips e Tablets aos alunos de Goi\u00e1s, 410 mil chips e 28 mil tablets, que est\u00e3o sendo doados aos alunos e professores da Rede Estadual e Municipal de [&hellip;]<\/p>\n","protected":false},"author":7,"featured_media":0,"parent":0,"menu_order":0,"comment_status":"closed","ping_status":"closed","template":"wppb_theme_template","meta":{"footnotes":""},"class_list":["post-47926","page","type-page","status-publish","hentry"],"rttpg_featured_image_url":null,"rttpg_author":{"display_name":"gustavogoncalves","author_link":"https:\/\/goias.gov.br\/educacao\/author\/gustavogoncalves\/"},"rttpg_comment":0,"rttpg_category":null,"rttpg_excerpt":"O Governo Federal, em parceria com o Governo do Estado de Goi\u00e1s, atrav\u00e9s da Secretaria de Estado da Educa\u00e7\u00e3o \u2013 SEDUC adquiriu por meio do Projeto Conectividade Chips e Tablets aos alunos de Goi\u00e1s, 410 mil chips e 28 mil tablets, que est\u00e3o sendo doados aos alunos e professores da Rede Estadual e Municipal de&hellip;","_links":{"self":[{"href":"https:\/\/goias.gov.br\/educacao\/wp-json\/wp\/v2\/pages\/47926","targetHints":{"allow":["GET"]}}],"collection":[{"href":"https:\/\/goias.gov.br\/educacao\/wp-json\/wp\/v2\/pages"}],"about":[{"href":"https:\/\/goias.gov.br\/educacao\/wp-json\/wp\/v2\/types\/page"}],"author":[{"embeddable":true,"href":"https:\/\/goias.gov.br\/educacao\/wp-json\/wp\/v2\/users\/7"}],"replies":[{"embeddable":true,"href":"https:\/\/goias.gov.br\/educacao\/wp-json\/wp\/v2\/comments?post=47926"}],"version-history":[{"count":3,"href":"https:\/\/goias.gov.br\/educacao\/wp-json\/wp\/v2\/pages\/47926\/revisions"}],"predecessor-version":[{"id":677912,"href":"https:\/\/goias.gov.br\/educacao\/wp-json\/wp\/v2\/pages\/47926\/revisions\/677912"}],"wp:attachment":[{"href":"https:\/\/goias.gov.br\/educacao\/wp-json\/wp\/v2\/media?parent=47926"}],"curies":[{"name":"wp","href":"https:\/\/api.w.org\/{rel}","templated":true}]}}