

{"id":47921,"date":"2024-03-11T10:08:09","date_gmt":"2024-03-11T13:08:09","guid":{"rendered":"https:\/\/siteshom.goias.gov.br\/educacao\/?page_id=47921"},"modified":"2026-01-28T16:28:19","modified_gmt":"2026-01-28T19:28:19","slug":"programa-nacional-do-livro-e-do-material-didatico","status":"publish","type":"page","link":"https:\/\/goias.gov.br\/educacao\/programa-nacional-do-livro-e-do-material-didatico\/","title":{"rendered":"Programa Nacional do Livro e do Material Did\u00e1tico"},"content":{"rendered":"\t\t<div data-elementor-type=\"wp-page\" data-elementor-id=\"47921\" class=\"elementor elementor-47921\">\n\t\t\t\t<div class=\"elementor-element elementor-element-b79447b e-flex e-con-boxed e-con e-parent\" data-id=\"b79447b\" data-element_type=\"container\" data-e-type=\"container\">\n\t\t\t\t\t<div class=\"e-con-inner\">\n\t\t\t\t<div class=\"elementor-element elementor-element-1db2be5 elementor-widget elementor-widget-image\" data-id=\"1db2be5\" data-element_type=\"widget\" data-e-type=\"widget\" data-widget_type=\"image.default\">\n\t\t\t\t\t\t\t\t\t\t\t\t\t\t\t<img decoding=\"async\" src=\"https:\/\/goias.gov.br\/educacao\/wp-content\/uploads\/sites\/40\/2024\/03\/banners-topo-pnld-scaled.jpg\" title=\"\" alt=\"\" loading=\"lazy\" \/>\t\t\t\t\t\t\t\t\t\t\t\t\t\t\t<\/div>\n\t\t\t\t<div class=\"elementor-element elementor-element-9d40626 elementor-widget elementor-widget-text-editor\" data-id=\"9d40626\" data-element_type=\"widget\" data-e-type=\"widget\" data-widget_type=\"text-editor.default\">\n\t\t\t\t\t\t\t\t\t<p>O\u00a0<strong>Programa Nacional do Livro e do Material Did\u00e1tico<\/strong>\u00a0(PNLD) visa avaliar e disponibilizar obras did\u00e1ticas, pedag\u00f3gicas e liter\u00e1rias \u00e0s escolas p\u00fablicas de escolas p\u00fablicas de educa\u00e7\u00e3o b\u00e1sica das redes federal, estaduais, municipais e distrital e \u00e0s institui\u00e7\u00f5es de educa\u00e7\u00e3o infantil comunit\u00e1rias, confessionais ou filantr\u00f3picas sem fins lucrativos e conveniadas com o Poder P\u00fablico.<\/p><p>Executado no \u00e2mbito do Minist\u00e9rio da Educa\u00e7\u00e3o (MEC), o programa atende aos estudantes, professores e gestores dessas institui\u00e7\u00f5es, de forma sistem\u00e1tica, regular e gratuita.\u00a0\u00a0<\/p><p>A escolha dos materiais do PNLD \u00e9 maneira conjunta entre o corpo docente e dirigente da escola com base na an\u00e1lise das informa\u00e7\u00f5es contidas no PNLD, considerando a adequa\u00e7\u00e3o e a pertin\u00eancia das obras em rela\u00e7\u00e3o \u00e0 proposta pedag\u00f3gica de cada institui\u00e7\u00e3o escolar. Os materiais t\u00eam validade de 4 anos, devendo ser devolvidos pelo estudante no final de cada ano letivo.<\/p><p>Na Seduc\/GO,\u00a0\u00a0toda a coordena\u00e7\u00e3o, monitoramento, acompanhamento e orienta\u00e7\u00f5es s\u00e3o feitas pela Superintend\u00eancia de Educa\u00e7\u00e3o Infantil e Ensino Fundamental, por meio da Ger\u00eancia de Ensino Fundamental Anos Finais. Os telefones para contato s\u00e3o (62) 3220-9753 ou (62) 99320-0330 (falar com Roberta Alves &#8211; Coordenadora PNLD).<\/p>\t\t\t\t\t\t\t\t<\/div>\n\t\t\t\t<div class=\"elementor-element elementor-element-19d8db3 elementor-widget elementor-widget-image\" data-id=\"19d8db3\" data-element_type=\"widget\" data-e-type=\"widget\" data-widget_type=\"image.default\">\n\t\t\t\t\t\t\t\t\t\t\t\t\t\t\t\t<a href=\"https:\/\/goias.gov.br\/educacao\/pnld-portarias\/\" target=\"_blank\">\n\t\t\t\t\t\t\t<img decoding=\"async\" src=\"https:\/\/goias.gov.br\/educacao\/wp-content\/uploads\/sites\/40\/2024\/09\/Prancheta-2-copia-2-4.png\" title=\"\" alt=\"\" loading=\"lazy\" \/>\t\t\t\t\t\t\t\t<\/a>\n\t\t\t\t\t\t\t\t\t\t\t\t\t\t\t<\/div>\n\t\t\t\t<div class=\"elementor-element elementor-element-88e92c1 elementor-widget elementor-widget-image\" data-id=\"88e92c1\" data-element_type=\"widget\" data-e-type=\"widget\" data-widget_type=\"image.default\">\n\t\t\t\t\t\t\t\t\t\t\t\t\t\t\t\t<a href=\"https:\/\/goias.gov.br\/educacao\/lista-de-escolas-rede-estadual-de-educacao\/\" target=\"_blank\" rel=\"nofollow\">\n\t\t\t\t\t\t\t<img decoding=\"async\" src=\"https:\/\/goias.gov.br\/educacao\/wp-content\/uploads\/sites\/40\/2024\/09\/Prancheta-2-copia-2-2.png\" title=\"\" alt=\"\" loading=\"lazy\" \/>\t\t\t\t\t\t\t\t<\/a>\n\t\t\t\t\t\t\t\t\t\t\t\t\t\t\t<\/div>\n\t\t\t\t<div class=\"elementor-element elementor-element-bf8d2e5 elementor-widget elementor-widget-text-editor\" data-id=\"bf8d2e5\" data-element_type=\"widget\" data-e-type=\"widget\" data-widget_type=\"text-editor.default\">\n\t\t\t\t\t\t\t\t\t<p><strong>S\u00e3o objetivos do PNLD:<\/strong><\/p><p>I \u2013 aprimorar o processo de ensino e aprendizagem nas escolas p\u00fablicas de educa\u00e7\u00e3o b\u00e1sica, com a consequente melhoria da qualidade da educa\u00e7\u00e3o;<\/p><p>II \u2013 garantir o padr\u00e3o de qualidade do material de apoio \u00e0 pr\u00e1tica educativa utilizado nas escolas p\u00fablicas de educa\u00e7\u00e3o b\u00e1sica;<\/p><p>III \u2013 democratizar o acesso \u00e0s fontes de informa\u00e7\u00e3o e cultura;<\/p><p>IV \u2013 fomentar a leitura e o est\u00edmulo \u00e0 atitude investigativa dos estudantes;<\/p><p>V \u2013 apoiar a atualiza\u00e7\u00e3o, a autonomia e o desenvolvimento profissional do professor; e<\/p><p>VI \u2013 apoiar a implementa\u00e7\u00e3o da Base Nacional Comum Curricular.<\/p><p><strong>S\u00e3o diretrizes do PNLD:<\/strong><\/p><p>I \u2013 o respeito ao pluralismo de ideias e concep\u00e7\u00f5es pedag\u00f3gicas;<\/p><p>II \u2013 o respeito \u00e0s diversidades sociais, culturais e regionais;<\/p><p>III \u2013 o respeito \u00e0 autonomia pedag\u00f3gica das institui\u00e7\u00f5es de ensino;<\/p><p>IV \u2013 o respeito \u00e0 liberdade e o apre\u00e7o \u00e0 toler\u00e2ncia; e<\/p><p>\u00a0V \u2013 a garantia de isonomia, transpar\u00eancia e publicidade nos processos de aquisi\u00e7\u00e3o das obras did\u00e1ticas, pedag\u00f3gicas e liter\u00e1rias.<\/p><p>Tem d\u00favidas sobre o programa? Confira no v\u00eddeo abaixo:<\/p>\t\t\t\t\t\t\t\t<\/div>\n\t\t\t\t<div class=\"elementor-element elementor-element-51810cc elementor-widget elementor-widget-image\" data-id=\"51810cc\" data-element_type=\"widget\" data-e-type=\"widget\" data-widget_type=\"image.default\">\n\t\t\t\t\t\t\t\t\t\t\t\t\t\t\t\t<a href=\"https:\/\/www.youtube.com\/watch?v=1L3NwTTWwj4&#038;t=1&#038;ab_channel=%23AULAS%23\" target=\"_blank\">\n\t\t\t\t\t\t\t<img decoding=\"async\" src=\"https:\/\/goias.gov.br\/educacao\/wp-content\/uploads\/sites\/40\/2024\/04\/banners-pnld-youtube.png\" title=\"\" alt=\"\" loading=\"lazy\" \/>\t\t\t\t\t\t\t\t<\/a>\n\t\t\t\t\t\t\t\t\t\t\t\t\t\t\t<\/div>\n\t\t\t\t\t<\/div>\n\t\t\t\t<\/div>\n\t\t\t\t<\/div>\n\t\t","protected":false},"excerpt":{"rendered":"<p>O\u00a0Programa Nacional do Livro e do Material Did\u00e1tico\u00a0(PNLD) visa avaliar e disponibilizar obras did\u00e1ticas, pedag\u00f3gicas e liter\u00e1rias \u00e0s escolas p\u00fablicas de escolas p\u00fablicas de educa\u00e7\u00e3o b\u00e1sica das redes federal, estaduais, municipais e distrital e \u00e0s institui\u00e7\u00f5es de educa\u00e7\u00e3o infantil comunit\u00e1rias, confessionais ou filantr\u00f3picas sem fins lucrativos e conveniadas com o Poder P\u00fablico. Executado no \u00e2mbito [&hellip;]<\/p>\n","protected":false},"author":7,"featured_media":0,"parent":0,"menu_order":0,"comment_status":"closed","ping_status":"closed","template":"wppb_theme_template","meta":{"footnotes":""},"class_list":["post-47921","page","type-page","status-publish","hentry"],"rttpg_featured_image_url":null,"rttpg_author":{"display_name":"gustavogoncalves","author_link":"https:\/\/goias.gov.br\/educacao\/author\/gustavogoncalves\/"},"rttpg_comment":0,"rttpg_category":null,"rttpg_excerpt":"O\u00a0Programa Nacional do Livro e do Material Did\u00e1tico\u00a0(PNLD) visa avaliar e disponibilizar obras did\u00e1ticas, pedag\u00f3gicas e liter\u00e1rias \u00e0s escolas p\u00fablicas de escolas p\u00fablicas de educa\u00e7\u00e3o b\u00e1sica das redes federal, estaduais, municipais e distrital e \u00e0s institui\u00e7\u00f5es de educa\u00e7\u00e3o infantil comunit\u00e1rias, confessionais ou filantr\u00f3picas sem fins lucrativos e conveniadas com o Poder P\u00fablico. Executado no \u00e2mbito&hellip;","_links":{"self":[{"href":"https:\/\/goias.gov.br\/educacao\/wp-json\/wp\/v2\/pages\/47921","targetHints":{"allow":["GET"]}}],"collection":[{"href":"https:\/\/goias.gov.br\/educacao\/wp-json\/wp\/v2\/pages"}],"about":[{"href":"https:\/\/goias.gov.br\/educacao\/wp-json\/wp\/v2\/types\/page"}],"author":[{"embeddable":true,"href":"https:\/\/goias.gov.br\/educacao\/wp-json\/wp\/v2\/users\/7"}],"replies":[{"embeddable":true,"href":"https:\/\/goias.gov.br\/educacao\/wp-json\/wp\/v2\/comments?post=47921"}],"version-history":[{"count":2,"href":"https:\/\/goias.gov.br\/educacao\/wp-json\/wp\/v2\/pages\/47921\/revisions"}],"predecessor-version":[{"id":668382,"href":"https:\/\/goias.gov.br\/educacao\/wp-json\/wp\/v2\/pages\/47921\/revisions\/668382"}],"wp:attachment":[{"href":"https:\/\/goias.gov.br\/educacao\/wp-json\/wp\/v2\/media?parent=47921"}],"curies":[{"name":"wp","href":"https:\/\/api.w.org\/{rel}","templated":true}]}}