

{"id":47916,"date":"2024-03-11T09:35:41","date_gmt":"2024-03-11T12:35:41","guid":{"rendered":"https:\/\/siteshom.goias.gov.br\/educacao\/?page_id=47916"},"modified":"2026-01-29T15:59:53","modified_gmt":"2026-01-29T18:59:53","slug":"idego","status":"publish","type":"page","link":"https:\/\/goias.gov.br\/educacao\/idego\/","title":{"rendered":"IDEGO"},"content":{"rendered":"\t\t<div data-elementor-type=\"wp-page\" data-elementor-id=\"47916\" class=\"elementor elementor-47916\">\n\t\t\t\t<div class=\"elementor-element elementor-element-f33c5e1 e-flex e-con-boxed e-con e-parent\" data-id=\"f33c5e1\" data-element_type=\"container\" data-e-type=\"container\">\n\t\t\t\t\t<div class=\"e-con-inner\">\n\t\t\t\t<div class=\"elementor-element elementor-element-0df62a2 elementor-widget elementor-widget-image\" data-id=\"0df62a2\" data-element_type=\"widget\" data-e-type=\"widget\" data-widget_type=\"image.default\">\n\t\t\t\t\t\t\t\t\t\t\t\t\t\t\t<img decoding=\"async\" src=\"https:\/\/goias.gov.br\/educacao\/wp-content\/uploads\/sites\/40\/2024\/03\/banner-idego-3.png\" title=\"\" alt=\"\" loading=\"lazy\" \/>\t\t\t\t\t\t\t\t\t\t\t\t\t\t\t<\/div>\n\t\t\t\t<div class=\"elementor-element elementor-element-d1d7ea5 elementor-widget elementor-widget-text-editor\" data-id=\"d1d7ea5\" data-element_type=\"widget\" data-e-type=\"widget\" data-widget_type=\"text-editor.default\">\n\t\t\t\t\t\t\t\t\t<h4 dir=\"auto\">O \u00cdndice de Desenvolvimento da Educa\u00e7\u00e3o de Goi\u00e1s (Idego) \u00e9 uma base de informa\u00e7\u00f5es composta pela prova do Sistema de Avalia\u00e7\u00e3o Educacional do Estado de Goi\u00e1s (Saego) e os dados de fluxo escolar, sendo, portanto, mais do que meramente uma avalia\u00e7\u00e3o.<\/h4><h4 dir=\"auto\">O Idego \u00e9 constitu\u00eddo das m\u00e9dias de profici\u00eancia em L\u00edngua Portuguesa e Matem\u00e1tica, auferidas no programa de avalia\u00e7\u00e3o educacional do Estado por interm\u00e9dio da prova do Saego e do fluxo, calculado a partir das taxas de aprova\u00e7\u00e3o em cada etapa via Censo Escolar.\u00a0<\/h4><h4 dir=\"auto\">Participam das verifica\u00e7\u00f5es do Idego, todos os anos, os alunos do 5\u00ba e 9\u00ba anos do Ensino Fundamental e da 3\u00aa s\u00e9rie do Ensino M\u00e9dio.<\/h4><h4 dir=\"auto\">Institu\u00eddo plenamente desde 2019, o Idego \u00e9 anual e integra as principais ferramentas na defini\u00e7\u00e3o de estrat\u00e9gias de interven\u00e7\u00e3o na aprendizagem.<\/h4><h4 dir=\"auto\">O Idego n\u00e3o \u00e9 utilizado para o ranqueamento das escolas, n\u00e3o tem o cond\u00e3o de divulga\u00e7\u00e3o externa e \u00e9, sobretudo, um instrumento da pr\u00f3pria rede p\u00fablica estadual.<\/h4>\t\t\t\t\t\t\t\t<\/div>\n\t\t\t\t<div class=\"elementor-element elementor-element-68bc0b6 elementor-widget elementor-widget-image\" data-id=\"68bc0b6\" data-element_type=\"widget\" data-e-type=\"widget\" data-widget_type=\"image.default\">\n\t\t\t\t\t\t\t\t\t\t\t\t\t\t\t<img decoding=\"async\" src=\"https:\/\/goias.gov.br\/educacao\/wp-content\/uploads\/sites\/40\/2024\/06\/banner-idego-3_ALFA.png\" title=\"\" alt=\"\" loading=\"lazy\" \/>\t\t\t\t\t\t\t\t\t\t\t\t\t\t\t<\/div>\n\t\t\t\t<div class=\"elementor-element elementor-element-c09d1ef elementor-widget elementor-widget-text-editor\" data-id=\"c09d1ef\" data-element_type=\"widget\" data-e-type=\"widget\" data-widget_type=\"text-editor.default\">\n\t\t\t\t\t\t\t\t\t<h4>O <strong>IDEGO-ALFA<\/strong> tem como base as matr\u00edculas da rede p\u00fablica municipal nos anos iniciais, a taxa de aprova\u00e7\u00e3o e o desempenho acad\u00eamico dos alunos no 2\u00ba ano do ensino fundamental da rede municipal em l\u00edngua portuguesa, mensurados por meio do Sistema de Avalia\u00e7\u00e3o Educacional do Estado de Goi\u00e1s \u2013 SAEGO-Alfa, considerados a equidade e o Indicador de N\u00edvel Socioecon\u00f4mico \u2013INSE dos estudantes da rede p\u00fablica municipal.<\/h4><h4>Segue rela\u00e7\u00e3o nominal dos munic\u00edpios com os respectivos \u00edndices (IDEGO \u2013 ALFA)<\/h4><p><a href=\"https:\/\/goias.gov.br\/educacao\/wp-content\/uploads\/sites\/40\/2024\/AlfaMais\/Idego\/RELACAONOMINALDOSMUNICIPIOSGOIANOSIDEGOALFA2024.pdf\">RELA\u00c7\u00c3O NOMINAL DOS MUNIC\u00cdPIOS GOIANOS &#8211; IDEGO ALFA 2024<\/a><\/p>\t\t\t\t\t\t\t\t<\/div>\n\t\t\t\t\t<\/div>\n\t\t\t\t<\/div>\n\t\t\t\t<\/div>\n\t\t","protected":false},"excerpt":{"rendered":"<p>O \u00cdndice de Desenvolvimento da Educa\u00e7\u00e3o de Goi\u00e1s (Idego) \u00e9 uma base de informa\u00e7\u00f5es composta pela prova do Sistema de Avalia\u00e7\u00e3o Educacional do Estado de Goi\u00e1s (Saego) e os dados de fluxo escolar, sendo, portanto, mais do que meramente uma avalia\u00e7\u00e3o. O Idego \u00e9 constitu\u00eddo das m\u00e9dias de profici\u00eancia em L\u00edngua Portuguesa e Matem\u00e1tica, auferidas [&hellip;]<\/p>\n","protected":false},"author":7,"featured_media":0,"parent":0,"menu_order":0,"comment_status":"closed","ping_status":"closed","template":"wppb_theme_template","meta":{"footnotes":""},"class_list":["post-47916","page","type-page","status-publish","hentry"],"rttpg_featured_image_url":null,"rttpg_author":{"display_name":"gustavogoncalves","author_link":"https:\/\/goias.gov.br\/educacao\/author\/gustavogoncalves\/"},"rttpg_comment":0,"rttpg_category":null,"rttpg_excerpt":"O \u00cdndice de Desenvolvimento da Educa\u00e7\u00e3o de Goi\u00e1s (Idego) \u00e9 uma base de informa\u00e7\u00f5es composta pela prova do Sistema de Avalia\u00e7\u00e3o Educacional do Estado de Goi\u00e1s (Saego) e os dados de fluxo escolar, sendo, portanto, mais do que meramente uma avalia\u00e7\u00e3o. O Idego \u00e9 constitu\u00eddo das m\u00e9dias de profici\u00eancia em L\u00edngua Portuguesa e Matem\u00e1tica, auferidas&hellip;","_links":{"self":[{"href":"https:\/\/goias.gov.br\/educacao\/wp-json\/wp\/v2\/pages\/47916","targetHints":{"allow":["GET"]}}],"collection":[{"href":"https:\/\/goias.gov.br\/educacao\/wp-json\/wp\/v2\/pages"}],"about":[{"href":"https:\/\/goias.gov.br\/educacao\/wp-json\/wp\/v2\/types\/page"}],"author":[{"embeddable":true,"href":"https:\/\/goias.gov.br\/educacao\/wp-json\/wp\/v2\/users\/7"}],"replies":[{"embeddable":true,"href":"https:\/\/goias.gov.br\/educacao\/wp-json\/wp\/v2\/comments?post=47916"}],"version-history":[{"count":2,"href":"https:\/\/goias.gov.br\/educacao\/wp-json\/wp\/v2\/pages\/47916\/revisions"}],"predecessor-version":[{"id":674012,"href":"https:\/\/goias.gov.br\/educacao\/wp-json\/wp\/v2\/pages\/47916\/revisions\/674012"}],"wp:attachment":[{"href":"https:\/\/goias.gov.br\/educacao\/wp-json\/wp\/v2\/media?parent=47916"}],"curies":[{"name":"wp","href":"https:\/\/api.w.org\/{rel}","templated":true}]}}