

{"id":47899,"date":"2024-03-11T09:01:20","date_gmt":"2024-03-11T12:01:20","guid":{"rendered":"https:\/\/siteshom.goias.gov.br\/educacao\/?page_id=47899"},"modified":"2026-01-28T11:50:16","modified_gmt":"2026-01-28T14:50:16","slug":"transporte-escolar","status":"publish","type":"page","link":"https:\/\/goias.gov.br\/educacao\/transporte-escolar\/","title":{"rendered":"Transporte Escolar"},"content":{"rendered":"\t\t<div data-elementor-type=\"wp-page\" data-elementor-id=\"47899\" class=\"elementor elementor-47899\">\n\t\t\t\t<div class=\"elementor-element elementor-element-71c879e e-flex e-con-boxed e-con e-parent\" data-id=\"71c879e\" data-element_type=\"container\" data-e-type=\"container\">\n\t\t\t\t\t<div class=\"e-con-inner\">\n\t\t\t\t<div class=\"elementor-element elementor-element-868d496 elementor-widget elementor-widget-text-editor\" data-id=\"868d496\" data-element_type=\"widget\" data-e-type=\"widget\" data-widget_type=\"text-editor.default\">\n\t\t\t\t\t\t\t\t\t<div><p>O Transporte Escolar dos alunos da rede estadual de ensino, residentes na zona rural \u00e9 realizado atrav\u00e9s da parceria Estado\/Munic\u00edpio. Tanto os alunos da rede estadual quanto os alunos da rede municipal s\u00e3o transportados em um mesmo ve\u00edculo, evitando-se assim o desperd\u00edcio de dinheiro p\u00fablico.<\/p><\/div><div>A Secretaria de Estado da Educa\u00e7\u00e3o repassa aos munic\u00edpios parceiros, 10 parcelas anuais, nos termos da parceira expressa na Lei Estadual n\u00ba 14.556\/03 e Decreto n\u00ba 5.902\/04, mediante Termo de Ades\u00e3o e Responsabilidade firmado com munic\u00edpio.<\/div>\t\t\t\t\t\t\t\t<\/div>\n\t\t\t\t\t<\/div>\n\t\t\t\t<\/div>\n\t\t<div class=\"elementor-element elementor-element-b2a9976 e-flex e-con-boxed e-con e-parent\" data-id=\"b2a9976\" data-element_type=\"container\" data-e-type=\"container\">\n\t\t\t\t\t<div class=\"e-con-inner\">\n\t\t<div class=\"elementor-element elementor-element-baeb6f1 e-con-full e-flex e-con e-child\" data-id=\"baeb6f1\" data-element_type=\"container\" data-e-type=\"container\">\n\t\t\t\t<div class=\"elementor-element elementor-element-129ff03 elementor-widget elementor-widget-image\" data-id=\"129ff03\" data-element_type=\"widget\" data-e-type=\"widget\" data-widget_type=\"image.default\">\n\t\t\t\t\t\t\t\t\t\t\t\t\t\t\t\t<a href=\"\/educacao\/wp-content\/uploads\/sites\/40\/2024\/03\/RESUMO-FINAL-DO-TRANSPORTE-ESCOLAR-2020.pdf\" target=\"_blank\">\n\t\t\t\t\t\t\t<img decoding=\"async\" src=\"https:\/\/goias.gov.br\/educacao\/wp-content\/uploads\/sites\/40\/2024\/03\/icones-resumo-e-anexos_prancheta-1.png\" title=\"\" alt=\"\" loading=\"lazy\" \/>\t\t\t\t\t\t\t\t<\/a>\n\t\t\t\t\t\t\t\t\t\t\t\t\t\t\t<\/div>\n\t\t\t\t<\/div>\n\t\t<div class=\"elementor-element elementor-element-8f28a44 e-con-full e-flex e-con e-child\" data-id=\"8f28a44\" data-element_type=\"container\" data-e-type=\"container\">\n\t\t\t\t<div class=\"elementor-element elementor-element-7db64dc elementor-widget elementor-widget-image\" data-id=\"7db64dc\" data-element_type=\"widget\" data-e-type=\"widget\" data-widget_type=\"image.default\">\n\t\t\t\t\t\t\t\t\t\t\t\t\t\t\t\t<a href=\"\/educacao\/anexos-transporte-escolar\/\" target=\"_blank\">\n\t\t\t\t\t\t\t<img decoding=\"async\" src=\"https:\/\/goias.gov.br\/educacao\/wp-content\/uploads\/sites\/40\/2024\/03\/icones-resumo-e-anexos-02.png\" title=\"\" alt=\"\" loading=\"lazy\" \/>\t\t\t\t\t\t\t\t<\/a>\n\t\t\t\t\t\t\t\t\t\t\t\t\t\t\t<\/div>\n\t\t\t\t<\/div>\n\t\t\t\t\t<\/div>\n\t\t\t\t<\/div>\n\t\t<div class=\"elementor-element elementor-element-9fc81cf e-flex e-con-boxed e-con e-parent\" data-id=\"9fc81cf\" data-element_type=\"container\" data-e-type=\"container\">\n\t\t\t\t\t<div class=\"e-con-inner\">\n\t\t\t\t<div class=\"elementor-element elementor-element-88ed251 elementor-widget elementor-widget-image\" data-id=\"88ed251\" data-element_type=\"widget\" data-e-type=\"widget\" data-widget_type=\"image.default\">\n\t\t\t\t\t\t\t\t\t\t\t\t\t\t\t\t<a href=\"\/educacao\/trancolar-rural\/\" target=\"_blank\">\n\t\t\t\t\t\t\t<img decoding=\"async\" src=\"https:\/\/goias.gov.br\/educacao\/wp-content\/uploads\/sites\/40\/2024\/03\/banner-transcolar-1.png\" title=\"\" alt=\"\" loading=\"lazy\" \/>\t\t\t\t\t\t\t\t<\/a>\n\t\t\t\t\t\t\t\t\t\t\t\t\t\t\t<\/div>\n\t\t\t\t\t<\/div>\n\t\t\t\t<\/div>\n\t\t\t\t<\/div>\n\t\t","protected":false},"excerpt":{"rendered":"<p>O Transporte Escolar dos alunos da rede estadual de ensino, residentes na zona rural \u00e9 realizado atrav\u00e9s da parceria Estado\/Munic\u00edpio. Tanto os alunos da rede estadual quanto os alunos da rede municipal s\u00e3o transportados em um mesmo ve\u00edculo, evitando-se assim o desperd\u00edcio de dinheiro p\u00fablico. A Secretaria de Estado da Educa\u00e7\u00e3o repassa aos munic\u00edpios parceiros, [&hellip;]<\/p>\n","protected":false},"author":7,"featured_media":0,"parent":0,"menu_order":0,"comment_status":"closed","ping_status":"closed","template":"","meta":{"footnotes":""},"class_list":["post-47899","page","type-page","status-publish","hentry"],"rttpg_featured_image_url":null,"rttpg_author":{"display_name":"gustavogoncalves","author_link":"https:\/\/goias.gov.br\/educacao\/author\/gustavogoncalves\/"},"rttpg_comment":0,"rttpg_category":null,"rttpg_excerpt":"O Transporte Escolar dos alunos da rede estadual de ensino, residentes na zona rural \u00e9 realizado atrav\u00e9s da parceria Estado\/Munic\u00edpio. Tanto os alunos da rede estadual quanto os alunos da rede municipal s\u00e3o transportados em um mesmo ve\u00edculo, evitando-se assim o desperd\u00edcio de dinheiro p\u00fablico. A Secretaria de Estado da Educa\u00e7\u00e3o repassa aos munic\u00edpios parceiros,&hellip;","_links":{"self":[{"href":"https:\/\/goias.gov.br\/educacao\/wp-json\/wp\/v2\/pages\/47899","targetHints":{"allow":["GET"]}}],"collection":[{"href":"https:\/\/goias.gov.br\/educacao\/wp-json\/wp\/v2\/pages"}],"about":[{"href":"https:\/\/goias.gov.br\/educacao\/wp-json\/wp\/v2\/types\/page"}],"author":[{"embeddable":true,"href":"https:\/\/goias.gov.br\/educacao\/wp-json\/wp\/v2\/users\/7"}],"replies":[{"embeddable":true,"href":"https:\/\/goias.gov.br\/educacao\/wp-json\/wp\/v2\/comments?post=47899"}],"version-history":[{"count":2,"href":"https:\/\/goias.gov.br\/educacao\/wp-json\/wp\/v2\/pages\/47899\/revisions"}],"predecessor-version":[{"id":665960,"href":"https:\/\/goias.gov.br\/educacao\/wp-json\/wp\/v2\/pages\/47899\/revisions\/665960"}],"wp:attachment":[{"href":"https:\/\/goias.gov.br\/educacao\/wp-json\/wp\/v2\/media?parent=47899"}],"curies":[{"name":"wp","href":"https:\/\/api.w.org\/{rel}","templated":true}]}}