

{"id":47886,"date":"2024-03-07T16:44:48","date_gmt":"2024-03-07T19:44:48","guid":{"rendered":"https:\/\/siteshom.goias.gov.br\/educacao\/agenda-de-autoridades\/"},"modified":"2026-05-04T01:52:05","modified_gmt":"2026-05-04T04:52:05","slug":"agenda-de-autoridades","status":"publish","type":"page","link":"https:\/\/goias.gov.br\/educacao\/agenda-de-autoridades\/","title":{"rendered":"Agenda de Autoridades"},"content":{"rendered":"<p><strong style='margin-block-end: -1.8rem'><a href='https:\/\/goias.gov.br\/educacao\/secretaria-de-estado\/'>Secret\u00e1ria de Estado<\/a><\/strong><br \/>HELENA DA COSTA BEZERRA<\/p>\n<p><strong style='margin-block-end: -1.8rem'><a href='https:\/\/goias.gov.br\/educacao\/chefia-de-gabinete\/'>Chefia de Gabinete<\/a><\/strong><br \/>LUCCA SILVA PERDIGAO<\/p>\n<p><strong style='margin-block-end: -1.8rem'><a href='https:\/\/goias.gov.br\/educacao\/chefe-da-comunicacao-setorial\/'>Chefe da Comunica\u00e7\u00e3o Setorial<\/a><\/strong><br \/>MARCLEY RODRIGUES DE MATOS<\/p>\n<p><strong style='margin-block-end: -1.8rem'><a href='https:\/\/goias.gov.br\/educacao\/chefe-da-procuradoria-setorial\/'>Chefe da Procuradoria Setorial<\/a><\/strong><br \/>OBERDAN HUMBERTON RODRIGUES VALLE<\/p>\n<p><strong style='margin-block-end: -1.8rem'><a href='https:\/\/goias.gov.br\/educacao\/diretora-de-politica-educacional\/'>Diretora de Pol\u00edtica Educacional<\/a><\/strong><br \/>Vanessa de Almeida Carvalho<\/p>\n<p><strong style='margin-block-end: -1.8rem'><a href='https:\/\/goias.gov.br\/educacao\/superintendente-de-gestao-estrategica-e-avaliacao-de-resultados\/'>Superintendente de Gest\u00e3o Estrat\u00e9gica e Avalia\u00e7\u00e3o de Resultados<\/a><\/strong><br \/>MARCIA MARIA DE CARVALHO PEREIRA<\/p>\n<p><strong style='margin-block-end: -1.8rem'><a href='https:\/\/goias.gov.br\/educacao\/superintendente-de-apoio-ao-desenvolvimento-curricular\/'>Superintendente de Apoio ao Desenvolvimento Curricular<\/a><\/strong><br \/>NAYRA CLAUDINNE GUEDES MENEZES COLOMBO<\/p>\n<p><strong style='margin-block-end: -1.8rem'><a href='https:\/\/goias.gov.br\/educacao\/superintendente-do-programa-bolsa-educacao\/'>Superintendente do Programa Bolsa Educa\u00e7\u00e3o<\/a><\/strong><br \/>MARCIO ROBERTO RIBEIRO CAPITELLI<\/p>\n<p><strong style='margin-block-end: -1.8rem'><a href='https:\/\/goias.gov.br\/educacao\/diretora-pedagogica\/'>Diretora Pedag\u00f3gica<\/a><\/strong><br \/>ALESSANDRA OLIVEIRA DE ALMEIDA<\/p>\n<p><strong style='margin-block-end: -1.8rem'><a href='https:\/\/goias.gov.br\/educacao\/superintendente-de-ensino-medio\/'>Superintendente de Ensino M\u00e9dio<\/a><\/strong><br \/>OSVANY DA COSTA GUNDIM CARDOSO<\/p>\n<p><strong style='margin-block-end: -1.8rem'><a href='https:\/\/goias.gov.br\/educacao\/superintendente-de-atencao-especializada\/'>Superintendente de Aten\u00e7\u00e3o Especializada<\/a><\/strong><br \/>RUPERT NICKERSON SOBRINHO<\/p>\n<p><strong style='margin-block-end: -1.8rem'><a href='https:\/\/goias.gov.br\/educacao\/superintendente-de-seguranca-escolar-e-colegio-militar\/'>Superintendente de Seguran\u00e7a Escolar e Col\u00e9gio Militar<\/a><\/strong><br \/>MAURO FERREIRA VILELA<\/p>\n<p><strong style='margin-block-end: -1.8rem'><a href='https:\/\/goias.gov.br\/educacao\/superintendente-de-desporto-educacional-arte-e-educacao\/'>Superintendente de Desporto Educacional, Arte e Educa\u00e7\u00e3o<\/a><\/strong><br \/>ELAINE MACHADO SILVEIRA<\/p>\n<p><strong style='margin-block-end: -1.8rem'><a href='https:\/\/goias.gov.br\/educacao\/superintendente-de-educacao-infantil-e-ensino-fundamental\/'>Superintendente de Educa\u00e7\u00e3o Infantil e Ensino Fundamental<\/a><\/strong><br \/>F\u00e1tima Garcia Santana Rossi<\/p>\n<p><strong style='margin-block-end: -1.8rem'><a href='https:\/\/goias.gov.br\/educacao\/diretor-administrativo-e-financeiro\/'>Diretor Administrativo e Financeiro<\/a><\/strong><br \/>ANDROS ROBERTO BARBOSA<\/p>\n<p><strong style='margin-block-end: -1.8rem'><a href='https:\/\/goias.gov.br\/educacao\/superintendente-de-gestao-e-desenvolvimento-de-pessoas\/'>Superintendente de Gest\u00e3o e Desenvolvimento de Pessoas<\/a><\/strong><br \/>HUDSON AMARAU DE OLIVEIRA<\/p>\n<p><strong style='margin-block-end: -1.8rem'><a href='https:\/\/goias.gov.br\/educacao\/superintendente-de-gestao-administrativa\/'>Superintendente de Gest\u00e3o Administrativa<\/a><\/strong><br \/>LEONARDO DE LIMA SANTOS<\/p>\n<p><strong style='margin-block-end: -1.8rem'><a href='https:\/\/goias.gov.br\/educacao\/superintendente-de-planejamento-e-financas\/'>Superintendente de Planejamento e Finan\u00e7as<\/a><\/strong><br \/>TAIS GOMES MANVAILER<\/p>\n<p><strong style='margin-block-end: -1.8rem'><a href='https:\/\/goias.gov.br\/educacao\/superintendente-de-tecnologia\/'>Superintendente de Tecnologia<\/a><\/strong><br \/>BRUNO MARQUES CORREIA<\/p>\n<p><strong style='margin-block-end: -1.8rem'><a href='https:\/\/goias.gov.br\/educacao\/superintendente-de-infraestrutura\/'>Superintendente de Infraestrutura<\/a><\/strong><br \/>GUSTAVO DE MORAIS VEIGA JARDIM<\/p>\n<p><strong style='margin-block-end: -1.8rem'><a href='https:\/\/goias.gov.br\/educacao\/chefe-do-centro-de-estudos-pesquisa-e-formacao-dos-profissionais-da-educacao\/'>Chefe do Centro de Estudos, Pesquisa e Forma\u00e7\u00e3o dos Profissionais da Educa\u00e7\u00e3o<\/a><\/strong><br \/>KEZIA CLAUDIA DA CRUZ<\/p>\n<p><strong style='margin-block-end: -1.8rem'><a href='https:\/\/goias.gov.br\/educacao\/chefe-de-nucleo-de-recursos-didaticos\/'>Chefe de N\u00facleo de Recursos Did\u00e1ticos<\/a><\/strong><br \/>EVANDRO DE MOURA RIOS<\/p>\n<p><strong style='margin-block-end: -1.8rem'><a href='https:\/\/goias.gov.br\/educacao\/chefe-de-nucleo-do-ensino-medio\/'>Chefe de N\u00facleo do Ensino M\u00e9dio<\/a><\/strong><br \/>Lauriane de Louren\u00e7o<\/p>\n<p><strong style='margin-block-end: -1.8rem'><a href='https:\/\/goias.gov.br\/educacao\/chefe-de-nucleo-de-seguranca-e-saude-do-servidor-e-do-estudante\/'>Chefe de N\u00facleo de Seguran\u00e7a e Sa\u00fade do Servidor e do Estudante<\/a><\/strong><br \/>JAQUELINE ROCHA CORNETI DO VALE<\/p>\n<p><strong style='margin-block-end: -1.8rem'><a href='https:\/\/goias.gov.br\/educacao\/chefe-do-escritorio-de-projetos-setorial\/'>Chefe do Escrit\u00f3rio de Projetos Setorial<\/a><\/strong><br \/>CARLOS NEUCLIMAR VIEIRA<\/p>\n<p><strong style='margin-block-end: -1.8rem'><a href='https:\/\/goias.gov.br\/educacao\/chefe-de-nucleo-do-escritorio-de-projetos\/'>Chefe de N\u00facleo do Escrit\u00f3rio de Projetos<\/a><\/strong><br \/>JOAO PAULO GARCIA CORREA<\/p>\n","protected":false},"excerpt":{"rendered":"<p>Secret\u00e1ria de EstadoHELENA DA COSTA BEZERRA Chefia de GabineteLUCCA SILVA PERDIGAO Chefe da Comunica\u00e7\u00e3o SetorialMARCLEY RODRIGUES DE MATOS Chefe da Procuradoria SetorialOBERDAN HUMBERTON RODRIGUES VALLE Diretora de Pol\u00edtica EducacionalVanessa de Almeida Carvalho Superintendente de Gest\u00e3o Estrat\u00e9gica e Avalia\u00e7\u00e3o de ResultadosMARCIA MARIA DE CARVALHO PEREIRA Superintendente de Apoio ao Desenvolvimento CurricularNAYRA CLAUDINNE GUEDES MENEZES COLOMBO Superintendente [&hellip;]<\/p>\n","protected":false},"author":33,"featured_media":0,"parent":0,"menu_order":0,"comment_status":"closed","ping_status":"closed","template":"","meta":{"footnotes":""},"class_list":["post-47886","page","type-page","status-publish","hentry"],"rttpg_featured_image_url":null,"rttpg_author":{"display_name":"ricardocosta","author_link":"https:\/\/goias.gov.br\/educacao\/author\/ricardocosta\/"},"rttpg_comment":0,"rttpg_category":null,"rttpg_excerpt":"Secret\u00e1ria de EstadoHELENA DA COSTA BEZERRA Chefia de GabineteLUCCA SILVA PERDIGAO Chefe da Comunica\u00e7\u00e3o SetorialMARCLEY RODRIGUES DE MATOS Chefe da Procuradoria SetorialOBERDAN HUMBERTON RODRIGUES VALLE Diretora de Pol\u00edtica EducacionalVanessa de Almeida Carvalho Superintendente de Gest\u00e3o Estrat\u00e9gica e Avalia\u00e7\u00e3o de ResultadosMARCIA MARIA DE CARVALHO PEREIRA Superintendente de Apoio ao Desenvolvimento CurricularNAYRA CLAUDINNE GUEDES MENEZES COLOMBO Superintendente&hellip;","_links":{"self":[{"href":"https:\/\/goias.gov.br\/educacao\/wp-json\/wp\/v2\/pages\/47886","targetHints":{"allow":["GET"]}}],"collection":[{"href":"https:\/\/goias.gov.br\/educacao\/wp-json\/wp\/v2\/pages"}],"about":[{"href":"https:\/\/goias.gov.br\/educacao\/wp-json\/wp\/v2\/types\/page"}],"author":[{"embeddable":true,"href":"https:\/\/goias.gov.br\/educacao\/wp-json\/wp\/v2\/users\/33"}],"replies":[{"embeddable":true,"href":"https:\/\/goias.gov.br\/educacao\/wp-json\/wp\/v2\/comments?post=47886"}],"version-history":[{"count":2,"href":"https:\/\/goias.gov.br\/educacao\/wp-json\/wp\/v2\/pages\/47886\/revisions"}],"predecessor-version":[{"id":731747,"href":"https:\/\/goias.gov.br\/educacao\/wp-json\/wp\/v2\/pages\/47886\/revisions\/731747"}],"wp:attachment":[{"href":"https:\/\/goias.gov.br\/educacao\/wp-json\/wp\/v2\/media?parent=47886"}],"curies":[{"name":"wp","href":"https:\/\/api.w.org\/{rel}","templated":true}]}}