

{"id":47870,"date":"2024-03-07T15:44:36","date_gmt":"2024-03-07T18:44:36","guid":{"rendered":"https:\/\/siteshom.goias.gov.br\/educacao\/?page_id=47870"},"modified":"2026-01-30T11:12:55","modified_gmt":"2026-01-30T14:12:55","slug":"cursos-de-capacitacao","status":"publish","type":"page","link":"https:\/\/goias.gov.br\/educacao\/cursos-de-capacitacao\/","title":{"rendered":"Cursos de Capacita\u00e7\u00e3o"},"content":{"rendered":"\t\t<div data-elementor-type=\"wp-page\" data-elementor-id=\"47870\" class=\"elementor elementor-47870\">\n\t\t\t\t<div class=\"elementor-element elementor-element-c178623 e-flex e-con-boxed e-con e-parent\" data-id=\"c178623\" data-element_type=\"container\" data-e-type=\"container\">\n\t\t\t\t\t<div class=\"e-con-inner\">\n\t\t\t\t<div class=\"elementor-element elementor-element-4e4708e elementor-widget elementor-widget-image\" data-id=\"4e4708e\" data-element_type=\"widget\" data-e-type=\"widget\" data-widget_type=\"image.default\">\n\t\t\t\t\t\t\t\t\t\t\t\t\t\t\t<img decoding=\"async\" src=\"https:\/\/goias.gov.br\/educacao\/wp-content\/uploads\/sites\/40\/2024\/03\/banner-curso-de-capacitao-v2.png\" title=\"\" alt=\"\" loading=\"lazy\" \/>\t\t\t\t\t\t\t\t\t\t\t\t\t\t\t<\/div>\n\t\t\t\t<div class=\"elementor-element elementor-element-405ee55 elementor-widget elementor-widget-text-editor\" data-id=\"405ee55\" data-element_type=\"widget\" data-e-type=\"widget\" data-widget_type=\"text-editor.default\">\n\t\t\t\t\t\t\t\t\t<p>A Seduc Goi\u00e1s oferece, regularmente, forma\u00e7\u00f5es e a\u00e7\u00f5es que, por meio de videoconfer\u00eancias, ambientes virtuais e atividades profissionais, t\u00eam o objetivo de fortalecer o conhecimento e o desempenho dos profissionais da Educa\u00e7\u00e3o: Sendo assim, acompanhe aqui e escolha o curso do seu interesse. \u00a0<\/p>\t\t\t\t\t\t\t\t<\/div>\n\t\t\t\t<div class=\"elementor-element elementor-element-30920c8 elementor-widget elementor-widget-text-editor\" data-id=\"30920c8\" data-element_type=\"widget\" data-e-type=\"widget\" data-widget_type=\"text-editor.default\">\n\t\t\t\t\t\t\t\t\t<ul><li><a href=\"\/educacao\/seduc-oferta-formacao-sobre-novo-ensino-medio-para-professores-da-rede-estadual\/\" target=\"_blank\" rel=\"noopener\">Seduc oferta forma\u00e7\u00e3o sobre Novo Ensino M\u00e9dio para professores da rede estadual<\/a><\/li><li><a href=\"\/educacao\/curso-de-gestao-escolar-e-compromisso-com-a-alfabetizacao-de-goias\/\">Curso de Gest\u00e3o Escolar e Compromisso com a Alfabetiza\u00e7\u00e3o de Goi\u00e1s<\/a><\/li><li><a href=\"\/educacao\/seduc-reabre-inscricoes-para-o-curso-gestao-escolar-e-o-compromisso-com-a-alfabetizacao-em-goias\/\" target=\"_blank\" rel=\"noopener\">Seduc reabre inscri\u00e7\u00f5es para o curso \u2018<em>Gest\u00e3o Escolar e o Compromisso com a Alfabetiza\u00e7\u00e3o em Goi\u00e1s<\/em>\u2019<\/a><\/li><li>A<a href=\"\/educacao\/aulas-on-line-e-suas-tecnologias-e-tema-de-curso-para-professores-da-rede-estadual\/\">ulas\u00a0on-line\u00a0e suas Tecnologias \u00e9 tema de curso para professores da rede estadual<\/a><\/li><li><a href=\"\/educacao\/seduc-oferece-formacao-para-profissionais-do-ensino-fundamental-sobre-dc-go\/\" target=\"_blank\" rel=\"noopener\">Seduc oferece forma\u00e7\u00e3o para profissionais do Ensino Fundamental sobre\u00a0DC-GO<\/a><\/li><li><a href=\"\/educacao\/inscricoes-para-o-curso-mediacao-pedagogica-em-educacao-a-distancia-comecam-na-proxima-terca-feira-dia-8\/\">Inscri\u00e7\u00f5es para o curso Media\u00e7\u00e3o Pedag\u00f3gica em Educa\u00e7\u00e3o \u00e0 Dist\u00e2ncia come\u00e7am na pr\u00f3xima ter\u00e7a-feira, dia 8<\/a><\/li><li><a href=\"\/educacao\/curso-por-uma-coordenacao-pedagogica-trans-formadora\/\">Curso \u201cPor uma Coordena\u00e7\u00e3o Pedag\u00f3gica Trans(formadora)\u201d<\/a><\/li><li><a href=\"\/educacao\/4-edicao-do-curso-ensino-hibrido-inovacao-no-ensino-e-na-aprendizagem\/\">4\u00b0 Edi\u00e7\u00e3o do Curso Ensino H\u00edbrido &#8211; Inova\u00e7\u00e3o no Ensino e na Aprendizagem<\/a><\/li><li><a href=\"\/educacao\/seduc-oferece-formacao-para-professores-na-area-de-deficiencia-visual\/\">Seduc oferece forma\u00e7\u00e3o para professores na \u00e1rea de defici\u00eancia visual<\/a><\/li><li><a href=\"\/educacao\/curso-de-cartografia-escolar-2\/\">Curso de Cartografia Escolar<\/a><\/li><li><a href=\"\/educacao\/curso-de-cidadania-e-democracia-nas-escolas\/\">Curso de Cidadania e Democracia nas escolas<\/a><\/li><li><a href=\"\/educacao\/curso-educacao-e-justica-lei-maria-da-penha-na-escola\/\">Curso Educa\u00e7\u00e3o e Justi\u00e7a: Lei Maria da Penha na Escola<\/a><\/li><\/ul>\t\t\t\t\t\t\t\t<\/div>\n\t\t\t\t\t<\/div>\n\t\t\t\t<\/div>\n\t\t\t\t<\/div>\n\t\t","protected":false},"excerpt":{"rendered":"<p>A Seduc Goi\u00e1s oferece, regularmente, forma\u00e7\u00f5es e a\u00e7\u00f5es que, por meio de videoconfer\u00eancias, ambientes virtuais e atividades profissionais, t\u00eam o objetivo de fortalecer o conhecimento e o desempenho dos profissionais da Educa\u00e7\u00e3o: Sendo assim, acompanhe aqui e escolha o curso do seu interesse. \u00a0 Seduc oferta forma\u00e7\u00e3o sobre Novo Ensino M\u00e9dio para professores da rede [&hellip;]<\/p>\n","protected":false},"author":7,"featured_media":0,"parent":0,"menu_order":0,"comment_status":"closed","ping_status":"closed","template":"","meta":{"footnotes":""},"class_list":["post-47870","page","type-page","status-publish","hentry"],"rttpg_featured_image_url":null,"rttpg_author":{"display_name":"gustavogoncalves","author_link":"https:\/\/goias.gov.br\/educacao\/author\/gustavogoncalves\/"},"rttpg_comment":0,"rttpg_category":null,"rttpg_excerpt":"A Seduc Goi\u00e1s oferece, regularmente, forma\u00e7\u00f5es e a\u00e7\u00f5es que, por meio de videoconfer\u00eancias, ambientes virtuais e atividades profissionais, t\u00eam o objetivo de fortalecer o conhecimento e o desempenho dos profissionais da Educa\u00e7\u00e3o: Sendo assim, acompanhe aqui e escolha o curso do seu interesse. \u00a0 Seduc oferta forma\u00e7\u00e3o sobre Novo Ensino M\u00e9dio para professores da rede&hellip;","_links":{"self":[{"href":"https:\/\/goias.gov.br\/educacao\/wp-json\/wp\/v2\/pages\/47870","targetHints":{"allow":["GET"]}}],"collection":[{"href":"https:\/\/goias.gov.br\/educacao\/wp-json\/wp\/v2\/pages"}],"about":[{"href":"https:\/\/goias.gov.br\/educacao\/wp-json\/wp\/v2\/types\/page"}],"author":[{"embeddable":true,"href":"https:\/\/goias.gov.br\/educacao\/wp-json\/wp\/v2\/users\/7"}],"replies":[{"embeddable":true,"href":"https:\/\/goias.gov.br\/educacao\/wp-json\/wp\/v2\/comments?post=47870"}],"version-history":[{"count":2,"href":"https:\/\/goias.gov.br\/educacao\/wp-json\/wp\/v2\/pages\/47870\/revisions"}],"predecessor-version":[{"id":677373,"href":"https:\/\/goias.gov.br\/educacao\/wp-json\/wp\/v2\/pages\/47870\/revisions\/677373"}],"wp:attachment":[{"href":"https:\/\/goias.gov.br\/educacao\/wp-json\/wp\/v2\/media?parent=47870"}],"curies":[{"name":"wp","href":"https:\/\/api.w.org\/{rel}","templated":true}]}}