

{"id":414962,"date":"2025-05-14T10:34:43","date_gmt":"2025-05-14T13:34:43","guid":{"rendered":"https:\/\/goias.gov.br\/educacao\/?page_id=414962"},"modified":"2026-01-30T13:45:50","modified_gmt":"2026-01-30T16:45:50","slug":"concurso-sabores-da-escola","status":"publish","type":"page","link":"https:\/\/goias.gov.br\/educacao\/concurso-sabores-da-escola\/","title":{"rendered":"Concurso Sabores da Escola"},"content":{"rendered":"\t\t<div data-elementor-type=\"wp-page\" data-elementor-id=\"414962\" class=\"elementor elementor-414962\">\n\t\t\t\t<div class=\"elementor-element elementor-element-01dd9fe e-flex e-con-boxed e-con e-parent\" data-id=\"01dd9fe\" data-element_type=\"container\" data-e-type=\"container\">\n\t\t\t\t\t<div class=\"e-con-inner\">\n\t\t\t\t<div class=\"elementor-element elementor-element-736aff8 elementor-widget elementor-widget-image\" data-id=\"736aff8\" data-element_type=\"widget\" data-e-type=\"widget\" data-widget_type=\"image.default\">\n\t\t\t\t\t\t\t\t\t\t\t\t\t\t\t<img decoding=\"async\" src=\"https:\/\/goias.gov.br\/educacao\/wp-content\/uploads\/sites\/40\/2025\/06\/sabores-da-escola-pro-site.png\" title=\"\" alt=\"\" loading=\"lazy\" \/>\t\t\t\t\t\t\t\t\t\t\t\t\t\t\t<\/div>\n\t\t\t\t<div class=\"elementor-element elementor-element-b00d188 elementor-widget elementor-widget-shortcode\" data-id=\"b00d188\" data-element_type=\"widget\" data-e-type=\"widget\" data-widget_type=\"shortcode.default\">\n\t\t\t\t\t\t\t<div class=\"elementor-shortcode\"><div data-post-id=\"415037\" class=\"insert-page insert-page-415037 \"><h1 class='insert-page-title'>Governo de Goi\u00e1s lan\u00e7a 2\u00aa edi\u00e7\u00e3o do concurso Sabores da Escola<\/h1>\n<p class=\"has-medium-font-size\"><em>Inscri\u00e7\u00f5es podem ser feitas at\u00e9 6 de junho<\/em><\/p>\n\n\n\n<p class=\"has-medium-font-size\">O Governo de Goi\u00e1s, por meio da Secretaria de Estado da Educa\u00e7\u00e3o (Seduc\/GO), lan\u00e7a, nesta quarta-feira (14\/05), o edital da segunda edi\u00e7\u00e3o do concurso Sabores da Escola. O objetivo \u00e9 valorizar o trabalho das merendeiras e merendeiros da rede p\u00fablica estadual, promover a alimenta\u00e7\u00e3o saud\u00e1vel e fortalecer as diretrizes do Programa Nacional de Alimenta\u00e7\u00e3o Escolar (PNAE). As inscri\u00e7\u00f5es est\u00e3o abertas e v\u00e3o at\u00e9 o dia 6 de junho de 2025.<\/p>\n\n\n\n<p class=\"has-medium-font-size\">Voltado exclusivamente para os profissionais da alimenta\u00e7\u00e3o escolar das unidades da rede estadual, o concurso premiar\u00e1 receitas culin\u00e1rias salgadas \u2014 como tortas, p\u00e3es e quitandas \u2014 que respeitem os crit\u00e9rios de saudabilidade, criatividade e viabilidade de preparo nas escolas.<\/p>\n\n\n\n<figure class=\"wp-block-image size-large\"><a href=\"https:\/\/forms.office.com\/pages\/responsepage.aspx?id=8ZLlZ4GWmkK6qZUI_f13gBpWGaOhcEdKlUaYAUXafuFUQ1FGSUdVWTNZNFBDTTlESUVSMTJQRkxSTC4u&amp;route=shorturl\"><img decoding=\"async\" width=\"1024\" height=\"46\" src=\"https:\/\/goias.gov.br\/educacao\/wp-content\/uploads\/sites\/40\/2025\/05\/Prancheta-10-1-1024x46.png\" alt=\"\" class=\"wp-image-415282\" srcset=\"https:\/\/goias.gov.br\/educacao\/wp-content\/uploads\/sites\/40\/2025\/05\/Prancheta-10-1-1024x46.png 1024w, https:\/\/goias.gov.br\/educacao\/wp-content\/uploads\/sites\/40\/2025\/05\/Prancheta-10-1-300x14.png 300w, https:\/\/goias.gov.br\/educacao\/wp-content\/uploads\/sites\/40\/2025\/05\/Prancheta-10-1-768x35.png 768w, https:\/\/goias.gov.br\/educacao\/wp-content\/uploads\/sites\/40\/2025\/05\/Prancheta-10-1.png 1111w\" sizes=\"(max-width: 1024px) 100vw, 1024px\" \/><\/a><\/figure>\n\n\n\n<p class=\"has-medium-font-size\">\u201cMais do que um concurso, o Sabores da Escola \u00e9 um reconhecimento \u00e0 dedica\u00e7\u00e3o di\u00e1ria das nossas merendeiras e merendeiros, que cuidam da alimenta\u00e7\u00e3o dos nossos estudantes com carinho, criatividade e responsabilidade\u201d, destaca a secret\u00e1ria estadual de Educa\u00e7\u00e3o, F\u00e1tima Gavioli.<\/p>\n\n\n\n<figure class=\"wp-block-image size-large\"><img decoding=\"async\" width=\"1024\" height=\"46\" src=\"https:\/\/goias.gov.br\/educacao\/wp-content\/uploads\/sites\/40\/2025\/05\/Prancheta-10-2-1024x46.png\" alt=\"\" class=\"wp-image-415321\" srcset=\"https:\/\/goias.gov.br\/educacao\/wp-content\/uploads\/sites\/40\/2025\/05\/Prancheta-10-2-1024x46.png 1024w, https:\/\/goias.gov.br\/educacao\/wp-content\/uploads\/sites\/40\/2025\/05\/Prancheta-10-2-300x14.png 300w, https:\/\/goias.gov.br\/educacao\/wp-content\/uploads\/sites\/40\/2025\/05\/Prancheta-10-2-768x35.png 768w, https:\/\/goias.gov.br\/educacao\/wp-content\/uploads\/sites\/40\/2025\/05\/Prancheta-10-2.png 1111w\" sizes=\"(max-width: 1024px) 100vw, 1024px\" \/><\/figure>\n\n\n\n<p class=\"has-medium-font-size\">As inscri\u00e7\u00f5es devem ser feitas por duplas, compostas por merendeiras(os) da mesma unidade escolar. Cada dupla pode enviar uma receita por meio do formul\u00e1rio dispon\u00edvel (clicando aqui). \u00c9 necess\u00e1rio preencher os dados pessoais, anexar a receita no modelo padr\u00e3o e assinar o termo de autoriza\u00e7\u00e3o de uso de imagem e voz.<\/p>\n\n\n\n<p class=\"has-medium-font-size\">As prepara\u00e7\u00f5es devem seguir as diretrizes do PNAE, priorizando o uso de alimentos in natura ou minimamente processados, e n\u00e3o podem conter ingredientes ultraprocessados, sob pena de desclassifica\u00e7\u00e3o.<\/p>\n\n\n\n<div class=\"wp-block-columns is-layout-flex wp-container-core-columns-is-layout-9d6595d7 wp-block-columns-is-layout-flex\">\n<div class=\"wp-block-column is-layout-flow wp-block-column-is-layout-flow\">\n<figure class=\"wp-block-image size-full\"><a href=\"https:\/\/goias.gov.br\/educacao\/wp-content\/uploads\/sites\/40\/2025\/SaboresdaEscola\/Edital-Sabores-da-Escola-2-edicao.pdf\"><img fetchpriority=\"high\" fetchpriority=\"high\" decoding=\"async\" width=\"522\" height=\"242\" src=\"https:\/\/goias.gov.br\/educacao\/wp-content\/uploads\/sites\/40\/2025\/05\/Prancheta-10-5.png\" alt=\"\" class=\"wp-image-417249\" srcset=\"https:\/\/goias.gov.br\/educacao\/wp-content\/uploads\/sites\/40\/2025\/05\/Prancheta-10-5.png 522w, https:\/\/goias.gov.br\/educacao\/wp-content\/uploads\/sites\/40\/2025\/05\/Prancheta-10-5-300x139.png 300w\" sizes=\"(max-width: 522px) 100vw, 522px\" \/><\/a><\/figure>\n<\/div>\n\n\n\n<div class=\"wp-block-column is-layout-flow wp-block-column-is-layout-flow\">\n<figure class=\"wp-block-image size-full\"><a href=\"https:\/\/goias.gov.br\/educacao\/wp-content\/uploads\/sites\/40\/2025\/SaboresdaEscola\/Edital_Retificacao.pdf\"><img loading=\"lazy\" loading=\"lazy\" decoding=\"async\" width=\"522\" height=\"242\" src=\"https:\/\/goias.gov.br\/educacao\/wp-content\/uploads\/sites\/40\/2025\/05\/Prancheta-10_1-1.png\" alt=\"\" class=\"wp-image-417258\" srcset=\"https:\/\/goias.gov.br\/educacao\/wp-content\/uploads\/sites\/40\/2025\/05\/Prancheta-10_1-1.png 522w, https:\/\/goias.gov.br\/educacao\/wp-content\/uploads\/sites\/40\/2025\/05\/Prancheta-10_1-1-300x139.png 300w\" sizes=\"auto, (max-width: 522px) 100vw, 522px\" \/><\/a><\/figure>\n<\/div>\n<\/div>\n\n\n\n<p class=\"has-black-color has-text-color has-link-color has-medium-font-size wp-elements-9ea9de3557edab6b4469dff93e6affdc\"><\/p>\n\n\n\n<p><strong><a href=\"https:\/\/goias.gov.br\/educacao\/wp-content\/uploads\/sites\/40\/2025\/06\/LISTA-DE-INSCRITOS-SABORES-2.pdf\">Acesse aqui a Lista de Inscritos<\/a> <\/strong><\/p>\n\n\n\n<p><a href=\"https:\/\/goias.gov.br\/educacao\/wp-content\/uploads\/sites\/40\/2025\/07\/SEI_76472915_Nota_Informativa_6.pdf\"><strong>Nota Informativa &#8211; Prorroga\u00e7\u00e3o da divulga\u00e7\u00e3o das receitas validadas <\/strong><\/a><\/p>\n\n\n\n<p><strong><a href=\"https:\/\/goias.gov.br\/educacao\/wp-content\/uploads\/sites\/40\/2025\/07\/CONCURSO-SABORES-DA-ESCOLA-2.pdf\">Resultado das Receitas Classificadas<\/a><\/strong><\/p>\n\n\n\n<p><strong><a href=\"https:\/\/goias.gov.br\/educacao\/wp-content\/uploads\/sites\/40\/2025\/07\/SEI_76699555_Retificacao.pdf\">Edital Retificado &#8211; Novo Cronograma <\/a><\/strong><\/p>\n\n\n\n<p><a href=\"https:\/\/goias.gov.br\/educacao\/wp-content\/uploads\/sites\/40\/2025\/07\/SEI_76923281_Nota_Informativa_9-1.pdf\"><strong>Divulga\u00e7\u00e3o do Resultado dos Recursos &#8211; Fase de Valida\u00e7\u00e3o<\/strong><\/a><\/p>\n\n\n\n<p><a href=\"https:\/\/goias.gov.br\/educacao\/wp-content\/uploads\/sites\/40\/2025\/07\/Classificados_Concurso_Sabores_da_Escola___Fase_de_validacao_das_receitas.pdf\"><strong>Lista dos Classificados &#8211; Fase de Valida\u00e7\u00e3o<\/strong><\/a><\/p>\n\n\n\n<p><a href=\"https:\/\/goias.gov.br\/educacao\/wp-content\/uploads\/sites\/40\/2025\/09\/resultado-fase-regional.pdf\"><strong>Resultado da Fase Regional<\/strong><\/a><\/p>\n\n\n\n<p><a href=\"https:\/\/goias.gov.br\/educacao\/wp-content\/uploads\/sites\/40\/2025\/10\/finalistas-1-2.pdf\">Duplas Classificadas &#8211; Etapas Polo<\/a> <\/p>\n\n\n\n<div class=\"wp-block-media-text is-stacked-on-mobile\" style=\"grid-template-columns:47% auto\"><figure class=\"wp-block-media-text__media\"><img loading=\"lazy\" loading=\"lazy\" decoding=\"async\" width=\"1024\" height=\"475\" src=\"https:\/\/goias.gov.br\/educacao\/wp-content\/uploads\/sites\/40\/2025\/05\/Prancheta-3-1-1024x475.jpg\" alt=\"\" class=\"wp-image-415463 size-full\" srcset=\"https:\/\/goias.gov.br\/educacao\/wp-content\/uploads\/sites\/40\/2025\/05\/Prancheta-3-1-1024x475.jpg 1024w, https:\/\/goias.gov.br\/educacao\/wp-content\/uploads\/sites\/40\/2025\/05\/Prancheta-3-1-300x139.jpg 300w, https:\/\/goias.gov.br\/educacao\/wp-content\/uploads\/sites\/40\/2025\/05\/Prancheta-3-1-768x356.jpg 768w, https:\/\/goias.gov.br\/educacao\/wp-content\/uploads\/sites\/40\/2025\/05\/Prancheta-3-1.jpg 1080w\" sizes=\"auto, (max-width: 1024px) 100vw, 1024px\" \/><\/figure><div class=\"wp-block-media-text__content\">\n<p class=\"has-medium-font-size\">O concurso ser\u00e1 realizado em cinco fases: inscri\u00e7\u00e3o, valida\u00e7\u00e3o, etapas regionais, etapas de polo e final estadual. A grande final, com cerim\u00f4nia de premia\u00e7\u00e3o est\u00e1 prevista para o dia 30 de outubro de 2025.<br>A divulga\u00e7\u00e3o dos resultados de cada fase ser\u00e1 feita por meio de atos p\u00fablicos e publicada no site oficial da Seduc\/GO<\/p>\n<\/div><\/div>\n\n\n\n<h2 class=\"wp-block-heading\">Veja a live de lan\u00e7amento <\/h2>\n\n\n\n<figure class=\"wp-block-embed is-type-video is-provider-youtube wp-block-embed-youtube wp-embed-aspect-16-9 wp-has-aspect-ratio\"><div class=\"wp-block-embed__wrapper\">\n<iframe title=\"Lan\u00e7amento do Concurso - Sabores da Escola 2\u00b0 edi\u00e7\u00e3o\" width=\"500\" height=\"281\" src=\"https:\/\/www.youtube.com\/embed\/4ShyXgKqLFw?feature=oembed\" frameborder=\"0\" allow=\"accelerometer; autoplay; clipboard-write; encrypted-media; gyroscope; picture-in-picture; web-share\" referrerpolicy=\"strict-origin-when-cross-origin\" allowfullscreen><\/iframe>\n<\/div><\/figure>\n\n\n\n<p><br><\/p>\n<ul class='post-meta'>\n<li><span class='post-meta-key'>tpg-post-view-count:<\/span> 659<\/li>\n<\/ul>\n<\/div><\/div>\n\t\t\t\t\t\t<\/div>\n\t\t\t\t\t<\/div>\n\t\t\t\t<\/div>\n\t\t\t\t<\/div>\n\t\t","protected":false},"excerpt":{"rendered":"","protected":false},"author":465,"featured_media":0,"parent":0,"menu_order":0,"comment_status":"closed","ping_status":"closed","template":"","meta":{"footnotes":""},"class_list":["post-414962","page","type-page","status-publish","hentry"],"rttpg_featured_image_url":null,"rttpg_author":{"display_name":"laysmendes","author_link":"https:\/\/goias.gov.br\/educacao\/author\/laysmendes\/"},"rttpg_comment":0,"rttpg_category":"","rttpg_excerpt":null,"_links":{"self":[{"href":"https:\/\/goias.gov.br\/educacao\/wp-json\/wp\/v2\/pages\/414962","targetHints":{"allow":["GET"]}}],"collection":[{"href":"https:\/\/goias.gov.br\/educacao\/wp-json\/wp\/v2\/pages"}],"about":[{"href":"https:\/\/goias.gov.br\/educacao\/wp-json\/wp\/v2\/types\/page"}],"author":[{"embeddable":true,"href":"https:\/\/goias.gov.br\/educacao\/wp-json\/wp\/v2\/users\/465"}],"replies":[{"embeddable":true,"href":"https:\/\/goias.gov.br\/educacao\/wp-json\/wp\/v2\/comments?post=414962"}],"version-history":[{"count":3,"href":"https:\/\/goias.gov.br\/educacao\/wp-json\/wp\/v2\/pages\/414962\/revisions"}],"predecessor-version":[{"id":678625,"href":"https:\/\/goias.gov.br\/educacao\/wp-json\/wp\/v2\/pages\/414962\/revisions\/678625"}],"wp:attachment":[{"href":"https:\/\/goias.gov.br\/educacao\/wp-json\/wp\/v2\/media?parent=414962"}],"curies":[{"name":"wp","href":"https:\/\/api.w.org\/{rel}","templated":true}]}}