

{"id":397880,"date":"2025-04-04T14:59:28","date_gmt":"2025-04-04T17:59:28","guid":{"rendered":"https:\/\/goias.gov.br\/educacao\/?page_id=397880"},"modified":"2026-01-28T15:40:13","modified_gmt":"2026-01-28T18:40:13","slug":"pss-para-assessores-de-gestao-pedagogica","status":"publish","type":"page","link":"https:\/\/goias.gov.br\/educacao\/pss-para-assessores-de-gestao-pedagogica\/","title":{"rendered":"PSS &#8211; para Assessores de Gest\u00e3o Pedag\u00f3gica"},"content":{"rendered":"\t\t<div data-elementor-type=\"wp-page\" data-elementor-id=\"397880\" class=\"elementor elementor-397880\">\n\t\t\t\t<div class=\"elementor-element elementor-element-a138d24 e-flex e-con-boxed e-con e-parent\" data-id=\"a138d24\" data-element_type=\"container\" data-e-type=\"container\">\n\t\t\t\t\t<div class=\"e-con-inner\">\n\t\t\t\t<div class=\"elementor-element elementor-element-1e97180 elementor-widget elementor-widget-image\" data-id=\"1e97180\" data-element_type=\"widget\" data-e-type=\"widget\" data-widget_type=\"image.default\">\n\t\t\t\t\t\t\t\t\t\t\t\t\t\t\t<img decoding=\"async\" src=\"https:\/\/goias.gov.br\/educacao\/wp-content\/uploads\/sites\/40\/2025\/04\/Prancheta-8-copia-16-2.png\" title=\"\" alt=\"\" loading=\"lazy\" \/>\t\t\t\t\t\t\t\t\t\t\t\t\t\t\t<\/div>\n\t\t\t\t\t<\/div>\n\t\t\t\t<\/div>\n\t\t<div class=\"elementor-element elementor-element-6c8411c e-flex e-con-boxed e-con e-parent\" data-id=\"6c8411c\" data-element_type=\"container\" data-e-type=\"container\">\n\t\t\t\t\t<div class=\"e-con-inner\">\n\t\t\t\t<div class=\"elementor-element elementor-element-bcedae8 e-n-tabs-mobile elementor-widget elementor-widget-n-tabs\" data-id=\"bcedae8\" data-element_type=\"widget\" data-e-type=\"widget\" data-settings=\"{&quot;tabs_justify_horizontal&quot;:&quot;start&quot;,&quot;horizontal_scroll&quot;:&quot;disable&quot;}\" data-widget_type=\"nested-tabs.default\">\n\t\t\t\t\t\t\t<div class=\"e-n-tabs\" data-widget-number=\"198105832\" aria-label=\"Abas. Abra itens com &quot;Enter&quot; ou &quot;Espa\u00e7o&quot;, feche com &quot;Escape&quot; e navegue usando as teclas de &quot;Seta&quot;.\">\n\t\t\t<div class=\"e-n-tabs-heading\" role=\"tablist\">\n\t\t\t\t\t<button id=\"e-n-tab-title-1981058321\" data-tab-title-id=\"e-n-tab-title-1981058321\" class=\"e-n-tab-title\" aria-selected=\"true\" data-tab-index=\"1\" role=\"tab\" tabindex=\"0\" aria-controls=\"e-n-tab-content-1981058321\" style=\"--n-tabs-title-order: 1;\">\n\t\t\t\t\t\t<span class=\"e-n-tab-title-text\">\n\t\t\t\tAssessores de Gest\u00e3o Pedag\u00f3gica\t\t\t<\/span>\n\t\t<\/button>\n\t\t\t\t\t<\/div>\n\t\t\t<div class=\"e-n-tabs-content\">\n\t\t\t\t<div id=\"e-n-tab-content-1981058321\" role=\"tabpanel\" aria-labelledby=\"e-n-tab-title-1981058321\" data-tab-index=\"1\" style=\"--n-tabs-title-order: 1;\" class=\"e-active elementor-element elementor-element-ab663af e-con-full e-flex e-con e-child\" data-id=\"ab663af\" data-element_type=\"container\" data-e-type=\"container\">\n\t\t\t\t<div class=\"elementor-element elementor-element-3a87885 elementor-widget__width-inherit elementor-widget elementor-widget-text-editor\" data-id=\"3a87885\" data-element_type=\"widget\" data-e-type=\"widget\" data-widget_type=\"text-editor.default\">\n\t\t\t\t\t\t\t\t\t<p><a href=\"https:\/\/goias.gov.br\/educacao\/wp-content\/uploads\/sites\/40\/2025\/ProcessoSeletivoInterno\/GestaoPedagogica\/Edital_002_2025.pdf\">Edital N\u00ba 002\/2025\u00a0<\/a><\/p><p><a href=\"https:\/\/goias.gov.br\/educacao\/wp-content\/uploads\/sites\/40\/2025\/04\/73412640-Prorrogacao-de-inscricoes.pdf\">Prorroga\u00e7\u00e3o de inscri\u00e7\u00f5es<\/a><\/p><p><a href=\"https:\/\/goias.gov.br\/educacao\/wp-content\/uploads\/sites\/40\/2025\/ProcessoSeletivoInterno\/GestaoPedagogica\/ANEXO_I_FICHA_DE_INSCRICAO_E_CURRICULO_SIMPLIFICADO.docx\">ANEXO I FICHA DE INSCRICAO E CURRICULO SIMPLIFICADO<\/a><\/p><p><a href=\"https:\/\/goias.gov.br\/educacao\/wp-content\/uploads\/sites\/40\/2025\/ProcessoSeletivoInterno\/GestaoPedagogica\/ANEXO_II_FICHA_DE_PONTUACAO_PROVA_DE_TITULOS.docx\">ANEXO II &#8211; FICHA DE PONTUA\u00c7\u00c3O &#8211; PROVA DE T\u00cdTULOS<\/a><\/p><p><a href=\"https:\/\/goias.gov.br\/educacao\/wp-content\/uploads\/sites\/40\/2025\/ProcessoSeletivoInterno\/GestaoPedagogica\/ANEXO_III_FICHA_DE_CONFERENCIA_DE_DOCUMENTACAO.docx\">ANEXO III &#8211; FICHA DE CONFER\u00caNCIA DE DOCUMENTA\u00c7\u00c3O<\/a><\/p><p><a href=\"https:\/\/goias.gov.br\/educacao\/wp-content\/uploads\/sites\/40\/2025\/ProcessoSeletivoInterno\/GestaoPedagogica\/ANEXO_IV_CARTA_DE_RECOMENDACAO.docx\">ANEXO IV &#8211; CARTA DE RECOMENDA\u00c7\u00c3O\u00a0<\/a><\/p><p><a href=\"https:\/\/goias.gov.br\/educacao\/wp-content\/uploads\/sites\/40\/2025\/ProcessoSeletivoInterno\/GestaoPedagogica\/ANEXO_V_PEDIDO_DE_IMPUGNACAO.docx\">ANEXO V &#8211; PEDIDO DE IMPUGNA\u00c7\u00c3O\u00a0<\/a><\/p>\t\t\t\t\t\t\t\t<\/div>\n\t\t\t\t<\/div>\n\t\t\t\t\t<\/div>\n\t\t<\/div>\n\t\t\t\t\t\t<\/div>\n\t\t\t\t\t<\/div>\n\t\t\t\t<\/div>\n\t\t<div class=\"elementor-element elementor-element-06b1b2f e-flex e-con-boxed e-con e-parent\" data-id=\"06b1b2f\" data-element_type=\"container\" data-e-type=\"container\" data-settings=\"{&quot;background_background&quot;:&quot;gradient&quot;}\">\n\t\t\t\t\t<div class=\"e-con-inner\">\n\t\t\t\t<div class=\"elementor-element elementor-element-eebd635 elementor-widget elementor-widget-heading\" data-id=\"eebd635\" data-element_type=\"widget\" data-e-type=\"widget\" data-widget_type=\"heading.default\">\n\t\t\t\t\t<h2 class=\"elementor-heading-title elementor-size-default\">Conte\u00fados da Avalia\u00e7\u00e3o de Conhecimentos - Tutoria Educacional\n<\/h2>\t\t\t\t<\/div>\n\t\t\t\t\t<\/div>\n\t\t\t\t<\/div>\n\t\t<div class=\"elementor-element elementor-element-67323f5 e-flex e-con-boxed e-con e-parent\" data-id=\"67323f5\" data-element_type=\"container\" data-e-type=\"container\">\n\t\t\t\t\t<div class=\"e-con-inner\">\n\t\t\t\t<div class=\"elementor-element elementor-element-9e36c3b elementor-widget elementor-widget-n-accordion\" data-id=\"9e36c3b\" data-element_type=\"widget\" data-e-type=\"widget\" data-settings=\"{&quot;default_state&quot;:&quot;all_collapsed&quot;,&quot;max_items_expended&quot;:&quot;one&quot;,&quot;n_accordion_animation_duration&quot;:{&quot;unit&quot;:&quot;ms&quot;,&quot;size&quot;:400,&quot;sizes&quot;:[]}}\" data-widget_type=\"nested-accordion.default\">\n\t\t\t\t\t\t\t<div class=\"e-n-accordion\" aria-label=\"Accordion. Open links with Enter or Space, close with Escape, and navigate with Arrow Keys\">\n\t\t\t\t\t\t<details id=\"e-n-accordion-item-1650\" class=\"e-n-accordion-item\" >\n\t\t\t\t<summary class=\"e-n-accordion-item-title\" data-accordion-index=\"1\" tabindex=\"0\" aria-expanded=\"false\" aria-controls=\"e-n-accordion-item-1650\" >\n\t\t\t\t\t<span class='e-n-accordion-item-title-header'><div class=\"e-n-accordion-item-title-text\"> Conhecimentos Gerais <\/div><\/span>\n\t\t\t\t\t\t\t<span class='e-n-accordion-item-title-icon'>\n\t\t\t<span class='e-opened' ><svg aria-hidden=\"true\" class=\"e-font-icon-svg e-fas-chevron-down\" viewBox=\"0 0 448 512\" xmlns=\"http:\/\/www.w3.org\/2000\/svg\"><path d=\"M207.029 381.476L12.686 187.132c-9.373-9.373-9.373-24.569 0-33.941l22.667-22.667c9.357-9.357 24.522-9.375 33.901-.04L224 284.505l154.745-154.021c9.379-9.335 24.544-9.317 33.901.04l22.667 22.667c9.373 9.373 9.373 24.569 0 33.941L240.971 381.476c-9.373 9.372-24.569 9.372-33.942 0z\"><\/path><\/svg><\/span>\n\t\t\t<span class='e-closed'><svg aria-hidden=\"true\" class=\"e-font-icon-svg e-fas-chevron-right\" viewBox=\"0 0 320 512\" xmlns=\"http:\/\/www.w3.org\/2000\/svg\"><path d=\"M285.476 272.971L91.132 467.314c-9.373 9.373-24.569 9.373-33.941 0l-22.667-22.667c-9.357-9.357-9.375-24.522-.04-33.901L188.505 256 34.484 101.255c-9.335-9.379-9.317-24.544.04-33.901l22.667-22.667c9.373-9.373 24.569-9.373 33.941 0L285.475 239.03c9.373 9.372 9.373 24.568.001 33.941z\"><\/path><\/svg><\/span>\n\t\t<\/span>\n\n\t\t\t\t\t\t<\/summary>\n\t\t\t\t<div role=\"region\" aria-labelledby=\"e-n-accordion-item-1650\" class=\"elementor-element elementor-element-67b3ed3 e-con-full e-flex e-con e-child\" data-id=\"67b3ed3\" data-element_type=\"container\" data-e-type=\"container\">\n\t\t\t\t<div class=\"elementor-element elementor-element-4028517 elementor-widget elementor-widget-text-editor\" data-id=\"4028517\" data-element_type=\"widget\" data-e-type=\"widget\" data-widget_type=\"text-editor.default\">\n\t\t\t\t\t\t\t\t\t<p><a href=\"https:\/\/goias.gov.br\/educacao\/wp-content\/uploads\/sites\/40\/2025\/ProcessoSeletivoInterno\/GestaoPedagogica\/ConhecimentosGerais\/Matriz_Curricular_2025__Caderno_Orientador.pdf\">Matriz Curricular 2025 Caderno Orientador<\/a><\/p><p><a href=\"https:\/\/goias.gov.br\/educacao\/wp-content\/uploads\/sites\/40\/2025\/ProcessoSeletivoInterno\/GestaoPedagogica\/ConhecimentosGerais\/PEE-Metas-e-Estrategias.pdf\">PEE &#8211; Metas e Estrategias<\/a><\/p><p><a href=\"https:\/\/goias.gov.br\/educacao\/wp-content\/uploads\/sites\/40\/2025\/ProcessoSeletivoInterno\/GestaoPedagogica\/ConhecimentosGerais\/Planejamento_estrategico_Seduc_2023-2026.pdf\">Planejamento estrategico Seduc 2023 &#8211; 2026<\/a><\/p><p><a href=\"https:\/\/goias.gov.br\/educacao\/wp-content\/uploads\/sites\/40\/2025\/ProcessoSeletivoInterno\/GestaoPedagogica\/ConhecimentosGerais\/PLANO-ESTADUAL-DE-EDUCACAO-PEE-2015-2025-1-c19.pdf\">Plano Estadual de Educa\u00e7\u00e3o 2015\/2025<\/a><\/p><p><a href=\"https:\/\/goias.gov.br\/educacao\/wp-content\/uploads\/sites\/40\/2025\/ProcessoSeletivoInterno\/GestaoPedagogica\/ConhecimentosGerais\/Documento_Orientador_Matriz_Curricular_2025.pdf\">Documento Orientador Matriz Curricular 2025<\/a><\/p><p><a href=\"https:\/\/goias.gov.br\/educacao\/wp-content\/uploads\/sites\/40\/2025\/ProcessoSeletivoInterno\/GestaoPedagogica\/ConhecimentosGerais\/Diretrizes_Pedagogicas_Seduc_2024.pdf\">Diretrizes Pedagogicas Seduc &#8211; 2024<\/a><\/p><p><a href=\"https:\/\/goias.gov.br\/educacao\/wp-content\/uploads\/sites\/40\/2025\/ProcessoSeletivoInterno\/GestaoPedagogica\/ConhecimentosGerais\/Diretrizes_Operacionais_2024.pdf\">Diretrizes Operacionais 2024\u00a0<\/a><\/p><p><a href=\"https:\/\/goias.gov.br\/educacao\/wp-content\/uploads\/sites\/40\/2025\/ProcessoSeletivoInterno\/GestaoPedagogica\/ConhecimentosGerais\/Diretrizes-Operacionais-das-coordenacoes-regionais-de-educacao-CRE-2024-2025.pdf\">Diretrizes Operacionais das-coordenacoes regionais de educacao CRE 2024-2025<\/a><\/p><p><a href=\"https:\/\/goias.gov.br\/educacao\/wp-content\/uploads\/sites\/40\/2025\/ProcessoSeletivoInterno\/GestaoPedagogica\/ConhecimentosGerais\/CATALOGO_DE_ELETIVAS_2025___SEDUC.pdf\">Cat\u00e1logo de Eletivas 2025<\/a><\/p><p><a href=\"https:\/\/goias.gov.br\/educacao\/wp-content\/uploads\/sites\/40\/2025\/ProcessoSeletivoInterno\/GestaoPedagogica\/ConhecimentosGerais\/Circuito_Gestao_Principios_Metodo_2016.pdf\">Circuito Gest\u00e3o Principios M\u00e9todo 2016<\/a><\/p><p><a href=\"https:\/\/goias.gov.br\/educacao\/wp-content\/uploads\/sites\/40\/2025\/ProcessoSeletivoInterno\/GestaoPedagogica\/ConhecimentosGerais\/BNCC.pdf\">BNCC<\/a><\/p><p><a href=\"https:\/\/goias.gov.br\/educacao\/wp-content\/uploads\/sites\/40\/2025\/ProcessoSeletivoInterno\/GestaoPedagogica\/ConhecimentosGerais\/CADERNO_ORIENTADOR_AVALIACAO_EDUCACIONAL_NA_REDE_ESTADUAL_DE_GOIAS.pdf\">CADERNO ORIENTADOR AVALIACAO EDUCACIONAL NA REDE ESTADUAL DE GOIAS<\/a><\/p>\t\t\t\t\t\t\t\t<\/div>\n\t\t\t\t<\/div>\n\t\t\t\t\t<\/details>\n\t\t\t\t\t\t<details id=\"e-n-accordion-item-1651\" class=\"e-n-accordion-item\" >\n\t\t\t\t<summary class=\"e-n-accordion-item-title\" data-accordion-index=\"2\" tabindex=\"-1\" aria-expanded=\"false\" aria-controls=\"e-n-accordion-item-1651\" >\n\t\t\t\t\t<span class='e-n-accordion-item-title-header'><div class=\"e-n-accordion-item-title-text\"> Conhecimentos Espec\u00edficos <\/div><\/span>\n\t\t\t\t\t\t\t<span class='e-n-accordion-item-title-icon'>\n\t\t\t<span class='e-opened' ><svg aria-hidden=\"true\" class=\"e-font-icon-svg e-fas-chevron-down\" viewBox=\"0 0 448 512\" xmlns=\"http:\/\/www.w3.org\/2000\/svg\"><path d=\"M207.029 381.476L12.686 187.132c-9.373-9.373-9.373-24.569 0-33.941l22.667-22.667c9.357-9.357 24.522-9.375 33.901-.04L224 284.505l154.745-154.021c9.379-9.335 24.544-9.317 33.901.04l22.667 22.667c9.373 9.373 9.373 24.569 0 33.941L240.971 381.476c-9.373 9.372-24.569 9.372-33.942 0z\"><\/path><\/svg><\/span>\n\t\t\t<span class='e-closed'><svg aria-hidden=\"true\" class=\"e-font-icon-svg e-fas-chevron-right\" viewBox=\"0 0 320 512\" xmlns=\"http:\/\/www.w3.org\/2000\/svg\"><path d=\"M285.476 272.971L91.132 467.314c-9.373 9.373-24.569 9.373-33.941 0l-22.667-22.667c-9.357-9.357-9.375-24.522-.04-33.901L188.505 256 34.484 101.255c-9.335-9.379-9.317-24.544.04-33.901l22.667-22.667c9.373-9.373 24.569-9.373 33.941 0L285.475 239.03c9.373 9.372 9.373 24.568.001 33.941z\"><\/path><\/svg><\/span>\n\t\t<\/span>\n\n\t\t\t\t\t\t<\/summary>\n\t\t\t\t<div role=\"region\" aria-labelledby=\"e-n-accordion-item-1651\" class=\"elementor-element elementor-element-a965af1 e-con-full e-flex e-con e-child\" data-id=\"a965af1\" data-element_type=\"container\" data-e-type=\"container\">\n\t\t\t\t<div class=\"elementor-element elementor-element-f803042 elementor-widget elementor-widget-text-editor\" data-id=\"f803042\" data-element_type=\"widget\" data-e-type=\"widget\" data-widget_type=\"text-editor.default\">\n\t\t\t\t\t\t\t\t\t<p><a href=\"https:\/\/goias.gov.br\/educacao\/wp-content\/uploads\/sites\/40\/2025\/ProcessoSeletivoInterno\/GestaoPedagogica\/ConhecimentosEspecificos\/DCGOEM_2021.pdf\">DCGOEM 2021<\/a><\/p><p><a href=\"https:\/\/goias.gov.br\/educacao\/wp-content\/uploads\/sites\/40\/2025\/ProcessoSeletivoInterno\/GestaoPedagogica\/ConhecimentosEspecificos\/Diretrizes_Operacionais_CRE_2025_SUPERVISORES.pdf\">Diretrizes Operacionais CRE 2025 &#8211; SUPERVISORES<\/a><\/p><p><a href=\"https:\/\/goias.gov.br\/educacao\/wp-content\/uploads\/sites\/40\/2025\/ProcessoSeletivoInterno\/GestaoPedagogica\/ConhecimentosEspecificos\/Livreto_de_orientacoes_Tutores_Educacionais.pdf\">Livreto de orienta\u00e7\u00f5es &#8211; Tutores Educacionais<\/a><\/p><p><a href=\"https:\/\/goias.gov.br\/educacao\/wp-content\/uploads\/sites\/40\/2025\/ProcessoSeletivoInterno\/GestaoPedagogica\/ConhecimentosEspecificos\/DCGO_Anos_Finais.pdf\">DCGO &#8211; Anos Finais<\/a><\/p>\t\t\t\t\t\t\t\t<\/div>\n\t\t\t\t<\/div>\n\t\t\t\t\t<\/details>\n\t\t\t\t\t<\/div>\n\t\t\t\t\t\t<\/div>\n\t\t\t\t\t<\/div>\n\t\t\t\t<\/div>\n\t\t\t\t<\/div>\n\t\t","protected":false},"excerpt":{"rendered":"<p>Assessores de Gest\u00e3o Pedag\u00f3gica Edital N\u00ba 002\/2025\u00a0 Prorroga\u00e7\u00e3o de inscri\u00e7\u00f5es ANEXO I FICHA DE INSCRICAO E CURRICULO SIMPLIFICADO ANEXO II &#8211; FICHA DE PONTUA\u00c7\u00c3O &#8211; PROVA DE T\u00cdTULOS ANEXO III &#8211; FICHA DE CONFER\u00caNCIA DE DOCUMENTA\u00c7\u00c3O ANEXO IV &#8211; CARTA DE RECOMENDA\u00c7\u00c3O\u00a0 ANEXO V &#8211; PEDIDO DE IMPUGNA\u00c7\u00c3O\u00a0 Edital N\u00ba 002\/2025\u00a0 Prorroga\u00e7\u00e3o de inscri\u00e7\u00f5es ANEXO [&hellip;]<\/p>\n","protected":false},"author":465,"featured_media":0,"parent":0,"menu_order":0,"comment_status":"closed","ping_status":"closed","template":"","meta":{"footnotes":""},"class_list":["post-397880","page","type-page","status-publish","hentry"],"rttpg_featured_image_url":null,"rttpg_author":{"display_name":"laysmendes","author_link":"https:\/\/goias.gov.br\/educacao\/author\/laysmendes\/"},"rttpg_comment":0,"rttpg_category":null,"rttpg_excerpt":"Assessores de Gest\u00e3o Pedag\u00f3gica Edital N\u00ba 002\/2025\u00a0 Prorroga\u00e7\u00e3o de inscri\u00e7\u00f5es ANEXO I FICHA DE INSCRICAO E CURRICULO SIMPLIFICADO ANEXO II &#8211; FICHA DE PONTUA\u00c7\u00c3O &#8211; PROVA DE T\u00cdTULOS ANEXO III &#8211; FICHA DE CONFER\u00caNCIA DE DOCUMENTA\u00c7\u00c3O ANEXO IV &#8211; CARTA DE RECOMENDA\u00c7\u00c3O\u00a0 ANEXO V &#8211; PEDIDO DE IMPUGNA\u00c7\u00c3O\u00a0 Edital N\u00ba 002\/2025\u00a0 Prorroga\u00e7\u00e3o de inscri\u00e7\u00f5es ANEXO&hellip;","_links":{"self":[{"href":"https:\/\/goias.gov.br\/educacao\/wp-json\/wp\/v2\/pages\/397880","targetHints":{"allow":["GET"]}}],"collection":[{"href":"https:\/\/goias.gov.br\/educacao\/wp-json\/wp\/v2\/pages"}],"about":[{"href":"https:\/\/goias.gov.br\/educacao\/wp-json\/wp\/v2\/types\/page"}],"author":[{"embeddable":true,"href":"https:\/\/goias.gov.br\/educacao\/wp-json\/wp\/v2\/users\/465"}],"replies":[{"embeddable":true,"href":"https:\/\/goias.gov.br\/educacao\/wp-json\/wp\/v2\/comments?post=397880"}],"version-history":[{"count":2,"href":"https:\/\/goias.gov.br\/educacao\/wp-json\/wp\/v2\/pages\/397880\/revisions"}],"predecessor-version":[{"id":667883,"href":"https:\/\/goias.gov.br\/educacao\/wp-json\/wp\/v2\/pages\/397880\/revisions\/667883"}],"wp:attachment":[{"href":"https:\/\/goias.gov.br\/educacao\/wp-json\/wp\/v2\/media?parent=397880"}],"curies":[{"name":"wp","href":"https:\/\/api.w.org\/{rel}","templated":true}]}}