

{"id":291890,"date":"2025-02-27T08:23:56","date_gmt":"2025-02-27T11:23:56","guid":{"rendered":"https:\/\/goias.gov.br\/educacao\/?page_id=291890"},"modified":"2026-01-29T09:28:11","modified_gmt":"2026-01-29T12:28:11","slug":"prestacao-de-contas-tomada-de-contas","status":"publish","type":"page","link":"https:\/\/goias.gov.br\/educacao\/prestacao-de-contas-tomada-de-contas\/","title":{"rendered":"Presta\u00e7\u00e3o de Contas &#8211; Tomada de Contas"},"content":{"rendered":"\t\t<div data-elementor-type=\"wp-page\" data-elementor-id=\"291890\" class=\"elementor elementor-291890\">\n\t\t\t\t<div class=\"elementor-element elementor-element-317c50f e-flex e-con-boxed e-con e-parent\" data-id=\"317c50f\" data-element_type=\"container\" data-e-type=\"container\" data-settings=\"{&quot;background_background&quot;:&quot;gradient&quot;}\">\n\t\t\t\t\t<div class=\"e-con-inner\">\n\t\t\t\t<div class=\"elementor-element elementor-element-ab703d2 elementor-widget__width-inherit elementor-widget elementor-widget-image\" data-id=\"ab703d2\" data-element_type=\"widget\" data-e-type=\"widget\" data-widget_type=\"image.default\">\n\t\t\t\t\t\t\t\t\t\t\t\t\t\t\t<img decoding=\"async\" src=\"https:\/\/goias.gov.br\/educacao\/wp-content\/uploads\/sites\/40\/2025\/02\/Programa-Reformar-1150-%C3%97-200-px-16.png\" title=\"\" alt=\"\" loading=\"lazy\" \/>\t\t\t\t\t\t\t\t\t\t\t\t\t\t\t<\/div>\n\t\t\t\t\t<\/div>\n\t\t\t\t<\/div>\n\t\t<div class=\"elementor-element elementor-element-98035be e-flex e-con-boxed e-con e-parent\" data-id=\"98035be\" data-element_type=\"container\" data-e-type=\"container\">\n\t\t\t\t\t<div class=\"e-con-inner\">\n\t\t\t\t<div class=\"elementor-element elementor-element-a2a9d1f elementor-widget elementor-widget-heading\" data-id=\"a2a9d1f\" data-element_type=\"widget\" data-e-type=\"widget\" data-widget_type=\"heading.default\">\n\t\t\t\t\t<h2 class=\"elementor-heading-title elementor-size-default\">O que \u00e9 uma Tomada de Contas Especial?<\/h2>\t\t\t\t<\/div>\n\t\t\t\t<div class=\"elementor-element elementor-element-e63583b elementor-widget elementor-widget-text-editor\" data-id=\"e63583b\" data-element_type=\"widget\" data-e-type=\"widget\" data-widget_type=\"text-editor.default\">\n\t\t\t\t\t\t\t\t\t<p>A Tomada de Contas Especial \u2013 TCE \u00e9 um Processo Administrativo devidamente formalizado, com rito pr\u00f3prio, para apurar responsabilidade por ocorr\u00eancia de dano \u00e0 administra\u00e7\u00e3o p\u00fablica, com apura\u00e7\u00e3o de fatos, quantifica\u00e7\u00e3o do dano e identifica\u00e7\u00e3o dos respons\u00e1veis, com o objetivo de obter o respectivo ressarcimento.<\/p>\t\t\t\t\t\t\t\t<\/div>\n\t\t\t\t\t<\/div>\n\t\t\t\t<\/div>\n\t\t<div class=\"elementor-element elementor-element-621d236 e-flex e-con-boxed e-con e-parent\" data-id=\"621d236\" data-element_type=\"container\" data-e-type=\"container\">\n\t\t\t\t\t<div class=\"e-con-inner\">\n\t\t\t\t<div class=\"elementor-element elementor-element-ef4d8b7 elementor-widget elementor-widget-heading\" data-id=\"ef4d8b7\" data-element_type=\"widget\" data-e-type=\"widget\" data-widget_type=\"heading.default\">\n\t\t\t\t\t<h2 class=\"elementor-heading-title elementor-size-default\">Fase interna<\/h2>\t\t\t\t<\/div>\n\t\t\t\t<div class=\"elementor-element elementor-element-33efb57 elementor-widget elementor-widget-text-editor\" data-id=\"33efb57\" data-element_type=\"widget\" data-e-type=\"widget\" data-widget_type=\"text-editor.default\">\n\t\t\t\t\t\t\t\t\t<p>A fase interna da TCE se d\u00e1 do momento de sua instaura\u00e7\u00e3o at\u00e9 seu envio ao Tribunal de Contas do Estado de Goi\u00e1s \u2013 TCE\/GO para julgamento.<\/p>\t\t\t\t\t\t\t\t<\/div>\n\t\t\t\t\t<\/div>\n\t\t\t\t<\/div>\n\t\t<div class=\"elementor-element elementor-element-a50cecf e-flex e-con-boxed e-con e-parent\" data-id=\"a50cecf\" data-element_type=\"container\" data-e-type=\"container\">\n\t\t\t\t\t<div class=\"e-con-inner\">\n\t\t\t\t<div class=\"elementor-element elementor-element-36b69ef elementor-widget elementor-widget-text-editor\" data-id=\"36b69ef\" data-element_type=\"widget\" data-e-type=\"widget\" data-widget_type=\"text-editor.default\">\n\t\t\t\t\t\t\t\t\t<p>Ap\u00f3s elabora\u00e7\u00e3o do relat\u00f3rio final, antes do envio ao Tribunal, o processo dever\u00e1 ser encaminhado \u00e0 Corregedoria-Geral do Estado de Goi\u00e1s \u2013 CGE, para pronunciamento a respeito da adequa\u00e7\u00e3o das medidas administrativas adotadas pela autoridade competente para a caracteriza\u00e7\u00e3o ou n\u00e3o do dano e sobre o cumprimento das normas pertinentes \u00e0 instaura\u00e7\u00e3o e ao desenvolvimento da TCE.<\/p>\t\t\t\t\t\t\t\t<\/div>\n\t\t\t\t\t<\/div>\n\t\t\t\t<\/div>\n\t\t<div class=\"elementor-element elementor-element-426499a e-flex e-con-boxed e-con e-parent\" data-id=\"426499a\" data-element_type=\"container\" data-e-type=\"container\">\n\t\t\t\t\t<div class=\"e-con-inner\">\n\t\t\t\t<div class=\"elementor-element elementor-element-7671172 elementor-widget elementor-widget-heading\" data-id=\"7671172\" data-element_type=\"widget\" data-e-type=\"widget\" data-widget_type=\"heading.default\">\n\t\t\t\t\t<h2 class=\"elementor-heading-title elementor-size-default\">Fase externa<\/h2>\t\t\t\t<\/div>\n\t\t\t\t<div class=\"elementor-element elementor-element-1447a04 elementor-widget elementor-widget-text-editor\" data-id=\"1447a04\" data-element_type=\"widget\" data-e-type=\"widget\" data-widget_type=\"text-editor.default\">\n\t\t\t\t\t\t\t\t\t<p>A fase externa representa todo o desenvolvimento da TCE no \u00e2mbito do Tribunal de Contas do Estado de Goi\u00e1s at\u00e9 seu julgamento final. Ap\u00f3s ser autuada no TCE\/GO, a TCE adquirir\u00e1 as caracter\u00edsticas pr\u00f3prias de um processo com etapas instrutivas e decis\u00f3rias, garantidos o contradit\u00f3rio e a ampla defesa, havendo, ainda, a possibilidade de interposi\u00e7\u00e3o de recursos.<\/p>\t\t\t\t\t\t\t\t<\/div>\n\t\t\t\t\t<\/div>\n\t\t\t\t<\/div>\n\t\t<div class=\"elementor-element elementor-element-b8f6ab4 e-flex e-con-boxed e-con e-parent\" data-id=\"b8f6ab4\" data-element_type=\"container\" data-e-type=\"container\">\n\t\t\t\t\t<div class=\"e-con-inner\">\n\t\t\t\t<div class=\"elementor-element elementor-element-b524f40 elementor-widget elementor-widget-text-editor\" data-id=\"b524f40\" data-element_type=\"widget\" data-e-type=\"widget\" data-widget_type=\"text-editor.default\">\n\t\t\t\t\t\t\t\t\t<p>No TCE\/GO, as contas dos gestores em processos de TCE podem ser julgadas regulares (com quita\u00e7\u00e3o plena aos respons\u00e1veis), regulares com ressalva (dando-se quita\u00e7\u00e3o aos respons\u00e1veis) ou irregulares. Podem ainda ser considerados iliquid\u00e1veis (trancamento das contas por impossibilidade de julgamento) ou arquivados sem aprecia\u00e7\u00e3o do m\u00e9rito, quando verificada a aus\u00eancia de pressupostos de constitui\u00e7\u00e3o ou de desenvolvimento v\u00e1lido e regular do processo.<\/p>\t\t\t\t\t\t\t\t<\/div>\n\t\t\t\t\t<\/div>\n\t\t\t\t<\/div>\n\t\t<div class=\"elementor-element elementor-element-802c42e e-flex e-con-boxed e-con e-parent\" data-id=\"802c42e\" data-element_type=\"container\" data-e-type=\"container\">\n\t\t\t\t\t<div class=\"e-con-inner\">\n\t\t\t\t<div class=\"elementor-element elementor-element-cf8c421 elementor-widget elementor-widget-heading\" data-id=\"cf8c421\" data-element_type=\"widget\" data-e-type=\"widget\" data-widget_type=\"heading.default\">\n\t\t\t\t\t<h2 class=\"elementor-heading-title elementor-size-default\">Quando \u00e9 instaurada a Tomada de Contas Especial?<\/h2>\t\t\t\t<\/div>\n\t\t\t\t<div class=\"elementor-element elementor-element-64ef465 elementor-widget elementor-widget-text-editor\" data-id=\"64ef465\" data-element_type=\"widget\" data-e-type=\"widget\" data-widget_type=\"text-editor.default\">\n\t\t\t\t\t\t\t\t\t<p>Em regra, a TCE deve ser instaurada pela autoridade competente do pr\u00f3prio \u00f3rg\u00e3o ou entidade jurisdicionada (respons\u00e1vel pela gest\u00e3o dos recursos), em face de pessoas f\u00edsicas ou jur\u00eddicas que deram causa ou concorreram para a materializa\u00e7\u00e3o do dano, depois de esgotadas as medidas administrativas internas, dentro da Presta\u00e7\u00e3o de Contas, com vista \u00e0 recomposi\u00e7\u00e3o do er\u00e1rio ou \u00e0 elimina\u00e7\u00e3o da irregularidade.<\/p>\t\t\t\t\t\t\t\t<\/div>\n\t\t\t\t\t<\/div>\n\t\t\t\t<\/div>\n\t\t<div class=\"elementor-element elementor-element-cd49706 e-flex e-con-boxed e-con e-parent\" data-id=\"cd49706\" data-element_type=\"container\" data-e-type=\"container\">\n\t\t\t\t\t<div class=\"e-con-inner\">\n\t\t\t\t<div class=\"elementor-element elementor-element-9279018 elementor-widget elementor-widget-heading\" data-id=\"9279018\" data-element_type=\"widget\" data-e-type=\"widget\" data-widget_type=\"heading.default\">\n\t\t\t\t\t<h2 class=\"elementor-heading-title elementor-size-default\">Quais as consequ\u00eancias de uma TCE?<\/h2>\t\t\t\t<\/div>\n\t\t\t\t<div class=\"elementor-element elementor-element-d09ff91 elementor-widget elementor-widget-text-editor\" data-id=\"d09ff91\" data-element_type=\"widget\" data-e-type=\"widget\" data-widget_type=\"text-editor.default\">\n\t\t\t\t\t\t\t\t\t<p>Ao julgar as contas irregulares, o Tribunal imputa d\u00e9bito e\/ou multa aos respons\u00e1veis. A decis\u00e3o do Tribunal possui efic\u00e1cia de t\u00edtulo executivo extrajudicial, o que torna a d\u00edvida certa, l\u00edquida e exig\u00edvel.<\/p><p><a href=\"https:\/\/www.senado.leg.br\/atividade\/const\/con1988\/con1988_14.12.2017\/art_71_.asp\" target=\"_self\" rel=\"noopener\">Art. 71, \u00a7 3\u00ba, da CF<\/a> \u00a0e art. 783, inciso XII, da\u00a0<a href=\"https:\/\/www.planalto.gov.br\/ccivil_03\/_Ato2015-2018\/2015\/Lei\/L13105.htm\" target=\"_self\" rel=\"noopener\">Lei 13.105\/2015<\/a><br \/><br \/>Ap\u00f3s o julgamento, o respons\u00e1vel ser\u00e1 notificado para, no prazo de quinze dias, recolher o valor devido. Se o respons\u00e1vel, regularmente notificado, n\u00e3o recolher tempestivamente a import\u00e2ncia devida, ser\u00e1 formalizado processo de cobran\u00e7a executiva, o qual ser\u00e1 encaminhado ao Minist\u00e9rio P\u00fablico junto ao Tribunal para, por meio da Advocacia-Geral do Estado (PGE) ou das unidades jurisdicionadas ao TCE\/GO que det\u00eam essa compet\u00eancia, promover a cobran\u00e7a judicial da d\u00edvida ou o arresto de bens.<br \/><br \/>Al\u00e9m dessas consequ\u00eancias, outras san\u00e7\u00f5es poder\u00e3o ser aplicadas, tais como declara\u00e7\u00e3o de inidoneidade do particular para licitar ou contratar com a administra\u00e7\u00e3o, declara\u00e7\u00e3o de inabilita\u00e7\u00e3o para o exerc\u00edcio de cargo ou fun\u00e7\u00e3o p\u00fablica, inclus\u00e3o no cadastro informativo dos d\u00e9bitos n\u00e3o quitados de \u00f3rg\u00e3os e entidades federais (CADIN), comunica\u00e7\u00e3o ao Minist\u00e9rio P\u00fablico Estadual e solicita\u00e7\u00e3o do arresto de bens para garantir o ressarcimento.<br \/><br \/>O pr\u00f3prio julgamento das contas pela irregularidade j\u00e1 apresenta, como consequ\u00eancia, a inclus\u00e3o no cadastro a ser enviado \u00e0 Justi\u00e7a Eleitoral, a partir do qual o respons\u00e1vel poder\u00e1 figurar na lista de ineleg\u00edveis.<\/p>\t\t\t\t\t\t\t\t<\/div>\n\t\t\t\t\t<\/div>\n\t\t\t\t<\/div>\n\t\t<div class=\"elementor-element elementor-element-e78985d e-flex e-con-boxed e-con e-parent\" data-id=\"e78985d\" data-element_type=\"container\" data-e-type=\"container\">\n\t\t\t\t\t<div class=\"e-con-inner\">\n\t\t\t\t<div class=\"elementor-element elementor-element-705bfe9 elementor-widget elementor-widget-heading\" data-id=\"705bfe9\" data-element_type=\"widget\" data-e-type=\"widget\" data-widget_type=\"heading.default\">\n\t\t\t\t\t<h2 class=\"elementor-heading-title elementor-size-default\">Base Legal:<\/h2>\t\t\t\t<\/div>\n\t\t<div class=\"elementor-element elementor-element-b172fe4 e-con-full e-flex e-con e-child\" data-id=\"b172fe4\" data-element_type=\"container\" data-e-type=\"container\">\n\t\t\t\t<div class=\"elementor-element elementor-element-e994445 elementor-widget elementor-widget-heading\" data-id=\"e994445\" data-element_type=\"widget\" data-e-type=\"widget\" data-widget_type=\"heading.default\">\n\t\t\t\t\t<h2 class=\"elementor-heading-title elementor-size-default\">01<\/h2>\t\t\t\t<\/div>\n\t\t\t\t<div class=\"elementor-element elementor-element-f343215 elementor-widget elementor-widget-heading\" data-id=\"f343215\" data-element_type=\"widget\" data-e-type=\"widget\" data-widget_type=\"heading.default\">\n\t\t\t\t\t<h2 class=\"elementor-heading-title elementor-size-default\">Constitui\u00e7\u00e3o Federal (CF)<\/h2>\t\t\t\t<\/div>\n\t\t\t\t<\/div>\n\t\t<div class=\"elementor-element elementor-element-96f80b1 e-con-full e-flex e-con e-child\" data-id=\"96f80b1\" data-element_type=\"container\" data-e-type=\"container\">\n\t\t\t\t<div class=\"elementor-element elementor-element-4ef9e05 elementor-widget elementor-widget-heading\" data-id=\"4ef9e05\" data-element_type=\"widget\" data-e-type=\"widget\" data-widget_type=\"heading.default\">\n\t\t\t\t\t<h2 class=\"elementor-heading-title elementor-size-default\">02<\/h2>\t\t\t\t<\/div>\n\t\t\t\t<div class=\"elementor-element elementor-element-1332379 elementor-widget elementor-widget-heading\" data-id=\"1332379\" data-element_type=\"widget\" data-e-type=\"widget\" data-widget_type=\"heading.default\">\n\t\t\t\t\t<h2 class=\"elementor-heading-title elementor-size-default\">Constitui\u00e7\u00e3o do Estado de Goi\u00e1s<\/h2>\t\t\t\t<\/div>\n\t\t\t\t<\/div>\n\t\t<div class=\"elementor-element elementor-element-9b24bf8 e-con-full e-flex e-con e-child\" data-id=\"9b24bf8\" data-element_type=\"container\" data-e-type=\"container\">\n\t\t\t\t<div class=\"elementor-element elementor-element-9afda02 elementor-widget elementor-widget-heading\" data-id=\"9afda02\" data-element_type=\"widget\" data-e-type=\"widget\" data-widget_type=\"heading.default\">\n\t\t\t\t\t<h2 class=\"elementor-heading-title elementor-size-default\">03<\/h2>\t\t\t\t<\/div>\n\t\t\t\t<div class=\"elementor-element elementor-element-aa6f995 elementor-widget elementor-widget-heading\" data-id=\"aa6f995\" data-element_type=\"widget\" data-e-type=\"widget\" data-widget_type=\"heading.default\">\n\t\t\t\t\t<h2 class=\"elementor-heading-title elementor-size-default\">Lei Estadual n\u00ba 16.168\/2007, que disp\u00f5e sobre a Lei Org\u00e2nica do Tribunal de Contas do Estado de Goi\u00e1s e altera\u00e7\u00f5es.<\/h2>\t\t\t\t<\/div>\n\t\t\t\t<\/div>\n\t\t<div class=\"elementor-element elementor-element-18213c5 e-con-full e-flex e-con e-child\" data-id=\"18213c5\" data-element_type=\"container\" data-e-type=\"container\">\n\t\t\t\t<div class=\"elementor-element elementor-element-31cac90 elementor-widget elementor-widget-heading\" data-id=\"31cac90\" data-element_type=\"widget\" data-e-type=\"widget\" data-widget_type=\"heading.default\">\n\t\t\t\t\t<h2 class=\"elementor-heading-title elementor-size-default\">04<\/h2>\t\t\t\t<\/div>\n\t\t\t\t<div class=\"elementor-element elementor-element-a3fa3b1 elementor-widget elementor-widget-heading\" data-id=\"a3fa3b1\" data-element_type=\"widget\" data-e-type=\"widget\" data-widget_type=\"heading.default\">\n\t\t\t\t\t<h2 class=\"elementor-heading-title elementor-size-default\">Resolu\u00e7\u00e3o Normativa n\u00ba 016\/2016 do Tribunal de Contas do Estado de Goi\u00e1s<\/h2>\t\t\t\t<\/div>\n\t\t\t\t<\/div>\n\t\t<div class=\"elementor-element elementor-element-0e739b3 e-con-full e-flex e-con e-child\" data-id=\"0e739b3\" data-element_type=\"container\" data-e-type=\"container\">\n\t\t\t\t<div class=\"elementor-element elementor-element-43ccc5d elementor-widget__width-initial elementor-widget elementor-widget-heading\" data-id=\"43ccc5d\" data-element_type=\"widget\" data-e-type=\"widget\" data-widget_type=\"heading.default\">\n\t\t\t\t\t<h2 class=\"elementor-heading-title elementor-size-default\">05<\/h2>\t\t\t\t<\/div>\n\t\t\t\t<div class=\"elementor-element elementor-element-6f4d71a elementor-widget elementor-widget-heading\" data-id=\"6f4d71a\" data-element_type=\"widget\" data-e-type=\"widget\" data-widget_type=\"heading.default\">\n\t\t\t\t\t<h2 class=\"elementor-heading-title elementor-size-default\">Instru\u00e7\u00e3o Normativa n\u00ba 45 de 09 de agosto de 2017 \u2013 Aprova a 4\u00aa Edi\u00e7\u00e3o do Manual de Procedimentos de Tomada de Contas Especial da Controladoria-Geral do Estado de Goi\u00e1s<\/h2>\t\t\t\t<\/div>\n\t\t\t\t<\/div>\n\t\t\t\t\t<\/div>\n\t\t\t\t<\/div>\n\t\t\t\t<\/div>\n\t\t","protected":false},"excerpt":{"rendered":"<p>O que \u00e9 uma Tomada de Contas Especial? A Tomada de Contas Especial \u2013 TCE \u00e9 um Processo Administrativo devidamente formalizado, com rito pr\u00f3prio, para apurar responsabilidade por ocorr\u00eancia de dano \u00e0 administra\u00e7\u00e3o p\u00fablica, com apura\u00e7\u00e3o de fatos, quantifica\u00e7\u00e3o do dano e identifica\u00e7\u00e3o dos respons\u00e1veis, com o objetivo de obter o respectivo ressarcimento. Fase interna [&hellip;]<\/p>\n","protected":false},"author":465,"featured_media":0,"parent":0,"menu_order":0,"comment_status":"closed","ping_status":"closed","template":"","meta":{"footnotes":""},"class_list":["post-291890","page","type-page","status-publish","hentry"],"rttpg_featured_image_url":null,"rttpg_author":{"display_name":"laysmendes","author_link":"https:\/\/goias.gov.br\/educacao\/author\/laysmendes\/"},"rttpg_comment":0,"rttpg_category":null,"rttpg_excerpt":"O que \u00e9 uma Tomada de Contas Especial? A Tomada de Contas Especial \u2013 TCE \u00e9 um Processo Administrativo devidamente formalizado, com rito pr\u00f3prio, para apurar responsabilidade por ocorr\u00eancia de dano \u00e0 administra\u00e7\u00e3o p\u00fablica, com apura\u00e7\u00e3o de fatos, quantifica\u00e7\u00e3o do dano e identifica\u00e7\u00e3o dos respons\u00e1veis, com o objetivo de obter o respectivo ressarcimento. Fase interna&hellip;","_links":{"self":[{"href":"https:\/\/goias.gov.br\/educacao\/wp-json\/wp\/v2\/pages\/291890","targetHints":{"allow":["GET"]}}],"collection":[{"href":"https:\/\/goias.gov.br\/educacao\/wp-json\/wp\/v2\/pages"}],"about":[{"href":"https:\/\/goias.gov.br\/educacao\/wp-json\/wp\/v2\/types\/page"}],"author":[{"embeddable":true,"href":"https:\/\/goias.gov.br\/educacao\/wp-json\/wp\/v2\/users\/465"}],"replies":[{"embeddable":true,"href":"https:\/\/goias.gov.br\/educacao\/wp-json\/wp\/v2\/comments?post=291890"}],"version-history":[{"count":2,"href":"https:\/\/goias.gov.br\/educacao\/wp-json\/wp\/v2\/pages\/291890\/revisions"}],"predecessor-version":[{"id":670132,"href":"https:\/\/goias.gov.br\/educacao\/wp-json\/wp\/v2\/pages\/291890\/revisions\/670132"}],"wp:attachment":[{"href":"https:\/\/goias.gov.br\/educacao\/wp-json\/wp\/v2\/media?parent=291890"}],"curies":[{"name":"wp","href":"https:\/\/api.w.org\/{rel}","templated":true}]}}