

{"id":27397,"date":"2024-02-05T00:24:18","date_gmt":"2024-02-05T03:24:18","guid":{"rendered":"https:\/\/siteshom.goias.gov.br\/educacao\/?page_id=27397"},"modified":"2026-01-28T15:17:54","modified_gmt":"2026-01-28T18:17:54","slug":"relatorios","status":"publish","type":"page","link":"https:\/\/goias.gov.br\/educacao\/relatorios\/","title":{"rendered":"Relat\u00f3rios"},"content":{"rendered":"\t\t<div data-elementor-type=\"wp-page\" data-elementor-id=\"27397\" class=\"elementor elementor-27397\">\n\t\t\t\t<div class=\"elementor-element elementor-element-5c29348 e-flex e-con-boxed e-con e-parent\" data-id=\"5c29348\" data-element_type=\"container\" data-e-type=\"container\">\n\t\t\t\t\t<div class=\"e-con-inner\">\n\t\t\t\t<div class=\"elementor-element elementor-element-8a0b6c3 elementor-widget elementor-widget-shortcode\" data-id=\"8a0b6c3\" data-element_type=\"widget\" data-e-type=\"widget\" data-widget_type=\"shortcode.default\">\n\t\t\t\t\t\t\t<div class=\"elementor-shortcode\"><div data-post-id=\"37986\" class=\"insert-page insert-page-37986 \"><h1 class='insert-page-title'>Relat\u00f3rios<\/h1><h1>MONITORAMENTO E AVALIA\u00c7\u00c3O<\/h1>\n<p><a href=\"https:\/\/goias.gov.br\/educacao\/wp-content\/uploads\/sites\/40\/files\/PlanoEstadualdeEducacao\/Relatorio\/1relatoriodemonitoramentodopeegoiasIMBano2017.pdf\">1\u00ba RELAT\u00d3RIO INSTITUTO MAURO BORGES 20217 PEE GOI\u00c1S<\/a><\/p>\n<p>2\u00ba\u00a0<a href=\"https:\/\/goias.gov.br\/educacao\/wp-content\/uploads\/sites\/40\/files\/Relatorios\/2-relatorio-de-monitoramento-do-pee-goias.pdf\" target=\"_blank\" rel=\"noreferrer noopener\">RELAT\u00d3RIO\u00a0 INSTITUTO MAURO BORGES 2019 PEE GOI\u00c1S\u00a0<\/a><\/p>\n<p><a href=\"https:\/\/goias.gov.br\/educacao\/wp-content\/uploads\/sites\/40\/files\/Relatorios\/1-RELATORIO-DE-MONITORAMENTO-E-AVALIACAO-DO-PEE-2016.pdf\" target=\"_blank\" rel=\"noreferrer noopener\">1\u00ba-RELAT\u00d3RIO DE MONITORAMENTO E AVALIA\u00c7\u00c3O DO PEE 2016\u00a0<\/a><\/p>\n<p><a href=\"https:\/\/goias.gov.br\/educacao\/wp-content\/uploads\/sites\/40\/files\/Relatorios\/RelatorioPEEv1-1.pdf\">2\u00ba-RELAT\u00d3RIO DE MONITORAMENTO E AVALIA\u00c7\u00c3O DO PEE 2019\u00a0<\/a><\/p>\n<p><a href=\"https:\/\/goias.gov.br\/educacao\/wp-content\/uploads\/sites\/40\/files\/PlanoEstadualdeEducacao\/Relatorio\/3RelatoriodeMonitoramentoeAvaliacaodoPlanoEstadualdeEducacaodeGoias%202015.2025%20--.pdf\">3\u00ba-RELAT\u00d3RIO DE MONITORAMENTO E AVALIA\u00c7\u00c3O DO PEE \u00a02023<\/a><\/p>\n<ul class='post-meta'>\n<li><span class='post-meta-key'>rank_math_internal_links_processed:<\/span> 1<\/li>\n<li><span class='post-meta-key'>tpg-post-view-count:<\/span> 292<\/li>\n<li><span class='post-meta-key'>rank_math_primary_category:<\/span> 4802<\/li>\n<li><span class='post-meta-key'>rank_math_seo_score:<\/span> 11<\/li>\n<\/ul>\n<\/div><\/div>\n\t\t\t\t\t\t<\/div>\n\t\t\t\t\t<\/div>\n\t\t\t\t<\/div>\n\t\t\t\t<\/div>\n\t\t","protected":false},"excerpt":{"rendered":"","protected":false},"author":222,"featured_media":0,"parent":0,"menu_order":0,"comment_status":"closed","ping_status":"closed","template":"wppb_theme_template","meta":{"footnotes":""},"class_list":["post-27397","page","type-page","status-publish","hentry"],"rttpg_featured_image_url":null,"rttpg_author":{"display_name":"diegomsilva","author_link":"https:\/\/goias.gov.br\/educacao\/author\/diegomsilva\/"},"rttpg_comment":0,"rttpg_category":"","rttpg_excerpt":null,"_links":{"self":[{"href":"https:\/\/goias.gov.br\/educacao\/wp-json\/wp\/v2\/pages\/27397","targetHints":{"allow":["GET"]}}],"collection":[{"href":"https:\/\/goias.gov.br\/educacao\/wp-json\/wp\/v2\/pages"}],"about":[{"href":"https:\/\/goias.gov.br\/educacao\/wp-json\/wp\/v2\/types\/page"}],"author":[{"embeddable":true,"href":"https:\/\/goias.gov.br\/educacao\/wp-json\/wp\/v2\/users\/222"}],"replies":[{"embeddable":true,"href":"https:\/\/goias.gov.br\/educacao\/wp-json\/wp\/v2\/comments?post=27397"}],"version-history":[{"count":2,"href":"https:\/\/goias.gov.br\/educacao\/wp-json\/wp\/v2\/pages\/27397\/revisions"}],"predecessor-version":[{"id":667490,"href":"https:\/\/goias.gov.br\/educacao\/wp-json\/wp\/v2\/pages\/27397\/revisions\/667490"}],"wp:attachment":[{"href":"https:\/\/goias.gov.br\/educacao\/wp-json\/wp\/v2\/media?parent=27397"}],"curies":[{"name":"wp","href":"https:\/\/api.w.org\/{rel}","templated":true}]}}