

{"id":27327,"date":"2024-02-04T14:53:10","date_gmt":"2024-02-04T17:53:10","guid":{"rendered":"https:\/\/siteshom.goias.gov.br\/educacao\/?page_id=27327"},"modified":"2026-01-28T15:50:54","modified_gmt":"2026-01-28T18:50:54","slug":"protagonismo-juvenil","status":"publish","type":"page","link":"https:\/\/goias.gov.br\/educacao\/protagonismo-juvenil\/","title":{"rendered":"Protagonismo Juvenil"},"content":{"rendered":"\t\t<div data-elementor-type=\"wp-page\" data-elementor-id=\"27327\" class=\"elementor elementor-27327\">\n\t\t\t\t<div class=\"elementor-element elementor-element-a17b74d e-flex e-con-boxed e-con e-parent\" data-id=\"a17b74d\" data-element_type=\"container\" data-e-type=\"container\">\n\t\t\t\t\t<div class=\"e-con-inner\">\n\t\t\t\t<div class=\"elementor-element elementor-element-66976fa elementor-widget elementor-widget-image\" data-id=\"66976fa\" data-element_type=\"widget\" data-e-type=\"widget\" data-widget_type=\"image.default\">\n\t\t\t\t\t\t\t\t\t\t\t\t\t\t\t<img decoding=\"async\" src=\"https:\/\/goias.gov.br\/educacao\/wp-content\/uploads\/sites\/40\/2024\/03\/banner-pag.-protagonismo-juvenil-02-01-scaled.jpg\" title=\"\" alt=\"\" loading=\"lazy\" \/>\t\t\t\t\t\t\t\t\t\t\t\t\t\t\t<\/div>\n\t\t\t\t<div class=\"elementor-element elementor-element-7d7f097 elementor-widget elementor-widget-text-editor\" data-id=\"7d7f097\" data-element_type=\"widget\" data-e-type=\"widget\" data-widget_type=\"text-editor.default\">\n\t\t\t\t\t\t\t\t\t<section id=\"section-id-1687809848211\" class=\"sppb-section \"><div class=\"sppb-row-container\"><div class=\"sppb-row\"><div class=\"sppb-col-md-12\"><div id=\"column-id-1687809848210\" class=\"sppb-column\"><div class=\"sppb-column-addons\"><div id=\"sppb-addon-1687803782799\" class=\"clearfix\"><div class=\"sppb-addon sppb-addon-text-block 0 \"><div class=\"sppb-addon-content\"><div><p>O protagonismo juvenil \u00e9 um fen\u00f4meno cada vez mais evidente em diversas \u00e1reas da sociedade, incluindo o estado de Goi\u00e1s. Os jovens goianos t\u00eam demonstrado uma not\u00e1vel capacidade de se envolver e liderar iniciativas em suas comunidades, trazendo contribui\u00e7\u00f5es significativas para o desenvolvimento social, cultural e econ\u00f4mico da regi\u00e3o.<\/p><\/div><div>Em Goi\u00e1s, diversas organiza\u00e7\u00f5es e programas t\u00eam se dedicado a incentivar e promover o protagonismo juvenil. Por meio de projetos de educa\u00e7\u00e3o, capacita\u00e7\u00e3o e engajamento c\u00edvico, os jovens s\u00e3o encorajados a expressar suas opini\u00f5es, identificar problemas em suas comunidades e buscar solu\u00e7\u00f5es inovadoras.<\/div><\/div><\/div><\/div><\/div><\/div><\/div><\/div><\/div><\/section><section id=\"section-id-1687803782804\" class=\"sppb-section \"><div class=\"sppb-row-container\"><div class=\"sppb-row\"><div class=\"sppb-col-md-12\"><div id=\"column-id-1687803782803\" class=\"sppb-column\"><div class=\"sppb-column-addons\"><div id=\"sppb-addon-1687803782807\" class=\"clearfix\"><div class=\"sppb-addon sppb-addon-text-block 0 \"><div class=\"sppb-addon-content\"><div><p>Al\u00e9m disso, \u00e9 not\u00e1vel o protagonismo juvenil no empreendedorismo e na inova\u00e7\u00e3o. Jovens empreendedores t\u00eam surgido em Goi\u00e1s, criando startups, neg\u00f3cios sociais e tecnol\u00f3gicos que contribuem para a gera\u00e7\u00e3o de empregos, o crescimento econ\u00f4mico e a transforma\u00e7\u00e3o digital no estado.<\/p><\/div><div><p>Apesar dos avan\u00e7os, \u00e9 importante ressaltar que ainda existem desafios a serem superados. \u00c9 fundamental que haja um apoio cont\u00ednuo, para garantir que os jovens tenham acesso a oportunidades educacionais, culturais e econ\u00f4micas que fortale\u00e7am seu protagonismo.<\/p><\/div><div><p>Em resumo, o protagonismo juvenil em Goi\u00e1s \u00e9 um fen\u00f4meno din\u00e2mico e promissor. Os jovens goianos t\u00eam demonstrado uma capacidade \u00fanica de lideran\u00e7a, engajamento e inova\u00e7\u00e3o. Ao valorizar e investir no potencial da juventude, Goi\u00e1s estar\u00e1 contribuindo para um futuro mais participativo, inclusivo e pr\u00f3spero para todos.<\/p><p><a href=\"https:\/\/goias.gov.br\/educacao\/wp-content\/uploads\/sites\/40\/files\/documentos\/ProtagonismoJuvenil\/Guia2024v2.pdf\">Guia 2024<\/a><\/p><p><a href=\"https:\/\/goias.gov.br\/educacao\/wp-content\/uploads\/sites\/40\/files\/documentos\/ProtagonismoJuvenil\/AcoesdaCoju2023.pdf\">A\u00e7\u00f5es COJU 2023<\/a><\/p><p><a href=\"https:\/\/goias.gov.br\/educacao\/wp-content\/uploads\/sites\/40\/files\/documentos\/ProtagonismoJuvenil\/Guia2023.pdf\" target=\"_blank\" rel=\"noopener noreferrer\">PROTAGONISMO JUVENIL &#8211; GUIA DE A\u00c7\u00d5ES- 2023\u00a0<\/a><\/p><\/div><\/div><\/div><\/div><\/div><\/div><\/div><\/div><\/div><\/section>\t\t\t\t\t\t\t\t<\/div>\n\t\t\t\t\t<\/div>\n\t\t\t\t<\/div>\n\t\t\t\t<\/div>\n\t\t","protected":false},"excerpt":{"rendered":"<p>O protagonismo juvenil \u00e9 um fen\u00f4meno cada vez mais evidente em diversas \u00e1reas da sociedade, incluindo o estado de Goi\u00e1s. Os jovens goianos t\u00eam demonstrado uma not\u00e1vel capacidade de se envolver e liderar iniciativas em suas comunidades, trazendo contribui\u00e7\u00f5es significativas para o desenvolvimento social, cultural e econ\u00f4mico da regi\u00e3o. Em Goi\u00e1s, diversas organiza\u00e7\u00f5es e programas [&hellip;]<\/p>\n","protected":false},"author":222,"featured_media":0,"parent":0,"menu_order":0,"comment_status":"closed","ping_status":"closed","template":"wppb_theme_template","meta":{"footnotes":""},"class_list":["post-27327","page","type-page","status-publish","hentry"],"rttpg_featured_image_url":null,"rttpg_author":{"display_name":"diegomsilva","author_link":"https:\/\/goias.gov.br\/educacao\/author\/diegomsilva\/"},"rttpg_comment":0,"rttpg_category":null,"rttpg_excerpt":"O protagonismo juvenil \u00e9 um fen\u00f4meno cada vez mais evidente em diversas \u00e1reas da sociedade, incluindo o estado de Goi\u00e1s. Os jovens goianos t\u00eam demonstrado uma not\u00e1vel capacidade de se envolver e liderar iniciativas em suas comunidades, trazendo contribui\u00e7\u00f5es significativas para o desenvolvimento social, cultural e econ\u00f4mico da regi\u00e3o. Em Goi\u00e1s, diversas organiza\u00e7\u00f5es e programas&hellip;","_links":{"self":[{"href":"https:\/\/goias.gov.br\/educacao\/wp-json\/wp\/v2\/pages\/27327","targetHints":{"allow":["GET"]}}],"collection":[{"href":"https:\/\/goias.gov.br\/educacao\/wp-json\/wp\/v2\/pages"}],"about":[{"href":"https:\/\/goias.gov.br\/educacao\/wp-json\/wp\/v2\/types\/page"}],"author":[{"embeddable":true,"href":"https:\/\/goias.gov.br\/educacao\/wp-json\/wp\/v2\/users\/222"}],"replies":[{"embeddable":true,"href":"https:\/\/goias.gov.br\/educacao\/wp-json\/wp\/v2\/comments?post=27327"}],"version-history":[{"count":2,"href":"https:\/\/goias.gov.br\/educacao\/wp-json\/wp\/v2\/pages\/27327\/revisions"}],"predecessor-version":[{"id":668064,"href":"https:\/\/goias.gov.br\/educacao\/wp-json\/wp\/v2\/pages\/27327\/revisions\/668064"}],"wp:attachment":[{"href":"https:\/\/goias.gov.br\/educacao\/wp-json\/wp\/v2\/media?parent=27327"}],"curies":[{"name":"wp","href":"https:\/\/api.w.org\/{rel}","templated":true}]}}