

{"id":27176,"date":"2024-02-01T15:43:09","date_gmt":"2024-02-01T18:43:09","guid":{"rendered":"https:\/\/siteshom.goias.gov.br\/educacao\/?page_id=27176"},"modified":"2026-01-30T15:07:23","modified_gmt":"2026-01-30T18:07:23","slug":"apresentacao-plano-emergencial-de-atendimento","status":"publish","type":"page","link":"https:\/\/goias.gov.br\/educacao\/apresentacao-plano-emergencial-de-atendimento\/","title":{"rendered":"Apresenta\u00e7\u00e3o Plano Emergencial de Atendimento"},"content":{"rendered":"\t\t<div data-elementor-type=\"wp-page\" data-elementor-id=\"27176\" class=\"elementor elementor-27176\">\n\t\t\t\t<div class=\"elementor-element elementor-element-499460c e-flex e-con-boxed e-con e-parent\" data-id=\"499460c\" data-element_type=\"container\" data-e-type=\"container\">\n\t\t\t\t\t<div class=\"e-con-inner\">\n\t\t\t\t<div class=\"elementor-element elementor-element-2633d1f elementor-widget elementor-widget-image\" data-id=\"2633d1f\" data-element_type=\"widget\" data-e-type=\"widget\" data-widget_type=\"image.default\">\n\t\t\t\t\t\t\t\t\t\t\t\t\t\t\t<img decoding=\"async\" src=\"https:\/\/goias.gov.br\/educacao\/wp-content\/uploads\/sites\/40\/2024\/09\/Programa-Reformar-1150-%C3%97-200-px-12.png\" title=\"\" alt=\"\" loading=\"lazy\" \/>\t\t\t\t\t\t\t\t\t\t\t\t\t\t\t<\/div>\n\t\t\t\t<div class=\"elementor-element elementor-element-480a309 elementor-widget elementor-widget-heading\" data-id=\"480a309\" data-element_type=\"widget\" data-e-type=\"widget\" data-widget_type=\"heading.default\">\n\t\t\t\t\t<h1 class=\"elementor-heading-title elementor-size-default\">Apresenta\u00e7\u00e3o<\/h1>\t\t\t\t<\/div>\n\t\t\t\t<div class=\"elementor-element elementor-element-d6b4de9 elementor-widget elementor-widget-text-editor\" data-id=\"d6b4de9\" data-element_type=\"widget\" data-e-type=\"widget\" data-widget_type=\"text-editor.default\">\n\t\t\t\t\t\t\t\t\t<h3><strong>Apresenta\u00e7\u00e3o<\/strong><\/h3><p><strong><br \/><\/strong>A Secretaria de Estado da Educa\u00e7\u00e3o de Goi\u00e1s (Seduc) desenvolve o Plano de Atendimento a Emerg\u00eancias (PAE) com o qual apresenta \u00e0 comunidade escolar orienta\u00e7\u00f5es com vistas a contribuir para o melhor atendimento poss\u00edvel em situa\u00e7\u00f5es emergenciais ocorridas no ambiente escolar.\u00a0<\/p><div><p>O objetivo \u00e9 informar aos gestores, professores, servidores e aos estudantes sobre medidas a serem adotadas para preven\u00e7\u00e3o e ou cuidados em ocorr\u00eancias que atentem contra a seguran\u00e7a, a integridade e o bem-estar de todos nas escolas da rede p\u00fablica estadual.<\/p><\/div><div>Nessas situa\u00e7\u00f5es, para al\u00e9m de acionar de forma r\u00e1pida e eficiente o servi\u00e7o m\u00e9dico, familiares e respons\u00e1veis, autoridades civis e policiais, os gestores e demais profissionais da unidade escolar podem encaminhar, de forma adequada, alguns primeiros socorros e provid\u00eancias at\u00e9 que o efetivo atendimento t\u00e9cnico-qualificado seja realizado.<br \/>\u00a0<\/div><div>As equipes gestoras das escolas estaduais t\u00eam um papel relevante ainda antes de eventuais ocorr\u00eancias, podendo identificar e mesmo prevenir situa\u00e7\u00f5es de risco para a seguran\u00e7a, sa\u00fade e integridade de todos na escola e suas imedia\u00e7\u00f5es. \u00c9 pensando nessa atua\u00e7\u00e3o que a Seduc organizou esta cartilha.<\/div><div><p>A escola tem uma grande responsabilidade perante toda a comunidade e, durante as aulas e atividades, acidentes e outras intercorr\u00eancias muitas vezes n\u00e3o t\u00eam como ser evitados. A cartilha vai ajudar as escolas p\u00fablicas estaduais a enfrentarem, com informa\u00e7\u00f5es importantes e encaminhamentos apropriados, essas situa\u00e7\u00f5es adversas que possam vir a ocorrer.\u00a0<\/p><\/div><div>Clique abaixo e acesse o conte\u00fado<\/div>\t\t\t\t\t\t\t\t<\/div>\n\t\t<div class=\"elementor-element elementor-element-2810f0b e-con-full e-flex e-con e-child\" data-id=\"2810f0b\" data-element_type=\"container\" data-e-type=\"container\">\n\t\t\t\t<div class=\"elementor-element elementor-element-38485dd elementor-widget elementor-widget-image\" data-id=\"38485dd\" data-element_type=\"widget\" data-e-type=\"widget\" data-widget_type=\"image.default\">\n\t\t\t\t\t\t\t\t\t\t\t\t\t\t\t\t<a href=\"https:\/\/goias.gov.br\/educacao\/wp-content\/uploads\/sites\/40\/files\/ManuaisdeOrientacao\/Plano%20Emergencial%20de%20Atendimento%20GESAUDE.pdf\" target=\"_blank\">\n\t\t\t\t\t\t\t<img decoding=\"async\" src=\"https:\/\/goias.gov.br\/educacao\/wp-content\/uploads\/sites\/40\/2024\/09\/videos-2024-09-09T151151.449.png\" title=\"\" alt=\"\" loading=\"lazy\" \/>\t\t\t\t\t\t\t\t<\/a>\n\t\t\t\t\t\t\t\t\t\t\t\t\t\t\t<\/div>\n\t\t\t\t<\/div>\n\t\t\t\t\t<\/div>\n\t\t\t\t<\/div>\n\t\t\t\t<\/div>\n\t\t","protected":false},"excerpt":{"rendered":"<p>Apresenta\u00e7\u00e3o Apresenta\u00e7\u00e3o A Secretaria de Estado da Educa\u00e7\u00e3o de Goi\u00e1s (Seduc) desenvolve o Plano de Atendimento a Emerg\u00eancias (PAE) com o qual apresenta \u00e0 comunidade escolar orienta\u00e7\u00f5es com vistas a contribuir para o melhor atendimento poss\u00edvel em situa\u00e7\u00f5es emergenciais ocorridas no ambiente escolar.\u00a0 O objetivo \u00e9 informar aos gestores, professores, servidores e aos estudantes sobre [&hellip;]<\/p>\n","protected":false},"author":222,"featured_media":0,"parent":0,"menu_order":0,"comment_status":"closed","ping_status":"closed","template":"wppb_theme_template","meta":{"footnotes":""},"class_list":["post-27176","page","type-page","status-publish","hentry"],"rttpg_featured_image_url":null,"rttpg_author":{"display_name":"diegomsilva","author_link":"https:\/\/goias.gov.br\/educacao\/author\/diegomsilva\/"},"rttpg_comment":0,"rttpg_category":null,"rttpg_excerpt":"Apresenta\u00e7\u00e3o Apresenta\u00e7\u00e3o A Secretaria de Estado da Educa\u00e7\u00e3o de Goi\u00e1s (Seduc) desenvolve o Plano de Atendimento a Emerg\u00eancias (PAE) com o qual apresenta \u00e0 comunidade escolar orienta\u00e7\u00f5es com vistas a contribuir para o melhor atendimento poss\u00edvel em situa\u00e7\u00f5es emergenciais ocorridas no ambiente escolar.\u00a0 O objetivo \u00e9 informar aos gestores, professores, servidores e aos estudantes sobre&hellip;","_links":{"self":[{"href":"https:\/\/goias.gov.br\/educacao\/wp-json\/wp\/v2\/pages\/27176","targetHints":{"allow":["GET"]}}],"collection":[{"href":"https:\/\/goias.gov.br\/educacao\/wp-json\/wp\/v2\/pages"}],"about":[{"href":"https:\/\/goias.gov.br\/educacao\/wp-json\/wp\/v2\/types\/page"}],"author":[{"embeddable":true,"href":"https:\/\/goias.gov.br\/educacao\/wp-json\/wp\/v2\/users\/222"}],"replies":[{"embeddable":true,"href":"https:\/\/goias.gov.br\/educacao\/wp-json\/wp\/v2\/comments?post=27176"}],"version-history":[{"count":3,"href":"https:\/\/goias.gov.br\/educacao\/wp-json\/wp\/v2\/pages\/27176\/revisions"}],"predecessor-version":[{"id":679905,"href":"https:\/\/goias.gov.br\/educacao\/wp-json\/wp\/v2\/pages\/27176\/revisions\/679905"}],"wp:attachment":[{"href":"https:\/\/goias.gov.br\/educacao\/wp-json\/wp\/v2\/media?parent=27176"}],"curies":[{"name":"wp","href":"https:\/\/api.w.org\/{rel}","templated":true}]}}