

{"id":27075,"date":"2024-01-31T09:41:49","date_gmt":"2024-01-31T12:41:49","guid":{"rendered":"https:\/\/siteshom.goias.gov.br\/educacao\/?page_id=27075"},"modified":"2026-02-04T14:12:37","modified_gmt":"2026-02-04T17:12:37","slug":"videos-alfamais","status":"publish","type":"page","link":"https:\/\/goias.gov.br\/educacao\/videos-alfamais\/","title":{"rendered":"V\u00eddeos &#8211; AlfaMais"},"content":{"rendered":"\t\t<div data-elementor-type=\"wp-page\" data-elementor-id=\"27075\" class=\"elementor elementor-27075\">\n\t\t\t\t<div class=\"elementor-element elementor-element-c568ee3 e-con-full e-flex e-con e-parent\" data-id=\"c568ee3\" data-element_type=\"container\" data-e-type=\"container\" data-settings=\"{&quot;background_background&quot;:&quot;classic&quot;}\">\n\t\t\t\t<\/div>\n\t\t<div class=\"elementor-element elementor-element-540cbb7 e-flex e-con-boxed e-con e-parent\" data-id=\"540cbb7\" data-element_type=\"container\" data-e-type=\"container\">\n\t\t\t\t\t<div class=\"e-con-inner\">\n\t\t<div class=\"elementor-element elementor-element-ce5aea5 e-con-full e-flex e-con e-child\" data-id=\"ce5aea5\" data-element_type=\"container\" data-e-type=\"container\">\n\t\t\t\t<div class=\"elementor-element elementor-element-c1c940b elementor-widget elementor-widget-image\" data-id=\"c1c940b\" data-element_type=\"widget\" data-e-type=\"widget\" data-widget_type=\"image.default\">\n\t\t\t\t\t\t\t\t\t\t\t\t\t\t\t<img decoding=\"async\" src=\"https:\/\/goias.gov.br\/educacao\/wp-content\/uploads\/sites\/40\/2024\/03\/grupo-2114.png\" title=\"\" alt=\"\" loading=\"lazy\" \/>\t\t\t\t\t\t\t\t\t\t\t\t\t\t\t<\/div>\n\t\t\t\t<\/div>\n\t\t<div class=\"elementor-element elementor-element-7a20f4d e-con-full e-flex e-con e-child\" data-id=\"7a20f4d\" data-element_type=\"container\" data-e-type=\"container\">\n\t\t\t\t<div class=\"elementor-element elementor-element-cc95e09 elementor-widget elementor-widget-image\" data-id=\"cc95e09\" data-element_type=\"widget\" data-e-type=\"widget\" data-widget_type=\"image.default\">\n\t\t\t\t\t\t\t\t\t\t\t\t\t\t\t<img decoding=\"async\" src=\"https:\/\/goias.gov.br\/educacao\/wp-content\/uploads\/sites\/40\/2024\/03\/grupo-2137.png\" title=\"\" alt=\"\" loading=\"lazy\" \/>\t\t\t\t\t\t\t\t\t\t\t\t\t\t\t<\/div>\n\t\t\t\t<\/div>\n\t\t\t\t\t<\/div>\n\t\t\t\t<\/div>\n\t\t<div class=\"elementor-element elementor-element-fe5c77b e-flex e-con-boxed e-con e-parent\" data-id=\"fe5c77b\" data-element_type=\"container\" data-e-type=\"container\">\n\t\t\t\t\t<div class=\"e-con-inner\">\n\t\t<div class=\"elementor-element elementor-element-9e0b9b1 e-con-full e-flex e-con e-child\" data-id=\"9e0b9b1\" data-element_type=\"container\" data-e-type=\"container\">\n\t\t\t\t<div class=\"elementor-element elementor-element-de13277 elementor-widget elementor-widget-heading\" data-id=\"de13277\" data-element_type=\"widget\" data-e-type=\"widget\" data-widget_type=\"heading.default\">\n\t\t\t\t\t<h4 class=\"elementor-heading-title elementor-size-default\">Alfa Mais - A aprendizagem inicial da l\u00edngua escrita com crian\u00e7as de 4 e 5 anos<\/h4>\t\t\t\t<\/div>\n\t\t\t\t<div class=\"elementor-element elementor-element-8fae019 elementor-widget elementor-widget-video\" data-id=\"8fae019\" data-element_type=\"widget\" data-e-type=\"widget\" data-settings=\"{&quot;youtube_url&quot;:&quot;https:\\\/\\\/youtu.be\\\/yvO18v0yyho&quot;,&quot;video_type&quot;:&quot;youtube&quot;,&quot;controls&quot;:&quot;yes&quot;}\" data-widget_type=\"video.default\">\n\t\t\t\t\t\t\t<div class=\"elementor-wrapper elementor-open-inline\">\n\t\t\t<div class=\"elementor-video\"><\/div>\t\t<\/div>\n\t\t\t\t\t\t<\/div>\n\t\t\t\t<\/div>\n\t\t<div class=\"elementor-element elementor-element-9a052f9 e-con-full e-flex e-con e-child\" data-id=\"9a052f9\" data-element_type=\"container\" data-e-type=\"container\">\n\t\t\t\t<div class=\"elementor-element elementor-element-d280838 elementor-widget elementor-widget-heading\" data-id=\"d280838\" data-element_type=\"widget\" data-e-type=\"widget\" data-widget_type=\"heading.default\">\n\t\t\t\t\t<h4 class=\"elementor-heading-title elementor-size-default\">Alfa Mais \nLeitura: da compreens\u00e3o \u00e0 flu\u00eancia<\/h4>\t\t\t\t<\/div>\n\t\t\t\t<div class=\"elementor-element elementor-element-d1f2853 elementor-widget elementor-widget-video\" data-id=\"d1f2853\" data-element_type=\"widget\" data-e-type=\"widget\" data-settings=\"{&quot;youtube_url&quot;:&quot;https:\\\/\\\/youtu.be\\\/QRfCVPEyCsc&quot;,&quot;video_type&quot;:&quot;youtube&quot;,&quot;controls&quot;:&quot;yes&quot;}\" data-widget_type=\"video.default\">\n\t\t\t\t\t\t\t<div class=\"elementor-wrapper elementor-open-inline\">\n\t\t\t<div class=\"elementor-video\"><\/div>\t\t<\/div>\n\t\t\t\t\t\t<\/div>\n\t\t\t\t<\/div>\n\t\t<div class=\"elementor-element elementor-element-e40871c e-con-full e-flex e-con e-child\" data-id=\"e40871c\" data-element_type=\"container\" data-e-type=\"container\">\n\t\t\t\t<div class=\"elementor-element elementor-element-e99355b elementor-widget elementor-widget-heading\" data-id=\"e99355b\" data-element_type=\"widget\" data-e-type=\"widget\" data-widget_type=\"heading.default\">\n\t\t\t\t\t<h4 class=\"elementor-heading-title elementor-size-default\">Alfa Mais - a coopera\u00e7\u00e3o entre estado e munic\u00edpio: perspectivas para promo\u00e7\u00e3o da alfabetiza\u00e7\u00e3o.<\/h4>\t\t\t\t<\/div>\n\t\t\t\t<div class=\"elementor-element elementor-element-9379e53 elementor-widget elementor-widget-video\" data-id=\"9379e53\" data-element_type=\"widget\" data-e-type=\"widget\" data-settings=\"{&quot;youtube_url&quot;:&quot;https:\\\/\\\/youtu.be\\\/8qTZI76RyQg&quot;,&quot;video_type&quot;:&quot;youtube&quot;,&quot;controls&quot;:&quot;yes&quot;}\" data-widget_type=\"video.default\">\n\t\t\t\t\t\t\t<div class=\"elementor-wrapper elementor-open-inline\">\n\t\t\t<div class=\"elementor-video\"><\/div>\t\t<\/div>\n\t\t\t\t\t\t<\/div>\n\t\t\t\t<\/div>\n\t\t<div class=\"elementor-element elementor-element-4ce9386 e-con-full e-flex e-con e-child\" data-id=\"4ce9386\" data-element_type=\"container\" data-e-type=\"container\">\n\t\t\t\t<div class=\"elementor-element elementor-element-4a72852 elementor-widget elementor-widget-heading\" data-id=\"4a72852\" data-element_type=\"widget\" data-e-type=\"widget\" data-widget_type=\"heading.default\">\n\t\t\t\t\t<h4 class=\"elementor-heading-title elementor-size-default\">Alfa Mais - Palestra: Por que alfabetizar na idade certa?<\/h4>\t\t\t\t<\/div>\n\t\t\t\t<div class=\"elementor-element elementor-element-4484ea8 elementor-widget elementor-widget-video\" data-id=\"4484ea8\" data-element_type=\"widget\" data-e-type=\"widget\" data-settings=\"{&quot;youtube_url&quot;:&quot;https:\\\/\\\/youtu.be\\\/xhh1f21WaZA&quot;,&quot;video_type&quot;:&quot;youtube&quot;,&quot;controls&quot;:&quot;yes&quot;}\" data-widget_type=\"video.default\">\n\t\t\t\t\t\t\t<div class=\"elementor-wrapper elementor-open-inline\">\n\t\t\t<div class=\"elementor-video\"><\/div>\t\t<\/div>\n\t\t\t\t\t\t<\/div>\n\t\t\t\t<\/div>\n\t\t<div class=\"elementor-element elementor-element-e75c67d e-con-full e-flex e-con e-child\" data-id=\"e75c67d\" data-element_type=\"container\" data-e-type=\"container\">\n\t\t\t\t<div class=\"elementor-element elementor-element-00fb6b4 elementor-widget elementor-widget-heading\" data-id=\"00fb6b4\" data-element_type=\"widget\" data-e-type=\"widget\" data-widget_type=\"heading.default\">\n\t\t\t\t\t<h4 class=\"elementor-heading-title elementor-size-default\">Alfa Mais - Palestra - Lendo o mundo da imagem \u00e0s letras<\/h4>\t\t\t\t<\/div>\n\t\t\t\t<div class=\"elementor-element elementor-element-4bdcbb5 elementor-widget elementor-widget-video\" data-id=\"4bdcbb5\" data-element_type=\"widget\" data-e-type=\"widget\" data-settings=\"{&quot;youtube_url&quot;:&quot;https:\\\/\\\/youtu.be\\\/ozHOchpajxs&quot;,&quot;video_type&quot;:&quot;youtube&quot;,&quot;controls&quot;:&quot;yes&quot;}\" data-widget_type=\"video.default\">\n\t\t\t\t\t\t\t<div class=\"elementor-wrapper elementor-open-inline\">\n\t\t\t<div class=\"elementor-video\"><\/div>\t\t<\/div>\n\t\t\t\t\t\t<\/div>\n\t\t\t\t<\/div>\n\t\t<div class=\"elementor-element elementor-element-2bae76c e-con-full e-flex e-con e-child\" data-id=\"2bae76c\" data-element_type=\"container\" data-e-type=\"container\">\n\t\t\t\t<\/div>\n\t\t\t\t\t<\/div>\n\t\t\t\t<\/div>\n\t\t<div class=\"elementor-element elementor-element-0152483 e-flex e-con-boxed e-con e-parent\" data-id=\"0152483\" data-element_type=\"container\" data-e-type=\"container\">\n\t\t\t\t\t<div class=\"e-con-inner\">\n\t\t\t\t<div class=\"elementor-element elementor-element-0314266 elementor-widget elementor-widget-image\" data-id=\"0314266\" data-element_type=\"widget\" data-e-type=\"widget\" data-widget_type=\"image.default\">\n\t\t\t\t\t\t\t\t\t\t\t\t\t\t\t\t<a href=\"\/educacao\/material-de-divulgacao\/\">\n\t\t\t\t\t\t\t<img decoding=\"async\" src=\"https:\/\/goias.gov.br\/educacao\/wp-content\/uploads\/sites\/40\/2024\/04\/voltar.png\" title=\"\" alt=\"\" loading=\"lazy\" \/>\t\t\t\t\t\t\t\t<\/a>\n\t\t\t\t\t\t\t\t\t\t\t\t\t\t\t<\/div>\n\t\t\t\t\t<\/div>\n\t\t\t\t<\/div>\n\t\t\t\t<\/div>\n\t\t","protected":false},"excerpt":{"rendered":"<p>Alfa Mais &#8211; A aprendizagem inicial da l\u00edngua escrita com crian\u00e7as de 4 e 5 anos https:\/\/youtu.be\/yvO18v0yyho Alfa Mais Leitura: da compreens\u00e3o \u00e0 flu\u00eancia https:\/\/youtu.be\/QRfCVPEyCsc Alfa Mais &#8211; a coopera\u00e7\u00e3o entre estado e munic\u00edpio: perspectivas para promo\u00e7\u00e3o da alfabetiza\u00e7\u00e3o. https:\/\/youtu.be\/8qTZI76RyQg Alfa Mais &#8211; Palestra: Por que alfabetizar na idade certa? https:\/\/youtu.be\/xhh1f21WaZA Alfa Mais &#8211; Palestra [&hellip;]<\/p>\n","protected":false},"author":222,"featured_media":0,"parent":0,"menu_order":0,"comment_status":"closed","ping_status":"closed","template":"elementor_header_footer","meta":{"footnotes":""},"class_list":["post-27075","page","type-page","status-publish","hentry"],"rttpg_featured_image_url":null,"rttpg_author":{"display_name":"diegomsilva","author_link":"https:\/\/goias.gov.br\/educacao\/author\/diegomsilva\/"},"rttpg_comment":0,"rttpg_category":null,"rttpg_excerpt":"Alfa Mais &#8211; A aprendizagem inicial da l\u00edngua escrita com crian\u00e7as de 4 e 5 anos https:\/\/youtu.be\/yvO18v0yyho Alfa Mais Leitura: da compreens\u00e3o \u00e0 flu\u00eancia https:\/\/youtu.be\/QRfCVPEyCsc Alfa Mais &#8211; a coopera\u00e7\u00e3o entre estado e munic\u00edpio: perspectivas para promo\u00e7\u00e3o da alfabetiza\u00e7\u00e3o. https:\/\/youtu.be\/8qTZI76RyQg Alfa Mais &#8211; Palestra: Por que alfabetizar na idade certa? https:\/\/youtu.be\/xhh1f21WaZA Alfa Mais &#8211; Palestra&hellip;","_links":{"self":[{"href":"https:\/\/goias.gov.br\/educacao\/wp-json\/wp\/v2\/pages\/27075","targetHints":{"allow":["GET"]}}],"collection":[{"href":"https:\/\/goias.gov.br\/educacao\/wp-json\/wp\/v2\/pages"}],"about":[{"href":"https:\/\/goias.gov.br\/educacao\/wp-json\/wp\/v2\/types\/page"}],"author":[{"embeddable":true,"href":"https:\/\/goias.gov.br\/educacao\/wp-json\/wp\/v2\/users\/222"}],"replies":[{"embeddable":true,"href":"https:\/\/goias.gov.br\/educacao\/wp-json\/wp\/v2\/comments?post=27075"}],"version-history":[{"count":2,"href":"https:\/\/goias.gov.br\/educacao\/wp-json\/wp\/v2\/pages\/27075\/revisions"}],"predecessor-version":[{"id":683628,"href":"https:\/\/goias.gov.br\/educacao\/wp-json\/wp\/v2\/pages\/27075\/revisions\/683628"}],"wp:attachment":[{"href":"https:\/\/goias.gov.br\/educacao\/wp-json\/wp\/v2\/media?parent=27075"}],"curies":[{"name":"wp","href":"https:\/\/api.w.org\/{rel}","templated":true}]}}