

{"id":27054,"date":"2024-01-30T10:33:21","date_gmt":"2024-01-30T13:33:21","guid":{"rendered":"https:\/\/siteshom.goias.gov.br\/educacao\/?page_id=27054"},"modified":"2026-01-29T08:22:20","modified_gmt":"2026-01-29T11:22:20","slug":"programa-bolsa-estudo-ue-cre","status":"publish","type":"page","link":"https:\/\/goias.gov.br\/educacao\/programa-bolsa-estudo-ue-cre\/","title":{"rendered":"Programa Bolsa Estudo &#8211; UE\/CRE"},"content":{"rendered":"\t\t<div data-elementor-type=\"wp-page\" data-elementor-id=\"27054\" class=\"elementor elementor-27054\">\n\t\t\t\t<div class=\"elementor-element elementor-element-7950cac e-flex e-con-boxed e-con e-parent\" data-id=\"7950cac\" data-element_type=\"container\" data-e-type=\"container\">\n\t\t\t\t\t<div class=\"e-con-inner\">\n\t\t<div class=\"elementor-element elementor-element-ef77b57 e-con-full e-flex e-con e-child\" data-id=\"ef77b57\" data-element_type=\"container\" data-e-type=\"container\">\n\t\t<div class=\"elementor-element elementor-element-22b0e96 e-con-full e-flex e-con e-child\" data-id=\"22b0e96\" data-element_type=\"container\" data-e-type=\"container\">\n\t\t\t\t<div class=\"elementor-element elementor-element-9bd0dea elementor-widget elementor-widget-heading\" data-id=\"9bd0dea\" data-element_type=\"widget\" data-e-type=\"widget\" data-widget_type=\"heading.default\">\n\t\t\t\t\t<h2 class=\"elementor-heading-title elementor-size-default\">SISTEMA DE CONTROLE - UNIDADE ESCOLAR<\/h2>\t\t\t\t<\/div>\n\t\t\t\t<\/div>\n\t\t<div class=\"elementor-element elementor-element-56f69dd e-con-full e-flex e-con e-child\" data-id=\"56f69dd\" data-element_type=\"container\" data-e-type=\"container\">\n\t\t<div class=\"elementor-element elementor-element-31b819f e-con-full e-flex e-con e-child\" data-id=\"31b819f\" data-element_type=\"container\" data-e-type=\"container\">\n\t\t\t\t<div class=\"elementor-element elementor-element-dafb5d7 elementor-widget elementor-widget-video\" data-id=\"dafb5d7\" data-element_type=\"widget\" data-e-type=\"widget\" data-settings=\"{&quot;youtube_url&quot;:&quot;https:\\\/\\\/www.youtube.com\\\/watch?v=M6DZu1W-euE&quot;,&quot;video_type&quot;:&quot;youtube&quot;,&quot;controls&quot;:&quot;yes&quot;}\" data-widget_type=\"video.default\">\n\t\t\t\t\t\t\t<div class=\"elementor-wrapper elementor-open-inline\">\n\t\t\t<div class=\"elementor-video\"><\/div>\t\t<\/div>\n\t\t\t\t\t\t<\/div>\n\t\t\t\t<\/div>\n\t\t<div class=\"elementor-element elementor-element-651c091 e-con-full e-flex e-con e-child\" data-id=\"651c091\" data-element_type=\"container\" data-e-type=\"container\">\n\t\t\t\t<div class=\"elementor-element elementor-element-358b7b1 elementor-widget elementor-widget-text-editor\" data-id=\"358b7b1\" data-element_type=\"widget\" data-e-type=\"widget\" data-widget_type=\"text-editor.default\">\n\t\t\t\t\t\t\t\t\t<p style=\"text-align: center;\"><span style=\"color: #ffcc00;\">ENTREGA DO CART\u00c3O<\/span><\/p><p style=\"text-align: center;\">Passo a passo de como a Unidade Escolar dever\u00e1 realizar a entrega do cart\u00e3o ao estudante<\/p>\t\t\t\t\t\t\t\t<\/div>\n\t\t\t\t<\/div>\n\t\t\t\t<\/div>\n\t\t<div class=\"elementor-element elementor-element-5ba36e1 e-con-full e-flex e-con e-child\" data-id=\"5ba36e1\" data-element_type=\"container\" data-e-type=\"container\">\n\t\t<div class=\"elementor-element elementor-element-e6c70b1 e-con-full e-flex e-con e-child\" data-id=\"e6c70b1\" data-element_type=\"container\" data-e-type=\"container\">\n\t\t\t\t<div class=\"elementor-element elementor-element-ed9824a elementor-widget elementor-widget-text-editor\" data-id=\"ed9824a\" data-element_type=\"widget\" data-e-type=\"widget\" data-widget_type=\"text-editor.default\">\n\t\t\t\t\t\t\t\t\t<p style=\"text-align: center;\"><span style=\"color: #ffcc00;\">DEVOLU\u00c7\u00c3O DO CART\u00c3O<\/span><\/p><p style=\"text-align: center;\">Como devolver o cart\u00e3o que n\u00e3o foi entregue ao estudante pelos motivos informados no sistema para a CRE.<\/p>\t\t\t\t\t\t\t\t<\/div>\n\t\t\t\t<\/div>\n\t\t<div class=\"elementor-element elementor-element-d7be51b e-con-full e-flex e-con e-child\" data-id=\"d7be51b\" data-element_type=\"container\" data-e-type=\"container\">\n\t\t\t\t<div class=\"elementor-element elementor-element-ba98490 elementor-widget elementor-widget-video\" data-id=\"ba98490\" data-element_type=\"widget\" data-e-type=\"widget\" data-settings=\"{&quot;youtube_url&quot;:&quot;https:\\\/\\\/www.youtube.com\\\/watch?v=CW_oa5a8FSk&quot;,&quot;video_type&quot;:&quot;youtube&quot;,&quot;controls&quot;:&quot;yes&quot;}\" data-widget_type=\"video.default\">\n\t\t\t\t\t\t\t<div class=\"elementor-wrapper elementor-open-inline\">\n\t\t\t<div class=\"elementor-video\"><\/div>\t\t<\/div>\n\t\t\t\t\t\t<\/div>\n\t\t\t\t<\/div>\n\t\t\t\t<\/div>\n\t\t\t\t<\/div>\n\t\t\t\t\t<\/div>\n\t\t\t\t<\/div>\n\t\t<div class=\"elementor-element elementor-element-2304212 e-flex e-con-boxed e-con e-parent\" data-id=\"2304212\" data-element_type=\"container\" data-e-type=\"container\">\n\t\t\t\t\t<div class=\"e-con-inner\">\n\t\t<div class=\"elementor-element elementor-element-b659eb3 e-con-full e-flex e-con e-child\" data-id=\"b659eb3\" data-element_type=\"container\" data-e-type=\"container\">\n\t\t<div class=\"elementor-element elementor-element-49ac35b e-con-full e-flex e-con e-child\" data-id=\"49ac35b\" data-element_type=\"container\" data-e-type=\"container\">\n\t\t\t\t<div class=\"elementor-element elementor-element-50e66b5 elementor-widget elementor-widget-heading\" data-id=\"50e66b5\" data-element_type=\"widget\" data-e-type=\"widget\" data-widget_type=\"heading.default\">\n\t\t\t\t\t<h2 class=\"elementor-heading-title elementor-size-default\">CRE - COORDENA\u00c7\u00c3O REGIONAL DE EDUCA\u00c7\u00c3O<\/h2>\t\t\t\t<\/div>\n\t\t\t\t<\/div>\n\t\t<div class=\"elementor-element elementor-element-d135359 e-con-full e-flex e-con e-child\" data-id=\"d135359\" data-element_type=\"container\" data-e-type=\"container\">\n\t\t<div class=\"elementor-element elementor-element-4cc2519 e-con-full e-flex e-con e-child\" data-id=\"4cc2519\" data-element_type=\"container\" data-e-type=\"container\">\n\t\t\t\t<div class=\"elementor-element elementor-element-9dd6f00 elementor-widget elementor-widget-video\" data-id=\"9dd6f00\" data-element_type=\"widget\" data-e-type=\"widget\" data-settings=\"{&quot;youtube_url&quot;:&quot;https:\\\/\\\/www.youtube.com\\\/watch?v=qFHeHb8FtD4&quot;,&quot;video_type&quot;:&quot;youtube&quot;,&quot;controls&quot;:&quot;yes&quot;}\" data-widget_type=\"video.default\">\n\t\t\t\t\t\t\t<div class=\"elementor-wrapper elementor-open-inline\">\n\t\t\t<div class=\"elementor-video\"><\/div>\t\t<\/div>\n\t\t\t\t\t\t<\/div>\n\t\t\t\t<\/div>\n\t\t<div class=\"elementor-element elementor-element-11288f8 e-con-full e-flex e-con e-child\" data-id=\"11288f8\" data-element_type=\"container\" data-e-type=\"container\">\n\t\t\t\t<div class=\"elementor-element elementor-element-ce6aca8 elementor-widget elementor-widget-text-editor\" data-id=\"ce6aca8\" data-element_type=\"widget\" data-e-type=\"widget\" data-widget_type=\"text-editor.default\">\n\t\t\t\t\t\t\t\t\t<p style=\"text-align: center;\"><span style=\"color: #ffcc00;\">ENTREGA DOS MALOTES<\/span><\/p><p style=\"text-align: center;\">Entrega do Malotes com os cart\u00f5es do Programa Bolsa Estudo para as Unidades Escolares<\/p>\t\t\t\t\t\t\t\t<\/div>\n\t\t\t\t<\/div>\n\t\t\t\t<\/div>\n\t\t<div class=\"elementor-element elementor-element-238be3f e-con-full e-flex e-con e-child\" data-id=\"238be3f\" data-element_type=\"container\" data-e-type=\"container\">\n\t\t<div class=\"elementor-element elementor-element-86eeb8d e-con-full e-flex e-con e-child\" data-id=\"86eeb8d\" data-element_type=\"container\" data-e-type=\"container\">\n\t\t\t\t<div class=\"elementor-element elementor-element-7e6a1fb elementor-widget elementor-widget-text-editor\" data-id=\"7e6a1fb\" data-element_type=\"widget\" data-e-type=\"widget\" data-widget_type=\"text-editor.default\">\n\t\t\t\t\t\t\t\t\t<p style=\"text-align: center;\"><span style=\"color: #ffcc00;\">DEVOLU\u00c7\u00c3O DOS CART\u00d5ES<\/span><\/p><p style=\"text-align: center;\">Passo a passo para a CRE realizar a devolu\u00e7\u00e3o dos cart\u00f5es para a SEDUC<\/p>\t\t\t\t\t\t\t\t<\/div>\n\t\t\t\t<\/div>\n\t\t<div class=\"elementor-element elementor-element-8fe3e6e e-con-full e-flex e-con e-child\" data-id=\"8fe3e6e\" data-element_type=\"container\" data-e-type=\"container\">\n\t\t\t\t<div class=\"elementor-element elementor-element-5155b94 elementor-widget elementor-widget-video\" data-id=\"5155b94\" data-element_type=\"widget\" data-e-type=\"widget\" data-settings=\"{&quot;youtube_url&quot;:&quot;https:\\\/\\\/www.youtube.com\\\/watch?v=Ob5Hql1IUrw&quot;,&quot;video_type&quot;:&quot;youtube&quot;,&quot;controls&quot;:&quot;yes&quot;}\" data-widget_type=\"video.default\">\n\t\t\t\t\t\t\t<div class=\"elementor-wrapper elementor-open-inline\">\n\t\t\t<div class=\"elementor-video\"><\/div>\t\t<\/div>\n\t\t\t\t\t\t<\/div>\n\t\t\t\t<\/div>\n\t\t\t\t<\/div>\n\t\t\t\t<\/div>\n\t\t\t\t\t<\/div>\n\t\t\t\t<\/div>\n\t\t\t\t<\/div>\n\t\t","protected":false},"excerpt":{"rendered":"<p>SISTEMA DE CONTROLE &#8211; UNIDADE ESCOLAR https:\/\/www.youtube.com\/watch?v=M6DZu1W-euE ENTREGA DO CART\u00c3O Passo a passo de como a Unidade Escolar dever\u00e1 realizar a entrega do cart\u00e3o ao estudante DEVOLU\u00c7\u00c3O DO CART\u00c3O Como devolver o cart\u00e3o que n\u00e3o foi entregue ao estudante pelos motivos informados no sistema para a CRE. https:\/\/www.youtube.com\/watch?v=CW_oa5a8FSk CRE &#8211; COORDENA\u00c7\u00c3O REGIONAL DE EDUCA\u00c7\u00c3O https:\/\/www.youtube.com\/watch?v=qFHeHb8FtD4 [&hellip;]<\/p>\n","protected":false},"author":222,"featured_media":0,"parent":0,"menu_order":0,"comment_status":"closed","ping_status":"closed","template":"wppb_theme_template","meta":{"footnotes":""},"class_list":["post-27054","page","type-page","status-publish","hentry"],"rttpg_featured_image_url":null,"rttpg_author":{"display_name":"diegomsilva","author_link":"https:\/\/goias.gov.br\/educacao\/author\/diegomsilva\/"},"rttpg_comment":0,"rttpg_category":null,"rttpg_excerpt":"SISTEMA DE CONTROLE &#8211; UNIDADE ESCOLAR https:\/\/www.youtube.com\/watch?v=M6DZu1W-euE ENTREGA DO CART\u00c3O Passo a passo de como a Unidade Escolar dever\u00e1 realizar a entrega do cart\u00e3o ao estudante DEVOLU\u00c7\u00c3O DO CART\u00c3O Como devolver o cart\u00e3o que n\u00e3o foi entregue ao estudante pelos motivos informados no sistema para a CRE. https:\/\/www.youtube.com\/watch?v=CW_oa5a8FSk CRE &#8211; COORDENA\u00c7\u00c3O REGIONAL DE EDUCA\u00c7\u00c3O https:\/\/www.youtube.com\/watch?v=qFHeHb8FtD4&hellip;","_links":{"self":[{"href":"https:\/\/goias.gov.br\/educacao\/wp-json\/wp\/v2\/pages\/27054","targetHints":{"allow":["GET"]}}],"collection":[{"href":"https:\/\/goias.gov.br\/educacao\/wp-json\/wp\/v2\/pages"}],"about":[{"href":"https:\/\/goias.gov.br\/educacao\/wp-json\/wp\/v2\/types\/page"}],"author":[{"embeddable":true,"href":"https:\/\/goias.gov.br\/educacao\/wp-json\/wp\/v2\/users\/222"}],"replies":[{"embeddable":true,"href":"https:\/\/goias.gov.br\/educacao\/wp-json\/wp\/v2\/comments?post=27054"}],"version-history":[{"count":3,"href":"https:\/\/goias.gov.br\/educacao\/wp-json\/wp\/v2\/pages\/27054\/revisions"}],"predecessor-version":[{"id":668759,"href":"https:\/\/goias.gov.br\/educacao\/wp-json\/wp\/v2\/pages\/27054\/revisions\/668759"}],"wp:attachment":[{"href":"https:\/\/goias.gov.br\/educacao\/wp-json\/wp\/v2\/media?parent=27054"}],"curies":[{"name":"wp","href":"https:\/\/api.w.org\/{rel}","templated":true}]}}