

{"id":27046,"date":"2024-01-29T18:22:19","date_gmt":"2024-01-29T21:22:19","guid":{"rendered":"https:\/\/siteshom.goias.gov.br\/educacao\/?page_id=27046"},"modified":"2026-01-29T08:43:58","modified_gmt":"2026-01-29T11:43:58","slug":"programa-bolsa-estudo-app","status":"publish","type":"page","link":"https:\/\/goias.gov.br\/educacao\/programa-bolsa-estudo-app\/","title":{"rendered":"Programa Bolsa Estudo &#8211; APP"},"content":{"rendered":"\t\t<div data-elementor-type=\"wp-page\" data-elementor-id=\"27046\" class=\"elementor elementor-27046\">\n\t\t\t\t<div class=\"elementor-element elementor-element-0b79faa e-con-full e-flex e-con e-parent\" data-id=\"0b79faa\" data-element_type=\"container\" data-e-type=\"container\">\n\t\t<div class=\"elementor-element elementor-element-7895544 e-flex e-con-boxed e-con e-child\" data-id=\"7895544\" data-element_type=\"container\" data-e-type=\"container\">\n\t\t\t\t\t<div class=\"e-con-inner\">\n\t\t\t\t<div class=\"elementor-element elementor-element-7bef3a1 elementor-widget elementor-widget-heading\" data-id=\"7bef3a1\" data-element_type=\"widget\" data-e-type=\"widget\" data-widget_type=\"heading.default\">\n\t\t\t\t\t<h2 class=\"elementor-heading-title elementor-size-default\">COMO CADASTRAR<\/h2>\t\t\t\t<\/div>\n\t\t\t\t\t<\/div>\n\t\t\t\t<\/div>\n\t\t<div class=\"elementor-element elementor-element-3256386 e-flex e-con-boxed e-con e-child\" data-id=\"3256386\" data-element_type=\"container\" data-e-type=\"container\">\n\t\t\t\t\t<div class=\"e-con-inner\">\n\t\t<div class=\"elementor-element elementor-element-963bb3b e-con-full e-flex e-con e-child\" data-id=\"963bb3b\" data-element_type=\"container\" data-e-type=\"container\">\n\t\t\t\t<div class=\"elementor-element elementor-element-f9641eb elementor-widget elementor-widget-text-editor\" data-id=\"f9641eb\" data-element_type=\"widget\" data-e-type=\"widget\" data-widget_type=\"text-editor.default\">\n\t\t\t\t\t\t\t\t\t<p style=\"text-align: center;\">\u00c9 muito simples, basta seguir os passos abaixo:<\/p><p style=\"text-align: center;\"><span style=\"color: #ffff00;\"><span style=\"color: #ff6600;\">1.<\/span>\u00a0<\/span>Entre no app Meu Alelo.<br \/><span style=\"color: #ff6600;\">2.\u00a0<\/span>Clique no bot\u00e3o \u201cCadastre-se no Meu Alelo\u201d<br \/><span style=\"color: #ff6600;\">3.\u00a0<\/span>Preencha os dados e crie uma senha. Ela precisa ter de 6 a 10 caracteres, com pelo menos uma letra mai\u00fascula, uma min\u00fascula e um n\u00famero. Exemplo: Senha 123<\/p><p style=\"text-align: center;\">Se estiver no site https:\/\/meualelo.com.br\/ clique em: \u201cCadastrar-me\u201d (<a href=\"https:\/\/www.google.com\/url?q=https%3A%2F%2Fwww.meualelo.com.br%2F%3F_ga%3D2.35497570.292288266.1667919772-1469103798.1643398873&amp;sa=D&amp;sntz=1&amp;usg=AOvVaw3dksXuOBc2xwX64R2uwN1Q\" target=\"_blank\" rel=\"noopener\">QUERO ME CADASTRAR<\/a>) , digite seu CPF e preencha os dados para criar uma senha.<\/p>\t\t\t\t\t\t\t\t<\/div>\n\t\t\t\t<\/div>\n\t\t<div class=\"elementor-element elementor-element-6a5aee0 e-con-full e-flex e-con e-child\" data-id=\"6a5aee0\" data-element_type=\"container\" data-e-type=\"container\">\n\t\t\t\t<div class=\"elementor-element elementor-element-a64d5a6 elementor-widget elementor-widget-video\" data-id=\"a64d5a6\" data-element_type=\"widget\" data-e-type=\"widget\" data-settings=\"{&quot;youtube_url&quot;:&quot;https:\\\/\\\/www.youtube.com\\\/watch?v=wQdqqTDYz_s&quot;,&quot;video_type&quot;:&quot;youtube&quot;,&quot;controls&quot;:&quot;yes&quot;}\" data-widget_type=\"video.default\">\n\t\t\t\t\t\t\t<div class=\"elementor-wrapper elementor-open-inline\">\n\t\t\t<div class=\"elementor-video\"><\/div>\t\t<\/div>\n\t\t\t\t\t\t<\/div>\n\t\t\t\t<\/div>\n\t\t\t\t\t<\/div>\n\t\t\t\t<\/div>\n\t\t\t\t<\/div>\n\t\t<div class=\"elementor-element elementor-element-b97f95c e-con-full e-flex e-con e-parent\" data-id=\"b97f95c\" data-element_type=\"container\" data-e-type=\"container\">\n\t\t<div class=\"elementor-element elementor-element-7724fe6 e-flex e-con-boxed e-con e-child\" data-id=\"7724fe6\" data-element_type=\"container\" data-e-type=\"container\">\n\t\t\t\t\t<div class=\"e-con-inner\">\n\t\t\t\t<div class=\"elementor-element elementor-element-f42a5c7 elementor-widget elementor-widget-heading\" data-id=\"f42a5c7\" data-element_type=\"widget\" data-e-type=\"widget\" data-widget_type=\"heading.default\">\n\t\t\t\t\t<h2 class=\"elementor-heading-title elementor-size-default\">COMO DESBLOQUEAR MEU CART\u00c3O<\/h2>\t\t\t\t<\/div>\n\t\t\t\t\t<\/div>\n\t\t\t\t<\/div>\n\t\t<div class=\"elementor-element elementor-element-0e3ae51 e-flex e-con-boxed e-con e-child\" data-id=\"0e3ae51\" data-element_type=\"container\" data-e-type=\"container\">\n\t\t\t\t\t<div class=\"e-con-inner\">\n\t\t<div class=\"elementor-element elementor-element-1b1a17c e-con-full e-flex e-con e-child\" data-id=\"1b1a17c\" data-element_type=\"container\" data-e-type=\"container\">\n\t\t\t\t<div class=\"elementor-element elementor-element-18de3c1 elementor-widget elementor-widget-video\" data-id=\"18de3c1\" data-element_type=\"widget\" data-e-type=\"widget\" data-settings=\"{&quot;youtube_url&quot;:&quot;https:\\\/\\\/youtube.com\\\/watch?v=eO3jipKzPFU&quot;,&quot;video_type&quot;:&quot;youtube&quot;,&quot;controls&quot;:&quot;yes&quot;}\" data-widget_type=\"video.default\">\n\t\t\t\t\t\t\t<div class=\"elementor-wrapper elementor-open-inline\">\n\t\t\t<div class=\"elementor-video\"><\/div>\t\t<\/div>\n\t\t\t\t\t\t<\/div>\n\t\t\t\t<\/div>\n\t\t<div class=\"elementor-element elementor-element-9cedf53 e-con-full e-flex e-con e-child\" data-id=\"9cedf53\" data-element_type=\"container\" data-e-type=\"container\">\n\t\t\t\t<div class=\"elementor-element elementor-element-9b37e83 elementor-widget elementor-widget-text-editor\" data-id=\"9b37e83\" data-element_type=\"widget\" data-e-type=\"widget\" data-widget_type=\"text-editor.default\">\n\t\t\t\t\t\t\t\t\t<p style=\"text-align: center;\">O cart\u00e3o do Programa Bolsa Estudo, ser\u00e1 entregue bloqueado ao USU\u00c1RIO, sendo necess\u00e1rio seu desbloqueio para que possa ser utilizado, conforme as instru\u00e7\u00f5es abaixo.<\/p><p style=\"text-align: center;\">Para acessar o Meu Alelo, basta fazer login no app. Lembre-se que a senha do Meu Alelo \u00e9 diferente da senha do cart\u00e3o. Se for o seu primeiro acesso cadastre um novo login.<\/p><p style=\"text-align: center;\">O USU\u00c1RIO deve verificar o CPF em que o cart\u00e3o est\u00e1 cadastrado (respons\u00e1vel ou aluno). Quando a Unidade Escolar realiza a entrega do cart\u00e3o, o aluno tem que assinar o termo de entrega, e nele consta todos os dados de cadastro do estudante.<\/p>\t\t\t\t\t\t\t\t<\/div>\n\t\t\t\t<\/div>\n\t\t\t\t\t<\/div>\n\t\t\t\t<\/div>\n\t\t\t\t<\/div>\n\t\t<div class=\"elementor-element elementor-element-19b08a0 e-con-full e-flex e-con e-parent\" data-id=\"19b08a0\" data-element_type=\"container\" data-e-type=\"container\">\n\t\t<div class=\"elementor-element elementor-element-42644bb e-flex e-con-boxed e-con e-child\" data-id=\"42644bb\" data-element_type=\"container\" data-e-type=\"container\">\n\t\t\t\t\t<div class=\"e-con-inner\">\n\t\t\t\t<div class=\"elementor-element elementor-element-ba1055c elementor-widget elementor-widget-heading\" data-id=\"ba1055c\" data-element_type=\"widget\" data-e-type=\"widget\" data-widget_type=\"heading.default\">\n\t\t\t\t\t<h2 class=\"elementor-heading-title elementor-size-default\">REDEFINIR A SENHA DO CART\u00c3O<\/h2>\t\t\t\t<\/div>\n\t\t\t\t\t<\/div>\n\t\t\t\t<\/div>\n\t\t<div class=\"elementor-element elementor-element-72c1691 e-flex e-con-boxed e-con e-child\" data-id=\"72c1691\" data-element_type=\"container\" data-e-type=\"container\">\n\t\t\t\t\t<div class=\"e-con-inner\">\n\t\t<div class=\"elementor-element elementor-element-29a0efc e-con-full e-flex e-con e-child\" data-id=\"29a0efc\" data-element_type=\"container\" data-e-type=\"container\">\n\t\t\t\t<div class=\"elementor-element elementor-element-bc10d1c elementor-widget elementor-widget-text-editor\" data-id=\"bc10d1c\" data-element_type=\"widget\" data-e-type=\"widget\" data-widget_type=\"text-editor.default\">\n\t\t\t\t\t\t\t\t\t<p style=\"text-align: center;\">Precisa trocar a senha do seu cart\u00e3o Alelo atrav\u00e9s do APP MEU ALELO e n\u00e3o sabe como, basta seguir o passo a passo do v\u00eddeo.<\/p>\t\t\t\t\t\t\t\t<\/div>\n\t\t\t\t<\/div>\n\t\t<div class=\"elementor-element elementor-element-72deddc e-con-full e-flex e-con e-child\" data-id=\"72deddc\" data-element_type=\"container\" data-e-type=\"container\">\n\t\t\t\t<div class=\"elementor-element elementor-element-1352bdb elementor-widget elementor-widget-video\" data-id=\"1352bdb\" data-element_type=\"widget\" data-e-type=\"widget\" data-settings=\"{&quot;youtube_url&quot;:&quot;https:\\\/\\\/www.youtube.com\\\/watch?v=GqFXi5sIurs&quot;,&quot;video_type&quot;:&quot;youtube&quot;,&quot;controls&quot;:&quot;yes&quot;}\" data-widget_type=\"video.default\">\n\t\t\t\t\t\t\t<div class=\"elementor-wrapper elementor-open-inline\">\n\t\t\t<div class=\"elementor-video\"><\/div>\t\t<\/div>\n\t\t\t\t\t\t<\/div>\n\t\t\t\t<\/div>\n\t\t\t\t\t<\/div>\n\t\t\t\t<\/div>\n\t\t\t\t<\/div>\n\t\t<div class=\"elementor-element elementor-element-607cb31 e-con-full e-flex e-con e-parent\" data-id=\"607cb31\" data-element_type=\"container\" data-e-type=\"container\">\n\t\t<div class=\"elementor-element elementor-element-17c8971 e-flex e-con-boxed e-con e-child\" data-id=\"17c8971\" data-element_type=\"container\" data-e-type=\"container\">\n\t\t\t\t\t<div class=\"e-con-inner\">\n\t\t\t\t<div class=\"elementor-element elementor-element-beb06b9 elementor-widget elementor-widget-heading\" data-id=\"beb06b9\" data-element_type=\"widget\" data-e-type=\"widget\" data-widget_type=\"heading.default\">\n\t\t\t\t\t<h2 class=\"elementor-heading-title elementor-size-default\">REDEFINIR A SENHA DO CART\u00c3O<\/h2>\t\t\t\t<\/div>\n\t\t\t\t\t<\/div>\n\t\t\t\t<\/div>\n\t\t<div class=\"elementor-element elementor-element-60572b9 e-flex e-con-boxed e-con e-child\" data-id=\"60572b9\" data-element_type=\"container\" data-e-type=\"container\">\n\t\t\t\t\t<div class=\"e-con-inner\">\n\t\t<div class=\"elementor-element elementor-element-4c98e72 e-con-full e-flex e-con e-child\" data-id=\"4c98e72\" data-element_type=\"container\" data-e-type=\"container\">\n\t\t\t\t<div class=\"elementor-element elementor-element-933b7d7 elementor-widget elementor-widget-video\" data-id=\"933b7d7\" data-element_type=\"widget\" data-e-type=\"widget\" data-settings=\"{&quot;youtube_url&quot;:&quot;https:\\\/\\\/www.youtube.com\\\/watch?v=3myjx0WwxgQ&quot;,&quot;video_type&quot;:&quot;youtube&quot;,&quot;controls&quot;:&quot;yes&quot;}\" data-widget_type=\"video.default\">\n\t\t\t\t\t\t\t<div class=\"elementor-wrapper elementor-open-inline\">\n\t\t\t<div class=\"elementor-video\"><\/div>\t\t<\/div>\n\t\t\t\t\t\t<\/div>\n\t\t\t\t<\/div>\n\t\t<div class=\"elementor-element elementor-element-e2429e7 e-con-full e-flex e-con e-child\" data-id=\"e2429e7\" data-element_type=\"container\" data-e-type=\"container\">\n\t\t\t\t<div class=\"elementor-element elementor-element-6800243 elementor-widget elementor-widget-text-editor\" data-id=\"6800243\" data-element_type=\"widget\" data-e-type=\"widget\" data-widget_type=\"text-editor.default\">\n\t\t\t\t\t\t\t\t\t<p style=\"text-align: center;\">Voc\u00ea precisou trocar a senha e esqueceu seu email ou n\u00e3o tem mais acesso a ele? Veja como agir. Isso \u00e9 bem r\u00e1pido! Siga o passo a passo:<\/p><p style=\"text-align: center;\"><span style=\"color: #ff6600;\">I &#8211;\u00a0<\/span>Entre no app Meu Alelo ou pelo site SITE MEU ALELO<br \/><span style=\"color: #ff6600;\">II &#8211;<\/span>\u00a0Clique em \u201cEsqueci minha senha\u201d<br \/><span style=\"color: #ff6600;\">III &#8211;<\/span>\u00a0Digite o seu CPF e voc\u00ea vai receber um e-mail um link para redefini\u00e7\u00e3o de senha.<\/p><p style=\"text-align: center;\">Se voc\u00ea n\u00e3o lembra qual o e-mail cadastrou no Meu Alelo, basta na tela inicial de login do aplicativo clicar em &#8221;esqueci minha senha&#8221;, digitar o seu CPF e depois clicar em &#8216;Esqueci meu e-mail&#8217;, a\u00ed voc\u00ea vai validar algumas informa\u00e7\u00f5es de seguran\u00e7a e pronto, a altera\u00e7\u00e3o ser\u00e1 conclu\u00edda.<\/p>\t\t\t\t\t\t\t\t<\/div>\n\t\t\t\t<\/div>\n\t\t\t\t\t<\/div>\n\t\t\t\t<\/div>\n\t\t\t\t<\/div>\n\t\t<div class=\"elementor-element elementor-element-200dc3d e-con-full e-flex e-con e-parent\" data-id=\"200dc3d\" data-element_type=\"container\" data-e-type=\"container\">\n\t\t<div class=\"elementor-element elementor-element-8e01a32 e-flex e-con-boxed e-con e-child\" data-id=\"8e01a32\" data-element_type=\"container\" data-e-type=\"container\">\n\t\t\t\t\t<div class=\"e-con-inner\">\n\t\t\t\t<div class=\"elementor-element elementor-element-cb8e84c elementor-widget elementor-widget-heading\" data-id=\"cb8e84c\" data-element_type=\"widget\" data-e-type=\"widget\" data-widget_type=\"heading.default\">\n\t\t\t\t\t<h2 class=\"elementor-heading-title elementor-size-default\"> COMO CONSULTAR O SALDO E EXTRATO DO MEU CART\u00c3O?<\/h2>\t\t\t\t<\/div>\n\t\t\t\t\t<\/div>\n\t\t\t\t<\/div>\n\t\t\t\t<div class=\"elementor-element elementor-element-dd19753 elementor-widget elementor-widget-text-editor\" data-id=\"dd19753\" data-element_type=\"widget\" data-e-type=\"widget\" data-widget_type=\"text-editor.default\">\n\t\t\t\t\t\t\t\t\t<p style=\"text-align: center;\">Basta entrar no app e escolher o cart\u00e3o que voc\u00ea quer consultar o saldo, que j\u00e1 aparece automaticamente para voc\u00ea. Se quiser ver o extrato \u00e9 s\u00f3 clicar em \u201cExtrato\u201d logo abaixo do cart\u00e3o.<\/p>\t\t\t\t\t\t\t\t<\/div>\n\t\t\t\t<\/div>\n\t\t<div class=\"elementor-element elementor-element-3aa65b5 e-con-full e-flex e-con e-parent\" data-id=\"3aa65b5\" data-element_type=\"container\" data-e-type=\"container\">\n\t\t<div class=\"elementor-element elementor-element-71fb920 e-flex e-con-boxed e-con e-child\" data-id=\"71fb920\" data-element_type=\"container\" data-e-type=\"container\">\n\t\t\t\t\t<div class=\"e-con-inner\">\n\t\t\t\t<div class=\"elementor-element elementor-element-0a8d308 elementor-widget elementor-widget-heading\" data-id=\"0a8d308\" data-element_type=\"widget\" data-e-type=\"widget\" data-widget_type=\"heading.default\">\n\t\t\t\t\t<h2 class=\"elementor-heading-title elementor-size-default\">WHATSAPP ALELO<\/h2>\t\t\t\t<\/div>\n\t\t\t\t\t<\/div>\n\t\t\t\t<\/div>\n\t\t<div class=\"elementor-element elementor-element-1b296cc e-flex e-con-boxed e-con e-child\" data-id=\"1b296cc\" data-element_type=\"container\" data-e-type=\"container\">\n\t\t\t\t\t<div class=\"e-con-inner\">\n\t\t<div class=\"elementor-element elementor-element-a429736 e-con-full e-flex e-con e-child\" data-id=\"a429736\" data-element_type=\"container\" data-e-type=\"container\">\n\t\t\t\t<div class=\"elementor-element elementor-element-debcbac elementor-widget elementor-widget-video\" data-id=\"debcbac\" data-element_type=\"widget\" data-e-type=\"widget\" data-settings=\"{&quot;youtube_url&quot;:&quot;https:\\\/\\\/www.youtube.com\\\/watch?v=_xiknRq1V40&quot;,&quot;video_type&quot;:&quot;youtube&quot;,&quot;controls&quot;:&quot;yes&quot;}\" data-widget_type=\"video.default\">\n\t\t\t\t\t\t\t<div class=\"elementor-wrapper elementor-open-inline\">\n\t\t\t<div class=\"elementor-video\"><\/div>\t\t<\/div>\n\t\t\t\t\t\t<\/div>\n\t\t\t\t<\/div>\n\t\t<div class=\"elementor-element elementor-element-846fcbf e-con-full e-flex e-con e-child\" data-id=\"846fcbf\" data-element_type=\"container\" data-e-type=\"container\">\n\t\t\t\t<div class=\"elementor-element elementor-element-ed823d6 elementor-widget elementor-widget-text-editor\" data-id=\"ed823d6\" data-element_type=\"widget\" data-e-type=\"widget\" data-widget_type=\"text-editor.default\">\n\t\t\t\t\t\t\t\t\t<p style=\"text-align: center;\">Informa\u00e7\u00f5es do seu ALELO pelo WhatsApp<\/p><p style=\"text-align: center;\">Contato: (11) 4004-7733<br \/>Consultar informa\u00e7\u00f5es sobre o STATUS e saldo do cart\u00e3o.<\/p>\t\t\t\t\t\t\t\t<\/div>\n\t\t\t\t<\/div>\n\t\t\t\t\t<\/div>\n\t\t\t\t<\/div>\n\t\t\t\t<\/div>\n\t\t\t\t<\/div>\n\t\t","protected":false},"excerpt":{"rendered":"<p>COMO CADASTRAR \u00c9 muito simples, basta seguir os passos abaixo: 1.\u00a0Entre no app Meu Alelo.2.\u00a0Clique no bot\u00e3o \u201cCadastre-se no Meu Alelo\u201d3.\u00a0Preencha os dados e crie uma senha. Ela precisa ter de 6 a 10 caracteres, com pelo menos uma letra mai\u00fascula, uma min\u00fascula e um n\u00famero. Exemplo: Senha 123 Se estiver no site https:\/\/meualelo.com.br\/ clique [&hellip;]<\/p>\n","protected":false},"author":222,"featured_media":0,"parent":0,"menu_order":0,"comment_status":"closed","ping_status":"closed","template":"wppb_theme_template","meta":{"footnotes":""},"class_list":["post-27046","page","type-page","status-publish","hentry"],"rttpg_featured_image_url":null,"rttpg_author":{"display_name":"diegomsilva","author_link":"https:\/\/goias.gov.br\/educacao\/author\/diegomsilva\/"},"rttpg_comment":0,"rttpg_category":null,"rttpg_excerpt":"COMO CADASTRAR \u00c9 muito simples, basta seguir os passos abaixo: 1.\u00a0Entre no app Meu Alelo.2.\u00a0Clique no bot\u00e3o \u201cCadastre-se no Meu Alelo\u201d3.\u00a0Preencha os dados e crie uma senha. Ela precisa ter de 6 a 10 caracteres, com pelo menos uma letra mai\u00fascula, uma min\u00fascula e um n\u00famero. Exemplo: Senha 123 Se estiver no site https:\/\/meualelo.com.br\/ clique&hellip;","_links":{"self":[{"href":"https:\/\/goias.gov.br\/educacao\/wp-json\/wp\/v2\/pages\/27046","targetHints":{"allow":["GET"]}}],"collection":[{"href":"https:\/\/goias.gov.br\/educacao\/wp-json\/wp\/v2\/pages"}],"about":[{"href":"https:\/\/goias.gov.br\/educacao\/wp-json\/wp\/v2\/types\/page"}],"author":[{"embeddable":true,"href":"https:\/\/goias.gov.br\/educacao\/wp-json\/wp\/v2\/users\/222"}],"replies":[{"embeddable":true,"href":"https:\/\/goias.gov.br\/educacao\/wp-json\/wp\/v2\/comments?post=27046"}],"version-history":[{"count":2,"href":"https:\/\/goias.gov.br\/educacao\/wp-json\/wp\/v2\/pages\/27046\/revisions"}],"predecessor-version":[{"id":669171,"href":"https:\/\/goias.gov.br\/educacao\/wp-json\/wp\/v2\/pages\/27046\/revisions\/669171"}],"wp:attachment":[{"href":"https:\/\/goias.gov.br\/educacao\/wp-json\/wp\/v2\/media?parent=27046"}],"curies":[{"name":"wp","href":"https:\/\/api.w.org\/{rel}","templated":true}]}}