

{"id":27021,"date":"2024-01-29T13:38:23","date_gmt":"2024-01-29T16:38:23","guid":{"rendered":"https:\/\/siteshom.goias.gov.br\/educacao\/?page_id=27021"},"modified":"2026-01-29T09:40:01","modified_gmt":"2026-01-29T12:40:01","slug":"prestacao-de-contas","status":"publish","type":"page","link":"https:\/\/goias.gov.br\/educacao\/prestacao-de-contas\/","title":{"rendered":"Presta\u00e7\u00e3o de Contas"},"content":{"rendered":"\t\t<div data-elementor-type=\"wp-page\" data-elementor-id=\"27021\" class=\"elementor elementor-27021\">\n\t\t\t\t<div class=\"elementor-element elementor-element-f2446b1 e-flex e-con-boxed e-con e-parent\" data-id=\"f2446b1\" data-element_type=\"container\" data-e-type=\"container\" data-settings=\"{&quot;background_background&quot;:&quot;classic&quot;}\">\n\t\t\t\t\t<div class=\"e-con-inner\">\n\t\t<div class=\"elementor-element elementor-element-77b2e05 e-con-full e-flex e-con e-child\" data-id=\"77b2e05\" data-element_type=\"container\" data-e-type=\"container\">\n\t\t\t\t<div class=\"elementor-element elementor-element-3f5a417 elementor-widget elementor-widget-image\" data-id=\"3f5a417\" data-element_type=\"widget\" data-e-type=\"widget\" data-widget_type=\"image.default\">\n\t\t\t\t\t\t\t\t\t\t\t\t\t\t\t<img decoding=\"async\" src=\"https:\/\/goias.gov.br\/educacao\/wp-content\/uploads\/sites\/40\/2025\/02\/Convenios-16.png\" title=\"\" alt=\"\" loading=\"lazy\" \/>\t\t\t\t\t\t\t\t\t\t\t\t\t\t\t<\/div>\n\t\t\t\t<\/div>\n\t\t<div class=\"elementor-element elementor-element-63a6ac5 e-con-full e-flex e-con e-child\" data-id=\"63a6ac5\" data-element_type=\"container\" data-e-type=\"container\">\n\t\t\t\t<div class=\"elementor-element elementor-element-7b9ba64 elementor-widget elementor-widget-heading\" data-id=\"7b9ba64\" data-element_type=\"widget\" data-e-type=\"widget\" data-widget_type=\"heading.default\">\n\t\t\t\t\t<h2 class=\"elementor-heading-title elementor-size-default\">PRESTA\u00c7\u00c3O <\/h2>\t\t\t\t<\/div>\n\t\t\t\t<div class=\"elementor-element elementor-element-753d38d elementor-widget elementor-widget-heading\" data-id=\"753d38d\" data-element_type=\"widget\" data-e-type=\"widget\" data-widget_type=\"heading.default\">\n\t\t\t\t\t<h2 class=\"elementor-heading-title elementor-size-default\">de CONTAS<\/h2>\t\t\t\t<\/div>\n\t\t\t\t<\/div>\n\t\t<div class=\"elementor-element elementor-element-d318d3b e-con-full e-flex e-con e-child\" data-id=\"d318d3b\" data-element_type=\"container\" data-e-type=\"container\">\n\t\t\t\t<div class=\"elementor-element elementor-element-033d874 elementor-widget elementor-widget-image\" data-id=\"033d874\" data-element_type=\"widget\" data-e-type=\"widget\" data-widget_type=\"image.default\">\n\t\t\t\t\t\t\t\t\t\t\t\t\t\t\t<img decoding=\"async\" src=\"https:\/\/goias.gov.br\/educacao\/wp-content\/uploads\/sites\/40\/2025\/02\/Logo-Abreviada-Seduc-branco-1.png\" title=\"\" alt=\"\" loading=\"lazy\" \/>\t\t\t\t\t\t\t\t\t\t\t\t\t\t\t<\/div>\n\t\t\t\t<\/div>\n\t\t\t\t\t<\/div>\n\t\t\t\t<\/div>\n\t\t<div class=\"elementor-element elementor-element-55b080a e-flex e-con-boxed e-con e-parent\" data-id=\"55b080a\" data-element_type=\"container\" data-e-type=\"container\">\n\t\t\t\t\t<div class=\"e-con-inner\">\n\t\t\t\t<div class=\"elementor-element elementor-element-bf1f69d elementor-widget elementor-widget-text-editor\" data-id=\"bf1f69d\" data-element_type=\"widget\" data-e-type=\"widget\" data-widget_type=\"text-editor.default\">\n\t\t\t\t\t\t\t\t\t<p>Ambiente de suporte aos servidores da educa\u00e7\u00e3o para a presta\u00e7\u00e3o de contas dos repasses estaduais. Neste local, o servidor encontrar\u00e1 todas as informa\u00e7\u00f5es necess\u00e1rias para realizar a presta\u00e7\u00e3o de contas de forma eficiente e transparente.<\/p><p>Disponibilizamos uma s\u00e9rie de Checklists que orientam os servidores sobre a documenta\u00e7\u00e3o que deve ser apresentada durante o processo de presta\u00e7\u00e3o de contas. Esses Checklists s\u00e3o uma ferramenta \u00fatil para garantir que todos os documentos necess\u00e1rios sejam inclu\u00eddos, evitando atrasos e poss\u00edveis problemas durante a an\u00e1lise.<\/p><p>Al\u00e9m dos Checklists, tamb\u00e9m apresentamos os modelos de arquivos que devem ser preenchidos, facilitando o trabalho dos servidores no momento de organizar as informa\u00e7\u00f5es e elaborar os relat\u00f3rios necess\u00e1rios para a presta\u00e7\u00e3o de contas. Esses modelos s\u00e3o padronizados de acordo com as diretrizes estabelecidas pela Portaria n\u00ba 5887, garantindo a conformidade com as normas vigentes.<\/p><p>\u00c9 importante ressaltar que a Portaria n\u00ba 5887 \u00e9 o documento que estabelece as diretrizes para o processo de presta\u00e7\u00e3o de contas dos recursos descentralizados aos Conselhos das Coordena\u00e7\u00f5es Regionais de Educa\u00e7\u00e3o e aos Conselhos Escolares da Rede P\u00fablica Estadual de Ensino de Goi\u00e1s. Atrav\u00e9s do nosso site, voc\u00ea ter\u00e1 acesso \u00e0 \u00edntegra dessa portaria, permitindo que voc\u00ea compreenda todas as orienta\u00e7\u00f5es e requisitos necess\u00e1rios para a correta presta\u00e7\u00e3o de contas.<\/p><p>Estamos comprometidos em fornecer todas as informa\u00e7\u00f5es e recursos necess\u00e1rios para que voc\u00ea possa realizar sua presta\u00e7\u00e3o de contas de forma precisa e em conformidade com as normas estabelecidas. Caso tenha alguma d\u00favida ou precise de suporte adicional, nossa equipe est\u00e1 \u00e0 disposi\u00e7\u00e3o para ajud\u00e1-lo no que for necess\u00e1rio.<\/p>\t\t\t\t\t\t\t\t<\/div>\n\t\t\t\t\t<\/div>\n\t\t\t\t<\/div>\n\t\t<div class=\"elementor-element elementor-element-e7630f8 e-flex e-con-boxed e-con e-parent\" data-id=\"e7630f8\" data-element_type=\"container\" data-e-type=\"container\">\n\t\t\t\t\t<div class=\"e-con-inner\">\n\t\t<div class=\"elementor-element elementor-element-38da2c8 e-con-full e-flex e-con e-child\" data-id=\"38da2c8\" data-element_type=\"container\" data-e-type=\"container\" data-settings=\"{&quot;background_background&quot;:&quot;classic&quot;}\">\n\t\t\t\t<div class=\"elementor-element elementor-element-6771177 elementor-widget elementor-widget-image\" data-id=\"6771177\" data-element_type=\"widget\" data-e-type=\"widget\" data-widget_type=\"image.default\">\n\t\t\t\t\t\t\t\t\t\t\t\t\t\t\t\t<a href=\"\/educacao\/recursos-estaduais\/\" target=\"_blank\">\n\t\t\t\t\t\t\t<img decoding=\"async\" src=\"https:\/\/goias.gov.br\/educacao\/wp-content\/uploads\/sites\/40\/2025\/02\/videos-2025-02-26T095112.969.png\" title=\"\" alt=\"\" loading=\"lazy\" \/>\t\t\t\t\t\t\t\t<\/a>\n\t\t\t\t\t\t\t\t\t\t\t\t\t\t\t<\/div>\n\t\t\t\t<\/div>\n\t\t<div class=\"elementor-element elementor-element-807dc9b e-con-full e-flex e-con e-child\" data-id=\"807dc9b\" data-element_type=\"container\" data-e-type=\"container\" data-settings=\"{&quot;background_background&quot;:&quot;classic&quot;}\">\n\t\t\t\t<div class=\"elementor-element elementor-element-d644086 elementor-widget elementor-widget-image\" data-id=\"d644086\" data-element_type=\"widget\" data-e-type=\"widget\" data-widget_type=\"image.default\">\n\t\t\t\t\t\t\t\t\t\t\t\t\t\t\t\t<a href=\"\/educacao\/recursos-federais\/\" target=\"_blank\">\n\t\t\t\t\t\t\t<img decoding=\"async\" src=\"https:\/\/goias.gov.br\/educacao\/wp-content\/uploads\/sites\/40\/2025\/02\/videos-2025-02-26T132826.234.png\" title=\"\" alt=\"\" loading=\"lazy\" \/>\t\t\t\t\t\t\t\t<\/a>\n\t\t\t\t\t\t\t\t\t\t\t\t\t\t\t<\/div>\n\t\t\t\t<\/div>\n\t\t<div class=\"elementor-element elementor-element-620b6e6 e-con-full e-flex e-con e-child\" data-id=\"620b6e6\" data-element_type=\"container\" data-e-type=\"container\" data-settings=\"{&quot;background_background&quot;:&quot;classic&quot;}\">\n\t\t\t\t<div class=\"elementor-element elementor-element-3e417d1 elementor-widget elementor-widget-image\" data-id=\"3e417d1\" data-element_type=\"widget\" data-e-type=\"widget\" data-widget_type=\"image.default\">\n\t\t\t\t\t\t\t\t\t\t\t\t\t\t\t\t<a href=\"https:\/\/goias.gov.br\/educacao\/prestacao-de-contas-tomada-de-contas\/\" target=\"_blank\">\n\t\t\t\t\t\t\t<img decoding=\"async\" src=\"https:\/\/goias.gov.br\/educacao\/wp-content\/uploads\/sites\/40\/2025\/02\/videos-2025-02-26T133059.192.png\" title=\"\" alt=\"\" loading=\"lazy\" \/>\t\t\t\t\t\t\t\t<\/a>\n\t\t\t\t\t\t\t\t\t\t\t\t\t\t\t<\/div>\n\t\t\t\t<\/div>\n\t\t\t\t\t<\/div>\n\t\t\t\t<\/div>\n\t\t<div class=\"elementor-element elementor-element-139a981 e-flex e-con-boxed e-con e-parent\" data-id=\"139a981\" data-element_type=\"container\" data-e-type=\"container\">\n\t\t\t\t\t<div class=\"e-con-inner\">\n\t\t<div class=\"elementor-element elementor-element-7b31029 e-con-full e-flex e-con e-child\" data-id=\"7b31029\" data-element_type=\"container\" data-e-type=\"container\" data-settings=\"{&quot;background_background&quot;:&quot;classic&quot;}\">\n\t\t\t\t<div class=\"elementor-element elementor-element-aa6c578 elementor-widget elementor-widget-image\" data-id=\"aa6c578\" data-element_type=\"widget\" data-e-type=\"widget\" data-widget_type=\"image.default\">\n\t\t\t\t\t\t\t\t\t\t\t\t\t\t\t\t<a href=\"https:\/\/goias.gov.br\/educacao\/prestacao-de-contas-tomada-de-contas\/\" target=\"_blank\">\n\t\t\t\t\t\t\t<img decoding=\"async\" src=\"https:\/\/goias.gov.br\/educacao\/wp-content\/uploads\/sites\/40\/2025\/02\/videos-2025-02-26T132628.747.png\" title=\"\" alt=\"\" loading=\"lazy\" \/>\t\t\t\t\t\t\t\t<\/a>\n\t\t\t\t\t\t\t\t\t\t\t\t\t\t\t<\/div>\n\t\t\t\t<\/div>\n\t\t<div class=\"elementor-element elementor-element-051deba e-con-full e-flex e-con e-child\" data-id=\"051deba\" data-element_type=\"container\" data-e-type=\"container\" data-settings=\"{&quot;background_background&quot;:&quot;classic&quot;}\">\n\t\t\t\t<div class=\"elementor-element elementor-element-f0555cb elementor-widget elementor-widget-image\" data-id=\"f0555cb\" data-element_type=\"widget\" data-e-type=\"widget\" data-widget_type=\"image.default\">\n\t\t\t\t\t\t\t\t\t\t\t\t\t\t\t\t<a href=\"\/educacao\/emendas-parlamentares\/\" target=\"_blank\">\n\t\t\t\t\t\t\t<img decoding=\"async\" src=\"https:\/\/goias.gov.br\/educacao\/wp-content\/uploads\/sites\/40\/2025\/02\/videos-2025-02-26T133527.693.png\" title=\"\" alt=\"\" loading=\"lazy\" \/>\t\t\t\t\t\t\t\t<\/a>\n\t\t\t\t\t\t\t\t\t\t\t\t\t\t\t<\/div>\n\t\t\t\t<\/div>\n\t\t<div class=\"elementor-element elementor-element-a1b464a e-con-full e-flex e-con e-child\" data-id=\"a1b464a\" data-element_type=\"container\" data-e-type=\"container\" data-settings=\"{&quot;background_background&quot;:&quot;classic&quot;}\">\n\t\t\t\t<div class=\"elementor-element elementor-element-90a7b18 elementor-widget elementor-widget-image\" data-id=\"90a7b18\" data-element_type=\"widget\" data-e-type=\"widget\" data-widget_type=\"image.default\">\n\t\t\t\t\t\t\t\t\t\t\t\t\t\t\t\t<a href=\"\/educacao\/wp-content\/uploads\/sites\/40\/files\/PrestacaodeContas\/AtendimentoEspecializadoAEE.pdf\" target=\"_blank\">\n\t\t\t\t\t\t\t<img decoding=\"async\" src=\"https:\/\/goias.gov.br\/educacao\/wp-content\/uploads\/sites\/40\/2025\/02\/videos-2025-02-26T133824.287.png\" title=\"\" alt=\"\" loading=\"lazy\" \/>\t\t\t\t\t\t\t\t<\/a>\n\t\t\t\t\t\t\t\t\t\t\t\t\t\t\t<\/div>\n\t\t\t\t<\/div>\n\t\t\t\t\t<\/div>\n\t\t\t\t<\/div>\n\t\t<div class=\"elementor-element elementor-element-de007a8 e-flex e-con-boxed e-con e-parent\" data-id=\"de007a8\" data-element_type=\"container\" data-e-type=\"container\">\n\t\t\t\t\t<div class=\"e-con-inner\">\n\t\t<div class=\"elementor-element elementor-element-2fc8bdf e-con-full e-flex e-con e-child\" data-id=\"2fc8bdf\" data-element_type=\"container\" data-e-type=\"container\" data-settings=\"{&quot;background_background&quot;:&quot;classic&quot;}\">\n\t\t\t\t<div class=\"elementor-element elementor-element-43c7276 elementor-widget elementor-widget-image\" data-id=\"43c7276\" data-element_type=\"widget\" data-e-type=\"widget\" data-widget_type=\"image.default\">\n\t\t\t\t\t\t\t\t\t\t\t\t\t\t\t\t<a href=\"\/educacao\/wp-content\/uploads\/sites\/40\/files\/PrestacaodeContas\/GuiadeorientacaoparaAquisicaodedetectoresdemetal.pdf\" target=\"_blank\">\n\t\t\t\t\t\t\t<img decoding=\"async\" src=\"https:\/\/goias.gov.br\/educacao\/wp-content\/uploads\/sites\/40\/2025\/02\/videos-2025-02-26T134056.278.png\" title=\"\" alt=\"\" loading=\"lazy\" \/>\t\t\t\t\t\t\t\t<\/a>\n\t\t\t\t\t\t\t\t\t\t\t\t\t\t\t<\/div>\n\t\t\t\t<\/div>\n\t\t<div class=\"elementor-element elementor-element-28284e8 e-con-full e-flex e-con e-child\" data-id=\"28284e8\" data-element_type=\"container\" data-e-type=\"container\" data-settings=\"{&quot;background_background&quot;:&quot;classic&quot;}\">\n\t\t\t\t<div class=\"elementor-element elementor-element-cb852b4 elementor-widget elementor-widget-image\" data-id=\"cb852b4\" data-element_type=\"widget\" data-e-type=\"widget\" data-widget_type=\"image.default\">\n\t\t\t\t\t\t\t\t\t\t\t\t\t\t\t\t<a href=\"\/educacao\/wp-content\/uploads\/sites\/40\/files\/PrestacaodeContas\/gasdecozinha.pdf\" target=\"_blank\">\n\t\t\t\t\t\t\t<img decoding=\"async\" src=\"https:\/\/goias.gov.br\/educacao\/wp-content\/uploads\/sites\/40\/2025\/02\/videos-2025-02-26T134324.039.png\" title=\"\" alt=\"\" loading=\"lazy\" \/>\t\t\t\t\t\t\t\t<\/a>\n\t\t\t\t\t\t\t\t\t\t\t\t\t\t\t<\/div>\n\t\t\t\t<\/div>\n\t\t\t\t\t<\/div>\n\t\t\t\t<\/div>\n\t\t\t\t<\/div>\n\t\t","protected":false},"excerpt":{"rendered":"<p>PRESTA\u00c7\u00c3O de CONTAS Ambiente de suporte aos servidores da educa\u00e7\u00e3o para a presta\u00e7\u00e3o de contas dos repasses estaduais. Neste local, o servidor encontrar\u00e1 todas as informa\u00e7\u00f5es necess\u00e1rias para realizar a presta\u00e7\u00e3o de contas de forma eficiente e transparente. Disponibilizamos uma s\u00e9rie de Checklists que orientam os servidores sobre a documenta\u00e7\u00e3o que deve ser apresentada durante [&hellip;]<\/p>\n","protected":false},"author":222,"featured_media":0,"parent":0,"menu_order":0,"comment_status":"closed","ping_status":"closed","template":"wppb_theme_template","meta":{"footnotes":""},"class_list":["post-27021","page","type-page","status-publish","hentry"],"rttpg_featured_image_url":null,"rttpg_author":{"display_name":"diegomsilva","author_link":"https:\/\/goias.gov.br\/educacao\/author\/diegomsilva\/"},"rttpg_comment":0,"rttpg_category":null,"rttpg_excerpt":"PRESTA\u00c7\u00c3O de CONTAS Ambiente de suporte aos servidores da educa\u00e7\u00e3o para a presta\u00e7\u00e3o de contas dos repasses estaduais. Neste local, o servidor encontrar\u00e1 todas as informa\u00e7\u00f5es necess\u00e1rias para realizar a presta\u00e7\u00e3o de contas de forma eficiente e transparente. Disponibilizamos uma s\u00e9rie de Checklists que orientam os servidores sobre a documenta\u00e7\u00e3o que deve ser apresentada durante&hellip;","_links":{"self":[{"href":"https:\/\/goias.gov.br\/educacao\/wp-json\/wp\/v2\/pages\/27021","targetHints":{"allow":["GET"]}}],"collection":[{"href":"https:\/\/goias.gov.br\/educacao\/wp-json\/wp\/v2\/pages"}],"about":[{"href":"https:\/\/goias.gov.br\/educacao\/wp-json\/wp\/v2\/types\/page"}],"author":[{"embeddable":true,"href":"https:\/\/goias.gov.br\/educacao\/wp-json\/wp\/v2\/users\/222"}],"replies":[{"embeddable":true,"href":"https:\/\/goias.gov.br\/educacao\/wp-json\/wp\/v2\/comments?post=27021"}],"version-history":[{"count":3,"href":"https:\/\/goias.gov.br\/educacao\/wp-json\/wp\/v2\/pages\/27021\/revisions"}],"predecessor-version":[{"id":670230,"href":"https:\/\/goias.gov.br\/educacao\/wp-json\/wp\/v2\/pages\/27021\/revisions\/670230"}],"wp:attachment":[{"href":"https:\/\/goias.gov.br\/educacao\/wp-json\/wp\/v2\/media?parent=27021"}],"curies":[{"name":"wp","href":"https:\/\/api.w.org\/{rel}","templated":true}]}}