

{"id":26983,"date":"2024-01-25T16:35:47","date_gmt":"2024-01-25T19:35:47","guid":{"rendered":"https:\/\/siteshom.goias.gov.br\/educacao\/?page_id=26983"},"modified":"2026-01-29T10:22:43","modified_gmt":"2026-01-29T13:22:43","slug":"olimpiadas-escolares","status":"publish","type":"page","link":"https:\/\/goias.gov.br\/educacao\/olimpiadas-escolares\/","title":{"rendered":"Olimpiadas Escolares"},"content":{"rendered":"\t\t<div data-elementor-type=\"wp-page\" data-elementor-id=\"26983\" class=\"elementor elementor-26983\">\n\t\t\t\t<div class=\"elementor-element elementor-element-69ceacf e-flex e-con-boxed e-con e-parent\" data-id=\"69ceacf\" data-element_type=\"container\" data-e-type=\"container\">\n\t\t\t\t\t<div class=\"e-con-inner\">\n\t\t\t\t<div class=\"elementor-element elementor-element-2208559 elementor-widget elementor-widget-heading\" data-id=\"2208559\" data-element_type=\"widget\" data-e-type=\"widget\" data-widget_type=\"heading.default\">\n\t\t\t\t\t<h2 class=\"elementor-heading-title elementor-size-default\">Olimp\u00edadas<\/h2>\t\t\t\t<\/div>\n\t\t\t\t\t<\/div>\n\t\t\t\t<\/div>\n\t\t<div class=\"elementor-element elementor-element-d12ff41 e-flex e-con-boxed e-con e-parent\" data-id=\"d12ff41\" data-element_type=\"container\" data-e-type=\"container\">\n\t\t\t\t\t<div class=\"e-con-inner\">\n\t\t<div class=\"elementor-element elementor-element-28430c0 e-con-full e-flex e-con e-child\" data-id=\"28430c0\" data-element_type=\"container\" data-e-type=\"container\">\n\t\t\t\t<div class=\"elementor-element elementor-element-757faf1 elementor-widget elementor-widget-image\" data-id=\"757faf1\" data-element_type=\"widget\" data-e-type=\"widget\" data-widget_type=\"image.default\">\n\t\t\t\t\t\t\t\t\t\t\t\t\t\t\t\t<a href=\"https:\/\/www.obmep.org.br\/\" target=\"_blank\">\n\t\t\t\t\t\t\t<img decoding=\"async\" src=\"https:\/\/goias.gov.br\/educacao\/wp-content\/uploads\/sites\/40\/2024\/01\/olimpiadas-matematica.jpg\" title=\"\" alt=\"\" loading=\"lazy\" \/>\t\t\t\t\t\t\t\t<\/a>\n\t\t\t\t\t\t\t\t\t\t\t\t\t\t\t<\/div>\n\t\t\t\t<\/div>\n\t\t<div class=\"elementor-element elementor-element-6cb99e6 e-con-full e-flex e-con e-child\" data-id=\"6cb99e6\" data-element_type=\"container\" data-e-type=\"container\">\n\t\t\t\t<div class=\"elementor-element elementor-element-7b6ad6c elementor-widget elementor-widget-heading\" data-id=\"7b6ad6c\" data-element_type=\"widget\" data-e-type=\"widget\" data-widget_type=\"heading.default\">\n\t\t\t\t\t<h3 class=\"elementor-heading-title elementor-size-default\">Olimp\u00edada Brasileira de Matem\u00e1tica das Escolas P\u00fablicas - OBMEP<\/h3>\t\t\t\t<\/div>\n\t\t\t\t<\/div>\n\t\t\t\t\t<\/div>\n\t\t\t\t<\/div>\n\t\t<div class=\"elementor-element elementor-element-c806623 e-flex e-con-boxed e-con e-parent\" data-id=\"c806623\" data-element_type=\"container\" data-e-type=\"container\">\n\t\t\t\t\t<div class=\"e-con-inner\">\n\t\t\t\t<div class=\"elementor-element elementor-element-a806519 elementor-widget elementor-widget-text-editor\" data-id=\"a806519\" data-element_type=\"widget\" data-e-type=\"widget\" data-widget_type=\"text-editor.default\">\n\t\t\t\t\t\t\t\t\t<div>A Olimp\u00edada Brasileira de Matem\u00e1tica das Escolas P\u00fablicas &#8211; OBMEP, promovida pelo Instituto Nacional de Matem\u00e1tica Pura e Aplicada (IMPA), busca estimular o estudo da matem\u00e1tica, desenvolver e aperfei\u00e7oar a capacita\u00e7\u00e3o dos professores, influenciar na melhoria do ensino, al\u00e9m de descobrir jovens talentos e difundir a cultura da matem\u00e1tica.<br \/><br \/>\u00c9 um projeto nacional dirigido \u00e0s escolas p\u00fablicas e privadas brasileiras, dividido em tr\u00eas n\u00edveis, de acordo com o grau de escolaridade dos estudantes. O n\u00edvel 1 \u00e9 voltado para os estudantes do 6\u00ba ou 7\u00ba ano do Ensino Fundamental, o n\u00edvel 2 para os estudantes do 8\u00ba ou 9\u00ba ano do Ensino Fundamental, e o n\u00edvel 3 para os estudantes de todas as s\u00e9ries do Ensino M\u00e9dio e Educa\u00e7\u00e3o de Jovens e Adultos, matriculados na modalidade EJA, tamb\u00e9m podem ser inscritos pela escola, conforme os n\u00edveis descritos anteriormente.<br \/><br \/>Outras informa\u00e7\u00f5es podem ser obtidas no site:<br \/><a href=\"https:\/\/www.obmep.org.br\/\" target=\"_blank\" rel=\"noopener noreferrer\">https:\/\/www.obmep.org.br\/<\/a><br \/><a href=\"https:\/\/www.obmep.org.br\/areaRestrita\/index.jsp?escola=true\" target=\"_blank\" rel=\"noopener noreferrer\">https:\/\/www.obmep.org.br\/areaRestrita\/index.jsp?escola=true<\/a><\/div>\t\t\t\t\t\t\t\t<\/div>\n\t\t\t\t\t<\/div>\n\t\t\t\t<\/div>\n\t\t<div class=\"elementor-element elementor-element-50852d4 e-flex e-con-boxed e-con e-parent\" data-id=\"50852d4\" data-element_type=\"container\" data-e-type=\"container\">\n\t\t\t\t\t<div class=\"e-con-inner\">\n\t\t<div class=\"elementor-element elementor-element-19d3242 e-con-full e-flex e-con e-child\" data-id=\"19d3242\" data-element_type=\"container\" data-e-type=\"container\">\n\t\t\t\t<div class=\"elementor-element elementor-element-cc5fb30 elementor-widget elementor-widget-image\" data-id=\"cc5fb30\" data-element_type=\"widget\" data-e-type=\"widget\" data-widget_type=\"image.default\">\n\t\t\t\t\t\t\t\t\t\t\t\t\t\t\t\t<a href=\"https:\/\/matematicasemfronteiras.org\/\" target=\"_blank\">\n\t\t\t\t\t\t\t<img decoding=\"async\" src=\"https:\/\/goias.gov.br\/educacao\/wp-content\/uploads\/sites\/40\/2024\/01\/matemathiques.png\" title=\"\" alt=\"\" loading=\"lazy\" \/>\t\t\t\t\t\t\t\t<\/a>\n\t\t\t\t\t\t\t\t\t\t\t\t\t\t\t<\/div>\n\t\t\t\t<\/div>\n\t\t<div class=\"elementor-element elementor-element-71e05b4 e-con-full e-flex e-con e-child\" data-id=\"71e05b4\" data-element_type=\"container\" data-e-type=\"container\">\n\t\t\t\t<div class=\"elementor-element elementor-element-4e5a25e elementor-widget elementor-widget-text-editor\" data-id=\"4e5a25e\" data-element_type=\"widget\" data-e-type=\"widget\" data-widget_type=\"text-editor.default\">\n\t\t\t\t\t\t\t\t\t<div><p><strong>Olimp\u00edada Internacional Matem\u00e1tica Sem Fronteiras \u2013 OIMSF<\/strong><\/p><p>\u00a0<\/p><\/div><div>Olimp\u00edada Internacional Matem\u00e1tica sem Fronteiras (OIMSF) \u00e9 uma competi\u00e7\u00e3o internacional de matem\u00e1tica em equipe para estudantes do Ensino Fundamental e M\u00e9dio de escolas p\u00fablicas e privadas.\u00a0<\/div>\t\t\t\t\t\t\t\t<\/div>\n\t\t\t\t<\/div>\n\t\t\t\t\t<\/div>\n\t\t\t\t<\/div>\n\t\t<div class=\"elementor-element elementor-element-a471303 e-flex e-con-boxed e-con e-parent\" data-id=\"a471303\" data-element_type=\"container\" data-e-type=\"container\">\n\t\t\t\t\t<div class=\"e-con-inner\">\n\t\t\t\t<div class=\"elementor-element elementor-element-0358059 elementor-widget elementor-widget-text-editor\" data-id=\"0358059\" data-element_type=\"widget\" data-e-type=\"widget\" data-widget_type=\"text-editor.default\">\n\t\t\t\t\t\t\t\t\t<div>Tem o objetivo de aproximar os pa\u00edses estrangeiros, promovendo o interesse pelo estudo da Matem\u00e1tica e L\u00ednguas Estrangeiras.\u00a0Al\u00e9m de incentivar o trabalho em equipe e envolvimento do jovem na comunidade escolar. A Olimp\u00edada \u00e9 a se\u00e7\u00e3o brasileira do evento internacional Math\u00e9matiques sans Fronti\u00e8res criado em 1989 na Fran\u00e7a.<br \/><br \/>No Brasil a OIMSF \u00e9 organizada pela Rede POC \u2013 Rede do Programa de Olimp\u00edadas do Conhecimento \u2013 com apoio da Embaixada da Fran\u00e7a, do Consulado Geral da Fran\u00e7a em S\u00e3o Paulo, do CONSED \u2013 Conselho Nacional de Secret\u00e1rios de Educa\u00e7\u00e3o, da Universidade Metodista de S\u00e3o Paulo, do Instituo Federal de Educa\u00e7\u00e3o, Ci\u00eancia e Tecnologia de S\u00e3o Paulo (campus Bragan\u00e7a Paulista) e apoio para a divulga\u00e7\u00e3o do Cenpec \u2013 Centro de Estudos e Pesquisas em Educa\u00e7\u00e3o, Cultura e A\u00e7\u00e3o Comunit\u00e1ria.<br \/><br \/><a href=\"https:\/\/matematicasemfronteiras.org\/\" target=\"_blank\" rel=\"noopener noreferrer\">https:\/\/matematicasemfronteiras.org\/<\/a> <\/div>\t\t\t\t\t\t\t\t<\/div>\n\t\t\t\t\t<\/div>\n\t\t\t\t<\/div>\n\t\t<div class=\"elementor-element elementor-element-3afdb2f e-flex e-con-boxed e-con e-parent\" data-id=\"3afdb2f\" data-element_type=\"container\" data-e-type=\"container\">\n\t\t\t\t\t<div class=\"e-con-inner\">\n\t\t<div class=\"elementor-element elementor-element-c8dfdf6 e-con-full e-flex e-con e-child\" data-id=\"c8dfdf6\" data-element_type=\"container\" data-e-type=\"container\">\n\t\t\t\t<div class=\"elementor-element elementor-element-c646446 elementor-widget elementor-widget-image\" data-id=\"c646446\" data-element_type=\"widget\" data-e-type=\"widget\" data-widget_type=\"image.default\">\n\t\t\t\t\t\t\t\t\t\t\t\t\t\t\t\t<a href=\"https:\/\/www.oba.org.br\/site\/\" target=\"_blank\">\n\t\t\t\t\t\t\t<img decoding=\"async\" src=\"https:\/\/goias.gov.br\/educacao\/wp-content\/uploads\/sites\/40\/2024\/01\/oba.png\" title=\"\" alt=\"\" loading=\"lazy\" \/>\t\t\t\t\t\t\t\t<\/a>\n\t\t\t\t\t\t\t\t\t\t\t\t\t\t\t<\/div>\n\t\t\t\t<\/div>\n\t\t<div class=\"elementor-element elementor-element-b066837 e-con-full e-flex e-con e-child\" data-id=\"b066837\" data-element_type=\"container\" data-e-type=\"container\">\n\t\t\t\t<div class=\"elementor-element elementor-element-916f29c elementor-widget elementor-widget-text-editor\" data-id=\"916f29c\" data-element_type=\"widget\" data-e-type=\"widget\" data-widget_type=\"text-editor.default\">\n\t\t\t\t\t\t\t\t\t<div><strong>Olimp\u00edada Brasileira de Astronomia e Astron\u00e1utica- OBA<\/strong><br \/><br \/><\/div><div>\u00c9 realizada anualmente pela Sociedade Astron\u00f4mica Brasileira (SAB) em parceria com a Ag\u00eancia Espacial Brasileira (AEB) com a participa\u00e7\u00e3o de estudantes do Ensino Fundamental e M\u00e9dio. Tem objetivo de estimular o interesse dos jovens pela Astronomia, Astron\u00e1utica e ci\u00eancias afins, propiciar a amplia\u00e7\u00e3o dos conhecimentos b\u00e1sicos de uma forma l\u00fadica e cooperativa, mobilizando os pr\u00f3prios alunos, seus professores, coordenadores pedag\u00f3gicos,<\/div>\t\t\t\t\t\t\t\t<\/div>\n\t\t\t\t<\/div>\n\t\t\t\t\t<\/div>\n\t\t\t\t<\/div>\n\t\t<div class=\"elementor-element elementor-element-3c147e2 e-flex e-con-boxed e-con e-parent\" data-id=\"3c147e2\" data-element_type=\"container\" data-e-type=\"container\">\n\t\t\t\t\t<div class=\"e-con-inner\">\n\t\t\t\t<div class=\"elementor-element elementor-element-0d9bb31 elementor-widget elementor-widget-text-editor\" data-id=\"0d9bb31\" data-element_type=\"widget\" data-e-type=\"widget\" data-widget_type=\"text-editor.default\">\n\t\t\t\t\t\t\t\t\t<div><p>diretores, pais e escolas, planet\u00e1rios, observat\u00f3rios municipais e particulares, espa\u00e7os, centros e museus de ci\u00eancias, associa\u00e7\u00f5es e clubes de Astronomia, astr\u00f4nomos profissionais e amadores, e institui\u00e7\u00f5es voltadas \u00e0s atividades aeroespaciais.<\/p><p><a href=\"https:\/\/www.oba.org.br\/site\/\" target=\"_blank\" rel=\"noopener noreferrer\">https:\/\/www.oba.org.br\/site\/<\/a><\/p><\/div>\t\t\t\t\t\t\t\t<\/div>\n\t\t\t\t\t<\/div>\n\t\t\t\t<\/div>\n\t\t<div class=\"elementor-element elementor-element-4383047 e-flex e-con-boxed e-con e-parent\" data-id=\"4383047\" data-element_type=\"container\" data-e-type=\"container\">\n\t\t\t\t\t<div class=\"e-con-inner\">\n\t\t<div class=\"elementor-element elementor-element-14cfd24 e-con-full e-flex e-con e-child\" data-id=\"14cfd24\" data-element_type=\"container\" data-e-type=\"container\">\n\t\t\t\t<div class=\"elementor-element elementor-element-ab49a5f elementor-widget elementor-widget-image\" data-id=\"ab49a5f\" data-element_type=\"widget\" data-e-type=\"widget\" data-widget_type=\"image.default\">\n\t\t\t\t\t\t\t\t\t\t\t\t\t\t\t\t<a href=\"https:\/\/olimpiadadecartografia.uff.br\/\" target=\"_blank\">\n\t\t\t\t\t\t\t<img decoding=\"async\" src=\"https:\/\/goias.gov.br\/educacao\/wp-content\/uploads\/sites\/40\/2024\/01\/cartografia.png\" title=\"\" alt=\"\" loading=\"lazy\" \/>\t\t\t\t\t\t\t\t<\/a>\n\t\t\t\t\t\t\t\t\t\t\t\t\t\t\t<\/div>\n\t\t\t\t<\/div>\n\t\t<div class=\"elementor-element elementor-element-a19a0c3 e-con-full e-flex e-con e-child\" data-id=\"a19a0c3\" data-element_type=\"container\" data-e-type=\"container\">\n\t\t\t\t<div class=\"elementor-element elementor-element-3f96f06 elementor-widget elementor-widget-text-editor\" data-id=\"3f96f06\" data-element_type=\"widget\" data-e-type=\"widget\" data-widget_type=\"text-editor.default\">\n\t\t\t\t\t\t\t\t\t<div><p><strong>Olimp\u00edada Brasileira de Cartografia- OBRAC<\/strong><\/p><\/div><div>A Olimp\u00edada Brasileira de Cartografia (OBRAC) envolve as ci\u00eancias da informa\u00e7\u00e3o geoespacial. \u00c9 um evento bienal com participa\u00e7\u00e3o de todos os estados brasileiros.<\/div>\t\t\t\t\t\t\t\t<\/div>\n\t\t\t\t<\/div>\n\t\t\t\t\t<\/div>\n\t\t\t\t<\/div>\n\t\t<div class=\"elementor-element elementor-element-617a9f9 e-flex e-con-boxed e-con e-parent\" data-id=\"617a9f9\" data-element_type=\"container\" data-e-type=\"container\">\n\t\t\t\t\t<div class=\"e-con-inner\">\n\t\t\t\t<div class=\"elementor-element elementor-element-64fe852 elementor-widget elementor-widget-text-editor\" data-id=\"64fe852\" data-element_type=\"widget\" data-e-type=\"widget\" data-widget_type=\"text-editor.default\">\n\t\t\t\t\t\t\t\t\t<div>\u00c9 um evento bienal com participa\u00e7\u00e3o de todos os estados brasileiros. Tem como objetivos divulgar a Ci\u00eancia Cartogr\u00e1fica e despertar nos estudantes a curiosidade e o interesse pela Cartografia com foco no conhecimento geoespacial para cidadania, por meio de atividades que estimulam o aprendizado e contribuem para o desenvolvimento do pensamento espacial. A OBRAC \u00e9 voltada para estudantes do 9\u00ba ano do Ensino Fundamental e Ensino M\u00e9dio (de 13 a 19 anos de idade), das escolas da rede p\u00fablica e privada.<br \/><br \/><a href=\"https:\/\/olimpiadadecartografia.uff.br\/\" target=\"_blank\" rel=\"noopener noreferrer\">https:\/\/olimpiadadecartografia.uff.br\/<\/a> <\/div>\t\t\t\t\t\t\t\t<\/div>\n\t\t\t\t\t<\/div>\n\t\t\t\t<\/div>\n\t\t<div class=\"elementor-element elementor-element-b509ce1 e-flex e-con-boxed e-con e-parent\" data-id=\"b509ce1\" data-element_type=\"container\" data-e-type=\"container\">\n\t\t\t\t\t<div class=\"e-con-inner\">\n\t\t<div class=\"elementor-element elementor-element-98b0bfe e-con-full e-flex e-con e-child\" data-id=\"98b0bfe\" data-element_type=\"container\" data-e-type=\"container\">\n\t\t\t\t<div class=\"elementor-element elementor-element-0265625 elementor-widget elementor-widget-image\" data-id=\"0265625\" data-element_type=\"widget\" data-e-type=\"widget\" data-widget_type=\"image.default\">\n\t\t\t\t\t\t\t\t\t\t\t\t\t\t\t\t<a href=\"https:\/\/www.sbfisica.org.br\/~obfep\/\" target=\"_blank\">\n\t\t\t\t\t\t\t<img decoding=\"async\" src=\"https:\/\/goias.gov.br\/educacao\/wp-content\/uploads\/sites\/40\/2024\/01\/obfep.png\" title=\"\" alt=\"\" loading=\"lazy\" \/>\t\t\t\t\t\t\t\t<\/a>\n\t\t\t\t\t\t\t\t\t\t\t\t\t\t\t<\/div>\n\t\t\t\t<\/div>\n\t\t<div class=\"elementor-element elementor-element-d8dd408 e-con-full e-flex e-con e-child\" data-id=\"d8dd408\" data-element_type=\"container\" data-e-type=\"container\">\n\t\t\t\t<div class=\"elementor-element elementor-element-bf4a1ec elementor-widget elementor-widget-text-editor\" data-id=\"bf4a1ec\" data-element_type=\"widget\" data-e-type=\"widget\" data-widget_type=\"text-editor.default\">\n\t\t\t\t\t\t\t\t\t<div><p><strong>Olimp\u00edadas Brasileiras de F\u00edsica das Escolas P\u00fablicas- OBFEP<\/strong><\/p><p>A olimp\u00edada visa a valoriza\u00e7\u00e3o da escola p\u00fablica, a melhoria do ensino e estudo das ci\u00eancias, possibilitando ao estudante uma forma de avaliar sua aptid\u00e3o e seu interesse pela Ci\u00eancia, em geral, e pela F\u00edsica em particular.<\/p><\/div>\t\t\t\t\t\t\t\t<\/div>\n\t\t\t\t<\/div>\n\t\t\t\t\t<\/div>\n\t\t\t\t<\/div>\n\t\t<div class=\"elementor-element elementor-element-762998e e-flex e-con-boxed e-con e-parent\" data-id=\"762998e\" data-element_type=\"container\" data-e-type=\"container\">\n\t\t\t\t\t<div class=\"e-con-inner\">\n\t\t\t\t<div class=\"elementor-element elementor-element-c96d1a0 elementor-widget elementor-widget-text-editor\" data-id=\"c96d1a0\" data-element_type=\"widget\" data-e-type=\"widget\" data-widget_type=\"text-editor.default\">\n\t\t\t\t\t\t\t\t\t<div><div><p>OBFEP realiza um conjunto de a\u00e7\u00f5es que buscam o sucesso e a perman\u00eancia do estudante na escola e o desenvolvimento de pr\u00e1ticas educativas que envolvam o maior n\u00famero poss\u00edvel de estudantes, a partir da compreens\u00e3o da realidade dos estudantes, por meio da Ci\u00eancia, com a realiza\u00e7\u00e3o de atividades que estimulem sua criatividade.<\/p><p><a href=\"https:\/\/www.sbfisica.org.br\/~obfep\/\" target=\"_blank\" rel=\"noopener noreferrer\">https:\/\/www.sbfisica.org.br\/~obfep\/<\/a><\/p><\/div><\/div>\t\t\t\t\t\t\t\t<\/div>\n\t\t\t\t\t<\/div>\n\t\t\t\t<\/div>\n\t\t<div class=\"elementor-element elementor-element-6661e34 e-flex e-con-boxed e-con e-parent\" data-id=\"6661e34\" data-element_type=\"container\" data-e-type=\"container\">\n\t\t\t\t\t<div class=\"e-con-inner\">\n\t\t<div class=\"elementor-element elementor-element-4b67ee4 e-con-full e-flex e-con e-child\" data-id=\"4b67ee4\" data-element_type=\"container\" data-e-type=\"container\">\n\t\t\t\t<div class=\"elementor-element elementor-element-52b020f elementor-widget elementor-widget-image\" data-id=\"52b020f\" data-element_type=\"widget\" data-e-type=\"widget\" data-widget_type=\"image.default\">\n\t\t\t\t\t\t\t\t\t\t\t\t\t\t\t\t<a href=\"https:\/\/www.obr.org.br\/\" target=\"_blank\">\n\t\t\t\t\t\t\t<img decoding=\"async\" src=\"https:\/\/goias.gov.br\/educacao\/wp-content\/uploads\/sites\/40\/2024\/01\/obr.png\" title=\"\" alt=\"\" loading=\"lazy\" \/>\t\t\t\t\t\t\t\t<\/a>\n\t\t\t\t\t\t\t\t\t\t\t\t\t\t\t<\/div>\n\t\t\t\t<\/div>\n\t\t<div class=\"elementor-element elementor-element-623394f e-con-full e-flex e-con e-child\" data-id=\"623394f\" data-element_type=\"container\" data-e-type=\"container\">\n\t\t\t\t<div class=\"elementor-element elementor-element-8368276 elementor-widget elementor-widget-text-editor\" data-id=\"8368276\" data-element_type=\"widget\" data-e-type=\"widget\" data-widget_type=\"text-editor.default\">\n\t\t\t\t\t\t\t\t\t<div><p>A\u00a0<strong>Olimp\u00edada Brasileira de Rob\u00f3tica (OBR)<\/strong>\u00a0\u00e9 uma das olimp\u00edadas cient\u00edficas brasileiras com a tem\u00e1tica da rob\u00f3tica. \u00c9 uma iniciativa p\u00fablica, gratuita e sem fins lucrativos. Tem o objetivo de estimular os jovens \u00e0s carreiras cient\u00edfico-tecnol\u00f3gicas, identificar jovens talentosos e promover debates e atualiza\u00e7\u00f5es no processo de ensino-aprendizagem brasileiro. Podem se inscrever estudantes de escola p\u00fablica ou privada do Ensino Fundamental, M\u00e9dio ou T\u00e9cnico em todo o territ\u00f3rio nacional.<\/p><p><a href=\"https:\/\/www.obr.org.br\/\" target=\"_blank\" rel=\"noopener noreferrer\">https:\/\/www.obr.org.br\/<\/a><\/p><\/div>\t\t\t\t\t\t\t\t<\/div>\n\t\t\t\t<\/div>\n\t\t\t\t\t<\/div>\n\t\t\t\t<\/div>\n\t\t<div class=\"elementor-element elementor-element-09568de e-flex e-con-boxed e-con e-parent\" data-id=\"09568de\" data-element_type=\"container\" data-e-type=\"container\">\n\t\t\t\t\t<div class=\"e-con-inner\">\n\t\t<div class=\"elementor-element elementor-element-cfd2697 e-con-full e-flex e-con e-child\" data-id=\"cfd2697\" data-element_type=\"container\" data-e-type=\"container\">\n\t\t\t\t<div class=\"elementor-element elementor-element-317f3be elementor-widget elementor-widget-image\" data-id=\"317f3be\" data-element_type=\"widget\" data-e-type=\"widget\" data-widget_type=\"image.default\">\n\t\t\t\t\t\t\t\t\t\t\t\t\t\t\t\t<a href=\"https:\/\/onciencias.org\/\" target=\"_blank\">\n\t\t\t\t\t\t\t<img decoding=\"async\" src=\"https:\/\/goias.gov.br\/educacao\/wp-content\/uploads\/sites\/40\/2024\/01\/onc.png\" title=\"\" alt=\"\" loading=\"lazy\" \/>\t\t\t\t\t\t\t\t<\/a>\n\t\t\t\t\t\t\t\t\t\t\t\t\t\t\t<\/div>\n\t\t\t\t<\/div>\n\t\t<div class=\"elementor-element elementor-element-204885b e-con-full e-flex e-con e-child\" data-id=\"204885b\" data-element_type=\"container\" data-e-type=\"container\">\n\t\t\t\t<div class=\"elementor-element elementor-element-2d03027 elementor-widget elementor-widget-text-editor\" data-id=\"2d03027\" data-element_type=\"widget\" data-e-type=\"widget\" data-widget_type=\"text-editor.default\">\n\t\t\t\t\t\t\t\t\t<div><strong>Olimp\u00edada Nacional de Ci\u00eancias- ONC<\/strong><br \/><br \/><\/div><div>A Olimp\u00edada Nacional de Ci\u00eancias (ONC) \u00e9 organizada pela Universidade Federal do Piau\u00ed (UFPI) e realizada pelo Minist\u00e9rio da Ci\u00eancia, Tecnologia, Inova\u00e7\u00e3o<\/div>\t\t\t\t\t\t\t\t<\/div>\n\t\t\t\t<\/div>\n\t\t\t\t\t<\/div>\n\t\t\t\t<\/div>\n\t\t<div class=\"elementor-element elementor-element-23056b2 e-flex e-con-boxed e-con e-parent\" data-id=\"23056b2\" data-element_type=\"container\" data-e-type=\"container\">\n\t\t\t\t\t<div class=\"e-con-inner\">\n\t\t\t\t<div class=\"elementor-element elementor-element-f9a0928 elementor-widget elementor-widget-text-editor\" data-id=\"f9a0928\" data-element_type=\"widget\" data-e-type=\"widget\" data-widget_type=\"text-editor.default\">\n\t\t\t\t\t\t\t\t\t<div><p>(MCTI) e constitui um programa da Associa\u00e7\u00e3o Brasileira de Qu\u00edmica (ABQ), Departamento de Hist\u00f3ria da UNICAMP, Instituto Butant\u00e3 (IB), Sociedade Astron\u00f4mica Brasileira (SAB), Sociedade Brasileira de F\u00edsica (SBF), respons\u00e1veis por sua execu\u00e7\u00e3o. Se destina a estudantes do Ensino M\u00e9dio e do 8\u00aa e 9\u00ba ano do Ensino Fundamental. Tem o objetivo de despertar e estimular o interesse pelo estudo das ci\u00eancias naturais; aproximar as institui\u00e7\u00f5es de ensino superior, os institutos de pesquisa e sociedades cient\u00edficas das institui\u00e7\u00f5es do ensino m\u00e9dio e do ensino fundamental; identificar estudantes talentosos e incentivar seu ingresso nas \u00e1reas cient\u00edficas e tecnol\u00f3gicas, contribuir para a melhoria da qualidade da educa\u00e7\u00e3o b\u00e1sica e promover a inclus\u00e3o social por meio da difus\u00e3o do conhecimento.<\/p><p><a href=\"https:\/\/www.onciencias.org\/\" target=\"_blank\" rel=\"noopener noreferrer\" data-wplink-edit=\"true\">https:\/\/www.onciencias.org\/<\/a><\/p><\/div>\t\t\t\t\t\t\t\t<\/div>\n\t\t\t\t\t<\/div>\n\t\t\t\t<\/div>\n\t\t<div class=\"elementor-element elementor-element-444a7ef e-flex e-con-boxed e-con e-parent\" data-id=\"444a7ef\" data-element_type=\"container\" data-e-type=\"container\">\n\t\t\t\t\t<div class=\"e-con-inner\">\n\t\t<div class=\"elementor-element elementor-element-c692ae8 e-con-full e-flex e-con e-child\" data-id=\"c692ae8\" data-element_type=\"container\" data-e-type=\"container\">\n\t\t\t\t<div class=\"elementor-element elementor-element-e4c46ec elementor-widget elementor-widget-image\" data-id=\"e4c46ec\" data-element_type=\"widget\" data-e-type=\"widget\" data-widget_type=\"image.default\">\n\t\t\t\t\t\t\t\t\t\t\t\t\t\t\t\t<a href=\"https:\/\/www.olimpiadadehistoria.com.br\/\" target=\"_blank\">\n\t\t\t\t\t\t\t<img decoding=\"async\" src=\"https:\/\/goias.gov.br\/educacao\/wp-content\/uploads\/sites\/40\/2024\/01\/onhb.png\" title=\"\" alt=\"\" loading=\"lazy\" \/>\t\t\t\t\t\t\t\t<\/a>\n\t\t\t\t\t\t\t\t\t\t\t\t\t\t\t<\/div>\n\t\t\t\t<\/div>\n\t\t<div class=\"elementor-element elementor-element-d11947e e-con-full e-flex e-con e-child\" data-id=\"d11947e\" data-element_type=\"container\" data-e-type=\"container\">\n\t\t\t\t<div class=\"elementor-element elementor-element-14e20e4 elementor-widget elementor-widget-text-editor\" data-id=\"14e20e4\" data-element_type=\"widget\" data-e-type=\"widget\" data-widget_type=\"text-editor.default\">\n\t\t\t\t\t\t\t\t\t<div><p><strong>Olimp\u00edada Nacional em Hist\u00f3ria do Brasil- ONHB<\/strong><\/p><\/div><div>A Olimp\u00edada Nacional em Hist\u00f3ria do Brasil \u00e9 um projeto de extens\u00e3o da Universidade Estadual de Campinas, desenvolvido pelo Departamento de Hist\u00f3ria. \u00c9 realizada de forma online e tem objetivo de estimular os estudantes a descobrir novas formas de aprendizagem de hist\u00f3ria e a atuar na constru\u00e7\u00e3o de seu conhecimento. Podem participar estudantes do 8\u00ba e 9\u00ba ano do Ensino Fundamental e Ensino M\u00e9dio.<\/div>\t\t\t\t\t\t\t\t<\/div>\n\t\t\t\t<\/div>\n\t\t\t\t\t<\/div>\n\t\t\t\t<\/div>\n\t\t\t\t<\/div>\n\t\t","protected":false},"excerpt":{"rendered":"<p>Olimp\u00edadas Olimp\u00edada Brasileira de Matem\u00e1tica das Escolas P\u00fablicas &#8211; OBMEP A Olimp\u00edada Brasileira de Matem\u00e1tica das Escolas P\u00fablicas &#8211; OBMEP, promovida pelo Instituto Nacional de Matem\u00e1tica Pura e Aplicada (IMPA), busca estimular o estudo da matem\u00e1tica, desenvolver e aperfei\u00e7oar a capacita\u00e7\u00e3o dos professores, influenciar na melhoria do ensino, al\u00e9m de descobrir jovens talentos e difundir [&hellip;]<\/p>\n","protected":false},"author":222,"featured_media":0,"parent":0,"menu_order":0,"comment_status":"closed","ping_status":"closed","template":"wppb_theme_template","meta":{"footnotes":""},"class_list":["post-26983","page","type-page","status-publish","hentry"],"rttpg_featured_image_url":null,"rttpg_author":{"display_name":"diegomsilva","author_link":"https:\/\/goias.gov.br\/educacao\/author\/diegomsilva\/"},"rttpg_comment":0,"rttpg_category":null,"rttpg_excerpt":"Olimp\u00edadas Olimp\u00edada Brasileira de Matem\u00e1tica das Escolas P\u00fablicas &#8211; OBMEP A Olimp\u00edada Brasileira de Matem\u00e1tica das Escolas P\u00fablicas &#8211; OBMEP, promovida pelo Instituto Nacional de Matem\u00e1tica Pura e Aplicada (IMPA), busca estimular o estudo da matem\u00e1tica, desenvolver e aperfei\u00e7oar a capacita\u00e7\u00e3o dos professores, influenciar na melhoria do ensino, al\u00e9m de descobrir jovens talentos e difundir&hellip;","_links":{"self":[{"href":"https:\/\/goias.gov.br\/educacao\/wp-json\/wp\/v2\/pages\/26983","targetHints":{"allow":["GET"]}}],"collection":[{"href":"https:\/\/goias.gov.br\/educacao\/wp-json\/wp\/v2\/pages"}],"about":[{"href":"https:\/\/goias.gov.br\/educacao\/wp-json\/wp\/v2\/types\/page"}],"author":[{"embeddable":true,"href":"https:\/\/goias.gov.br\/educacao\/wp-json\/wp\/v2\/users\/222"}],"replies":[{"embeddable":true,"href":"https:\/\/goias.gov.br\/educacao\/wp-json\/wp\/v2\/comments?post=26983"}],"version-history":[{"count":2,"href":"https:\/\/goias.gov.br\/educacao\/wp-json\/wp\/v2\/pages\/26983\/revisions"}],"predecessor-version":[{"id":670961,"href":"https:\/\/goias.gov.br\/educacao\/wp-json\/wp\/v2\/pages\/26983\/revisions\/670961"}],"wp:attachment":[{"href":"https:\/\/goias.gov.br\/educacao\/wp-json\/wp\/v2\/media?parent=26983"}],"curies":[{"name":"wp","href":"https:\/\/api.w.org\/{rel}","templated":true}]}}