

{"id":26951,"date":"2024-01-24T08:57:10","date_gmt":"2024-01-24T11:57:10","guid":{"rendered":"https:\/\/siteshom.goias.gov.br\/educacao\/?page_id=26951"},"modified":"2026-01-28T11:30:10","modified_gmt":"2026-01-28T14:30:10","slug":"videos","status":"publish","type":"page","link":"https:\/\/goias.gov.br\/educacao\/videos\/","title":{"rendered":"V\u00eddeos"},"content":{"rendered":"\t\t<div data-elementor-type=\"wp-page\" data-elementor-id=\"26951\" class=\"elementor elementor-26951\">\n\t\t\t\t<div class=\"elementor-element elementor-element-5160594 e-flex e-con-boxed e-con e-parent\" data-id=\"5160594\" data-element_type=\"container\" data-e-type=\"container\">\n\t\t\t\t\t<div class=\"e-con-inner\">\n\t\t\t\t<div class=\"elementor-element elementor-element-cd6513c elementor-widget elementor-widget-text-editor\" data-id=\"cd6513c\" data-element_type=\"widget\" data-e-type=\"widget\" data-widget_type=\"text-editor.default\">\n\t\t\t\t\t\t\t\t\t<h1 class=\"header\">V\u00eddeos<\/h1>\t\t\t\t\t\t\t\t<\/div>\n\t\t\t\t\t<\/div>\n\t\t\t\t<\/div>\n\t\t<div class=\"elementor-element elementor-element-9941448 e-flex e-con-boxed e-con e-parent\" data-id=\"9941448\" data-element_type=\"container\" data-e-type=\"container\">\n\t\t\t\t\t<div class=\"e-con-inner\">\n\t\t<div class=\"elementor-element elementor-element-52c687b e-con-full e-flex e-con e-child\" data-id=\"52c687b\" data-element_type=\"container\" data-e-type=\"container\">\n\t\t\t\t<div class=\"elementor-element elementor-element-e3a7325 elementor-widget elementor-widget-heading\" data-id=\"e3a7325\" data-element_type=\"widget\" data-e-type=\"widget\" data-widget_type=\"heading.default\">\n\t\t\t\t\t<h4 class=\"elementor-heading-title elementor-size-default\">3\u00aa S\u00c9RIE EM FOCO | S\u00c1BADO - 13\/11\/2021<\/h4>\t\t\t\t<\/div>\n\t\t\t\t<div class=\"elementor-element elementor-element-c51abae elementor-widget elementor-widget-video\" data-id=\"c51abae\" data-element_type=\"widget\" data-e-type=\"widget\" data-settings=\"{&quot;youtube_url&quot;:&quot;https:\\\/\\\/www.youtube.com\\\/watch?v=1L_KCAuV6w8&amp;t=28s&quot;,&quot;video_type&quot;:&quot;youtube&quot;,&quot;controls&quot;:&quot;yes&quot;}\" data-widget_type=\"video.default\">\n\t\t\t\t\t\t\t<div class=\"elementor-wrapper elementor-open-inline\">\n\t\t\t<div class=\"elementor-video\"><\/div>\t\t<\/div>\n\t\t\t\t\t\t<\/div>\n\t\t\t\t<\/div>\n\t\t<div class=\"elementor-element elementor-element-1ea3ba7 e-con-full e-flex e-con e-child\" data-id=\"1ea3ba7\" data-element_type=\"container\" data-e-type=\"container\">\n\t\t\t\t<div class=\"elementor-element elementor-element-b2e1fcd elementor-widget elementor-widget-heading\" data-id=\"b2e1fcd\" data-element_type=\"widget\" data-e-type=\"widget\" data-widget_type=\"heading.default\">\n\t\t\t\t\t<h4 class=\"elementor-heading-title elementor-size-default\">3\u00aa S\u00c9RIE EM FOCO | S\u00c1BADO - 06\/11\/2021<\/h4>\t\t\t\t<\/div>\n\t\t\t\t<div class=\"elementor-element elementor-element-ca6c34c elementor-widget elementor-widget-video\" data-id=\"ca6c34c\" data-element_type=\"widget\" data-e-type=\"widget\" data-settings=\"{&quot;youtube_url&quot;:&quot;https:\\\/\\\/www.youtube.com\\\/watch?v=9gdePHmEFSw&quot;,&quot;video_type&quot;:&quot;youtube&quot;,&quot;controls&quot;:&quot;yes&quot;}\" data-widget_type=\"video.default\">\n\t\t\t\t\t\t\t<div class=\"elementor-wrapper elementor-open-inline\">\n\t\t\t<div class=\"elementor-video\"><\/div>\t\t<\/div>\n\t\t\t\t\t\t<\/div>\n\t\t\t\t<\/div>\n\t\t\t\t\t<\/div>\n\t\t\t\t<\/div>\n\t\t<div class=\"elementor-element elementor-element-106dbae e-flex e-con-boxed e-con e-parent\" data-id=\"106dbae\" data-element_type=\"container\" data-e-type=\"container\">\n\t\t\t\t\t<div class=\"e-con-inner\">\n\t\t<div class=\"elementor-element elementor-element-9d792a4 e-con-full e-flex e-con e-child\" data-id=\"9d792a4\" data-element_type=\"container\" data-e-type=\"container\">\n\t\t\t\t<div class=\"elementor-element elementor-element-9e05802 elementor-widget elementor-widget-heading\" data-id=\"9e05802\" data-element_type=\"widget\" data-e-type=\"widget\" data-widget_type=\"heading.default\">\n\t\t\t\t\t<h4 class=\"elementor-heading-title elementor-size-default\">INGL\u00caS MODAL VERBS SHOULD, MUST, HAVE TO, MAY E MIGHT SEDUC EM A\u00c7\u00c3O ENSINO M\u00c9DIO 1810202<\/h4>\t\t\t\t<\/div>\n\t\t\t\t<div class=\"elementor-element elementor-element-cc76a19 elementor-widget elementor-widget-video\" data-id=\"cc76a19\" data-element_type=\"widget\" data-e-type=\"widget\" data-settings=\"{&quot;youtube_url&quot;:&quot;https:\\\/\\\/www.youtube.com\\\/watch?v=flo7qavmIFU&quot;,&quot;video_type&quot;:&quot;youtube&quot;,&quot;controls&quot;:&quot;yes&quot;}\" data-widget_type=\"video.default\">\n\t\t\t\t\t\t\t<div class=\"elementor-wrapper elementor-open-inline\">\n\t\t\t<div class=\"elementor-video\"><\/div>\t\t<\/div>\n\t\t\t\t\t\t<\/div>\n\t\t\t\t<\/div>\n\t\t<div class=\"elementor-element elementor-element-61d1ac6 e-con-full e-flex e-con e-child\" data-id=\"61d1ac6\" data-element_type=\"container\" data-e-type=\"container\">\n\t\t\t\t<div class=\"elementor-element elementor-element-fd144ca elementor-widget elementor-widget-heading\" data-id=\"fd144ca\" data-element_type=\"widget\" data-e-type=\"widget\" data-widget_type=\"heading.default\">\n\t\t\t\t\t<h4 class=\"elementor-heading-title elementor-size-default\">L\u00cdNGUA PORTUGUESA INTERPRETA\u00c7\u00c3O TEXTUAL COM SUPORTE GR\u00c1FICO SEDUC EM A\u00c7\u00c3O ENSINO M\u00c9DIO 281<\/h4>\t\t\t\t<\/div>\n\t\t\t\t<div class=\"elementor-element elementor-element-ce2e32a elementor-widget elementor-widget-video\" data-id=\"ce2e32a\" data-element_type=\"widget\" data-e-type=\"widget\" data-settings=\"{&quot;youtube_url&quot;:&quot;https:\\\/\\\/www.youtube.com\\\/watch?v=95vCD6sJcV0&quot;,&quot;video_type&quot;:&quot;youtube&quot;,&quot;controls&quot;:&quot;yes&quot;}\" data-widget_type=\"video.default\">\n\t\t\t\t\t\t\t<div class=\"elementor-wrapper elementor-open-inline\">\n\t\t\t<div class=\"elementor-video\"><\/div>\t\t<\/div>\n\t\t\t\t\t\t<\/div>\n\t\t\t\t<\/div>\n\t\t\t\t\t<\/div>\n\t\t\t\t<\/div>\n\t\t<div class=\"elementor-element elementor-element-2f00ef7 e-flex e-con-boxed e-con e-parent\" data-id=\"2f00ef7\" data-element_type=\"container\" data-e-type=\"container\">\n\t\t\t\t\t<div class=\"e-con-inner\">\n\t\t<div class=\"elementor-element elementor-element-39dec29 e-con-full e-flex e-con e-child\" data-id=\"39dec29\" data-element_type=\"container\" data-e-type=\"container\">\n\t\t\t\t<div class=\"elementor-element elementor-element-f2091dc elementor-widget elementor-widget-heading\" data-id=\"f2091dc\" data-element_type=\"widget\" data-e-type=\"widget\" data-widget_type=\"heading.default\">\n\t\t\t\t\t<h4 class=\"elementor-heading-title elementor-size-default\">MATEM\u00c1TICA FUN\u00c7\u00c3O POLINOMIAL DO 2\u00ba GRAU SEDUC EM A\u00c7\u00c3O ENSINO M\u00c9DIO 28102<\/h4>\t\t\t\t<\/div>\n\t\t\t\t<div class=\"elementor-element elementor-element-c5ca141 elementor-widget elementor-widget-video\" data-id=\"c5ca141\" data-element_type=\"widget\" data-e-type=\"widget\" data-settings=\"{&quot;youtube_url&quot;:&quot;https:\\\/\\\/www.youtube.com\\\/watch?v=5gagE6YH0xQ&quot;,&quot;video_type&quot;:&quot;youtube&quot;,&quot;controls&quot;:&quot;yes&quot;}\" data-widget_type=\"video.default\">\n\t\t\t\t\t\t\t<div class=\"elementor-wrapper elementor-open-inline\">\n\t\t\t<div class=\"elementor-video\"><\/div>\t\t<\/div>\n\t\t\t\t\t\t<\/div>\n\t\t\t\t<\/div>\n\t\t<div class=\"elementor-element elementor-element-36c2840 e-con-full e-flex e-con e-child\" data-id=\"36c2840\" data-element_type=\"container\" data-e-type=\"container\">\n\t\t\t\t<div class=\"elementor-element elementor-element-c8d6647 elementor-widget elementor-widget-heading\" data-id=\"c8d6647\" data-element_type=\"widget\" data-e-type=\"widget\" data-widget_type=\"heading.default\">\n\t\t\t\t\t<h4 class=\"elementor-heading-title elementor-size-default\">L\u00cdNGUA INGLESA SYNOPSIS SEDUC EM A\u00c7\u00c3O ENSINO M\u00c9DIO 03112<\/h4>\t\t\t\t<\/div>\n\t\t\t\t<div class=\"elementor-element elementor-element-549a1b5 elementor-widget elementor-widget-video\" data-id=\"549a1b5\" data-element_type=\"widget\" data-e-type=\"widget\" data-settings=\"{&quot;youtube_url&quot;:&quot;https:\\\/\\\/www.youtube.com\\\/watch?v=U3u2gRKBvgc&quot;,&quot;video_type&quot;:&quot;youtube&quot;,&quot;controls&quot;:&quot;yes&quot;}\" data-widget_type=\"video.default\">\n\t\t\t\t\t\t\t<div class=\"elementor-wrapper elementor-open-inline\">\n\t\t\t<div class=\"elementor-video\"><\/div>\t\t<\/div>\n\t\t\t\t\t\t<\/div>\n\t\t\t\t<\/div>\n\t\t\t\t\t<\/div>\n\t\t\t\t<\/div>\n\t\t\t\t<\/div>\n\t\t","protected":false},"excerpt":{"rendered":"<p>V\u00eddeos 3\u00aa S\u00c9RIE EM FOCO | S\u00c1BADO &#8211; 13\/11\/2021 https:\/\/www.youtube.com\/watch?v=1L_KCAuV6w8&#038;t=28s 3\u00aa S\u00c9RIE EM FOCO | S\u00c1BADO &#8211; 06\/11\/2021 https:\/\/www.youtube.com\/watch?v=9gdePHmEFSw INGL\u00caS MODAL VERBS SHOULD, MUST, HAVE TO, MAY E MIGHT SEDUC EM A\u00c7\u00c3O ENSINO M\u00c9DIO 1810202 https:\/\/www.youtube.com\/watch?v=flo7qavmIFU L\u00cdNGUA PORTUGUESA INTERPRETA\u00c7\u00c3O TEXTUAL COM SUPORTE GR\u00c1FICO SEDUC EM A\u00c7\u00c3O ENSINO M\u00c9DIO 281 https:\/\/www.youtube.com\/watch?v=95vCD6sJcV0 MATEM\u00c1TICA FUN\u00c7\u00c3O POLINOMIAL DO 2\u00ba [&hellip;]<\/p>\n","protected":false},"author":222,"featured_media":0,"parent":0,"menu_order":0,"comment_status":"closed","ping_status":"closed","template":"wppb_theme_template","meta":{"footnotes":""},"class_list":["post-26951","page","type-page","status-publish","hentry"],"rttpg_featured_image_url":null,"rttpg_author":{"display_name":"diegomsilva","author_link":"https:\/\/goias.gov.br\/educacao\/author\/diegomsilva\/"},"rttpg_comment":0,"rttpg_category":null,"rttpg_excerpt":"V\u00eddeos 3\u00aa S\u00c9RIE EM FOCO | S\u00c1BADO &#8211; 13\/11\/2021 https:\/\/www.youtube.com\/watch?v=1L_KCAuV6w8&#038;t=28s 3\u00aa S\u00c9RIE EM FOCO | S\u00c1BADO &#8211; 06\/11\/2021 https:\/\/www.youtube.com\/watch?v=9gdePHmEFSw INGL\u00caS MODAL VERBS SHOULD, MUST, HAVE TO, MAY E MIGHT SEDUC EM A\u00c7\u00c3O ENSINO M\u00c9DIO 1810202 https:\/\/www.youtube.com\/watch?v=flo7qavmIFU L\u00cdNGUA PORTUGUESA INTERPRETA\u00c7\u00c3O TEXTUAL COM SUPORTE GR\u00c1FICO SEDUC EM A\u00c7\u00c3O ENSINO M\u00c9DIO 281 https:\/\/www.youtube.com\/watch?v=95vCD6sJcV0 MATEM\u00c1TICA FUN\u00c7\u00c3O POLINOMIAL DO 2\u00ba&hellip;","_links":{"self":[{"href":"https:\/\/goias.gov.br\/educacao\/wp-json\/wp\/v2\/pages\/26951","targetHints":{"allow":["GET"]}}],"collection":[{"href":"https:\/\/goias.gov.br\/educacao\/wp-json\/wp\/v2\/pages"}],"about":[{"href":"https:\/\/goias.gov.br\/educacao\/wp-json\/wp\/v2\/types\/page"}],"author":[{"embeddable":true,"href":"https:\/\/goias.gov.br\/educacao\/wp-json\/wp\/v2\/users\/222"}],"replies":[{"embeddable":true,"href":"https:\/\/goias.gov.br\/educacao\/wp-json\/wp\/v2\/comments?post=26951"}],"version-history":[{"count":3,"href":"https:\/\/goias.gov.br\/educacao\/wp-json\/wp\/v2\/pages\/26951\/revisions"}],"predecessor-version":[{"id":665529,"href":"https:\/\/goias.gov.br\/educacao\/wp-json\/wp\/v2\/pages\/26951\/revisions\/665529"}],"wp:attachment":[{"href":"https:\/\/goias.gov.br\/educacao\/wp-json\/wp\/v2\/media?parent=26951"}],"curies":[{"name":"wp","href":"https:\/\/api.w.org\/{rel}","templated":true}]}}