

{"id":26945,"date":"2024-01-23T14:40:12","date_gmt":"2024-01-23T17:40:12","guid":{"rendered":"https:\/\/siteshom.goias.gov.br\/educacao\/?page_id=26945"},"modified":"2026-01-29T16:12:50","modified_gmt":"2026-01-29T19:12:50","slug":"hino-de-goias","status":"publish","type":"page","link":"https:\/\/goias.gov.br\/educacao\/hino-de-goias\/","title":{"rendered":"Hino de Goi\u00e1s"},"content":{"rendered":"\t\t<div data-elementor-type=\"wp-page\" data-elementor-id=\"26945\" class=\"elementor elementor-26945\">\n\t\t\t\t<div class=\"elementor-element elementor-element-5584c58 e-flex e-con-boxed e-con e-parent\" data-id=\"5584c58\" data-element_type=\"container\" data-e-type=\"container\">\n\t\t\t\t\t<div class=\"e-con-inner\">\n\t\t<div class=\"elementor-element elementor-element-0054154 e-con-full e-flex e-con e-child\" data-id=\"0054154\" data-element_type=\"container\" data-e-type=\"container\">\n\t\t\t\t<div class=\"elementor-element elementor-element-c7b6cd2 elementor-widget elementor-widget-heading\" data-id=\"c7b6cd2\" data-element_type=\"widget\" data-e-type=\"widget\" data-widget_type=\"heading.default\">\n\t\t\t\t\t<h4 class=\"elementor-heading-title elementor-size-default\">Hino de Goi\u00e1s - Vozes Crian\u00e7as<\/h4>\t\t\t\t<\/div>\n\t\t\t\t<div class=\"elementor-element elementor-element-91f716a elementor-widget elementor-widget-video\" data-id=\"91f716a\" data-element_type=\"widget\" data-e-type=\"widget\" data-settings=\"{&quot;youtube_url&quot;:&quot;https:\\\/\\\/www.youtube.com\\\/watch?v=2S6Vzm-GORg&quot;,&quot;video_type&quot;:&quot;youtube&quot;,&quot;controls&quot;:&quot;yes&quot;}\" data-widget_type=\"video.default\">\n\t\t\t\t\t\t\t<div class=\"elementor-wrapper elementor-open-inline\">\n\t\t\t<div class=\"elementor-video\"><\/div>\t\t<\/div>\n\t\t\t\t\t\t<\/div>\n\t\t\t\t<\/div>\n\t\t<div class=\"elementor-element elementor-element-f0616b4 e-con-full e-flex e-con e-child\" data-id=\"f0616b4\" data-element_type=\"container\" data-e-type=\"container\">\n\t\t\t\t<div class=\"elementor-element elementor-element-d0cf536 elementor-widget elementor-widget-heading\" data-id=\"d0cf536\" data-element_type=\"widget\" data-e-type=\"widget\" data-widget_type=\"heading.default\">\n\t\t\t\t\t<h4 class=\"elementor-heading-title elementor-size-default\">Hino de Goi\u00e1s - Vozes Adultas<\/h4>\t\t\t\t<\/div>\n\t\t\t\t<div class=\"elementor-element elementor-element-5012d4e elementor-widget elementor-widget-video\" data-id=\"5012d4e\" data-element_type=\"widget\" data-e-type=\"widget\" data-settings=\"{&quot;youtube_url&quot;:&quot;https:\\\/\\\/www.youtube.com\\\/watch?v=7zqxr8In5Uo&quot;,&quot;video_type&quot;:&quot;youtube&quot;,&quot;controls&quot;:&quot;yes&quot;}\" data-widget_type=\"video.default\">\n\t\t\t\t\t\t\t<div class=\"elementor-wrapper elementor-open-inline\">\n\t\t\t<div class=\"elementor-video\"><\/div>\t\t<\/div>\n\t\t\t\t\t\t<\/div>\n\t\t\t\t<\/div>\n\t\t<div class=\"elementor-element elementor-element-7b6841f e-con-full e-flex e-con e-child\" data-id=\"7b6841f\" data-element_type=\"container\" data-e-type=\"container\">\n\t\t\t\t<div class=\"elementor-element elementor-element-8eaadf4 elementor-widget elementor-widget-heading\" data-id=\"8eaadf4\" data-element_type=\"widget\" data-e-type=\"widget\" data-widget_type=\"heading.default\">\n\t\t\t\t\t<h4 class=\"elementor-heading-title elementor-size-default\">Hino de Goi\u00e1s Letra por estrofe<\/h4>\t\t\t\t<\/div>\n\t\t\t\t<div class=\"elementor-element elementor-element-0421f9e elementor-widget elementor-widget-video\" data-id=\"0421f9e\" data-element_type=\"widget\" data-e-type=\"widget\" data-settings=\"{&quot;youtube_url&quot;:&quot;https:\\\/\\\/www.youtube.com\\\/watch?v=7FU_Spv_euc&quot;,&quot;video_type&quot;:&quot;youtube&quot;,&quot;controls&quot;:&quot;yes&quot;}\" data-widget_type=\"video.default\">\n\t\t\t\t\t\t\t<div class=\"elementor-wrapper elementor-open-inline\">\n\t\t\t<div class=\"elementor-video\"><\/div>\t\t<\/div>\n\t\t\t\t\t\t<\/div>\n\t\t\t\t<\/div>\n\t\t\t\t\t<\/div>\n\t\t\t\t<\/div>\n\t\t<div class=\"elementor-element elementor-element-272414d e-flex e-con-boxed e-con e-parent\" data-id=\"272414d\" data-element_type=\"container\" data-e-type=\"container\">\n\t\t\t\t\t<div class=\"e-con-inner\">\n\t\t<div class=\"elementor-element elementor-element-4938c64 e-con-full e-flex e-con e-child\" data-id=\"4938c64\" data-element_type=\"container\" data-e-type=\"container\">\n\t\t\t\t<div class=\"elementor-element elementor-element-13ae32f elementor-widget elementor-widget-heading\" data-id=\"13ae32f\" data-element_type=\"widget\" data-e-type=\"widget\" data-widget_type=\"heading.default\">\n\t\t\t\t\t<h4 class=\"elementor-heading-title elementor-size-default\">Hino de Goi\u00e1s - Vozes Crian\u00e7a<\/h4>\t\t\t\t<\/div>\n\t\t\t\t<div class=\"elementor-element elementor-element-6ee4366 elementor-widget elementor-widget-text-editor\" data-id=\"6ee4366\" data-element_type=\"widget\" data-e-type=\"widget\" data-widget_type=\"text-editor.default\">\n\t\t\t\t\t\t\t\t\t<p><div class=\"wp-playlist wp-audio-playlist wp-playlist-light\">\n\t\t\t<div class=\"wp-playlist-current-item\"><\/div>\n\t\t<audio controls=\"controls\" preload=\"none\" width=\"640\"\n\t\t\t><\/audio>\n\t<div class=\"wp-playlist-next\"><\/div>\n\t<div class=\"wp-playlist-prev\"><\/div>\n\t<noscript>\n\t<ol>\n\t\t<li><a href='https:\/\/goias.gov.br\/educacao\/wp-content\/uploads\/sites\/40\/2024\/08\/Hino-de-goias-vozes-de-crianca-1.mp3'>Hino-de-goias-vozes-de-crianca<\/a><\/li>\t<\/ol>\n\t<\/noscript>\n\t<script type=\"application\/json\" class=\"wp-playlist-script\">{\"type\":\"audio\",\"tracklist\":true,\"tracknumbers\":true,\"images\":true,\"artists\":true,\"tracks\":[{\"src\":\"https:\/\/goias.gov.br\/educacao\/wp-content\/uploads\/sites\/40\/2024\/08\/Hino-de-goias-vozes-de-crianca-1.mp3\",\"type\":\"audio\/mpeg\",\"title\":\"Hino-de-goias-vozes-de-crianca\",\"caption\":\"\",\"description\":\"\\\"Hino-de-goias-vozes-de-crianca\\\".\",\"meta\":{\"length_formatted\":\"3:28\"},\"image\":{\"src\":\"https:\/\/goias.gov.br\/educacao\/wp-includes\/images\/media\/audio.svg\",\"width\":48,\"height\":64},\"thumb\":{\"src\":\"https:\/\/goias.gov.br\/educacao\/wp-includes\/images\/media\/audio.svg\",\"width\":48,\"height\":64}}]}<\/script>\n<\/div>\n\t<\/p>\t\t\t\t\t\t\t\t<\/div>\n\t\t\t\t<\/div>\n\t\t<div class=\"elementor-element elementor-element-dfb64f4 e-con-full e-flex e-con e-child\" data-id=\"dfb64f4\" data-element_type=\"container\" data-e-type=\"container\">\n\t\t\t\t<div class=\"elementor-element elementor-element-9c44de5 elementor-widget elementor-widget-heading\" data-id=\"9c44de5\" data-element_type=\"widget\" data-e-type=\"widget\" data-widget_type=\"heading.default\">\n\t\t\t\t\t<h4 class=\"elementor-heading-title elementor-size-default\">Hino de Goi\u00e1s - Vozes Adultas<\/h4>\t\t\t\t<\/div>\n\t\t\t\t<div class=\"elementor-element elementor-element-b59e91e elementor-widget elementor-widget-text-editor\" data-id=\"b59e91e\" data-element_type=\"widget\" data-e-type=\"widget\" data-widget_type=\"text-editor.default\">\n\t\t\t\t\t\t\t\t\t<p><div class=\"wp-playlist wp-audio-playlist wp-playlist-light\">\n\t\t\t<div class=\"wp-playlist-current-item\"><\/div>\n\t\t<audio controls=\"controls\" preload=\"none\" width=\"640\"\n\t\t\t><\/audio>\n\t<div class=\"wp-playlist-next\"><\/div>\n\t<div class=\"wp-playlist-prev\"><\/div>\n\t<noscript>\n\t<ol>\n\t\t<li><a href='https:\/\/goias.gov.br\/educacao\/wp-content\/uploads\/sites\/40\/2024\/08\/Hino-de-goias-vozes-de-crianca-1.mp3'>Hino-de-goias-vozes-de-crianca<\/a><\/li>\t<\/ol>\n\t<\/noscript>\n\t<script type=\"application\/json\" class=\"wp-playlist-script\">{\"type\":\"audio\",\"tracklist\":true,\"tracknumbers\":true,\"images\":true,\"artists\":true,\"tracks\":[{\"src\":\"https:\/\/goias.gov.br\/educacao\/wp-content\/uploads\/sites\/40\/2024\/08\/Hino-de-goias-vozes-de-crianca-1.mp3\",\"type\":\"audio\/mpeg\",\"title\":\"Hino-de-goias-vozes-de-crianca\",\"caption\":\"\",\"description\":\"\\\"Hino-de-goias-vozes-de-crianca\\\".\",\"meta\":{\"length_formatted\":\"3:28\"},\"image\":{\"src\":\"https:\/\/goias.gov.br\/educacao\/wp-includes\/images\/media\/audio.svg\",\"width\":48,\"height\":64},\"thumb\":{\"src\":\"https:\/\/goias.gov.br\/educacao\/wp-includes\/images\/media\/audio.svg\",\"width\":48,\"height\":64}}]}<\/script>\n<\/div>\n\t<\/p>\t\t\t\t\t\t\t\t<\/div>\n\t\t\t\t<\/div>\n\t\t<div class=\"elementor-element elementor-element-39f88a2 e-con-full e-flex e-con e-child\" data-id=\"39f88a2\" data-element_type=\"container\" data-e-type=\"container\">\n\t\t\t\t<div class=\"elementor-element elementor-element-d2fcc0b elementor-widget elementor-widget-heading\" data-id=\"d2fcc0b\" data-element_type=\"widget\" data-e-type=\"widget\" data-widget_type=\"heading.default\">\n\t\t\t\t\t<h4 class=\"elementor-heading-title elementor-size-default\">Hino de Goi\u00e1s Letra por estrofe<\/h4>\t\t\t\t<\/div>\n\t\t\t\t<div class=\"elementor-element elementor-element-0239e1d elementor-widget elementor-widget-text-editor\" data-id=\"0239e1d\" data-element_type=\"widget\" data-e-type=\"widget\" data-widget_type=\"text-editor.default\">\n\t\t\t\t\t\t\t\t\t<p><div class=\"wp-playlist wp-audio-playlist wp-playlist-light\">\n\t\t\t<div class=\"wp-playlist-current-item\"><\/div>\n\t\t<audio controls=\"controls\" preload=\"none\" width=\"640\"\n\t\t\t><\/audio>\n\t<div class=\"wp-playlist-next\"><\/div>\n\t<div class=\"wp-playlist-prev\"><\/div>\n\t<noscript>\n\t<ol>\n\t\t<li><a href='https:\/\/goias.gov.br\/educacao\/wp-content\/uploads\/sites\/40\/2024\/08\/Hino-de-goias-vozes-de-crianca-1.mp3'>Hino-de-goias-vozes-de-crianca<\/a><\/li>\t<\/ol>\n\t<\/noscript>\n\t<script type=\"application\/json\" class=\"wp-playlist-script\">{\"type\":\"audio\",\"tracklist\":true,\"tracknumbers\":true,\"images\":true,\"artists\":true,\"tracks\":[{\"src\":\"https:\/\/goias.gov.br\/educacao\/wp-content\/uploads\/sites\/40\/2024\/08\/Hino-de-goias-vozes-de-crianca-1.mp3\",\"type\":\"audio\/mpeg\",\"title\":\"Hino-de-goias-vozes-de-crianca\",\"caption\":\"\",\"description\":\"\\\"Hino-de-goias-vozes-de-crianca\\\".\",\"meta\":{\"length_formatted\":\"3:28\"},\"image\":{\"src\":\"https:\/\/goias.gov.br\/educacao\/wp-includes\/images\/media\/audio.svg\",\"width\":48,\"height\":64},\"thumb\":{\"src\":\"https:\/\/goias.gov.br\/educacao\/wp-includes\/images\/media\/audio.svg\",\"width\":48,\"height\":64}}]}<\/script>\n<\/div>\n\t<\/p>\t\t\t\t\t\t\t\t<\/div>\n\t\t\t\t<\/div>\n\t\t\t\t\t<\/div>\n\t\t\t\t<\/div>\n\t\t<div class=\"elementor-element elementor-element-915c875 e-flex e-con-boxed e-con e-parent\" data-id=\"915c875\" data-element_type=\"container\" data-e-type=\"container\">\n\t\t\t\t\t<div class=\"e-con-inner\">\n\t\t<div class=\"elementor-element elementor-element-5bb9e9e e-con-full e-flex e-con e-child\" data-id=\"5bb9e9e\" data-element_type=\"container\" data-e-type=\"container\">\n\t\t\t\t<div class=\"elementor-element elementor-element-80a0c29 elementor-widget elementor-widget-heading\" data-id=\"80a0c29\" data-element_type=\"widget\" data-e-type=\"widget\" data-widget_type=\"heading.default\">\n\t\t\t\t\t<h4 class=\"elementor-heading-title elementor-size-default\">Hino de Goi\u00e1s - 1\u00ba Lugar no IDEB<\/h4>\t\t\t\t<\/div>\n\t\t\t\t<div class=\"elementor-element elementor-element-70492f5 elementor-widget elementor-widget-text-editor\" data-id=\"70492f5\" data-element_type=\"widget\" data-e-type=\"widget\" data-widget_type=\"text-editor.default\">\n\t\t\t\t\t\t\t\t\t<div class=\"wp-playlist wp-audio-playlist wp-playlist-light\">\n\t\t\t<div class=\"wp-playlist-current-item\"><\/div>\n\t\t<audio controls=\"controls\" preload=\"none\" width=\"640\"\n\t\t\t><\/audio>\n\t<div class=\"wp-playlist-next\"><\/div>\n\t<div class=\"wp-playlist-prev\"><\/div>\n\t<noscript>\n\t<ol>\n\t\t<li><a href='https:\/\/goias.gov.br\/educacao\/wp-content\/uploads\/sites\/40\/2024\/08\/Hino-de-goias-vozes-de-crianca-1.mp3'>Hino-de-goias-vozes-de-crianca<\/a><\/li>\t<\/ol>\n\t<\/noscript>\n\t<script type=\"application\/json\" class=\"wp-playlist-script\">{\"type\":\"audio\",\"tracklist\":true,\"tracknumbers\":true,\"images\":true,\"artists\":true,\"tracks\":[{\"src\":\"https:\/\/goias.gov.br\/educacao\/wp-content\/uploads\/sites\/40\/2024\/08\/Hino-de-goias-vozes-de-crianca-1.mp3\",\"type\":\"audio\/mpeg\",\"title\":\"Hino-de-goias-vozes-de-crianca\",\"caption\":\"\",\"description\":\"\\\"Hino-de-goias-vozes-de-crianca\\\".\",\"meta\":{\"length_formatted\":\"3:28\"},\"image\":{\"src\":\"https:\/\/goias.gov.br\/educacao\/wp-includes\/images\/media\/audio.svg\",\"width\":48,\"height\":64},\"thumb\":{\"src\":\"https:\/\/goias.gov.br\/educacao\/wp-includes\/images\/media\/audio.svg\",\"width\":48,\"height\":64}}]}<\/script>\n<\/div>\n\t\t\t\t\t\t\t\t\t<\/div>\n\t\t\t\t<\/div>\n\t\t\t\t\t<\/div>\n\t\t\t\t<\/div>\n\t\t<div class=\"elementor-element elementor-element-a716287 e-flex e-con-boxed e-con e-parent\" data-id=\"a716287\" data-element_type=\"container\" data-e-type=\"container\">\n\t\t\t\t\t<div class=\"e-con-inner\">\n\t\t<div class=\"elementor-element elementor-element-ea61634 e-con-full e-flex e-con e-child\" data-id=\"ea61634\" data-element_type=\"container\" data-e-type=\"container\">\n\t\t\t\t<div class=\"elementor-element elementor-element-db134b2 elementor-widget elementor-widget-image\" data-id=\"db134b2\" data-element_type=\"widget\" data-e-type=\"widget\" data-widget_type=\"image.default\">\n\t\t\t\t\t\t\t\t\t\t\t\t\t\t\t\t<a href=\"https:\/\/goias.gov.br\/educacao\/wp-content\/uploads\/sites\/40\/files\/podcast\/Hino-de-goias-apresentacao.pptx\" target=\"_blank\">\n\t\t\t\t\t\t\t<img decoding=\"async\" src=\"https:\/\/goias.gov.br\/educacao\/wp-content\/uploads\/sites\/40\/2024\/01\/apresentao_prancheta-1.png\" title=\"\" alt=\"\" loading=\"lazy\" \/>\t\t\t\t\t\t\t\t<\/a>\n\t\t\t\t\t\t\t\t\t\t\t\t\t\t\t<\/div>\n\t\t\t\t<\/div>\n\t\t<div class=\"elementor-element elementor-element-d77ed3c e-con-full e-flex e-con e-child\" data-id=\"d77ed3c\" data-element_type=\"container\" data-e-type=\"container\">\n\t\t\t\t<div class=\"elementor-element elementor-element-e0fd39d elementor-widget elementor-widget-image\" data-id=\"e0fd39d\" data-element_type=\"widget\" data-e-type=\"widget\" data-widget_type=\"image.default\">\n\t\t\t\t\t\t\t\t\t\t\t\t\t\t\t\t<a href=\"https:\/\/goias.gov.br\/educacao\/wp-content\/uploads\/sites\/40\/files\/Hino-de-goias-letra.pdf\" target=\"_blank\">\n\t\t\t\t\t\t\t<img decoding=\"async\" src=\"https:\/\/goias.gov.br\/educacao\/wp-content\/uploads\/sites\/40\/2024\/01\/letras_prancheta-1.png\" title=\"\" alt=\"\" loading=\"lazy\" \/>\t\t\t\t\t\t\t\t<\/a>\n\t\t\t\t\t\t\t\t\t\t\t\t\t\t\t<\/div>\n\t\t\t\t<\/div>\n\t\t<div class=\"elementor-element elementor-element-cbbb69f e-con-full e-flex e-con e-child\" data-id=\"cbbb69f\" data-element_type=\"container\" data-e-type=\"container\">\n\t\t\t\t<div class=\"elementor-element elementor-element-e837fb8 elementor-widget elementor-widget-image\" data-id=\"e837fb8\" data-element_type=\"widget\" data-e-type=\"widget\" data-widget_type=\"image.default\">\n\t\t\t\t\t\t\t\t\t\t\t\t\t\t\t\t<a href=\"https:\/\/goias.gov.br\/educacao\/wp-content\/uploads\/sites\/40\/\/files\/podcast\/partitura.zip\" target=\"_blank\">\n\t\t\t\t\t\t\t<img decoding=\"async\" src=\"https:\/\/goias.gov.br\/educacao\/wp-content\/uploads\/sites\/40\/2024\/01\/partituras_prancheta-1.png\" title=\"\" alt=\"\" loading=\"lazy\" \/>\t\t\t\t\t\t\t\t<\/a>\n\t\t\t\t\t\t\t\t\t\t\t\t\t\t\t<\/div>\n\t\t\t\t<\/div>\n\t\t<div class=\"elementor-element elementor-element-103b7a6 e-con-full e-flex e-con e-child\" data-id=\"103b7a6\" data-element_type=\"container\" data-e-type=\"container\">\n\t\t\t\t<div class=\"elementor-element elementor-element-39f72d8 elementor-widget elementor-widget-image\" data-id=\"39f72d8\" data-element_type=\"widget\" data-e-type=\"widget\" data-widget_type=\"image.default\">\n\t\t\t\t\t\t\t\t\t\t\t\t\t\t\t\t<a href=\"https:\/\/goias.gov.br\/educacao\/wp-content\/uploads\/sites\/40\/\/files\/podcast\/hino-de-goias.zip\" target=\"_blank\">\n\t\t\t\t\t\t\t<img decoding=\"async\" src=\"https:\/\/goias.gov.br\/educacao\/wp-content\/uploads\/sites\/40\/2024\/01\/todos-os-aquivos_prancheta-1.png\" title=\"\" alt=\"\" loading=\"lazy\" \/>\t\t\t\t\t\t\t\t<\/a>\n\t\t\t\t\t\t\t\t\t\t\t\t\t\t\t<\/div>\n\t\t\t\t<\/div>\n\t\t\t\t\t<\/div>\n\t\t\t\t<\/div>\n\t\t\t\t<\/div>\n\t\t","protected":false},"excerpt":{"rendered":"<p>Hino de Goi\u00e1s &#8211; Vozes Crian\u00e7as https:\/\/www.youtube.com\/watch?v=2S6Vzm-GORg Hino de Goi\u00e1s &#8211; Vozes Adultas https:\/\/www.youtube.com\/watch?v=7zqxr8In5Uo Hino de Goi\u00e1s Letra por estrofe https:\/\/www.youtube.com\/watch?v=7FU_Spv_euc Hino de Goi\u00e1s &#8211; Vozes Crian\u00e7a Hino de Goi\u00e1s &#8211; Vozes Adultas Hino de Goi\u00e1s Letra por estrofe Hino de Goi\u00e1s &#8211; 1\u00ba Lugar no IDEB<\/p>\n","protected":false},"author":222,"featured_media":0,"parent":0,"menu_order":0,"comment_status":"closed","ping_status":"closed","template":"wppb_theme_template","meta":{"footnotes":""},"class_list":["post-26945","page","type-page","status-publish","hentry"],"rttpg_featured_image_url":null,"rttpg_author":{"display_name":"diegomsilva","author_link":"https:\/\/goias.gov.br\/educacao\/author\/diegomsilva\/"},"rttpg_comment":0,"rttpg_category":null,"rttpg_excerpt":"Hino de Goi\u00e1s &#8211; Vozes Crian\u00e7as https:\/\/www.youtube.com\/watch?v=2S6Vzm-GORg Hino de Goi\u00e1s &#8211; Vozes Adultas https:\/\/www.youtube.com\/watch?v=7zqxr8In5Uo Hino de Goi\u00e1s Letra por estrofe https:\/\/www.youtube.com\/watch?v=7FU_Spv_euc Hino de Goi\u00e1s &#8211; Vozes Crian\u00e7a Hino de Goi\u00e1s &#8211; Vozes Adultas Hino de Goi\u00e1s Letra por estrofe Hino de Goi\u00e1s &#8211; 1\u00ba Lugar no IDEB","_links":{"self":[{"href":"https:\/\/goias.gov.br\/educacao\/wp-json\/wp\/v2\/pages\/26945","targetHints":{"allow":["GET"]}}],"collection":[{"href":"https:\/\/goias.gov.br\/educacao\/wp-json\/wp\/v2\/pages"}],"about":[{"href":"https:\/\/goias.gov.br\/educacao\/wp-json\/wp\/v2\/types\/page"}],"author":[{"embeddable":true,"href":"https:\/\/goias.gov.br\/educacao\/wp-json\/wp\/v2\/users\/222"}],"replies":[{"embeddable":true,"href":"https:\/\/goias.gov.br\/educacao\/wp-json\/wp\/v2\/comments?post=26945"}],"version-history":[{"count":2,"href":"https:\/\/goias.gov.br\/educacao\/wp-json\/wp\/v2\/pages\/26945\/revisions"}],"predecessor-version":[{"id":674272,"href":"https:\/\/goias.gov.br\/educacao\/wp-json\/wp\/v2\/pages\/26945\/revisions\/674272"}],"wp:attachment":[{"href":"https:\/\/goias.gov.br\/educacao\/wp-json\/wp\/v2\/media?parent=26945"}],"curies":[{"name":"wp","href":"https:\/\/api.w.org\/{rel}","templated":true}]}}