

{"id":26912,"date":"2024-01-22T14:23:09","date_gmt":"2024-01-22T17:23:09","guid":{"rendered":"https:\/\/siteshom.goias.gov.br\/educacao\/?page_id=26912"},"modified":"2026-04-03T22:33:49","modified_gmt":"2026-04-04T01:33:49","slug":"institucional","status":"publish","type":"page","link":"https:\/\/goias.gov.br\/educacao\/institucional\/","title":{"rendered":"Institucional"},"content":{"rendered":"\t\t<div data-elementor-type=\"wp-page\" data-elementor-id=\"26912\" class=\"elementor elementor-26912\">\n\t\t\t\t<div class=\"elementor-element elementor-element-0464bd8 e-flex e-con-boxed e-con e-parent\" data-id=\"0464bd8\" data-element_type=\"container\" data-e-type=\"container\">\n\t\t\t\t\t<div class=\"e-con-inner\">\n\t\t\t\t<div class=\"elementor-element elementor-element-18abd42 elementor-widget elementor-widget-shortcode\" data-id=\"18abd42\" data-element_type=\"widget\" data-e-type=\"widget\" data-widget_type=\"shortcode.default\">\n\t\t\t\t\t\t\t<div class=\"elementor-shortcode\"><div data-post-id=\"27434\" class=\"insert-page insert-page-27434 \"><h1 class='insert-page-title'>A Secretaria<\/h1><p>A Secretaria de Estado da Educa\u00e7\u00e3o (Seduc) \u00e9 um \u00f3rg\u00e3o da administra\u00e7\u00e3o direta do Poder Executivo do Estado de Goi\u00e1s, criada pelo\u00a0<a href=\"https:\/\/legisla.casacivil.go.gov.br\/pesquisa_legislacao\/101682\/decreto-lei-234\" target=\"_blank\" rel=\"noopener\">Decreto-Lei n\u00ba 234<\/a>, de 6 de dezembro de 1944, alterado pela Lei estadual n\u00ba\u00a0<a href=\"https:\/\/legisla.casacivil.go.gov.br\/pesquisa_legislacao\/100701\/lei-20491\" target=\"_blank\" rel=\"noopener\">20.491<\/a>, de 25 de junho de 2019.<\/p>\n<p>A Seduc \u00e9 respons\u00e1vel pela rede p\u00fablica estadual de ensino em todo o territ\u00f3rio goiano. A rede estadual \u00e9 composta por diversas escolas, col\u00e9gios, Centros de Ensino em Per\u00edodo Integral (Cepis), Col\u00e9gios Estaduais das Pol\u00edcias Militares de Goi\u00e1s (CEPMGs) e escolas especiais, que ofertam Ensino Fundamental e Ensino M\u00e9dio.<\/p>\n<p>A secretaria tamb\u00e9m atua em colabora\u00e7\u00e3o com os munic\u00edpios goianos para a oferta da Educa\u00e7\u00e3o Infantil e Ensino Fundamental nas redes municipais de educa\u00e7\u00e3o. Veja abaixo todas as compet\u00eancias da Seduc estabelecidas pela Lei n\u00ba 20.491:<\/p>\n<p style=\"text-align: right;\"><a href=\"https:\/\/goias.gov.br\/educacao\/a-historia-da-seduc\/\">Conhe\u00e7a mais sobre a hist\u00f3ria da Seduc<\/a><\/p>\n<ul class='post-meta'>\n<li><span class='post-meta-key'>author_alias:<\/span> Joomla<\/li>\n<li><span class='post-meta-key'>rank_math_og_content_image:<\/span> a:2:{s:5:\"check\";s:32:\"f974db3d1b0ef4e8aa14729606bdfd0a\";s:6:\"images\";a:1:{i:0;i:27433;}}<\/li>\n<li><span class='post-meta-key'>tpg-post-view-count:<\/span> 1305<\/li>\n<li><span class='post-meta-key'>rank_math_primary_category:<\/span> 4789<\/li>\n<li><span class='post-meta-key'>rank_math_seo_score:<\/span> 14<\/li>\n<\/ul>\n<\/div><\/div>\n\t\t\t\t\t\t<\/div>\n\t\t\t\t\t<\/div>\n\t\t\t\t<\/div>\n\t\t<div class=\"elementor-element elementor-element-00be849 e-flex e-con-boxed e-con e-parent\" data-id=\"00be849\" data-element_type=\"container\" data-e-type=\"container\">\n\t\t\t\t\t<div class=\"e-con-inner\">\n\t\t<div class=\"elementor-element elementor-element-2a7efcf e-con-full e-flex e-con e-child\" data-id=\"2a7efcf\" data-element_type=\"container\" data-e-type=\"container\">\n\t\t\t\t<div class=\"elementor-element elementor-element-e08d559 elementor-widget elementor-widget-text-editor\" data-id=\"e08d559\" data-element_type=\"widget\" data-e-type=\"widget\" data-widget_type=\"text-editor.default\">\n\t\t\t\t\t\t\t\t\t<h1 class=\"insert-page-title\">Compet\u00eancias<\/h1><p>Compet\u00eancias da Secretaria de Estado da Educa\u00e7\u00e3o<\/p><p><a href=\"https:\/\/legisla.casacivil.go.gov.br\/pesquisa_legislacao\/106749\/lei-21792\" target=\"_blank\" rel=\"noopener\">Lei n\u00ba 21,792 de 16 de Fevereiro de 2023.<\/a><\/p><p>Art. 25. A\u0300 SEDUC competem:\u00a0<br \/>I \u2013 a formulac\u0327a\u0303o e a execuc\u0327a\u0303o da poli\u0301tica estadual de educac\u0327a\u0303o;\u00a0<br \/>II \u2013 a execuc\u0327a\u0303o das atividades da Educac\u0327a\u0303o Ba\u0301sica sob responsabilidade do Poder Pu\u0301blico Estadual;\u00a0<br \/>III \u2013 o controle e a inspec\u0327a\u0303o das atividades de Educac\u0327a\u0303o Ba\u0301sica;\u00a0<br \/>IV \u2013 a produc\u0327a\u0303o de informac\u0327o\u0303es educacionais;\u00a0<br \/>V \u2013 o desenvolvimento de pesquisa educacional; e\u00a0<br \/>VI \u2013 a universalizac\u0327a\u0303o da oferta da educac\u0327a\u0303o compromissada com a municipalizac\u0327a\u0303o e a crescente melhoria de sua qualidade.\u00a0<br \/>Art. 26. Integra a SEDUC, como o\u0301rga\u0303o colegiado, o Conselho Estadual de Alimentac\u0327a\u0303o Escolar.<\/p><h1>\u00a0<\/h1><h1 class=\"insert-page-title\">Canais de Atendimento<\/h1><p><strong>Telefones<\/strong><\/p><p>Telefone Geral: (62) 3220-9500 das\u00a0<strong>08h \u00e0s 12h\u00a0<\/strong>e das\u00a0<strong>14h \u00e0s 18h,<\/strong>\u00a0de segunda a sexta-feira<\/p><p>Telefone da Ouvidoria: 3220-9621\/9620 ou 0800 628 808 das\u00a0<strong>08h \u00e0s 12h\u00a0<\/strong>e das<strong>\u00a014h \u00e0s 18h,<\/strong>\u00a0de segunda a sexta-feira<\/p><p>Telefone de todos os departamentos dispon\u00edvel na<a href=\"https:\/\/goias.gov.br\/educacao\/cargos-e-seus-ocupantes\/\" target=\"_blank\" rel=\"noopener\">\u00a0lista de contatos da Seduc<\/a>.<\/p><p><strong>Atendimento Presencial<\/strong><\/p><p>Atendimento Presencial:\u00a0das\u00a0<strong>8h \u00e0s 12h\u00a0<\/strong>e das\u00a0<strong>14h \u00e0s 18h<\/strong>,\u00a0de segunda a sexta-feira<\/p><p>Endere\u00e7o: Av. Quinta Avenida, quadra 71, n\u00famero 212, Setor Leste Vila Nova, Goi\u00e2nia (GO), CEP 74643-030.<\/p>\t\t\t\t\t\t\t\t<\/div>\n\t\t\t\t<div class=\"elementor-element elementor-element-844d889 elementor-widget elementor-widget-text-editor\" data-id=\"844d889\" data-element_type=\"widget\" data-e-type=\"widget\" data-widget_type=\"text-editor.default\">\n\t\t\t\t\t\t\t\t\t<h1 class=\"insert-page-title\">Estrutura Organizacional<\/h1><p>A Seduc est\u00e1 dividida em tr\u00eas diretorias, 13 superintend\u00eancias executivas, uma Coordena\u00e7\u00e3o de Juventudes e 40 Coordena\u00e7\u00f5es Regionais de Educa\u00e7\u00e3o.<\/p><ul><li><h5><strong>Diretoria de Pol\u00edtica Educacional<\/strong><\/h5><ul><li>Superintend\u00eancia de Gest\u00e3o Estrat\u00e9gica e Avalia\u00e7\u00e3o de Resultados<\/li><li>Superintend\u00eancia de Apoio ao Desenvolvimento Curricular<\/li><li>Superintend\u00eancia do Programa Bolsa Educa\u00e7\u00e3o<\/li><\/ul><\/li><li><h5><b>Diretoria Pedag\u00f3gica<\/b><\/h5><ul><li>Superintend\u00eancia de Ensino M\u00e9dio<\/li><li>Superintend\u00eancia de Aten\u00e7\u00e3o Especializada<\/li><li>Superintend\u00eancia de Seguran\u00e7a Escolar e Col\u00e9gios Militares<\/li><li>Superintend\u00eancia de Desporto Educacional, Arte e Educa\u00e7\u00e3o<\/li><li>Superintend\u00eancia de Educa\u00e7\u00e3o Infantil e do Ensino Fundamental<\/li><\/ul><\/li><li><h5><b>Diretoria Administrativa e Financeira<\/b><\/h5><ul><li>Superintend\u00eancia de Gest\u00e3o e Desenvolvimento de Pessoas<\/li><li>Superintend\u00eancia de Gest\u00e3o Administrativa<\/li><li>Superintend\u00eancia de Planejamento e Finan\u00e7as<\/li><li>Superintend\u00eancia de Tecnologia<\/li><li>Superintend\u00eancia de Infraestrutura<\/li><\/ul><\/li><\/ul><p><a href=\"https:\/\/goias.gov.br\/educacao\/organograma\/\"><strong>Conhe\u00e7a tamb\u00e9m o nosso organograma<\/strong><\/a><\/p><p><a href=\"https:\/\/goias.gov.br\/educacao\/cargos-e-seus-ocupantes-2\/\"><strong>Lista de cargos e seus ocupantes<\/strong><\/a><\/p><p><a href=\"https:\/\/goias.gov.br\/educacao\/coordenacoes-regionais\/\"><strong>Coordena\u00e7\u00f5es Regionais<\/strong><\/a><\/p><p><a href=\"https:\/\/goias.gov.br\/educacao\/wp-content\/uploads\/sites\/40\/2024\/RegulamentoSecretaria\/REGULAMENTO2024diario_oficial_20240621_suplemento_completo.pdf\"><strong>Regulamento da Secretaria de Estado da Educa\u00e7\u00e3o<\/strong><\/a><\/p><p><a href=\"https:\/\/goias.gov.br\/educacao\/wp-content\/uploads\/sites\/40\/2024\/11\/LISTA-TELEFONES-GERAL.pdf\"><strong>Lista de Telefones Geral da Secretaria de Estado da Educa\u00e7\u00e3o<\/strong><\/a><\/p>\t\t\t\t\t\t\t\t<\/div>\n\t\t\t\t<\/div>\n\t\t<div class=\"elementor-element elementor-element-4e49705 e-con-full e-flex e-con e-child\" data-id=\"4e49705\" data-element_type=\"container\" data-e-type=\"container\">\n\t\t\t\t<div class=\"elementor-element elementor-element-c1b05e1 elementor-widget elementor-widget-text-editor\" data-id=\"c1b05e1\" data-element_type=\"widget\" data-e-type=\"widget\" data-widget_type=\"text-editor.default\">\n\t\t\t\t\t\t\t\t\t<h1 class=\"sppb-addon-title\">Secret\u00e1ria<\/h1>\t\t\t\t\t\t\t\t<\/div>\n\t\t\t\t<div class=\"elementor-element elementor-element-93b8a48 elementor-widget elementor-widget-text-editor\" data-id=\"93b8a48\" data-element_type=\"widget\" data-e-type=\"widget\" data-widget_type=\"text-editor.default\">\n\t\t\t\t\t\t\t\t\t<p><strong>Sobre a secret\u00e1ria<\/strong><\/p><p>\u00a0<\/p>\t\t\t\t\t\t\t\t<\/div>\n\t\t\t\t<\/div>\n\t\t\t\t\t<\/div>\n\t\t\t\t<\/div>\n\t\t\t\t<\/div>\n\t\t","protected":false},"excerpt":{"rendered":"<p>Compet\u00eancias Compet\u00eancias da Secretaria de Estado da Educa\u00e7\u00e3o Lei n\u00ba 21,792 de 16 de Fevereiro de 2023. Art. 25. A\u0300 SEDUC competem:\u00a0I \u2013 a formulac\u0327a\u0303o e a execuc\u0327a\u0303o da poli\u0301tica estadual de educac\u0327a\u0303o;\u00a0II \u2013 a execuc\u0327a\u0303o das atividades da Educac\u0327a\u0303o Ba\u0301sica sob responsabilidade do Poder Pu\u0301blico Estadual;\u00a0III \u2013 o controle e a inspec\u0327a\u0303o das atividades [&hellip;]<\/p>\n","protected":false},"author":222,"featured_media":0,"parent":0,"menu_order":0,"comment_status":"closed","ping_status":"closed","template":"","meta":{"footnotes":""},"class_list":["post-26912","page","type-page","status-publish","hentry"],"rttpg_featured_image_url":null,"rttpg_author":{"display_name":"diegomsilva","author_link":"https:\/\/goias.gov.br\/educacao\/author\/diegomsilva\/"},"rttpg_comment":0,"rttpg_category":"","rttpg_excerpt":"Compet\u00eancias Compet\u00eancias da Secretaria de Estado da Educa\u00e7\u00e3o Lei n\u00ba 21,792 de 16 de Fevereiro de 2023. Art. 25. A\u0300 SEDUC competem:\u00a0I \u2013 a formulac\u0327a\u0303o e a execuc\u0327a\u0303o da poli\u0301tica estadual de educac\u0327a\u0303o;\u00a0II \u2013 a execuc\u0327a\u0303o das atividades da Educac\u0327a\u0303o Ba\u0301sica sob responsabilidade do Poder Pu\u0301blico Estadual;\u00a0III \u2013 o controle e a inspec\u0327a\u0303o das atividades&hellip;","_links":{"self":[{"href":"https:\/\/goias.gov.br\/educacao\/wp-json\/wp\/v2\/pages\/26912","targetHints":{"allow":["GET"]}}],"collection":[{"href":"https:\/\/goias.gov.br\/educacao\/wp-json\/wp\/v2\/pages"}],"about":[{"href":"https:\/\/goias.gov.br\/educacao\/wp-json\/wp\/v2\/types\/page"}],"author":[{"embeddable":true,"href":"https:\/\/goias.gov.br\/educacao\/wp-json\/wp\/v2\/users\/222"}],"replies":[{"embeddable":true,"href":"https:\/\/goias.gov.br\/educacao\/wp-json\/wp\/v2\/comments?post=26912"}],"version-history":[{"count":2,"href":"https:\/\/goias.gov.br\/educacao\/wp-json\/wp\/v2\/pages\/26912\/revisions"}],"predecessor-version":[{"id":717076,"href":"https:\/\/goias.gov.br\/educacao\/wp-json\/wp\/v2\/pages\/26912\/revisions\/717076"}],"wp:attachment":[{"href":"https:\/\/goias.gov.br\/educacao\/wp-json\/wp\/v2\/media?parent=26912"}],"curies":[{"name":"wp","href":"https:\/\/api.w.org\/{rel}","templated":true}]}}