

{"id":26860,"date":"2024-01-11T14:56:04","date_gmt":"2024-01-11T17:56:04","guid":{"rendered":"https:\/\/siteshom.goias.gov.br\/educacao\/?page_id=26860"},"modified":"2026-01-30T14:51:39","modified_gmt":"2026-01-30T17:51:39","slug":"avaliacao-estagio-probatorio","status":"publish","type":"page","link":"https:\/\/goias.gov.br\/educacao\/avaliacao-estagio-probatorio\/","title":{"rendered":"Avalia\u00e7\u00e3o Estagio Probat\u00f3rio"},"content":{"rendered":"\t\t<div data-elementor-type=\"wp-page\" data-elementor-id=\"26860\" class=\"elementor elementor-26860\">\n\t\t\t\t<div class=\"elementor-element elementor-element-8069cfd e-flex e-con-boxed e-con e-parent\" data-id=\"8069cfd\" data-element_type=\"container\" data-e-type=\"container\">\n\t\t\t\t\t<div class=\"e-con-inner\">\n\t\t\t\t<div class=\"elementor-element elementor-element-1dd8b04 elementor-widget elementor-widget-image\" data-id=\"1dd8b04\" data-element_type=\"widget\" data-e-type=\"widget\" data-widget_type=\"image.default\">\n\t\t\t\t\t\t\t\t\t\t\t\t\t\t\t\t<a href=\"https:\/\/portal.go.gov.br\/pas-acesso-app\/app\/#\/apps\" rel=\"nofollow\">\n\t\t\t\t\t\t\t<img decoding=\"async\" src=\"https:\/\/goias.gov.br\/educacao\/wp-content\/uploads\/sites\/40\/2025\/04\/Banner-Pag.-Avaliacao-Servidores-em-Estagio-Probatorio-04.jpg\" title=\"\" alt=\"\" loading=\"lazy\" \/>\t\t\t\t\t\t\t\t<\/a>\n\t\t\t\t\t\t\t\t\t\t\t\t\t\t\t<\/div>\n\t\t\t\t<div class=\"elementor-element elementor-element-72d9e3d elementor-widget elementor-widget-text-editor\" data-id=\"72d9e3d\" data-element_type=\"widget\" data-e-type=\"widget\" data-widget_type=\"text-editor.default\">\n\t\t\t\t\t\t\t\t\t<p>Esta pagina \u00e9 destinada a avalia\u00e7\u00e3o do est\u00e1gio probat\u00f3rio dos novos servidores da educa\u00e7\u00e3o do estado de Goi\u00e1s. O Decreto estadual N\u00ba 9.396, de 5 de fevereiro de 2018 regulamenta a avalia\u00e7\u00e3o especial de desempenho do professor em est\u00e1gio probat\u00f3rio, do quadro do Magist\u00e9rio P\u00fablico Estadual, nos termos da Lei n\u00ba 13.909, de 25 de setembro de 2001.<\/p><p>O professor nomeado para cargo de provimento efetivo fica sujeito ao per\u00edodo de est\u00e1gio probat\u00f3rio de 3 (tr\u00eas) anos de efetivo exerc\u00edcio, com o objetivo de apurar os requisitos necess\u00e1rios \u00e0 sua confirma\u00e7\u00e3o no cargo para o qual foi nomeado.<\/p><p>No est\u00e1gio probat\u00f3rio s\u00e3o avaliados:<\/p><p>I \u2013 desempenho: conjunto de fatores e caracter\u00edsticas da atua\u00e7\u00e3o profissional do servidor<\/p><p>II \u2013 avalia\u00e7\u00e3o de desempenho individual: ato de medi\u00e7\u00e3o realizado pela Comiss\u00e3o de Avalia\u00e7\u00e3o Especial de Desempenho do Professor \u2013 CAEDP, com atribui\u00e7\u00e3o de valores aos requisitos preestabelecidos<\/p><p>III \u2013 ciclo de avalia\u00e7\u00e3o: per\u00edodo compreendido de abril a setembro e de outubro a mar\u00e7o para observa\u00e7\u00e3o, acompanhamento e an\u00e1lise do desempenho do professor em est\u00e1gio probat\u00f3rio nas atividades de doc\u00eancia<\/p><p>IV \u2013 ciclo de aprecia\u00e7\u00e3o do desempenho: constitu\u00eddo pelo per\u00edodo de preenchimento dos formul\u00e1rios de registro de aferi\u00e7\u00e3o do desempenho individual do professor no cargo para o qual foi nomeado, realizado pelo diretor e coordenador pedag\u00f3gico, bem como por ele mesmo, at\u00e9 o 3\u00ba dia dos meses de novembro e maio e pelo per\u00edodo de avalia\u00e7\u00e3o de desempenho do professor em est\u00e1gio probat\u00f3rio, efetuado pela CAEDP, durante os 10 (dez) dias subsequentes ao per\u00edodo dos registros de aferi\u00e7\u00e3o do desempenho individual do professor<\/p><p>V \u2013 ciclo de processamento: per\u00edodo de escalonamento de notas, recursos, confec\u00e7\u00e3o dos relat\u00f3rios consolidados de desempenho e homologa\u00e7\u00e3o, o qual se inicia no 14\u00ba dia dos meses de maio e novembro, encerrando-se em junho e dezembro, respectivamente<\/p><p>VI \u2013 etapa de avalia\u00e7\u00e3o: per\u00edodo destinado \u00e0 realiza\u00e7\u00e3o do processo de avalia\u00e7\u00e3o especial de desempenho do professor em est\u00e1gio probat\u00f3rio no exerc\u00edcio das atividades de doc\u00eancia, compreendendo os ciclos de avalia\u00e7\u00e3o, aprecia\u00e7\u00e3o e processamento, com previs\u00e3o de 5 (cinco) etapas para a conclus\u00e3o do processo de avalia\u00e7\u00e3o do est\u00e1gio probat\u00f3rio.<\/p>\t\t\t\t\t\t\t\t<\/div>\n\t\t<div class=\"elementor-element elementor-element-c06ca35 e-con-full e-flex e-con e-child\" data-id=\"c06ca35\" data-element_type=\"container\" data-e-type=\"container\">\n\t\t\t\t<div class=\"elementor-element elementor-element-56dbb5e elementor-widget elementor-widget-image\" data-id=\"56dbb5e\" data-element_type=\"widget\" data-e-type=\"widget\" data-widget_type=\"image.default\">\n\t\t\t\t\t\t\t\t\t\t\t\t\t\t\t\t<a href=\"\/educacao\/decretos-para-avaliacao-do-estagio-probatorio\/\" target=\"_blank\">\n\t\t\t\t\t\t\t<img decoding=\"async\" src=\"https:\/\/goias.gov.br\/educacao\/wp-content\/uploads\/sites\/40\/2024\/01\/card-decreto.png\" title=\"\" alt=\"\" loading=\"lazy\" \/>\t\t\t\t\t\t\t\t<\/a>\n\t\t\t\t\t\t\t\t\t\t\t\t\t\t\t<\/div>\n\t\t\t\t<div class=\"elementor-element elementor-element-0a2b22f elementor-widget elementor-widget-image\" data-id=\"0a2b22f\" data-element_type=\"widget\" data-e-type=\"widget\" data-widget_type=\"image.default\">\n\t\t\t\t\t\t\t\t\t\t\t\t\t\t\t\t<a href=\"https:\/\/goias.gov.br\/educacao\/manuais-avaliacao-estagio-probatorio\/\" target=\"_blank\">\n\t\t\t\t\t\t\t<img decoding=\"async\" src=\"https:\/\/goias.gov.br\/educacao\/wp-content\/uploads\/sites\/40\/2024\/01\/card-manual.png\" title=\"\" alt=\"\" loading=\"lazy\" \/>\t\t\t\t\t\t\t\t<\/a>\n\t\t\t\t\t\t\t\t\t\t\t\t\t\t\t<\/div>\n\t\t\t\t<div class=\"elementor-element elementor-element-d18e483 elementor-widget elementor-widget-image\" data-id=\"d18e483\" data-element_type=\"widget\" data-e-type=\"widget\" data-widget_type=\"image.default\">\n\t\t\t\t\t\t\t\t\t\t\t\t\t\t\t\t<a href=\"https:\/\/portal.go.gov.br\/cas\/login?TARGET=https%3A%2F%2Fportal.go.gov.br%2Fpas-acesso-app%2Fapp%2F\" target=\"_blank\">\n\t\t\t\t\t\t\t<img decoding=\"async\" src=\"https:\/\/goias.gov.br\/educacao\/wp-content\/uploads\/sites\/40\/2024\/01\/card-fazer-avaliao.png\" title=\"\" alt=\"\" loading=\"lazy\" \/>\t\t\t\t\t\t\t\t<\/a>\n\t\t\t\t\t\t\t\t\t\t\t\t\t\t\t<\/div>\n\t\t\t\t<div class=\"elementor-element elementor-element-5b574d6 elementor-widget elementor-widget-image\" data-id=\"5b574d6\" data-element_type=\"widget\" data-e-type=\"widget\" data-widget_type=\"image.default\">\n\t\t\t\t\t\t\t\t\t\t\t\t\t\t\t\t<a href=\"\/educacao\/portarias-estagio-probatorio\/\" target=\"_blank\">\n\t\t\t\t\t\t\t<img decoding=\"async\" src=\"https:\/\/goias.gov.br\/educacao\/wp-content\/uploads\/sites\/40\/2024\/01\/card-portaria.png\" title=\"\" alt=\"\" loading=\"lazy\" \/>\t\t\t\t\t\t\t\t<\/a>\n\t\t\t\t\t\t\t\t\t\t\t\t\t\t\t<\/div>\n\t\t\t\t<\/div>\n\t\t\t\t\t<\/div>\n\t\t\t\t<\/div>\n\t\t\t\t<\/div>\n\t\t","protected":false},"excerpt":{"rendered":"<p>Esta pagina \u00e9 destinada a avalia\u00e7\u00e3o do est\u00e1gio probat\u00f3rio dos novos servidores da educa\u00e7\u00e3o do estado de Goi\u00e1s. O Decreto estadual N\u00ba 9.396, de 5 de fevereiro de 2018 regulamenta a avalia\u00e7\u00e3o especial de desempenho do professor em est\u00e1gio probat\u00f3rio, do quadro do Magist\u00e9rio P\u00fablico Estadual, nos termos da Lei n\u00ba 13.909, de 25 de [&hellip;]<\/p>\n","protected":false},"author":222,"featured_media":0,"parent":0,"menu_order":0,"comment_status":"closed","ping_status":"closed","template":"wppb_theme_template","meta":{"footnotes":""},"class_list":["post-26860","page","type-page","status-publish","hentry"],"rttpg_featured_image_url":null,"rttpg_author":{"display_name":"diegomsilva","author_link":"https:\/\/goias.gov.br\/educacao\/author\/diegomsilva\/"},"rttpg_comment":0,"rttpg_category":null,"rttpg_excerpt":"Esta pagina \u00e9 destinada a avalia\u00e7\u00e3o do est\u00e1gio probat\u00f3rio dos novos servidores da educa\u00e7\u00e3o do estado de Goi\u00e1s. O Decreto estadual N\u00ba 9.396, de 5 de fevereiro de 2018 regulamenta a avalia\u00e7\u00e3o especial de desempenho do professor em est\u00e1gio probat\u00f3rio, do quadro do Magist\u00e9rio P\u00fablico Estadual, nos termos da Lei n\u00ba 13.909, de 25 de&hellip;","_links":{"self":[{"href":"https:\/\/goias.gov.br\/educacao\/wp-json\/wp\/v2\/pages\/26860","targetHints":{"allow":["GET"]}}],"collection":[{"href":"https:\/\/goias.gov.br\/educacao\/wp-json\/wp\/v2\/pages"}],"about":[{"href":"https:\/\/goias.gov.br\/educacao\/wp-json\/wp\/v2\/types\/page"}],"author":[{"embeddable":true,"href":"https:\/\/goias.gov.br\/educacao\/wp-json\/wp\/v2\/users\/222"}],"replies":[{"embeddable":true,"href":"https:\/\/goias.gov.br\/educacao\/wp-json\/wp\/v2\/comments?post=26860"}],"version-history":[{"count":3,"href":"https:\/\/goias.gov.br\/educacao\/wp-json\/wp\/v2\/pages\/26860\/revisions"}],"predecessor-version":[{"id":679629,"href":"https:\/\/goias.gov.br\/educacao\/wp-json\/wp\/v2\/pages\/26860\/revisions\/679629"}],"wp:attachment":[{"href":"https:\/\/goias.gov.br\/educacao\/wp-json\/wp\/v2\/media?parent=26860"}],"curies":[{"name":"wp","href":"https:\/\/api.w.org\/{rel}","templated":true}]}}