

{"id":26735,"date":"2024-01-04T16:07:32","date_gmt":"2024-01-04T19:07:32","guid":{"rendered":"https:\/\/siteshom.goias.gov.br\/educacao\/?page_id=26735"},"modified":"2026-01-28T14:35:23","modified_gmt":"2026-01-28T17:35:23","slug":"sobre-os-alunos","status":"publish","type":"page","link":"https:\/\/goias.gov.br\/educacao\/sobre-os-alunos\/","title":{"rendered":"Sobre os Alunos"},"content":{"rendered":"\t\t<div data-elementor-type=\"wp-page\" data-elementor-id=\"26735\" class=\"elementor elementor-26735\">\n\t\t\t\t<div class=\"elementor-element elementor-element-1913ba5 e-flex e-con-boxed e-con e-parent\" data-id=\"1913ba5\" data-element_type=\"container\" data-e-type=\"container\">\n\t\t\t\t\t<div class=\"e-con-inner\">\n\t\t\t\t<div class=\"elementor-element elementor-element-1b75b79 elementor-widget elementor-widget-heading\" data-id=\"1b75b79\" data-element_type=\"widget\" data-e-type=\"widget\" data-widget_type=\"heading.default\">\n\t\t\t\t\t<h2 class=\"elementor-heading-title elementor-size-default\">Sobre os Alunos<\/h2>\t\t\t\t<\/div>\n\t\t\t\t<div class=\"elementor-element elementor-element-798b28f elementor-widget elementor-widget-shortcode\" data-id=\"798b28f\" data-element_type=\"widget\" data-e-type=\"widget\" data-widget_type=\"shortcode.default\">\n\t\t\t\t\t\t\t<div class=\"elementor-shortcode\"><div data-post-id=\"36489\" class=\"insert-page insert-page-36489 \"><h3><strong>1-\u00a0\u00a0\u00a0Como fa\u00e7o a matr\u00edcula de aluno(a) em escola da rede estadual?<\/strong><\/h3>\n<p>Para matricular um(a) aluno(a) pela primeira vez nas escolas p\u00fablicas da rede estadual de educa\u00e7\u00e3o de Goi\u00e1s \u00e9 preciso que o(a) respons\u00e1vel pelo(a) aluno(a), busque a secretaria da escola e fa\u00e7a a solicita\u00e7\u00e3o de matr\u00edcula. No entanto, \u00e9 preciso que tenha a vaga na referida unidade escolar, caso n\u00e3o haja a vaga, torna-se necess\u00e1rio procurar a Coordena\u00e7\u00e3o Regional de Educa\u00e7\u00e3o para solicitar a matr\u00edcula. Estando em per\u00edodo regular de matr\u00edcula, que \u00e9 noticiado no site Seduc, dispon\u00edvel em: <a href=\"https:\/\/goias.gov.br\/educacao\/\">https:\/\/goias.gov.br\/educacao\/<\/a> e nas m\u00eddias locais. Basta acessar o sistema e seguir o processo de matr\u00edcula. Primeiramente, solicita-se a vaga informando tr\u00eas unidades de prefer\u00eancia, com o n\u00famero do protocolo de solicita\u00e7\u00e3o em m\u00e3os, \u00e9 necess\u00e1rio acompanhar, no site, qual escola o(a) aluno(a) foi alocado(a) e, posteriormente ir \u00e0 escola para efetivar a matr\u00edcula. \u00c9 importante observar o cronograma para cada etapa.<\/p>\n<h3><strong>2- Quais documentos s\u00e3o necess\u00e1rios para a matr\u00edcula escolar?<\/strong><\/h3>\n<p>Os documentos necess\u00e1rios para matr\u00edcula na rede estadual de ensino s\u00e3o: certid\u00e3o de nascimento, carteira de identidade, CPF, comprovante de endere\u00e7o, cart\u00e3o de vacina\u00e7\u00e3o, t\u00edtulo de eleitor (se tiver), hist\u00f3rico escolar se for oriundo de outra unidade escolar.<\/p>\n<h3><strong>3-\u00a0\u00a0\u00a0Como fa\u00e7o a transfer\u00eancia de escola estadual para outra escola estadual?<\/strong><\/h3>\n<p>Para realizar a transfer\u00eancia de um(a) aluno(a) da escola estadual, busque a secretaria da escola e fa\u00e7a a solicita\u00e7\u00e3o de transfer\u00eancia. No entanto, \u00e9 preciso que haja a vaga na outra unidade escolar que deseja ser matriculado(a).<\/p>\n<h3><strong>4-\u00a0\u00a0\u00a0Quero matricular meu filho(a) em uma escola C\u00edvico-Militar do estado de Goi\u00e1s, como devo fazer?<\/strong><\/h3>\n<p>Para matricular um\/uma aluno(a) pela primeira vez em uma escola C\u00edvico-Militar da rede Estadual de educa\u00e7\u00e3o de Goi\u00e1s, o(a) respons\u00e1vel pelo aluno(a) precisa aguardar a abertura do processo seletivo, que \u00e9 realizado todo final de ano, na pr\u00f3pria escola, e inscrever o(a) aluno(a) para participar do sorteio, de acordo com o n\u00famero de vagas dispon\u00edveis e cadastro de reserva. Posteriormente basta seguir a orienta\u00e7\u00e3o passo a passo, disponibilizada pela Unidade Escolar.<\/p>\n<h3><strong>5- \u00c9 poss\u00edvel solicitar o certificado de conclus\u00e3o do ensino m\u00e9dio e hist\u00f3rico escolar de forma online?<\/strong><\/h3>\n<p>A Secretaria de Estado da Educa\u00e7\u00e3o, por meio do Portal Expresso, disponibilizou um servi\u00e7o, parcialmente digital, de solicita\u00e7\u00e3o de certificado para alunos (a)s que conclu\u00edram o ensino m\u00e9dio na rede estadual de educa\u00e7\u00e3o de Goi\u00e1s, a partir do ano letivo de 2002. No entanto, em caso de dificuldade, e por se tratar de um servi\u00e7o que depende da atua\u00e7\u00e3o direta da escola, \u00e9 necess\u00e1rio que o(a) solicitante entre em contato diretamente com a secretaria da escola e busque orienta\u00e7\u00f5es adicionais, quando for o caso.<\/p>\n<p>Para solicitar certificado e hist\u00f3rico escolar de maneira online \u00e9 necess\u00e1rio acessar o site <a href=\"https:\/\/www.go.gov.br\/servicos\/servico\/solicitar-certificado-de-conclusao-de-curso-do-ensino-medio\">https:\/\/www.go.gov.br\/servicos\/servico\/solicitar-certificado-de-conclusao-de-curso-do-ensino-medio<\/a> e seguir as etapas ali descritas.<\/p>\n<h3><strong>6- Como obter certifica\u00e7\u00e3o do Exame Nacional para Certifica\u00e7\u00e3o de Compet\u00eancia de Jovens e Adultos &#8211; ENCCEJA?<\/strong><\/h3>\n<p>O (a) interessado(a) que durante a inscri\u00e7\u00e3o optou pela Secretaria de Estado da Educa\u00e7\u00e3o (SEDUC Goi\u00e1s) como institui\u00e7\u00e3o certificadora e, nas provas, teve desempenho satisfat\u00f3rio, dever\u00e1 consultar a lista de unidades escolares certificadoras, no site da SEDUC, ir \u00e0 escola escolhida, apresentar os documentos pessoais e fazer a solicita\u00e7\u00e3o. Para solicitar informa\u00e7\u00f5es adicionais, enviar e-mail para: <a href=\"mailto:geeja@seduc.go.gov.br\">geeja@seduc.go.gov.br<\/a>.<\/p>\n<p>\u00a0<\/p>\n<p>OBS. Para quem selecionou o\u00a0<a href=\"http:\/\/www.ifgoias.edu.br\/aluno\/17-ifg\/ultimas-noticias\/6953-enccejacertificacao\">Instituto Federal Goiano (IFG) como institui\u00e7\u00e3o certificadora do Encceja<\/a>, deve preencher um formul\u00e1rio online do IFG.\u00a0<\/p>\n<p>\u00a0<\/p>\n<p>O boletim de desempenho no Encceja pode ser acessado\u00a0<a href=\"http:\/\/enccejanacional.inep.gov.br\/encceja\/#!\/loginParticipante\">na p\u00e1gina do Instituto Nacional de Estudos e Pesquisas Educacionais An\u00edsio Teixeira (Inep)<\/a>, mediante CPF e senha.\u00a0<\/p>\n<p>\u00a0<\/p>\n<p>Site para acesso:\u00a0<a href=\"https:\/\/www.gov.br\/inep\/pt-br\">https:\/\/www.gov.br\/inep\/pt-br<\/a><\/p>\n<p>\u00a0<\/p>\n<h3><strong>7-\u00a0\u00a0\u00a0Onde consigo a documenta\u00e7\u00e3o escolar de uma unidade que fechou em Goi\u00e2nia, ou no interior de Goi\u00e1s?<\/strong><\/h3>\n<p>Em Goi\u00e2nia, faz-se necess\u00e1rio buscar a documenta\u00e7\u00e3o junto ao Arquivo das Escolas Extintas. Lista das escolas extintas e informa\u00e7\u00f5es no link <a href=\"https:\/\/goias.gov.br\/educacao\/escolas-extintas\/\">https:\/\/goias.gov.br\/educacao\/escolas-extintas\/<\/a>, ou no endere\u00e7o: Rua Hugo de Carvalho Ramos, 201, Vila Irani, Goi\u00e2nia\/Goi\u00e1s (Antigo Col\u00e9gio Estadual Marechal Rondon). E-mail:\u00a0<a href=\"mailto:acervo.seduce@seduc.go.gov.br\">acervo.seduce@seduc.go.gov.br<\/a>. Telefones para contato: (62) 3220 -9900 | 3220-9901| Hor\u00e1rio de atendimento: 8h \u00e0s 12h e das 14h \u00e0s 18h, de segunda a sexta-feira.<\/p>\n<p>OBS. Alunos(as) do interior do estado de Goi\u00e1s devem procurar a Coordena\u00e7\u00e3o Regional de Educa\u00e7\u00e3o respons\u00e1vel.\u00a0<\/p>\n<h3><strong>8-\u00a0\u00a0\u00a0Eu tenho mais de 18 anos e quero concluir meus estudos, mas n\u00e3o tenho tempo para frequentar escola, como proceder?<\/strong><\/h3>\n<p>Para a Educa\u00e7\u00e3o de Jovens e Adultos -EJA presencial a matr\u00edcula \u00e9 semestral, disponibilizado no site da<br \/>Seduc <a href=\"https:\/\/goias.gov.br\/educacao\/\">https:\/\/goias.gov.br\/educacao\/<\/a>, e posteriormente ir \u00e0 escola confirmar a matr\u00edcula. Fora do per\u00edodo de inscri\u00e7\u00e3o on-line o(a) estudante dever\u00e1 procurar a escola de interesse, desde que haja vaga dispon\u00edvel. Para a EJA-EAD, procurar um dos Centros de Educa\u00e7\u00e3o de Jovens e Adultos (CEJA).<\/p>\n<p>OBS. Para matricular nessa modalidade, os requisitos de idade para o Ensino Fundamental \u00e9 15 anos e para o Ensino M\u00e9dio 18 anos completos na data da matr\u00edcula.<\/p>\n<h3><strong>9- Conclu\u00ed os estudos em uma unidade escolar estadual de Goi\u00e1s, como fa\u00e7o para pegar meu certificado?<\/strong><\/h3>\n<p>Para solicitar o certificado e\/ou hist\u00f3rico escolar \u00e9 necess\u00e1rio que o(a) aluno(a), ou seu respons\u00e1vel ou o mesmo um procurador legal procure a unidade escolar em que estudou e fa\u00e7a a solicita\u00e7\u00e3o. Caso a unidade escolar esteja extinta, procurar o acervo das escolas extintas da cidade.<\/p>\n<h3><br \/><strong>10- O que \u00e9 o Programa Bolsa Estudo e a quem se destina?<\/strong><\/h3>\n<p>O programa Bolsa Estudo, do Governo de Goi\u00e1s, foi criado pela Lei 21.162 e consiste em uma pol\u00edtica p\u00fablica de car\u00e1ter educacional e assistencial, que busca incentivar a aprendizagem e combater a evas\u00e3o escolar. A bolsa tamb\u00e9m est\u00e1 vinculada ao programa busca ativa: acolher para permanecer, lan\u00e7ado pela Secretaria de Estado de Educa\u00e7\u00e3o.<\/p>\n<p>Todos os estudantes matriculados no Ensino M\u00e9dio da Rede P\u00fablica Estadual de Goi\u00e1s (escolas com Inep) t\u00eam direito \u00e0 bolsa. Para tanto \u00e9 necess\u00e1rio que o(a) estudante tenha frequ\u00eancia a partir de 75% EM TODAS AS DISCIPLINAS e as notas bimestrais a partir da m\u00e9dia 6,0 EM TODAS AS DISCIPLINAS.\u00a0<\/p>\n<h3><strong>11- \u00c9 obrigat\u00f3rio apresentar o cart\u00e3o de vacina\u00e7\u00e3o das escolas da rede estadual?<\/strong><\/h3>\n<p>Sim, a Lei 22.243, de 28 de agosto de 2023, prev\u00ea a obrigatoriedade da apresenta\u00e7\u00e3o da Certifica\u00e7\u00e3o da Vacina\u00e7\u00e3o\u00a0na efetiva\u00e7\u00e3o da matr\u00edcula escolar para estudantes de at\u00e9 18 anos.\u00a0Entretanto, nenhum jovem ser\u00e1 impedido de estudar se n\u00e3o apresentar o comprovante de vacina\u00e7\u00e3o no ato da matr\u00edcula. O(a) estudante ter\u00e1 prazo de at\u00e9 30 dias para regulariza\u00e7\u00e3o do comprovante de vacina\u00e7\u00e3o e apresent\u00e1-lo \u00e0 escola.<\/p>\n<h3><strong>12- Programa P\u00e9-de-Meia, a quem se destina?<\/strong><\/h3>\n<p>Para receber o benef\u00edcio do programa P\u00e9-de-Meia, o estudante n\u00e3o precisa fazer cadastro, sendo necess\u00e1rio ter CPF e matr\u00edcula em alguma s\u00e9rie do ensino m\u00e9dio de escolas p\u00fablicas, registrada at\u00e9 dois meses ap\u00f3s o in\u00edcio do ano letivo. O aluno deve ter tamb\u00e9m idade de 14 a 24 anos e ser integrante de fam\u00edlia que recebe o benef\u00edcio social do Bolsa Fam\u00edlia.<\/p>\n<p><a href=\"https:\/\/goias.gov.br\/educacao\/?s=p%C3%A9-de-meia\">https:\/\/goias.gov.br\/educacao\/?s=p%C3%A9-de-meia<\/a><\/p>\n<h3><strong>13- Programa Goiano de Dignidade Menstrual, a quem se destina?<\/strong><\/h3>\n<p>A entrega \u00e9 feita pela Secretaria de Estado da Educa\u00e7\u00e3o (Seduc), por meio da escola na qual a aluna est\u00e1 matriculada. S\u00e3o dois pacotes com oito unidades por m\u00eas, durante o per\u00edodo de 12 meses e mais um pacote adicional por semestre.<\/p>\n<p>Podem participar as alunas que est\u00e3o inscritas no Cadastro \u00danico (Cad\u00danico) do governo federal.<\/p>\n<p><a href=\"https:\/\/goias.gov.br\/educacao\/mais-de-65-mil-estudantes-da-rede-estadual-sao-beneficiadas-pelo-programa-goiano-de-dignidade-menstrual\/\">https:\/\/goias.gov.br\/educacao\/mais-de-65-mil-estudantes-da-rede-estadual-sao-beneficiadas-pelo-programa-goiano-de-dignidade-menstrual\/<\/a><\/p>\n\n\n\n\n<\/p>\r\n<\/div>\n<\/div><\/div>\n\t\t\t\t\t\t<\/div>\n\t\t\t\t\t<\/div>\n\t\t\t\t<\/div>\n\t\t\t\t<\/div>\n\t\t","protected":false},"excerpt":{"rendered":"<p>Sobre os Alunos<\/p>\n","protected":false},"author":222,"featured_media":0,"parent":0,"menu_order":0,"comment_status":"closed","ping_status":"closed","template":"wppb_theme_template","meta":{"footnotes":""},"class_list":["post-26735","page","type-page","status-publish","hentry"],"rttpg_featured_image_url":null,"rttpg_author":{"display_name":"diegomsilva","author_link":"https:\/\/goias.gov.br\/educacao\/author\/diegomsilva\/"},"rttpg_comment":0,"rttpg_category":"","rttpg_excerpt":"Sobre os Alunos","_links":{"self":[{"href":"https:\/\/goias.gov.br\/educacao\/wp-json\/wp\/v2\/pages\/26735","targetHints":{"allow":["GET"]}}],"collection":[{"href":"https:\/\/goias.gov.br\/educacao\/wp-json\/wp\/v2\/pages"}],"about":[{"href":"https:\/\/goias.gov.br\/educacao\/wp-json\/wp\/v2\/types\/page"}],"author":[{"embeddable":true,"href":"https:\/\/goias.gov.br\/educacao\/wp-json\/wp\/v2\/users\/222"}],"replies":[{"embeddable":true,"href":"https:\/\/goias.gov.br\/educacao\/wp-json\/wp\/v2\/comments?post=26735"}],"version-history":[{"count":2,"href":"https:\/\/goias.gov.br\/educacao\/wp-json\/wp\/v2\/pages\/26735\/revisions"}],"predecessor-version":[{"id":666581,"href":"https:\/\/goias.gov.br\/educacao\/wp-json\/wp\/v2\/pages\/26735\/revisions\/666581"}],"wp:attachment":[{"href":"https:\/\/goias.gov.br\/educacao\/wp-json\/wp\/v2\/media?parent=26735"}],"curies":[{"name":"wp","href":"https:\/\/api.w.org\/{rel}","templated":true}]}}