

{"id":211157,"date":"2025-02-07T16:39:48","date_gmt":"2025-02-07T19:39:48","guid":{"rendered":"https:\/\/goias.gov.br\/educacao\/?page_id=211157"},"modified":"2026-01-28T11:48:22","modified_gmt":"2026-01-28T14:48:22","slug":"tutores-educacionais-2025","status":"publish","type":"page","link":"https:\/\/goias.gov.br\/educacao\/tutores-educacionais-2025\/","title":{"rendered":"Tutores Educacionais 2025"},"content":{"rendered":"\t\t<div data-elementor-type=\"wp-page\" data-elementor-id=\"211157\" class=\"elementor elementor-211157\">\n\t\t\t\t<div class=\"elementor-element elementor-element-624aca9 e-flex e-con-boxed e-con e-parent\" data-id=\"624aca9\" data-element_type=\"container\" data-e-type=\"container\">\n\t\t\t\t\t<div class=\"e-con-inner\">\n\t\t\t\t<div class=\"elementor-element elementor-element-26294f0 elementor-widget elementor-widget-image\" data-id=\"26294f0\" data-element_type=\"widget\" data-e-type=\"widget\" data-widget_type=\"image.default\">\n\t\t\t\t\t\t\t\t\t\t\t\t\t\t\t<img decoding=\"async\" src=\"https:\/\/goias.gov.br\/educacao\/wp-content\/uploads\/sites\/40\/2025\/02\/Prancheta-8-copia-11-1.png\" title=\"\" alt=\"\" loading=\"lazy\" \/>\t\t\t\t\t\t\t\t\t\t\t\t\t\t\t<\/div>\n\t\t\t\t<div class=\"elementor-element elementor-element-b7dab9e e-n-tabs-mobile elementor-widget elementor-widget-n-tabs\" data-id=\"b7dab9e\" data-element_type=\"widget\" data-e-type=\"widget\" data-settings=\"{&quot;tabs_justify_horizontal&quot;:&quot;start&quot;,&quot;horizontal_scroll&quot;:&quot;disable&quot;}\" data-widget_type=\"nested-tabs.default\">\n\t\t\t\t\t\t\t<div class=\"e-n-tabs\" data-widget-number=\"192785310\" aria-label=\"Abas. Abra itens com &quot;Enter&quot; ou &quot;Espa\u00e7o&quot;, feche com &quot;Escape&quot; e navegue usando as teclas de &quot;Seta&quot;.\">\n\t\t\t<div class=\"e-n-tabs-heading\" role=\"tablist\">\n\t\t\t\t\t<button id=\"e-n-tab-title-1927853101\" data-tab-title-id=\"e-n-tab-title-1927853101\" class=\"e-n-tab-title\" aria-selected=\"true\" data-tab-index=\"1\" role=\"tab\" tabindex=\"0\" aria-controls=\"e-n-tab-content-1927853101\" style=\"--n-tabs-title-order: 1;\">\n\t\t\t\t\t\t<span class=\"e-n-tab-title-text\">\n\t\t\t\tTutores Educacionais 01\/2025\t\t\t<\/span>\n\t\t<\/button>\n\t\t\t\t\t<\/div>\n\t\t\t<div class=\"e-n-tabs-content\">\n\t\t\t\t<div id=\"e-n-tab-content-1927853101\" role=\"tabpanel\" aria-labelledby=\"e-n-tab-title-1927853101\" data-tab-index=\"1\" style=\"--n-tabs-title-order: 1;\" class=\"e-active elementor-element elementor-element-a33b0c6 e-con-full e-flex e-con e-child\" data-id=\"a33b0c6\" data-element_type=\"container\" data-e-type=\"container\">\n\t\t\t\t<div class=\"elementor-element elementor-element-6bcf04f elementor-widget elementor-widget-text-editor\" data-id=\"6bcf04f\" data-element_type=\"widget\" data-e-type=\"widget\" data-widget_type=\"text-editor.default\">\n\t\t\t\t\t\t\t\t\t<p><a href=\"https:\/\/goias.gov.br\/educacao\/wp-content\/uploads\/sites\/40\/2025\/02\/Edital-001-2025.pdf\">Edital 001-2025<\/a><\/p>\n<p><a href=\"https:\/\/goias.gov.br\/educacao\/wp-content\/uploads\/sites\/40\/2025\/02\/ANEXO-I-FICHA-DE-INSCRICAO-E-CURRICULO-SIMPLIFICADO.docx\">ANEXO I &#8211; FICHA DE INSCRI\u00c7\u00c3O E CURR\u00cdCULO SIMPLIFICADO<\/a><\/p>\n<p><a href=\"https:\/\/goias.gov.br\/educacao\/wp-content\/uploads\/sites\/40\/2025\/02\/ANEXO-II-FICHA-DE-PONTUACAO-PROVA-DE-TITULOS.docx\">ANEXO II &#8211; FICHA DE PONTUA\u00c7\u00c3O &#8211; PROVA DE T\u00cdTULOS<\/a><\/p>\n<p><a href=\"https:\/\/goias.gov.br\/educacao\/wp-content\/uploads\/sites\/40\/2025\/02\/ANEXO-III-FICHA-DE-CONFERENCIA-DE-DOCUMENTACAO.docx\">ANEXO III &#8211; FICHA DE CONFER\u00caNCIA DE DOCUMENTA\u00c7\u00c3O<\/a><\/p>\n<p><a href=\"https:\/\/goias.gov.br\/educacao\/wp-content\/uploads\/sites\/40\/2025\/02\/ANEXO-IV-CARTA-DE-RECOMENDACAO.docx\">ANEXO IV &#8211; CARTA DE RECOMENDA\u00c7\u00c3O<\/a><\/p>\n<p><a href=\"https:\/\/goias.gov.br\/educacao\/wp-content\/uploads\/sites\/40\/2025\/02\/ANEXO-V-PEDIDO-DE-IMPUGNACAO.docx\">ANEXO V &#8211; PEDIDO DE IMPUGNA\u00c7\u00c3O<\/a><\/p>\n<p><a href=\"https:\/\/goias.gov.br\/educacao\/wp-content\/uploads\/sites\/40\/2025\/02\/SEI_GOVERNADORIA-70709322-Retificacao-de-Edital-2.pdf\">RETIFICA\u00c7\u00c3O DO EDITAL N\u00ba 001\/2025<\/a><\/p>\n<p><a href=\"https:\/\/goias.gov.br\/educacao\/wp-content\/uploads\/sites\/40\/2025\/02\/Homologacao-Edital-01-2025.pdf\">Homologacao Edital 01-2025<\/a><\/p>\n<p><a href=\"https:\/\/goias.gov.br\/educacao\/wp-content\/uploads\/sites\/40\/2025\/02\/Divulgacao-do-Gabarito-Edital-001-2025.pdf\">Divulga\u00e7\u00e3o do Gabarito- Edital 001-2025<\/a><\/p>\n<p><a href=\"https:\/\/goias.gov.br\/educacao\/wp-content\/uploads\/sites\/40\/2025\/02\/Homologacao-Avaliacao-de-Conhecimentos.pdf\">Homologacao Avalia\u00e7\u00e3o de Conhecimentos<\/a><\/p>\n<p><a href=\"https:\/\/goias.gov.br\/educacao\/wp-content\/uploads\/sites\/40\/2025\/02\/Comunicado-3a-Entrevista-Tutoria-Educacional.pdf\">Comunicado 3\u00aa Entrevista Tutoria Educacional<\/a><\/p>\n<p><a href=\"https:\/\/goias.gov.br\/educacao\/wp-content\/uploads\/sites\/40\/2025\/03\/Resultado-Prova-de-Titulos.pdf\">Resultado Prova de T\u00edtulos<\/a><\/p>\n<p><a href=\"https:\/\/goias.gov.br\/educacao\/wp-content\/uploads\/sites\/40\/2025\/03\/Resultado-entrevista.pdf\">Resultado entrevista<\/a><\/p>\n<p><a href=\"https:\/\/goias.gov.br\/educacao\/wp-content\/uploads\/sites\/40\/2025\/03\/Resultado-Final-1.pdf\">Resultado Final<\/a><\/p>\t\t\t\t\t\t\t\t<\/div>\n\t\t\t\t<\/div>\n\t\t\t\t\t<\/div>\n\t\t<\/div>\n\t\t\t\t\t\t<\/div>\n\t\t\t\t<div class=\"elementor-element elementor-element-20b0bbd elementor-widget elementor-widget-heading\" data-id=\"20b0bbd\" data-element_type=\"widget\" data-e-type=\"widget\" data-widget_type=\"heading.default\">\n\t\t\t\t\t<h2 class=\"elementor-heading-title elementor-size-default\">Material de Apoio para  Avalia\u00e7\u00e3o de Conhecimentos <\/h2>\t\t\t\t<\/div>\n\t\t\t\t<div class=\"elementor-element elementor-element-9bcd07a elementor-widget elementor-widget-n-accordion\" data-id=\"9bcd07a\" data-element_type=\"widget\" data-e-type=\"widget\" data-settings=\"{&quot;default_state&quot;:&quot;all_collapsed&quot;,&quot;max_items_expended&quot;:&quot;one&quot;,&quot;n_accordion_animation_duration&quot;:{&quot;unit&quot;:&quot;ms&quot;,&quot;size&quot;:400,&quot;sizes&quot;:[]}}\" data-widget_type=\"nested-accordion.default\">\n\t\t\t\t\t\t\t<div class=\"e-n-accordion\" aria-label=\"Accordion. Open links with Enter or Space, close with Escape, and navigate with Arrow Keys\">\n\t\t\t\t\t\t<details id=\"e-n-accordion-item-1630\" class=\"e-n-accordion-item\" >\n\t\t\t\t<summary class=\"e-n-accordion-item-title\" data-accordion-index=\"1\" tabindex=\"0\" aria-expanded=\"false\" aria-controls=\"e-n-accordion-item-1630\" >\n\t\t\t\t\t<span class='e-n-accordion-item-title-header'><div class=\"e-n-accordion-item-title-text\"> CONHECIMENTOS ESPEC\u00cdFICOS <\/div><\/span>\n\t\t\t\t\t\t\t<span class='e-n-accordion-item-title-icon'>\n\t\t\t<span class='e-opened' ><svg aria-hidden=\"true\" class=\"e-font-icon-svg e-fas-chevron-down\" viewBox=\"0 0 448 512\" xmlns=\"http:\/\/www.w3.org\/2000\/svg\"><path d=\"M207.029 381.476L12.686 187.132c-9.373-9.373-9.373-24.569 0-33.941l22.667-22.667c9.357-9.357 24.522-9.375 33.901-.04L224 284.505l154.745-154.021c9.379-9.335 24.544-9.317 33.901.04l22.667 22.667c9.373 9.373 9.373 24.569 0 33.941L240.971 381.476c-9.373 9.372-24.569 9.372-33.942 0z\"><\/path><\/svg><\/span>\n\t\t\t<span class='e-closed'><svg aria-hidden=\"true\" class=\"e-font-icon-svg e-fas-chevron-right\" viewBox=\"0 0 320 512\" xmlns=\"http:\/\/www.w3.org\/2000\/svg\"><path d=\"M285.476 272.971L91.132 467.314c-9.373 9.373-24.569 9.373-33.941 0l-22.667-22.667c-9.357-9.357-9.375-24.522-.04-33.901L188.505 256 34.484 101.255c-9.335-9.379-9.317-24.544.04-33.901l22.667-22.667c9.373-9.373 24.569-9.373 33.941 0L285.475 239.03c9.373 9.372 9.373 24.568.001 33.941z\"><\/path><\/svg><\/span>\n\t\t<\/span>\n\n\t\t\t\t\t\t<\/summary>\n\t\t\t\t<div role=\"region\" aria-labelledby=\"e-n-accordion-item-1630\" class=\"elementor-element elementor-element-0190717 e-con-full e-flex e-con e-child\" data-id=\"0190717\" data-element_type=\"container\" data-e-type=\"container\">\n\t\t\t\t<div class=\"elementor-element elementor-element-eaee46e elementor-widget elementor-widget-text-editor\" data-id=\"eaee46e\" data-element_type=\"widget\" data-e-type=\"widget\" data-widget_type=\"text-editor.default\">\n\t\t\t\t\t\t\t\t\t<p><a href=\"https:\/\/goias.gov.br\/educacao\/wp-content\/uploads\/sites\/40\/2024\/ProcessoSeletivoSimplificado\/DesportoEducacional\/DCGOEM_2021.pdf\">Documento Curricular para Goi\u00e1s &#8211; Etapa Ensino M\u00e9dio<\/a><\/p>\n<p><a href=\"https:\/\/goias.gov.br\/educacao\/wp-content\/uploads\/sites\/40\/2024\/ProcessoSeletivoSimplificado\/DesportoEducacional\/DCGO_Anos_Finais.pdf\">Documento Curricular para Goi\u00e1s &#8211; Ampliado<\/a><\/p>\n<p><a href=\"https:\/\/goias.gov.br\/educacao\/wp-content\/uploads\/sites\/40\/2024\/ProcessoSeletivoSimplificado\/DesportoEducacional\/Diretrizes_Operacionais_CRE_2025_SUPERVISORES.pdf\">Diretrizes Operacionais Coorden\u00e7\u00e3o Regional de Educa\u00e7\u00e3o &#8211; Supervisores<\/a><\/p>\n<p><a href=\"https:\/\/goias.gov.br\/educacao\/wp-content\/uploads\/sites\/40\/2024\/ProcessoSeletivoSimplificado\/DesportoEducacional\/Livreto_de_orientacoes_Tutores_Educacionais.pdf\">Livreto de orienta\u00e7\u00f5es &#8211; Tutores Educacionais<\/a><\/p>\t\t\t\t\t\t\t\t<\/div>\n\t\t\t\t<\/div>\n\t\t\t\t\t<\/details>\n\t\t\t\t\t\t<details id=\"e-n-accordion-item-1631\" class=\"e-n-accordion-item\" >\n\t\t\t\t<summary class=\"e-n-accordion-item-title\" data-accordion-index=\"2\" tabindex=\"-1\" aria-expanded=\"false\" aria-controls=\"e-n-accordion-item-1631\" >\n\t\t\t\t\t<span class='e-n-accordion-item-title-header'><div class=\"e-n-accordion-item-title-text\"> CONHECIMENTOS GERAIS <\/div><\/span>\n\t\t\t\t\t\t\t<span class='e-n-accordion-item-title-icon'>\n\t\t\t<span class='e-opened' ><svg aria-hidden=\"true\" class=\"e-font-icon-svg e-fas-chevron-down\" viewBox=\"0 0 448 512\" xmlns=\"http:\/\/www.w3.org\/2000\/svg\"><path d=\"M207.029 381.476L12.686 187.132c-9.373-9.373-9.373-24.569 0-33.941l22.667-22.667c9.357-9.357 24.522-9.375 33.901-.04L224 284.505l154.745-154.021c9.379-9.335 24.544-9.317 33.901.04l22.667 22.667c9.373 9.373 9.373 24.569 0 33.941L240.971 381.476c-9.373 9.372-24.569 9.372-33.942 0z\"><\/path><\/svg><\/span>\n\t\t\t<span class='e-closed'><svg aria-hidden=\"true\" class=\"e-font-icon-svg e-fas-chevron-right\" viewBox=\"0 0 320 512\" xmlns=\"http:\/\/www.w3.org\/2000\/svg\"><path d=\"M285.476 272.971L91.132 467.314c-9.373 9.373-24.569 9.373-33.941 0l-22.667-22.667c-9.357-9.357-9.375-24.522-.04-33.901L188.505 256 34.484 101.255c-9.335-9.379-9.317-24.544.04-33.901l22.667-22.667c9.373-9.373 24.569-9.373 33.941 0L285.475 239.03c9.373 9.372 9.373 24.568.001 33.941z\"><\/path><\/svg><\/span>\n\t\t<\/span>\n\n\t\t\t\t\t\t<\/summary>\n\t\t\t\t<div role=\"region\" aria-labelledby=\"e-n-accordion-item-1631\" class=\"elementor-element elementor-element-6a99630 e-con-full e-flex e-con e-child\" data-id=\"6a99630\" data-element_type=\"container\" data-e-type=\"container\">\n\t\t\t\t<div class=\"elementor-element elementor-element-22f1a54 elementor-widget elementor-widget-text-editor\" data-id=\"22f1a54\" data-element_type=\"widget\" data-e-type=\"widget\" data-widget_type=\"text-editor.default\">\n\t\t\t\t\t\t\t\t\t<p><a href=\"https:\/\/goias.gov.br\/educacao\/wp-content\/uploads\/sites\/40\/2024\/ProcessoSeletivoSimplificado\/DesportoEducacional\/Matriz_Curricular_2025__Caderno_Orientador.pdf\">Matriz Curricular 2025 Caderno Orientador<\/a><\/p>\n<p><a href=\"https:\/\/goias.gov.br\/educacao\/wp-content\/uploads\/sites\/40\/2024\/ProcessoSeletivoSimplificado\/DesportoEducacional\/PEE_Metas_e_Estrategias.pdf\">Metas e Estrat\u00e9gias<\/a><\/p>\n<p><a href=\"https:\/\/goias.gov.br\/educacao\/wp-content\/uploads\/sites\/40\/2024\/ProcessoSeletivoSimplificado\/DesportoEducacional\/Planejamento_estrategico_Seduc_2023_2026.pdf\">Planejamento estrategico Seduc 2023-2026<\/a><\/p>\n<p><a href=\"https:\/\/goias.gov.br\/educacao\/wp-content\/uploads\/sites\/40\/2024\/ProcessoSeletivoSimplificado\/DesportoEducacional\/PLANO_ESTADUAL_DE_EDUCACAO_PEE_2015_2025_1_c19.pdf\">Plano de Educa\u00e7\u00e3o de Goi\u00e1s (2015-2025)<\/a><\/p>\n<p><a href=\"https:\/\/goias.gov.br\/educacao\/wp-content\/uploads\/sites\/40\/2024\/ProcessoSeletivoSimplificado\/DesportoEducacional\/Documento_Orientador_Matriz_Curricular_2025.pdf\">Documento Orientador Matriz Curricular 2025<\/a><\/p>\n<p><a href=\"https:\/\/goias.gov.br\/educacao\/wp-content\/uploads\/sites\/40\/2024\/ProcessoSeletivoSimplificado\/DesportoEducacional\/CATALOGO_DE_ELETIVAS_2025___SEDUC.pdf\">Cat\u00e1lago de Eletivas 2025<\/a><\/p>\n<p><a href=\"https:\/\/goias.gov.br\/educacao\/wp-content\/uploads\/sites\/40\/2024\/ProcessoSeletivoSimplificado\/DesportoEducacional\/Circuito_Gestao_Principios_Metodo_2016.pdf\">Circuito Gestao Principios Metodo 2016<\/a><\/p>\n<p><a href=\"https:\/\/goias.gov.br\/educacao\/wp-content\/uploads\/sites\/40\/2024\/ProcessoSeletivoSimplificado\/DesportoEducacional\/Diretrizes_Pedagogicas_Seduc_2024.pdf\">Diretrizes Pedagogicas Seduc 2024<\/a><\/p>\n<p><a href=\"https:\/\/goias.gov.br\/educacao\/wp-content\/uploads\/sites\/40\/2024\/ProcessoSeletivoSimplificado\/DesportoEducacional\/Diretrizes_Operacionais_2024%20(1).pdf\">Diretrizes Operacionais 2024<\/a><\/p>\n<p><a href=\"https:\/\/goias.gov.br\/educacao\/wp-content\/uploads\/sites\/40\/2024\/ProcessoSeletivoSimplificado\/DesportoEducacional\/Diretrizes_Operacionais_das_coordenacoes_regionais_de_educacao_CRE_2024_2025.pdf\">Diretrizes Operacionais das coordenacoes regionais de educacao CRE 2024-2025<\/a><\/p>\n<p><a href=\"https:\/\/goias.gov.br\/educacao\/wp-content\/uploads\/sites\/40\/2024\/ProcessoSeletivoSimplificado\/DesportoEducacional\/BNCC.pdf\">Base Nacional Comum Curricular<\/a><\/p>\n<p><a href=\"https:\/\/goias.gov.br\/educacao\/wp-content\/uploads\/sites\/40\/2024\/ProcessoSeletivoSimplificado\/DesportoEducacional\/CADERNO_ORIENTADOR_AVALIACAO_EDUCACIONAL_NA_REDE_ESTADUAL_DE_GOIAS.pdf\">Caderno Orientador &#8211; Avalia\u00e7\u00e3o Educaional na Rede Estadual de Ensino de Goi\u00e1s<\/a><\/p>\t\t\t\t\t\t\t\t<\/div>\n\t\t\t\t<\/div>\n\t\t\t\t\t<\/details>\n\t\t\t\t\t<\/div>\n\t\t\t\t\t\t<\/div>\n\t\t\t\t\t<\/div>\n\t\t\t\t<\/div>\n\t\t\t\t<\/div>\n\t\t","protected":false},"excerpt":{"rendered":"<p>Tutores Educacionais 01\/2025 Edital 001-2025 ANEXO I &#8211; FICHA DE INSCRI\u00c7\u00c3O E CURR\u00cdCULO SIMPLIFICADO ANEXO II &#8211; FICHA DE PONTUA\u00c7\u00c3O &#8211; PROVA DE T\u00cdTULOS ANEXO III &#8211; FICHA DE CONFER\u00caNCIA DE DOCUMENTA\u00c7\u00c3O ANEXO IV &#8211; CARTA DE RECOMENDA\u00c7\u00c3O ANEXO V &#8211; PEDIDO DE IMPUGNA\u00c7\u00c3O RETIFICA\u00c7\u00c3O DO EDITAL N\u00ba 001\/2025 Homologacao Edital 01-2025 Divulga\u00e7\u00e3o do Gabarito- [&hellip;]<\/p>\n","protected":false},"author":465,"featured_media":0,"parent":0,"menu_order":0,"comment_status":"closed","ping_status":"closed","template":"","meta":{"footnotes":""},"class_list":["post-211157","page","type-page","status-publish","hentry"],"rttpg_featured_image_url":null,"rttpg_author":{"display_name":"laysmendes","author_link":"https:\/\/goias.gov.br\/educacao\/author\/laysmendes\/"},"rttpg_comment":0,"rttpg_category":null,"rttpg_excerpt":"Tutores Educacionais 01\/2025 Edital 001-2025 ANEXO I &#8211; FICHA DE INSCRI\u00c7\u00c3O E CURR\u00cdCULO SIMPLIFICADO ANEXO II &#8211; FICHA DE PONTUA\u00c7\u00c3O &#8211; PROVA DE T\u00cdTULOS ANEXO III &#8211; FICHA DE CONFER\u00caNCIA DE DOCUMENTA\u00c7\u00c3O ANEXO IV &#8211; CARTA DE RECOMENDA\u00c7\u00c3O ANEXO V &#8211; PEDIDO DE IMPUGNA\u00c7\u00c3O RETIFICA\u00c7\u00c3O DO EDITAL N\u00ba 001\/2025 Homologacao Edital 01-2025 Divulga\u00e7\u00e3o do Gabarito-&hellip;","_links":{"self":[{"href":"https:\/\/goias.gov.br\/educacao\/wp-json\/wp\/v2\/pages\/211157","targetHints":{"allow":["GET"]}}],"collection":[{"href":"https:\/\/goias.gov.br\/educacao\/wp-json\/wp\/v2\/pages"}],"about":[{"href":"https:\/\/goias.gov.br\/educacao\/wp-json\/wp\/v2\/types\/page"}],"author":[{"embeddable":true,"href":"https:\/\/goias.gov.br\/educacao\/wp-json\/wp\/v2\/users\/465"}],"replies":[{"embeddable":true,"href":"https:\/\/goias.gov.br\/educacao\/wp-json\/wp\/v2\/comments?post=211157"}],"version-history":[{"count":2,"href":"https:\/\/goias.gov.br\/educacao\/wp-json\/wp\/v2\/pages\/211157\/revisions"}],"predecessor-version":[{"id":665906,"href":"https:\/\/goias.gov.br\/educacao\/wp-json\/wp\/v2\/pages\/211157\/revisions\/665906"}],"wp:attachment":[{"href":"https:\/\/goias.gov.br\/educacao\/wp-json\/wp\/v2\/media?parent=211157"}],"curies":[{"name":"wp","href":"https:\/\/api.w.org\/{rel}","templated":true}]}}