

{"id":164691,"date":"2024-10-28T08:55:06","date_gmt":"2024-10-28T11:55:06","guid":{"rendered":"https:\/\/goias.gov.br\/educacao\/?page_id=164691"},"modified":"2026-01-28T15:00:56","modified_gmt":"2026-01-28T18:00:56","slug":"selecao-de-estudantes-cepi-do-esporte","status":"publish","type":"page","link":"https:\/\/goias.gov.br\/educacao\/selecao-de-estudantes-cepi-do-esporte\/","title":{"rendered":"Sele\u00e7\u00e3o de Estudantes &#8211; CEPI do Esporte"},"content":{"rendered":"\t\t<div data-elementor-type=\"wp-page\" data-elementor-id=\"164691\" class=\"elementor elementor-164691\">\n\t\t\t\t<div class=\"elementor-element elementor-element-b4e4480 e-flex e-con-boxed e-con e-parent\" data-id=\"b4e4480\" data-element_type=\"container\" data-e-type=\"container\">\n\t\t\t\t\t<div class=\"e-con-inner\">\n\t\t\t\t<div class=\"elementor-element elementor-element-0c4c0d9 elementor-widget elementor-widget-image\" data-id=\"0c4c0d9\" data-element_type=\"widget\" data-e-type=\"widget\" data-widget_type=\"image.default\">\n\t\t\t\t\t\t\t\t\t\t\t\t\t\t\t<img decoding=\"async\" src=\"https:\/\/goias.gov.br\/educacao\/wp-content\/uploads\/sites\/40\/2024\/10\/banners-processo-de-selecao-periodo-integral.png\" title=\"\" alt=\"\" loading=\"lazy\" \/>\t\t\t\t\t\t\t\t\t\t\t\t\t\t\t<\/div>\n\t\t\t\t\t<\/div>\n\t\t\t\t<\/div>\n\t\t<div class=\"elementor-element elementor-element-b810783 e-flex e-con-boxed e-con e-parent\" data-id=\"b810783\" data-element_type=\"container\" data-e-type=\"container\">\n\t\t\t\t\t<div class=\"e-con-inner\">\n\t\t\t\t<div class=\"elementor-element elementor-element-1d3b7e1 elementor-widget elementor-widget-text-editor\" data-id=\"1d3b7e1\" data-element_type=\"widget\" data-e-type=\"widget\" data-widget_type=\"text-editor.default\">\n\t\t\t\t\t\t\t\t\t<p><strong>Para se matricular no CEPI do Esporte, os estudantes devem atender aos seguintes crit\u00e9rios, conforme o edital:<\/strong><\/p>\t\t\t\t\t\t\t\t<\/div>\n\t\t\t\t\t<\/div>\n\t\t\t\t<\/div>\n\t\t<div class=\"elementor-element elementor-element-e1048e6 e-flex e-con-boxed e-con e-parent\" data-id=\"e1048e6\" data-element_type=\"container\" data-e-type=\"container\">\n\t\t\t\t\t<div class=\"e-con-inner\">\n\t\t\t\t<div class=\"elementor-element elementor-element-f372efb elementor-widget__width-initial elementor-widget elementor-widget-heading\" data-id=\"f372efb\" data-element_type=\"widget\" data-e-type=\"widget\" data-widget_type=\"heading.default\">\n\t\t\t\t\t<h2 class=\"elementor-heading-title elementor-size-default\">1<\/h2>\t\t\t\t<\/div>\n\t\t\t\t<div class=\"elementor-element elementor-element-319f6c4 elementor-widget elementor-widget-text-editor\" data-id=\"319f6c4\" data-element_type=\"widget\" data-e-type=\"widget\" data-widget_type=\"text-editor.default\">\n\t\t\t\t\t\t\t\t\t<p><strong><span style=\"color: #000000;\">P\u00fablico-alvo:<\/span><\/strong><\/p><p>O processo \u00e9 destinado a estudantes do ensino fundamental e m\u00e9dio que tenham interesse em conciliar a pr\u00e1tica esportiva com a vida acad\u00eamica.<\/p>\t\t\t\t\t\t\t\t<\/div>\n\t\t\t\t\t<\/div>\n\t\t\t\t<\/div>\n\t\t<div class=\"elementor-element elementor-element-9611048 e-flex e-con-boxed e-con e-parent\" data-id=\"9611048\" data-element_type=\"container\" data-e-type=\"container\">\n\t\t\t\t\t<div class=\"e-con-inner\">\n\t\t\t\t<div class=\"elementor-element elementor-element-d159894 elementor-widget__width-initial elementor-widget elementor-widget-heading\" data-id=\"d159894\" data-element_type=\"widget\" data-e-type=\"widget\" data-widget_type=\"heading.default\">\n\t\t\t\t\t<h2 class=\"elementor-heading-title elementor-size-default\">2<\/h2>\t\t\t\t<\/div>\n\t\t\t\t<div class=\"elementor-element elementor-element-a475bdc elementor-widget elementor-widget-text-editor\" data-id=\"a475bdc\" data-element_type=\"widget\" data-e-type=\"widget\" data-widget_type=\"text-editor.default\">\n\t\t\t\t\t\t\t\t\t<p><strong><span style=\"color: #000000;\">Requisitos Acad\u00eamicos e Esportivos:<\/span><\/strong><\/p><p>Os candidatos devem comprovar v\u00ednculo com uma institui\u00e7\u00e3o educacional ou estar dentro da faixa et\u00e1ria estabelecida no edital.<br \/>A participa\u00e7\u00e3o em atividades esportivas regulares ou hist\u00f3rico de pr\u00e1tica em modalidades espec\u00edficas pode ser exigida para determinadas vagas.<\/p>\t\t\t\t\t\t\t\t<\/div>\n\t\t\t\t\t<\/div>\n\t\t\t\t<\/div>\n\t\t<div class=\"elementor-element elementor-element-a961f5b e-flex e-con-boxed e-con e-parent\" data-id=\"a961f5b\" data-element_type=\"container\" data-e-type=\"container\">\n\t\t\t\t\t<div class=\"e-con-inner\">\n\t\t\t\t<div class=\"elementor-element elementor-element-f0c6db1 elementor-widget__width-initial elementor-widget elementor-widget-heading\" data-id=\"f0c6db1\" data-element_type=\"widget\" data-e-type=\"widget\" data-widget_type=\"heading.default\">\n\t\t\t\t\t<h2 class=\"elementor-heading-title elementor-size-default\">3<\/h2>\t\t\t\t<\/div>\n\t\t\t\t<div class=\"elementor-element elementor-element-325e68d elementor-widget elementor-widget-text-editor\" data-id=\"325e68d\" data-element_type=\"widget\" data-e-type=\"widget\" data-widget_type=\"text-editor.default\">\n\t\t\t\t\t\t\t\t\t<p><strong><span style=\"color: #000000;\">Documenta\u00e7\u00e3o Necess\u00e1ria:<\/span><\/strong><\/p><p>C\u00f3pia dos documentos pessoais (RG, CPF) e comprovante de resid\u00eancia. Hist\u00f3rico escolar recente. Atestado m\u00e9dico comprovando aptid\u00e3o f\u00edsica para atividades esportivas. Autoriza\u00e7\u00e3o dos pais ou respons\u00e1veis, no caso de menores de idade.<\/p>\t\t\t\t\t\t\t\t<\/div>\n\t\t\t\t\t<\/div>\n\t\t\t\t<\/div>\n\t\t<div class=\"elementor-element elementor-element-d3e3752 e-flex e-con-boxed e-con e-parent\" data-id=\"d3e3752\" data-element_type=\"container\" data-e-type=\"container\">\n\t\t\t\t\t<div class=\"e-con-inner\">\n\t\t\t\t<div class=\"elementor-element elementor-element-790c0bb elementor-widget__width-initial elementor-widget elementor-widget-heading\" data-id=\"790c0bb\" data-element_type=\"widget\" data-e-type=\"widget\" data-widget_type=\"heading.default\">\n\t\t\t\t\t<h2 class=\"elementor-heading-title elementor-size-default\">4<\/h2>\t\t\t\t<\/div>\n\t\t\t\t<div class=\"elementor-element elementor-element-cbb146c elementor-widget elementor-widget-text-editor\" data-id=\"cbb146c\" data-element_type=\"widget\" data-e-type=\"widget\" data-widget_type=\"text-editor.default\">\n\t\t\t\t\t\t\t\t\t<p><strong><span style=\"color: #000000;\">Processo Seletivo<\/span><\/strong><\/p><p>O crit\u00e9rio de sele\u00e7\u00e3o pode envolver tanto a an\u00e1lise documental quanto a participa\u00e7\u00e3o em testes de aptid\u00e3o f\u00edsica e esportiva, de acordo com o regulamento da modalidade pretendida.<\/p>\t\t\t\t\t\t\t\t<\/div>\n\t\t\t\t\t<\/div>\n\t\t\t\t<\/div>\n\t\t<div class=\"elementor-element elementor-element-1f6325c e-flex e-con-boxed e-con e-parent\" data-id=\"1f6325c\" data-element_type=\"container\" data-e-type=\"container\">\n\t\t\t\t\t<div class=\"e-con-inner\">\n\t\t\t\t<div class=\"elementor-element elementor-element-8e3acd4 elementor-widget__width-initial elementor-widget elementor-widget-heading\" data-id=\"8e3acd4\" data-element_type=\"widget\" data-e-type=\"widget\" data-widget_type=\"heading.default\">\n\t\t\t\t\t<h2 class=\"elementor-heading-title elementor-size-default\">5<\/h2>\t\t\t\t<\/div>\n\t\t\t\t<div class=\"elementor-element elementor-element-3906d95 elementor-widget elementor-widget-text-editor\" data-id=\"3906d95\" data-element_type=\"widget\" data-e-type=\"widget\" data-widget_type=\"text-editor.default\">\n\t\t\t\t\t\t\t\t\t<p><strong><span style=\"color: #000000;\">Matr\u00edcula<\/span><\/strong><\/p><p>Esses crit\u00e9rios garantem que os alunos selecionados tenham n\u00e3o apenas interesse em esportes, mas tamb\u00e9m condi\u00e7\u00f5es f\u00edsicas e acad\u00eamicas para\u00a0 \u00a0 \u00a0 \u00a0 \u00a0 \u00a0 \u00a0 \u00a0acompanhar a rotina oferecida pelo CEPI do Esporte.<\/p>\t\t\t\t\t\t\t\t<\/div>\n\t\t\t\t\t<\/div>\n\t\t\t\t<\/div>\n\t\t<div class=\"elementor-element elementor-element-20f3920 e-flex e-con-boxed e-con e-parent\" data-id=\"20f3920\" data-element_type=\"container\" data-e-type=\"container\">\n\t\t\t\t\t<div class=\"e-con-inner\">\n\t\t\t\t<div class=\"elementor-element elementor-element-28085c2 elementor-widget__width-initial elementor-widget elementor-widget-heading\" data-id=\"28085c2\" data-element_type=\"widget\" data-e-type=\"widget\" data-widget_type=\"heading.default\">\n\t\t\t\t\t<h2 class=\"elementor-heading-title elementor-size-default\">6<\/h2>\t\t\t\t<\/div>\n\t\t\t\t<div class=\"elementor-element elementor-element-9db71d2 elementor-widget elementor-widget-text-editor\" data-id=\"9db71d2\" data-element_type=\"widget\" data-e-type=\"widget\" data-widget_type=\"text-editor.default\">\n\t\t\t\t\t\t\t\t\t<p><strong><span style=\"color: #000000;\">Crit\u00e9rios de Inscri\u00e7\u00e3o<\/span><\/strong><\/p><p><strong>I &#8211; Inscri\u00e7\u00e3o:<\/strong><\/p><ul><li>preenchimento do Formul\u00e1rio com dados e informa\u00e7\u00f5es de identifica\u00e7\u00e3o e escrita da Carta de Inten\u00e7\u00f5es<\/li><li>anexar os documentos escaneados juntos e em<strong> PDF <\/strong>( documentos pessoais &#8211; identidade e CPF; hist\u00f3rico escolar, comprovante de endere\u00e7o, 1 (uma) foto (em formato JPG)<\/li><\/ul><p><strong>\u00a0 II &#8211; Sele\u00e7\u00e3o por an\u00e1lise da Comiss\u00e3o <\/strong><\/p><ul><li>Fase 1 &#8211; an\u00e1lise de documentos exigidos, e<\/li><li>Fase 2 &#8211; an\u00e1lise da carta de inten\u00e7\u00e3o<\/li><\/ul>\t\t\t\t\t\t\t\t<\/div>\n\t\t\t\t\t<\/div>\n\t\t\t\t<\/div>\n\t\t<div class=\"elementor-element elementor-element-6042c65 e-flex e-con-boxed e-con e-parent\" data-id=\"6042c65\" data-element_type=\"container\" data-e-type=\"container\">\n\t\t\t\t\t<div class=\"e-con-inner\">\n\t\t\t\t<div class=\"elementor-element elementor-element-113f394 elementor-widget__width-initial elementor-widget elementor-widget-heading\" data-id=\"113f394\" data-element_type=\"widget\" data-e-type=\"widget\" data-widget_type=\"heading.default\">\n\t\t\t\t\t<h2 class=\"elementor-heading-title elementor-size-default\">7<\/h2>\t\t\t\t<\/div>\n\t\t\t\t<div class=\"elementor-element elementor-element-1a20d2d elementor-widget elementor-widget-text-editor\" data-id=\"1a20d2d\" data-element_type=\"widget\" data-e-type=\"widget\" data-widget_type=\"text-editor.default\">\n\t\t\t\t\t\t\t\t\t<p><strong><span style=\"color: #000000;\">Cronograma<\/span><\/strong><\/p><ul><li><strong>Per\u00edodo de Inscri\u00e7\u00e3o: <\/strong>6 a 22\/10\/2025 &#8211; <a href=\"https:\/\/forms.gle\/jWKaHjkK7SccaRMZA\">https:\/\/forms.gle\/jWKaHjkK7SccaRMZA<\/a> &#8211; at\u00e9 23h59min &#8211; hor\u00e1rio de Bras\u00edlia<\/li><li><strong>Homologa\u00e7\u00e3o das inscri\u00e7\u00f5es: <\/strong>28\/10\/2025<\/li><li><strong>Recursos inscri\u00e7\u00f5es homologadas: <\/strong>28\/10\/2025<\/li><li><strong>Resposta dos recursos: <\/strong>31\/10\/2025<\/li><li><strong>Resultado Preliminar da homologa\u00e7\u00e3o das inscri\u00e7\u00f5es &#8211; p\u00f3s-recurso: <\/strong>7\/11\/2025<\/li><li><strong>Recursos do Resultado Preliminar do Processo Seletivo: <\/strong>11\/11\/2025<\/li><li><strong>Resultado aFinal: <\/strong>14\/11\/2025<\/li><li><strong>Per\u00edodo de matr\u00edculas dos estudantes aprovados: <\/strong>21\/11 a 28\/11\/2025<\/li><\/ul>\t\t\t\t\t\t\t\t<\/div>\n\t\t\t\t\t<\/div>\n\t\t\t\t<\/div>\n\t\t<div class=\"elementor-element elementor-element-cb1b6c2 e-flex e-con-boxed e-con e-parent\" data-id=\"cb1b6c2\" data-element_type=\"container\" data-e-type=\"container\">\n\t\t\t\t\t<div class=\"e-con-inner\">\n\t\t\t\t<div class=\"elementor-element elementor-element-adce871 elementor-widget elementor-widget-text-editor\" data-id=\"adce871\" data-element_type=\"widget\" data-e-type=\"widget\" data-widget_type=\"text-editor.default\">\n\t\t\t\t\t\t\t\t\t<p>A Superintend\u00eancia de Desporto Educacional e Arte Educa\u00e7\u00e3o\/Ger\u00eancia do Desporto \u00e9 a respons\u00e1vel pela condu\u00e7\u00e3o do processo e pode ser acessada nos telefones: (62) 3220-9736 ou (62) 3220-9606, em caso de d\u00favidas.<\/p>\t\t\t\t\t\t\t\t<\/div>\n\t\t\t\t\t<\/div>\n\t\t\t\t<\/div>\n\t\t<div class=\"elementor-element elementor-element-b65b691 e-flex e-con-boxed e-con e-parent\" data-id=\"b65b691\" data-element_type=\"container\" data-e-type=\"container\" data-settings=\"{&quot;background_background&quot;:&quot;classic&quot;}\">\n\t\t\t\t\t<div class=\"e-con-inner\">\n\t\t\t\t<div class=\"elementor-element elementor-element-9eae137 elementor-widget elementor-widget-heading\" data-id=\"9eae137\" data-element_type=\"widget\" data-e-type=\"widget\" data-widget_type=\"heading.default\">\n\t\t\t\t\t<h2 class=\"elementor-heading-title elementor-size-default\">CONFIRA OS DOCUMENTOS DO PROCESSO SELETIVO <\/h2>\t\t\t\t<\/div>\n\t\t\t\t\t<\/div>\n\t\t\t\t<\/div>\n\t\t<div class=\"elementor-element elementor-element-cbb015f e-flex e-con-boxed e-con e-parent\" data-id=\"cbb015f\" data-element_type=\"container\" data-e-type=\"container\">\n\t\t\t\t\t<div class=\"e-con-inner\">\n\t\t\t\t<div class=\"elementor-element elementor-element-7e579c3 elementor-widget elementor-widget-n-accordion\" data-id=\"7e579c3\" data-element_type=\"widget\" data-e-type=\"widget\" data-settings=\"{&quot;default_state&quot;:&quot;expanded&quot;,&quot;max_items_expended&quot;:&quot;one&quot;,&quot;n_accordion_animation_duration&quot;:{&quot;unit&quot;:&quot;ms&quot;,&quot;size&quot;:400,&quot;sizes&quot;:[]}}\" data-widget_type=\"nested-accordion.default\">\n\t\t\t\t\t\t\t<div class=\"e-n-accordion\" aria-label=\"Accordion. Open links with Enter or Space, close with Escape, and navigate with Arrow Keys\">\n\t\t\t\t\t\t<details id=\"e-n-accordion-item-1320\" class=\"e-n-accordion-item\" open>\n\t\t\t\t<summary class=\"e-n-accordion-item-title\" data-accordion-index=\"1\" tabindex=\"0\" aria-expanded=\"true\" aria-controls=\"e-n-accordion-item-1320\" >\n\t\t\t\t\t<span class='e-n-accordion-item-title-header'><div class=\"e-n-accordion-item-title-text\"> Processo de Sele\u00e7\u00e3o de Estudantes 2025 <\/div><\/span>\n\t\t\t\t\t\t\t<span class='e-n-accordion-item-title-icon'>\n\t\t\t<span class='e-opened' ><svg aria-hidden=\"true\" class=\"e-font-icon-svg e-fas-chevron-down\" viewBox=\"0 0 448 512\" xmlns=\"http:\/\/www.w3.org\/2000\/svg\"><path d=\"M207.029 381.476L12.686 187.132c-9.373-9.373-9.373-24.569 0-33.941l22.667-22.667c9.357-9.357 24.522-9.375 33.901-.04L224 284.505l154.745-154.021c9.379-9.335 24.544-9.317 33.901.04l22.667 22.667c9.373 9.373 9.373 24.569 0 33.941L240.971 381.476c-9.373 9.372-24.569 9.372-33.942 0z\"><\/path><\/svg><\/span>\n\t\t\t<span class='e-closed'><svg aria-hidden=\"true\" class=\"e-font-icon-svg e-fas-chevron-right\" viewBox=\"0 0 320 512\" xmlns=\"http:\/\/www.w3.org\/2000\/svg\"><path d=\"M285.476 272.971L91.132 467.314c-9.373 9.373-24.569 9.373-33.941 0l-22.667-22.667c-9.357-9.357-9.375-24.522-.04-33.901L188.505 256 34.484 101.255c-9.335-9.379-9.317-24.544.04-33.901l22.667-22.667c9.373-9.373 24.569-9.373 33.941 0L285.475 239.03c9.373 9.372 9.373 24.568.001 33.941z\"><\/path><\/svg><\/span>\n\t\t<\/span>\n\n\t\t\t\t\t\t<\/summary>\n\t\t\t\t<div role=\"region\" aria-labelledby=\"e-n-accordion-item-1320\" class=\"elementor-element elementor-element-bcd3ce1 e-con-full e-flex e-con e-child\" data-id=\"bcd3ce1\" data-element_type=\"container\" data-e-type=\"container\">\n\t\t\t\t<div class=\"elementor-element elementor-element-1a2485b elementor-widget elementor-widget-text-editor\" data-id=\"1a2485b\" data-element_type=\"widget\" data-e-type=\"widget\" data-widget_type=\"text-editor.default\">\n\t\t\t\t\t\t\t\t\t<p><a href=\"https:\/\/goias.gov.br\/educacao\/wp-content\/uploads\/sites\/40\/2025\/09\/Edital-no-006-2025-SEDUC-Processo-de-Selecao-Estudantes-Col-Est-Regina-Pimenta-Peixoto-Moura.pdf\">Edital n\u00ba 006 2025 &#8211; Processo de Sele\u00e7\u00e3o Estudantes<\/a><\/p><p><a href=\"https:\/\/goias.gov.br\/educacao\/wp-content\/uploads\/sites\/40\/2025\/10\/SELECAO_DE_ESTUDANTES_PARA_O_CENTRO_DE_ENSINO_EM_PERIODO_INTEGRAL_DO_ESPORTE___Publicacao_corrigido_CPF.pdf\">Lista de Estudantes inscritos e homologados<\/a><\/p><p><a href=\"https:\/\/goias.gov.br\/educacao\/wp-content\/uploads\/sites\/40\/2025\/11\/Resultado_Final.pdf\" target=\"_blank\" rel=\"noopener\">Resultado do CEPI DO ESPORTE<\/a><\/p>\t\t\t\t\t\t\t\t<\/div>\n\t\t\t\t<\/div>\n\t\t\t\t\t<\/details>\n\t\t\t\t\t\t<details id=\"e-n-accordion-item-1321\" class=\"e-n-accordion-item\" >\n\t\t\t\t<summary class=\"e-n-accordion-item-title\" data-accordion-index=\"2\" tabindex=\"-1\" aria-expanded=\"false\" aria-controls=\"e-n-accordion-item-1321\" >\n\t\t\t\t\t<span class='e-n-accordion-item-title-header'><div class=\"e-n-accordion-item-title-text\"> Processo de Sele\u00e7\u00e3o de Estudantes 2024 <\/div><\/span>\n\t\t\t\t\t\t\t<span class='e-n-accordion-item-title-icon'>\n\t\t\t<span class='e-opened' ><svg aria-hidden=\"true\" class=\"e-font-icon-svg e-fas-chevron-down\" viewBox=\"0 0 448 512\" xmlns=\"http:\/\/www.w3.org\/2000\/svg\"><path d=\"M207.029 381.476L12.686 187.132c-9.373-9.373-9.373-24.569 0-33.941l22.667-22.667c9.357-9.357 24.522-9.375 33.901-.04L224 284.505l154.745-154.021c9.379-9.335 24.544-9.317 33.901.04l22.667 22.667c9.373 9.373 9.373 24.569 0 33.941L240.971 381.476c-9.373 9.372-24.569 9.372-33.942 0z\"><\/path><\/svg><\/span>\n\t\t\t<span class='e-closed'><svg aria-hidden=\"true\" class=\"e-font-icon-svg e-fas-chevron-right\" viewBox=\"0 0 320 512\" xmlns=\"http:\/\/www.w3.org\/2000\/svg\"><path d=\"M285.476 272.971L91.132 467.314c-9.373 9.373-24.569 9.373-33.941 0l-22.667-22.667c-9.357-9.357-9.375-24.522-.04-33.901L188.505 256 34.484 101.255c-9.335-9.379-9.317-24.544.04-33.901l22.667-22.667c9.373-9.373 24.569-9.373 33.941 0L285.475 239.03c9.373 9.372 9.373 24.568.001 33.941z\"><\/path><\/svg><\/span>\n\t\t<\/span>\n\n\t\t\t\t\t\t<\/summary>\n\t\t\t\t<div role=\"region\" aria-labelledby=\"e-n-accordion-item-1321\" class=\"elementor-element elementor-element-b3d0942 e-con-full e-flex e-con e-child\" data-id=\"b3d0942\" data-element_type=\"container\" data-e-type=\"container\">\n\t\t\t\t<div class=\"elementor-element elementor-element-f7c6beb elementor-widget elementor-widget-text-editor\" data-id=\"f7c6beb\" data-element_type=\"widget\" data-e-type=\"widget\" data-widget_type=\"text-editor.default\">\n\t\t\t\t\t\t\t\t\t<p><a href=\"https:\/\/goias.gov.br\/educacao\/wp-content\/uploads\/sites\/40\/2024\/10\/Edital-n-006-2024-Processo-de-Selecao-de-Estudantes-do-CEPI-do-Esporte-1.pdf\">Edital n 006 2024 &#8211; Processo de Sele\u00e7\u00e3o de Estudantes do CEPI do Esporte<\/a><\/p><p><a href=\"https:\/\/forms.office.com\/pages\/responsepage.aspx?id=8ZLlZ4GWmkK6qZUI_f13gFecP6utxOROmGhH8sRR5fZUMTRERDYyS1hNS0JHOENYOVQwQUJNWVJTTC4u&amp;origin=lprLink&amp;route=shorturl\">Para se inscrever clique aqui<\/a><\/p><p><a href=\"https:\/\/goias.gov.br\/educacao\/wp-content\/uploads\/sites\/40\/2024\/11\/Retificacao-n.o-001-1.pdf\">Retifica\u00e7\u00e3o N.\u00ba 001 &#8211; Edital de Sele\u00e7\u00e3o de Estudantes do CEPI do Esporte<\/a>\u00a0<\/p><p><a href=\"https:\/\/goias.gov.br\/educacao\/wp-content\/uploads\/sites\/40\/2024\/11\/Retificacao-no-002-Processo-de-Selecao-de-Estudantes-CEPI-do-Esporte.pdf\">Retifica\u00e7\u00e3o n\u00ba 002 Processo de Sele\u00e7\u00e3o de Estudantes CEPI do Esporte<\/a><\/p><p><a href=\"https:\/\/goias.gov.br\/educacao\/wp-content\/uploads\/sites\/40\/2024\/11\/SUPERINTENDENCIA-DE-DESPORTO-ARTE-E-EDUCACAO-Lista-de-estudantes-selecionados-para-o-CEPI-do-Esporte.-PDF-1.pdf\">Lista de Estudantes para CEPI do Esporte<\/a><\/p><p><a href=\"https:\/\/goias.gov.br\/educacao\/wp-content\/uploads\/sites\/40\/2024\/12\/SUPERINTENDENCIA-DE-DESPORTO-ARTE-E-EDUCACAO-COORDENACAO-DE-EDUCACAO-FISICA-ESCOLAR-corrigido-OFICIAL-PDF.pdf\">Lista de estudantes selecionados para o CEPI do Esporte &#8211; Final\u00a0<\/a><\/p><p><a href=\"https:\/\/goias.gov.br\/educacao\/wp-content\/uploads\/sites\/40\/2024\/12\/Retificacao-do-Cronograma-do-Edital-de-Estudante-CEPI-do-Esporte-003-PDF.pdf\">Retifica\u00e7\u00e3o do Cronograma do Edital de Estudante CEPI do Esporte 003<\/a><\/p><p><a href=\"https:\/\/goias.gov.br\/educacao\/wp-content\/uploads\/sites\/40\/2024\/12\/Resultado-final-Selecao-Estudantes-CEPI-do-Esporte-nova-data-de-matricula-PDF.pdf\">Resultado final Sele\u00e7\u00e3o Estudantes CEPI do Esporte &#8211; nova data de matr\u00edcula<\/a><\/p><p><a href=\"https:\/\/goias.gov.br\/educacao\/wp-content\/uploads\/sites\/40\/2024\/12\/Retificacao-no-003-Processo-de-Selecao-de-Estudan_241206_181146.pdf\">Retifica\u00e7\u00e3o n\u00ba 003 Processo de Sele\u00e7\u00e3o de Estudantes<\/a><\/p>\t\t\t\t\t\t\t\t<\/div>\n\t\t\t\t<\/div>\n\t\t\t\t\t<\/details>\n\t\t\t\t\t<\/div>\n\t\t\t\t\t\t<\/div>\n\t\t\t\t\t<\/div>\n\t\t\t\t<\/div>\n\t\t\t\t<\/div>\n\t\t","protected":false},"excerpt":{"rendered":"<p>Para se matricular no CEPI do Esporte, os estudantes devem atender aos seguintes crit\u00e9rios, conforme o edital: 1 P\u00fablico-alvo: O processo \u00e9 destinado a estudantes do ensino fundamental e m\u00e9dio que tenham interesse em conciliar a pr\u00e1tica esportiva com a vida acad\u00eamica. 2 Requisitos Acad\u00eamicos e Esportivos: Os candidatos devem comprovar v\u00ednculo com uma institui\u00e7\u00e3o [&hellip;]<\/p>\n","protected":false},"author":465,"featured_media":0,"parent":0,"menu_order":0,"comment_status":"closed","ping_status":"closed","template":"","meta":{"footnotes":""},"class_list":["post-164691","page","type-page","status-publish","hentry"],"rttpg_featured_image_url":null,"rttpg_author":{"display_name":"laysmendes","author_link":"https:\/\/goias.gov.br\/educacao\/author\/laysmendes\/"},"rttpg_comment":0,"rttpg_category":null,"rttpg_excerpt":"Para se matricular no CEPI do Esporte, os estudantes devem atender aos seguintes crit\u00e9rios, conforme o edital: 1 P\u00fablico-alvo: O processo \u00e9 destinado a estudantes do ensino fundamental e m\u00e9dio que tenham interesse em conciliar a pr\u00e1tica esportiva com a vida acad\u00eamica. 2 Requisitos Acad\u00eamicos e Esportivos: Os candidatos devem comprovar v\u00ednculo com uma institui\u00e7\u00e3o&hellip;","_links":{"self":[{"href":"https:\/\/goias.gov.br\/educacao\/wp-json\/wp\/v2\/pages\/164691","targetHints":{"allow":["GET"]}}],"collection":[{"href":"https:\/\/goias.gov.br\/educacao\/wp-json\/wp\/v2\/pages"}],"about":[{"href":"https:\/\/goias.gov.br\/educacao\/wp-json\/wp\/v2\/types\/page"}],"author":[{"embeddable":true,"href":"https:\/\/goias.gov.br\/educacao\/wp-json\/wp\/v2\/users\/465"}],"replies":[{"embeddable":true,"href":"https:\/\/goias.gov.br\/educacao\/wp-json\/wp\/v2\/comments?post=164691"}],"version-history":[{"count":3,"href":"https:\/\/goias.gov.br\/educacao\/wp-json\/wp\/v2\/pages\/164691\/revisions"}],"predecessor-version":[{"id":667066,"href":"https:\/\/goias.gov.br\/educacao\/wp-json\/wp\/v2\/pages\/164691\/revisions\/667066"}],"wp:attachment":[{"href":"https:\/\/goias.gov.br\/educacao\/wp-json\/wp\/v2\/media?parent=164691"}],"curies":[{"name":"wp","href":"https:\/\/api.w.org\/{rel}","templated":true}]}}