

{"id":157878,"date":"2024-10-18T14:56:54","date_gmt":"2024-10-18T17:56:54","guid":{"rendered":"https:\/\/goias.gov.br\/educacao\/?page_id=157878"},"modified":"2026-01-30T14:21:20","modified_gmt":"2026-01-30T17:21:20","slug":"centro-em-periodo-integral-do-esporte","status":"publish","type":"page","link":"https:\/\/goias.gov.br\/educacao\/centro-em-periodo-integral-do-esporte\/","title":{"rendered":"Centro de Ensino em Per\u00edodo Integral do Esporte"},"content":{"rendered":"\t\t<div data-elementor-type=\"wp-page\" data-elementor-id=\"157878\" class=\"elementor elementor-157878\">\n\t\t\t\t<div class=\"elementor-element elementor-element-56beb5b e-flex e-con-boxed e-con e-parent\" data-id=\"56beb5b\" data-element_type=\"container\" data-e-type=\"container\">\n\t\t\t\t\t<div class=\"e-con-inner\">\n\t\t\t\t<div class=\"elementor-element elementor-element-7f9555b elementor-widget elementor-widget-image\" data-id=\"7f9555b\" data-element_type=\"widget\" data-e-type=\"widget\" data-widget_type=\"image.default\">\n\t\t\t\t\t\t\t\t\t\t\t\t\t\t\t<img decoding=\"async\" src=\"https:\/\/goias.gov.br\/educacao\/wp-content\/uploads\/sites\/40\/2024\/10\/Prancheta-6-copia-9.jpg\" title=\"\" alt=\"\" loading=\"lazy\" \/>\t\t\t\t\t\t\t\t\t\t\t\t\t\t\t<\/div>\n\t\t\t\t<div class=\"elementor-element elementor-element-46a823c elementor-widget elementor-widget-text-editor\" data-id=\"46a823c\" data-element_type=\"widget\" data-e-type=\"widget\" data-widget_type=\"text-editor.default\">\n\t\t\t\t\t\t\t\t\t<p>A Secretaria de Estado da Educa\u00e7\u00e3o de Goi\u00e1s (SEDUC) est\u00e1 com o processo seletivo para a escolha do gestor da primeira escola p\u00fablica do estado que funcionar\u00e1 em per\u00edodo integral com \u00eanfase no esporte: o Centro de Ensino em Per\u00edodo Integral do Esporte. A unidade escolar est\u00e1 localizada no Residencial Center Ville, em Goi\u00e2nia, o col\u00e9gio representa um marco na educa\u00e7\u00e3o estadual ao priorizar a pr\u00e1tica esportiva como parte essencial da forma\u00e7\u00e3o dos estudantes.<\/p>\t\t\t\t\t\t\t\t<\/div>\n\t\t\t\t<div class=\"elementor-element elementor-element-31f3b1d elementor-widget elementor-widget-image\" data-id=\"31f3b1d\" data-element_type=\"widget\" data-e-type=\"widget\" data-widget_type=\"image.default\">\n\t\t\t\t\t\t\t\t\t\t\t\t\t\t\t\t<a href=\"https:\/\/goias.gov.br\/wp-content\/uploads\/sites\/40\/2024\/CEPIEsporte\/SEI_66237249_Edital.pdf\" rel=\"nofollow\">\n\t\t\t\t\t\t\t<img decoding=\"async\" src=\"https:\/\/goias.gov.br\/educacao\/wp-content\/uploads\/sites\/40\/2024\/10\/acesse-aqui-CENTRO-EM-PERIODO-INTEGRAL-DO-ESPORTE.png\" title=\"\" alt=\"\" loading=\"lazy\" \/>\t\t\t\t\t\t\t\t<\/a>\n\t\t\t\t\t\t\t\t\t\t\t\t\t\t\t<\/div>\n\t\t\t\t<div class=\"elementor-element elementor-element-1bfb445 elementor-widget elementor-widget-text-editor\" data-id=\"1bfb445\" data-element_type=\"widget\" data-e-type=\"widget\" data-widget_type=\"text-editor.default\">\n\t\t\t\t\t\t\t\t\t<p><strong>Perfil do Gestor e Requisitos<\/strong><\/p><p>O edital prev\u00ea que apenas professores efetivos de carreira no magist\u00e9rio estadual podem participar. Entre os principais requisitos, destacam-se:<\/p><ul><li>Gradua\u00e7\u00e3o em Educa\u00e7\u00e3o F\u00edsica (Licenciatura e Bacharelado) com registro no conselho profissional;<\/li><li>Preferencialmente, especializa\u00e7\u00e3o em Gest\u00e3o Escolar, Educa\u00e7\u00e3o F\u00edsica Escolar ou treinamento esportivo;<\/li><li>Experi\u00eancia em gest\u00e3o escolar, com comprova\u00e7\u00e3o de evolu\u00e7\u00e3o positiva de indicadores educacionais;<\/li><li>Disponibilidade para dedica\u00e7\u00e3o exclusiva e habilidade para media\u00e7\u00e3o de conflitos na unidade.<\/li><\/ul><p>Inscri\u00e7\u00f5es e Etapas do Processo Seletivo<\/p><p>As inscri\u00e7\u00f5es ser\u00e3o realizadas exclusivamente online, por meio do site oficial da SEDUC, no per\u00edodo de 23 a 30 de outubro de 2024. Os candidatos dever\u00e3o anexar documentos comprobat\u00f3rios, como diplomas, curr\u00edculo e certid\u00f5es. N\u00e3o ser\u00e1 cobrada taxa de inscri\u00e7\u00e3o.<\/p>\t\t\t\t\t\t\t\t<\/div>\n\t\t\t\t<div class=\"elementor-element elementor-element-0f1a2b4 elementor-widget elementor-widget-text-editor\" data-id=\"0f1a2b4\" data-element_type=\"widget\" data-e-type=\"widget\" data-widget_type=\"text-editor.default\">\n\t\t\t\t\t\t\t\t\t<p><strong>Cronograma Principal<\/strong><\/p><ul><li>Inscri\u00e7\u00f5es: 23 a 30 de outubro<\/li><li>Homologa\u00e7\u00e3o das Inscri\u00e7\u00f5es: 31 de outubro<\/li><li>Prova Objetiva: 7 de novembro<\/li><li>Entrevistas: 21 e 22 de novembro<\/li><li>Resultado: 4 de dezembro<\/li><\/ul>\t\t\t\t\t\t\t\t<\/div>\n\t\t\t\t<div class=\"elementor-element elementor-element-63b900e elementor-widget elementor-widget-text-editor\" data-id=\"63b900e\" data-element_type=\"widget\" data-e-type=\"widget\" data-widget_type=\"text-editor.default\">\n\t\t\t\t\t\t\t\t\t<p><strong>Etapas de Avalia\u00e7\u00e3o<\/strong><\/p><p><strong>\u00a0<\/strong>O processo ser\u00e1 dividido em quatro fases:<\/p><ol><li>Inscri\u00e7\u00e3o e valida\u00e7\u00e3o documental: Verifica\u00e7\u00e3o dos documentos enviados pelos candidatos.<\/li><li>Avalia\u00e7\u00e3o objetiva: Prova com quest\u00f5es sobre gest\u00e3o esportiva e educa\u00e7\u00e3o f\u00edsica escolar.<\/li><li>Entrevista e avalia\u00e7\u00e3o curricular: Etapa classificat\u00f3ria e eliminat\u00f3ria, com entrevistas realizadas online via Google Meet.<\/li><li>Defini\u00e7\u00e3o do Resultado: A nota final ser\u00e1 a m\u00e9dia entre a prova e a avalia\u00e7\u00e3o de curr\u00edculo e perfil.<\/li><\/ol><p><strong>Veja os documentos da sele\u00e7\u00e3o\u00a0<\/strong><\/p><p><a href=\"https:\/\/goias.gov.br\/educacao\/wp-content\/uploads\/sites\/40\/2024\/10\/SEI_66237249_Edital-1.pdf\">Edital &#8211; SEI_66237249_Edital <\/a><\/p><p><a href=\"https:\/\/goias.gov.br\/educacao\/wp-content\/uploads\/sites\/40\/2024\/10\/Edital-n-006-2024-Processo-de-Selecao-de-Estudantes-do-CEPI-do-Esporte.pdf\">Edital n 006 2024 Processo de Sele\u00e7\u00e3o de Estudantes do CEPI do Esporte<\/a><\/p><p><a href=\"https:\/\/link.educacao.go.gov.br\/gestorcepiesporte\" target=\"_blank\" rel=\"noopener\">Para se inscrever clique aqui<\/a><\/p><p><a href=\"https:\/\/goias.gov.br\/educacao\/wp-content\/uploads\/sites\/40\/2024\/10\/Homologacao-das-inscricoes-a-selecao-de-Gestora-do-CEPI-do-Esporte.-VF.pdf\">Homologa\u00e7\u00e3o das Inscri\u00e7\u00f5es<\/a><\/p><p><a href=\"https:\/\/goias.gov.br\/educacao\/wp-content\/uploads\/sites\/40\/2024\/11\/LOCAL-AVALIACAO-OBJETIVA-CEPI-do-ESPORTE.pdf\">Local de prova &#8211; Avalia\u00e7\u00e3o Objetiva<\/a><\/p><p><a href=\"https:\/\/goias.gov.br\/educacao\/wp-content\/uploads\/sites\/40\/2024\/11\/GABARITO-PROVA-OFICIAL-CEPI-DO-ESPORTE-vf-1.pdf\"><span class=\"selectable-text copyable-text\">Gabarito Oficial da Prova Objetiva<\/span><\/a><\/p><p><a href=\"https:\/\/goias.gov.br\/educacao\/wp-content\/uploads\/sites\/40\/2024\/11\/ETAPA-III-\u2013-RESULTADO-PRELIMINAR-AVALIACAO-CONHECIMENTOS-ESPECIFICOS.pdf\">Resultado preliminar da Avalia\u00e7\u00e3o de Conhecimentos Espec\u00edficos\u00a0<\/a><\/p><p><a href=\"https:\/\/goias.gov.br\/educacao\/wp-content\/uploads\/sites\/40\/2024\/11\/ETAPA-III-RESULTADO-FINAL-DA-CONHECIMENTOS-ESPECIFICOS-GESTOR-CEPI.pdf\">Etapa III &#8211; Resultado final: Conhecimentos especif\u00edcos gestor<\/a><\/p><p><a href=\"https:\/\/goias.gov.br\/educacao\/wp-content\/uploads\/sites\/40\/2024\/11\/Retificacao-no-001-Processo-de-Selecao-de-Gestor-Escolar-do-CEPI-do-Esporte-1.pdf\">Retifica\u00e7\u00e3o n\u00ba 001 Processo de Sele\u00e7\u00e3o de Gestor Escolar do CEPI do Esporte<\/a><\/p><p><a href=\"https:\/\/goias.gov.br\/educacao\/wp-content\/uploads\/sites\/40\/2024\/11\/SUPERINTENDENCIA-DE-DESPORTO-ARTE-E-EDUCACAO-PDF.pdf\">Data da entrevista do processo seletivo para Gestor(a)<\/a><\/p><p><a href=\"https:\/\/goias.gov.br\/educacao\/wp-content\/uploads\/sites\/40\/2024\/11\/Retificacao-no-002-Processo-de-Selecao-de-Gestor-Escolar-do-CEPI-do-Esporte-1.pdf\">Retifica\u00e7\u00e3o n\u00ba 002 Processo de Sele\u00e7\u00e3o de Gestor Escolar do CEPI do Esporte<\/a><\/p><p><a href=\"https:\/\/goias.gov.br\/educacao\/wp-content\/uploads\/sites\/40\/2024\/11\/ETAPA-IV-\u2013-Resultado-preliminar-entrevista-e-avaliacao-do-curriculo-e-Perfil-profissional-1.pdf\">ETAPA IV \u2013 Resultado preliminar entrevista e avalia\u00e7\u00e3o do curr\u00edculo e Perfil profissional<\/a><\/p><p><a href=\"https:\/\/goias.gov.br\/educacao\/wp-content\/uploads\/sites\/40\/2024\/11\/RESULTADO-PRELIMINAR-DO-PROCESSO-SELETIVO-1.pdf\">Resultado preliminar do processo seletivo <\/a><\/p><p><a href=\"https:\/\/goias.gov.br\/educacao\/wp-content\/uploads\/sites\/40\/2024\/12\/RESULTADO-FINAL-DO-PROCESSO-SELETIVO_241204_122559.pdf\">RESULTADO FINAL DO PROCESSO SELETIVO<\/a><\/p>\t\t\t\t\t\t\t\t<\/div>\n\t\t\t\t\t<\/div>\n\t\t\t\t<\/div>\n\t\t\t\t<\/div>\n\t\t","protected":false},"excerpt":{"rendered":"<p>A Secretaria de Estado da Educa\u00e7\u00e3o de Goi\u00e1s (SEDUC) est\u00e1 com o processo seletivo para a escolha do gestor da primeira escola p\u00fablica do estado que funcionar\u00e1 em per\u00edodo integral com \u00eanfase no esporte: o Centro de Ensino em Per\u00edodo Integral do Esporte. A unidade escolar est\u00e1 localizada no Residencial Center Ville, em Goi\u00e2nia, o [&hellip;]<\/p>\n","protected":false},"author":465,"featured_media":0,"parent":0,"menu_order":0,"comment_status":"closed","ping_status":"closed","template":"","meta":{"footnotes":""},"class_list":["post-157878","page","type-page","status-publish","hentry"],"rttpg_featured_image_url":null,"rttpg_author":{"display_name":"laysmendes","author_link":"https:\/\/goias.gov.br\/educacao\/author\/laysmendes\/"},"rttpg_comment":0,"rttpg_category":null,"rttpg_excerpt":"A Secretaria de Estado da Educa\u00e7\u00e3o de Goi\u00e1s (SEDUC) est\u00e1 com o processo seletivo para a escolha do gestor da primeira escola p\u00fablica do estado que funcionar\u00e1 em per\u00edodo integral com \u00eanfase no esporte: o Centro de Ensino em Per\u00edodo Integral do Esporte. A unidade escolar est\u00e1 localizada no Residencial Center Ville, em Goi\u00e2nia, o&hellip;","_links":{"self":[{"href":"https:\/\/goias.gov.br\/educacao\/wp-json\/wp\/v2\/pages\/157878","targetHints":{"allow":["GET"]}}],"collection":[{"href":"https:\/\/goias.gov.br\/educacao\/wp-json\/wp\/v2\/pages"}],"about":[{"href":"https:\/\/goias.gov.br\/educacao\/wp-json\/wp\/v2\/types\/page"}],"author":[{"embeddable":true,"href":"https:\/\/goias.gov.br\/educacao\/wp-json\/wp\/v2\/users\/465"}],"replies":[{"embeddable":true,"href":"https:\/\/goias.gov.br\/educacao\/wp-json\/wp\/v2\/comments?post=157878"}],"version-history":[{"count":3,"href":"https:\/\/goias.gov.br\/educacao\/wp-json\/wp\/v2\/pages\/157878\/revisions"}],"predecessor-version":[{"id":679131,"href":"https:\/\/goias.gov.br\/educacao\/wp-json\/wp\/v2\/pages\/157878\/revisions\/679131"}],"wp:attachment":[{"href":"https:\/\/goias.gov.br\/educacao\/wp-json\/wp\/v2\/media?parent=157878"}],"curies":[{"name":"wp","href":"https:\/\/api.w.org\/{rel}","templated":true}]}}