

{"id":151586,"date":"2024-10-04T14:12:54","date_gmt":"2024-10-04T17:12:54","guid":{"rendered":"https:\/\/goias.gov.br\/educacao\/?page_id=151586"},"modified":"2024-10-09T13:13:40","modified_gmt":"2024-10-09T16:13:40","slug":"ouvidoria-setorial","status":"publish","type":"page","link":"https:\/\/goias.gov.br\/educacao\/ouvidoria-setorial\/","title":{"rendered":"Ouvidoria Setorial"},"content":{"rendered":"\n<h4 class=\"wp-block-heading\"><span style=\"color: #008000;\">Atendimento Presencial<\/span><\/h4>\n\n\n\n<p>Ouvidor Setorial: <strong>JOAQUIM DA TRINDADE FILHO<\/strong><\/p>\n\n\n\n<p>Endere\u00e7o: Av. Quinta Avenida, n\u00ba 212, Qd. 71, Sala 14<br \/>Setor Leste Vila Nova, Goi\u00e2nia-GO, CEP: 74.643-030<br \/>Hor\u00e1rio de Atendimento: 08h \u00e0s 12h e das 14h \u00e0s 18h<br \/>E-mail: <a href=\"mailto:ouvidoria@seduce.go.gov.br\">ouvidoria@seduce.go.gov.br<\/a><br \/>Telefone: (62) 3220-9622 \/ (62) 3220-9620<br \/>Unidade SEI: 16096<\/p>\n","protected":false},"excerpt":{"rendered":"<p>Atendimento Presencial Ouvidor Setorial: JOAQUIM DA TRINDADE FILHO Endere\u00e7o: Av. Quinta Avenida, n\u00ba 212, Qd. 71, Sala 14Setor Leste Vila Nova, Goi\u00e2nia-GO, CEP: 74.643-030Hor\u00e1rio de Atendimento: 08h \u00e0s 12h e das 14h \u00e0s 18hE-mail: ouvidoria@seduce.go.gov.brTelefone: (62) 3220-9622 \/ (62) 3220-9620Unidade SEI: 16096<\/p>\n","protected":false},"author":62,"featured_media":0,"parent":0,"menu_order":0,"comment_status":"closed","ping_status":"closed","template":"","meta":{"footnotes":""},"class_list":["post-151586","page","type-page","status-publish","hentry"],"rttpg_featured_image_url":null,"rttpg_author":{"display_name":"italoreis","author_link":"https:\/\/goias.gov.br\/educacao\/author\/italoreis\/"},"rttpg_comment":0,"rttpg_category":null,"rttpg_excerpt":"Atendimento Presencial Ouvidor Setorial: JOAQUIM DA TRINDADE FILHO Endere\u00e7o: Av. Quinta Avenida, n\u00ba 212, Qd. 71, Sala 14Setor Leste Vila Nova, Goi\u00e2nia-GO, CEP: 74.643-030Hor\u00e1rio de Atendimento: 08h \u00e0s 12h e das 14h \u00e0s 18hE-mail: ouvidoria@seduce.go.gov.brTelefone: (62) 3220-9622 \/ (62) 3220-9620Unidade SEI: 16096","_links":{"self":[{"href":"https:\/\/goias.gov.br\/educacao\/wp-json\/wp\/v2\/pages\/151586","targetHints":{"allow":["GET"]}}],"collection":[{"href":"https:\/\/goias.gov.br\/educacao\/wp-json\/wp\/v2\/pages"}],"about":[{"href":"https:\/\/goias.gov.br\/educacao\/wp-json\/wp\/v2\/types\/page"}],"author":[{"embeddable":true,"href":"https:\/\/goias.gov.br\/educacao\/wp-json\/wp\/v2\/users\/62"}],"replies":[{"embeddable":true,"href":"https:\/\/goias.gov.br\/educacao\/wp-json\/wp\/v2\/comments?post=151586"}],"version-history":[{"count":2,"href":"https:\/\/goias.gov.br\/educacao\/wp-json\/wp\/v2\/pages\/151586\/revisions"}],"predecessor-version":[{"id":153021,"href":"https:\/\/goias.gov.br\/educacao\/wp-json\/wp\/v2\/pages\/151586\/revisions\/153021"}],"wp:attachment":[{"href":"https:\/\/goias.gov.br\/educacao\/wp-json\/wp\/v2\/media?parent=151586"}],"curies":[{"name":"wp","href":"https:\/\/api.w.org\/{rel}","templated":true}]}}