

{"id":143331,"date":"2024-09-19T09:52:51","date_gmt":"2024-09-19T12:52:51","guid":{"rendered":"https:\/\/goias.gov.br\/educacao\/?page_id=143331"},"modified":"2026-01-30T08:30:33","modified_gmt":"2026-01-30T11:30:33","slug":"ept-parceria-com-a-secti","status":"publish","type":"page","link":"https:\/\/goias.gov.br\/educacao\/ept-parceria-com-a-secti\/","title":{"rendered":"EPT Parceria com a SECTI"},"content":{"rendered":"\t\t<div data-elementor-type=\"wp-page\" data-elementor-id=\"143331\" class=\"elementor elementor-143331\">\n\t\t\t\t<div class=\"elementor-element elementor-element-ab55652 e-flex e-con-boxed e-con e-parent\" data-id=\"ab55652\" data-element_type=\"container\" data-e-type=\"container\">\n\t\t\t\t\t<div class=\"e-con-inner\">\n\t\t\t\t<div class=\"elementor-element elementor-element-37a458b elementor-widget elementor-widget-image\" data-id=\"37a458b\" data-element_type=\"widget\" data-e-type=\"widget\" data-widget_type=\"image.default\">\n\t\t\t\t\t\t\t\t\t\t\t\t\t\t\t<img decoding=\"async\" src=\"https:\/\/goias.gov.br\/educacao\/wp-content\/uploads\/sites\/40\/2024\/09\/banner-Lista-de-Escolas-SECTI-1-scaled.jpg\" title=\"\" alt=\"\" loading=\"lazy\" \/>\t\t\t\t\t\t\t\t\t\t\t\t\t\t\t<\/div>\n\t\t\t\t<div class=\"elementor-element elementor-element-58cfab8 elementor-widget elementor-widget-image\" data-id=\"58cfab8\" data-element_type=\"widget\" data-e-type=\"widget\" data-widget_type=\"image.default\">\n\t\t\t\t\t\t\t\t\t\t\t\t\t\t\t<img decoding=\"async\" src=\"https:\/\/goias.gov.br\/educacao\/wp-content\/uploads\/sites\/40\/2024\/09\/Prancheta-10-copia-1.png\" title=\"\" alt=\"\" loading=\"lazy\" \/>\t\t\t\t\t\t\t\t\t\t\t\t\t\t\t<\/div>\n\t\t\t\t<div class=\"elementor-element elementor-element-0caad44 elementor-widget elementor-widget-text-editor\" data-id=\"0caad44\" data-element_type=\"widget\" data-e-type=\"widget\" data-widget_type=\"text-editor.default\">\n\t\t\t\t\t\t\t\t\t<p>Eixo Tecnol\u00f3gico: Informa\u00e7\u00e3o e Comunica\u00e7\u00e3o<\/p><p>Carga Hor\u00e1ria: 1200h<\/p><p>Dura\u00e7\u00e3o: 3 anos<\/p><p>Forma de oferta: Concomitante ao Ensino M\u00e9dio<\/p><p>Parceria: Secretaria de Estado de Ci\u00eancia, Tecnologia e Inova\u00e7\u00e3o\u00a0<\/p><p>Presencial<\/p>\t\t\t\t\t\t\t\t<\/div>\n\t\t\t\t<div class=\"elementor-element elementor-element-a0fbd21 elementor-widget elementor-widget-n-accordion\" data-id=\"a0fbd21\" data-element_type=\"widget\" data-e-type=\"widget\" data-settings=\"{&quot;default_state&quot;:&quot;all_collapsed&quot;,&quot;max_items_expended&quot;:&quot;one&quot;,&quot;n_accordion_animation_duration&quot;:{&quot;unit&quot;:&quot;ms&quot;,&quot;size&quot;:400,&quot;sizes&quot;:[]}}\" data-widget_type=\"nested-accordion.default\">\n\t\t\t\t\t\t\t<div class=\"e-n-accordion\" aria-label=\"Accordion. Open links with Enter or Space, close with Escape, and navigate with Arrow Keys\">\n\t\t\t\t\t\t<details id=\"e-n-accordion-item-1680\" class=\"e-n-accordion-item\" >\n\t\t\t\t<summary class=\"e-n-accordion-item-title\" data-accordion-index=\"1\" tabindex=\"0\" aria-expanded=\"false\" aria-controls=\"e-n-accordion-item-1680\" >\n\t\t\t\t\t<span class='e-n-accordion-item-title-header'><div class=\"e-n-accordion-item-title-text\"> Ofertados nos CEPIS:  <\/div><\/span>\n\t\t\t\t\t\t\t<span class='e-n-accordion-item-title-icon'>\n\t\t\t<span class='e-opened' ><svg aria-hidden=\"true\" class=\"e-font-icon-svg e-fas-chevron-down\" viewBox=\"0 0 448 512\" xmlns=\"http:\/\/www.w3.org\/2000\/svg\"><path d=\"M207.029 381.476L12.686 187.132c-9.373-9.373-9.373-24.569 0-33.941l22.667-22.667c9.357-9.357 24.522-9.375 33.901-.04L224 284.505l154.745-154.021c9.379-9.335 24.544-9.317 33.901.04l22.667 22.667c9.373 9.373 9.373 24.569 0 33.941L240.971 381.476c-9.373 9.372-24.569 9.372-33.942 0z\"><\/path><\/svg><\/span>\n\t\t\t<span class='e-closed'><svg aria-hidden=\"true\" class=\"e-font-icon-svg e-fas-chevron-right\" viewBox=\"0 0 320 512\" xmlns=\"http:\/\/www.w3.org\/2000\/svg\"><path d=\"M285.476 272.971L91.132 467.314c-9.373 9.373-24.569 9.373-33.941 0l-22.667-22.667c-9.357-9.357-9.375-24.522-.04-33.901L188.505 256 34.484 101.255c-9.335-9.379-9.317-24.544.04-33.901l22.667-22.667c9.373-9.373 24.569-9.373 33.941 0L285.475 239.03c9.373 9.372 9.373 24.568.001 33.941z\"><\/path><\/svg><\/span>\n\t\t<\/span>\n\n\t\t\t\t\t\t<\/summary>\n\t\t\t\t<div role=\"region\" aria-labelledby=\"e-n-accordion-item-1680\" class=\"elementor-element elementor-element-2af38ad e-con-full e-flex e-con e-child\" data-id=\"2af38ad\" data-element_type=\"container\" data-e-type=\"container\">\n\t\t\t\t<div class=\"elementor-element elementor-element-09646ef elementor-widget elementor-widget-text-editor\" data-id=\"09646ef\" data-element_type=\"widget\" data-e-type=\"widget\" data-widget_type=\"text-editor.default\">\n\t\t\t\t\t\t\t\t\t<ul><li>Cepi Divino Pai Eterno, em Trindade.<\/li><li>Cepi Dom Veloso, em Itumbiara.<\/li><li>Cepi Presidente Castelo Branco, em Bonfin\u00f3polis.<\/li><li>Cepi Professor Joaquim Carvalho Ferreira, em Goi\u00e2nia.<\/li><li>Cepi Deputado Jos\u00e9 de Assis, em Goi\u00e2nia.<\/li><li>Cepi Professor Jos\u00e9 Pascoal, em Silv\u00e2nia.<\/li><li>Cepi Pedro Vieira Janu\u00e1rio, em Bela Vista de Goi\u00e1s.<\/li><li>Cepi Raimundo Santana Amaral, em Rubiataba.<\/li><li>Cepi Bar\u00e3o do Rio Branco, em Palmeiras.<\/li><li>Cepi Jos\u00e9 de Assis, em Santo Ant\u00f4nio do Descoberto.<\/li><li>Cepi Dom Eric James Deitchman, em Mineiros.<\/li><li>Cepi Buriti Sereno Garden, em Aparecida de Goi\u00e2nia.<\/li><li>Cepi Jayme C\u00e2mara, em Goi\u00e2nia.<\/li><li>Cepi Maraj\u00f3, em Valpara\u00edso de Goi\u00e1s.<\/li><\/ul>\t\t\t\t\t\t\t\t<\/div>\n\t\t\t\t<\/div>\n\t\t\t\t\t<\/details>\n\t\t\t\t\t<\/div>\n\t\t\t\t\t\t<\/div>\n\t\t\t\t\t<\/div>\n\t\t\t\t<\/div>\n\t\t\t\t<\/div>\n\t\t","protected":false},"excerpt":{"rendered":"<p>Eixo Tecnol\u00f3gico: Informa\u00e7\u00e3o e Comunica\u00e7\u00e3o Carga Hor\u00e1ria: 1200h Dura\u00e7\u00e3o: 3 anos Forma de oferta: Concomitante ao Ensino M\u00e9dio Parceria: Secretaria de Estado de Ci\u00eancia, Tecnologia e Inova\u00e7\u00e3o\u00a0 Presencial Ofertados nos CEPIS: Cepi Divino Pai Eterno, em Trindade. Cepi Dom Veloso, em Itumbiara. Cepi Presidente Castelo Branco, em Bonfin\u00f3polis. Cepi Professor Joaquim Carvalho Ferreira, em Goi\u00e2nia. [&hellip;]<\/p>\n","protected":false},"author":465,"featured_media":0,"parent":0,"menu_order":0,"comment_status":"closed","ping_status":"closed","template":"","meta":{"footnotes":""},"class_list":["post-143331","page","type-page","status-publish","hentry"],"rttpg_featured_image_url":null,"rttpg_author":{"display_name":"laysmendes","author_link":"https:\/\/goias.gov.br\/educacao\/author\/laysmendes\/"},"rttpg_comment":0,"rttpg_category":null,"rttpg_excerpt":"Eixo Tecnol\u00f3gico: Informa\u00e7\u00e3o e Comunica\u00e7\u00e3o Carga Hor\u00e1ria: 1200h Dura\u00e7\u00e3o: 3 anos Forma de oferta: Concomitante ao Ensino M\u00e9dio Parceria: Secretaria de Estado de Ci\u00eancia, Tecnologia e Inova\u00e7\u00e3o\u00a0 Presencial Ofertados nos CEPIS: Cepi Divino Pai Eterno, em Trindade. Cepi Dom Veloso, em Itumbiara. Cepi Presidente Castelo Branco, em Bonfin\u00f3polis. Cepi Professor Joaquim Carvalho Ferreira, em Goi\u00e2nia.&hellip;","_links":{"self":[{"href":"https:\/\/goias.gov.br\/educacao\/wp-json\/wp\/v2\/pages\/143331","targetHints":{"allow":["GET"]}}],"collection":[{"href":"https:\/\/goias.gov.br\/educacao\/wp-json\/wp\/v2\/pages"}],"about":[{"href":"https:\/\/goias.gov.br\/educacao\/wp-json\/wp\/v2\/types\/page"}],"author":[{"embeddable":true,"href":"https:\/\/goias.gov.br\/educacao\/wp-json\/wp\/v2\/users\/465"}],"replies":[{"embeddable":true,"href":"https:\/\/goias.gov.br\/educacao\/wp-json\/wp\/v2\/comments?post=143331"}],"version-history":[{"count":3,"href":"https:\/\/goias.gov.br\/educacao\/wp-json\/wp\/v2\/pages\/143331\/revisions"}],"predecessor-version":[{"id":675603,"href":"https:\/\/goias.gov.br\/educacao\/wp-json\/wp\/v2\/pages\/143331\/revisions\/675603"}],"wp:attachment":[{"href":"https:\/\/goias.gov.br\/educacao\/wp-json\/wp\/v2\/media?parent=143331"}],"curies":[{"name":"wp","href":"https:\/\/api.w.org\/{rel}","templated":true}]}}