

{"id":100766,"date":"2024-07-02T09:58:37","date_gmt":"2024-07-02T12:58:37","guid":{"rendered":"https:\/\/goias.gov.br\/educacao\/?page_id=100766"},"modified":"2026-01-30T15:02:08","modified_gmt":"2026-01-30T18:02:08","slug":"assessores-pedagogicos-da-educacao-em-tempo-integral","status":"publish","type":"page","link":"https:\/\/goias.gov.br\/educacao\/assessores-pedagogicos-da-educacao-em-tempo-integral\/","title":{"rendered":"Assessores Pedag\u00f3gicos da Educa\u00e7\u00e3o em Tempo Integral"},"content":{"rendered":"\t\t<div data-elementor-type=\"wp-page\" data-elementor-id=\"100766\" class=\"elementor elementor-100766\">\n\t\t\t\t<div class=\"elementor-element elementor-element-67410f0 e-flex e-con-boxed e-con e-parent\" data-id=\"67410f0\" data-element_type=\"container\" data-e-type=\"container\">\n\t\t\t\t\t<div class=\"e-con-inner\">\n\t\t\t\t<div class=\"elementor-element elementor-element-585403e elementor-widget elementor-widget-image\" data-id=\"585403e\" data-element_type=\"widget\" data-e-type=\"widget\" data-widget_type=\"image.default\">\n\t\t\t\t\t\t\t\t\t\t\t\t\t\t\t<img decoding=\"async\" src=\"https:\/\/goias.gov.br\/educacao\/wp-content\/uploads\/sites\/40\/2024\/07\/banner-03-pag.-processo-seletivo-interno-scaled-1.jpg\" title=\"\" alt=\"\" loading=\"lazy\" \/>\t\t\t\t\t\t\t\t\t\t\t\t\t\t\t<\/div>\n\t\t\t\t<div class=\"elementor-element elementor-element-ff8bbe0 elementor-widget elementor-widget-text-editor\" data-id=\"ff8bbe0\" data-element_type=\"widget\" data-e-type=\"widget\" data-widget_type=\"text-editor.default\">\n\t\t\t\t\t\t\t\t\t<ul><li><a href=\"https:\/\/goias.gov.br\/educacao\/wp-content\/uploads\/sites\/40\/files\/Edital_-_SUPEISEDUC.pdf\" target=\"_blank\" rel=\"noopener noreferrer\" data-cke-saved-href=\"https:\/\/goias.gov.br\/educacao\/wp-content\/uploads\/sites\/40\/files\/Edital_-_SUPEISEDUC.pdf\">Edital N.\u00ba 01\/2022 \u2013 Supei\/Seduc\u00a0<\/a><\/li><li><a title=\"Retifica\u00e7\u00e3o 1 do Edital 01\/2022 da Supei\/seduc\" href=\"https:\/\/goias.gov.br\/educacao\/wp-content\/uploads\/sites\/40\/files\/edital\/Retifica%C3%A7%C3%A3o1doEdital01.pdf\" target=\"_blank\" rel=\"noopener noreferrer\" data-cke-saved-href=\"https:\/\/goias.gov.br\/educacao\/wp-content\/uploads\/sites\/40\/files\/edital\/Retificacao1doEdital01.2022SUPEISEDUC.pdf\">Retifica\u00e7\u00e3o N\u00ba 1 do Edital N\u00ba 01\/2022 &#8211; Supei\/Seduc<\/a><\/li><li><a href=\"https:\/\/goias.gov.br\/educacao\/wp-content\/uploads\/sites\/40\/files\/ResultadoHomologacaoCEPI00012022.pdf\" target=\"_blank\" rel=\"noopener noreferrer\" data-cke-saved-href=\"https:\/\/goias.gov.br\/educacao\/wp-content\/uploads\/sites\/40\/files\/ResultadoHomologacaoCEPI00012022.pdf\">Inscri\u00e7\u00f5es homologadas Edital N\u00ba 01\/2022 &#8211; Supei\/Seduc<\/a><\/li><li><a href=\"https:\/\/goias.gov.br\/educacao\/wp-content\/uploads\/sites\/40\/files\/SEIGOVERNADORIA000028693556Despacho.pdf\" data-cke-saved-href=\"https:\/\/goias.gov.br\/educacao\/wp-content\/uploads\/sites\/40\/files\/SEIGOVERNADORIA000028693556Despacho.pdf\">Resultado de recursos de interposi\u00e7\u00e3o inscri\u00e7\u00f5es \u2013 despacho 142<\/a><\/li><li><a href=\"https:\/\/goias.gov.br\/educacao\/wp-content\/uploads\/sites\/40\/files\/ResultadoPreliminarfase1-AnalisedeCurriculo-DespachoN156.2022-SEDUCSUEI.pdf\" target=\"_blank\" rel=\"noopener noreferrer\" data-cke-saved-href=\"https:\/\/goias.gov.br\/educacao\/wp-content\/uploads\/sites\/40\/files\/ResultadoPreliminarfase1-AnalisedeCurriculo-DespachoN156.2022-SEDUCSUEI.pdf\">Resultado Preliminar Fase 1 &#8211; An\u00e1lise de Curr\u00edculo\u00a0<\/a><\/li><li><a href=\"https:\/\/goias.gov.br\/educacao\/wp-content\/uploads\/sites\/40\/files\/SEI_GOVERNADORIA-000028914159-Despachoentrevistas.pdf\" target=\"_blank\" rel=\"noopener noreferrer\" data-cke-saved-href=\"https:\/\/goias.gov.br\/educacao\/wp-content\/uploads\/sites\/40\/files\/SEI_GOVERNADORIA-000028914159-Despachoentrevistas.pdf\">Resultado dos Recursos Fase 1\u00a0\u00a0 &#8211; An\u00e1lise de Curr\u00edculo e apresenta\u00e7\u00e3o de cronograma das entrevistas\u00a0<\/a><\/li><li><a href=\"https:\/\/goias.gov.br\/educacao\/wp-content\/uploads\/sites\/40\/files\/escola-de-tempo-integral\/SEI_GOVERNADORIA-000029166035-Despacho11_04_2022.pdf\" target=\"_blank\" rel=\"noopener noreferrer\" data-cke-saved-href=\"https:\/\/goias.gov.br\/educacao\/wp-content\/uploads\/sites\/40\/files\/escola-de-tempo-integral\/SEI_GOVERNADORIA-000029166035-Despacho11_04_2022.pdf\">Resultado Preliminar Fase 2 &#8211; Entrevista<\/a><\/li><li><a href=\"https:\/\/goias.gov.br\/educacao\/wp-content\/uploads\/sites\/40\/files\/escola-de-tempo-integral\/193.pdf\" target=\"_blank\" rel=\"noopener noreferrer\" data-cke-saved-href=\"https:\/\/goias.gov.br\/educacao\/wp-content\/uploads\/sites\/40\/files\/escola-de-tempo-integral\/193.pdf\">Resultado da interposi\u00e7\u00e3o de recursos \u2013 Fase 2 \u2013 Entrevista<\/a><\/li><li><a href=\"https:\/\/goias.gov.br\/educacao\/wp-content\/uploads\/sites\/40\/files\/escola-de-tempo-integral\/194.pdf\" target=\"_blank\" rel=\"noopener noreferrer\" data-cke-saved-href=\"https:\/\/goias.gov.br\/educacao\/wp-content\/uploads\/sites\/40\/files\/escola-de-tempo-integral\/194.pdf\">Resultado Final \u2013 Processo seletivo simplificado interno \u2013 Assessores pedag\u00f3gicos da Educa\u00e7\u00e3o em Tempo Integral<\/a><\/li><li><a href=\"https:\/\/goias.gov.br\/educacao\/wp-content\/uploads\/sites\/40\/files\/escola-de-tempo-integral\/Convocacao.pdf\" target=\"_blank\" rel=\"noopener noreferrer\" data-cke-saved-href=\"https:\/\/goias.gov.br\/educacao\/wp-content\/uploads\/sites\/40\/files\/escola-de-tempo-integral\/Convocacao.pdf\">Convoca\u00e7\u00e3o\u00a0<\/a><\/li><\/ul>\t\t\t\t\t\t\t\t<\/div>\n\t\t\t\t\t<\/div>\n\t\t\t\t<\/div>\n\t\t\t\t<\/div>\n\t\t","protected":false},"excerpt":{"rendered":"<p>Edital N.\u00ba 01\/2022 \u2013 Supei\/Seduc\u00a0 Retifica\u00e7\u00e3o N\u00ba 1 do Edital N\u00ba 01\/2022 &#8211; Supei\/Seduc Inscri\u00e7\u00f5es homologadas Edital N\u00ba 01\/2022 &#8211; Supei\/Seduc Resultado de recursos de interposi\u00e7\u00e3o inscri\u00e7\u00f5es \u2013 despacho 142 Resultado Preliminar Fase 1 &#8211; An\u00e1lise de Curr\u00edculo\u00a0 Resultado dos Recursos Fase 1\u00a0\u00a0 &#8211; An\u00e1lise de Curr\u00edculo e apresenta\u00e7\u00e3o de cronograma das entrevistas\u00a0 Resultado Preliminar [&hellip;]<\/p>\n","protected":false},"author":465,"featured_media":0,"parent":0,"menu_order":0,"comment_status":"closed","ping_status":"closed","template":"","meta":{"footnotes":""},"class_list":["post-100766","page","type-page","status-publish","hentry"],"rttpg_featured_image_url":null,"rttpg_author":{"display_name":"laysmendes","author_link":"https:\/\/goias.gov.br\/educacao\/author\/laysmendes\/"},"rttpg_comment":0,"rttpg_category":null,"rttpg_excerpt":"Edital N.\u00ba 01\/2022 \u2013 Supei\/Seduc\u00a0 Retifica\u00e7\u00e3o N\u00ba 1 do Edital N\u00ba 01\/2022 &#8211; Supei\/Seduc Inscri\u00e7\u00f5es homologadas Edital N\u00ba 01\/2022 &#8211; Supei\/Seduc Resultado de recursos de interposi\u00e7\u00e3o inscri\u00e7\u00f5es \u2013 despacho 142 Resultado Preliminar Fase 1 &#8211; An\u00e1lise de Curr\u00edculo\u00a0 Resultado dos Recursos Fase 1\u00a0\u00a0 &#8211; An\u00e1lise de Curr\u00edculo e apresenta\u00e7\u00e3o de cronograma das entrevistas\u00a0 Resultado Preliminar&hellip;","_links":{"self":[{"href":"https:\/\/goias.gov.br\/educacao\/wp-json\/wp\/v2\/pages\/100766","targetHints":{"allow":["GET"]}}],"collection":[{"href":"https:\/\/goias.gov.br\/educacao\/wp-json\/wp\/v2\/pages"}],"about":[{"href":"https:\/\/goias.gov.br\/educacao\/wp-json\/wp\/v2\/types\/page"}],"author":[{"embeddable":true,"href":"https:\/\/goias.gov.br\/educacao\/wp-json\/wp\/v2\/users\/465"}],"replies":[{"embeddable":true,"href":"https:\/\/goias.gov.br\/educacao\/wp-json\/wp\/v2\/comments?post=100766"}],"version-history":[{"count":2,"href":"https:\/\/goias.gov.br\/educacao\/wp-json\/wp\/v2\/pages\/100766\/revisions"}],"predecessor-version":[{"id":679796,"href":"https:\/\/goias.gov.br\/educacao\/wp-json\/wp\/v2\/pages\/100766\/revisions\/679796"}],"wp:attachment":[{"href":"https:\/\/goias.gov.br\/educacao\/wp-json\/wp\/v2\/media?parent=100766"}],"curies":[{"name":"wp","href":"https:\/\/api.w.org\/{rel}","templated":true}]}}