

{"id":100763,"date":"2024-07-02T09:55:09","date_gmt":"2024-07-02T12:55:09","guid":{"rendered":"https:\/\/goias.gov.br\/educacao\/?page_id=100763"},"modified":"2026-01-28T11:41:19","modified_gmt":"2026-01-28T14:41:19","slug":"tutores-educacionais","status":"publish","type":"page","link":"https:\/\/goias.gov.br\/educacao\/tutores-educacionais\/","title":{"rendered":"Tutores Educacionais"},"content":{"rendered":"\t\t<div data-elementor-type=\"wp-page\" data-elementor-id=\"100763\" class=\"elementor elementor-100763\">\n\t\t\t\t<div class=\"elementor-element elementor-element-90b610b e-flex e-con-boxed e-con e-parent\" data-id=\"90b610b\" data-element_type=\"container\" data-e-type=\"container\">\n\t\t\t\t\t<div class=\"e-con-inner\">\n\t\t\t\t<div class=\"elementor-element elementor-element-e74565a elementor-widget elementor-widget-image\" data-id=\"e74565a\" data-element_type=\"widget\" data-e-type=\"widget\" data-widget_type=\"image.default\">\n\t\t\t\t\t\t\t\t\t\t\t\t\t\t\t<img decoding=\"async\" src=\"https:\/\/goias.gov.br\/educacao\/wp-content\/uploads\/sites\/40\/2024\/07\/banner-02-pag.-processo-seletivo-interno.png\" title=\"\" alt=\"\" loading=\"lazy\" \/>\t\t\t\t\t\t\t\t\t\t\t\t\t\t\t<\/div>\n\t\t\t\t<div class=\"elementor-element elementor-element-2a1412b elementor-widget elementor-widget-text-editor\" data-id=\"2a1412b\" data-element_type=\"widget\" data-e-type=\"widget\" data-widget_type=\"text-editor.default\">\n\t\t\t\t\t\t\t\t\t<ul><li><a href=\"https:\/\/goias.gov.br\/educacao\/wp-content\/uploads\/sites\/40\/files\/ProcessoSeletivoInterno\/SEIGOVERNADORIA.48638280.Edital.01.2023.Oficial.pdf\" target=\"_blank\" rel=\"noopener noreferrer\" data-cke-saved-href=\"https:\/\/goias.gov.br\/educacao\/wp-content\/uploads\/sites\/40\/files\/ProcessoSeletivoInterno\/SEIGOVERNADORIA.48638280.Edital.01.2023.Oficial.pdf\">Processo Seletivo Simplificado Interno para Tutor Educacional &#8211; Edital N\u00b0 01\/2023<\/a><\/li><li><a href=\"https:\/\/goias.gov.br\/educacao\/wp-content\/uploads\/sites\/40\/files\/ProcessoSeletivoInterno\/FichadeinscricaoecurriculosimplificadoselecaodeTutores.docx\" target=\"_blank\" rel=\"noopener noreferrer\" data-cke-saved-href=\"https:\/\/goias.gov.br\/educacao\/wp-content\/uploads\/sites\/40\/files\/ProcessoSeletivoInterno\/FichadeinscricaoecurriculosimplificadoselecaodeTutores.docx\">Ficha de Inscri\u00e7\u00e3o e Curr\u00edculo Simplificado<\/a><\/li><li><a href=\"https:\/\/goias.gov.br\/educacao\/wp-content\/uploads\/sites\/40\/files\/ProcessoSeletivoInterno\/Fichadeanalisedecurriculoselecaodetutores.docx\" target=\"_blank\" rel=\"noopener noreferrer\" data-cke-saved-href=\"https:\/\/goias.gov.br\/educacao\/wp-content\/uploads\/sites\/40\/files\/ProcessoSeletivoInterno\/Fichadeanalisedecurriculoselecaodetutores.docx\">Ficha de An\u00e1lise do Curr\u00edculo para Sele\u00e7\u00e3o de Tutor Educacional<\/a><\/li><li><a href=\"https:\/\/goias.gov.br\/educacao\/wp-content\/uploads\/sites\/40\/files\/ProcessoSeletivoInterno\/Retificacao.Tutores.Educacionais.pdf\" target=\"_blank\" rel=\"noopener noreferrer\" data-cke-saved-href=\"https:\/\/goias.gov.br\/educacao\/wp-content\/uploads\/sites\/40\/files\/ProcessoSeletivoInterno\/Retificacao.Tutores.Educacionais.pdf\">Retifica\u00e7\u00e3o<\/a><\/li><li><a href=\"https:\/\/goias.gov.br\/educacao\/wp-content\/uploads\/sites\/40\/files\/ProcessoSeletivoInterno\/Retificacao2.pdf\" target=\"_blank\" rel=\"noopener noreferrer\" data-cke-saved-href=\"https:\/\/goias.gov.br\/educacao\/wp-content\/uploads\/sites\/40\/files\/ProcessoSeletivoInterno\/Retificacao2.pdf\">Retifica\u00e7\u00e3o 2<\/a><\/li><li><a href=\"https:\/\/goias.gov.br\/educacao\/wp-content\/uploads\/sites\/40\/files\/ProcessoSeletivoInterno\/Retificacao3.pdf\" target=\"_blank\" rel=\"noopener noreferrer\" data-cke-saved-href=\"https:\/\/goias.gov.br\/educacao\/wp-content\/uploads\/sites\/40\/files\/ProcessoSeletivoInterno\/Retificacao3.pdf\">Retifica\u00e7\u00e3o 3<\/a><\/li><li><a href=\"https:\/\/goias.gov.br\/educacao\/wp-content\/uploads\/sites\/40\/files\/ProcessoSeletivoInterno\/Homologacaodeinscricoes.pdf\" target=\"_blank\" rel=\"noopener noreferrer\" data-cke-saved-href=\"https:\/\/goias.gov.br\/educacao\/wp-content\/uploads\/sites\/40\/files\/ProcessoSeletivoInterno\/Homologacaodeinscricoes.pdf\">Homologa\u00e7\u00e3o das inscri\u00e7\u00f5es<\/a><\/li><li><a href=\"https:\/\/goias.gov.br\/educacao\/wp-content\/uploads\/sites\/40\/files\/ProcessoSeletivoInterno\/HomologacaoAnaliseCurricular.pdf\" target=\"_blank\" rel=\"noopener noreferrer\" data-cke-saved-href=\"https:\/\/goias.gov.br\/educacao\/wp-content\/uploads\/sites\/40\/files\/ProcessoSeletivoInterno\/HomologacaoAnaliseCurricular.pdf\">Homologa\u00e7\u00e3o An\u00e1lise Curricular<\/a><\/li><li><a href=\"https:\/\/goias.gov.br\/educacao\/wp-content\/uploads\/sites\/40\/files\/ProcessoSeletivoInterno\/ResultadodaVivenciaPedagogicaeEntrevista.pdf\" target=\"_blank\" rel=\"noopener noreferrer\" data-cke-saved-href=\"https:\/\/goias.gov.br\/educacao\/wp-content\/uploads\/sites\/40\/files\/ProcessoSeletivoInterno\/ResultadodaVivenciaPedagogicaeEntrevista.pdf\">Resultado da Viv\u00eancia Pedag\u00f3gica e Entrevista<\/a><\/li><li><a href=\"https:\/\/goias.gov.br\/educacao\/wp-content\/uploads\/sites\/40\/files\/ProcessoSeletivoInterno\/RetificacaoHomologacaodaVivenciaPedagogicaeEntrevista.pdf\" target=\"_blank\" rel=\"noopener noreferrer\" data-cke-saved-href=\"https:\/\/goias.gov.br\/educacao\/wp-content\/uploads\/sites\/40\/files\/ProcessoSeletivoInterno\/RetificacaoHomologacaodaVivenciaPedagogicaeEntrevista.pdf\">Retifica\u00e7\u00e3o Homologa\u00e7\u00e3o da Viv\u00eancia Pedag\u00f3gica e Entrevista<\/a><\/li><li><a href=\"https:\/\/goias.gov.br\/educacao\/wp-content\/uploads\/sites\/40\/files\/ProcessoSeletivoInterno\/ResultadoFinal.pdf\" target=\"_blank\" rel=\"noopener noreferrer\" data-cke-saved-href=\"https:\/\/goias.gov.br\/educacao\/wp-content\/uploads\/sites\/40\/files\/ProcessoSeletivoInterno\/ResultadoFinal.pdf\">Resultado final<\/a><\/li><li><a href=\"https:\/\/goias.gov.br\/educacao\/wp-content\/uploads\/sites\/40\/files\/ProcessoSeletivoInterno\/Convocacao.pdf\" target=\"_blank\" rel=\"noopener noreferrer\" data-cke-saved-href=\"https:\/\/goias.gov.br\/educacao\/wp-content\/uploads\/sites\/40\/files\/ProcessoSeletivoInterno\/Convocacao.pdf\">Convoca\u00e7\u00e3o<\/a><\/li><\/ul>\t\t\t\t\t\t\t\t<\/div>\n\t\t\t\t\t<\/div>\n\t\t\t\t<\/div>\n\t\t\t\t<\/div>\n\t\t","protected":false},"excerpt":{"rendered":"<p>Processo Seletivo Simplificado Interno para Tutor Educacional &#8211; Edital N\u00b0 01\/2023 Ficha de Inscri\u00e7\u00e3o e Curr\u00edculo Simplificado Ficha de An\u00e1lise do Curr\u00edculo para Sele\u00e7\u00e3o de Tutor Educacional Retifica\u00e7\u00e3o Retifica\u00e7\u00e3o 2 Retifica\u00e7\u00e3o 3 Homologa\u00e7\u00e3o das inscri\u00e7\u00f5es Homologa\u00e7\u00e3o An\u00e1lise Curricular Resultado da Viv\u00eancia Pedag\u00f3gica e Entrevista Retifica\u00e7\u00e3o Homologa\u00e7\u00e3o da Viv\u00eancia Pedag\u00f3gica e Entrevista Resultado final Convoca\u00e7\u00e3o<\/p>\n","protected":false},"author":465,"featured_media":0,"parent":0,"menu_order":0,"comment_status":"closed","ping_status":"closed","template":"","meta":{"footnotes":""},"class_list":["post-100763","page","type-page","status-publish","hentry"],"rttpg_featured_image_url":null,"rttpg_author":{"display_name":"laysmendes","author_link":"https:\/\/goias.gov.br\/educacao\/author\/laysmendes\/"},"rttpg_comment":0,"rttpg_category":null,"rttpg_excerpt":"Processo Seletivo Simplificado Interno para Tutor Educacional &#8211; Edital N\u00b0 01\/2023 Ficha de Inscri\u00e7\u00e3o e Curr\u00edculo Simplificado Ficha de An\u00e1lise do Curr\u00edculo para Sele\u00e7\u00e3o de Tutor Educacional Retifica\u00e7\u00e3o Retifica\u00e7\u00e3o 2 Retifica\u00e7\u00e3o 3 Homologa\u00e7\u00e3o das inscri\u00e7\u00f5es Homologa\u00e7\u00e3o An\u00e1lise Curricular Resultado da Viv\u00eancia Pedag\u00f3gica e Entrevista Retifica\u00e7\u00e3o Homologa\u00e7\u00e3o da Viv\u00eancia Pedag\u00f3gica e Entrevista Resultado final Convoca\u00e7\u00e3o","_links":{"self":[{"href":"https:\/\/goias.gov.br\/educacao\/wp-json\/wp\/v2\/pages\/100763","targetHints":{"allow":["GET"]}}],"collection":[{"href":"https:\/\/goias.gov.br\/educacao\/wp-json\/wp\/v2\/pages"}],"about":[{"href":"https:\/\/goias.gov.br\/educacao\/wp-json\/wp\/v2\/types\/page"}],"author":[{"embeddable":true,"href":"https:\/\/goias.gov.br\/educacao\/wp-json\/wp\/v2\/users\/465"}],"replies":[{"embeddable":true,"href":"https:\/\/goias.gov.br\/educacao\/wp-json\/wp\/v2\/comments?post=100763"}],"version-history":[{"count":2,"href":"https:\/\/goias.gov.br\/educacao\/wp-json\/wp\/v2\/pages\/100763\/revisions"}],"predecessor-version":[{"id":665761,"href":"https:\/\/goias.gov.br\/educacao\/wp-json\/wp\/v2\/pages\/100763\/revisions\/665761"}],"wp:attachment":[{"href":"https:\/\/goias.gov.br\/educacao\/wp-json\/wp\/v2\/media?parent=100763"}],"curies":[{"name":"wp","href":"https:\/\/api.w.org\/{rel}","templated":true}]}}