

{"id":100760,"date":"2024-07-02T09:51:41","date_gmt":"2024-07-02T12:51:41","guid":{"rendered":"https:\/\/goias.gov.br\/educacao\/?page_id=100760"},"modified":"2026-01-30T08:45:01","modified_gmt":"2026-01-30T11:45:01","slug":"educacao-fisica-desporto-educa-2024","status":"publish","type":"page","link":"https:\/\/goias.gov.br\/educacao\/educacao-fisica-desporto-educa-2024\/","title":{"rendered":"Educa\u00e7\u00e3o F\u00edsica &#8211; Desporto Educa 2024"},"content":{"rendered":"\t\t<div data-elementor-type=\"wp-page\" data-elementor-id=\"100760\" class=\"elementor elementor-100760\">\n\t\t\t\t<div class=\"elementor-element elementor-element-2e44e65 e-flex e-con-boxed e-con e-parent\" data-id=\"2e44e65\" data-element_type=\"container\" data-e-type=\"container\">\n\t\t\t\t\t<div class=\"e-con-inner\">\n\t\t\t\t<div class=\"elementor-element elementor-element-37fd600 elementor-widget elementor-widget-image\" data-id=\"37fd600\" data-element_type=\"widget\" data-e-type=\"widget\" data-widget_type=\"image.default\">\n\t\t\t\t\t\t\t\t\t\t\t\t\t\t\t<img decoding=\"async\" src=\"https:\/\/goias.gov.br\/educacao\/wp-content\/uploads\/sites\/40\/2024\/07\/banner-01-pag.-processo-seletivo-interno-scaled-1.jpg\" title=\"\" alt=\"\" loading=\"lazy\" \/>\t\t\t\t\t\t\t\t\t\t\t\t\t\t\t<\/div>\n\t\t\t\t<div class=\"elementor-element elementor-element-49ecde7 elementor-widget elementor-widget-text-editor\" data-id=\"49ecde7\" data-element_type=\"widget\" data-e-type=\"widget\" data-widget_type=\"text-editor.default\">\n\t\t\t\t\t\t\t\t\t<ul><li>Cronograma \u2013 Processo Seletivo Simplificado \u2013 SECRETARIA DE ESTADO DA EDUCA\u00c7\u00c3O<\/li><li><a href=\"https:\/\/goias.gov.br\/educacao\/wp-content\/uploads\/sites\/40\/files\/ProcessoSeletivoInterno\/Educacaofisica\/CronogramaEditalRetificado01.pdf\" target=\"_blank\" rel=\"noopener noreferrer\" data-cke-saved-href=\"https:\/\/goias.gov.br\/educacao\/wp-content\/uploads\/sites\/40\/files\/ProcessoSeletivoInterno\/Educacaofisica\/CronogramaEditalRetificado01.pdf\">Retifica\u00e7\u00e3o 001 do Edital &#8211; Cronograma<\/a><\/li><li><a href=\"https:\/\/goias.gov.br\/educacao\/wp-content\/uploads\/sites\/40\/files\/ProcessoSeletivoInterno\/Educacaofisica\/AnexoIRequerimentodeInscricao.pdf\" target=\"_blank\" rel=\"noopener noreferrer\" data-cke-saved-href=\"https:\/\/goias.gov.br\/educacao\/wp-content\/uploads\/sites\/40\/files\/ProcessoSeletivoInterno\/Educacaofisica\/AnexoIRequerimentodeInscricao.pdf\">Requerimento de Inscri\u00e7\u00e3o &#8211; Anexo I<\/a><\/li><li><a href=\"https:\/\/goias.gov.br\/educacao\/wp-content\/uploads\/sites\/40\/files\/ProcessoSeletivoInterno\/Educacaofisica\/AnexoIIFormulariodeReservadeVagaparaPessoascomDeficiencia.pdf\" target=\"_blank\" rel=\"noopener noreferrer\" data-cke-saved-href=\"https:\/\/goias.gov.br\/educacao\/wp-content\/uploads\/sites\/40\/files\/ProcessoSeletivoInterno\/Educacaofisica\/AnexoIIFormulariodeReservadeVagaparaPessoascomDeficiencia.pdf\">Formul\u00e1rio de Reserva de Vaga para Pessoas com Defici\u00eancia &#8211;\u00a0Anexo II<\/a><\/li><li><a href=\"https:\/\/goias.gov.br\/educacao\/wp-content\/uploads\/sites\/40\/files\/ProcessoSeletivoInterno\/Educacaofisica\/AnexoIIIFormulariodeReservadeVagaparaRecemFormados.pdf\" target=\"_blank\" rel=\"noopener noreferrer\" data-cke-saved-href=\"https:\/\/goias.gov.br\/educacao\/wp-content\/uploads\/sites\/40\/files\/ProcessoSeletivoInterno\/Educacaofisica\/AnexoIIIFormulariodeReservadeVagaparaRecemFormados.pdf\">Formul\u00e1rio de Reserva de Vaga para Rec\u00e9m Formados &#8211;\u00a0AnexoIII<\/a><\/li><li>Edital Retificado<\/li><li><a href=\"https:\/\/goias.gov.br\/educacao\/wp-content\/uploads\/sites\/40\/files\/ProcessoSeletivoInterno\/Educacaofisica\/AtadosrecursosdeimpugnacaoaoEdital.pdf\" target=\"_blank\" rel=\"noopener noreferrer\" data-cke-saved-href=\"https:\/\/goias.gov.br\/educacao\/wp-content\/uploads\/sites\/40\/files\/ProcessoSeletivoInterno\/Educacaofisica\/AtadosrecursosdeimpugnacaoaoEdital.pdf\">Ata dos Recursos de Impugna\u00e7\u00e3o ao Edital<\/a><\/li><li><a href=\"https:\/\/goias.gov.br\/educacao\/wp-content\/uploads\/sites\/40\/files\/DesportoEduca\/2023\/Retificacao002.pdf\" target=\"_blank\" rel=\"noopener noreferrer\" data-cke-saved-href=\"https:\/\/goias.gov.br\/educacao\/wp-content\/uploads\/sites\/40\/files\/DesportoEduca\/2023\/Retificacao002.pdf\">Retifica\u00e7\u00e3o 002<\/a><\/li><li><a href=\"https:\/\/goias.gov.br\/educacao\/wp-content\/uploads\/sites\/40\/files\/DesportoEduca\/2023\/Edital0042023SDEAESEDUCAposRetificacao002.pdf\" target=\"_blank\" rel=\"noopener noreferrer\" data-cke-saved-href=\"https:\/\/goias.gov.br\/educacao\/wp-content\/uploads\/sites\/40\/files\/DesportoEduca\/2023\/Edital0042023SDEAESEDUCAposRetificacao002.pdf\">Edital 004 2023 &#8211; SDEAE SEDUC &#8211; Ap\u00f3s Retifica\u00e7\u00e3o 002<\/a><\/li><li><a href=\"https:\/\/goias.gov.br\/educacao\/wp-content\/uploads\/sites\/40\/files\/DesportoEduca\/2023\/ResultadoPreliminarDasInscricoesDeferidasEIndeferidas.pdf\" target=\"_blank\" rel=\"noopener noreferrer\" data-cke-saved-href=\"https:\/\/goias.gov.br\/wp-content\/uploads\/sites\/40\/files\/DesportoEduca\/2023\/ResultadoPreliminarDasInscricoesDeferidasEIndeferidas.pdf\">Resultado Preliminar das Inscri\u00e7\u00f5es Deferidas e Indeferidas<\/a><\/li><li><a href=\"https:\/\/goias.gov.br\/educacao\/wp-content\/uploads\/sites\/40\/files\/ProcessoSeletivoInterno\/Educacaofisica\/ResultadopreliminardasinscricoesDeferidaseIndeferidasRETIFICADOem26092023.pdf\" target=\"_blank\" rel=\"noopener noreferrer\" data-cke-saved-href=\"https:\/\/goias.gov.br\/educacao\/wp-content\/uploads\/sites\/40\/files\/ProcessoSeletivoInterno\/Educacaofisica\/ResultadopreliminardasinscricoesDeferidaseIndeferidasRETIFICADOem26092023.pdf\">Resultado preliminar das inscri\u00e7\u00f5es Deferidas e Indeferidas RETIFICADO em 26 09 2023<\/a><\/li><li><a href=\"https:\/\/goias.gov.br\/educacao\/wp-content\/uploads\/sites\/40\/files\/DesportoEduca\/2023\/AtadedecisaodosRecursoscontraoResultadoPreliminardasInscricoesesolicitacaodevagasparaPCDeRecemformado.pdf\" target=\"_blank\" rel=\"noopener noreferrer\" data-cke-saved-href=\"\/educacao\/wp-content\/uploads\/sites\/40\/files\/DesportoEduca\/2023\/AtadedecisaodosRecursoscontraoResultadoPreliminardasInscricoesesolicitacaodevagasparaPCDeRecemformado.pdf\">Ata de decis\u00e3o dos Recursos contra o Resultado Preliminar das Inscri\u00e7\u00f5es e solicita\u00e7\u00e3o de vagas para PCD e R\u00e9cem-formado<\/a><\/li><li><a href=\"https:\/\/goias.gov.br\/educacao\/wp-content\/uploads\/sites\/40\/files\/DesportoEduca\/resultadofinal.pdf\" target=\"_blank\" rel=\"noopener noreferrer\" data-cke-saved-href=\"https:\/\/goias.gov.br\/educacao\/wp-content\/uploads\/sites\/40\/files\/DesportoEduca\/resultadofinal.pdf\">Resultado Final das inscri\u00e7\u00f5es\u00a0<\/a><\/li><li><a href=\"https:\/\/goias.gov.br\/educacao\/wp-content\/uploads\/sites\/40\/files\/DesportoEduca\/2023\/PontuacaoGeral-Publicacao.pdf\" target=\"_blank\" rel=\"noopener noreferrer\" data-cke-saved-href=\"https:\/\/goias.gov.br\/educacao\/wp-content\/uploads\/sites\/40\/files\/DesportoEduca\/2023\/PontuacaoGeral-Publicacao.pdf\">Pontua\u00e7\u00e3o Geral &#8211; Publica\u00e7\u00e3o<\/a><\/li><li><a href=\"https:\/\/goias.gov.br\/educacao\/wp-content\/uploads\/sites\/40\/files\/ProcessoSeletivoInterno\/Educacaofisica\/Resultadopreliminardaanalisededocumentos.pdf\" target=\"_blank\" rel=\"noopener noreferrer\" data-cke-saved-href=\"\/educacao\/wp-content\/uploads\/sites\/40\/files\/ProcessoSeletivoInterno\/Educacaofisica\/Resultadopreliminardaanalisededocumentos.pdf\">Resultado preliminar da an\u00e1lise de documentos<\/a><\/li><li><a href=\"https:\/\/goias.gov.br\/educacao\/wp-content\/uploads\/sites\/40\/files\/ProcessoSeletivoSimplificado\/ResultadopreliminardaanalisededocumentosRETIFICADO.pdf\" target=\"_blank\" rel=\"noopener noreferrer\" data-cke-saved-href=\"\/educacao\/wp-content\/uploads\/sites\/40\/files\/ProcessoSeletivoSimplificado\/ResultadopreliminardaanalisededocumentosRETIFICADO.pdf\">Resultado preliminar da an\u00e1lise de documentos &#8211; RETIFICADO<\/a><\/li><li><a href=\"https:\/\/goias.gov.br\/educacao\/wp-content\/uploads\/sites\/40\/files\/ProcessoSeletivoInterno\/Educacaofisica\/PontuacaoGeralAposretificacao.pdf\" target=\"_blank\" rel=\"noopener noreferrer\" data-cke-saved-href=\"https:\/\/goias.gov.br\/educacao\/wp-content\/uploads\/sites\/40\/files\/ProcessoSeletivoInterno\/Educacaofisica\/PontuacaoGeralAposretificacao.pdf\">Pontua\u00e7\u00e3o Geral &#8211; Ap\u00f3s retifica\u00e7\u00e3o<\/a><\/li><li><a href=\"https:\/\/goias.gov.br\/educacao\/wp-content\/uploads\/sites\/40\/files\/ProcessoSeletivoInterno\/Educacaofisica\/ResultadopreliminardaanalisededocumentosRETIFICADO2.pdf\" target=\"_blank\" rel=\"noopener noreferrer\" data-cke-saved-href=\"https:\/\/goias.gov.br\/educacao\/wp-content\/uploads\/sites\/40\/files\/ProcessoSeletivoInterno\/Educacaofisica\/ResultadopreliminardaanalisededocumentosRETIFICADO2.pdf\">Resultado preliminar da an\u00e1lise de documentos &#8211; RETIFICADO<\/a><\/li><li><a href=\"https:\/\/goias.gov.br\/educacao\/wp-content\/uploads\/sites\/40\/files\/docs\/desporto-educa-2024\/Resultadodefinitivodaan%C3%A1lisededocumentos.pdf\" target=\"_blank\" rel=\"noopener noreferrer\" data-cke-saved-href=\"https:\/\/goias.gov.br\/educacao\/wp-content\/uploads\/sites\/40\/files\/docs\/desporto-educa-2024\/Resultadodefinitivodaan\u00e1lisededocumentos.pdf\">Resultado definitivo da an\u00e1lise de documentos<\/a><\/li><li><a href=\"https:\/\/goias.gov.br\/educacao\/wp-content\/uploads\/sites\/40\/files\/docs\/desporto-educa-2024\/Atadedecis%C3%A3odeRecursoscontraan%C3%A1lisededocumentos.pdf\" target=\"_blank\" rel=\"noopener noreferrer\" data-cke-saved-href=\"https:\/\/goias.gov.br\/educacao\/wp-content\/uploads\/sites\/40\/files\/docs\/desporto-educa-2024\/Atadedecis\u00e3odeRecursoscontraan\u00e1lisededocumentos.pdf\">Ata de decis\u00e3o de recursos contra a an\u00e1lise de documentos<\/a><\/li><li><a href=\"https:\/\/goias.gov.br\/educacao\/wp-content\/uploads\/sites\/40\/files\/docs\/COMUNICADOAvaliacaoporquipeultiprofissional.pdf\" target=\"_blank\" rel=\"noopener noreferrer\" data-cke-saved-href=\"https:\/\/goias.gov.br\/educacao\/wp-content\/uploads\/sites\/40\/files\/docs\/COMUNICADOAvaliacaoporquipeultiprofissional.pdf\">Avalia\u00e7\u00e3o por Equipe Multiprofissional &#8211; COMUNICADO<\/a><\/li><li><a href=\"https:\/\/goias.gov.br\/educacao\/wp-content\/uploads\/sites\/40\/files\/docs\/COMUNICADONovoCronogramaGoi%C3%A2nia.pdf\" target=\"_blank\" rel=\"noopener noreferrer\" data-cke-saved-href=\"\/educacao\/wp-content\/uploads\/sites\/40\/files\/docs\/COMUNICADONovoCronogramaGoi%C3%A2nia.pdf\">Novo Cronograma Goi\u00e2nia 2 &#8211;\u00a0COMUNICADO<\/a><\/li><li><a href=\"https:\/\/goias.gov.br\/educacao\/wp-content\/uploads\/sites\/40\/files\/ProcessoSeletivoInterno\/Educacaofisica\/Resultadopreliminardocertame.pdf\" target=\"_blank\" rel=\"noopener noreferrer\" data-cke-saved-href=\"\/educacao\/wp-content\/uploads\/sites\/40\/files\/ProcessoSeletivoInterno\/Educacaofisica\/Resultadopreliminardocertame.pdf\">Resultado preliminar do certame<\/a><\/li><li><a href=\"https:\/\/goias.gov.br\/educacao\/wp-content\/uploads\/sites\/40\/files\/ProcessoSeletivoInterno\/Educacaofisica\/ResultadopreliminardasinscricoesCREGOIANIA.pdf\" target=\"_blank\" rel=\"noopener noreferrer\">Resultado preliminar das inscri\u00e7\u00f5es &#8211; CRE GOI\u00c2NIA<\/a><\/li><li><a href=\"https:\/\/goias.gov.br\/educacao\/wp-content\/uploads\/sites\/40\/files\/ProcessoSeletivoInterno\/Educacaofisica\/AtadedecisaodosRecursoscontraoResultadoPreliminardoCertame.pdf\" target=\"_blank\" rel=\"noopener noreferrer\">Ata de decis\u00e3o dos Recursos contra o Resultado Preliminar do Certame<\/a><\/li><li>Resultado Definitivo do Certame<\/li><li><a id=\"\" href=\"https:\/\/goias.gov.br\/educacao\/wp-content\/uploads\/sites\/40\/files\/docs\/desporto-educa-2024\/ResultadoDefinitivodoCertameRETIFICADO.pdf\" target=\"_blank\" rel=\"noopener noreferrer\">Resultado Definitivo do Certame RETIFICADO<\/a><\/li><li><a href=\"https:\/\/goias.gov.br\/educacao\/wp-content\/uploads\/sites\/40\/files\/ProcessoSeletivoInterno\/Educacaofisica\/ResultadoDefinitivodoCertame.pdf\" target=\"_blank\" rel=\"noopener noreferrer\">Resultado Definitivo das Inscri\u00e7oes CRE-GOIANIA\u00a0<\/a><\/li><li><a href=\"https:\/\/goias.gov.br\/educacao\/wp-content\/uploads\/sites\/40\/files\/ProcessoSeletivoInterno\/Educacaofisica\/AtadedecisaodosRecursoscontraoResultadoPreliminardasInscricaesCREGOIANIA.pdf\" target=\"_blank\" rel=\"noopener noreferrer\">Ata de decis\u00e3o dos Recursos contra o Resultado Preliminar das Inscri\u00e7\u00f5es CRE-GOIANIA<\/a><\/li><li><a href=\"https:\/\/goias.gov.br\/educacao\/wp-content\/uploads\/sites\/40\/files\/ProcessoSeletivoInterno\/Educacaofisica\/PontuacaoGeralCREGOIANIA.pdf\" target=\"_blank\" rel=\"noopener noreferrer\">Pontua\u00e7\u00e3o Geral CRE &#8211; GOIANIA\u00a0<\/a><\/li><li><a href=\"https:\/\/goias.gov.br\/educacao\/wp-content\/uploads\/sites\/40\/files\/ProcessoSeletivoInterno\/Educacaofisica\/ResultadopreliminardaanalisededocumentosCREGOIANIA.pdf\" target=\"_blank\" rel=\"noopener noreferrer\">Resultado preliminar da an\u00e1lise de documentos &#8211; CRE GOI\u00c2NIA<\/a><\/li><li><a href=\"https:\/\/goias.gov.br\/educacao\/wp-content\/uploads\/sites\/40\/files\/ProcessoSeletivoInterno\/Educacaofisica\/AtadedecisaodeRecursoscontraanalisededocumentosRETIFICADA.pdf\" target=\"_blank\" rel=\"noopener noreferrer\">Ata de decis\u00e3o de Recursos contra an\u00e1lise de documentos &#8211; RETIFICADA<\/a><\/li><li><a href=\"https:\/\/goias.gov.br\/educacao\/wp-content\/uploads\/sites\/40\/files\/ProcessoSeletivoInterno\/Educacaofisica\/Resultadodefinitivodaanalisededocumentos%20CREANAPOLISRETIFICADO.pdf\" target=\"_blank\" rel=\"noopener noreferrer\">Resultado definitivo da an\u00e1lise de documentos &#8211; CRE AN\u00c1POLIS &#8211; RETIFICADO<\/a><\/li><li><a href=\"https:\/\/goias.gov.br\/educacao\/wp-content\/uploads\/sites\/40\/files\/docs\/Ata-de-decisao-de-Recursos-contra-analise-de-documentos-CRE-GOIANIA.pdf\" target=\"_blank\" rel=\"noopener noreferrer\">Ata de decis\u00e3o de Recursos contra an\u00e1lise de documentos &#8211; CRE GOI\u00c2NIA<\/a><\/li><li><a href=\"https:\/\/goias.gov.br\/educacao\/wp-content\/uploads\/sites\/40\/files\/docs\/Resultado-definitivo-da-analise-de-documentos-CRE-Goiania.pdf\" target=\"_blank\" rel=\"noopener noreferrer\">Resultado definitivo da an\u00e1lise de documentos &#8211; CRE Goi\u00e2nia<\/a><\/li><li><a href=\"https:\/\/goias.gov.br\/educacao\/wp-content\/uploads\/sites\/40\/files\/ProcessoSeletivoInterno\/Educacaofisica\/ConvocacaodoscandidatoscomPCDparaavaliacaoporEquipeMultiprofissional.pdf\" target=\"_blank\" rel=\"noopener noreferrer\">Convoca\u00e7\u00e3o dos candidatos com PCD para avalia\u00e7\u00e3o por Equipe Multiprofissional<\/a><\/li><li><a href=\"https:\/\/goias.gov.br\/educacao\/wp-content\/uploads\/sites\/40\/files\/Resultado%20Preliminar%20do%20Desporto%20Educa\/resultado_preliminar_da_avaliacao_pela_equipe_multiprofissional.pdf\" target=\"_blank\" rel=\"noopener noreferrer\">Resultado preliminar da avalia\u00e7\u00e3o por Equipe Multiprofissional<\/a><\/li><li><a href=\"https:\/\/goias.gov.br\/educacao\/wp-content\/uploads\/sites\/40\/files\/ProcessoSeletivoInterno\/Educacaofisica\/ResultadopreliminardaanalisededocumentosCREITAPACIRETIFICADO.pdf\" target=\"_blank\" rel=\"noopener noreferrer\">Resultado preliminar da an\u00e1lise de documentos &#8211; CRE ITAPACI &#8211; RETIFICADO<\/a><\/li><li><a href=\"https:\/\/goias.gov.br\/educacao\/wp-content\/uploads\/sites\/40\/files\/docs\/desporto-educa-2024\/Resultado_definitivo_da_analise_de_documentos-CRE_Itapaci-RETIFICADO_2.pdf\" target=\"_blank\" rel=\"noopener noreferrer\">Resultado preliminar da an\u00e1lise de documentos &#8211; CRE ITAPACI &#8211; RETIFICADO 2<\/a><\/li><li><a href=\"https:\/\/goias.gov.br\/educacao\/wp-content\/uploads\/sites\/40\/files\/ProcessoSeletivoInterno\/Educacaofisica\/ResultadodefinitivodaanalisededocumentosCREItapaci%20RETIFICADO.pdf\" target=\"_blank\" rel=\"noopener noreferrer\">Resultado definitivo da an\u00e1lise de documentos &#8211; CRE Itapaci &#8211; RETIFICADO<\/a><\/li><li><a href=\"https:\/\/goias.gov.br\/educacao\/wp-content\/uploads\/sites\/40\/files\/ProcessoSeletivoInterno\/Educacaofisica\/ResultadodefinitivodaavaliacaopelaEquipeMultiprofissional.pdf\" target=\"_blank\" rel=\"noopener noreferrer\">Resultado definitivo da avalia\u00e7\u00e3o pela Equipe Multiprofissional<\/a><\/li><li><a href=\"https:\/\/goias.gov.br\/educacao\/wp-content\/uploads\/sites\/40\/files\/docs\/Resultado-preliminar-do-certame-CRE-AN%C3%81POLIS-RETIFICADO.pdf\" target=\"_blank\" rel=\"noopener noreferrer\">05\/02\/2024 &#8211;\u00a0Resultado preliminar do certame &#8211; CRE AN\u00c1POLIS &#8211; RETIFICADO<\/a><\/li><li><a href=\"https:\/\/goias.gov.br\/educacao\/wp-content\/uploads\/sites\/40\/files\/docs\/Resultado-preliminar-do-certame-CRE-GOI%C3%82NIA.pdf\" target=\"_blank\" rel=\"noopener noreferrer\">05\/02\/2024 &#8211;\u00a0Resultado preliminar do certame &#8211; CRE GOI\u00c2NIA<\/a><\/li><li><a href=\"https:\/\/goias.gov.br\/educacao\/wp-content\/uploads\/sites\/40\/files\/docs\/Resultado-preliminar-do-certame-CRE-Itapaci-RETIFICADO.pdf\" target=\"_blank\" rel=\"noopener noreferrer\">05\/02\/2024 &#8211;\u00a0Resultado preliminar do certame &#8211; CRE Itapaci &#8211; RETIFICADO<\/a><\/li><li><a href=\"https:\/\/goias.gov.br\/educacao\/wp-content\/uploads\/sites\/40\/files\/ProcessoSeletivoInterno\/Resultado%20preliminar%20do%20certame%20-%20CRE%20ANA%CC%81POLIS%20-%20RETIFICADO%203.pdf\" target=\"_blank\" rel=\"noopener noreferrer\">06\/02\/2024 &#8211; Resultado preliminar do certame &#8211; CRE ANA\u0301POLIS &#8211; RETIFICADO 3<\/a><\/li><\/ul>\t\t\t\t\t\t\t\t<\/div>\n\t\t\t\t\t<\/div>\n\t\t\t\t<\/div>\n\t\t\t\t<\/div>\n\t\t","protected":false},"excerpt":{"rendered":"<p>Cronograma \u2013 Processo Seletivo Simplificado \u2013 SECRETARIA DE ESTADO DA EDUCA\u00c7\u00c3O Retifica\u00e7\u00e3o 001 do Edital &#8211; Cronograma Requerimento de Inscri\u00e7\u00e3o &#8211; Anexo I Formul\u00e1rio de Reserva de Vaga para Pessoas com Defici\u00eancia &#8211;\u00a0Anexo II Formul\u00e1rio de Reserva de Vaga para Rec\u00e9m Formados &#8211;\u00a0AnexoIII Edital Retificado Ata dos Recursos de Impugna\u00e7\u00e3o ao Edital Retifica\u00e7\u00e3o 002 Edital [&hellip;]<\/p>\n","protected":false},"author":465,"featured_media":0,"parent":0,"menu_order":0,"comment_status":"closed","ping_status":"closed","template":"","meta":{"footnotes":""},"class_list":["post-100760","page","type-page","status-publish","hentry"],"rttpg_featured_image_url":null,"rttpg_author":{"display_name":"laysmendes","author_link":"https:\/\/goias.gov.br\/educacao\/author\/laysmendes\/"},"rttpg_comment":0,"rttpg_category":null,"rttpg_excerpt":"Cronograma \u2013 Processo Seletivo Simplificado \u2013 SECRETARIA DE ESTADO DA EDUCA\u00c7\u00c3O Retifica\u00e7\u00e3o 001 do Edital &#8211; Cronograma Requerimento de Inscri\u00e7\u00e3o &#8211; Anexo I Formul\u00e1rio de Reserva de Vaga para Pessoas com Defici\u00eancia &#8211;\u00a0Anexo II Formul\u00e1rio de Reserva de Vaga para Rec\u00e9m Formados &#8211;\u00a0AnexoIII Edital Retificado Ata dos Recursos de Impugna\u00e7\u00e3o ao Edital Retifica\u00e7\u00e3o 002 Edital&hellip;","_links":{"self":[{"href":"https:\/\/goias.gov.br\/educacao\/wp-json\/wp\/v2\/pages\/100760","targetHints":{"allow":["GET"]}}],"collection":[{"href":"https:\/\/goias.gov.br\/educacao\/wp-json\/wp\/v2\/pages"}],"about":[{"href":"https:\/\/goias.gov.br\/educacao\/wp-json\/wp\/v2\/types\/page"}],"author":[{"embeddable":true,"href":"https:\/\/goias.gov.br\/educacao\/wp-json\/wp\/v2\/users\/465"}],"replies":[{"embeddable":true,"href":"https:\/\/goias.gov.br\/educacao\/wp-json\/wp\/v2\/comments?post=100760"}],"version-history":[{"count":3,"href":"https:\/\/goias.gov.br\/educacao\/wp-json\/wp\/v2\/pages\/100760\/revisions"}],"predecessor-version":[{"id":675904,"href":"https:\/\/goias.gov.br\/educacao\/wp-json\/wp\/v2\/pages\/100760\/revisions\/675904"}],"wp:attachment":[{"href":"https:\/\/goias.gov.br\/educacao\/wp-json\/wp\/v2\/media?parent=100760"}],"curies":[{"name":"wp","href":"https:\/\/api.w.org\/{rel}","templated":true}]}}